{"id":13365,"date":"2020-08-18T09:23:56","date_gmt":"2020-08-18T09:23:56","guid":{"rendered":"https:\/\/redfoxlotto.com\/?page_id=13365"},"modified":"2023-05-15T14:28:38","modified_gmt":"2023-05-15T14:28:38","slug":"lotto-6aus49","status":"publish","type":"page","link":"https:\/\/redfoxlotto.com\/da\/resultater\/lotto-6aus49\/","title":{"rendered":"Tyske Lotto-resultater"},"content":{"rendered":"<h2 class=\"wp-block-heading\">Tysk Lotto 6aus49 vindende numre<\/h2><p><img loading=\"lazy\" decoding=\"async\" class=\" wp-image alignright\" src=\"https:\/\/content.redfoxlotto.com\/uploads\/sites\/9\/1_draw_results_lotto2.jpg\" alt=\"lotto resultater Tyskland\" width=\"248\" height=\"118\" \/><\/p><p>Hvis du har spillet den tyske Lotto, vil du vide, om du har vundet noget, og det betyder, at du er n\u00f8dt til at kende de vindende numre. Eller hvis du vil spille nogle af de numre, der har vundet for nylig eller hyppigst, skal du vide, hvad disse tal er, men hvordan kontrollerer du tyske Lotto 6aus49 vindende numre?<\/p><h2 class=\"wp-block-heading\">Kontrol af de seneste resultater<\/h2><p>Du kan tjekke de seneste resultater for dette lotto-spil direkte online, og du kan ogs\u00e5 g\u00f8re det fra RedFoxLotto.com. Alt du skal g\u00f8re er at bes\u00f8ge hjemmesiden, og du vil kunne se vindertallene for alle dine yndlingsspil.<\/p><p>Hvis du faktisk har spillet dette spil (eller andre), kan du logge ind p\u00e5 din konto for at kontrollere de vindende numre der, og det er s\u00e5dan, du finder ud af, om du har vundet noget.<\/p><h2 class=\"wp-block-heading\">Vandt du?<\/h2><p><img loading=\"lazy\" decoding=\"async\" class=\" wp-image alignright\" src=\"https:\/\/content.redfoxlotto.com\/uploads\/sites\/9\/1_win_lottery_prizes.jpg\" alt=\"vind lotteri\" width=\"273\" height=\"182\" \/><\/p><p>Hvis du spillede et af lotto-spilene p\u00e5 vores side, og du vandt, ved du det straks, fordi du kan logge ind p\u00e5 din konto og se de vindende numre sammenlignet med din egen. Dine matchende numre vil alle blive fremh\u00e6vet, s\u00e5 du kan se dem. Og dine gevinster inds\u00e6ttes ogs\u00e5 automatisk p\u00e5 din konto.<\/p><h2 class=\"wp-block-heading\">Kontrol af gamle numre<\/h2><p>Hvis du vil vide nogle af de tyske Lotto 6aus49 vindende numre fra f\u00f8r, kan du tjekke resultatarkivet. Du finder gamle numre, som du kan bruge til alt, hvad du vil.<\/p>","protected":false},"excerpt":{"rendered":"<p>Tysk Lotto 6aus49 vindende numre Hvis du har spillet den tyske Lotto, vil du vide, om du har vundet noget, og det betyder, at du er n\u00f8dt til at kende de vindende numre. Eller hvis du vil spille nogle af de numre, der har vundet for nylig eller hyppigst, skal du vide, hvad disse tal [&hellip;]<\/p>\n","protected":false},"author":1,"featured_media":0,"parent":5010,"menu_order":15,"comment_status":"closed","ping_status":"closed","template":"lotto-german-results.php","meta":{"_et_pb_use_builder":"","_et_pb_old_content":"","_et_gb_content_width":"","exclude_from_search":false,"footnotes":""},"class_list":["post-13365","page","type-page","status-publish","hentry"],"yoast_head":"<!-- This site is optimized with the Yoast SEO plugin v23.8 - https:\/\/yoast.com\/wordpress\/plugins\/seo\/ -->\n<title>Tyske lotto-tr\u00e6kresultater og vindende antal kombinationer plus arkiv<\/title>\n<meta name=\"description\" content=\"Har du valgt de vindende numre for den tyske Lotto? Tjek lodtresultaterne p\u00e5 vores hjemmeside\" \/>\n<meta name=\"robots\" content=\"index, follow, max-snippet:-1, max-image-preview:large, max-video-preview:-1\" \/>\n<link rel=\"canonical\" href=\"https:\/\/redfoxlotto.com\/da\/resultater\/lotto-6aus49\/\" \/>\n<meta property=\"og:locale\" content=\"da_DK\" \/>\n<meta property=\"og:type\" content=\"article\" \/>\n<meta property=\"og:title\" content=\"Tyske lotto-tr\u00e6kresultater og vindende antal kombinationer plus arkiv\" \/>\n<meta property=\"og:description\" content=\"Har du valgt de vindende numre for den tyske Lotto? Tjek lodtresultaterne p\u00e5 vores hjemmeside\" \/>\n<meta property=\"og:url\" content=\"https:\/\/redfoxlotto.com\/da\/resultater\/lotto-6aus49\/\" \/>\n<meta property=\"og:site_name\" content=\"Get Tickets for the World\u2019s largest jackpots\" \/>\n<meta property=\"article:modified_time\" content=\"2023-05-15T14:28:38+00:00\" \/>\n<meta property=\"og:image\" content=\"https:\/\/content.redfoxlotto.com\/uploads\/sites\/9\/1_draw_results_lotto2.jpg\" \/>\n<meta name=\"twitter:card\" content=\"summary_large_image\" \/>\n<meta name=\"twitter:label1\" content=\"Estimeret l\u00e6setid\" \/>\n\t<meta name=\"twitter:data1\" content=\"2 minutter\" \/>\n<script type=\"application\/ld+json\" class=\"yoast-schema-graph\">{\"@context\":\"https:\/\/schema.org\",\"@graph\":[{\"@type\":\"WebPage\",\"@id\":\"https:\/\/redfoxlotto.com\/da\/resultater\/lotto-6aus49\/\",\"url\":\"https:\/\/redfoxlotto.com\/da\/resultater\/lotto-6aus49\/\",\"name\":\"Tyske lotto-tr\u00e6kresultater og vindende antal kombinationer plus arkiv\",\"isPartOf\":{\"@id\":\"https:\/\/redfoxlotto.com\/da\/#website\"},\"primaryImageOfPage\":{\"@id\":\"https:\/\/redfoxlotto.com\/da\/resultater\/lotto-6aus49\/#primaryimage\"},\"image\":{\"@id\":\"https:\/\/redfoxlotto.com\/da\/resultater\/lotto-6aus49\/#primaryimage\"},\"thumbnailUrl\":\"https:\/\/content.redfoxlotto.com\/uploads\/sites\/9\/1_draw_results_lotto2.jpg\",\"datePublished\":\"2020-08-18T09:23:56+00:00\",\"dateModified\":\"2023-05-15T14:28:38+00:00\",\"description\":\"Har du valgt de vindende numre for den tyske Lotto? Tjek lodtresultaterne p\u00e5 vores hjemmeside\",\"breadcrumb\":{\"@id\":\"https:\/\/redfoxlotto.com\/da\/resultater\/lotto-6aus49\/#breadcrumb\"},\"inLanguage\":\"da-DK\",\"potentialAction\":[{\"@type\":\"ReadAction\",\"target\":[\"https:\/\/redfoxlotto.com\/da\/resultater\/lotto-6aus49\/\"]}]},{\"@type\":\"ImageObject\",\"inLanguage\":\"da-DK\",\"@id\":\"https:\/\/redfoxlotto.com\/da\/resultater\/lotto-6aus49\/#primaryimage\",\"url\":\"https:\/\/content.redfoxlotto.com\/uploads\/sites\/9\/1_draw_results_lotto2.jpg\",\"contentUrl\":\"https:\/\/content.redfoxlotto.com\/uploads\/sites\/9\/1_draw_results_lotto2.jpg\"},{\"@type\":\"BreadcrumbList\",\"@id\":\"https:\/\/redfoxlotto.com\/da\/resultater\/lotto-6aus49\/#breadcrumb\",\"itemListElement\":[{\"@type\":\"ListItem\",\"position\":1,\"name\":\"Home\",\"item\":\"https:\/\/redfoxlotto.com\/da\/\"},{\"@type\":\"ListItem\",\"position\":2,\"name\":\"Internationale lottoresultater\",\"item\":\"https:\/\/redfoxlotto.com\/da\/resultater\/\"},{\"@type\":\"ListItem\",\"position\":3,\"name\":\"Tyske Lotto-resultater\"}]},{\"@type\":\"WebSite\",\"@id\":\"https:\/\/redfoxlotto.com\/da\/#website\",\"url\":\"https:\/\/redfoxlotto.com\/da\/\",\"name\":\"Get Tickets for the World\u2019s largest jackpots\",\"description\":\"Participate in worldwide lottery jackpots from any country\",\"publisher\":{\"@id\":\"https:\/\/redfoxlotto.com\/da\/#organization\"},\"potentialAction\":[{\"@type\":\"SearchAction\",\"target\":{\"@type\":\"EntryPoint\",\"urlTemplate\":\"https:\/\/redfoxlotto.com\/da\/?s={search_term_string}\"},\"query-input\":{\"@type\":\"PropertyValueSpecification\",\"valueRequired\":true,\"valueName\":\"search_term_string\"}}],\"inLanguage\":\"da-DK\"},{\"@type\":\"Organization\",\"@id\":\"https:\/\/redfoxlotto.com\/da\/#organization\",\"name\":\"Get Tickets for the World\u2019s largest jackpots\",\"url\":\"https:\/\/redfoxlotto.com\/da\/\",\"logo\":{\"@type\":\"ImageObject\",\"inLanguage\":\"da-DK\",\"@id\":\"https:\/\/redfoxlotto.com\/da\/#\/schema\/logo\/image\/\",\"url\":\"https:\/\/redfoxlotto.com\/wp-content\/uploads\/2023\/04\/logo.png\",\"contentUrl\":\"https:\/\/redfoxlotto.com\/wp-content\/uploads\/2023\/04\/logo.png\",\"width\":269,\"height\":53,\"caption\":\"Get Tickets for the World\u2019s largest jackpots\"},\"image\":{\"@id\":\"https:\/\/redfoxlotto.com\/da\/#\/schema\/logo\/image\/\"}}]}<\/script>\n<!-- \/ Yoast SEO plugin. -->","yoast_head_json":{"title":"Tyske lotto-tr\u00e6kresultater og vindende antal kombinationer plus arkiv","description":"Har du valgt de vindende numre for den tyske Lotto? Tjek lodtresultaterne p\u00e5 vores hjemmeside","robots":{"index":"index","follow":"follow","max-snippet":"max-snippet:-1","max-image-preview":"max-image-preview:large","max-video-preview":"max-video-preview:-1"},"canonical":"https:\/\/redfoxlotto.com\/da\/resultater\/lotto-6aus49\/","og_locale":"da_DK","og_type":"article","og_title":"Tyske lotto-tr\u00e6kresultater og vindende antal kombinationer plus arkiv","og_description":"Har du valgt de vindende numre for den tyske Lotto? Tjek lodtresultaterne p\u00e5 vores hjemmeside","og_url":"https:\/\/redfoxlotto.com\/da\/resultater\/lotto-6aus49\/","og_site_name":"Get Tickets for the World\u2019s largest jackpots","article_modified_time":"2023-05-15T14:28:38+00:00","og_image":[{"url":"https:\/\/content.redfoxlotto.com\/uploads\/sites\/9\/1_draw_results_lotto2.jpg"}],"twitter_card":"summary_large_image","twitter_misc":{"Estimeret l\u00e6setid":"2 minutter"},"schema":{"@context":"https:\/\/schema.org","@graph":[{"@type":"WebPage","@id":"https:\/\/redfoxlotto.com\/da\/resultater\/lotto-6aus49\/","url":"https:\/\/redfoxlotto.com\/da\/resultater\/lotto-6aus49\/","name":"Tyske lotto-tr\u00e6kresultater og vindende antal kombinationer plus arkiv","isPartOf":{"@id":"https:\/\/redfoxlotto.com\/da\/#website"},"primaryImageOfPage":{"@id":"https:\/\/redfoxlotto.com\/da\/resultater\/lotto-6aus49\/#primaryimage"},"image":{"@id":"https:\/\/redfoxlotto.com\/da\/resultater\/lotto-6aus49\/#primaryimage"},"thumbnailUrl":"https:\/\/content.redfoxlotto.com\/uploads\/sites\/9\/1_draw_results_lotto2.jpg","datePublished":"2020-08-18T09:23:56+00:00","dateModified":"2023-05-15T14:28:38+00:00","description":"Har du valgt de vindende numre for den tyske Lotto? Tjek lodtresultaterne p\u00e5 vores hjemmeside","breadcrumb":{"@id":"https:\/\/redfoxlotto.com\/da\/resultater\/lotto-6aus49\/#breadcrumb"},"inLanguage":"da-DK","potentialAction":[{"@type":"ReadAction","target":["https:\/\/redfoxlotto.com\/da\/resultater\/lotto-6aus49\/"]}]},{"@type":"ImageObject","inLanguage":"da-DK","@id":"https:\/\/redfoxlotto.com\/da\/resultater\/lotto-6aus49\/#primaryimage","url":"https:\/\/content.redfoxlotto.com\/uploads\/sites\/9\/1_draw_results_lotto2.jpg","contentUrl":"https:\/\/content.redfoxlotto.com\/uploads\/sites\/9\/1_draw_results_lotto2.jpg"},{"@type":"BreadcrumbList","@id":"https:\/\/redfoxlotto.com\/da\/resultater\/lotto-6aus49\/#breadcrumb","itemListElement":[{"@type":"ListItem","position":1,"name":"Home","item":"https:\/\/redfoxlotto.com\/da\/"},{"@type":"ListItem","position":2,"name":"Internationale lottoresultater","item":"https:\/\/redfoxlotto.com\/da\/resultater\/"},{"@type":"ListItem","position":3,"name":"Tyske Lotto-resultater"}]},{"@type":"WebSite","@id":"https:\/\/redfoxlotto.com\/da\/#website","url":"https:\/\/redfoxlotto.com\/da\/","name":"Get Tickets for the World\u2019s largest jackpots","description":"Participate in worldwide lottery jackpots from any country","publisher":{"@id":"https:\/\/redfoxlotto.com\/da\/#organization"},"potentialAction":[{"@type":"SearchAction","target":{"@type":"EntryPoint","urlTemplate":"https:\/\/redfoxlotto.com\/da\/?s={search_term_string}"},"query-input":{"@type":"PropertyValueSpecification","valueRequired":true,"valueName":"search_term_string"}}],"inLanguage":"da-DK"},{"@type":"Organization","@id":"https:\/\/redfoxlotto.com\/da\/#organization","name":"Get Tickets for the World\u2019s largest jackpots","url":"https:\/\/redfoxlotto.com\/da\/","logo":{"@type":"ImageObject","inLanguage":"da-DK","@id":"https:\/\/redfoxlotto.com\/da\/#\/schema\/logo\/image\/","url":"https:\/\/redfoxlotto.com\/wp-content\/uploads\/2023\/04\/logo.png","contentUrl":"https:\/\/redfoxlotto.com\/wp-content\/uploads\/2023\/04\/logo.png","width":269,"height":53,"caption":"Get Tickets for the World\u2019s largest jackpots"},"image":{"@id":"https:\/\/redfoxlotto.com\/da\/#\/schema\/logo\/image\/"}}]}},"_links":{"self":[{"href":"https:\/\/redfoxlotto.com\/da\/wp-json\/wp\/v2\/pages\/13365","targetHints":{"allow":["GET"]}}],"collection":[{"href":"https:\/\/redfoxlotto.com\/da\/wp-json\/wp\/v2\/pages"}],"about":[{"href":"https:\/\/redfoxlotto.com\/da\/wp-json\/wp\/v2\/types\/page"}],"author":[{"embeddable":true,"href":"https:\/\/redfoxlotto.com\/da\/wp-json\/wp\/v2\/users\/1"}],"replies":[{"embeddable":true,"href":"https:\/\/redfoxlotto.com\/da\/wp-json\/wp\/v2\/comments?post=13365"}],"version-history":[{"count":0,"href":"https:\/\/redfoxlotto.com\/da\/wp-json\/wp\/v2\/pages\/13365\/revisions"}],"up":[{"embeddable":true,"href":"https:\/\/redfoxlotto.com\/da\/wp-json\/wp\/v2\/pages\/5010"}],"wp:attachment":[{"href":"https:\/\/redfoxlotto.com\/da\/wp-json\/wp\/v2\/media?parent=13365"}],"curies":[{"name":"wp","href":"https:\/\/api.w.org\/{rel}","templated":true}]}}