{"id":13268,"date":"2023-04-24T18:07:24","date_gmt":"2023-04-24T18:07:24","guid":{"rendered":"https:\/\/redfoxlotto.com\/?page_id=13268"},"modified":"2025-12-11T09:11:30","modified_gmt":"2025-12-11T09:11:30","slug":"thunderball","status":"publish","type":"page","link":"https:\/\/redfoxlotto.com\/da\/spil\/thunderball\/","title":{"rendered":"Spil Thunderball Lotto online"},"content":{"rendered":"<script type=\"application\/ld+json\">\r\n{\r\n  \"@context\": \"https:\/\/schema.org\",\r\n  \"@type\": \"Service\",\r\n  \"name\": \"Thunderball Lotto online\",\r\n  \"url\": \"https:\/\/redfoxlotto.com\/da\/spil\/thunderball\/\",\r\n  \"description\": \"K\u00f8b officielle Thunderball Lotto-billetter online via RedFoxLotto. V\u00e6lg dine tal og deltag i den n\u00e6ste lodtr\u00e6kning.\",\r\n  \"serviceType\": \"Online lottery ticket purchase\",\r\n\r\n  \"provider\": {\r\n    \"@type\": \"Organization\",\r\n    \"name\": \"RedFoxLotto\",\r\n    \"url\": \"https:\/\/redfoxlotto.com\",\r\n    \"logo\": \"https:\/\/redfoxlotto.com\/wp-content\/uploads\/logo.png\"\r\n  },\r\n\r\n  \"areaServed\": \"Worldwide\",\r\n  \"termsOfService\": \"https:\/\/redfoxlotto.com\/terms-and-conditions\",\r\n\r\n  \"hasOfferCatalog\": {\r\n    \"@type\": \"OfferCatalog\",\r\n    \"name\": \"Thunderball Lotto Offers\",\r\n    \"itemListElement\": [\r\n      {\r\n        \"@type\": \"Offer\",\r\n        \"name\": \"Lotto Thunderball Lotto Ticket\",\r\n        \"url\": \"https:\/\/redfoxlotto.com\/da\/spil\/thunderball\/\",\r\n        \"description\": \"\u00c9n deltagelse i n\u00e6ste Thunderball Lotto-lodtr\u00e6kning.\",\r\n        \"price\": \"4.00\",\r\n        \"priceCurrency\": \"EUR\",\r\n        \"availability\": \"https:\/\/schema.org\/InStock\",\r\n\r\n        \"itemOffered\": {\r\n          \"@type\": \"Service\",\r\n          \"name\": \"Thunderball Lotto Lottery Entry\",\r\n          \"description\": \"Deltagelse i n\u00e6ste Thunderball Lotto-lodtr\u00e6kning via RedFoxLotto.\"\r\n        }\r\n      }\r\n    ]\r\n  },\r\n\r\n  \"mainEntityOfPage\": {\r\n    \"@type\": \"WebPage\",\r\n    \"@id\": \"https:\/\/redfoxlotto.com\/da\/spil\/thunderball\/\"\r\n  }\r\n}\r\n<\/script><p>Hvis du vil begynde at spille et helt nyt spil, skal du absolut se n\u00e6rmere p\u00e5 Thunderball. Du kan endda blive overrasket over, hvor meget sjov du har med denne og alle de muligheder, du f\u00e5r at v\u00e6lge. Det skyldes, at n\u00e5r du spiller Thunderball UK Lotto online, kan du endda v\u00e6lge de dage, du spiller.<\/p><h2 class=\"wp-block-heading\">S\u00e5dan spiller du Thunderball UK Lotto online<\/h2><p><img loading=\"lazy\" decoding=\"async\" class=\" wp-image alignright\" src=\"https:\/\/content.redfoxlotto.com\/uploads\/sites\/9\/1_play_online_lotto.jpg\" alt=\"spil tordenbold online\" width=\"250\" height=\"250\" \/><\/p><p>Med dette spil v\u00e6lger du fem regelm\u00e6ssige numre plus et bonusnummer. Hvert af de almindelige tal skal v\u00e6re mellem 1 og 39. Hvert af Thunderball-numrene skal v\u00e6re mellem 1 og 14. Eller du kan v\u00e6lge en Lucky Dip-billet, der automatisk genereres til dig.<\/p><p>N\u00e5r du har f\u00e5et dine numre, kan du v\u00e6lge, hvilke dage du vil have din billet til at v\u00e6re gyldig, og hvor l\u00e6nge. P\u00e5 den m\u00e5de f\u00e5r du s\u00e5 mange tegninger, som du vil.<\/p><h2 class=\"wp-block-heading\">Tjekker du de vindende numre<\/h2><p>N\u00e5r du har k\u00f8bt billetter, vil du gerne vide, om du har vundet noget, ikke? N\u00e5, det er lettere at finde ud af, end du m\u00e5ske tror. Alt du skal g\u00f8re er at tjekke de vindende numre online p\u00e5 dit yndlingssted. Ligesom RedFoxLotto.com.<br \/>Hvis du allerede har spillet spillet og har brug for at finde ud af, om du har vundet noget, er dette et endnu bedre sted at kontrollere, fordi du kan sammenligne dine egne numre ved at logge ind p\u00e5 din konto. Og faktisk g\u00f8r vi alt sammenligningen for dig, s\u00e5 du kan slappe af.<\/p>","protected":false},"excerpt":{"rendered":"<p>Hvis du vil begynde at spille et helt nyt spil, skal du absolut se n\u00e6rmere p\u00e5 Thunderball. Du kan endda blive overrasket over, hvor meget sjov du har med denne og alle de muligheder, du f\u00e5r at v\u00e6lge. Det skyldes, at n\u00e5r du spiller Thunderball UK Lotto online, kan du endda v\u00e6lge de dage, du [&hellip;]<\/p>\n","protected":false},"author":1,"featured_media":0,"parent":5020,"menu_order":11,"comment_status":"closed","ping_status":"closed","template":"thunderball.php","meta":{"_et_pb_use_builder":"","_et_pb_old_content":"","_et_gb_content_width":"","exclude_from_search":false,"footnotes":""},"class_list":["post-13268","page","type-page","status-publish","hentry"],"yoast_head":"<!-- This site is optimized with the Yoast SEO plugin v23.8 - https:\/\/yoast.com\/wordpress\/plugins\/seo\/ -->\n<title>Deltag i Thunderball Lotto online<\/title>\n<meta name=\"description\" content=\"Det britiske Thunderball-lotteri kan nu spilles online fra ethvert land\" \/>\n<meta name=\"robots\" content=\"index, follow, max-snippet:-1, max-image-preview:large, max-video-preview:-1\" \/>\n<link rel=\"canonical\" href=\"https:\/\/redfoxlotto.com\/da\/spil\/thunderball\/\" \/>\n<meta property=\"og:locale\" content=\"da_DK\" \/>\n<meta property=\"og:type\" content=\"article\" \/>\n<meta property=\"og:title\" content=\"Deltag i Thunderball Lotto online\" \/>\n<meta property=\"og:description\" content=\"Det britiske Thunderball-lotteri kan nu spilles online fra ethvert land\" \/>\n<meta property=\"og:url\" content=\"https:\/\/redfoxlotto.com\/da\/spil\/thunderball\/\" \/>\n<meta property=\"og:site_name\" content=\"Get Tickets for the World\u2019s largest jackpots\" \/>\n<meta property=\"article:modified_time\" content=\"2025-12-11T09:11:30+00:00\" \/>\n<meta property=\"og:image\" content=\"https:\/\/content.redfoxlotto.com\/uploads\/sites\/9\/1_play_online_lotto.jpg\" \/>\n<meta name=\"twitter:card\" content=\"summary_large_image\" \/>\n<meta name=\"twitter:label1\" content=\"Estimeret l\u00e6setid\" \/>\n\t<meta name=\"twitter:data1\" content=\"2 minutter\" \/>\n<script type=\"application\/ld+json\" class=\"yoast-schema-graph\">{\"@context\":\"https:\/\/schema.org\",\"@graph\":[{\"@type\":\"WebPage\",\"@id\":\"https:\/\/redfoxlotto.com\/da\/spil\/thunderball\/\",\"url\":\"https:\/\/redfoxlotto.com\/da\/spil\/thunderball\/\",\"name\":\"Deltag i Thunderball Lotto online\",\"isPartOf\":{\"@id\":\"https:\/\/redfoxlotto.com\/da\/#website\"},\"primaryImageOfPage\":{\"@id\":\"https:\/\/redfoxlotto.com\/da\/spil\/thunderball\/#primaryimage\"},\"image\":{\"@id\":\"https:\/\/redfoxlotto.com\/da\/spil\/thunderball\/#primaryimage\"},\"thumbnailUrl\":\"https:\/\/content.redfoxlotto.com\/uploads\/sites\/9\/1_play_online_lotto.jpg\",\"datePublished\":\"2023-04-24T18:07:24+00:00\",\"dateModified\":\"2025-12-11T09:11:30+00:00\",\"description\":\"Det britiske Thunderball-lotteri kan nu spilles online fra ethvert land\",\"breadcrumb\":{\"@id\":\"https:\/\/redfoxlotto.com\/da\/spil\/thunderball\/#breadcrumb\"},\"inLanguage\":\"da-DK\",\"potentialAction\":[{\"@type\":\"ReadAction\",\"target\":[\"https:\/\/redfoxlotto.com\/da\/spil\/thunderball\/\"]}]},{\"@type\":\"ImageObject\",\"inLanguage\":\"da-DK\",\"@id\":\"https:\/\/redfoxlotto.com\/da\/spil\/thunderball\/#primaryimage\",\"url\":\"https:\/\/content.redfoxlotto.com\/uploads\/sites\/9\/1_play_online_lotto.jpg\",\"contentUrl\":\"https:\/\/content.redfoxlotto.com\/uploads\/sites\/9\/1_play_online_lotto.jpg\"},{\"@type\":\"BreadcrumbList\",\"@id\":\"https:\/\/redfoxlotto.com\/da\/spil\/thunderball\/#breadcrumb\",\"itemListElement\":[{\"@type\":\"ListItem\",\"position\":1,\"name\":\"Home\",\"item\":\"https:\/\/redfoxlotto.com\/da\/\"},{\"@type\":\"ListItem\",\"position\":2,\"name\":\"S\u00e5dan spiller du lotto fra andre lande\",\"item\":\"https:\/\/redfoxlotto.com\/da\/spil\/\"},{\"@type\":\"ListItem\",\"position\":3,\"name\":\"Spil Thunderball Lotto online\"}]},{\"@type\":\"WebSite\",\"@id\":\"https:\/\/redfoxlotto.com\/da\/#website\",\"url\":\"https:\/\/redfoxlotto.com\/da\/\",\"name\":\"Get Tickets for the World\u2019s largest jackpots\",\"description\":\"Participate in worldwide lottery jackpots from any country\",\"publisher\":{\"@id\":\"https:\/\/redfoxlotto.com\/da\/#organization\"},\"potentialAction\":[{\"@type\":\"SearchAction\",\"target\":{\"@type\":\"EntryPoint\",\"urlTemplate\":\"https:\/\/redfoxlotto.com\/da\/?s={search_term_string}\"},\"query-input\":{\"@type\":\"PropertyValueSpecification\",\"valueRequired\":true,\"valueName\":\"search_term_string\"}}],\"inLanguage\":\"da-DK\"},{\"@type\":\"Organization\",\"@id\":\"https:\/\/redfoxlotto.com\/da\/#organization\",\"name\":\"Get Tickets for the World\u2019s largest jackpots\",\"url\":\"https:\/\/redfoxlotto.com\/da\/\",\"logo\":{\"@type\":\"ImageObject\",\"inLanguage\":\"da-DK\",\"@id\":\"https:\/\/redfoxlotto.com\/da\/#\/schema\/logo\/image\/\",\"url\":\"https:\/\/redfoxlotto.com\/wp-content\/uploads\/2023\/04\/logo.png\",\"contentUrl\":\"https:\/\/redfoxlotto.com\/wp-content\/uploads\/2023\/04\/logo.png\",\"width\":269,\"height\":53,\"caption\":\"Get Tickets for the World\u2019s largest jackpots\"},\"image\":{\"@id\":\"https:\/\/redfoxlotto.com\/da\/#\/schema\/logo\/image\/\"}}]}<\/script>\n<!-- \/ Yoast SEO plugin. -->","yoast_head_json":{"title":"Deltag i Thunderball Lotto online","description":"Det britiske Thunderball-lotteri kan nu spilles online fra ethvert land","robots":{"index":"index","follow":"follow","max-snippet":"max-snippet:-1","max-image-preview":"max-image-preview:large","max-video-preview":"max-video-preview:-1"},"canonical":"https:\/\/redfoxlotto.com\/da\/spil\/thunderball\/","og_locale":"da_DK","og_type":"article","og_title":"Deltag i Thunderball Lotto online","og_description":"Det britiske Thunderball-lotteri kan nu spilles online fra ethvert land","og_url":"https:\/\/redfoxlotto.com\/da\/spil\/thunderball\/","og_site_name":"Get Tickets for the World\u2019s largest jackpots","article_modified_time":"2025-12-11T09:11:30+00:00","og_image":[{"url":"https:\/\/content.redfoxlotto.com\/uploads\/sites\/9\/1_play_online_lotto.jpg"}],"twitter_card":"summary_large_image","twitter_misc":{"Estimeret l\u00e6setid":"2 minutter"},"schema":{"@context":"https:\/\/schema.org","@graph":[{"@type":"WebPage","@id":"https:\/\/redfoxlotto.com\/da\/spil\/thunderball\/","url":"https:\/\/redfoxlotto.com\/da\/spil\/thunderball\/","name":"Deltag i Thunderball Lotto online","isPartOf":{"@id":"https:\/\/redfoxlotto.com\/da\/#website"},"primaryImageOfPage":{"@id":"https:\/\/redfoxlotto.com\/da\/spil\/thunderball\/#primaryimage"},"image":{"@id":"https:\/\/redfoxlotto.com\/da\/spil\/thunderball\/#primaryimage"},"thumbnailUrl":"https:\/\/content.redfoxlotto.com\/uploads\/sites\/9\/1_play_online_lotto.jpg","datePublished":"2023-04-24T18:07:24+00:00","dateModified":"2025-12-11T09:11:30+00:00","description":"Det britiske Thunderball-lotteri kan nu spilles online fra ethvert land","breadcrumb":{"@id":"https:\/\/redfoxlotto.com\/da\/spil\/thunderball\/#breadcrumb"},"inLanguage":"da-DK","potentialAction":[{"@type":"ReadAction","target":["https:\/\/redfoxlotto.com\/da\/spil\/thunderball\/"]}]},{"@type":"ImageObject","inLanguage":"da-DK","@id":"https:\/\/redfoxlotto.com\/da\/spil\/thunderball\/#primaryimage","url":"https:\/\/content.redfoxlotto.com\/uploads\/sites\/9\/1_play_online_lotto.jpg","contentUrl":"https:\/\/content.redfoxlotto.com\/uploads\/sites\/9\/1_play_online_lotto.jpg"},{"@type":"BreadcrumbList","@id":"https:\/\/redfoxlotto.com\/da\/spil\/thunderball\/#breadcrumb","itemListElement":[{"@type":"ListItem","position":1,"name":"Home","item":"https:\/\/redfoxlotto.com\/da\/"},{"@type":"ListItem","position":2,"name":"S\u00e5dan spiller du lotto fra andre lande","item":"https:\/\/redfoxlotto.com\/da\/spil\/"},{"@type":"ListItem","position":3,"name":"Spil Thunderball Lotto online"}]},{"@type":"WebSite","@id":"https:\/\/redfoxlotto.com\/da\/#website","url":"https:\/\/redfoxlotto.com\/da\/","name":"Get Tickets for the World\u2019s largest jackpots","description":"Participate in worldwide lottery jackpots from any country","publisher":{"@id":"https:\/\/redfoxlotto.com\/da\/#organization"},"potentialAction":[{"@type":"SearchAction","target":{"@type":"EntryPoint","urlTemplate":"https:\/\/redfoxlotto.com\/da\/?s={search_term_string}"},"query-input":{"@type":"PropertyValueSpecification","valueRequired":true,"valueName":"search_term_string"}}],"inLanguage":"da-DK"},{"@type":"Organization","@id":"https:\/\/redfoxlotto.com\/da\/#organization","name":"Get Tickets for the World\u2019s largest jackpots","url":"https:\/\/redfoxlotto.com\/da\/","logo":{"@type":"ImageObject","inLanguage":"da-DK","@id":"https:\/\/redfoxlotto.com\/da\/#\/schema\/logo\/image\/","url":"https:\/\/redfoxlotto.com\/wp-content\/uploads\/2023\/04\/logo.png","contentUrl":"https:\/\/redfoxlotto.com\/wp-content\/uploads\/2023\/04\/logo.png","width":269,"height":53,"caption":"Get Tickets for the World\u2019s largest jackpots"},"image":{"@id":"https:\/\/redfoxlotto.com\/da\/#\/schema\/logo\/image\/"}}]}},"_links":{"self":[{"href":"https:\/\/redfoxlotto.com\/da\/wp-json\/wp\/v2\/pages\/13268","targetHints":{"allow":["GET"]}}],"collection":[{"href":"https:\/\/redfoxlotto.com\/da\/wp-json\/wp\/v2\/pages"}],"about":[{"href":"https:\/\/redfoxlotto.com\/da\/wp-json\/wp\/v2\/types\/page"}],"author":[{"embeddable":true,"href":"https:\/\/redfoxlotto.com\/da\/wp-json\/wp\/v2\/users\/1"}],"replies":[{"embeddable":true,"href":"https:\/\/redfoxlotto.com\/da\/wp-json\/wp\/v2\/comments?post=13268"}],"version-history":[{"count":0,"href":"https:\/\/redfoxlotto.com\/da\/wp-json\/wp\/v2\/pages\/13268\/revisions"}],"up":[{"embeddable":true,"href":"https:\/\/redfoxlotto.com\/da\/wp-json\/wp\/v2\/pages\/5020"}],"wp:attachment":[{"href":"https:\/\/redfoxlotto.com\/da\/wp-json\/wp\/v2\/media?parent=13268"}],"curies":[{"name":"wp","href":"https:\/\/api.w.org\/{rel}","templated":true}]}}