{"id":13105,"date":"2023-04-24T18:15:05","date_gmt":"2023-04-24T18:15:05","guid":{"rendered":"https:\/\/redfoxlotto.com\/?page_id=13105"},"modified":"2025-12-11T07:15:32","modified_gmt":"2025-12-11T07:15:32","slug":"lotto-6aus49","status":"publish","type":"page","link":"https:\/\/redfoxlotto.com\/da\/spil\/lotto-6aus49\/","title":{"rendered":"Spil tysk Lotto online"},"content":{"rendered":"<script type=\"application\/ld+json\">\r\n{\r\n  \"@context\": \"https:\/\/schema.org\",\r\n  \"@type\": \"Service\",\r\n  \"name\": \"Lotto Germany online\",\r\n  \"url\": \"https:\/\/redfoxlotto.com\/da\/spil\/lotto-6aus49\/\",\r\n  \"description\": \"K\u00f8b officielle Lotto Germany-tickets online gennem RedFoxLotto. V\u00e6lg dine numre og deltag i n\u00e6ste tr\u00e6kning.\",\r\n  \"serviceType\": \"Online lottery ticket purchase\",\r\n\r\n  \"provider\": {\r\n    \"@type\": \"Organization\",\r\n    \"name\": \"RedFoxLotto\",\r\n    \"url\": \"https:\/\/redfoxlotto.com\",\r\n    \"logo\": \"https:\/\/redfoxlotto.com\/wp-content\/uploads\/logo.png\"\r\n  },\r\n\r\n  \"areaServed\": \"Worldwide\",\r\n  \"termsOfService\": \"https:\/\/redfoxlotto.com\/terms-and-conditions\",\r\n\r\n  \"hasOfferCatalog\": {\r\n    \"@type\": \"OfferCatalog\",\r\n    \"name\": \"Lotto Germany Offers\",\r\n    \"itemListElement\": [\r\n      {\r\n        \"@type\": \"Offer\",\r\n        \"name\": \"Lotto Lotto Germany Ticket\",\r\n        \"url\": \"https:\/\/redfoxlotto.com\/da\/spil\/lotto-6aus49\/\",\r\n        \"description\": \"\u00c9n indgang til n\u00e6ste Lotto Germany-lotteritr\u00e6kning.\",\r\n        \"price\": \"3.80\",\r\n        \"priceCurrency\": \"EUR\",\r\n        \"availability\": \"https:\/\/schema.org\/InStock\",\r\n\r\n        \"itemOffered\": {\r\n          \"@type\": \"Service\",\r\n          \"name\": \"Lotto Germany Lottery Entry\",\r\n          \"description\": \"Indgang til n\u00e6ste Lotto Germany-tr\u00e6kning via RedFoxLotto.\"\r\n        }\r\n      }\r\n    ]\r\n  },\r\n\r\n  \"mainEntityOfPage\": {\r\n    \"@type\": \"WebPage\",\r\n    \"@id\": \"https:\/\/redfoxlotto.com\/da\/spil\/lotto-6aus49\/\"\r\n  }\r\n}\r\n<\/script><p>Hvis du leder efter et nyt spil at spille, b\u00f8r du se n\u00e6rmere p\u00e5, hvordan du spiller tysk lotto 6aus49 online. Du vil elske spillet, og hvor simpelt det er, og du vil helt sikkert kunne lide muligheden for at vinde den store jackpot. Med dette spil v\u00e6lger du 6 almindelige bolde samt 1 superbold.<\/p><p><img decoding=\"async\" class=\"size-full wp-image alignright\" src=\"https:\/\/content.redfoxlotto.com\/uploads\/sites\/9\/1_big_win_lotto.jpg\" alt=\"Lotto Tyskland online\" \/><\/p><p>De almindelige bolde er nummereret fra 1-49, mens det ekstra antal er fra 0-9. Alt hvad du skal g\u00f8re for at vinde er at matche mindst tre af bolde. Hvis du g\u00f8r det, vil du f\u00e5 en form for pr\u00e6mie, sk\u00f8nt du skal matche alle numrene for at f\u00e5 jackpotten.<\/p><h2 class=\"wp-block-heading\">S\u00e5dan spiller du tysk Lotto 6aus49 online<\/h2><p>Klar til at hente dine egne billetter? N\u00e5, s\u00e5 bliver du n\u00f8dt til at vide, hvordan man spiller. At v\u00e6lge dine numre er det f\u00f8rste trin, medmindre du vil have, at numrene skal genereres automatisk for dig. Disse lette pick-billetter g\u00f8r det endnu lettere for dig at v\u00e6re klar til tegningen.<\/p><p>Du kan bruge RedFoxLotto.com til let at k\u00f8be dine billetter, uanset om du vil v\u00e6lge dine numre eller ej. Og s\u00e5 er du bare n\u00f8dt til at inds\u00e6tte din foretrukne betalingsmetode og vente p\u00e5, om du vinder.<\/p><h2 class=\"wp-block-heading\">Kontroller resultaterne<\/h2><p>N\u00e5r tegningen er forbi, kan du tjekke resultatet af spillet og se, om du har vundet, eller om du vil k\u00f8be flere billetter til det n\u00e6ste spil. Alle vindende numre vil v\u00e6re lige der p\u00e5 RedFoxLotto.com.<\/p>","protected":false},"excerpt":{"rendered":"<p>Hvis du leder efter et nyt spil at spille, b\u00f8r du se n\u00e6rmere p\u00e5, hvordan du spiller tysk lotto 6aus49 online. Du vil elske spillet, og hvor simpelt det er, og du vil helt sikkert kunne lide muligheden for at vinde den store jackpot. Med dette spil v\u00e6lger du 6 almindelige bolde samt 1 superbold. [&hellip;]<\/p>\n","protected":false},"author":1,"featured_media":0,"parent":5020,"menu_order":15,"comment_status":"closed","ping_status":"closed","template":"lotto-german.php","meta":{"_et_pb_use_builder":"","_et_pb_old_content":"","_et_gb_content_width":"","exclude_from_search":false,"footnotes":""},"class_list":["post-13105","page","type-page","status-publish","hentry"],"yoast_head":"<!-- This site is optimized with the Yoast SEO plugin v23.8 - https:\/\/yoast.com\/wordpress\/plugins\/seo\/ -->\n<title>Spil tysk Lotto online<\/title>\n<meta name=\"description\" content=\"Tysk Lotto &quot;6 aus 49&quot; nu tilg\u00e6ngelig overalt - spill det online!\" \/>\n<meta name=\"robots\" content=\"index, follow, max-snippet:-1, max-image-preview:large, max-video-preview:-1\" \/>\n<link rel=\"canonical\" href=\"https:\/\/redfoxlotto.com\/da\/spil\/lotto-6aus49\/\" \/>\n<meta property=\"og:locale\" content=\"da_DK\" \/>\n<meta property=\"og:type\" content=\"article\" \/>\n<meta property=\"og:title\" content=\"Spil tysk Lotto online\" \/>\n<meta property=\"og:description\" content=\"Tysk Lotto &quot;6 aus 49&quot; nu tilg\u00e6ngelig overalt - spill det online!\" \/>\n<meta property=\"og:url\" content=\"https:\/\/redfoxlotto.com\/da\/spil\/lotto-6aus49\/\" \/>\n<meta property=\"og:site_name\" content=\"Get Tickets for the World\u2019s largest jackpots\" \/>\n<meta property=\"article:modified_time\" content=\"2025-12-11T07:15:32+00:00\" \/>\n<meta property=\"og:image\" content=\"https:\/\/content.redfoxlotto.com\/uploads\/sites\/9\/1_big_win_lotto.jpg\" \/>\n<meta name=\"twitter:card\" content=\"summary_large_image\" \/>\n<meta name=\"twitter:label1\" content=\"Estimeret l\u00e6setid\" \/>\n\t<meta name=\"twitter:data1\" content=\"2 minutter\" \/>\n<script type=\"application\/ld+json\" class=\"yoast-schema-graph\">{\"@context\":\"https:\/\/schema.org\",\"@graph\":[{\"@type\":\"WebPage\",\"@id\":\"https:\/\/redfoxlotto.com\/da\/spil\/lotto-6aus49\/\",\"url\":\"https:\/\/redfoxlotto.com\/da\/spil\/lotto-6aus49\/\",\"name\":\"Spil tysk Lotto online\",\"isPartOf\":{\"@id\":\"https:\/\/redfoxlotto.com\/da\/#website\"},\"primaryImageOfPage\":{\"@id\":\"https:\/\/redfoxlotto.com\/da\/spil\/lotto-6aus49\/#primaryimage\"},\"image\":{\"@id\":\"https:\/\/redfoxlotto.com\/da\/spil\/lotto-6aus49\/#primaryimage\"},\"thumbnailUrl\":\"https:\/\/content.redfoxlotto.com\/uploads\/sites\/9\/1_big_win_lotto.jpg\",\"datePublished\":\"2023-04-24T18:15:05+00:00\",\"dateModified\":\"2025-12-11T07:15:32+00:00\",\"description\":\"Tysk Lotto \\\"6 aus 49\\\" nu tilg\u00e6ngelig overalt - spill det online!\",\"breadcrumb\":{\"@id\":\"https:\/\/redfoxlotto.com\/da\/spil\/lotto-6aus49\/#breadcrumb\"},\"inLanguage\":\"da-DK\",\"potentialAction\":[{\"@type\":\"ReadAction\",\"target\":[\"https:\/\/redfoxlotto.com\/da\/spil\/lotto-6aus49\/\"]}]},{\"@type\":\"ImageObject\",\"inLanguage\":\"da-DK\",\"@id\":\"https:\/\/redfoxlotto.com\/da\/spil\/lotto-6aus49\/#primaryimage\",\"url\":\"https:\/\/content.redfoxlotto.com\/uploads\/sites\/9\/1_big_win_lotto.jpg\",\"contentUrl\":\"https:\/\/content.redfoxlotto.com\/uploads\/sites\/9\/1_big_win_lotto.jpg\"},{\"@type\":\"BreadcrumbList\",\"@id\":\"https:\/\/redfoxlotto.com\/da\/spil\/lotto-6aus49\/#breadcrumb\",\"itemListElement\":[{\"@type\":\"ListItem\",\"position\":1,\"name\":\"Home\",\"item\":\"https:\/\/redfoxlotto.com\/da\/\"},{\"@type\":\"ListItem\",\"position\":2,\"name\":\"S\u00e5dan spiller du lotto fra andre lande\",\"item\":\"https:\/\/redfoxlotto.com\/da\/spil\/\"},{\"@type\":\"ListItem\",\"position\":3,\"name\":\"Spil tysk Lotto online\"}]},{\"@type\":\"WebSite\",\"@id\":\"https:\/\/redfoxlotto.com\/da\/#website\",\"url\":\"https:\/\/redfoxlotto.com\/da\/\",\"name\":\"Get Tickets for the World\u2019s largest jackpots\",\"description\":\"Participate in worldwide lottery jackpots from any country\",\"publisher\":{\"@id\":\"https:\/\/redfoxlotto.com\/da\/#organization\"},\"potentialAction\":[{\"@type\":\"SearchAction\",\"target\":{\"@type\":\"EntryPoint\",\"urlTemplate\":\"https:\/\/redfoxlotto.com\/da\/?s={search_term_string}\"},\"query-input\":{\"@type\":\"PropertyValueSpecification\",\"valueRequired\":true,\"valueName\":\"search_term_string\"}}],\"inLanguage\":\"da-DK\"},{\"@type\":\"Organization\",\"@id\":\"https:\/\/redfoxlotto.com\/da\/#organization\",\"name\":\"Get Tickets for the World\u2019s largest jackpots\",\"url\":\"https:\/\/redfoxlotto.com\/da\/\",\"logo\":{\"@type\":\"ImageObject\",\"inLanguage\":\"da-DK\",\"@id\":\"https:\/\/redfoxlotto.com\/da\/#\/schema\/logo\/image\/\",\"url\":\"https:\/\/redfoxlotto.com\/wp-content\/uploads\/2023\/04\/logo.png\",\"contentUrl\":\"https:\/\/redfoxlotto.com\/wp-content\/uploads\/2023\/04\/logo.png\",\"width\":269,\"height\":53,\"caption\":\"Get Tickets for the World\u2019s largest jackpots\"},\"image\":{\"@id\":\"https:\/\/redfoxlotto.com\/da\/#\/schema\/logo\/image\/\"}}]}<\/script>\n<!-- \/ Yoast SEO plugin. -->","yoast_head_json":{"title":"Spil tysk Lotto online","description":"Tysk Lotto \"6 aus 49\" nu tilg\u00e6ngelig overalt - spill det online!","robots":{"index":"index","follow":"follow","max-snippet":"max-snippet:-1","max-image-preview":"max-image-preview:large","max-video-preview":"max-video-preview:-1"},"canonical":"https:\/\/redfoxlotto.com\/da\/spil\/lotto-6aus49\/","og_locale":"da_DK","og_type":"article","og_title":"Spil tysk Lotto online","og_description":"Tysk Lotto \"6 aus 49\" nu tilg\u00e6ngelig overalt - spill det online!","og_url":"https:\/\/redfoxlotto.com\/da\/spil\/lotto-6aus49\/","og_site_name":"Get Tickets for the World\u2019s largest jackpots","article_modified_time":"2025-12-11T07:15:32+00:00","og_image":[{"url":"https:\/\/content.redfoxlotto.com\/uploads\/sites\/9\/1_big_win_lotto.jpg"}],"twitter_card":"summary_large_image","twitter_misc":{"Estimeret l\u00e6setid":"2 minutter"},"schema":{"@context":"https:\/\/schema.org","@graph":[{"@type":"WebPage","@id":"https:\/\/redfoxlotto.com\/da\/spil\/lotto-6aus49\/","url":"https:\/\/redfoxlotto.com\/da\/spil\/lotto-6aus49\/","name":"Spil tysk Lotto online","isPartOf":{"@id":"https:\/\/redfoxlotto.com\/da\/#website"},"primaryImageOfPage":{"@id":"https:\/\/redfoxlotto.com\/da\/spil\/lotto-6aus49\/#primaryimage"},"image":{"@id":"https:\/\/redfoxlotto.com\/da\/spil\/lotto-6aus49\/#primaryimage"},"thumbnailUrl":"https:\/\/content.redfoxlotto.com\/uploads\/sites\/9\/1_big_win_lotto.jpg","datePublished":"2023-04-24T18:15:05+00:00","dateModified":"2025-12-11T07:15:32+00:00","description":"Tysk Lotto \"6 aus 49\" nu tilg\u00e6ngelig overalt - spill det online!","breadcrumb":{"@id":"https:\/\/redfoxlotto.com\/da\/spil\/lotto-6aus49\/#breadcrumb"},"inLanguage":"da-DK","potentialAction":[{"@type":"ReadAction","target":["https:\/\/redfoxlotto.com\/da\/spil\/lotto-6aus49\/"]}]},{"@type":"ImageObject","inLanguage":"da-DK","@id":"https:\/\/redfoxlotto.com\/da\/spil\/lotto-6aus49\/#primaryimage","url":"https:\/\/content.redfoxlotto.com\/uploads\/sites\/9\/1_big_win_lotto.jpg","contentUrl":"https:\/\/content.redfoxlotto.com\/uploads\/sites\/9\/1_big_win_lotto.jpg"},{"@type":"BreadcrumbList","@id":"https:\/\/redfoxlotto.com\/da\/spil\/lotto-6aus49\/#breadcrumb","itemListElement":[{"@type":"ListItem","position":1,"name":"Home","item":"https:\/\/redfoxlotto.com\/da\/"},{"@type":"ListItem","position":2,"name":"S\u00e5dan spiller du lotto fra andre lande","item":"https:\/\/redfoxlotto.com\/da\/spil\/"},{"@type":"ListItem","position":3,"name":"Spil tysk Lotto online"}]},{"@type":"WebSite","@id":"https:\/\/redfoxlotto.com\/da\/#website","url":"https:\/\/redfoxlotto.com\/da\/","name":"Get Tickets for the World\u2019s largest jackpots","description":"Participate in worldwide lottery jackpots from any country","publisher":{"@id":"https:\/\/redfoxlotto.com\/da\/#organization"},"potentialAction":[{"@type":"SearchAction","target":{"@type":"EntryPoint","urlTemplate":"https:\/\/redfoxlotto.com\/da\/?s={search_term_string}"},"query-input":{"@type":"PropertyValueSpecification","valueRequired":true,"valueName":"search_term_string"}}],"inLanguage":"da-DK"},{"@type":"Organization","@id":"https:\/\/redfoxlotto.com\/da\/#organization","name":"Get Tickets for the World\u2019s largest jackpots","url":"https:\/\/redfoxlotto.com\/da\/","logo":{"@type":"ImageObject","inLanguage":"da-DK","@id":"https:\/\/redfoxlotto.com\/da\/#\/schema\/logo\/image\/","url":"https:\/\/redfoxlotto.com\/wp-content\/uploads\/2023\/04\/logo.png","contentUrl":"https:\/\/redfoxlotto.com\/wp-content\/uploads\/2023\/04\/logo.png","width":269,"height":53,"caption":"Get Tickets for the World\u2019s largest jackpots"},"image":{"@id":"https:\/\/redfoxlotto.com\/da\/#\/schema\/logo\/image\/"}}]}},"_links":{"self":[{"href":"https:\/\/redfoxlotto.com\/da\/wp-json\/wp\/v2\/pages\/13105","targetHints":{"allow":["GET"]}}],"collection":[{"href":"https:\/\/redfoxlotto.com\/da\/wp-json\/wp\/v2\/pages"}],"about":[{"href":"https:\/\/redfoxlotto.com\/da\/wp-json\/wp\/v2\/types\/page"}],"author":[{"embeddable":true,"href":"https:\/\/redfoxlotto.com\/da\/wp-json\/wp\/v2\/users\/1"}],"replies":[{"embeddable":true,"href":"https:\/\/redfoxlotto.com\/da\/wp-json\/wp\/v2\/comments?post=13105"}],"version-history":[{"count":0,"href":"https:\/\/redfoxlotto.com\/da\/wp-json\/wp\/v2\/pages\/13105\/revisions"}],"up":[{"embeddable":true,"href":"https:\/\/redfoxlotto.com\/da\/wp-json\/wp\/v2\/pages\/5020"}],"wp:attachment":[{"href":"https:\/\/redfoxlotto.com\/da\/wp-json\/wp\/v2\/media?parent=13105"}],"curies":[{"name":"wp","href":"https:\/\/api.w.org\/{rel}","templated":true}]}}