{"id":12972,"date":"2023-04-24T18:09:15","date_gmt":"2023-04-24T18:09:15","guid":{"rendered":"https:\/\/redfoxlotto.com\/?page_id=12972"},"modified":"2025-12-10T12:45:04","modified_gmt":"2025-12-10T12:45:04","slug":"lotto-america","status":"publish","type":"page","link":"https:\/\/redfoxlotto.com\/da\/spil\/lotto-america\/","title":{"rendered":"S\u00e5dan spiller du Lotto America online"},"content":{"rendered":"<script type=\"application\/ld+json\">\r\n{\r\n\"@context\": \"https:\/\/schema.org\",\r\n\"@type\": \"Service\",\r\n\"name\": \" Lotto America online\",\r\n\"url\": \"https:\/\/redfoxlotto.com\/da\/spil\/lotto-america\/\",\r\n\"description\": \"K\u00f8b officielle Lotto America online-kuponer online via RedFoxLotto. V\u00e6lg dine tal og deltag i den n\u00e6ste tr\u00e6kning.\",\r\n\"serviceType\": \"Online lottery ticket purchase\",\r\n\r\n\"provider\": {\r\n\"@type\": \"Organization\",\r\n\"name\": \"RedFoxLotto\",\r\n\"url\": \"https:\/\/redfoxlotto.com\",\r\n\"logo\": \"https:\/\/redfoxlotto.com\/wp-content\/uploads\/logo.png\"\r\n},\r\n\r\n\"areaServed\": \"Worldwide\",\r\n\"termsOfService\": \"https:\/\/redfoxlotto.com\/terms-and-conditions\",\r\n\r\n\"hasOfferCatalog\": {\r\n\"@type\": \"OfferCatalog\",\r\n\"name\": \"Lotto America Offers\",\r\n\"itemListElement\": [\r\n{\r\n\"@type\": \"Offer\",\r\n\"name\": \"Lotto America Lottery Ticket\",\r\n\"url\": \"https:\/\/redfoxlotto.com\/da\/spil\/lotto-america\/\",\r\n\"description\": \"\u00c9n tilmelding til den n\u00e6ste Lotto America-lodtr\u00e6kning.\",\r\n\"price\": \"2.75\",\r\n\"priceCurrency\": \"EUR\",\r\n\"availability\": \"https:\/\/schema.org\/InStock\",\r\n\r\n\"itemOffered\": {\r\n\"@type\": \"Service\",\r\n\"name\": \"Lotto America Lottery Entry\",\r\n\"description\": \"Tilmelding til den n\u00e6ste Lotto America-tr\u00e6kning gennem RedFoxLotto.\"\r\n}\r\n}\r\n]\r\n},\r\n\r\n\"mainEntityOfPage\": {\r\n\"@type\": \"WebPage\",\r\n\"@id\": \"https:\/\/redfoxlotto.com\/da\/spil\/lotto-america\/\"\r\n}\r\n}\r\n<\/script><p>N\u00e5r det kommer til at spille online lotto, leder du muligvis efter noget nyt. Det er sandsynligvis hvorfor du skiftede til at spille online spil i f\u00f8rste omgang. N\u00e5, det er ved at blive meget sjovere, fordi du endnu ikke har set Lotto America.<\/p><h2 class=\"wp-block-heading\">Hvad er Lotto America?<\/h2><p><img decoding=\"async\" class=\"size-full wp-image alignright\" src=\"https:\/\/content.redfoxlotto.com\/uploads\/sites\/9\/1_play_lottery_online5.jpg\" alt=\"spil lotto amerika online\" \/><\/p><p>Lotto America er et multistats lotterispil, der giver dig en chance for en stor jackpot og giver dig nogle gode odds for at g\u00e5 sammen med det. Ikke kun det, men billetterne er billige, og dette spil giver dig masser af m\u00e5der, hvorp\u00e5 du kan vinde mindre pr\u00e6mier, mens du er ved det. Det betyder, at du vil have det sjovt med det, selvom du ikke vinder jackpotten.<\/p><h2 class=\"wp-block-heading\">Hvad skal man vide om spillet<\/h2><p>Dette spil tr\u00e6kkes to gange om ugen onsdag og l\u00f8rdag. Det tr\u00e6kker ogs\u00e5 i alt seks forskellige bolde. Fem af dem er almindelige, hvide bolde, som er dine standardnumre. Den ene er en r\u00f8d bold, som er bonusnummeret.<\/p><p>N\u00e5r du er klar til at begynde at spille Lotto America, skal du bare oprette en konto online med RedFoxLotto. Derfra kan du tjekke alle vores forskellige spil, der inkluderer muligheder fra hele verden. Lotto America er kun et af de mange spil, du kan v\u00e6lge imellem, men det bliver sjovt.<\/p><p>N\u00e5r du v\u00e6lger spillet, f\u00e5r du se, hvad jackpotten er, og hvorn\u00e5r tegningen vil blive afholdt, f\u00f8r du k\u00f8ber en billet. N\u00e5r du har besluttet at k\u00f8be en billet, skal du blot v\u00e6lge de \u00f8nskede numre. Du kan selv v\u00e6lge alle numrene, hvis du foretr\u00e6kker det, eller du kan v\u00e6lge kun at v\u00e6lge et par numre og f\u00e5 resten tilf\u00e6ldigt genereret. Eller du kan f\u00e5 alle numrene tilf\u00e6ldigt genereret. Det er helt op til dig.<\/p><h2 class=\"wp-block-heading\">Vandt du?<\/h2><p>Alt hvad du skal g\u00f8re for at tjekke dine gevinster er at se online. RedFoxLotto tilbyder alle de vindende numre, og n\u00e5r du g\u00e5r til din konto, kan du sammenligne dine billetter med de vindende numre<\/p><p>Hvis du vinder en lille pr\u00e6mie, vil den automatisk blive indsat p\u00e5 din konto. Hvis du vinder en stor pr\u00e6mie, hj\u00e6lper vi dig og gennemg\u00e5r processen med at kr\u00e6ve pr\u00e6mien. Men uanset hvad du vinder, ved du straks p\u00e5 din konto, fordi vi viser dig dine numre og de vindende numre.<\/p><p>S\u00e5 hvorfor ikke pr\u00f8ve det og tjekke Lotto America? Du er m\u00e5ske ikke engang klar over, hvad du mangler lige nu.<\/p>","protected":false},"excerpt":{"rendered":"<p>N\u00e5r det kommer til at spille online lotto, leder du muligvis efter noget nyt. Det er sandsynligvis hvorfor du skiftede til at spille online spil i f\u00f8rste omgang. N\u00e5, det er ved at blive meget sjovere, fordi du endnu ikke har set Lotto America. Hvad er Lotto America? Lotto America er et multistats lotterispil, der [&hellip;]<\/p>\n","protected":false},"author":1,"featured_media":0,"parent":5020,"menu_order":12,"comment_status":"closed","ping_status":"closed","template":"lotto-america.php","meta":{"_et_pb_use_builder":"","_et_pb_old_content":"","_et_gb_content_width":"","exclude_from_search":false,"footnotes":""},"class_list":["post-12972","page","type-page","status-publish","hentry"],"yoast_head":"<!-- This site is optimized with the Yoast SEO plugin v23.8 - https:\/\/yoast.com\/wordpress\/plugins\/seo\/ -->\n<title>Spil Lotto America online<\/title>\n<meta name=\"description\" content=\"Spillere fra ethvert land kan nu deltage og spille dette multistatslotteri fra USA online\" \/>\n<meta name=\"robots\" content=\"index, follow, max-snippet:-1, max-image-preview:large, max-video-preview:-1\" \/>\n<link rel=\"canonical\" href=\"https:\/\/redfoxlotto.com\/da\/spil\/lotto-america\/\" \/>\n<meta property=\"og:locale\" content=\"da_DK\" \/>\n<meta property=\"og:type\" content=\"article\" \/>\n<meta property=\"og:title\" content=\"Spil Lotto America online\" \/>\n<meta property=\"og:description\" content=\"Spillere fra ethvert land kan nu deltage og spille dette multistatslotteri fra USA online\" \/>\n<meta property=\"og:url\" content=\"https:\/\/redfoxlotto.com\/da\/spil\/lotto-america\/\" \/>\n<meta property=\"og:site_name\" content=\"Get Tickets for the World\u2019s largest jackpots\" \/>\n<meta property=\"article:modified_time\" content=\"2025-12-10T12:45:04+00:00\" \/>\n<meta property=\"og:image\" content=\"https:\/\/content.redfoxlotto.com\/uploads\/sites\/9\/1_play_lottery_online5.jpg\" \/>\n<meta name=\"twitter:card\" content=\"summary_large_image\" \/>\n<meta name=\"twitter:label1\" content=\"Estimeret l\u00e6setid\" \/>\n\t<meta name=\"twitter:data1\" content=\"2 minutter\" \/>\n<script type=\"application\/ld+json\" class=\"yoast-schema-graph\">{\"@context\":\"https:\/\/schema.org\",\"@graph\":[{\"@type\":\"WebPage\",\"@id\":\"https:\/\/redfoxlotto.com\/da\/spil\/lotto-america\/\",\"url\":\"https:\/\/redfoxlotto.com\/da\/spil\/lotto-america\/\",\"name\":\"Spil Lotto America online\",\"isPartOf\":{\"@id\":\"https:\/\/redfoxlotto.com\/da\/#website\"},\"primaryImageOfPage\":{\"@id\":\"https:\/\/redfoxlotto.com\/da\/spil\/lotto-america\/#primaryimage\"},\"image\":{\"@id\":\"https:\/\/redfoxlotto.com\/da\/spil\/lotto-america\/#primaryimage\"},\"thumbnailUrl\":\"https:\/\/content.redfoxlotto.com\/uploads\/sites\/9\/1_play_lottery_online5.jpg\",\"datePublished\":\"2023-04-24T18:09:15+00:00\",\"dateModified\":\"2025-12-10T12:45:04+00:00\",\"description\":\"Spillere fra ethvert land kan nu deltage og spille dette multistatslotteri fra USA online\",\"breadcrumb\":{\"@id\":\"https:\/\/redfoxlotto.com\/da\/spil\/lotto-america\/#breadcrumb\"},\"inLanguage\":\"da-DK\",\"potentialAction\":[{\"@type\":\"ReadAction\",\"target\":[\"https:\/\/redfoxlotto.com\/da\/spil\/lotto-america\/\"]}]},{\"@type\":\"ImageObject\",\"inLanguage\":\"da-DK\",\"@id\":\"https:\/\/redfoxlotto.com\/da\/spil\/lotto-america\/#primaryimage\",\"url\":\"https:\/\/content.redfoxlotto.com\/uploads\/sites\/9\/1_play_lottery_online5.jpg\",\"contentUrl\":\"https:\/\/content.redfoxlotto.com\/uploads\/sites\/9\/1_play_lottery_online5.jpg\"},{\"@type\":\"BreadcrumbList\",\"@id\":\"https:\/\/redfoxlotto.com\/da\/spil\/lotto-america\/#breadcrumb\",\"itemListElement\":[{\"@type\":\"ListItem\",\"position\":1,\"name\":\"Home\",\"item\":\"https:\/\/redfoxlotto.com\/da\/\"},{\"@type\":\"ListItem\",\"position\":2,\"name\":\"S\u00e5dan spiller du lotto fra andre lande\",\"item\":\"https:\/\/redfoxlotto.com\/da\/spil\/\"},{\"@type\":\"ListItem\",\"position\":3,\"name\":\"S\u00e5dan spiller du Lotto America online\"}]},{\"@type\":\"WebSite\",\"@id\":\"https:\/\/redfoxlotto.com\/da\/#website\",\"url\":\"https:\/\/redfoxlotto.com\/da\/\",\"name\":\"Get Tickets for the World\u2019s largest jackpots\",\"description\":\"Participate in worldwide lottery jackpots from any country\",\"publisher\":{\"@id\":\"https:\/\/redfoxlotto.com\/da\/#organization\"},\"potentialAction\":[{\"@type\":\"SearchAction\",\"target\":{\"@type\":\"EntryPoint\",\"urlTemplate\":\"https:\/\/redfoxlotto.com\/da\/?s={search_term_string}\"},\"query-input\":{\"@type\":\"PropertyValueSpecification\",\"valueRequired\":true,\"valueName\":\"search_term_string\"}}],\"inLanguage\":\"da-DK\"},{\"@type\":\"Organization\",\"@id\":\"https:\/\/redfoxlotto.com\/da\/#organization\",\"name\":\"Get Tickets for the World\u2019s largest jackpots\",\"url\":\"https:\/\/redfoxlotto.com\/da\/\",\"logo\":{\"@type\":\"ImageObject\",\"inLanguage\":\"da-DK\",\"@id\":\"https:\/\/redfoxlotto.com\/da\/#\/schema\/logo\/image\/\",\"url\":\"https:\/\/redfoxlotto.com\/wp-content\/uploads\/2023\/04\/logo.png\",\"contentUrl\":\"https:\/\/redfoxlotto.com\/wp-content\/uploads\/2023\/04\/logo.png\",\"width\":269,\"height\":53,\"caption\":\"Get Tickets for the World\u2019s largest jackpots\"},\"image\":{\"@id\":\"https:\/\/redfoxlotto.com\/da\/#\/schema\/logo\/image\/\"}}]}<\/script>\n<!-- \/ Yoast SEO plugin. -->","yoast_head_json":{"title":"Spil Lotto America online","description":"Spillere fra ethvert land kan nu deltage og spille dette multistatslotteri fra USA online","robots":{"index":"index","follow":"follow","max-snippet":"max-snippet:-1","max-image-preview":"max-image-preview:large","max-video-preview":"max-video-preview:-1"},"canonical":"https:\/\/redfoxlotto.com\/da\/spil\/lotto-america\/","og_locale":"da_DK","og_type":"article","og_title":"Spil Lotto America online","og_description":"Spillere fra ethvert land kan nu deltage og spille dette multistatslotteri fra USA online","og_url":"https:\/\/redfoxlotto.com\/da\/spil\/lotto-america\/","og_site_name":"Get Tickets for the World\u2019s largest jackpots","article_modified_time":"2025-12-10T12:45:04+00:00","og_image":[{"url":"https:\/\/content.redfoxlotto.com\/uploads\/sites\/9\/1_play_lottery_online5.jpg"}],"twitter_card":"summary_large_image","twitter_misc":{"Estimeret l\u00e6setid":"2 minutter"},"schema":{"@context":"https:\/\/schema.org","@graph":[{"@type":"WebPage","@id":"https:\/\/redfoxlotto.com\/da\/spil\/lotto-america\/","url":"https:\/\/redfoxlotto.com\/da\/spil\/lotto-america\/","name":"Spil Lotto America online","isPartOf":{"@id":"https:\/\/redfoxlotto.com\/da\/#website"},"primaryImageOfPage":{"@id":"https:\/\/redfoxlotto.com\/da\/spil\/lotto-america\/#primaryimage"},"image":{"@id":"https:\/\/redfoxlotto.com\/da\/spil\/lotto-america\/#primaryimage"},"thumbnailUrl":"https:\/\/content.redfoxlotto.com\/uploads\/sites\/9\/1_play_lottery_online5.jpg","datePublished":"2023-04-24T18:09:15+00:00","dateModified":"2025-12-10T12:45:04+00:00","description":"Spillere fra ethvert land kan nu deltage og spille dette multistatslotteri fra USA online","breadcrumb":{"@id":"https:\/\/redfoxlotto.com\/da\/spil\/lotto-america\/#breadcrumb"},"inLanguage":"da-DK","potentialAction":[{"@type":"ReadAction","target":["https:\/\/redfoxlotto.com\/da\/spil\/lotto-america\/"]}]},{"@type":"ImageObject","inLanguage":"da-DK","@id":"https:\/\/redfoxlotto.com\/da\/spil\/lotto-america\/#primaryimage","url":"https:\/\/content.redfoxlotto.com\/uploads\/sites\/9\/1_play_lottery_online5.jpg","contentUrl":"https:\/\/content.redfoxlotto.com\/uploads\/sites\/9\/1_play_lottery_online5.jpg"},{"@type":"BreadcrumbList","@id":"https:\/\/redfoxlotto.com\/da\/spil\/lotto-america\/#breadcrumb","itemListElement":[{"@type":"ListItem","position":1,"name":"Home","item":"https:\/\/redfoxlotto.com\/da\/"},{"@type":"ListItem","position":2,"name":"S\u00e5dan spiller du lotto fra andre lande","item":"https:\/\/redfoxlotto.com\/da\/spil\/"},{"@type":"ListItem","position":3,"name":"S\u00e5dan spiller du Lotto America online"}]},{"@type":"WebSite","@id":"https:\/\/redfoxlotto.com\/da\/#website","url":"https:\/\/redfoxlotto.com\/da\/","name":"Get Tickets for the World\u2019s largest jackpots","description":"Participate in worldwide lottery jackpots from any country","publisher":{"@id":"https:\/\/redfoxlotto.com\/da\/#organization"},"potentialAction":[{"@type":"SearchAction","target":{"@type":"EntryPoint","urlTemplate":"https:\/\/redfoxlotto.com\/da\/?s={search_term_string}"},"query-input":{"@type":"PropertyValueSpecification","valueRequired":true,"valueName":"search_term_string"}}],"inLanguage":"da-DK"},{"@type":"Organization","@id":"https:\/\/redfoxlotto.com\/da\/#organization","name":"Get Tickets for the World\u2019s largest jackpots","url":"https:\/\/redfoxlotto.com\/da\/","logo":{"@type":"ImageObject","inLanguage":"da-DK","@id":"https:\/\/redfoxlotto.com\/da\/#\/schema\/logo\/image\/","url":"https:\/\/redfoxlotto.com\/wp-content\/uploads\/2023\/04\/logo.png","contentUrl":"https:\/\/redfoxlotto.com\/wp-content\/uploads\/2023\/04\/logo.png","width":269,"height":53,"caption":"Get Tickets for the World\u2019s largest jackpots"},"image":{"@id":"https:\/\/redfoxlotto.com\/da\/#\/schema\/logo\/image\/"}}]}},"_links":{"self":[{"href":"https:\/\/redfoxlotto.com\/da\/wp-json\/wp\/v2\/pages\/12972","targetHints":{"allow":["GET"]}}],"collection":[{"href":"https:\/\/redfoxlotto.com\/da\/wp-json\/wp\/v2\/pages"}],"about":[{"href":"https:\/\/redfoxlotto.com\/da\/wp-json\/wp\/v2\/types\/page"}],"author":[{"embeddable":true,"href":"https:\/\/redfoxlotto.com\/da\/wp-json\/wp\/v2\/users\/1"}],"replies":[{"embeddable":true,"href":"https:\/\/redfoxlotto.com\/da\/wp-json\/wp\/v2\/comments?post=12972"}],"version-history":[{"count":0,"href":"https:\/\/redfoxlotto.com\/da\/wp-json\/wp\/v2\/pages\/12972\/revisions"}],"up":[{"embeddable":true,"href":"https:\/\/redfoxlotto.com\/da\/wp-json\/wp\/v2\/pages\/5020"}],"wp:attachment":[{"href":"https:\/\/redfoxlotto.com\/da\/wp-json\/wp\/v2\/media?parent=12972"}],"curies":[{"name":"wp","href":"https:\/\/api.w.org\/{rel}","templated":true}]}}