{"id":102321,"date":"2025-02-12T11:20:21","date_gmt":"2025-02-12T11:20:21","guid":{"rendered":"https:\/\/redfoxlotto.com\/?page_id=102321"},"modified":"2026-01-12T09:57:54","modified_gmt":"2026-01-12T09:57:54","slug":"odds-for-at-vinde-i-keno","status":"publish","type":"page","link":"https:\/\/redfoxlotto.com\/da\/keno\/odds-for-at-vinde-i-keno\/","title":{"rendered":"Vindertallene i Gold Keno"},"content":{"rendered":"<h2>Jackpotten p\u00e5 2 millioner euro venter p\u00e5 dig i Gold Keno.<\/h2>\n<p><img loading=\"lazy\" decoding=\"async\" class=\"size-medium wp-image-93652 alignright\" src=\"https:\/\/redfoxlotto.com\/wp-content\/uploads\/2025\/09\/gold-keno-win-2-300x300.jpg\" alt=\"gold keno\" width=\"300\" height=\"300\" \/><br \/>\nGold Keno er et online lotterispil, der er rigtig underholdende at spille. Alle, der spiller, kan vinde den fantastiske hovedpr\u00e6mie p\u00e5 2 millioner euro. Det er let at se, hvorfor Gold Keno er s\u00e5 popul\u00e6rt: Hver tr\u00e6kning giver dig en reel chance for at vinde en masse penge, der kan \u00e6ndre dit liv til det bedre. Det sjove ved dette spil skyldes, at det har hurtige tr\u00e6kninger, fair play og chancen for at vinde jackpotten p\u00e5 to millioner euro. Dette g\u00e6lder, uanset om du spiller for sjov eller \u00f8nsker at tjene en masse penge.<\/p>\n<h2>En guide til oddsene for at spille Gold Keno<\/h2>\n<p>I Gold Keno v\u00e6lges 20 tal tilf\u00e6ldigt fra en pulje p\u00e5 80. Spillerne v\u00e6lger deres egne tal, og gevinstbel\u00f8bet afh\u00e6nger af, hvor mange gange deres valg matcher lodtr\u00e6kningen. Ved at tilf\u00f8je en multiplikator \u00f8ges den mulige udbetaling. Det betyder, at billetter, der koster mere, vinder st\u00f8rre pr\u00e6mier.<\/p>\n<p>N\u00e5r du har flere muligheder, har du en bedre chance for at f\u00e5 en st\u00f8rre udbetaling, men n\u00e5r du har f\u00e6rre muligheder, har du en bedre chance for at f\u00e5 en mindre udbetaling. Oddsene for at vinde i keno er baseret p\u00e5 denne balance: flere valg betyder st\u00f8rre pr\u00e6mier, men sv\u00e6rere odds, mens f\u00e6rre valg g\u00f8r det nemmere at vinde. Hvis du bruger multiplikatoren, kan du vinde hovedpr\u00e6mien p\u00e5 to millioner euro.<\/p>\n<h2>N\u00f8glen til at vinde mere er at bruge multiplikatorer.<\/h2>\n<p>Du kan vinde den st\u00f8rste gevinst p\u00e5 2 millioner euro i Gold Keno p\u00e5 grund af multiplikatorfunktionen. For eksempel:<\/p>\n<p>Hvis den h\u00f8jeste multiplikator er sat til 5x, giver en billet med en multiplikator p\u00e5 1x dig 20 % af den st\u00f8rste gevinst. Hvis spillerne satser med den st\u00f8rste multiplikator, kan de f\u00e5 fuld adgang til pr\u00e6miepuljen, som er mere end 2 millioner euro v\u00e6rd.<\/p>\n<p>Denne teknik giver spillerne en anden m\u00e5de at \u00e6ndre oddsene for at vinde i keno p\u00e5. Det giver b\u00e5de forsigtige spillere og risikovillige spillere en fair m\u00e5de at spille p\u00e5.<\/p>\n<h2>Kontanter og indskud bruges til transaktioner.<\/h2>\n<p>Du skal inds\u00e6tte penge p\u00e5 din konto og k\u00f8be billetter online for at spille Gold Keno. Transaktionerne er hurtige, sikre og enkle at forst\u00e5, s\u00e5 du kan deltage i enhver lodtr\u00e6kning med det samme.<\/p>\n<h2>Der er mange Gold Keno-lodtr\u00e6kninger<\/h2>\n<p>Du beh\u00f8ver ikke vente p\u00e5 at spille Gold Keno, som du g\u00f8r med andre lotterier. Hvert par minutter er der nye lodtr\u00e6kninger, hvilket g\u00f8r kampen om hovedpr\u00e6mien p\u00e5 2 millioner euro til et sjovt og uendeligt eventyr. Da der er s\u00e5 mange lodtr\u00e6kninger, testes oddsene for at vinde i keno igen og igen, hvilket g\u00f8r spillet underholdende.<\/p>\n<h2>En tilf\u00e6ldig talgenerator (RNG) for fair play<\/h2>\n<p>For at sikre, at hver Gold Keno-lodtr\u00e6kning er fair, bruger vi en valideret tilf\u00e6ldig talgenerator (RNG). Da hvert resultat er fuldst\u00e6ndig tilf\u00e6ldigt, er chancen for at vinde pr\u00e6mien p\u00e5 2 millioner euro ikke baseret p\u00e5 g\u00e6tteri, men p\u00e5 tilf\u00e6ldigheder. Dette sikrer, at alle har samme chance for at vinde i keno.<\/p>\n<h2>Tjek dine gevinster og tag dem med dig<\/h2>\n<p>Spillere kan se resultaterne med det samme i afsnittet \u00bbMine kuponer\u00ab. De mindre gevinster g\u00e5r straks ind p\u00e5 din konto, og de st\u00f8rre, som kan v\u00e6re op til 2.500 \u20ac, overf\u00f8res ogs\u00e5 med det samme. Forsikringen garanterer hovedpr\u00e6mien p\u00e5 2 millioner \u20ac og andre store pr\u00e6mier, og regeringen kontrollerer, at de udbetales.<\/p>\n<h2>Alle vindere har ret til at f\u00e5 deres penge tilbage<\/h2>\n<p>I mods\u00e6tning til de fleste lotterier udbetaler Gold Keno uanset hvor mange billetter der s\u00e6lges. Spillet er ikke kun sikkert, men ogs\u00e5 rentabelt, fordi alle pr\u00e6mier, inklusive lotteriets jackpot p\u00e5 2 millioner euro, er fuldt sikre.<\/p>\n<h2>Der er ingen papirbilletter, fordi alt foreg\u00e5r online.<\/h2>\n<p>Du har ikke brug for papirbilletter, fordi Gold Keno er fuldst\u00e6ndig digitalt. Dette system holder styr p\u00e5 alle indsendelser, s\u00e5 intet kan g\u00e5 tabt eller blive stj\u00e5let.<\/p>\n<h2>Afsluttende bem\u00e6rkninger: Hvad adskiller Gold Keno fra andre Keno-spil<\/h2>\n<p>Gold Keno er stadig et af de mest sp\u00e6ndende online lotterispil, da der er tr\u00e6kninger hvert par minutter, fair tilf\u00e6ldige talgeneratorresultater, garanterede gevinster og chancen for at vinde jackpotten p\u00e5 2 millioner euro. For folk, der overvejer oddsene for at vinde i keno, er dette spil b\u00e5de sp\u00e6ndende og betryggende, da hver kupon kan \u00e6ndre forl\u00f8bet af spillet for spillere med store m\u00e5l.<\/p>\n","protected":false},"excerpt":{"rendered":"<p>Jackpotten p\u00e5 2 millioner euro venter p\u00e5 dig i Gold Keno. Gold Keno er et online lotterispil, der er rigtig underholdende at spille. Alle, der spiller, kan vinde den fantastiske hovedpr\u00e6mie p\u00e5 2 millioner euro. Det er let at se, hvorfor Gold Keno er s\u00e5 popul\u00e6rt: Hver tr\u00e6kning giver dig en reel chance for at [&hellip;]<\/p>\n","protected":false},"author":8,"featured_media":0,"parent":84382,"menu_order":42,"comment_status":"closed","ping_status":"closed","template":"","meta":{"_et_pb_use_builder":"","_et_pb_old_content":"","_et_gb_content_width":"","exclude_from_search":false,"footnotes":""},"class_list":["post-102321","page","type-page","status-publish","hentry"],"yoast_head":"<!-- This site is optimized with the Yoast SEO plugin v23.8 - https:\/\/yoast.com\/wordpress\/plugins\/seo\/ -->\n<title>Odds for at vinde i Keno | Vores Keno-spil har gode odds og pr\u00e6mier<\/title>\n<meta name=\"description\" content=\"N\u00e5r du spiller Keno online, skal du se p\u00e5 oddsene for de spil, du finder. Vores Gold Keno har en topudbetaling p\u00e5 2 millioner euro kombineret med de bedste odds, du kan finde online.\" \/>\n<meta name=\"robots\" content=\"index, follow, max-snippet:-1, max-image-preview:large, max-video-preview:-1\" \/>\n<link rel=\"canonical\" href=\"https:\/\/redfoxlotto.com\/da\/keno\/odds-for-at-vinde-i-keno\/\" \/>\n<meta property=\"og:locale\" content=\"da_DK\" \/>\n<meta property=\"og:type\" content=\"article\" \/>\n<meta property=\"og:title\" content=\"Odds for at vinde i Keno | Vores Keno-spil har gode odds og pr\u00e6mier\" \/>\n<meta property=\"og:description\" content=\"N\u00e5r du spiller Keno online, skal du se p\u00e5 oddsene for de spil, du finder. Vores Gold Keno har en topudbetaling p\u00e5 2 millioner euro kombineret med de bedste odds, du kan finde online.\" \/>\n<meta property=\"og:url\" content=\"https:\/\/redfoxlotto.com\/da\/keno\/odds-for-at-vinde-i-keno\/\" \/>\n<meta property=\"og:site_name\" content=\"Get Tickets for the World\u2019s largest jackpots\" \/>\n<meta property=\"article:modified_time\" content=\"2026-01-12T09:57:54+00:00\" \/>\n<meta property=\"og:image\" content=\"https:\/\/redfoxlotto.com\/wp-content\/uploads\/2025\/09\/gold-keno-win-2-300x300.jpg\" \/>\n<meta name=\"twitter:card\" content=\"summary_large_image\" \/>\n<meta name=\"twitter:label1\" content=\"Estimeret l\u00e6setid\" \/>\n\t<meta name=\"twitter:data1\" content=\"4 minutter\" \/>\n<script type=\"application\/ld+json\" class=\"yoast-schema-graph\">{\"@context\":\"https:\/\/schema.org\",\"@graph\":[{\"@type\":\"WebPage\",\"@id\":\"https:\/\/redfoxlotto.com\/da\/keno\/odds-for-at-vinde-i-keno\/\",\"url\":\"https:\/\/redfoxlotto.com\/da\/keno\/odds-for-at-vinde-i-keno\/\",\"name\":\"Odds for at vinde i Keno | Vores Keno-spil har gode odds og pr\u00e6mier\",\"isPartOf\":{\"@id\":\"https:\/\/redfoxlotto.com\/da\/#website\"},\"primaryImageOfPage\":{\"@id\":\"https:\/\/redfoxlotto.com\/da\/keno\/odds-for-at-vinde-i-keno\/#primaryimage\"},\"image\":{\"@id\":\"https:\/\/redfoxlotto.com\/da\/keno\/odds-for-at-vinde-i-keno\/#primaryimage\"},\"thumbnailUrl\":\"https:\/\/redfoxlotto.com\/wp-content\/uploads\/2025\/09\/gold-keno-win-2-300x300.jpg\",\"datePublished\":\"2025-02-12T11:20:21+00:00\",\"dateModified\":\"2026-01-12T09:57:54+00:00\",\"description\":\"N\u00e5r du spiller Keno online, skal du se p\u00e5 oddsene for de spil, du finder. Vores Gold Keno har en topudbetaling p\u00e5 2 millioner euro kombineret med de bedste odds, du kan finde online.\",\"breadcrumb\":{\"@id\":\"https:\/\/redfoxlotto.com\/da\/keno\/odds-for-at-vinde-i-keno\/#breadcrumb\"},\"inLanguage\":\"da-DK\",\"potentialAction\":[{\"@type\":\"ReadAction\",\"target\":[\"https:\/\/redfoxlotto.com\/da\/keno\/odds-for-at-vinde-i-keno\/\"]}]},{\"@type\":\"ImageObject\",\"inLanguage\":\"da-DK\",\"@id\":\"https:\/\/redfoxlotto.com\/da\/keno\/odds-for-at-vinde-i-keno\/#primaryimage\",\"url\":\"https:\/\/redfoxlotto.com\/wp-content\/uploads\/2025\/09\/gold-keno-win-2-300x300.jpg\",\"contentUrl\":\"https:\/\/redfoxlotto.com\/wp-content\/uploads\/2025\/09\/gold-keno-win-2-300x300.jpg\"},{\"@type\":\"BreadcrumbList\",\"@id\":\"https:\/\/redfoxlotto.com\/da\/keno\/odds-for-at-vinde-i-keno\/#breadcrumb\",\"itemListElement\":[{\"@type\":\"ListItem\",\"position\":1,\"name\":\"Home\",\"item\":\"https:\/\/redfoxlotto.com\/da\/\"},{\"@type\":\"ListItem\",\"position\":2,\"name\":\"Keno\",\"item\":\"https:\/\/redfoxlotto.com\/da\/keno\/\"},{\"@type\":\"ListItem\",\"position\":3,\"name\":\"Vindertallene i Gold Keno\"}]},{\"@type\":\"WebSite\",\"@id\":\"https:\/\/redfoxlotto.com\/da\/#website\",\"url\":\"https:\/\/redfoxlotto.com\/da\/\",\"name\":\"Get Tickets for the World\u2019s largest jackpots\",\"description\":\"Participate in worldwide lottery jackpots from any country\",\"publisher\":{\"@id\":\"https:\/\/redfoxlotto.com\/da\/#organization\"},\"potentialAction\":[{\"@type\":\"SearchAction\",\"target\":{\"@type\":\"EntryPoint\",\"urlTemplate\":\"https:\/\/redfoxlotto.com\/da\/?s={search_term_string}\"},\"query-input\":{\"@type\":\"PropertyValueSpecification\",\"valueRequired\":true,\"valueName\":\"search_term_string\"}}],\"inLanguage\":\"da-DK\"},{\"@type\":\"Organization\",\"@id\":\"https:\/\/redfoxlotto.com\/da\/#organization\",\"name\":\"Get Tickets for the World\u2019s largest jackpots\",\"url\":\"https:\/\/redfoxlotto.com\/da\/\",\"logo\":{\"@type\":\"ImageObject\",\"inLanguage\":\"da-DK\",\"@id\":\"https:\/\/redfoxlotto.com\/da\/#\/schema\/logo\/image\/\",\"url\":\"https:\/\/redfoxlotto.com\/wp-content\/uploads\/2023\/04\/logo.png\",\"contentUrl\":\"https:\/\/redfoxlotto.com\/wp-content\/uploads\/2023\/04\/logo.png\",\"width\":269,\"height\":53,\"caption\":\"Get Tickets for the World\u2019s largest jackpots\"},\"image\":{\"@id\":\"https:\/\/redfoxlotto.com\/da\/#\/schema\/logo\/image\/\"}}]}<\/script>\n<!-- \/ Yoast SEO plugin. -->","yoast_head_json":{"title":"Odds for at vinde i Keno | Vores Keno-spil har gode odds og pr\u00e6mier","description":"N\u00e5r du spiller Keno online, skal du se p\u00e5 oddsene for de spil, du finder. Vores Gold Keno har en topudbetaling p\u00e5 2 millioner euro kombineret med de bedste odds, du kan finde online.","robots":{"index":"index","follow":"follow","max-snippet":"max-snippet:-1","max-image-preview":"max-image-preview:large","max-video-preview":"max-video-preview:-1"},"canonical":"https:\/\/redfoxlotto.com\/da\/keno\/odds-for-at-vinde-i-keno\/","og_locale":"da_DK","og_type":"article","og_title":"Odds for at vinde i Keno | Vores Keno-spil har gode odds og pr\u00e6mier","og_description":"N\u00e5r du spiller Keno online, skal du se p\u00e5 oddsene for de spil, du finder. Vores Gold Keno har en topudbetaling p\u00e5 2 millioner euro kombineret med de bedste odds, du kan finde online.","og_url":"https:\/\/redfoxlotto.com\/da\/keno\/odds-for-at-vinde-i-keno\/","og_site_name":"Get Tickets for the World\u2019s largest jackpots","article_modified_time":"2026-01-12T09:57:54+00:00","og_image":[{"url":"https:\/\/redfoxlotto.com\/wp-content\/uploads\/2025\/09\/gold-keno-win-2-300x300.jpg"}],"twitter_card":"summary_large_image","twitter_misc":{"Estimeret l\u00e6setid":"4 minutter"},"schema":{"@context":"https:\/\/schema.org","@graph":[{"@type":"WebPage","@id":"https:\/\/redfoxlotto.com\/da\/keno\/odds-for-at-vinde-i-keno\/","url":"https:\/\/redfoxlotto.com\/da\/keno\/odds-for-at-vinde-i-keno\/","name":"Odds for at vinde i Keno | Vores Keno-spil har gode odds og pr\u00e6mier","isPartOf":{"@id":"https:\/\/redfoxlotto.com\/da\/#website"},"primaryImageOfPage":{"@id":"https:\/\/redfoxlotto.com\/da\/keno\/odds-for-at-vinde-i-keno\/#primaryimage"},"image":{"@id":"https:\/\/redfoxlotto.com\/da\/keno\/odds-for-at-vinde-i-keno\/#primaryimage"},"thumbnailUrl":"https:\/\/redfoxlotto.com\/wp-content\/uploads\/2025\/09\/gold-keno-win-2-300x300.jpg","datePublished":"2025-02-12T11:20:21+00:00","dateModified":"2026-01-12T09:57:54+00:00","description":"N\u00e5r du spiller Keno online, skal du se p\u00e5 oddsene for de spil, du finder. Vores Gold Keno har en topudbetaling p\u00e5 2 millioner euro kombineret med de bedste odds, du kan finde online.","breadcrumb":{"@id":"https:\/\/redfoxlotto.com\/da\/keno\/odds-for-at-vinde-i-keno\/#breadcrumb"},"inLanguage":"da-DK","potentialAction":[{"@type":"ReadAction","target":["https:\/\/redfoxlotto.com\/da\/keno\/odds-for-at-vinde-i-keno\/"]}]},{"@type":"ImageObject","inLanguage":"da-DK","@id":"https:\/\/redfoxlotto.com\/da\/keno\/odds-for-at-vinde-i-keno\/#primaryimage","url":"https:\/\/redfoxlotto.com\/wp-content\/uploads\/2025\/09\/gold-keno-win-2-300x300.jpg","contentUrl":"https:\/\/redfoxlotto.com\/wp-content\/uploads\/2025\/09\/gold-keno-win-2-300x300.jpg"},{"@type":"BreadcrumbList","@id":"https:\/\/redfoxlotto.com\/da\/keno\/odds-for-at-vinde-i-keno\/#breadcrumb","itemListElement":[{"@type":"ListItem","position":1,"name":"Home","item":"https:\/\/redfoxlotto.com\/da\/"},{"@type":"ListItem","position":2,"name":"Keno","item":"https:\/\/redfoxlotto.com\/da\/keno\/"},{"@type":"ListItem","position":3,"name":"Vindertallene i Gold Keno"}]},{"@type":"WebSite","@id":"https:\/\/redfoxlotto.com\/da\/#website","url":"https:\/\/redfoxlotto.com\/da\/","name":"Get Tickets for the World\u2019s largest jackpots","description":"Participate in worldwide lottery jackpots from any country","publisher":{"@id":"https:\/\/redfoxlotto.com\/da\/#organization"},"potentialAction":[{"@type":"SearchAction","target":{"@type":"EntryPoint","urlTemplate":"https:\/\/redfoxlotto.com\/da\/?s={search_term_string}"},"query-input":{"@type":"PropertyValueSpecification","valueRequired":true,"valueName":"search_term_string"}}],"inLanguage":"da-DK"},{"@type":"Organization","@id":"https:\/\/redfoxlotto.com\/da\/#organization","name":"Get Tickets for the World\u2019s largest jackpots","url":"https:\/\/redfoxlotto.com\/da\/","logo":{"@type":"ImageObject","inLanguage":"da-DK","@id":"https:\/\/redfoxlotto.com\/da\/#\/schema\/logo\/image\/","url":"https:\/\/redfoxlotto.com\/wp-content\/uploads\/2023\/04\/logo.png","contentUrl":"https:\/\/redfoxlotto.com\/wp-content\/uploads\/2023\/04\/logo.png","width":269,"height":53,"caption":"Get Tickets for the World\u2019s largest jackpots"},"image":{"@id":"https:\/\/redfoxlotto.com\/da\/#\/schema\/logo\/image\/"}}]}},"_links":{"self":[{"href":"https:\/\/redfoxlotto.com\/da\/wp-json\/wp\/v2\/pages\/102321","targetHints":{"allow":["GET"]}}],"collection":[{"href":"https:\/\/redfoxlotto.com\/da\/wp-json\/wp\/v2\/pages"}],"about":[{"href":"https:\/\/redfoxlotto.com\/da\/wp-json\/wp\/v2\/types\/page"}],"author":[{"embeddable":true,"href":"https:\/\/redfoxlotto.com\/da\/wp-json\/wp\/v2\/users\/8"}],"replies":[{"embeddable":true,"href":"https:\/\/redfoxlotto.com\/da\/wp-json\/wp\/v2\/comments?post=102321"}],"version-history":[{"count":0,"href":"https:\/\/redfoxlotto.com\/da\/wp-json\/wp\/v2\/pages\/102321\/revisions"}],"up":[{"embeddable":true,"href":"https:\/\/redfoxlotto.com\/da\/wp-json\/wp\/v2\/pages\/84382"}],"wp:attachment":[{"href":"https:\/\/redfoxlotto.com\/da\/wp-json\/wp\/v2\/media?parent=102321"}],"curies":[{"name":"wp","href":"https:\/\/api.w.org\/{rel}","templated":true}]}}