{"id":102052,"date":"2025-05-22T08:53:38","date_gmt":"2025-05-22T08:53:38","guid":{"rendered":"https:\/\/redfoxlotto.com\/?page_id=102052"},"modified":"2026-01-10T05:47:05","modified_gmt":"2026-01-10T05:47:05","slug":"vindende-numre-i-platinum-keno","status":"publish","type":"page","link":"https:\/\/redfoxlotto.com\/da\/keno\/vindende-numre-i-platinum-keno\/","title":{"rendered":"Vindende numre i Platinum Keno"},"content":{"rendered":"<h2>Hvordan oddsene v\u00e6lges, og hvor du finder resultaterne i Platinum Keno<\/h2>\n<p><img loading=\"lazy\" decoding=\"async\" class=\"size-medium wp-image-83635 alignright\" src=\"https:\/\/redfoxlotto.com\/wp-content\/uploads\/2025\/03\/keno_card-300x300.jpg\" alt=\"platnum keno\" width=\"300\" height=\"300\" srcset=\"https:\/\/redfoxlotto.com\/wp-content\/uploads\/2025\/03\/keno_card-300x300.jpg 300w, https:\/\/redfoxlotto.com\/wp-content\/uploads\/2025\/03\/keno_card-150x150.jpg 150w, https:\/\/redfoxlotto.com\/wp-content\/uploads\/2025\/03\/keno_card-100x100.jpg 100w, https:\/\/redfoxlotto.com\/wp-content\/uploads\/2025\/03\/keno_card.jpg 307w\" sizes=\"auto, (max-width: 300px) 100vw, 300px\" \/><br \/>\nPlatinum Keno er ved at blive et af de mest popul\u00e6re lotterispil. Snart kan spillerne nyde alt det sjove ved traditionelt Keno fra deres egne sk\u00e6rme takket v\u00e6re hurtige tr\u00e6kninger, klare regler og den lette adgang til at spille online. Der er endnu ingen live resultater, men her er hvad du beh\u00f8ver at vide om, hvordan numrene v\u00e6lges, hvor du kan finde dem, og hvordan du kan se, om du har vundet, n\u00e5r spillet starter.<\/p>\n<h2>Trinene til at v\u00e6lge Platinum Keno-numre<\/h2>\n<p>Platinum Keno er baseret p\u00e5 ideen om, at alt skal v\u00e6re fair. En kontrolleret tilf\u00e6ldig talgenerator (RNG) v\u00e6lger numrene. Dette skal g\u00f8re hver lodtr\u00e6kning fuldst\u00e6ndig tilf\u00e6ldig. RNG sikrer, at hvert tal i puljen har lige stor chance for at blive valgt, ligesom n\u00e5r du tr\u00e6kker nummererede kugler fra en maskine.<\/p>\n<ul>\n<li>Spillere v\u00e6lger fra en pulje af tal fra 1 til 80.<\/li>\n<li>Tr\u00e6kningsst\u00f8rrelse: Hver runde v\u00e6lges 20 tal tilf\u00e6ldigt.<\/li>\n<li>Lige chancer: Der er ingen favoritnumre; det hele afh\u00e6nger af held.<\/li>\n<li>Med denne metode er hver lodtr\u00e6kning gennemsigtig, kan kontrolleres og er baseret p\u00e5 tillid.<\/li>\n<\/ul>\n<h2>S\u00e5dan spiller du spillet.<\/h2>\n<p>Platinum Keno er lavet til b\u00e5de regelm\u00e6ssige spillere og folk, der \u00f8nsker at vinde store jackpots. V\u00e6lg tal fra en pulje p\u00e5 80, hvoraf 20 v\u00e6lges tilf\u00e6ldigt. S\u00e5dan spilles spillet. Du \u00f8nsker, at s\u00e5 mange af dine valg som muligt passer.<\/p>\n<h2>Valg af numre.<\/h2>\n<p>Du v\u00e6lger antallet af \u00bbpladser\u00ab (numre), du vil spille. Forskellige mennesker v\u00e6lger forskellige antal kort. Antallet af pladser, du v\u00e6lger, har direkte indflydelse p\u00e5 dine chancer og det bel\u00f8b, du kan vinde.<\/p>\n<h2>Valg af faktor.<\/h2>\n<p>Platinum Keno har en multiplikator, der \u00e6ndrer gevinsterne. I dette tilf\u00e6lde, hvis den h\u00f8jeste multiplikator er 5, vil du ved at spille med en 1x multiplikator f\u00e5 20 % af 5x gevinsten. Hvis ti er det h\u00f8jeste. Hvis topgevinsten er 10, vil en 1x billet udbetale 10 % af 10x udbetalingen. En st\u00f8rre multiplikator \u00f8ger b\u00e5de prisen p\u00e5 din billet og chancen for at vinde.<\/p>\n<h2>Brug af udbetalingslisten<\/h2>\n<p>Den fort\u00e6ller dig pr\u00e6cis, hvor meget du kan vinde baseret p\u00e5 de numre, du v\u00e6lger, og bonussen. T\u00e6nk p\u00e5 det som et pr\u00e6miekort; det fort\u00e6ller dig, hvad der er p\u00e5 spil, inden lodtr\u00e6kningen finder sted.<\/p>\n<h2>Hvordan valg p\u00e5virker, hvad der sker<\/h2>\n<p>Hvis du v\u00e6lger flere numre, stiger den st\u00f8rste pr\u00e6mie, du kan vinde, men dine chancer for at ramme dem alle falder. Derimod \u00f8ger en h\u00f8jere multiplikator udbetalingen, hvis du vinder, men du skal satse flere penge i starten. Platinum Keno er b\u00e5de sp\u00e6ndende og risikabelt, fordi du skal afveje risiko og fortjeneste.<\/p>\n<h2>De bedste steder at finde Platinum Keno-resultater<\/h2>\n<p>S\u00e5 snart Platinum Keno starter, vil de mest opdaterede resultater v\u00e6re tilg\u00e6ngelige p\u00e5 RedFoxLottos resultatside. Du beh\u00f8ver ikke at forlade appen for at holde styr p\u00e5 tidligere og nuv\u00e6rende tr\u00e6kninger p\u00e5 denne m\u00e5de.<\/p>\n<p>Du kan g\u00f8re f\u00f8lgende:<\/p>\n<ul>\n<li>Se den fulde liste over numre, der er valgt til hvert spil.<\/li>\n<li>Se tidligere tr\u00e6kninger for at se temaer og tendenser.<\/li>\n<li>Hold dig opdateret med nyhederne uden at skulle lede andre steder.<\/li>\n<\/ul>\n<h2>S\u00e5dan finder du ud af, om du har vundet<\/h2>\n<p>Ikke l\u00e6ngere med papirkuponer \u2013 Platinum Keno er kun et computerspil. Dine numre gemmes p\u00e5 din RedFoxLotto-konto umiddelbart efter hvert spil. Du kan tjekke resultaterne lige efter hver lodtr\u00e6kning:<\/p>\n<p>Klik p\u00e5 \u00bbMine kuponer\u00ab \u2013 Her vises alle de kuponer, du har k\u00f8bt.<\/p>\n<p>Sammenlign dine numre med resultaterne: Hvis dine numre er de samme som dem, der blev trukket i den vindende lodtr\u00e6kning, viser systemet straks disse match til dig.<\/p>\n<p>S\u00e5 snart du har vundet, vises det bel\u00f8b, du vil modtage, s\u00e5 du kan se det. Bel\u00f8nninger af mindre v\u00e6rdi inds\u00e6ttes direkte p\u00e5 din konto, mens bel\u00f8nninger af st\u00f8rre v\u00e6rdi kan v\u00e6re underlagt verifikation, f\u00f8r de overf\u00f8res.<\/p>\n<h2>Indbetalinger og spil<\/h2>\n<p>Du skal have penge p\u00e5 din RedFoxLotto-konto for at kunne spille Platinum Keno. Det er nemt og sikkert at foretage en indbetaling, og n\u00e5r dit bel\u00f8b er tilf\u00f8jet, kan du bruge det med det samme til at k\u00f8be lodder.<\/p>\n<h2>Hvorfor du kan stole p\u00e5 resultaterne<\/h2>\n<p>Alle gevinster i Platinum Keno er d\u00e6kket af en forsikring, s\u00e5 du f\u00e5r dine penge tilbage, uanset om du vinder 5 \u20ac eller 500.000 \u20ac. RedFoxLotto s\u00f8rger for, at du f\u00e5r udbetalt dine gevinster, og RNG s\u00f8rger for, at alt foreg\u00e5r p\u00e5 en fair m\u00e5de.<\/p>\n<h2>Konklusion<\/h2>\n<p>Det er som en blanding mellem den gammeldags m\u00e5de at tr\u00e6kke numre p\u00e5 og den lette m\u00e5de at spille computerspil p\u00e5. Selvom de endelige resultater endnu ikke er kommet, kan spillerne se frem til:<\/p>\n<ul>\n<li>Fair lodtr\u00e6kninger verificeret af RNG.<\/li>\n<li>Spillet g\u00e5r hurtigt, og du f\u00e5r resultater hvert par minutter.<\/li>\n<li>RedFoxLotto g\u00f8r det nemt at komme direkte til resultaterne.<\/li>\n<li>Din konto holder automatisk styr p\u00e5 gevinster.<\/li>\n<li>N\u00e5r spillet starter, skal du bare vende tilbage efter lodtr\u00e6kningen for at se, om du har vundet.<\/li>\n<\/ul>\n","protected":false},"excerpt":{"rendered":"<p>Hvordan oddsene v\u00e6lges, og hvor du finder resultaterne i Platinum Keno Platinum Keno er ved at blive et af de mest popul\u00e6re lotterispil. Snart kan spillerne nyde alt det sjove ved traditionelt Keno fra deres egne sk\u00e6rme takket v\u00e6re hurtige tr\u00e6kninger, klare regler og den lette adgang til at spille online. Der er endnu ingen [&hellip;]<\/p>\n","protected":false},"author":8,"featured_media":0,"parent":84382,"menu_order":41,"comment_status":"closed","ping_status":"closed","template":"","meta":{"_et_pb_use_builder":"","_et_pb_old_content":"","_et_gb_content_width":"","exclude_from_search":false,"footnotes":""},"class_list":["post-102052","page","type-page","status-publish","hentry"],"yoast_head":"<!-- This site is optimized with the Yoast SEO plugin v23.8 - https:\/\/yoast.com\/wordpress\/plugins\/seo\/ -->\n<title>Keno-lotteriresultater for denne daglige online Keno-lodtr\u00e6kning p\u00e5 5 millioner euro<\/title>\n<meta name=\"description\" content=\"Dette Keno-lotteri tr\u00e6kker dagligt en hovedpr\u00e6mie p\u00e5 5 millioner euro \u2013 se resultaterne for vores Keno-lodtr\u00e6kninger her. Vi har et Keno-spil p\u00e5 5 millioner euro og et p\u00e5 10 millioner euro.\" \/>\n<meta name=\"robots\" content=\"index, follow, max-snippet:-1, max-image-preview:large, max-video-preview:-1\" \/>\n<link rel=\"canonical\" href=\"https:\/\/redfoxlotto.com\/da\/keno\/vindende-numre-i-platinum-keno\/\" \/>\n<meta property=\"og:locale\" content=\"da_DK\" \/>\n<meta property=\"og:type\" content=\"article\" \/>\n<meta property=\"og:title\" content=\"Keno-lotteriresultater for denne daglige online Keno-lodtr\u00e6kning p\u00e5 5 millioner euro\" \/>\n<meta property=\"og:description\" content=\"Dette Keno-lotteri tr\u00e6kker dagligt en hovedpr\u00e6mie p\u00e5 5 millioner euro \u2013 se resultaterne for vores Keno-lodtr\u00e6kninger her. Vi har et Keno-spil p\u00e5 5 millioner euro og et p\u00e5 10 millioner euro.\" \/>\n<meta property=\"og:url\" content=\"https:\/\/redfoxlotto.com\/da\/keno\/vindende-numre-i-platinum-keno\/\" \/>\n<meta property=\"og:site_name\" content=\"Get Tickets for the World\u2019s largest jackpots\" \/>\n<meta property=\"article:modified_time\" content=\"2026-01-10T05:47:05+00:00\" \/>\n<meta property=\"og:image\" content=\"https:\/\/redfoxlotto.com\/wp-content\/uploads\/2025\/03\/keno_card-300x300.jpg\" \/>\n<meta name=\"twitter:card\" content=\"summary_large_image\" \/>\n<meta name=\"twitter:label1\" content=\"Estimeret l\u00e6setid\" \/>\n\t<meta name=\"twitter:data1\" content=\"4 minutter\" \/>\n<script type=\"application\/ld+json\" class=\"yoast-schema-graph\">{\"@context\":\"https:\/\/schema.org\",\"@graph\":[{\"@type\":\"WebPage\",\"@id\":\"https:\/\/redfoxlotto.com\/da\/keno\/vindende-numre-i-platinum-keno\/\",\"url\":\"https:\/\/redfoxlotto.com\/da\/keno\/vindende-numre-i-platinum-keno\/\",\"name\":\"Keno-lotteriresultater for denne daglige online Keno-lodtr\u00e6kning p\u00e5 5 millioner euro\",\"isPartOf\":{\"@id\":\"https:\/\/redfoxlotto.com\/da\/#website\"},\"primaryImageOfPage\":{\"@id\":\"https:\/\/redfoxlotto.com\/da\/keno\/vindende-numre-i-platinum-keno\/#primaryimage\"},\"image\":{\"@id\":\"https:\/\/redfoxlotto.com\/da\/keno\/vindende-numre-i-platinum-keno\/#primaryimage\"},\"thumbnailUrl\":\"https:\/\/redfoxlotto.com\/wp-content\/uploads\/2025\/03\/keno_card-300x300.jpg\",\"datePublished\":\"2025-05-22T08:53:38+00:00\",\"dateModified\":\"2026-01-10T05:47:05+00:00\",\"description\":\"Dette Keno-lotteri tr\u00e6kker dagligt en hovedpr\u00e6mie p\u00e5 5 millioner euro \u2013 se resultaterne for vores Keno-lodtr\u00e6kninger her. Vi har et Keno-spil p\u00e5 5 millioner euro og et p\u00e5 10 millioner euro.\",\"breadcrumb\":{\"@id\":\"https:\/\/redfoxlotto.com\/da\/keno\/vindende-numre-i-platinum-keno\/#breadcrumb\"},\"inLanguage\":\"da-DK\",\"potentialAction\":[{\"@type\":\"ReadAction\",\"target\":[\"https:\/\/redfoxlotto.com\/da\/keno\/vindende-numre-i-platinum-keno\/\"]}]},{\"@type\":\"ImageObject\",\"inLanguage\":\"da-DK\",\"@id\":\"https:\/\/redfoxlotto.com\/da\/keno\/vindende-numre-i-platinum-keno\/#primaryimage\",\"url\":\"https:\/\/redfoxlotto.com\/wp-content\/uploads\/2025\/03\/keno_card-300x300.jpg\",\"contentUrl\":\"https:\/\/redfoxlotto.com\/wp-content\/uploads\/2025\/03\/keno_card-300x300.jpg\"},{\"@type\":\"BreadcrumbList\",\"@id\":\"https:\/\/redfoxlotto.com\/da\/keno\/vindende-numre-i-platinum-keno\/#breadcrumb\",\"itemListElement\":[{\"@type\":\"ListItem\",\"position\":1,\"name\":\"Home\",\"item\":\"https:\/\/redfoxlotto.com\/da\/\"},{\"@type\":\"ListItem\",\"position\":2,\"name\":\"Keno\",\"item\":\"https:\/\/redfoxlotto.com\/da\/keno\/\"},{\"@type\":\"ListItem\",\"position\":3,\"name\":\"Vindende numre i Platinum Keno\"}]},{\"@type\":\"WebSite\",\"@id\":\"https:\/\/redfoxlotto.com\/da\/#website\",\"url\":\"https:\/\/redfoxlotto.com\/da\/\",\"name\":\"Get Tickets for the World\u2019s largest jackpots\",\"description\":\"Participate in worldwide lottery jackpots from any country\",\"publisher\":{\"@id\":\"https:\/\/redfoxlotto.com\/da\/#organization\"},\"potentialAction\":[{\"@type\":\"SearchAction\",\"target\":{\"@type\":\"EntryPoint\",\"urlTemplate\":\"https:\/\/redfoxlotto.com\/da\/?s={search_term_string}\"},\"query-input\":{\"@type\":\"PropertyValueSpecification\",\"valueRequired\":true,\"valueName\":\"search_term_string\"}}],\"inLanguage\":\"da-DK\"},{\"@type\":\"Organization\",\"@id\":\"https:\/\/redfoxlotto.com\/da\/#organization\",\"name\":\"Get Tickets for the World\u2019s largest jackpots\",\"url\":\"https:\/\/redfoxlotto.com\/da\/\",\"logo\":{\"@type\":\"ImageObject\",\"inLanguage\":\"da-DK\",\"@id\":\"https:\/\/redfoxlotto.com\/da\/#\/schema\/logo\/image\/\",\"url\":\"https:\/\/redfoxlotto.com\/wp-content\/uploads\/2023\/04\/logo.png\",\"contentUrl\":\"https:\/\/redfoxlotto.com\/wp-content\/uploads\/2023\/04\/logo.png\",\"width\":269,\"height\":53,\"caption\":\"Get Tickets for the World\u2019s largest jackpots\"},\"image\":{\"@id\":\"https:\/\/redfoxlotto.com\/da\/#\/schema\/logo\/image\/\"}}]}<\/script>\n<!-- \/ Yoast SEO plugin. -->","yoast_head_json":{"title":"Keno-lotteriresultater for denne daglige online Keno-lodtr\u00e6kning p\u00e5 5 millioner euro","description":"Dette Keno-lotteri tr\u00e6kker dagligt en hovedpr\u00e6mie p\u00e5 5 millioner euro \u2013 se resultaterne for vores Keno-lodtr\u00e6kninger her. Vi har et Keno-spil p\u00e5 5 millioner euro og et p\u00e5 10 millioner euro.","robots":{"index":"index","follow":"follow","max-snippet":"max-snippet:-1","max-image-preview":"max-image-preview:large","max-video-preview":"max-video-preview:-1"},"canonical":"https:\/\/redfoxlotto.com\/da\/keno\/vindende-numre-i-platinum-keno\/","og_locale":"da_DK","og_type":"article","og_title":"Keno-lotteriresultater for denne daglige online Keno-lodtr\u00e6kning p\u00e5 5 millioner euro","og_description":"Dette Keno-lotteri tr\u00e6kker dagligt en hovedpr\u00e6mie p\u00e5 5 millioner euro \u2013 se resultaterne for vores Keno-lodtr\u00e6kninger her. Vi har et Keno-spil p\u00e5 5 millioner euro og et p\u00e5 10 millioner euro.","og_url":"https:\/\/redfoxlotto.com\/da\/keno\/vindende-numre-i-platinum-keno\/","og_site_name":"Get Tickets for the World\u2019s largest jackpots","article_modified_time":"2026-01-10T05:47:05+00:00","og_image":[{"url":"https:\/\/redfoxlotto.com\/wp-content\/uploads\/2025\/03\/keno_card-300x300.jpg"}],"twitter_card":"summary_large_image","twitter_misc":{"Estimeret l\u00e6setid":"4 minutter"},"schema":{"@context":"https:\/\/schema.org","@graph":[{"@type":"WebPage","@id":"https:\/\/redfoxlotto.com\/da\/keno\/vindende-numre-i-platinum-keno\/","url":"https:\/\/redfoxlotto.com\/da\/keno\/vindende-numre-i-platinum-keno\/","name":"Keno-lotteriresultater for denne daglige online Keno-lodtr\u00e6kning p\u00e5 5 millioner euro","isPartOf":{"@id":"https:\/\/redfoxlotto.com\/da\/#website"},"primaryImageOfPage":{"@id":"https:\/\/redfoxlotto.com\/da\/keno\/vindende-numre-i-platinum-keno\/#primaryimage"},"image":{"@id":"https:\/\/redfoxlotto.com\/da\/keno\/vindende-numre-i-platinum-keno\/#primaryimage"},"thumbnailUrl":"https:\/\/redfoxlotto.com\/wp-content\/uploads\/2025\/03\/keno_card-300x300.jpg","datePublished":"2025-05-22T08:53:38+00:00","dateModified":"2026-01-10T05:47:05+00:00","description":"Dette Keno-lotteri tr\u00e6kker dagligt en hovedpr\u00e6mie p\u00e5 5 millioner euro \u2013 se resultaterne for vores Keno-lodtr\u00e6kninger her. Vi har et Keno-spil p\u00e5 5 millioner euro og et p\u00e5 10 millioner euro.","breadcrumb":{"@id":"https:\/\/redfoxlotto.com\/da\/keno\/vindende-numre-i-platinum-keno\/#breadcrumb"},"inLanguage":"da-DK","potentialAction":[{"@type":"ReadAction","target":["https:\/\/redfoxlotto.com\/da\/keno\/vindende-numre-i-platinum-keno\/"]}]},{"@type":"ImageObject","inLanguage":"da-DK","@id":"https:\/\/redfoxlotto.com\/da\/keno\/vindende-numre-i-platinum-keno\/#primaryimage","url":"https:\/\/redfoxlotto.com\/wp-content\/uploads\/2025\/03\/keno_card-300x300.jpg","contentUrl":"https:\/\/redfoxlotto.com\/wp-content\/uploads\/2025\/03\/keno_card-300x300.jpg"},{"@type":"BreadcrumbList","@id":"https:\/\/redfoxlotto.com\/da\/keno\/vindende-numre-i-platinum-keno\/#breadcrumb","itemListElement":[{"@type":"ListItem","position":1,"name":"Home","item":"https:\/\/redfoxlotto.com\/da\/"},{"@type":"ListItem","position":2,"name":"Keno","item":"https:\/\/redfoxlotto.com\/da\/keno\/"},{"@type":"ListItem","position":3,"name":"Vindende numre i Platinum Keno"}]},{"@type":"WebSite","@id":"https:\/\/redfoxlotto.com\/da\/#website","url":"https:\/\/redfoxlotto.com\/da\/","name":"Get Tickets for the World\u2019s largest jackpots","description":"Participate in worldwide lottery jackpots from any country","publisher":{"@id":"https:\/\/redfoxlotto.com\/da\/#organization"},"potentialAction":[{"@type":"SearchAction","target":{"@type":"EntryPoint","urlTemplate":"https:\/\/redfoxlotto.com\/da\/?s={search_term_string}"},"query-input":{"@type":"PropertyValueSpecification","valueRequired":true,"valueName":"search_term_string"}}],"inLanguage":"da-DK"},{"@type":"Organization","@id":"https:\/\/redfoxlotto.com\/da\/#organization","name":"Get Tickets for the World\u2019s largest jackpots","url":"https:\/\/redfoxlotto.com\/da\/","logo":{"@type":"ImageObject","inLanguage":"da-DK","@id":"https:\/\/redfoxlotto.com\/da\/#\/schema\/logo\/image\/","url":"https:\/\/redfoxlotto.com\/wp-content\/uploads\/2023\/04\/logo.png","contentUrl":"https:\/\/redfoxlotto.com\/wp-content\/uploads\/2023\/04\/logo.png","width":269,"height":53,"caption":"Get Tickets for the World\u2019s largest jackpots"},"image":{"@id":"https:\/\/redfoxlotto.com\/da\/#\/schema\/logo\/image\/"}}]}},"_links":{"self":[{"href":"https:\/\/redfoxlotto.com\/da\/wp-json\/wp\/v2\/pages\/102052","targetHints":{"allow":["GET"]}}],"collection":[{"href":"https:\/\/redfoxlotto.com\/da\/wp-json\/wp\/v2\/pages"}],"about":[{"href":"https:\/\/redfoxlotto.com\/da\/wp-json\/wp\/v2\/types\/page"}],"author":[{"embeddable":true,"href":"https:\/\/redfoxlotto.com\/da\/wp-json\/wp\/v2\/users\/8"}],"replies":[{"embeddable":true,"href":"https:\/\/redfoxlotto.com\/da\/wp-json\/wp\/v2\/comments?post=102052"}],"version-history":[{"count":0,"href":"https:\/\/redfoxlotto.com\/da\/wp-json\/wp\/v2\/pages\/102052\/revisions"}],"up":[{"embeddable":true,"href":"https:\/\/redfoxlotto.com\/da\/wp-json\/wp\/v2\/pages\/84382"}],"wp:attachment":[{"href":"https:\/\/redfoxlotto.com\/da\/wp-json\/wp\/v2\/media?parent=102052"}],"curies":[{"name":"wp","href":"https:\/\/api.w.org\/{rel}","templated":true}]}}