{"id":87635,"date":"2025-05-19T09:08:38","date_gmt":"2025-05-19T09:08:38","guid":{"rendered":"https:\/\/redfoxlotto.com\/?page_id=87635"},"modified":"2025-05-28T06:38:09","modified_gmt":"2025-05-28T06:38:09","slug":"euromilliony-eu","status":"publish","type":"page","link":"https:\/\/redfoxlotto.com\/cs\/loterie\/euromilliony-eu\/","title":{"rendered":"O euromillions EU"},"content":{"rendered":"<p data-start=\"60\" data-end=\"603\">EuroMillions EU je jednou z\u202fnejv\u011bt\u0161\u00edch a nejpopul\u00e1rn\u011bj\u0161\u00edch loteri\u00ed v\u202fEvrop\u011b, kter\u00e1 ka\u017ed\u00fd t\u00fdden p\u0159itahuje miliony \u00fa\u010dastn\u00edk\u016f d\u00edky sv\u00fdm potenci\u00e1ln\u011b \u017eivot m\u011bn\u00edc\u00edm jackpot\u016fm. Tato loterie, ofici\u00e1ln\u011b zn\u00e1m\u00e1 jako evropsk\u00e1 verze EuroMillions, je velmi obl\u00edben\u00e1 v n\u011bkolika evropsk\u00fdch zem\u00edch, konkr\u00e9tn\u011b ve Francii, \u0160pan\u011blsku, Rakousku, Belgii, Irsku, Lucembursku, Portugalsku a \u0160v\u00fdcarsku. EuroMillions byla spu\u0161t\u011bna 13. \u00fanora 2004, nejprve ve Francii, \u0160pan\u011blsku a Spojen\u00e9m kr\u00e1lovstv\u00ed, a ji\u017e v \u0159\u00edjnu t\u00e9ho\u017e roku se roz\u0161\u00ed\u0159ila do dal\u0161\u00edch evropsk\u00fdch zem\u00ed.<\/p>\n<p><img loading=\"lazy\" decoding=\"async\" class=\"size-full wp-image-48546 alignright\" src=\"https:\/\/redfoxlotto.com\/wp-content\/uploads\/2023\/04\/powerball-draw-youtube1-300x300-1.jpg\" alt=\"euromillions\" width=\"300\" height=\"300\" srcset=\"https:\/\/redfoxlotto.com\/wp-content\/uploads\/2023\/04\/powerball-draw-youtube1-300x300-1.jpg 300w, https:\/\/redfoxlotto.com\/wp-content\/uploads\/2023\/04\/powerball-draw-youtube1-300x300-1-100x100.jpg 100w, https:\/\/redfoxlotto.com\/wp-content\/uploads\/2023\/04\/powerball-draw-youtube1-300x300-1-150x150.jpg 150w\" sizes=\"auto, (max-width: 300px) 100vw, 300px\" \/><\/p>\n<p data-start=\"605\" data-end=\"905\">Ka\u017ed\u00e1 z\u00fa\u010dastn\u011bn\u00e1 zem\u011b m\u00e1 vlastn\u00ed n\u00e1rodn\u00ed loterijn\u00ed spole\u010dnost, kter\u00e1 odpov\u00edd\u00e1 za prodej tiket\u016f, vypl\u00e1cen\u00ed v\u00fdher a z\u00e1kaznick\u00fd servis. I p\u0159es tuto decentralizaci dodr\u017euj\u00ed v\u0161echny zem\u011b jednotn\u00e1 pravidla, v\u00fd\u0161e v\u00fdher a \u010dasov\u00fd harmonogram losov\u00e1n\u00ed, co\u017e zaji\u0161\u0165uje spravedlnost a jednotnost v r\u00e1mci cel\u00e9 hry.<\/p>\n<p data-start=\"907\" data-end=\"1289\">Losov\u00e1n\u00ed EuroMillions EU prob\u00edh\u00e1 dvakr\u00e1t t\u00fddn\u011b \u2013 v \u00fater\u00fd a v p\u00e1tek ve\u010der. Loterie vyu\u017e\u00edv\u00e1 dvoumatricov\u00fd syst\u00e9m, kdy si hr\u00e1\u010d vyb\u00edr\u00e1 p\u011bt \u010d\u00edsel z rozmez\u00ed 1 a\u017e 50 a dv\u011b tzv. \u0160\u0165astn\u00e9 hv\u011bzdy z rozmez\u00ed 1 a\u017e 12. Pro z\u00edsk\u00e1n\u00ed jackpotu je nutn\u00e9 uhodnout v\u0161ech sedm \u010d\u00edsel, nicm\u00e9n\u011b k dispozici je mnoho dal\u0161\u00edch v\u00fdhern\u00edch \u00farovn\u00ed, kter\u00e9 hr\u00e1\u010d\u016fm d\u00e1vaj\u00ed \u0161anci vyhr\u00e1t men\u0161\u00ed, ale st\u00e1le v\u00fdznamn\u00e9 \u010d\u00e1stky.<\/p>\n<p data-start=\"1291\" data-end=\"1803\">Hlavn\u00ed rozd\u00edl mezi verz\u00ed EU a verz\u00ed Spojen\u00e9ho kr\u00e1lovstv\u00ed spo\u010d\u00edv\u00e1 v p\u0159idan\u00e9 dopl\u0148kov\u00e9 h\u0159e dostupn\u00e9 pouze ve Velk\u00e9 Brit\u00e1nii. Britsk\u00e1 verze EuroMillions obsahuje speci\u00e1ln\u00ed dopln\u011bk s n\u00e1zvem Millionaire Maker, kter\u00fd zaru\u010duje, \u017ee p\u0159i ka\u017ed\u00e9m losov\u00e1n\u00ed bude alespo\u0148 jeden hr\u00e1\u010d z Velk\u00e9 Brit\u00e1nie okam\u017eit\u011b milion\u00e1\u0159em. Pr\u00e1v\u011b tento prvek zvy\u0161uje cenu britsk\u00fdch tiket\u016f, kter\u00e9 jsou tak znateln\u011b dra\u017e\u0161\u00ed ne\u017e tikety prod\u00e1van\u00e9 jinde v Evrop\u011b. Z\u00e1jemci o britskou verzi a jej\u00ed specifika si mohou p\u0159e\u010d\u00edst v\u00edce na str\u00e1nk\u00e1ch RedFoxLotto.<\/p>\n<p data-start=\"1805\" data-end=\"2282\">Pro hr\u00e1\u010de mimo z\u00fa\u010dastn\u011bn\u00e9 zem\u011b nebo mimo EU m\u016f\u017ee b\u00fdt \u00fa\u010dast v EuroMillions EU na prvn\u00ed pohled nemo\u017en\u00e1. D\u00edky mezin\u00e1rodn\u00edm zprost\u0159edkovatelsk\u00fdm slu\u017eb\u00e1m pro n\u00e1kup loterijn\u00edch tiket\u016f je v\u0161ak vstup do hry velmi snadn\u00fd. Tikety pro EuroMillions EU se pro zahrani\u010dn\u00ed hr\u00e1\u010de nej\u010dast\u011bji nakupuj\u00ed v Rakousku. D\u00edky organizovan\u00e9 loterijn\u00ed infrastruktu\u0159e v Rakousku se mohou hr\u00e1\u010di z cel\u00e9ho sv\u011bta \u00fa\u010dastnit losov\u00e1n\u00ed leg\u00e1ln\u011b a z\u00edskat \u0161anci na v\u00fdhru jackpotu bez ohledu na m\u00edsto, kde se nach\u00e1zej\u00ed.<\/p>\n<p data-start=\"2284\" data-end=\"2945\">Pokud jde o v\u00fd\u0161i jackpot\u016f, EuroMillions EU nab\u00edz\u00ed \u0161t\u011bdr\u00e9 minim\u00e1ln\u00ed i maxim\u00e1ln\u00ed v\u00fdhry, kter\u00e9 slou\u017e\u00ed ke zv\u00fd\u0161en\u00ed atraktivity a udr\u017een\u00ed z\u00e1jmu hr\u00e1\u010d\u016f. Po\u010d\u00e1te\u010dn\u00ed minim\u00e1ln\u00ed jackpot \u010din\u00ed ohromuj\u00edc\u00edch 17 milion\u016f eur, co\u017e u\u017e samo o sob\u011b p\u0159edstavuje \u017eivot m\u011bn\u00edc\u00ed \u010d\u00e1stku. Jackpotov\u00fd strop se v pr\u016fb\u011bhu let zvy\u0161oval v souladu s rostouc\u00ed popularitou loterie a z\u00e1jmem hr\u00e1\u010d\u016f. V sou\u010dasnosti je stanoven na 250 milion\u016f eur. Kdy\u017e jackpot dos\u00e1hne \u010d\u00e1stky 200 milion\u016f eur, vstupuj\u00ed v platnost speci\u00e1ln\u00ed pravidla \u2013 tato \u010d\u00e1stka m\u016f\u017ee b\u00fdt udr\u017eena maxim\u00e1ln\u011b po \u010dty\u0159i losov\u00e1n\u00ed. Pokud ani pot\u00e9 nedojde k v\u00fdh\u0159e, cel\u00fd jackpot se p\u0159esune na ni\u017e\u0161\u00ed v\u00fdhern\u00ed \u00farove\u0148 a rozd\u011bl\u00ed se mezi dal\u0161\u00ed v\u00fdherce.<\/p>\n<p data-start=\"2947\" data-end=\"3213\">Jakmile jackpot dos\u00e1hne 250 milion\u016f eur, plat\u00ed stejn\u00e1 pravidla. Pokud b\u011bhem \u010dty\u0159 po sob\u011b jdouc\u00edch losov\u00e1n\u00ed nikdo nez\u00edsk\u00e1 hlavn\u00ed v\u00fdhru, p\u0159i p\u00e1t\u00e9m losov\u00e1n\u00ed se cel\u00e1 \u010d\u00e1stka p\u0159esune na dal\u0161\u00ed v\u00fdhern\u00ed \u00farove\u0148, \u010d\u00edm\u017e vznikne mo\u017enost vytvo\u0159it v\u00edce milion\u00e1\u0159\u016f z jednoho losov\u00e1n\u00ed.<\/p>\n<p data-start=\"3215\" data-end=\"3501\">Tyto p\u0159evody jackpotu vytv\u00e1\u0159ej\u00ed v\u011bt\u0161\u00ed strategickou hloubku a nap\u011bt\u00ed pro hr\u00e1\u010de. Jakmile se jackpot bl\u00ed\u017e\u00ed sv\u00e9mu maximu, prodeje tiket\u016f obvykle v\u00fdrazn\u011b vzrostou, jako reakce na zv\u00fd\u0161enou nad\u011bji a vzru\u0161en\u00ed hr\u00e1\u010d\u016f. Vysok\u00e9 v\u00fdhry tak\u00e9 p\u0159itahuj\u00ed pozornost m\u00e9di\u00ed a d\u00e1le zvy\u0161uj\u00ed popularitu loterie.<\/p>\n<p data-start=\"3503\" data-end=\"3749\">EuroMillions m\u00e1 na sv\u00e9m kont\u011b historicky mnoho v\u00fdznamn\u00fdch v\u00fdherc\u016f po cel\u00e9 Evrop\u011b, kte\u0159\u00ed se p\u0159es noc stali multimilion\u00e1\u0159i. Mezi zem\u011bmi s nejv\u011bt\u0161\u00edm po\u010dtem rekordn\u00edch v\u00fdher se nach\u00e1z\u00ed i Rakousko, kde m\u00e1 tato loterie obrovskou fanou\u0161kovskou z\u00e1kladnu.<\/p>\n<p data-start=\"3751\" data-end=\"4028\">D\u00edky snadn\u00e9 dostupnosti, otev\u0159en\u00e9mu syst\u00e9mu a vzru\u0161uj\u00edc\u00ed struktu\u0159e jackpot\u016f je EuroMillions EU atraktivn\u00ed volbou pro hr\u00e1\u010de po cel\u00e9m sv\u011bt\u011b. Jeho rozsah nap\u0159\u00ed\u010d hlavn\u00edmi evropsk\u00fdmi zem\u011bmi zaji\u0161\u0165uje r\u016fznorodou hr\u00e1\u010dskou z\u00e1kladnu, zat\u00edmco jeho potenci\u00e1l p\u0159itahuje glob\u00e1ln\u00ed pozornost.<\/p>\n<p data-start=\"4030\" data-end=\"4324\">Hr\u00e1\u010di mimo Evropu mohou vyu\u017e\u00edt zprost\u0159edkovatelsk\u00e9 slu\u017eby, kter\u00e9 zaji\u0161\u0165uj\u00ed leg\u00e1ln\u00ed a bezpe\u010dn\u00fd n\u00e1kup tiket\u016f. Tyto slu\u017eby zakoup\u00ed fyzick\u00e9 tikety v Rakousku, naskenuj\u00ed je, nahraj\u00ed do u\u017eivatelsk\u00e9ho \u00fa\u010dtu a v p\u0159\u00edpad\u011b v\u00fdhry za\u0159\u00edd\u00ed jej\u00ed vyplacen\u00ed. D\u00edky tomu je \u00fa\u010dast mo\u017en\u00e1 z jak\u00e9hokoliv m\u00edsta na sv\u011bt\u011b.<\/p>\n<p data-start=\"4326\" data-end=\"4651\">EuroMillions EU je d\u00edky sv\u00e9 promy\u0161len\u00e9 struktu\u0159e, jasn\u00fdm pravidl\u016fm a \u0161t\u011bdr\u00fdm v\u00fdhr\u00e1m jasnou volbou pro mezin\u00e1rodn\u00ed loterijn\u00ed hr\u00e1\u010de. Zaru\u010den\u00fd jackpot 17 milion\u016f eur a vzru\u0161uj\u00edc\u00ed stropy a\u017e 250 milion\u016f eur spolu s pravidly pro rozd\u011blov\u00e1n\u00ed jackpotu nad\u00e1le p\u0159in\u00e1\u0161ej\u00ed radost, nap\u011bt\u00ed a obrovsk\u00e9 v\u00fdhry hr\u00e1\u010d\u016fm po cel\u00e9 Evrop\u011b i mimo ni.<\/p>\n","protected":false},"excerpt":{"rendered":"<p>EuroMillions EU je jednou z\u202fnejv\u011bt\u0161\u00edch a nejpopul\u00e1rn\u011bj\u0161\u00edch loteri\u00ed v\u202fEvrop\u011b, kter\u00e1 ka\u017ed\u00fd t\u00fdden p\u0159itahuje miliony \u00fa\u010dastn\u00edk\u016f d\u00edky sv\u00fdm potenci\u00e1ln\u011b \u017eivot m\u011bn\u00edc\u00edm jackpot\u016fm. Tato loterie, ofici\u00e1ln\u011b zn\u00e1m\u00e1 jako evropsk\u00e1 verze EuroMillions, je velmi obl\u00edben\u00e1 v n\u011bkolika evropsk\u00fdch zem\u00edch, konkr\u00e9tn\u011b ve Francii, \u0160pan\u011blsku, Rakousku, Belgii, Irsku, Lucembursku, Portugalsku a \u0160v\u00fdcarsku. EuroMillions byla spu\u0161t\u011bna 13. \u00fanora 2004, nejprve ve [&hellip;]<\/p>\n","protected":false},"author":8,"featured_media":0,"parent":5766,"menu_order":4,"comment_status":"closed","ping_status":"closed","template":"euromillions-at-info.php","meta":{"_et_pb_use_builder":"","_et_pb_old_content":"","_et_gb_content_width":"","exclude_from_search":false,"footnotes":""},"class_list":["post-87635","page","type-page","status-publish","hentry"],"yoast_head":"<!-- This site is optimized with the Yoast SEO plugin v23.8 - https:\/\/yoast.com\/wordpress\/plugins\/seo\/ -->\n<title>Koupit losy Euromiliony online z m\u00edst mimo EU<\/title>\n<meta name=\"description\" content=\"Jak koupit tikety Euromillions online, pro Velkou Brit\u00e1nii a verzi Euromillions v EU. Z\u00edskejte tikety odkudkoli, i ze zem\u00ed mimo EU.\" \/>\n<meta name=\"robots\" content=\"index, follow, max-snippet:-1, max-image-preview:large, max-video-preview:-1\" \/>\n<link rel=\"canonical\" href=\"https:\/\/redfoxlotto.com\/cs\/loterie\/euromilliony-eu\/\" \/>\n<meta property=\"og:locale\" content=\"cs_CZ\" \/>\n<meta property=\"og:type\" content=\"article\" \/>\n<meta property=\"og:title\" content=\"Koupit losy Euromiliony online z m\u00edst mimo EU\" \/>\n<meta property=\"og:description\" content=\"Jak koupit tikety Euromillions online, pro Velkou Brit\u00e1nii a verzi Euromillions v EU. Z\u00edskejte tikety odkudkoli, i ze zem\u00ed mimo EU.\" \/>\n<meta property=\"og:url\" content=\"https:\/\/redfoxlotto.com\/cs\/loterie\/euromilliony-eu\/\" \/>\n<meta property=\"og:site_name\" content=\"Get Tickets for the World\u2019s largest jackpots\" \/>\n<meta property=\"article:modified_time\" content=\"2025-05-28T06:38:09+00:00\" \/>\n<meta property=\"og:image\" content=\"https:\/\/redfoxlotto.com\/wp-content\/uploads\/2023\/04\/powerball-draw-youtube1-300x300-1.jpg\" \/>\n<meta name=\"twitter:card\" content=\"summary_large_image\" \/>\n<meta name=\"twitter:label1\" content=\"Odhadovan\u00e1 doba \u010dten\u00ed\" \/>\n\t<meta name=\"twitter:data1\" content=\"4 minuty\" \/>\n<script type=\"application\/ld+json\" class=\"yoast-schema-graph\">{\"@context\":\"https:\/\/schema.org\",\"@graph\":[{\"@type\":\"WebPage\",\"@id\":\"https:\/\/redfoxlotto.com\/cs\/loterie\/euromilliony-eu\/\",\"url\":\"https:\/\/redfoxlotto.com\/cs\/loterie\/euromilliony-eu\/\",\"name\":\"Koupit losy Euromiliony online z m\u00edst mimo EU\",\"isPartOf\":{\"@id\":\"https:\/\/redfoxlotto.com\/cs\/#website\"},\"primaryImageOfPage\":{\"@id\":\"https:\/\/redfoxlotto.com\/cs\/loterie\/euromilliony-eu\/#primaryimage\"},\"image\":{\"@id\":\"https:\/\/redfoxlotto.com\/cs\/loterie\/euromilliony-eu\/#primaryimage\"},\"thumbnailUrl\":\"https:\/\/redfoxlotto.com\/wp-content\/uploads\/2023\/04\/powerball-draw-youtube1-300x300-1.jpg\",\"datePublished\":\"2025-05-19T09:08:38+00:00\",\"dateModified\":\"2025-05-28T06:38:09+00:00\",\"description\":\"Jak koupit tikety Euromillions online, pro Velkou Brit\u00e1nii a verzi Euromillions v EU. Z\u00edskejte tikety odkudkoli, i ze zem\u00ed mimo EU.\",\"breadcrumb\":{\"@id\":\"https:\/\/redfoxlotto.com\/cs\/loterie\/euromilliony-eu\/#breadcrumb\"},\"inLanguage\":\"cs\",\"potentialAction\":[{\"@type\":\"ReadAction\",\"target\":[\"https:\/\/redfoxlotto.com\/cs\/loterie\/euromilliony-eu\/\"]}]},{\"@type\":\"ImageObject\",\"inLanguage\":\"cs\",\"@id\":\"https:\/\/redfoxlotto.com\/cs\/loterie\/euromilliony-eu\/#primaryimage\",\"url\":\"https:\/\/redfoxlotto.com\/wp-content\/uploads\/2023\/04\/powerball-draw-youtube1-300x300-1.jpg\",\"contentUrl\":\"https:\/\/redfoxlotto.com\/wp-content\/uploads\/2023\/04\/powerball-draw-youtube1-300x300-1.jpg\"},{\"@type\":\"BreadcrumbList\",\"@id\":\"https:\/\/redfoxlotto.com\/cs\/loterie\/euromilliony-eu\/#breadcrumb\",\"itemListElement\":[{\"@type\":\"ListItem\",\"position\":1,\"name\":\"Home\",\"item\":\"https:\/\/redfoxlotto.com\/cs\/\"},{\"@type\":\"ListItem\",\"position\":2,\"name\":\"Jak\u00fdm zp\u016fsobem zakoupit online loterijn\u00ed tikety \u2013 kupn\u00ed proces\",\"item\":\"https:\/\/redfoxlotto.com\/cs\/loterie\/\"},{\"@type\":\"ListItem\",\"position\":3,\"name\":\"O euromillions EU\"}]},{\"@type\":\"WebSite\",\"@id\":\"https:\/\/redfoxlotto.com\/cs\/#website\",\"url\":\"https:\/\/redfoxlotto.com\/cs\/\",\"name\":\"Get Tickets for the World\u2019s largest jackpots\",\"description\":\"Participate in worldwide lottery jackpots from any country\",\"publisher\":{\"@id\":\"https:\/\/redfoxlotto.com\/cs\/#organization\"},\"potentialAction\":[{\"@type\":\"SearchAction\",\"target\":{\"@type\":\"EntryPoint\",\"urlTemplate\":\"https:\/\/redfoxlotto.com\/cs\/?s={search_term_string}\"},\"query-input\":{\"@type\":\"PropertyValueSpecification\",\"valueRequired\":true,\"valueName\":\"search_term_string\"}}],\"inLanguage\":\"cs\"},{\"@type\":\"Organization\",\"@id\":\"https:\/\/redfoxlotto.com\/cs\/#organization\",\"name\":\"Get Tickets for the World\u2019s largest jackpots\",\"url\":\"https:\/\/redfoxlotto.com\/cs\/\",\"logo\":{\"@type\":\"ImageObject\",\"inLanguage\":\"cs\",\"@id\":\"https:\/\/redfoxlotto.com\/cs\/#\/schema\/logo\/image\/\",\"url\":\"https:\/\/redfoxlotto.com\/wp-content\/uploads\/2023\/04\/logo.png\",\"contentUrl\":\"https:\/\/redfoxlotto.com\/wp-content\/uploads\/2023\/04\/logo.png\",\"width\":269,\"height\":53,\"caption\":\"Get Tickets for the World\u2019s largest jackpots\"},\"image\":{\"@id\":\"https:\/\/redfoxlotto.com\/cs\/#\/schema\/logo\/image\/\"}}]}<\/script>\n<!-- \/ Yoast SEO plugin. -->","yoast_head_json":{"title":"Koupit losy Euromiliony online z m\u00edst mimo EU","description":"Jak koupit tikety Euromillions online, pro Velkou Brit\u00e1nii a verzi Euromillions v EU. Z\u00edskejte tikety odkudkoli, i ze zem\u00ed mimo EU.","robots":{"index":"index","follow":"follow","max-snippet":"max-snippet:-1","max-image-preview":"max-image-preview:large","max-video-preview":"max-video-preview:-1"},"canonical":"https:\/\/redfoxlotto.com\/cs\/loterie\/euromilliony-eu\/","og_locale":"cs_CZ","og_type":"article","og_title":"Koupit losy Euromiliony online z m\u00edst mimo EU","og_description":"Jak koupit tikety Euromillions online, pro Velkou Brit\u00e1nii a verzi Euromillions v EU. Z\u00edskejte tikety odkudkoli, i ze zem\u00ed mimo EU.","og_url":"https:\/\/redfoxlotto.com\/cs\/loterie\/euromilliony-eu\/","og_site_name":"Get Tickets for the World\u2019s largest jackpots","article_modified_time":"2025-05-28T06:38:09+00:00","og_image":[{"url":"https:\/\/redfoxlotto.com\/wp-content\/uploads\/2023\/04\/powerball-draw-youtube1-300x300-1.jpg"}],"twitter_card":"summary_large_image","twitter_misc":{"Odhadovan\u00e1 doba \u010dten\u00ed":"4 minuty"},"schema":{"@context":"https:\/\/schema.org","@graph":[{"@type":"WebPage","@id":"https:\/\/redfoxlotto.com\/cs\/loterie\/euromilliony-eu\/","url":"https:\/\/redfoxlotto.com\/cs\/loterie\/euromilliony-eu\/","name":"Koupit losy Euromiliony online z m\u00edst mimo EU","isPartOf":{"@id":"https:\/\/redfoxlotto.com\/cs\/#website"},"primaryImageOfPage":{"@id":"https:\/\/redfoxlotto.com\/cs\/loterie\/euromilliony-eu\/#primaryimage"},"image":{"@id":"https:\/\/redfoxlotto.com\/cs\/loterie\/euromilliony-eu\/#primaryimage"},"thumbnailUrl":"https:\/\/redfoxlotto.com\/wp-content\/uploads\/2023\/04\/powerball-draw-youtube1-300x300-1.jpg","datePublished":"2025-05-19T09:08:38+00:00","dateModified":"2025-05-28T06:38:09+00:00","description":"Jak koupit tikety Euromillions online, pro Velkou Brit\u00e1nii a verzi Euromillions v EU. Z\u00edskejte tikety odkudkoli, i ze zem\u00ed mimo EU.","breadcrumb":{"@id":"https:\/\/redfoxlotto.com\/cs\/loterie\/euromilliony-eu\/#breadcrumb"},"inLanguage":"cs","potentialAction":[{"@type":"ReadAction","target":["https:\/\/redfoxlotto.com\/cs\/loterie\/euromilliony-eu\/"]}]},{"@type":"ImageObject","inLanguage":"cs","@id":"https:\/\/redfoxlotto.com\/cs\/loterie\/euromilliony-eu\/#primaryimage","url":"https:\/\/redfoxlotto.com\/wp-content\/uploads\/2023\/04\/powerball-draw-youtube1-300x300-1.jpg","contentUrl":"https:\/\/redfoxlotto.com\/wp-content\/uploads\/2023\/04\/powerball-draw-youtube1-300x300-1.jpg"},{"@type":"BreadcrumbList","@id":"https:\/\/redfoxlotto.com\/cs\/loterie\/euromilliony-eu\/#breadcrumb","itemListElement":[{"@type":"ListItem","position":1,"name":"Home","item":"https:\/\/redfoxlotto.com\/cs\/"},{"@type":"ListItem","position":2,"name":"Jak\u00fdm zp\u016fsobem zakoupit online loterijn\u00ed tikety \u2013 kupn\u00ed proces","item":"https:\/\/redfoxlotto.com\/cs\/loterie\/"},{"@type":"ListItem","position":3,"name":"O euromillions EU"}]},{"@type":"WebSite","@id":"https:\/\/redfoxlotto.com\/cs\/#website","url":"https:\/\/redfoxlotto.com\/cs\/","name":"Get Tickets for the World\u2019s largest jackpots","description":"Participate in worldwide lottery jackpots from any country","publisher":{"@id":"https:\/\/redfoxlotto.com\/cs\/#organization"},"potentialAction":[{"@type":"SearchAction","target":{"@type":"EntryPoint","urlTemplate":"https:\/\/redfoxlotto.com\/cs\/?s={search_term_string}"},"query-input":{"@type":"PropertyValueSpecification","valueRequired":true,"valueName":"search_term_string"}}],"inLanguage":"cs"},{"@type":"Organization","@id":"https:\/\/redfoxlotto.com\/cs\/#organization","name":"Get Tickets for the World\u2019s largest jackpots","url":"https:\/\/redfoxlotto.com\/cs\/","logo":{"@type":"ImageObject","inLanguage":"cs","@id":"https:\/\/redfoxlotto.com\/cs\/#\/schema\/logo\/image\/","url":"https:\/\/redfoxlotto.com\/wp-content\/uploads\/2023\/04\/logo.png","contentUrl":"https:\/\/redfoxlotto.com\/wp-content\/uploads\/2023\/04\/logo.png","width":269,"height":53,"caption":"Get Tickets for the World\u2019s largest jackpots"},"image":{"@id":"https:\/\/redfoxlotto.com\/cs\/#\/schema\/logo\/image\/"}}]}},"_links":{"self":[{"href":"https:\/\/redfoxlotto.com\/cs\/wp-json\/wp\/v2\/pages\/87635","targetHints":{"allow":["GET"]}}],"collection":[{"href":"https:\/\/redfoxlotto.com\/cs\/wp-json\/wp\/v2\/pages"}],"about":[{"href":"https:\/\/redfoxlotto.com\/cs\/wp-json\/wp\/v2\/types\/page"}],"author":[{"embeddable":true,"href":"https:\/\/redfoxlotto.com\/cs\/wp-json\/wp\/v2\/users\/8"}],"replies":[{"embeddable":true,"href":"https:\/\/redfoxlotto.com\/cs\/wp-json\/wp\/v2\/comments?post=87635"}],"version-history":[{"count":0,"href":"https:\/\/redfoxlotto.com\/cs\/wp-json\/wp\/v2\/pages\/87635\/revisions"}],"up":[{"embeddable":true,"href":"https:\/\/redfoxlotto.com\/cs\/wp-json\/wp\/v2\/pages\/5766"}],"wp:attachment":[{"href":"https:\/\/redfoxlotto.com\/cs\/wp-json\/wp\/v2\/media?parent=87635"}],"curies":[{"name":"wp","href":"https:\/\/api.w.org\/{rel}","templated":true}]}}