{"id":87572,"date":"2025-05-19T09:07:38","date_gmt":"2025-05-19T09:07:38","guid":{"rendered":"https:\/\/redfoxlotto.com\/?page_id=87572"},"modified":"2025-12-17T06:34:44","modified_gmt":"2025-12-17T06:34:44","slug":"euromillions-eu","status":"publish","type":"page","link":"https:\/\/redfoxlotto.com\/cs\/hrat\/euromillions-eu\/","title":{"rendered":"Hr\u00e1t Euromiliony EU"},"content":{"rendered":"<p><script type=\"application\/ld+json\">\n{\n  \"@context\": \"https:\/\/schema.org\",\n  \"@type\": \"Service\",\n  \"name\": \"Hrajte Euromillions Online\",\n  \"url\": \"https:\/\/redfoxlotto.com\/cs\/hrat\/euromillions\/\",\n  \"description\": \"Hrajte Euromillions online z jak\u00e9koliv zem\u011b. Nav\u0161tivte RedFoxLotto, vyberte sv\u00e1 \u010d\u00edsla a z\u00edskejte sv\u00e9 tikety.\",\n  \"serviceType\": \"Online lottery ticket messenger service\",\n  \"provider\": {\n    \"@type\": \"Organization\",\n    \"name\": \"RedFoxLotto\",\n    \"url\": \"https:\/\/redfoxlotto.com\/cs\/\",\n    \"image\": \"https:\/\/redfoxlotto.com\/wp-content\/uploads\/2025\/12\/ticket_scans.jpg\",\n    \"sameAs\": []\n  },\n  \"areaServed\": \"Worldwide\",\n  \"termsOfService\": \"https:\/\/redfoxlotto.com\/terms-and-conditions\",\n  \"additionalProperty\": {\n    \"@type\": \"PropertyValue\",\n    \"name\": \"FAQ\",\n    \"value\": \"https:\/\/redfoxlotto.com\/cs\/faq\/\"\n  },\n  \"hasOfferCatalog\": {\n    \"@type\": \"OfferCatalog\",\n    \"name\": \"Euromillions Loterijn\u00ed Tikety\",\n    \"itemListElement\": [\n      {\n        \"@type\": \"Offer\",\n        \"name\": \"Euromillions Tikety\",\n        \"url\": \"https:\/\/redfoxlotto.com\/cs\/hrat\/euromillions\/\",\n        \"description\": \"Klikn\u011bte zde a vyberte si \u010d\u00edsla pro p\u0159\u00ed\u0161t\u00ed losov\u00e1n\u00ed Euromillions \u2013 objednejte si tikety online.\",\n        \"price\": \"7.00\",\n        \"priceCurrency\": \"EUR\",\n        \"availability\": \"https:\/\/schema.org\/InStock\",\n        \"itemOffered\": {\n          \"@type\": \"Service\",\n          \"name\": \"Euromillions Loterijn\u00ed Tikety\",\n          \"description\": \"Hrajte v p\u0159\u00ed\u0161t\u00edm losov\u00e1n\u00ed Euromillions prost\u0159ednictv\u00edm RedFoxLotto.\"\n        }\n      }\n    ]\n  },\n  \"mainEntityOfPage\": {\n    \"@type\": \"WebPage\",\n    \"@id\": \"https:\/\/redfoxlotto.com\/cs\/hrat\/euromillions\/\"\n  }\n}\n<\/script><\/p>\n<p><img loading=\"lazy\" decoding=\"async\" class=\" wp-image-67116 alignleft\" src=\"https:\/\/redfoxlotto.com\/wp-content\/uploads\/2024\/03\/Balls-300x300.png\" alt=\"euromillions austria\" width=\"244\" height=\"244\" \/><\/p>\n<h2 data-start=\"34\" data-end=\"77\"><strong data-start=\"34\" data-end=\"77\">\u00davod: Co je EuroMillions EU (Rakousko)?<\/strong><\/h2>\n<p data-start=\"79\" data-end=\"343\">EuroMillions EU (Rakousko) je jednou z nejobl\u00edben\u011bj\u0161\u00edch a nejbohat\u0161\u00edch loteri\u00ed v Evrop\u011b. Poprv\u00e9 byla p\u0159edstavena v roce 2004 a ofici\u00e1ln\u011b se hraje v dev\u00edti evropsk\u00fdch zem\u00edch: Francii, \u0160pan\u011blsku, Rakousku, Belgii, Irsku, Lucembursku, Portugalsku, \u0160v\u00fdcarsku a Ando\u0159e.<\/p>\n<p data-start=\"345\" data-end=\"685\">A co kdy\u017e ne\u017eijete v Evrop\u011b nebo v zemi, kde se EuroMillions hraje? M\u016f\u017eete se p\u0159esto z\u00fa\u010dastnit a m\u00edt \u0161anci vyhr\u00e1t \u017eivot m\u011bn\u00edc\u00ed jackpot? Odpov\u011b\u010f je ano \u2013 m\u016f\u017eete si koupit tikety EuroMillions online mimo EU prost\u0159ednictv\u00edm RedFoxLotto.com, co\u017e umo\u017e\u0148uje u\u017eivatel\u016fm z cel\u00e9ho sv\u011bta zakoupit si legitimn\u00ed tikety EuroMillions EU (Rakousko) online.<\/p>\n<h2 data-start=\"687\" data-end=\"727\"><strong data-start=\"687\" data-end=\"727\">Jak hr\u00e1t EuroMillions online mimo EU<\/strong><\/h2>\n<p data-start=\"729\" data-end=\"961\">Pokud va\u0161e zem\u011b nepat\u0159\u00ed mezi \u00fa\u010dastnick\u00e9 st\u00e1ty, nebude mo\u017en\u00e9 koupit tiket v m\u00edstn\u00edm obchod\u011b. Na\u0161t\u011bst\u00ed s vyu\u017eit\u00edm spolehliv\u00e9 zprost\u0159edkovatelsk\u00e9 slu\u017eby jako RedFoxLotto si m\u016f\u017eete tiket zakoupit i mimo z\u00fa\u010dastn\u011bnou zemi. Jak to funguje:<\/p>\n<ol data-start=\"963\" data-end=\"1286\">\n<li data-start=\"963\" data-end=\"997\">\n<p data-start=\"966\" data-end=\"997\">Nav\u0161tivte <a class=\"\" href=\"http:\/\/www.RedFoxLotto.com\" target=\"_new\" rel=\"noopener\" data-start=\"976\" data-end=\"995\">www.RedFoxLotto.com<\/a><\/p>\n<\/li>\n<li data-start=\"998\" data-end=\"1048\">\n<p data-start=\"1001\" data-end=\"1048\">Vyberte slosov\u00e1n\u00ed EuroMillions EU (Rakousko).<\/p>\n<\/li>\n<li data-start=\"1049\" data-end=\"1109\">\n<p data-start=\"1052\" data-end=\"1109\">Zvolte sv\u00e1 \u010d\u00edsla nebo pou\u017eijte funkci N\u00e1hodn\u00e9ho v\u00fdb\u011bru.<\/p>\n<\/li>\n<li data-start=\"1110\" data-end=\"1196\">\n<p data-start=\"1113\" data-end=\"1196\">Dokon\u010dete objedn\u00e1vku a m\u00edstn\u00ed rakousk\u00fd z\u00e1stupce pro v\u00e1s zakoup\u00ed origin\u00e1ln\u00ed tiket.<\/p>\n<\/li>\n<li data-start=\"1197\" data-end=\"1286\">\n<p data-start=\"1200\" data-end=\"1286\">Naskenovan\u00fd obr\u00e1zek va\u0161eho tiketu bude p\u0159id\u00e1n do va\u0161eho online \u00fa\u010dtu jako d\u016fkaz n\u00e1kupu.<\/p>\n<\/li>\n<\/ol>\n<p data-start=\"1288\" data-end=\"1451\">Je to 100% leg\u00e1ln\u00ed a p\u0159edstavuje zaru\u010den\u00fd zp\u016fsob, jak se z\u00fa\u010dastnit ofici\u00e1ln\u00ed verze EuroMillions EU (Rakousko), a\u0165 u\u017e \u017eijete v Asii, Africe, Americe nebo Austr\u00e1lii.<\/p>\n<h2 data-start=\"1453\" data-end=\"1513\"><strong data-start=\"1453\" data-end=\"1513\">Rozd\u00edly mezi EuroMillions EU (Rakousko) a britskou verz\u00ed<\/strong><\/h2>\n<p data-start=\"1515\" data-end=\"1634\">Existuj\u00ed dv\u011b odli\u0161n\u00e9 hry: EuroMillions EU a UK EuroMillions. Ob\u011b pat\u0159\u00ed do rodiny EuroMillions, ale maj\u00ed sv\u00e9 odli\u0161nosti.<\/p>\n<p data-start=\"1636\" data-end=\"1816\">Britsk\u00e9 tikety jsou dra\u017e\u0161\u00ed, hlavn\u011b kv\u016fli p\u0159idan\u00e9 funkci Millionaire Maker \u2013 dopl\u0148kov\u00e9 h\u0159e, kter\u00e1 zaru\u010duje, \u017ee p\u0159i ka\u017ed\u00e9m slosov\u00e1n\u00ed vyhraje jeden dr\u017eitel britsk\u00e9ho tiketu \u00a31 milion.<\/p>\n<p data-start=\"1818\" data-end=\"1933\">Britsk\u00e1 verze m\u00e1 tak\u00e9 jinou strukturu v\u00fdplat. V\u00fdnosy britsk\u00e9 loterie ovliv\u0148uj\u00ed i regula\u010dn\u00ed poplatky a sm\u011bnn\u00e9 kurzy.<\/p>\n<p data-start=\"1935\" data-end=\"2187\">Pokud hrajete p\u0159es RedFoxLotto, \u00fa\u010dastn\u00edte se verze EU (Rakousko), nikoliv britsk\u00e9ho slosov\u00e1n\u00ed. Tato verze neobsahuje Millionaire Maker, co\u017e znamen\u00e1 ni\u017e\u0161\u00ed cenu tiketu a jednodu\u0161\u0161\u00ed pravidla hry. Tikety pro britskou verzi EuroMillions jsou dostupn\u00e9 jinde.<\/p>\n<h2 data-start=\"2189\" data-end=\"2214\"><strong data-start=\"2189\" data-end=\"2214\">Kde se tikety kupuj\u00ed?<\/strong><\/h2>\n<p data-start=\"2216\" data-end=\"2425\">V\u0161echny tikety EuroMillions (verze EU), kter\u00e9 si objedn\u00e1te na RedFoxLotto, jsou zakoupeny fyzicky v Rakousku. Tato st\u0159edoevropsk\u00e1 zem\u011b je jedn\u00edm z ofici\u00e1ln\u00edch \u00fa\u010dastn\u00edk\u016f a je vhodnou z\u00e1kladnou pro n\u00e1kup tiket\u016f.<\/p>\n<h2 data-start=\"2427\" data-end=\"2451\">Pro\u010d pr\u00e1v\u011b Rakousko?<\/h2>\n<p data-start=\"2453\" data-end=\"2592\">Je \u010dlenem EU, co\u017e zaji\u0161\u0165uje p\u0159\u00edstup k p\u016fvodn\u00edmu slosov\u00e1n\u00ed EuroMillions EU. Tikety jsou spravov\u00e1ny dle p\u0159\u00edsn\u00fdch pravidel a transparentnosti.<\/p>\n<p data-start=\"2594\" data-end=\"2791\">V\u00fdhry nejsou v Rakousku (v sou\u010dasnosti) zdan\u011bny, co\u017e je obrovsk\u00e1 v\u00fdhoda pro zahrani\u010dn\u00ed hr\u00e1\u010de. Jakmile je tiket zakoupen, jeho naskenovan\u00e1 kopie je p\u0159id\u00e1na do va\u0161eho \u00fa\u010dtu jako d\u016fkaz a pro klid du\u0161e.<\/p>\n<h2 data-start=\"2793\" data-end=\"2848\">Informace o jackpotech: Minim\u00e1ln\u00ed a maxim\u00e1ln\u00ed v\u00fdhry<\/h2>\n<p data-start=\"2850\" data-end=\"2958\">Jedn\u00edm z hlavn\u00edch d\u016fvod\u016f, pro\u010d hr\u00e1\u010di z cel\u00e9ho sv\u011bta cht\u011bj\u00ed hr\u00e1t EuroMillions online, jsou obrovsk\u00e9 jackpoty.<\/p>\n<p data-start=\"2960\" data-end=\"2975\">Jak to funguje:<\/p>\n<ul data-start=\"2977\" data-end=\"3064\">\n<li data-start=\"2977\" data-end=\"3012\">\n<p data-start=\"2979\" data-end=\"3012\">Minim\u00e1ln\u00ed jackpot: 17 milion\u016f \u20ac<\/p>\n<\/li>\n<li data-start=\"3013\" data-end=\"3064\">\n<p data-start=\"3015\" data-end=\"3064\">Maxim\u00e1ln\u00ed v\u00fdhra (tzv. jackpot cap): 250 milion\u016f \u20ac<\/p>\n<\/li>\n<\/ul>\n<p data-start=\"3066\" data-end=\"3151\">Pokud nen\u00ed v\u00fdherce jackpotu, \u010d\u00e1stka se p\u0159ev\u00e1d\u00ed do dal\u0161\u00edho slosov\u00e1n\u00ed a rychle nar\u016fst\u00e1.<\/p>\n<h2 data-start=\"3153\" data-end=\"3204\">Co se d\u011bje, kdy\u017e jackpot dos\u00e1hne 200 milion\u016f \u20ac?<\/h2>\n<p data-start=\"3206\" data-end=\"3265\">Kdy\u017e dos\u00e1hne v\u00fdhra 200 milion\u016f \u20ac, nast\u00e1v\u00e1 zvl\u00e1\u0161tn\u00ed situace:<\/p>\n<ul data-start=\"3267\" data-end=\"3360\">\n<li data-start=\"3267\" data-end=\"3313\">\n<p data-start=\"3269\" data-end=\"3313\">Jackpot roste po bloc\u00edch po 10 milionech \u20ac<\/p>\n<\/li>\n<li data-start=\"3314\" data-end=\"3360\">\n<p data-start=\"3316\" data-end=\"3360\">Takto pokra\u010duje a\u017e do dosa\u017een\u00ed 250 milion\u016f \u20ac<\/p>\n<\/li>\n<\/ul>\n<h2 data-start=\"3362\" data-end=\"3404\">Co se d\u011bje p\u0159i dosa\u017een\u00ed 250 milion\u016f \u20ac?<\/h2>\n<p data-start=\"3406\" data-end=\"3608\">Jakmile jackpot dos\u00e1hne t\u00e9to hranice, m\u016f\u017ee zde z\u016fstat po dobu \u010dty\u0159 slosov\u00e1n\u00ed. Pokud st\u00e1le nikdo nevyhraje, v\u00fdhra se rozd\u011bl\u00ed mezi v\u00fdherce ni\u017e\u0161\u00ed v\u00fdhern\u00ed \u00farovn\u011b \u2013 pen\u00edze tedy nikdy nez\u016fstanou nevypo\u0159\u00e1dan\u00e9.<\/p>\n<p data-start=\"3610\" data-end=\"3728\">Tato pravidla d\u011blaj\u00ed z EuroMillions EU (Rakousko) jednu z nejnap\u00ednav\u011bj\u0161\u00edch a hr\u00e1\u010dsky nejv\u00fdhodn\u011bj\u0161\u00edch loteri\u00ed na sv\u011bt\u011b.<\/p>\n<h2 data-start=\"3730\" data-end=\"3777\">Pro\u010d hr\u00e1t EuroMillions EU (Rakousko) online<\/h2>\n<p data-start=\"3779\" data-end=\"3873\">Existuje n\u011bkolik siln\u00fdch d\u016fvod\u016f, pro\u010d hr\u00e1t EuroMillions online, obzvl\u00e1\u0161\u0165 pokud \u017eijete mimo EU:<\/p>\n<ul data-start=\"3875\" data-end=\"4117\">\n<li data-start=\"3875\" data-end=\"3938\">\n<p data-start=\"3877\" data-end=\"3938\">Celosv\u011btov\u00e1 dostupnost: M\u016f\u017ee se z\u00fa\u010dastnit kdokoli odkudkoli<\/p>\n<\/li>\n<li data-start=\"3939\" data-end=\"3986\">\n<p data-start=\"3941\" data-end=\"3986\">Pohodl\u00ed: Kupujte tikety kdykoli a odkudkoli<\/p>\n<\/li>\n<li data-start=\"3987\" data-end=\"4015\">\n<p data-start=\"3989\" data-end=\"4015\">Digit\u00e1ln\u00ed d\u016fkaz o n\u00e1kupu<\/p>\n<\/li>\n<li data-start=\"4016\" data-end=\"4079\">\n<p data-start=\"4018\" data-end=\"4079\">Da\u0148ov\u00e9 v\u00fdhody: Nap\u0159\u00edklad Rakousko nezda\u0148uje loterijn\u00ed v\u00fdhry<\/p>\n<\/li>\n<li data-start=\"4080\" data-end=\"4117\">\n<p data-start=\"4082\" data-end=\"4117\">Obrovsk\u00e9 jackpoty: A\u017e 250 milion\u016f \u20ac<\/p>\n<\/li>\n<\/ul>\n<h2 data-start=\"4119\" data-end=\"4141\">Z\u00e1v\u011bre\u010dn\u00e9 my\u0161lenky<\/h2>\n<p data-start=\"4143\" data-end=\"4345\">Nemus\u00edte bydlet ve Francii, \u0160pan\u011blsku ani Portugalsku, abyste se z\u00fa\u010dastnili EuroMillions EU (Rakousko). V dne\u0161n\u00ed internetov\u00e9 dob\u011b si m\u016f\u017eete zahr\u00e1t EuroMillions i mimo EU a m\u00edt \u0161anci na rekordn\u00ed jackpot.<\/p>\n<p data-start=\"4347\" data-end=\"4587\">A\u0165 u\u017e tou\u017e\u00edte st\u00e1t se dal\u0161\u00edm milion\u00e1\u0159em v Evrop\u011b, nebo v\u00e1s prost\u011b jen bav\u00ed hra, zapojit se do slosov\u00e1n\u00ed p\u0159es RedFoxLotto.com je jednoduch\u00e9. Vyberte sv\u00e1 \u0161\u0165astn\u00e1 \u010d\u00edsla a zahrajte si online u\u017e dnes. Mo\u017en\u00e1 pr\u00e1v\u011b vy vyhrajete dal\u0161\u00ed ob\u0159\u00ed jackpot.<\/p>\n","protected":false},"excerpt":{"rendered":"<p>\u00davod: Co je EuroMillions EU (Rakousko)? EuroMillions EU (Rakousko) je jednou z nejobl\u00edben\u011bj\u0161\u00edch a nejbohat\u0161\u00edch loteri\u00ed v Evrop\u011b. Poprv\u00e9 byla p\u0159edstavena v roce 2004 a ofici\u00e1ln\u011b se hraje v dev\u00edti evropsk\u00fdch zem\u00edch: Francii, \u0160pan\u011blsku, Rakousku, Belgii, Irsku, Lucembursku, Portugalsku, \u0160v\u00fdcarsku a Ando\u0159e. A co kdy\u017e ne\u017eijete v Evrop\u011b nebo v zemi, kde se EuroMillions hraje? [&hellip;]<\/p>\n","protected":false},"author":8,"featured_media":0,"parent":5784,"menu_order":4,"comment_status":"closed","ping_status":"closed","template":"euromillions-at.php","meta":{"_et_pb_use_builder":"","_et_pb_old_content":"","_et_gb_content_width":"","exclude_from_search":false,"footnotes":""},"class_list":["post-87572","page","type-page","status-publish","hentry"],"yoast_head":"<!-- This site is optimized with the Yoast SEO plugin v23.8 - https:\/\/yoast.com\/wordpress\/plugins\/seo\/ -->\n<title>Zahrajte si online Euromiliony mimo EU<\/title>\n<meta name=\"description\" content=\"Jak hr\u00e1t Euromillions online ze zem\u00ed mimo EU, nebo pokud se va\u0161e zem\u011b ne\u00fa\u010dastn\u00ed sout\u011b\u017ee Euromillions?\" \/>\n<meta name=\"robots\" content=\"index, follow, max-snippet:-1, max-image-preview:large, max-video-preview:-1\" \/>\n<link rel=\"canonical\" href=\"https:\/\/redfoxlotto.com\/cs\/hrat\/euromillions-eu\/\" \/>\n<meta property=\"og:locale\" content=\"cs_CZ\" \/>\n<meta property=\"og:type\" content=\"article\" \/>\n<meta property=\"og:title\" content=\"Zahrajte si online Euromiliony mimo EU\" \/>\n<meta property=\"og:description\" content=\"Jak hr\u00e1t Euromillions online ze zem\u00ed mimo EU, nebo pokud se va\u0161e zem\u011b ne\u00fa\u010dastn\u00ed sout\u011b\u017ee Euromillions?\" \/>\n<meta property=\"og:url\" content=\"https:\/\/redfoxlotto.com\/cs\/hrat\/euromillions-eu\/\" \/>\n<meta property=\"og:site_name\" content=\"Get Tickets for the World\u2019s largest jackpots\" \/>\n<meta property=\"article:modified_time\" content=\"2025-12-17T06:34:44+00:00\" \/>\n<meta property=\"og:image\" content=\"https:\/\/redfoxlotto.com\/wp-content\/uploads\/2024\/03\/Balls-300x300.png\" \/>\n<meta name=\"twitter:card\" content=\"summary_large_image\" \/>\n<meta name=\"twitter:label1\" content=\"Odhadovan\u00e1 doba \u010dten\u00ed\" \/>\n\t<meta name=\"twitter:data1\" content=\"4 minuty\" \/>\n<script type=\"application\/ld+json\" class=\"yoast-schema-graph\">{\"@context\":\"https:\/\/schema.org\",\"@graph\":[{\"@type\":\"WebPage\",\"@id\":\"https:\/\/redfoxlotto.com\/cs\/hrat\/euromillions-eu\/\",\"url\":\"https:\/\/redfoxlotto.com\/cs\/hrat\/euromillions-eu\/\",\"name\":\"Zahrajte si online Euromiliony mimo EU\",\"isPartOf\":{\"@id\":\"https:\/\/redfoxlotto.com\/cs\/#website\"},\"primaryImageOfPage\":{\"@id\":\"https:\/\/redfoxlotto.com\/cs\/hrat\/euromillions-eu\/#primaryimage\"},\"image\":{\"@id\":\"https:\/\/redfoxlotto.com\/cs\/hrat\/euromillions-eu\/#primaryimage\"},\"thumbnailUrl\":\"https:\/\/redfoxlotto.com\/wp-content\/uploads\/2024\/03\/Balls-300x300.png\",\"datePublished\":\"2025-05-19T09:07:38+00:00\",\"dateModified\":\"2025-12-17T06:34:44+00:00\",\"description\":\"Jak hr\u00e1t Euromillions online ze zem\u00ed mimo EU, nebo pokud se va\u0161e zem\u011b ne\u00fa\u010dastn\u00ed sout\u011b\u017ee Euromillions?\",\"breadcrumb\":{\"@id\":\"https:\/\/redfoxlotto.com\/cs\/hrat\/euromillions-eu\/#breadcrumb\"},\"inLanguage\":\"cs\",\"potentialAction\":[{\"@type\":\"ReadAction\",\"target\":[\"https:\/\/redfoxlotto.com\/cs\/hrat\/euromillions-eu\/\"]}]},{\"@type\":\"ImageObject\",\"inLanguage\":\"cs\",\"@id\":\"https:\/\/redfoxlotto.com\/cs\/hrat\/euromillions-eu\/#primaryimage\",\"url\":\"https:\/\/redfoxlotto.com\/wp-content\/uploads\/2024\/03\/Balls-300x300.png\",\"contentUrl\":\"https:\/\/redfoxlotto.com\/wp-content\/uploads\/2024\/03\/Balls-300x300.png\"},{\"@type\":\"BreadcrumbList\",\"@id\":\"https:\/\/redfoxlotto.com\/cs\/hrat\/euromillions-eu\/#breadcrumb\",\"itemListElement\":[{\"@type\":\"ListItem\",\"position\":1,\"name\":\"Home\",\"item\":\"https:\/\/redfoxlotto.com\/cs\/\"},{\"@type\":\"ListItem\",\"position\":2,\"name\":\"Jak hr\u00e1t\",\"item\":\"https:\/\/redfoxlotto.com\/cs\/hrat\/\"},{\"@type\":\"ListItem\",\"position\":3,\"name\":\"Hr\u00e1t Euromiliony EU\"}]},{\"@type\":\"WebSite\",\"@id\":\"https:\/\/redfoxlotto.com\/cs\/#website\",\"url\":\"https:\/\/redfoxlotto.com\/cs\/\",\"name\":\"Get Tickets for the World\u2019s largest jackpots\",\"description\":\"Participate in worldwide lottery jackpots from any country\",\"publisher\":{\"@id\":\"https:\/\/redfoxlotto.com\/cs\/#organization\"},\"potentialAction\":[{\"@type\":\"SearchAction\",\"target\":{\"@type\":\"EntryPoint\",\"urlTemplate\":\"https:\/\/redfoxlotto.com\/cs\/?s={search_term_string}\"},\"query-input\":{\"@type\":\"PropertyValueSpecification\",\"valueRequired\":true,\"valueName\":\"search_term_string\"}}],\"inLanguage\":\"cs\"},{\"@type\":\"Organization\",\"@id\":\"https:\/\/redfoxlotto.com\/cs\/#organization\",\"name\":\"Get Tickets for the World\u2019s largest jackpots\",\"url\":\"https:\/\/redfoxlotto.com\/cs\/\",\"logo\":{\"@type\":\"ImageObject\",\"inLanguage\":\"cs\",\"@id\":\"https:\/\/redfoxlotto.com\/cs\/#\/schema\/logo\/image\/\",\"url\":\"https:\/\/redfoxlotto.com\/wp-content\/uploads\/2023\/04\/logo.png\",\"contentUrl\":\"https:\/\/redfoxlotto.com\/wp-content\/uploads\/2023\/04\/logo.png\",\"width\":269,\"height\":53,\"caption\":\"Get Tickets for the World\u2019s largest jackpots\"},\"image\":{\"@id\":\"https:\/\/redfoxlotto.com\/cs\/#\/schema\/logo\/image\/\"}}]}<\/script>\n<!-- \/ Yoast SEO plugin. -->","yoast_head_json":{"title":"Zahrajte si online Euromiliony mimo EU","description":"Jak hr\u00e1t Euromillions online ze zem\u00ed mimo EU, nebo pokud se va\u0161e zem\u011b ne\u00fa\u010dastn\u00ed sout\u011b\u017ee Euromillions?","robots":{"index":"index","follow":"follow","max-snippet":"max-snippet:-1","max-image-preview":"max-image-preview:large","max-video-preview":"max-video-preview:-1"},"canonical":"https:\/\/redfoxlotto.com\/cs\/hrat\/euromillions-eu\/","og_locale":"cs_CZ","og_type":"article","og_title":"Zahrajte si online Euromiliony mimo EU","og_description":"Jak hr\u00e1t Euromillions online ze zem\u00ed mimo EU, nebo pokud se va\u0161e zem\u011b ne\u00fa\u010dastn\u00ed sout\u011b\u017ee Euromillions?","og_url":"https:\/\/redfoxlotto.com\/cs\/hrat\/euromillions-eu\/","og_site_name":"Get Tickets for the World\u2019s largest jackpots","article_modified_time":"2025-12-17T06:34:44+00:00","og_image":[{"url":"https:\/\/redfoxlotto.com\/wp-content\/uploads\/2024\/03\/Balls-300x300.png"}],"twitter_card":"summary_large_image","twitter_misc":{"Odhadovan\u00e1 doba \u010dten\u00ed":"4 minuty"},"schema":{"@context":"https:\/\/schema.org","@graph":[{"@type":"WebPage","@id":"https:\/\/redfoxlotto.com\/cs\/hrat\/euromillions-eu\/","url":"https:\/\/redfoxlotto.com\/cs\/hrat\/euromillions-eu\/","name":"Zahrajte si online Euromiliony mimo EU","isPartOf":{"@id":"https:\/\/redfoxlotto.com\/cs\/#website"},"primaryImageOfPage":{"@id":"https:\/\/redfoxlotto.com\/cs\/hrat\/euromillions-eu\/#primaryimage"},"image":{"@id":"https:\/\/redfoxlotto.com\/cs\/hrat\/euromillions-eu\/#primaryimage"},"thumbnailUrl":"https:\/\/redfoxlotto.com\/wp-content\/uploads\/2024\/03\/Balls-300x300.png","datePublished":"2025-05-19T09:07:38+00:00","dateModified":"2025-12-17T06:34:44+00:00","description":"Jak hr\u00e1t Euromillions online ze zem\u00ed mimo EU, nebo pokud se va\u0161e zem\u011b ne\u00fa\u010dastn\u00ed sout\u011b\u017ee Euromillions?","breadcrumb":{"@id":"https:\/\/redfoxlotto.com\/cs\/hrat\/euromillions-eu\/#breadcrumb"},"inLanguage":"cs","potentialAction":[{"@type":"ReadAction","target":["https:\/\/redfoxlotto.com\/cs\/hrat\/euromillions-eu\/"]}]},{"@type":"ImageObject","inLanguage":"cs","@id":"https:\/\/redfoxlotto.com\/cs\/hrat\/euromillions-eu\/#primaryimage","url":"https:\/\/redfoxlotto.com\/wp-content\/uploads\/2024\/03\/Balls-300x300.png","contentUrl":"https:\/\/redfoxlotto.com\/wp-content\/uploads\/2024\/03\/Balls-300x300.png"},{"@type":"BreadcrumbList","@id":"https:\/\/redfoxlotto.com\/cs\/hrat\/euromillions-eu\/#breadcrumb","itemListElement":[{"@type":"ListItem","position":1,"name":"Home","item":"https:\/\/redfoxlotto.com\/cs\/"},{"@type":"ListItem","position":2,"name":"Jak hr\u00e1t","item":"https:\/\/redfoxlotto.com\/cs\/hrat\/"},{"@type":"ListItem","position":3,"name":"Hr\u00e1t Euromiliony EU"}]},{"@type":"WebSite","@id":"https:\/\/redfoxlotto.com\/cs\/#website","url":"https:\/\/redfoxlotto.com\/cs\/","name":"Get Tickets for the World\u2019s largest jackpots","description":"Participate in worldwide lottery jackpots from any country","publisher":{"@id":"https:\/\/redfoxlotto.com\/cs\/#organization"},"potentialAction":[{"@type":"SearchAction","target":{"@type":"EntryPoint","urlTemplate":"https:\/\/redfoxlotto.com\/cs\/?s={search_term_string}"},"query-input":{"@type":"PropertyValueSpecification","valueRequired":true,"valueName":"search_term_string"}}],"inLanguage":"cs"},{"@type":"Organization","@id":"https:\/\/redfoxlotto.com\/cs\/#organization","name":"Get Tickets for the World\u2019s largest jackpots","url":"https:\/\/redfoxlotto.com\/cs\/","logo":{"@type":"ImageObject","inLanguage":"cs","@id":"https:\/\/redfoxlotto.com\/cs\/#\/schema\/logo\/image\/","url":"https:\/\/redfoxlotto.com\/wp-content\/uploads\/2023\/04\/logo.png","contentUrl":"https:\/\/redfoxlotto.com\/wp-content\/uploads\/2023\/04\/logo.png","width":269,"height":53,"caption":"Get Tickets for the World\u2019s largest jackpots"},"image":{"@id":"https:\/\/redfoxlotto.com\/cs\/#\/schema\/logo\/image\/"}}]}},"_links":{"self":[{"href":"https:\/\/redfoxlotto.com\/cs\/wp-json\/wp\/v2\/pages\/87572","targetHints":{"allow":["GET"]}}],"collection":[{"href":"https:\/\/redfoxlotto.com\/cs\/wp-json\/wp\/v2\/pages"}],"about":[{"href":"https:\/\/redfoxlotto.com\/cs\/wp-json\/wp\/v2\/types\/page"}],"author":[{"embeddable":true,"href":"https:\/\/redfoxlotto.com\/cs\/wp-json\/wp\/v2\/users\/8"}],"replies":[{"embeddable":true,"href":"https:\/\/redfoxlotto.com\/cs\/wp-json\/wp\/v2\/comments?post=87572"}],"version-history":[{"count":0,"href":"https:\/\/redfoxlotto.com\/cs\/wp-json\/wp\/v2\/pages\/87572\/revisions"}],"up":[{"embeddable":true,"href":"https:\/\/redfoxlotto.com\/cs\/wp-json\/wp\/v2\/pages\/5784"}],"wp:attachment":[{"href":"https:\/\/redfoxlotto.com\/cs\/wp-json\/wp\/v2\/media?parent=87572"}],"curies":[{"name":"wp","href":"https:\/\/api.w.org\/{rel}","templated":true}]}}