{"id":86906,"date":"2025-02-12T11:22:02","date_gmt":"2025-02-12T11:22:02","guid":{"rendered":"https:\/\/redfoxlotto.com\/?page_id=86906"},"modified":"2025-10-07T11:11:07","modified_gmt":"2025-10-07T11:11:07","slug":"diamond-keno-hlavni-cena-10-milionu-eur","status":"publish","type":"page","link":"https:\/\/redfoxlotto.com\/cs\/keno\/diamond-keno-hlavni-cena-10-milionu-eur\/","title":{"rendered":"Diamond Keno Hlavn\u00ed cena 10 milion\u016f eur"},"content":{"rendered":"<p>Na\u0161e nejlep\u0161\u00ed hra Diamond Keno s 10 miliony eur a losov\u00e1n\u00edm ka\u017ed\u00fdch 20 minut.<\/p>\n<div class=\"keno-banner-wrapper\"><img decoding=\"async\" class=\"keno-banner-image\" src=\"https:\/\/redfoxlotto.com\/wp-content\/uploads\/2025\/10\/3-scaled.png\" alt=\"Keno Banner\" \/><br \/>\n<div class=\"keno-banner-overlay\"><div class=\"keno-banner-text\">Hlavn\u00ed cena: \u20ac10,000,000<br>Slosov\u00e1n\u00ed ka\u017ed\u00fdch 30 minut<\/div><a href=\"https:\/\/keno.redfoxlotto.com\/play\/diamond-keno\" class=\"keno-banner-button\">Hrajte Diamond Keno hned te\u010f<\/a><\/div><\/div>\n","protected":false},"excerpt":{"rendered":"<p>Na\u0161e nejlep\u0161\u00ed hra Diamond Keno s 10 miliony eur a losov\u00e1n\u00edm ka\u017ed\u00fdch 20 minut.<\/p>\n","protected":false},"author":8,"featured_media":0,"parent":84379,"menu_order":40,"comment_status":"closed","ping_status":"closed","template":"","meta":{"_et_pb_use_builder":"","_et_pb_old_content":"","_et_gb_content_width":"","exclude_from_search":false,"footnotes":""},"class_list":["post-86906","page","type-page","status-publish","hentry"],"yoast_head":"<!-- This site is optimized with the Yoast SEO plugin v23.8 - https:\/\/yoast.com\/wordpress\/plugins\/seo\/ -->\n<title>Nejlep\u0161\u00ed online hra Keno v\u016fbec - nejv\u011bt\u0161\u00ed v\u00fdhra 10 milion\u016f \u20ac v\u00fdhra<\/title>\n<meta name=\"description\" content=\"M\u00e1me pro v\u00e1s nejlep\u0161\u00ed online hry Keno, v\u010detn\u011b na\u0161\u00ed hry Diamond Keno s v\u00fdhrou 10 milion\u016f \u20ac, kter\u00e1 se losuje ka\u017ed\u00fdch 20 minut.\" \/>\n<meta name=\"robots\" content=\"index, follow, max-snippet:-1, max-image-preview:large, max-video-preview:-1\" \/>\n<link rel=\"canonical\" href=\"https:\/\/redfoxlotto.com\/cs\/keno\/diamond-keno-hlavni-cena-10-milionu-eur\/\" \/>\n<meta property=\"og:locale\" content=\"cs_CZ\" \/>\n<meta property=\"og:type\" content=\"article\" \/>\n<meta property=\"og:title\" content=\"Nejlep\u0161\u00ed online hra Keno v\u016fbec - nejv\u011bt\u0161\u00ed v\u00fdhra 10 milion\u016f \u20ac v\u00fdhra\" \/>\n<meta property=\"og:description\" content=\"M\u00e1me pro v\u00e1s nejlep\u0161\u00ed online hry Keno, v\u010detn\u011b na\u0161\u00ed hry Diamond Keno s v\u00fdhrou 10 milion\u016f \u20ac, kter\u00e1 se losuje ka\u017ed\u00fdch 20 minut.\" \/>\n<meta property=\"og:url\" content=\"https:\/\/redfoxlotto.com\/cs\/keno\/diamond-keno-hlavni-cena-10-milionu-eur\/\" \/>\n<meta property=\"og:site_name\" content=\"Get Tickets for the World\u2019s largest jackpots\" \/>\n<meta property=\"article:modified_time\" content=\"2025-10-07T11:11:07+00:00\" \/>\n<meta property=\"og:image\" content=\"https:\/\/redfoxlotto.com\/wp-content\/uploads\/2025\/10\/3-scaled.png\" \/>\n<meta name=\"twitter:card\" content=\"summary_large_image\" \/>\n<meta name=\"twitter:label1\" content=\"Odhadovan\u00e1 doba \u010dten\u00ed\" \/>\n\t<meta name=\"twitter:data1\" content=\"1 minuta\" \/>\n<script type=\"application\/ld+json\" class=\"yoast-schema-graph\">{\"@context\":\"https:\/\/schema.org\",\"@graph\":[{\"@type\":\"WebPage\",\"@id\":\"https:\/\/redfoxlotto.com\/cs\/keno\/diamond-keno-hlavni-cena-10-milionu-eur\/\",\"url\":\"https:\/\/redfoxlotto.com\/cs\/keno\/diamond-keno-hlavni-cena-10-milionu-eur\/\",\"name\":\"Nejlep\u0161\u00ed online hra Keno v\u016fbec - nejv\u011bt\u0161\u00ed v\u00fdhra 10 milion\u016f \u20ac v\u00fdhra\",\"isPartOf\":{\"@id\":\"https:\/\/redfoxlotto.com\/cs\/#website\"},\"primaryImageOfPage\":{\"@id\":\"https:\/\/redfoxlotto.com\/cs\/keno\/diamond-keno-hlavni-cena-10-milionu-eur\/#primaryimage\"},\"image\":{\"@id\":\"https:\/\/redfoxlotto.com\/cs\/keno\/diamond-keno-hlavni-cena-10-milionu-eur\/#primaryimage\"},\"thumbnailUrl\":\"https:\/\/redfoxlotto.com\/wp-content\/uploads\/2025\/10\/3-scaled.png\",\"datePublished\":\"2025-02-12T11:22:02+00:00\",\"dateModified\":\"2025-10-07T11:11:07+00:00\",\"description\":\"M\u00e1me pro v\u00e1s nejlep\u0161\u00ed online hry Keno, v\u010detn\u011b na\u0161\u00ed hry Diamond Keno s v\u00fdhrou 10 milion\u016f \u20ac, kter\u00e1 se losuje ka\u017ed\u00fdch 20 minut.\",\"breadcrumb\":{\"@id\":\"https:\/\/redfoxlotto.com\/cs\/keno\/diamond-keno-hlavni-cena-10-milionu-eur\/#breadcrumb\"},\"inLanguage\":\"cs\",\"potentialAction\":[{\"@type\":\"ReadAction\",\"target\":[\"https:\/\/redfoxlotto.com\/cs\/keno\/diamond-keno-hlavni-cena-10-milionu-eur\/\"]}]},{\"@type\":\"ImageObject\",\"inLanguage\":\"cs\",\"@id\":\"https:\/\/redfoxlotto.com\/cs\/keno\/diamond-keno-hlavni-cena-10-milionu-eur\/#primaryimage\",\"url\":\"https:\/\/redfoxlotto.com\/wp-content\/uploads\/2025\/10\/3-scaled.png\",\"contentUrl\":\"https:\/\/redfoxlotto.com\/wp-content\/uploads\/2025\/10\/3-scaled.png\"},{\"@type\":\"BreadcrumbList\",\"@id\":\"https:\/\/redfoxlotto.com\/cs\/keno\/diamond-keno-hlavni-cena-10-milionu-eur\/#breadcrumb\",\"itemListElement\":[{\"@type\":\"ListItem\",\"position\":1,\"name\":\"Home\",\"item\":\"https:\/\/redfoxlotto.com\/cs\/\"},{\"@type\":\"ListItem\",\"position\":2,\"name\":\"Keno\",\"item\":\"https:\/\/redfoxlotto.com\/cs\/keno\/\"},{\"@type\":\"ListItem\",\"position\":3,\"name\":\"Diamond Keno Hlavn\u00ed cena 10 milion\u016f eur\"}]},{\"@type\":\"WebSite\",\"@id\":\"https:\/\/redfoxlotto.com\/cs\/#website\",\"url\":\"https:\/\/redfoxlotto.com\/cs\/\",\"name\":\"Get Tickets for the World\u2019s largest jackpots\",\"description\":\"Participate in worldwide lottery jackpots from any country\",\"publisher\":{\"@id\":\"https:\/\/redfoxlotto.com\/cs\/#organization\"},\"potentialAction\":[{\"@type\":\"SearchAction\",\"target\":{\"@type\":\"EntryPoint\",\"urlTemplate\":\"https:\/\/redfoxlotto.com\/cs\/?s={search_term_string}\"},\"query-input\":{\"@type\":\"PropertyValueSpecification\",\"valueRequired\":true,\"valueName\":\"search_term_string\"}}],\"inLanguage\":\"cs\"},{\"@type\":\"Organization\",\"@id\":\"https:\/\/redfoxlotto.com\/cs\/#organization\",\"name\":\"Get Tickets for the World\u2019s largest jackpots\",\"url\":\"https:\/\/redfoxlotto.com\/cs\/\",\"logo\":{\"@type\":\"ImageObject\",\"inLanguage\":\"cs\",\"@id\":\"https:\/\/redfoxlotto.com\/cs\/#\/schema\/logo\/image\/\",\"url\":\"https:\/\/redfoxlotto.com\/wp-content\/uploads\/2023\/04\/logo.png\",\"contentUrl\":\"https:\/\/redfoxlotto.com\/wp-content\/uploads\/2023\/04\/logo.png\",\"width\":269,\"height\":53,\"caption\":\"Get Tickets for the World\u2019s largest jackpots\"},\"image\":{\"@id\":\"https:\/\/redfoxlotto.com\/cs\/#\/schema\/logo\/image\/\"}}]}<\/script>\n<!-- \/ Yoast SEO plugin. -->","yoast_head_json":{"title":"Nejlep\u0161\u00ed online hra Keno v\u016fbec - nejv\u011bt\u0161\u00ed v\u00fdhra 10 milion\u016f \u20ac v\u00fdhra","description":"M\u00e1me pro v\u00e1s nejlep\u0161\u00ed online hry Keno, v\u010detn\u011b na\u0161\u00ed hry Diamond Keno s v\u00fdhrou 10 milion\u016f \u20ac, kter\u00e1 se losuje ka\u017ed\u00fdch 20 minut.","robots":{"index":"index","follow":"follow","max-snippet":"max-snippet:-1","max-image-preview":"max-image-preview:large","max-video-preview":"max-video-preview:-1"},"canonical":"https:\/\/redfoxlotto.com\/cs\/keno\/diamond-keno-hlavni-cena-10-milionu-eur\/","og_locale":"cs_CZ","og_type":"article","og_title":"Nejlep\u0161\u00ed online hra Keno v\u016fbec - nejv\u011bt\u0161\u00ed v\u00fdhra 10 milion\u016f \u20ac v\u00fdhra","og_description":"M\u00e1me pro v\u00e1s nejlep\u0161\u00ed online hry Keno, v\u010detn\u011b na\u0161\u00ed hry Diamond Keno s v\u00fdhrou 10 milion\u016f \u20ac, kter\u00e1 se losuje ka\u017ed\u00fdch 20 minut.","og_url":"https:\/\/redfoxlotto.com\/cs\/keno\/diamond-keno-hlavni-cena-10-milionu-eur\/","og_site_name":"Get Tickets for the World\u2019s largest jackpots","article_modified_time":"2025-10-07T11:11:07+00:00","og_image":[{"url":"https:\/\/redfoxlotto.com\/wp-content\/uploads\/2025\/10\/3-scaled.png"}],"twitter_card":"summary_large_image","twitter_misc":{"Odhadovan\u00e1 doba \u010dten\u00ed":"1 minuta"},"schema":{"@context":"https:\/\/schema.org","@graph":[{"@type":"WebPage","@id":"https:\/\/redfoxlotto.com\/cs\/keno\/diamond-keno-hlavni-cena-10-milionu-eur\/","url":"https:\/\/redfoxlotto.com\/cs\/keno\/diamond-keno-hlavni-cena-10-milionu-eur\/","name":"Nejlep\u0161\u00ed online hra Keno v\u016fbec - nejv\u011bt\u0161\u00ed v\u00fdhra 10 milion\u016f \u20ac v\u00fdhra","isPartOf":{"@id":"https:\/\/redfoxlotto.com\/cs\/#website"},"primaryImageOfPage":{"@id":"https:\/\/redfoxlotto.com\/cs\/keno\/diamond-keno-hlavni-cena-10-milionu-eur\/#primaryimage"},"image":{"@id":"https:\/\/redfoxlotto.com\/cs\/keno\/diamond-keno-hlavni-cena-10-milionu-eur\/#primaryimage"},"thumbnailUrl":"https:\/\/redfoxlotto.com\/wp-content\/uploads\/2025\/10\/3-scaled.png","datePublished":"2025-02-12T11:22:02+00:00","dateModified":"2025-10-07T11:11:07+00:00","description":"M\u00e1me pro v\u00e1s nejlep\u0161\u00ed online hry Keno, v\u010detn\u011b na\u0161\u00ed hry Diamond Keno s v\u00fdhrou 10 milion\u016f \u20ac, kter\u00e1 se losuje ka\u017ed\u00fdch 20 minut.","breadcrumb":{"@id":"https:\/\/redfoxlotto.com\/cs\/keno\/diamond-keno-hlavni-cena-10-milionu-eur\/#breadcrumb"},"inLanguage":"cs","potentialAction":[{"@type":"ReadAction","target":["https:\/\/redfoxlotto.com\/cs\/keno\/diamond-keno-hlavni-cena-10-milionu-eur\/"]}]},{"@type":"ImageObject","inLanguage":"cs","@id":"https:\/\/redfoxlotto.com\/cs\/keno\/diamond-keno-hlavni-cena-10-milionu-eur\/#primaryimage","url":"https:\/\/redfoxlotto.com\/wp-content\/uploads\/2025\/10\/3-scaled.png","contentUrl":"https:\/\/redfoxlotto.com\/wp-content\/uploads\/2025\/10\/3-scaled.png"},{"@type":"BreadcrumbList","@id":"https:\/\/redfoxlotto.com\/cs\/keno\/diamond-keno-hlavni-cena-10-milionu-eur\/#breadcrumb","itemListElement":[{"@type":"ListItem","position":1,"name":"Home","item":"https:\/\/redfoxlotto.com\/cs\/"},{"@type":"ListItem","position":2,"name":"Keno","item":"https:\/\/redfoxlotto.com\/cs\/keno\/"},{"@type":"ListItem","position":3,"name":"Diamond Keno Hlavn\u00ed cena 10 milion\u016f eur"}]},{"@type":"WebSite","@id":"https:\/\/redfoxlotto.com\/cs\/#website","url":"https:\/\/redfoxlotto.com\/cs\/","name":"Get Tickets for the World\u2019s largest jackpots","description":"Participate in worldwide lottery jackpots from any country","publisher":{"@id":"https:\/\/redfoxlotto.com\/cs\/#organization"},"potentialAction":[{"@type":"SearchAction","target":{"@type":"EntryPoint","urlTemplate":"https:\/\/redfoxlotto.com\/cs\/?s={search_term_string}"},"query-input":{"@type":"PropertyValueSpecification","valueRequired":true,"valueName":"search_term_string"}}],"inLanguage":"cs"},{"@type":"Organization","@id":"https:\/\/redfoxlotto.com\/cs\/#organization","name":"Get Tickets for the World\u2019s largest jackpots","url":"https:\/\/redfoxlotto.com\/cs\/","logo":{"@type":"ImageObject","inLanguage":"cs","@id":"https:\/\/redfoxlotto.com\/cs\/#\/schema\/logo\/image\/","url":"https:\/\/redfoxlotto.com\/wp-content\/uploads\/2023\/04\/logo.png","contentUrl":"https:\/\/redfoxlotto.com\/wp-content\/uploads\/2023\/04\/logo.png","width":269,"height":53,"caption":"Get Tickets for the World\u2019s largest jackpots"},"image":{"@id":"https:\/\/redfoxlotto.com\/cs\/#\/schema\/logo\/image\/"}}]}},"_links":{"self":[{"href":"https:\/\/redfoxlotto.com\/cs\/wp-json\/wp\/v2\/pages\/86906","targetHints":{"allow":["GET"]}}],"collection":[{"href":"https:\/\/redfoxlotto.com\/cs\/wp-json\/wp\/v2\/pages"}],"about":[{"href":"https:\/\/redfoxlotto.com\/cs\/wp-json\/wp\/v2\/types\/page"}],"author":[{"embeddable":true,"href":"https:\/\/redfoxlotto.com\/cs\/wp-json\/wp\/v2\/users\/8"}],"replies":[{"embeddable":true,"href":"https:\/\/redfoxlotto.com\/cs\/wp-json\/wp\/v2\/comments?post=86906"}],"version-history":[{"count":0,"href":"https:\/\/redfoxlotto.com\/cs\/wp-json\/wp\/v2\/pages\/86906\/revisions"}],"up":[{"embeddable":true,"href":"https:\/\/redfoxlotto.com\/cs\/wp-json\/wp\/v2\/pages\/84379"}],"wp:attachment":[{"href":"https:\/\/redfoxlotto.com\/cs\/wp-json\/wp\/v2\/media?parent=86906"}],"curies":[{"name":"wp","href":"https:\/\/api.w.org\/{rel}","templated":true}]}}