{"id":86837,"date":"2025-02-12T11:18:17","date_gmt":"2025-02-12T11:18:17","guid":{"rendered":"https:\/\/redfoxlotto.com\/?page_id=86837"},"modified":"2025-05-15T05:04:06","modified_gmt":"2025-05-15T05:04:06","slug":"diamantovy-karetni-system-10m","status":"publish","type":"page","link":"https:\/\/redfoxlotto.com\/cs\/keno\/diamantovy-karetni-system-10m\/","title":{"rendered":"Diamantov\u00fd karetn\u00ed syst\u00e9m 10m"},"content":{"rendered":"<h2>Online Keno u\u017e nem\u016f\u017ee b\u00fdt v\u011bt\u0161\u00ed a lep\u0161\u00ed ne\u017e toto &#8211; hrajte Keno o v\u00fdhru 10 milion\u016f eur!<\/h2>\n<p>Jedn\u00e1 se o na\u0161i nejv\u011bt\u0161\u00ed a nejobl\u00edben\u011bj\u0161\u00ed loterijn\u00ed hru Keno. Pokud hled\u00e1te tu nejlep\u0161\u00ed hru Keno, kterou si m\u016f\u017eete zahr\u00e1t online, jste na spr\u00e1vn\u00e9m m\u00edst\u011b. Tato hra Keno se losuje ka\u017ed\u00fdch 20 minut, tak\u017ee nebudete muset dlouho \u010dekat, ne\u017e zjist\u00edte, zda v\u00e1\u0161 tiket vyhr\u00e1l.<\/p>\n<p>&nbsp;<\/p>\n","protected":false},"excerpt":{"rendered":"<p>Online Keno u\u017e nem\u016f\u017ee b\u00fdt v\u011bt\u0161\u00ed a lep\u0161\u00ed ne\u017e toto &#8211; hrajte Keno o v\u00fdhru 10 milion\u016f eur! Jedn\u00e1 se o na\u0161i nejv\u011bt\u0161\u00ed a nejobl\u00edben\u011bj\u0161\u00ed loterijn\u00ed hru Keno. Pokud hled\u00e1te tu nejlep\u0161\u00ed hru Keno, kterou si m\u016f\u017eete zahr\u00e1t online, jste na spr\u00e1vn\u00e9m m\u00edst\u011b. Tato hra Keno se losuje ka\u017ed\u00fdch 20 minut, tak\u017ee nebudete muset dlouho [&hellip;]<\/p>\n","protected":false},"author":8,"featured_media":0,"parent":84379,"menu_order":1,"comment_status":"closed","ping_status":"closed","template":"","meta":{"_et_pb_use_builder":"","_et_pb_old_content":"","_et_gb_content_width":"","exclude_from_search":false,"footnotes":""},"class_list":["post-86837","page","type-page","status-publish","hentry"],"yoast_head":"<!-- This site is optimized with the Yoast SEO plugin v23.8 - https:\/\/yoast.com\/wordpress\/plugins\/seo\/ -->\n<title>Nejlep\u0161\u00ed online hry Keno - Keno za 10 milion\u016f eur<\/title>\n<meta name=\"description\" content=\"Najd\u011bte si zde ty nejlep\u0161\u00ed online hry Keno s nejvy\u0161\u0161\u00edmi v\u00fdhrami a\u017e 10 milion\u016f eur. Na dal\u0161\u00ed losov\u00e1n\u00ed online Keno u\u017e nikdy nebudete muset \u010dekat p\u0159\u00edli\u0161 dlouho!\" \/>\n<meta name=\"robots\" content=\"index, follow, max-snippet:-1, max-image-preview:large, max-video-preview:-1\" \/>\n<link rel=\"canonical\" href=\"https:\/\/redfoxlotto.com\/cs\/keno\/diamantovy-karetni-system-10m\/\" \/>\n<meta property=\"og:locale\" content=\"cs_CZ\" \/>\n<meta property=\"og:type\" content=\"article\" \/>\n<meta property=\"og:title\" content=\"Nejlep\u0161\u00ed online hry Keno - Keno za 10 milion\u016f eur\" \/>\n<meta property=\"og:description\" content=\"Najd\u011bte si zde ty nejlep\u0161\u00ed online hry Keno s nejvy\u0161\u0161\u00edmi v\u00fdhrami a\u017e 10 milion\u016f eur. Na dal\u0161\u00ed losov\u00e1n\u00ed online Keno u\u017e nikdy nebudete muset \u010dekat p\u0159\u00edli\u0161 dlouho!\" \/>\n<meta property=\"og:url\" content=\"https:\/\/redfoxlotto.com\/cs\/keno\/diamantovy-karetni-system-10m\/\" \/>\n<meta property=\"og:site_name\" content=\"Get Tickets for the World\u2019s largest jackpots\" \/>\n<meta property=\"article:modified_time\" content=\"2025-05-15T05:04:06+00:00\" \/>\n<meta name=\"twitter:card\" content=\"summary_large_image\" \/>\n<meta name=\"twitter:label1\" content=\"Odhadovan\u00e1 doba \u010dten\u00ed\" \/>\n\t<meta name=\"twitter:data1\" content=\"1 minuta\" \/>\n<script type=\"application\/ld+json\" class=\"yoast-schema-graph\">{\"@context\":\"https:\/\/schema.org\",\"@graph\":[{\"@type\":\"WebPage\",\"@id\":\"https:\/\/redfoxlotto.com\/cs\/keno\/diamantovy-karetni-system-10m\/\",\"url\":\"https:\/\/redfoxlotto.com\/cs\/keno\/diamantovy-karetni-system-10m\/\",\"name\":\"Nejlep\u0161\u00ed online hry Keno - Keno za 10 milion\u016f eur\",\"isPartOf\":{\"@id\":\"https:\/\/redfoxlotto.com\/cs\/#website\"},\"datePublished\":\"2025-02-12T11:18:17+00:00\",\"dateModified\":\"2025-05-15T05:04:06+00:00\",\"description\":\"Najd\u011bte si zde ty nejlep\u0161\u00ed online hry Keno s nejvy\u0161\u0161\u00edmi v\u00fdhrami a\u017e 10 milion\u016f eur. Na dal\u0161\u00ed losov\u00e1n\u00ed online Keno u\u017e nikdy nebudete muset \u010dekat p\u0159\u00edli\u0161 dlouho!\",\"breadcrumb\":{\"@id\":\"https:\/\/redfoxlotto.com\/cs\/keno\/diamantovy-karetni-system-10m\/#breadcrumb\"},\"inLanguage\":\"cs\",\"potentialAction\":[{\"@type\":\"ReadAction\",\"target\":[\"https:\/\/redfoxlotto.com\/cs\/keno\/diamantovy-karetni-system-10m\/\"]}]},{\"@type\":\"BreadcrumbList\",\"@id\":\"https:\/\/redfoxlotto.com\/cs\/keno\/diamantovy-karetni-system-10m\/#breadcrumb\",\"itemListElement\":[{\"@type\":\"ListItem\",\"position\":1,\"name\":\"Home\",\"item\":\"https:\/\/redfoxlotto.com\/cs\/\"},{\"@type\":\"ListItem\",\"position\":2,\"name\":\"Keno\",\"item\":\"https:\/\/redfoxlotto.com\/cs\/keno\/\"},{\"@type\":\"ListItem\",\"position\":3,\"name\":\"Diamantov\u00fd karetn\u00ed syst\u00e9m 10m\"}]},{\"@type\":\"WebSite\",\"@id\":\"https:\/\/redfoxlotto.com\/cs\/#website\",\"url\":\"https:\/\/redfoxlotto.com\/cs\/\",\"name\":\"Get Tickets for the World\u2019s largest jackpots\",\"description\":\"Participate in worldwide lottery jackpots from any country\",\"publisher\":{\"@id\":\"https:\/\/redfoxlotto.com\/cs\/#organization\"},\"potentialAction\":[{\"@type\":\"SearchAction\",\"target\":{\"@type\":\"EntryPoint\",\"urlTemplate\":\"https:\/\/redfoxlotto.com\/cs\/?s={search_term_string}\"},\"query-input\":{\"@type\":\"PropertyValueSpecification\",\"valueRequired\":true,\"valueName\":\"search_term_string\"}}],\"inLanguage\":\"cs\"},{\"@type\":\"Organization\",\"@id\":\"https:\/\/redfoxlotto.com\/cs\/#organization\",\"name\":\"Get Tickets for the World\u2019s largest jackpots\",\"url\":\"https:\/\/redfoxlotto.com\/cs\/\",\"logo\":{\"@type\":\"ImageObject\",\"inLanguage\":\"cs\",\"@id\":\"https:\/\/redfoxlotto.com\/cs\/#\/schema\/logo\/image\/\",\"url\":\"https:\/\/redfoxlotto.com\/wp-content\/uploads\/2023\/04\/logo.png\",\"contentUrl\":\"https:\/\/redfoxlotto.com\/wp-content\/uploads\/2023\/04\/logo.png\",\"width\":269,\"height\":53,\"caption\":\"Get Tickets for the World\u2019s largest jackpots\"},\"image\":{\"@id\":\"https:\/\/redfoxlotto.com\/cs\/#\/schema\/logo\/image\/\"}}]}<\/script>\n<!-- \/ Yoast SEO plugin. -->","yoast_head_json":{"title":"Nejlep\u0161\u00ed online hry Keno - Keno za 10 milion\u016f eur","description":"Najd\u011bte si zde ty nejlep\u0161\u00ed online hry Keno s nejvy\u0161\u0161\u00edmi v\u00fdhrami a\u017e 10 milion\u016f eur. Na dal\u0161\u00ed losov\u00e1n\u00ed online Keno u\u017e nikdy nebudete muset \u010dekat p\u0159\u00edli\u0161 dlouho!","robots":{"index":"index","follow":"follow","max-snippet":"max-snippet:-1","max-image-preview":"max-image-preview:large","max-video-preview":"max-video-preview:-1"},"canonical":"https:\/\/redfoxlotto.com\/cs\/keno\/diamantovy-karetni-system-10m\/","og_locale":"cs_CZ","og_type":"article","og_title":"Nejlep\u0161\u00ed online hry Keno - Keno za 10 milion\u016f eur","og_description":"Najd\u011bte si zde ty nejlep\u0161\u00ed online hry Keno s nejvy\u0161\u0161\u00edmi v\u00fdhrami a\u017e 10 milion\u016f eur. Na dal\u0161\u00ed losov\u00e1n\u00ed online Keno u\u017e nikdy nebudete muset \u010dekat p\u0159\u00edli\u0161 dlouho!","og_url":"https:\/\/redfoxlotto.com\/cs\/keno\/diamantovy-karetni-system-10m\/","og_site_name":"Get Tickets for the World\u2019s largest jackpots","article_modified_time":"2025-05-15T05:04:06+00:00","twitter_card":"summary_large_image","twitter_misc":{"Odhadovan\u00e1 doba \u010dten\u00ed":"1 minuta"},"schema":{"@context":"https:\/\/schema.org","@graph":[{"@type":"WebPage","@id":"https:\/\/redfoxlotto.com\/cs\/keno\/diamantovy-karetni-system-10m\/","url":"https:\/\/redfoxlotto.com\/cs\/keno\/diamantovy-karetni-system-10m\/","name":"Nejlep\u0161\u00ed online hry Keno - Keno za 10 milion\u016f eur","isPartOf":{"@id":"https:\/\/redfoxlotto.com\/cs\/#website"},"datePublished":"2025-02-12T11:18:17+00:00","dateModified":"2025-05-15T05:04:06+00:00","description":"Najd\u011bte si zde ty nejlep\u0161\u00ed online hry Keno s nejvy\u0161\u0161\u00edmi v\u00fdhrami a\u017e 10 milion\u016f eur. Na dal\u0161\u00ed losov\u00e1n\u00ed online Keno u\u017e nikdy nebudete muset \u010dekat p\u0159\u00edli\u0161 dlouho!","breadcrumb":{"@id":"https:\/\/redfoxlotto.com\/cs\/keno\/diamantovy-karetni-system-10m\/#breadcrumb"},"inLanguage":"cs","potentialAction":[{"@type":"ReadAction","target":["https:\/\/redfoxlotto.com\/cs\/keno\/diamantovy-karetni-system-10m\/"]}]},{"@type":"BreadcrumbList","@id":"https:\/\/redfoxlotto.com\/cs\/keno\/diamantovy-karetni-system-10m\/#breadcrumb","itemListElement":[{"@type":"ListItem","position":1,"name":"Home","item":"https:\/\/redfoxlotto.com\/cs\/"},{"@type":"ListItem","position":2,"name":"Keno","item":"https:\/\/redfoxlotto.com\/cs\/keno\/"},{"@type":"ListItem","position":3,"name":"Diamantov\u00fd karetn\u00ed syst\u00e9m 10m"}]},{"@type":"WebSite","@id":"https:\/\/redfoxlotto.com\/cs\/#website","url":"https:\/\/redfoxlotto.com\/cs\/","name":"Get Tickets for the World\u2019s largest jackpots","description":"Participate in worldwide lottery jackpots from any country","publisher":{"@id":"https:\/\/redfoxlotto.com\/cs\/#organization"},"potentialAction":[{"@type":"SearchAction","target":{"@type":"EntryPoint","urlTemplate":"https:\/\/redfoxlotto.com\/cs\/?s={search_term_string}"},"query-input":{"@type":"PropertyValueSpecification","valueRequired":true,"valueName":"search_term_string"}}],"inLanguage":"cs"},{"@type":"Organization","@id":"https:\/\/redfoxlotto.com\/cs\/#organization","name":"Get Tickets for the World\u2019s largest jackpots","url":"https:\/\/redfoxlotto.com\/cs\/","logo":{"@type":"ImageObject","inLanguage":"cs","@id":"https:\/\/redfoxlotto.com\/cs\/#\/schema\/logo\/image\/","url":"https:\/\/redfoxlotto.com\/wp-content\/uploads\/2023\/04\/logo.png","contentUrl":"https:\/\/redfoxlotto.com\/wp-content\/uploads\/2023\/04\/logo.png","width":269,"height":53,"caption":"Get Tickets for the World\u2019s largest jackpots"},"image":{"@id":"https:\/\/redfoxlotto.com\/cs\/#\/schema\/logo\/image\/"}}]}},"_links":{"self":[{"href":"https:\/\/redfoxlotto.com\/cs\/wp-json\/wp\/v2\/pages\/86837","targetHints":{"allow":["GET"]}}],"collection":[{"href":"https:\/\/redfoxlotto.com\/cs\/wp-json\/wp\/v2\/pages"}],"about":[{"href":"https:\/\/redfoxlotto.com\/cs\/wp-json\/wp\/v2\/types\/page"}],"author":[{"embeddable":true,"href":"https:\/\/redfoxlotto.com\/cs\/wp-json\/wp\/v2\/users\/8"}],"replies":[{"embeddable":true,"href":"https:\/\/redfoxlotto.com\/cs\/wp-json\/wp\/v2\/comments?post=86837"}],"version-history":[{"count":0,"href":"https:\/\/redfoxlotto.com\/cs\/wp-json\/wp\/v2\/pages\/86837\/revisions"}],"up":[{"embeddable":true,"href":"https:\/\/redfoxlotto.com\/cs\/wp-json\/wp\/v2\/pages\/84379"}],"wp:attachment":[{"href":"https:\/\/redfoxlotto.com\/cs\/wp-json\/wp\/v2\/media?parent=86837"}],"curies":[{"name":"wp","href":"https:\/\/api.w.org\/{rel}","templated":true}]}}