{"id":85532,"date":"2025-02-25T17:29:04","date_gmt":"2025-02-25T17:29:04","guid":{"rendered":"https:\/\/redfoxlotto.com\/?page_id=85532"},"modified":"2025-04-21T07:16:37","modified_gmt":"2025-04-21T07:16:37","slug":"new-york-loterie-vysledky","status":"publish","type":"page","link":"https:\/\/redfoxlotto.com\/cs\/vysledky\/new-york-loterie-vysledky\/","title":{"rendered":"New York loterie V\u00fdsledky"},"content":{"rendered":"<h2>\ud83d\uddfdNejnov\u011bj\u0161\u00ed v\u00fdsledky z New York loterie kreslen\u00ed.<\/h2>\n<p><img loading=\"lazy\" decoding=\"async\" class=\"size-full wp-image-48546 alignright\" src=\"https:\/\/redfoxlotto.com\/wp-content\/uploads\/2023\/04\/powerball-draw-youtube1-300x300-1.jpg\" alt=\"newyork lotto \" width=\"300\" height=\"300\" srcset=\"https:\/\/redfoxlotto.com\/wp-content\/uploads\/2023\/04\/powerball-draw-youtube1-300x300-1.jpg 300w, https:\/\/redfoxlotto.com\/wp-content\/uploads\/2023\/04\/powerball-draw-youtube1-300x300-1-100x100.jpg 100w, https:\/\/redfoxlotto.com\/wp-content\/uploads\/2023\/04\/powerball-draw-youtube1-300x300-1-150x150.jpg 150w\" sizes=\"auto, (max-width: 300px) 100vw, 300px\" \/><br \/>\nLoterijn\u00ed hr\u00e1\u010di, kte\u0159\u00ed maj\u00ed z\u00e1jem o nejaktu\u00e1ln\u011bj\u0161\u00ed v\u00fdsledky loterie New York Lottery, mohou vyu\u017e\u00edt platformu RedFoxLotto, kter\u00e1 je nejen komplexn\u00ed, ale tak\u00e9 jednoduch\u00e1 na pou\u017e\u00edv\u00e1n\u00ed. Abyste m\u011bli v\u017edy aktu\u00e1ln\u00ed informace, poskytuje v\u00e1m RedFoxLotto nejnov\u011bj\u0161\u00ed informace bez ohledu na to, zda se d\u00edv\u00e1te na nejnov\u011bj\u0161\u00ed losov\u00e1n\u00ed nebo na \u010d\u00edseln\u00e9 kombinace, kter\u00e9 vyhr\u00e1ly v minulosti.<\/p>\n<h2>\ud83d\udd0dUmo\u017e\u0148uje p\u0159\u00edstup k nejnov\u011bj\u0161\u00edm objev\u016fm<\/h2>\n<p>Webov\u00e1 str\u00e1nka RedFoxLotto je zodpov\u011bdn\u00e1 za udr\u017eov\u00e1n\u00ed str\u00e1nky, kter\u00e1 je v\u011bnov\u00e1na v\u00fdhradn\u011b v\u00fdsledk\u016fm loterie New York. U\u017eivatel\u00e9 budou moci tuto str\u00e1nku vyu\u017e\u00edt k z\u00edsk\u00e1n\u00ed v\u00fdhern\u00edch \u010d\u00edsel z posledn\u00edch proveden\u00fdch losov\u00e1n\u00ed. D\u00edky tomu maj\u00ed hr\u00e1\u010di p\u0159\u00edstup ke v\u0161em relevantn\u00edm informac\u00edm na dosah ruky, proto\u017ee jim poskytuje d\u016fkladn\u00e9 informace o \u0159ad\u011b her t\u00edm, \u017ee jim tyto informace poskytuje.<\/p>\n<h2>Charakteristika a v\u00fdhody produktu<\/h2>\n<h3>Kompletn\u00ed sb\u00edrky archiv\u016f:<\/h3>\n<p>U\u017eivatel\u00e9 RedFoxLotto z\u00edskaj\u00ed krom\u011b nejnov\u011bj\u0161\u00edch v\u00fdsledk\u016f loterie tak\u00e9 p\u0159\u00edstup k archivu p\u0159edchoz\u00edch v\u00fdhern\u00edch \u010d\u00edsel. U\u017eivatel\u00e9 mohou pomoc\u00ed tohoto archivu zkoumat z\u00e1konitosti nebo kontrolovat v\u00fdsledky p\u0159edchoz\u00edch v\u00fdhern\u00edch \u010d\u00edsel.<\/p>\n<p>Hr\u00e1\u010di z cel\u00e9ho sv\u011bta se mohou \u00fa\u010dastnit loterie New York Lottery vyu\u017eit\u00edm platformy, kterou poskytuje RedFoxLotto.com. Tato dostupnost umo\u017e\u0148uje \u00fa\u010dast hr\u00e1\u010d\u016f z cel\u00e9ho sv\u011bta. D\u00edky tomu je pro jednotlivce z jin\u00fdch zem\u00ed mnohem jednodu\u0161\u0161\u00ed \u00fa\u010dastnit se loteri\u00ed, kter\u00e9 se konaj\u00ed ve Spojen\u00fdch st\u00e1tech.<\/p>\n<p>Zabezpe\u010den\u00e9 transakce RedFoxLotto zaji\u0161\u0165uj\u00ed bezpe\u010dnost a zabezpe\u010den\u00ed v\u0161ech finan\u010dn\u00edch transakc\u00ed, co\u017e u\u017eivatel\u016fm umo\u017e\u0148uje nakupovat tikety online bez jak\u00fdchkoli obav. To umo\u017enilo u\u017eivatel\u016fm nakupovat losy online.<\/p>\n<h3>Upozorn\u011bn\u00ed, kter\u00e1 jsou generov\u00e1na automaticky:<\/h3>\n<p>V p\u0159\u00edpad\u011b, \u017ee je u\u017eivatel \u00fasp\u011b\u0161n\u00fd, je okam\u017eit\u011b upozorn\u011bn, co\u017e sni\u017euje nutnost ru\u010dn\u00edho ov\u011b\u0159ov\u00e1n\u00ed v\u00fdsledk\u016f jednotlivcem.<\/p>\n<h2>Za\u010d\u00edn\u00e1me: Pr\u016fvodce krok za krokem<\/h2>\n<p>Za p\u0159edpokladu, \u017ee nav\u0161t\u00edv\u00edte webov\u00e9 str\u00e1nky, p\u0159ejd\u011bte na str\u00e1nku New York Lottery na RedFoxLotto podle uveden\u00e9ho odkazu. https:\/\/redfoxlotto.com\/results\/new-york-lottery\/<\/p>\n<p>Chcete-li si vytvo\u0159it u\u017eivatelsk\u00fd \u00fa\u010det, registrac\u00ed z\u00edsk\u00e1te p\u0159\u00edstup ke v\u0161em slu\u017eb\u00e1m, v\u010detn\u011b mo\u017enost\u00ed n\u00e1kupu tiket\u016f a p\u0159ij\u00edm\u00e1n\u00ed ozn\u00e1men\u00ed o v\u00fdsledc\u00edch.<\/p>\n<p>Pro \u00fa\u010dely n\u00e1kupu tiket\u016f pro nadch\u00e1zej\u00edc\u00ed losov\u00e1n\u00ed si m\u016f\u017eete bu\u010f vybrat preferovan\u00e1 \u010d\u00edsla, nebo vyu\u017e\u00edt mo\u017enosti rychl\u00e9ho v\u00fdb\u011bru. Krom\u011b toho m\u00e1te mo\u017enost zvolit mo\u017enost rychl\u00e9ho v\u00fdb\u011bru.<\/p>\n<p>Po proveden\u00ed losov\u00e1n\u00ed byste se m\u011bli vr\u00e1tit na webov\u00e9 str\u00e1nky, abyste si ov\u011b\u0159ili nejaktu\u00e1ln\u011bj\u0161\u00ed vylosovan\u00e1 \u010d\u00edsla a rozhodli se, zda jste se stali v\u00fdhercem.<\/p>\n<p>Poskytnut\u00edm spolehliv\u00e9ho a \u00fa\u010dinn\u00e9ho prost\u0159edku pro sledov\u00e1n\u00ed nejnov\u011bj\u0161\u00edch v\u00fdsledk\u016f a spr\u00e1vu va\u0161ich akc\u00ed souvisej\u00edc\u00edch s loteri\u00ed RedFoxLotto usnad\u0148uje proces \u00fa\u010dasti v loterii New York Lottery.<\/p>\n","protected":false},"excerpt":{"rendered":"<p>\ud83d\uddfdNejnov\u011bj\u0161\u00ed v\u00fdsledky z New York loterie kreslen\u00ed. Loterijn\u00ed hr\u00e1\u010di, kte\u0159\u00ed maj\u00ed z\u00e1jem o nejaktu\u00e1ln\u011bj\u0161\u00ed v\u00fdsledky loterie New York Lottery, mohou vyu\u017e\u00edt platformu RedFoxLotto, kter\u00e1 je nejen komplexn\u00ed, ale tak\u00e9 jednoduch\u00e1 na pou\u017e\u00edv\u00e1n\u00ed. Abyste m\u011bli v\u017edy aktu\u00e1ln\u00ed informace, poskytuje v\u00e1m RedFoxLotto nejnov\u011bj\u0161\u00ed informace bez ohledu na to, zda se d\u00edv\u00e1te na nejnov\u011bj\u0161\u00ed losov\u00e1n\u00ed nebo na \u010d\u00edseln\u00e9 [&hellip;]<\/p>\n","protected":false},"author":8,"featured_media":0,"parent":5774,"menu_order":18,"comment_status":"closed","ping_status":"closed","template":"newyork-results.php","meta":{"_et_pb_use_builder":"","_et_pb_old_content":"","_et_gb_content_width":"","exclude_from_search":false,"footnotes":""},"class_list":["post-85532","page","type-page","status-publish","hentry"],"yoast_head":"<!-- This site is optimized with the Yoast SEO plugin v23.8 - https:\/\/yoast.com\/wordpress\/plugins\/seo\/ -->\n<title>V\u00edt\u011bzn\u00e1 \u010d\u00edsla loterie New York | V\u00fdsledky loterie New York z minul\u00e9 noci<\/title>\n<meta name=\"description\" content=\"Pokud hled\u00e1te v\u010derej\u0161\u00ed v\u00edt\u011bzn\u00e1 \u010d\u00edsla loterie New York Lottery nebo star\u0161\u00ed v\u00fdsledky, najdete je v\u0161echny na na\u0161ich webov\u00fdch str\u00e1nk\u00e1ch.\" \/>\n<meta name=\"robots\" content=\"index, follow, max-snippet:-1, max-image-preview:large, max-video-preview:-1\" \/>\n<link rel=\"canonical\" href=\"https:\/\/redfoxlotto.com\/cs\/vysledky\/new-york-loterie-vysledky\/\" \/>\n<meta property=\"og:locale\" content=\"cs_CZ\" \/>\n<meta property=\"og:type\" content=\"article\" \/>\n<meta property=\"og:title\" content=\"V\u00edt\u011bzn\u00e1 \u010d\u00edsla loterie New York | V\u00fdsledky loterie New York z minul\u00e9 noci\" \/>\n<meta property=\"og:description\" content=\"Pokud hled\u00e1te v\u010derej\u0161\u00ed v\u00edt\u011bzn\u00e1 \u010d\u00edsla loterie New York Lottery nebo star\u0161\u00ed v\u00fdsledky, najdete je v\u0161echny na na\u0161ich webov\u00fdch str\u00e1nk\u00e1ch.\" \/>\n<meta property=\"og:url\" content=\"https:\/\/redfoxlotto.com\/cs\/vysledky\/new-york-loterie-vysledky\/\" \/>\n<meta property=\"og:site_name\" content=\"Get Tickets for the World\u2019s largest jackpots\" \/>\n<meta property=\"article:modified_time\" content=\"2025-04-21T07:16:37+00:00\" \/>\n<meta property=\"og:image\" content=\"https:\/\/redfoxlotto.com\/wp-content\/uploads\/2023\/04\/powerball-draw-youtube1-300x300-1.jpg\" \/>\n<meta name=\"twitter:card\" content=\"summary_large_image\" \/>\n<meta name=\"twitter:label1\" content=\"Odhadovan\u00e1 doba \u010dten\u00ed\" \/>\n\t<meta name=\"twitter:data1\" content=\"2 minuty\" \/>\n<script type=\"application\/ld+json\" class=\"yoast-schema-graph\">{\"@context\":\"https:\/\/schema.org\",\"@graph\":[{\"@type\":\"WebPage\",\"@id\":\"https:\/\/redfoxlotto.com\/cs\/vysledky\/new-york-loterie-vysledky\/\",\"url\":\"https:\/\/redfoxlotto.com\/cs\/vysledky\/new-york-loterie-vysledky\/\",\"name\":\"V\u00edt\u011bzn\u00e1 \u010d\u00edsla loterie New York | V\u00fdsledky loterie New York z minul\u00e9 noci\",\"isPartOf\":{\"@id\":\"https:\/\/redfoxlotto.com\/cs\/#website\"},\"primaryImageOfPage\":{\"@id\":\"https:\/\/redfoxlotto.com\/cs\/vysledky\/new-york-loterie-vysledky\/#primaryimage\"},\"image\":{\"@id\":\"https:\/\/redfoxlotto.com\/cs\/vysledky\/new-york-loterie-vysledky\/#primaryimage\"},\"thumbnailUrl\":\"https:\/\/redfoxlotto.com\/wp-content\/uploads\/2023\/04\/powerball-draw-youtube1-300x300-1.jpg\",\"datePublished\":\"2025-02-25T17:29:04+00:00\",\"dateModified\":\"2025-04-21T07:16:37+00:00\",\"description\":\"Pokud hled\u00e1te v\u010derej\u0161\u00ed v\u00edt\u011bzn\u00e1 \u010d\u00edsla loterie New York Lottery nebo star\u0161\u00ed v\u00fdsledky, najdete je v\u0161echny na na\u0161ich webov\u00fdch str\u00e1nk\u00e1ch.\",\"breadcrumb\":{\"@id\":\"https:\/\/redfoxlotto.com\/cs\/vysledky\/new-york-loterie-vysledky\/#breadcrumb\"},\"inLanguage\":\"cs\",\"potentialAction\":[{\"@type\":\"ReadAction\",\"target\":[\"https:\/\/redfoxlotto.com\/cs\/vysledky\/new-york-loterie-vysledky\/\"]}]},{\"@type\":\"ImageObject\",\"inLanguage\":\"cs\",\"@id\":\"https:\/\/redfoxlotto.com\/cs\/vysledky\/new-york-loterie-vysledky\/#primaryimage\",\"url\":\"https:\/\/redfoxlotto.com\/wp-content\/uploads\/2023\/04\/powerball-draw-youtube1-300x300-1.jpg\",\"contentUrl\":\"https:\/\/redfoxlotto.com\/wp-content\/uploads\/2023\/04\/powerball-draw-youtube1-300x300-1.jpg\"},{\"@type\":\"BreadcrumbList\",\"@id\":\"https:\/\/redfoxlotto.com\/cs\/vysledky\/new-york-loterie-vysledky\/#breadcrumb\",\"itemListElement\":[{\"@type\":\"ListItem\",\"position\":1,\"name\":\"Home\",\"item\":\"https:\/\/redfoxlotto.com\/cs\/\"},{\"@type\":\"ListItem\",\"position\":2,\"name\":\"V\u00fdsledky mezin\u00e1rodn\u00ed loterie\",\"item\":\"https:\/\/redfoxlotto.com\/cs\/vysledky\/\"},{\"@type\":\"ListItem\",\"position\":3,\"name\":\"New York loterie V\u00fdsledky\"}]},{\"@type\":\"WebSite\",\"@id\":\"https:\/\/redfoxlotto.com\/cs\/#website\",\"url\":\"https:\/\/redfoxlotto.com\/cs\/\",\"name\":\"Get Tickets for the World\u2019s largest jackpots\",\"description\":\"Participate in worldwide lottery jackpots from any country\",\"publisher\":{\"@id\":\"https:\/\/redfoxlotto.com\/cs\/#organization\"},\"potentialAction\":[{\"@type\":\"SearchAction\",\"target\":{\"@type\":\"EntryPoint\",\"urlTemplate\":\"https:\/\/redfoxlotto.com\/cs\/?s={search_term_string}\"},\"query-input\":{\"@type\":\"PropertyValueSpecification\",\"valueRequired\":true,\"valueName\":\"search_term_string\"}}],\"inLanguage\":\"cs\"},{\"@type\":\"Organization\",\"@id\":\"https:\/\/redfoxlotto.com\/cs\/#organization\",\"name\":\"Get Tickets for the World\u2019s largest jackpots\",\"url\":\"https:\/\/redfoxlotto.com\/cs\/\",\"logo\":{\"@type\":\"ImageObject\",\"inLanguage\":\"cs\",\"@id\":\"https:\/\/redfoxlotto.com\/cs\/#\/schema\/logo\/image\/\",\"url\":\"https:\/\/redfoxlotto.com\/wp-content\/uploads\/2023\/04\/logo.png\",\"contentUrl\":\"https:\/\/redfoxlotto.com\/wp-content\/uploads\/2023\/04\/logo.png\",\"width\":269,\"height\":53,\"caption\":\"Get Tickets for the World\u2019s largest jackpots\"},\"image\":{\"@id\":\"https:\/\/redfoxlotto.com\/cs\/#\/schema\/logo\/image\/\"}}]}<\/script>\n<!-- \/ Yoast SEO plugin. -->","yoast_head_json":{"title":"V\u00edt\u011bzn\u00e1 \u010d\u00edsla loterie New York | V\u00fdsledky loterie New York z minul\u00e9 noci","description":"Pokud hled\u00e1te v\u010derej\u0161\u00ed v\u00edt\u011bzn\u00e1 \u010d\u00edsla loterie New York Lottery nebo star\u0161\u00ed v\u00fdsledky, najdete je v\u0161echny na na\u0161ich webov\u00fdch str\u00e1nk\u00e1ch.","robots":{"index":"index","follow":"follow","max-snippet":"max-snippet:-1","max-image-preview":"max-image-preview:large","max-video-preview":"max-video-preview:-1"},"canonical":"https:\/\/redfoxlotto.com\/cs\/vysledky\/new-york-loterie-vysledky\/","og_locale":"cs_CZ","og_type":"article","og_title":"V\u00edt\u011bzn\u00e1 \u010d\u00edsla loterie New York | V\u00fdsledky loterie New York z minul\u00e9 noci","og_description":"Pokud hled\u00e1te v\u010derej\u0161\u00ed v\u00edt\u011bzn\u00e1 \u010d\u00edsla loterie New York Lottery nebo star\u0161\u00ed v\u00fdsledky, najdete je v\u0161echny na na\u0161ich webov\u00fdch str\u00e1nk\u00e1ch.","og_url":"https:\/\/redfoxlotto.com\/cs\/vysledky\/new-york-loterie-vysledky\/","og_site_name":"Get Tickets for the World\u2019s largest jackpots","article_modified_time":"2025-04-21T07:16:37+00:00","og_image":[{"url":"https:\/\/redfoxlotto.com\/wp-content\/uploads\/2023\/04\/powerball-draw-youtube1-300x300-1.jpg"}],"twitter_card":"summary_large_image","twitter_misc":{"Odhadovan\u00e1 doba \u010dten\u00ed":"2 minuty"},"schema":{"@context":"https:\/\/schema.org","@graph":[{"@type":"WebPage","@id":"https:\/\/redfoxlotto.com\/cs\/vysledky\/new-york-loterie-vysledky\/","url":"https:\/\/redfoxlotto.com\/cs\/vysledky\/new-york-loterie-vysledky\/","name":"V\u00edt\u011bzn\u00e1 \u010d\u00edsla loterie New York | V\u00fdsledky loterie New York z minul\u00e9 noci","isPartOf":{"@id":"https:\/\/redfoxlotto.com\/cs\/#website"},"primaryImageOfPage":{"@id":"https:\/\/redfoxlotto.com\/cs\/vysledky\/new-york-loterie-vysledky\/#primaryimage"},"image":{"@id":"https:\/\/redfoxlotto.com\/cs\/vysledky\/new-york-loterie-vysledky\/#primaryimage"},"thumbnailUrl":"https:\/\/redfoxlotto.com\/wp-content\/uploads\/2023\/04\/powerball-draw-youtube1-300x300-1.jpg","datePublished":"2025-02-25T17:29:04+00:00","dateModified":"2025-04-21T07:16:37+00:00","description":"Pokud hled\u00e1te v\u010derej\u0161\u00ed v\u00edt\u011bzn\u00e1 \u010d\u00edsla loterie New York Lottery nebo star\u0161\u00ed v\u00fdsledky, najdete je v\u0161echny na na\u0161ich webov\u00fdch str\u00e1nk\u00e1ch.","breadcrumb":{"@id":"https:\/\/redfoxlotto.com\/cs\/vysledky\/new-york-loterie-vysledky\/#breadcrumb"},"inLanguage":"cs","potentialAction":[{"@type":"ReadAction","target":["https:\/\/redfoxlotto.com\/cs\/vysledky\/new-york-loterie-vysledky\/"]}]},{"@type":"ImageObject","inLanguage":"cs","@id":"https:\/\/redfoxlotto.com\/cs\/vysledky\/new-york-loterie-vysledky\/#primaryimage","url":"https:\/\/redfoxlotto.com\/wp-content\/uploads\/2023\/04\/powerball-draw-youtube1-300x300-1.jpg","contentUrl":"https:\/\/redfoxlotto.com\/wp-content\/uploads\/2023\/04\/powerball-draw-youtube1-300x300-1.jpg"},{"@type":"BreadcrumbList","@id":"https:\/\/redfoxlotto.com\/cs\/vysledky\/new-york-loterie-vysledky\/#breadcrumb","itemListElement":[{"@type":"ListItem","position":1,"name":"Home","item":"https:\/\/redfoxlotto.com\/cs\/"},{"@type":"ListItem","position":2,"name":"V\u00fdsledky mezin\u00e1rodn\u00ed loterie","item":"https:\/\/redfoxlotto.com\/cs\/vysledky\/"},{"@type":"ListItem","position":3,"name":"New York loterie V\u00fdsledky"}]},{"@type":"WebSite","@id":"https:\/\/redfoxlotto.com\/cs\/#website","url":"https:\/\/redfoxlotto.com\/cs\/","name":"Get Tickets for the World\u2019s largest jackpots","description":"Participate in worldwide lottery jackpots from any country","publisher":{"@id":"https:\/\/redfoxlotto.com\/cs\/#organization"},"potentialAction":[{"@type":"SearchAction","target":{"@type":"EntryPoint","urlTemplate":"https:\/\/redfoxlotto.com\/cs\/?s={search_term_string}"},"query-input":{"@type":"PropertyValueSpecification","valueRequired":true,"valueName":"search_term_string"}}],"inLanguage":"cs"},{"@type":"Organization","@id":"https:\/\/redfoxlotto.com\/cs\/#organization","name":"Get Tickets for the World\u2019s largest jackpots","url":"https:\/\/redfoxlotto.com\/cs\/","logo":{"@type":"ImageObject","inLanguage":"cs","@id":"https:\/\/redfoxlotto.com\/cs\/#\/schema\/logo\/image\/","url":"https:\/\/redfoxlotto.com\/wp-content\/uploads\/2023\/04\/logo.png","contentUrl":"https:\/\/redfoxlotto.com\/wp-content\/uploads\/2023\/04\/logo.png","width":269,"height":53,"caption":"Get Tickets for the World\u2019s largest jackpots"},"image":{"@id":"https:\/\/redfoxlotto.com\/cs\/#\/schema\/logo\/image\/"}}]}},"_links":{"self":[{"href":"https:\/\/redfoxlotto.com\/cs\/wp-json\/wp\/v2\/pages\/85532","targetHints":{"allow":["GET"]}}],"collection":[{"href":"https:\/\/redfoxlotto.com\/cs\/wp-json\/wp\/v2\/pages"}],"about":[{"href":"https:\/\/redfoxlotto.com\/cs\/wp-json\/wp\/v2\/types\/page"}],"author":[{"embeddable":true,"href":"https:\/\/redfoxlotto.com\/cs\/wp-json\/wp\/v2\/users\/8"}],"replies":[{"embeddable":true,"href":"https:\/\/redfoxlotto.com\/cs\/wp-json\/wp\/v2\/comments?post=85532"}],"version-history":[{"count":0,"href":"https:\/\/redfoxlotto.com\/cs\/wp-json\/wp\/v2\/pages\/85532\/revisions"}],"up":[{"embeddable":true,"href":"https:\/\/redfoxlotto.com\/cs\/wp-json\/wp\/v2\/pages\/5774"}],"wp:attachment":[{"href":"https:\/\/redfoxlotto.com\/cs\/wp-json\/wp\/v2\/media?parent=85532"}],"curies":[{"name":"wp","href":"https:\/\/api.w.org\/{rel}","templated":true}]}}