{"id":85468,"date":"2025-02-25T17:25:31","date_gmt":"2025-02-25T17:25:31","guid":{"rendered":"https:\/\/redfoxlotto.com\/?page_id=85468"},"modified":"2025-04-21T06:37:43","modified_gmt":"2025-04-21T06:37:43","slug":"o-loterii-new-york","status":"publish","type":"page","link":"https:\/\/redfoxlotto.com\/cs\/loterie\/o-loterii-new-york\/","title":{"rendered":"O loterii New York"},"content":{"rendered":"<h2>Jak koupit New York loterie Vstupenky<\/h2>\n<p>Pr\u016fvodce n\u00e1kupem vstupenek do loterie New York na RedFoxLotto:<\/p>\n<p>P\u0159i hran\u00ed loterie New York Lottery jste n\u011bkdy snili o v\u00fdh\u0159e jackpotu, kter\u00fd by mohl zcela zm\u011bnit v\u00e1\u0161 \u017eivot? \u00da\u010dast v mezin\u00e1rodn\u00edch loteri\u00edch, jako je New York Lotto, nebyla nikdy jednodu\u0161\u0161\u00ed ne\u017e s RedFoxLotto, i kdy\u017e se nach\u00e1z\u00edte mimo Spojen\u00e9 st\u00e1ty.<\/p>\n<p>V pr\u016fb\u011bhu tohoto p\u0159\u00edsp\u011bvku v\u00e1s v n\u011bkolika jednoduch\u00fdch kroc\u00edch provedeme procesem n\u00e1kupu los\u016f loterie New York od spole\u010dnosti RedFoxLotto.<\/p>\n<h2>RedFoxLotto: Co to je?<\/h2>\n<p>M\u016f\u017eete se z\u00fa\u010dastnit velk\u00fdch mezin\u00e1rodn\u00edch loteri\u00ed s RedFoxLotto, co\u017e je renomovan\u00e1 online loterijn\u00ed slu\u017eba. Mezi tyto loterie pat\u0159\u00ed Powerball, Mega Millions, EuroMillions a samoz\u0159ejm\u011b New York Lotto. Pln\u00ed funkci slu\u017eby posla tiket\u016f, co\u017e znamen\u00e1, \u017ee va\u0161\u00edm jm\u00e9nem zakoup\u00ed prav\u00fd tiket a pot\u00e9 jej naskenuje na v\u00e1mi ur\u010den\u00fd online \u00fa\u010det.<\/p>\n<h3>RedFoxLotto: Pr\u016fvodce krok za krokem p\u0159i n\u00e1kupu los\u016f pro program New York Lottery<\/h3>\n<p>1. Zaregistrujte se. P\u0159ejd\u011bte na str\u00e1nky RedFoxLotto.com a za\u010dn\u011bte s procesem registrace. Kliknut\u00edm na tla\u010d\u00edtko \u201eZaregistrovat se\u201c zadejte sv\u00e9 z\u00e1kladn\u00ed \u00fadaje, jako je jm\u00e9no, e-mailov\u00e1 adresa a zem\u011b, ve kter\u00e9 v sou\u010dasn\u00e9 dob\u011b \u017eijete.<\/p>\n<p>2. Potvr\u010fte, \u017ee v\u00e1\u0161 \u00fa\u010det je legitimn\u00ed.<\/p>\n<p>Po dokon\u010den\u00ed procesu registrace najdete ve sv\u00e9 e-mailov\u00e9 schr\u00e1nce ov\u011b\u0159ovac\u00ed odkaz. Kliknut\u00edm na n\u011bj m\u016f\u017eete sv\u016fj \u00fa\u010det ov\u011b\u0159it. P\u0159esto\u017ee se jedn\u00e1 o jednoduch\u00fd krok, je nezbytn\u00fd jak pro bezpe\u010dnost, tak pro p\u0159\u00edpadn\u00e9 budouc\u00ed v\u00fdhry.<\/p>\n<p>3. Prozkoumejte loterie<\/p>\n<p>Po \u00fasp\u011b\u0161n\u00e9m p\u0159ihl\u00e1\u0161en\u00ed p\u0159ejd\u011bte na domovskou str\u00e1nku a mezi seznamem p\u0159\u00edstupn\u00fdch loteri\u00ed vyhledejte New York Lotto. Kliknut\u00edm na ni se dozv\u00edte v\u00edce informac\u00ed o p\u0159\u00ed\u0161t\u00edm losov\u00e1n\u00ed, v\u00fd\u0161i jackpotu a cen\u011b tiket\u016f.<\/p>\n<p>4. Prove\u010fte v\u00fdb\u011br \u010d\u00edsel<\/p>\n<p>Va\u0161\u00edm \u00fakolem bude vybrat \u0161est \u010d\u00edsel od jednoho do \u0161edes\u00e1ti dev\u00edti. M\u00e1te mo\u017enost vybrat je ru\u010dn\u011b, nebo m\u016f\u017eete pou\u017e\u00edt mo\u017enost Rychl\u00fd v\u00fdb\u011br a nechat RedFoxLotto vygenerovat n\u00e1hodn\u00e1 \u010d\u00edsla od nuly.<\/p>\n<h2>P\u0159idat do ko\u0161\u00edku a p\u0159ej\u00edt k platb\u011b<\/h2>\n<p>Jakmile si vyberete \u010d\u00edsla, p\u0159idejte tiket do n\u00e1kupn\u00edho ko\u0161\u00edku. Pot\u00e9 vstupte do pokladn\u00ed z\u00f3ny. RedFoxLotto podporuje v\u00edce mo\u017enost\u00ed platby, v\u010detn\u011b n\u00e1sleduj\u00edc\u00edch:<\/p>\n<ul>\n<li>Kreditn\u00ed a debetn\u00ed karty<\/li>\n<li>Bankovn\u00ed p\u0159evod<\/li>\n<li>Elektronick\u00e9 pen\u011b\u017eenky, nap\u0159\u00edklad Skrill<\/li>\n<li>V n\u011bkter\u00fdch oblastech je hojn\u011b vyu\u017e\u00edv\u00e1na kryptom\u011bna.<\/li>\n<\/ul>\n<h2>Potvrzen\u00ed a skener tiket\u016f<\/h2>\n<p>Ihned po zpracov\u00e1n\u00ed va\u0161ich pen\u011bz vy\u0161le RedFoxLotto jednoho ze sv\u00fdch m\u00edstn\u00edch agent\u016f ve Spojen\u00fdch st\u00e1tech, aby zakoupil prav\u00fd los New York Lotto s \u010d\u00edsly, kter\u00e1 jste si vybrali. Jako d\u016fkaz o n\u00e1kupu bude na v\u00e1\u0161 \u00fa\u010det zasl\u00e1n sken va\u0161eho tiketu.<\/p>\n<h2>Co se stane, kdy\u017e budete \u00fasp\u011b\u0161n\u00ed?<\/h2>\n<h3>Pokud \u010d\u00edsla, kter\u00e1 jste zadali, vyhraj\u00ed cenu:<\/h3>\n<p>Na v\u00e1\u0161 \u00fa\u010det RedFoxLotto budou okam\u017eit\u011b p\u0159ips\u00e1ny v\u0161echny v\u00fdhry, kter\u00e9 jsou men\u0161\u00ed a\u017e st\u0159edn\u011b velk\u00e9. Jakmile vyhrajete velkou v\u00fdhru, t\u00fdm RedFoxLotto v\u00e1s provede kroky pot\u0159ebn\u00fdmi k vyzvednut\u00ed v\u00fdhry. V z\u00e1vislosti na v\u00fd\u0161i \u010d\u00e1stky a p\u0159edpisech dan\u00e9ho st\u00e1tu m\u016f\u017ee b\u00fdt nutn\u00e1 va\u0161e cesta do Spojen\u00fdch st\u00e1t\u016f.<\/p>\n<h2>Jak\u00e9 jsou z\u00e1kony?<\/h2>\n<p>Vskutku. Spole\u010dnost RedFoxLotto nen\u00ed dodavatelem loterie; sp\u00ed\u0161e spravuje distribuci los\u016f. Skute\u010dn\u00fd fyzick\u00fd tiket si kupujete prost\u0159ednictv\u00edm autorizovan\u00e9ho z\u00e1stupce, kter\u00fd zaji\u0161\u0165uje, \u017ee je v\u0161e leg\u00e1ln\u00ed a transparentn\u00ed, i kdy\u017e hrajete z jin\u00e9ho st\u00e1tu.<\/p>\n<h2>Pozn\u00e1mky na z\u00e1v\u011br<\/h2>\n<p>Mo\u017enost zakoupit losy loterie New York z jak\u00e9hokoli m\u00edsta na sv\u011bt\u011b ji\u017e nen\u00ed nesplniteln\u00fdm snem. Je to snadn\u00e9, bezpe\u010dn\u00e9 a dostupn\u00e9 d\u00edky pou\u017eit\u00ed RedFoxLotto. Sta\u010d\u00ed p\u00e1r kliknut\u00ed a m\u016f\u017eete se dostat do hry o miliony dolar\u016f, a to ani nemus\u00edte vystupovat z auta a jet do New Yorku.<\/p>\n<p>Pro\u010d bychom tedy m\u011bli \u010dekat? Zaregistrujte se hned, vyberte si sv\u00e1 \u0161\u0165astn\u00e1 \u010d\u00edsla a p\u0159ipravte se na cestu za jackpotem!<\/p>\n","protected":false},"excerpt":{"rendered":"<p>Jak koupit New York loterie Vstupenky Pr\u016fvodce n\u00e1kupem vstupenek do loterie New York na RedFoxLotto: P\u0159i hran\u00ed loterie New York Lottery jste n\u011bkdy snili o v\u00fdh\u0159e jackpotu, kter\u00fd by mohl zcela zm\u011bnit v\u00e1\u0161 \u017eivot? \u00da\u010dast v mezin\u00e1rodn\u00edch loteri\u00edch, jako je New York Lotto, nebyla nikdy jednodu\u0161\u0161\u00ed ne\u017e s RedFoxLotto, i kdy\u017e se nach\u00e1z\u00edte mimo Spojen\u00e9 [&hellip;]<\/p>\n","protected":false},"author":8,"featured_media":0,"parent":5766,"menu_order":18,"comment_status":"closed","ping_status":"closed","template":"newyork-info.php","meta":{"_et_pb_use_builder":"","_et_pb_old_content":"","_et_gb_content_width":"","exclude_from_search":false,"footnotes":""},"class_list":["post-85468","page","type-page","status-publish","hentry"],"yoast_head":"<!-- This site is optimized with the Yoast SEO plugin v23.8 - https:\/\/yoast.com\/wordpress\/plugins\/seo\/ -->\n<title>Jak koupit losy loterie New York online z Velk\u00e9 Brit\u00e1nie<\/title>\n<meta name=\"description\" content=\"Kupte si tikety loterie New York zde - i z Velk\u00e9 Brit\u00e1nie se m\u016f\u017eete z\u00fa\u010dastnit loterie New York Lotto online a z\u00edskat naskenovan\u00fd tiket b\u011bhem n\u011bkolika minut.\" \/>\n<meta name=\"robots\" content=\"index, follow, max-snippet:-1, max-image-preview:large, max-video-preview:-1\" \/>\n<link rel=\"canonical\" href=\"https:\/\/redfoxlotto.com\/cs\/loterie\/o-loterii-new-york\/\" \/>\n<meta property=\"og:locale\" content=\"cs_CZ\" \/>\n<meta property=\"og:type\" content=\"article\" \/>\n<meta property=\"og:title\" content=\"Jak koupit losy loterie New York online z Velk\u00e9 Brit\u00e1nie\" \/>\n<meta property=\"og:description\" content=\"Kupte si tikety loterie New York zde - i z Velk\u00e9 Brit\u00e1nie se m\u016f\u017eete z\u00fa\u010dastnit loterie New York Lotto online a z\u00edskat naskenovan\u00fd tiket b\u011bhem n\u011bkolika minut.\" \/>\n<meta property=\"og:url\" content=\"https:\/\/redfoxlotto.com\/cs\/loterie\/o-loterii-new-york\/\" \/>\n<meta property=\"og:site_name\" content=\"Get Tickets for the World\u2019s largest jackpots\" \/>\n<meta property=\"article:modified_time\" content=\"2025-04-21T06:37:43+00:00\" \/>\n<meta name=\"twitter:card\" content=\"summary_large_image\" \/>\n<meta name=\"twitter:label1\" content=\"Odhadovan\u00e1 doba \u010dten\u00ed\" \/>\n\t<meta name=\"twitter:data1\" content=\"3 minuty\" \/>\n<script type=\"application\/ld+json\" class=\"yoast-schema-graph\">{\"@context\":\"https:\/\/schema.org\",\"@graph\":[{\"@type\":\"WebPage\",\"@id\":\"https:\/\/redfoxlotto.com\/cs\/loterie\/o-loterii-new-york\/\",\"url\":\"https:\/\/redfoxlotto.com\/cs\/loterie\/o-loterii-new-york\/\",\"name\":\"Jak koupit losy loterie New York online z Velk\u00e9 Brit\u00e1nie\",\"isPartOf\":{\"@id\":\"https:\/\/redfoxlotto.com\/cs\/#website\"},\"datePublished\":\"2025-02-25T17:25:31+00:00\",\"dateModified\":\"2025-04-21T06:37:43+00:00\",\"description\":\"Kupte si tikety loterie New York zde - i z Velk\u00e9 Brit\u00e1nie se m\u016f\u017eete z\u00fa\u010dastnit loterie New York Lotto online a z\u00edskat naskenovan\u00fd tiket b\u011bhem n\u011bkolika minut.\",\"breadcrumb\":{\"@id\":\"https:\/\/redfoxlotto.com\/cs\/loterie\/o-loterii-new-york\/#breadcrumb\"},\"inLanguage\":\"cs\",\"potentialAction\":[{\"@type\":\"ReadAction\",\"target\":[\"https:\/\/redfoxlotto.com\/cs\/loterie\/o-loterii-new-york\/\"]}]},{\"@type\":\"BreadcrumbList\",\"@id\":\"https:\/\/redfoxlotto.com\/cs\/loterie\/o-loterii-new-york\/#breadcrumb\",\"itemListElement\":[{\"@type\":\"ListItem\",\"position\":1,\"name\":\"Home\",\"item\":\"https:\/\/redfoxlotto.com\/cs\/\"},{\"@type\":\"ListItem\",\"position\":2,\"name\":\"Jak\u00fdm zp\u016fsobem zakoupit online loterijn\u00ed tikety \u2013 kupn\u00ed proces\",\"item\":\"https:\/\/redfoxlotto.com\/cs\/loterie\/\"},{\"@type\":\"ListItem\",\"position\":3,\"name\":\"O loterii New York\"}]},{\"@type\":\"WebSite\",\"@id\":\"https:\/\/redfoxlotto.com\/cs\/#website\",\"url\":\"https:\/\/redfoxlotto.com\/cs\/\",\"name\":\"Get Tickets for the World\u2019s largest jackpots\",\"description\":\"Participate in worldwide lottery jackpots from any country\",\"publisher\":{\"@id\":\"https:\/\/redfoxlotto.com\/cs\/#organization\"},\"potentialAction\":[{\"@type\":\"SearchAction\",\"target\":{\"@type\":\"EntryPoint\",\"urlTemplate\":\"https:\/\/redfoxlotto.com\/cs\/?s={search_term_string}\"},\"query-input\":{\"@type\":\"PropertyValueSpecification\",\"valueRequired\":true,\"valueName\":\"search_term_string\"}}],\"inLanguage\":\"cs\"},{\"@type\":\"Organization\",\"@id\":\"https:\/\/redfoxlotto.com\/cs\/#organization\",\"name\":\"Get Tickets for the World\u2019s largest jackpots\",\"url\":\"https:\/\/redfoxlotto.com\/cs\/\",\"logo\":{\"@type\":\"ImageObject\",\"inLanguage\":\"cs\",\"@id\":\"https:\/\/redfoxlotto.com\/cs\/#\/schema\/logo\/image\/\",\"url\":\"https:\/\/redfoxlotto.com\/wp-content\/uploads\/2023\/04\/logo.png\",\"contentUrl\":\"https:\/\/redfoxlotto.com\/wp-content\/uploads\/2023\/04\/logo.png\",\"width\":269,\"height\":53,\"caption\":\"Get Tickets for the World\u2019s largest jackpots\"},\"image\":{\"@id\":\"https:\/\/redfoxlotto.com\/cs\/#\/schema\/logo\/image\/\"}}]}<\/script>\n<!-- \/ Yoast SEO plugin. -->","yoast_head_json":{"title":"Jak koupit losy loterie New York online z Velk\u00e9 Brit\u00e1nie","description":"Kupte si tikety loterie New York zde - i z Velk\u00e9 Brit\u00e1nie se m\u016f\u017eete z\u00fa\u010dastnit loterie New York Lotto online a z\u00edskat naskenovan\u00fd tiket b\u011bhem n\u011bkolika minut.","robots":{"index":"index","follow":"follow","max-snippet":"max-snippet:-1","max-image-preview":"max-image-preview:large","max-video-preview":"max-video-preview:-1"},"canonical":"https:\/\/redfoxlotto.com\/cs\/loterie\/o-loterii-new-york\/","og_locale":"cs_CZ","og_type":"article","og_title":"Jak koupit losy loterie New York online z Velk\u00e9 Brit\u00e1nie","og_description":"Kupte si tikety loterie New York zde - i z Velk\u00e9 Brit\u00e1nie se m\u016f\u017eete z\u00fa\u010dastnit loterie New York Lotto online a z\u00edskat naskenovan\u00fd tiket b\u011bhem n\u011bkolika minut.","og_url":"https:\/\/redfoxlotto.com\/cs\/loterie\/o-loterii-new-york\/","og_site_name":"Get Tickets for the World\u2019s largest jackpots","article_modified_time":"2025-04-21T06:37:43+00:00","twitter_card":"summary_large_image","twitter_misc":{"Odhadovan\u00e1 doba \u010dten\u00ed":"3 minuty"},"schema":{"@context":"https:\/\/schema.org","@graph":[{"@type":"WebPage","@id":"https:\/\/redfoxlotto.com\/cs\/loterie\/o-loterii-new-york\/","url":"https:\/\/redfoxlotto.com\/cs\/loterie\/o-loterii-new-york\/","name":"Jak koupit losy loterie New York online z Velk\u00e9 Brit\u00e1nie","isPartOf":{"@id":"https:\/\/redfoxlotto.com\/cs\/#website"},"datePublished":"2025-02-25T17:25:31+00:00","dateModified":"2025-04-21T06:37:43+00:00","description":"Kupte si tikety loterie New York zde - i z Velk\u00e9 Brit\u00e1nie se m\u016f\u017eete z\u00fa\u010dastnit loterie New York Lotto online a z\u00edskat naskenovan\u00fd tiket b\u011bhem n\u011bkolika minut.","breadcrumb":{"@id":"https:\/\/redfoxlotto.com\/cs\/loterie\/o-loterii-new-york\/#breadcrumb"},"inLanguage":"cs","potentialAction":[{"@type":"ReadAction","target":["https:\/\/redfoxlotto.com\/cs\/loterie\/o-loterii-new-york\/"]}]},{"@type":"BreadcrumbList","@id":"https:\/\/redfoxlotto.com\/cs\/loterie\/o-loterii-new-york\/#breadcrumb","itemListElement":[{"@type":"ListItem","position":1,"name":"Home","item":"https:\/\/redfoxlotto.com\/cs\/"},{"@type":"ListItem","position":2,"name":"Jak\u00fdm zp\u016fsobem zakoupit online loterijn\u00ed tikety \u2013 kupn\u00ed proces","item":"https:\/\/redfoxlotto.com\/cs\/loterie\/"},{"@type":"ListItem","position":3,"name":"O loterii New York"}]},{"@type":"WebSite","@id":"https:\/\/redfoxlotto.com\/cs\/#website","url":"https:\/\/redfoxlotto.com\/cs\/","name":"Get Tickets for the World\u2019s largest jackpots","description":"Participate in worldwide lottery jackpots from any country","publisher":{"@id":"https:\/\/redfoxlotto.com\/cs\/#organization"},"potentialAction":[{"@type":"SearchAction","target":{"@type":"EntryPoint","urlTemplate":"https:\/\/redfoxlotto.com\/cs\/?s={search_term_string}"},"query-input":{"@type":"PropertyValueSpecification","valueRequired":true,"valueName":"search_term_string"}}],"inLanguage":"cs"},{"@type":"Organization","@id":"https:\/\/redfoxlotto.com\/cs\/#organization","name":"Get Tickets for the World\u2019s largest jackpots","url":"https:\/\/redfoxlotto.com\/cs\/","logo":{"@type":"ImageObject","inLanguage":"cs","@id":"https:\/\/redfoxlotto.com\/cs\/#\/schema\/logo\/image\/","url":"https:\/\/redfoxlotto.com\/wp-content\/uploads\/2023\/04\/logo.png","contentUrl":"https:\/\/redfoxlotto.com\/wp-content\/uploads\/2023\/04\/logo.png","width":269,"height":53,"caption":"Get Tickets for the World\u2019s largest jackpots"},"image":{"@id":"https:\/\/redfoxlotto.com\/cs\/#\/schema\/logo\/image\/"}}]}},"_links":{"self":[{"href":"https:\/\/redfoxlotto.com\/cs\/wp-json\/wp\/v2\/pages\/85468","targetHints":{"allow":["GET"]}}],"collection":[{"href":"https:\/\/redfoxlotto.com\/cs\/wp-json\/wp\/v2\/pages"}],"about":[{"href":"https:\/\/redfoxlotto.com\/cs\/wp-json\/wp\/v2\/types\/page"}],"author":[{"embeddable":true,"href":"https:\/\/redfoxlotto.com\/cs\/wp-json\/wp\/v2\/users\/8"}],"replies":[{"embeddable":true,"href":"https:\/\/redfoxlotto.com\/cs\/wp-json\/wp\/v2\/comments?post=85468"}],"version-history":[{"count":0,"href":"https:\/\/redfoxlotto.com\/cs\/wp-json\/wp\/v2\/pages\/85468\/revisions"}],"up":[{"embeddable":true,"href":"https:\/\/redfoxlotto.com\/cs\/wp-json\/wp\/v2\/pages\/5766"}],"wp:attachment":[{"href":"https:\/\/redfoxlotto.com\/cs\/wp-json\/wp\/v2\/media?parent=85468"}],"curies":[{"name":"wp","href":"https:\/\/api.w.org\/{rel}","templated":true}]}}