{"id":84586,"date":"2025-03-30T12:21:27","date_gmt":"2025-03-30T12:21:27","guid":{"rendered":"https:\/\/redfoxlotto.com\/?page_id=84586"},"modified":"2025-12-10T15:10:47","modified_gmt":"2025-12-10T15:10:47","slug":"jak-hrat-new-york-lottery-ve-velke-britan-ii","status":"publish","type":"page","link":"https:\/\/redfoxlotto.com\/cs\/hrat\/jak-hrat-new-york-lottery-ve-velke-britan-ii\/","title":{"rendered":"Jak hr\u00e1t New York Lottery ve Velk\u00e9 Brit\u00e1n.ii"},"content":{"rendered":"<p><script type=\"application\/ld+json\">\n{\n\"@context\": \"https:\/\/schema.org\",\n\"@type\": \"Service\",\n\"name\": \"Play New York Lottery\",\n\"url\": \"https:\/\/redfoxlotto.com\/cs\/hrat\/jak-hrat-new-york-lottery-ve-velke-britan-ii\/\",\n\"description\": \"Zakupte si ofici\u00e1ln\u00ed losy newyorsk\u00e9 loterie online p\u0159es RedFoxLotto. Vyberte si sv\u00e1 \u010d\u00edsla a zapojte se do dal\u0161\u00edho slosov\u00e1n\u00ed.\",\n\"serviceType\": \"Online lottery ticket purchase\",<\/p>\n<p>\"provider\": {\n\"@type\": \"Organization\",\n\"name\": \"RedFoxLotto\",\n\"url\": \"https:\/\/redfoxlotto.com\",\n\"logo\": \"https:\/\/redfoxlotto.com\/wp-content\/uploads\/logo.png\"\n},<\/p>\n<p>\"areaServed\": \"Worldwide\",\n\"termsOfService\": \"https:\/\/redfoxlotto.com\/terms-and-conditions\",<\/p>\n<p>\"hasOfferCatalog\": {\n\"@type\": \"OfferCatalog\",\n\"name\": \"New York Lottery Offers\",\n\"itemListElement\": [\n{\n\"@type\": \"Offer\",\n\"name\": \"New York Lottery Ticket\",\n\"url\": \"https:\/\/redfoxlotto.com\/cs\/hrat\/jak-hrat-new-york-lottery-ve-velke-britan-ii\/\",\n\"description\": \"Jeden vstup do dal\u0161\u00edho slosov\u00e1n\u00ed newyorsk\u00e9 loterie.\",\n\"price\": \"1.40\",\n\"priceCurrency\": \"EUR\",\n\"availability\": \"https:\/\/schema.org\/InStock\",<\/p>\n<p>\"itemOffered\": {\n\"@type\": \"Service\",\n\"name\": \"New York Lottery Entry\",\n\"description\": \"P\u0159ihlaste se do dal\u0161\u00edho slosov\u00e1n\u00ed newyorsk\u00e9 loterie p\u0159es RedFoxLotto.\"\n}\n}\n]\n},<\/p>\n<p>\"mainEntityOfPage\": {\n\"@type\": \"WebPage\",\n\"@id\": \"https:\/\/redfoxlotto.com\/cs\/hrat\/jak-hrat-new-york-lottery-ve-velke-britan-ii\/\"\n}\n}\n<\/script><\/p>\n<h2>Jak se \u00fa\u010dastnit New York loterie s RedFoxLotto.com ve Velk\u00e9 Brit\u00e1nii<\/h2>\n<p>Vezm\u011bme si nap\u0159\u00edklad sc\u00e9n\u00e1\u0159, kdy se probud\u00edte ve Spojen\u00e9m kr\u00e1lovstv\u00ed, uva\u0159\u00edte si rann\u00ed \u010daj a pak zkontrolujete sv\u016fj telefon a zjist\u00edte, \u017ee jste pr\u00e1v\u011b vyhr\u00e1li v loterii New York Lottery. Zn\u00ed to p\u0159ita\u017een\u00e9 za vlasy? Rozmyslete si to! Hr\u00e1t jednu z nejnap\u00ednav\u011bj\u0161\u00edch loteri\u00ed ve Spojen\u00fdch st\u00e1tech americk\u00fdch z pohodl\u00ed domova ve Spojen\u00e9m kr\u00e1lovstv\u00ed je mo\u017en\u00e9 s RedFoxLotto.com.<\/p>\n<h2>Loterie New York: Pro\u010d byste m\u011bli hr\u00e1t?<\/h2>\n<p><img loading=\"lazy\" decoding=\"async\" class=\" wp-image-48802 alignright\" src=\"https:\/\/redfoxlotto.com\/wp-content\/uploads\/2023\/04\/raffle-tickets-online-495x330-1-300x200.jpg\" alt=\"New York Lottery\" width=\"321\" height=\"214\" srcset=\"https:\/\/redfoxlotto.com\/wp-content\/uploads\/2023\/04\/raffle-tickets-online-495x330-1-300x200.jpg 300w, https:\/\/redfoxlotto.com\/wp-content\/uploads\/2023\/04\/raffle-tickets-online-495x330-1.jpg 495w\" sizes=\"auto, (max-width: 321px) 100vw, 321px\" \/><br \/>\nLoterie New York je zn\u00e1m\u00e1 sv\u00fdmi obrovsk\u00fdmi jackpoty, vzru\u0161uj\u00edc\u00edmi hrami a v\u00fdhrami, kter\u00e9 mohou \u010dlov\u011bku zcela zm\u011bnit \u017eivot. Skute\u010dnost, \u017ee se ka\u017ed\u00fd t\u00fdden kon\u00e1 mnoho losov\u00e1n\u00ed, znamen\u00e1, \u017ee m\u00e1te nespo\u010det p\u0159\u00edle\u017eitost\u00ed splnit si sv\u00e9 sny. Pokud si zahrajete loterii Mega Millions nebo Powerball, m\u016f\u017eete vyhr\u00e1t \u010d\u00e1stku, kter\u00e1 v\u00e1m zm\u011bn\u00ed \u017eivot.<\/p>\n<h2>N\u00e1vod, jak hr\u00e1t na RedFoxLotto.com ve form\u00e1tu krok za krokem<\/h2>\n<p>1. P\u0159ejd\u011bte na webov\u00e9 str\u00e1nky RedFoxLotto.com. M\u011bli byste spustit webov\u00fd prohl\u00ed\u017ee\u010d podle sv\u00e9ho v\u00fdb\u011bru a p\u0159ej\u00edt na ofici\u00e1ln\u00ed webov\u00e9 str\u00e1nky RedFoxLotto.<\/p>\n<p>2. Vytvo\u0159en\u00ed \u00fa\u010dtu &#8211; Pro registraci je nutn\u00e9 zadat \u00fa\u010det. Krom\u011b toho, \u017ee je to rychl\u00e9 a bezpe\u010dn\u00e9, je to nezbytn\u00e9 pro hran\u00ed.<\/p>\n<p>3. Vyberte si New York Lottery &#8211; Po prohl\u00e9dnut\u00ed r\u016fzn\u00fdch nab\u00edzen\u00fdch loteri\u00ed si vyberte New York Lottery nebo jakoukoli jinou americkou v\u00fdhru, kter\u00e1 v\u00e1s v pr\u016fb\u011bhu hled\u00e1n\u00ed zaujme.<\/p>\n<p>4. V\u00fdb\u011br \u010d\u00edsel: M\u00e1te mo\u017enost vybrat si \u0161\u0165astn\u00e1 \u010d\u00edsla ru\u010dn\u011b nebo pou\u017e\u00edt mo\u017enost rychl\u00e9ho v\u00fdb\u011bru, d\u00edky kter\u00e9 je syst\u00e9m najde automaticky za v\u00e1s.<\/p>\n<p>5. Kupte si tiket &#8211; P\u0159ejd\u011bte na pokladn\u00ed str\u00e1nku a zapla\u0165te za sv\u016fj tiket bezpe\u010dn\u00fdm zp\u016fsobem pomoc\u00ed jedn\u00e9 z mnoha dostupn\u00fdch platebn\u00edch mo\u017enost\u00ed.<\/p>\n<p>6. Zat\u00edmco \u010dek\u00e1te na losov\u00e1n\u00ed, posa\u010fte se a uvoln\u011bte se. V p\u0159\u00edpad\u011b, \u017ee jste v\u00fdhercem, budete o tom informov\u00e1ni!<\/p>\n<h2>V\u00fdhody \u00fa\u010dasti ve hr\u00e1ch na RedFoxLotto.com<\/h2>\n<p>Odpad\u00e1 tak nutnost cestovat do Spojen\u00fdch st\u00e1t\u016f, abyste si mohli zakoupit tiket.<\/p>\n<p>&#8211; Bezpe\u010dn\u00e9 a zabezpe\u010den\u00e9 transakce &#8211; Hrajte s naprost\u00fdm klidem, proto\u017ee v\u00edte, \u017ee va\u0161e pen\u00edze a informace o n\u00e1kupu jsou chr\u00e1n\u011bny.<\/p>\n<p>&#8211; Automaticky zas\u00edlan\u00e1 ozn\u00e1men\u00ed &#8211; nikdy nezme\u0161kejte \u017e\u00e1dnou v\u00fdhru! Pokud jste \u0161\u0165astn\u00fdm v\u00fdhercem jackpotu, budete o tom ihned informov\u00e1ni.<\/p>\n<p>Krom\u011b loterie New York Lottery m\u00e1te p\u0159\u00edstup i k celosv\u011btov\u00fdm loteri\u00edm, co\u017e v\u00e1m poskytne je\u0161t\u011b v\u00edce p\u0159\u00edle\u017eitost\u00ed vyhr\u00e1t zna\u010dnou \u010d\u00e1stku pen\u011bz.<\/p>\n<h2>Pozn\u00e1mky na z\u00e1v\u011br<\/h2>\n<p>Pou\u017e\u00edv\u00e1n\u00edm str\u00e1nek RedFoxLotto.com z\u00edsk\u00e1te p\u0159\u00edstup do cel\u00e9ho sv\u011bta loterijn\u00ed z\u00e1bavy. Nez\u00e1le\u017e\u00ed na tom, kde se ve Spojen\u00e9m kr\u00e1lovstv\u00ed nach\u00e1z\u00edte; m\u00e1te mo\u017enost plnit si americk\u00fd sen a p\u0159\u00edpadn\u011b se st\u00e1t dal\u0161\u00edm milion\u00e1\u0159em loterie New York Lottery. Pro\u010d bychom tedy m\u011bli \u010dekat? Nav\u0161tivte webov\u00e9 str\u00e1nky RedFoxLotto.com pr\u00e1v\u011b te\u010f a po\u0159i\u010fte si tiket; nikdy nev\u00edte, kdy se na v\u00e1s usm\u011bje \u0161t\u011bst\u00ed.<\/p>\n<p>&nbsp;<\/p>\n<p>&nbsp;<\/p>\n<p>&nbsp;<\/p>\n","protected":false},"excerpt":{"rendered":"<p>Jak se \u00fa\u010dastnit New York loterie s RedFoxLotto.com ve Velk\u00e9 Brit\u00e1nii Vezm\u011bme si nap\u0159\u00edklad sc\u00e9n\u00e1\u0159, kdy se probud\u00edte ve Spojen\u00e9m kr\u00e1lovstv\u00ed, uva\u0159\u00edte si rann\u00ed \u010daj a pak zkontrolujete sv\u016fj telefon a zjist\u00edte, \u017ee jste pr\u00e1v\u011b vyhr\u00e1li v loterii New York Lottery. Zn\u00ed to p\u0159ita\u017een\u00e9 za vlasy? Rozmyslete si to! Hr\u00e1t jednu z nejnap\u00ednav\u011bj\u0161\u00edch loteri\u00ed ve [&hellip;]<\/p>\n","protected":false},"author":8,"featured_media":0,"parent":5784,"menu_order":18,"comment_status":"closed","ping_status":"closed","template":"newyork.php","meta":{"_et_pb_use_builder":"","_et_pb_old_content":"","_et_gb_content_width":"","exclude_from_search":false,"footnotes":""},"class_list":["post-84586","page","type-page","status-publish","hentry"],"yoast_head":"<!-- This site is optimized with the Yoast SEO plugin v23.8 - https:\/\/yoast.com\/wordpress\/plugins\/seo\/ -->\n<title>Jak se \u00fa\u010dastnit loterie New York ve Velk\u00e9 Brit\u00e1nii<\/title>\n<meta name=\"description\" content=\"Zjist\u011bte, jak hr\u00e1t New York Lottery ze Spojen\u00e9ho kr\u00e1lovstv\u00ed na RedFoxLotto.com, a z\u00edskejte tipy, jak maximalizovat sv\u00e9 \u0161ance na v\u00fdhru.\" \/>\n<meta name=\"robots\" content=\"index, follow, max-snippet:-1, max-image-preview:large, max-video-preview:-1\" \/>\n<link rel=\"canonical\" href=\"https:\/\/redfoxlotto.com\/cs\/hrat\/jak-hrat-new-york-lottery-ve-velke-britan-ii\/\" \/>\n<meta property=\"og:locale\" content=\"cs_CZ\" \/>\n<meta property=\"og:type\" content=\"article\" \/>\n<meta property=\"og:title\" content=\"Jak se \u00fa\u010dastnit loterie New York ve Velk\u00e9 Brit\u00e1nii\" \/>\n<meta property=\"og:description\" content=\"Zjist\u011bte, jak hr\u00e1t New York Lottery ze Spojen\u00e9ho kr\u00e1lovstv\u00ed na RedFoxLotto.com, a z\u00edskejte tipy, jak maximalizovat sv\u00e9 \u0161ance na v\u00fdhru.\" \/>\n<meta property=\"og:url\" content=\"https:\/\/redfoxlotto.com\/cs\/hrat\/jak-hrat-new-york-lottery-ve-velke-britan-ii\/\" \/>\n<meta property=\"og:site_name\" content=\"Get Tickets for the World\u2019s largest jackpots\" \/>\n<meta property=\"article:modified_time\" content=\"2025-12-10T15:10:47+00:00\" \/>\n<meta property=\"og:image\" content=\"https:\/\/redfoxlotto.com\/wp-content\/uploads\/2023\/04\/raffle-tickets-online-495x330-1-300x200.jpg\" \/>\n<meta name=\"twitter:card\" content=\"summary_large_image\" \/>\n<meta name=\"twitter:label1\" content=\"Odhadovan\u00e1 doba \u010dten\u00ed\" \/>\n\t<meta name=\"twitter:data1\" content=\"2 minuty\" \/>\n<script type=\"application\/ld+json\" class=\"yoast-schema-graph\">{\"@context\":\"https:\/\/schema.org\",\"@graph\":[{\"@type\":\"WebPage\",\"@id\":\"https:\/\/redfoxlotto.com\/cs\/hrat\/jak-hrat-new-york-lottery-ve-velke-britan-ii\/\",\"url\":\"https:\/\/redfoxlotto.com\/cs\/hrat\/jak-hrat-new-york-lottery-ve-velke-britan-ii\/\",\"name\":\"Jak se \u00fa\u010dastnit loterie New York ve Velk\u00e9 Brit\u00e1nii\",\"isPartOf\":{\"@id\":\"https:\/\/redfoxlotto.com\/cs\/#website\"},\"primaryImageOfPage\":{\"@id\":\"https:\/\/redfoxlotto.com\/cs\/hrat\/jak-hrat-new-york-lottery-ve-velke-britan-ii\/#primaryimage\"},\"image\":{\"@id\":\"https:\/\/redfoxlotto.com\/cs\/hrat\/jak-hrat-new-york-lottery-ve-velke-britan-ii\/#primaryimage\"},\"thumbnailUrl\":\"https:\/\/redfoxlotto.com\/wp-content\/uploads\/2023\/04\/raffle-tickets-online-495x330-1-300x200.jpg\",\"datePublished\":\"2025-03-30T12:21:27+00:00\",\"dateModified\":\"2025-12-10T15:10:47+00:00\",\"description\":\"Zjist\u011bte, jak hr\u00e1t New York Lottery ze Spojen\u00e9ho kr\u00e1lovstv\u00ed na RedFoxLotto.com, a z\u00edskejte tipy, jak maximalizovat sv\u00e9 \u0161ance na v\u00fdhru.\",\"breadcrumb\":{\"@id\":\"https:\/\/redfoxlotto.com\/cs\/hrat\/jak-hrat-new-york-lottery-ve-velke-britan-ii\/#breadcrumb\"},\"inLanguage\":\"cs\",\"potentialAction\":[{\"@type\":\"ReadAction\",\"target\":[\"https:\/\/redfoxlotto.com\/cs\/hrat\/jak-hrat-new-york-lottery-ve-velke-britan-ii\/\"]}]},{\"@type\":\"ImageObject\",\"inLanguage\":\"cs\",\"@id\":\"https:\/\/redfoxlotto.com\/cs\/hrat\/jak-hrat-new-york-lottery-ve-velke-britan-ii\/#primaryimage\",\"url\":\"https:\/\/redfoxlotto.com\/wp-content\/uploads\/2023\/04\/raffle-tickets-online-495x330-1-300x200.jpg\",\"contentUrl\":\"https:\/\/redfoxlotto.com\/wp-content\/uploads\/2023\/04\/raffle-tickets-online-495x330-1-300x200.jpg\"},{\"@type\":\"BreadcrumbList\",\"@id\":\"https:\/\/redfoxlotto.com\/cs\/hrat\/jak-hrat-new-york-lottery-ve-velke-britan-ii\/#breadcrumb\",\"itemListElement\":[{\"@type\":\"ListItem\",\"position\":1,\"name\":\"Home\",\"item\":\"https:\/\/redfoxlotto.com\/cs\/\"},{\"@type\":\"ListItem\",\"position\":2,\"name\":\"Jak hr\u00e1t\",\"item\":\"https:\/\/redfoxlotto.com\/cs\/hrat\/\"},{\"@type\":\"ListItem\",\"position\":3,\"name\":\"Jak hr\u00e1t New York Lottery ve Velk\u00e9 Brit\u00e1n.ii\"}]},{\"@type\":\"WebSite\",\"@id\":\"https:\/\/redfoxlotto.com\/cs\/#website\",\"url\":\"https:\/\/redfoxlotto.com\/cs\/\",\"name\":\"Get Tickets for the World\u2019s largest jackpots\",\"description\":\"Participate in worldwide lottery jackpots from any country\",\"publisher\":{\"@id\":\"https:\/\/redfoxlotto.com\/cs\/#organization\"},\"potentialAction\":[{\"@type\":\"SearchAction\",\"target\":{\"@type\":\"EntryPoint\",\"urlTemplate\":\"https:\/\/redfoxlotto.com\/cs\/?s={search_term_string}\"},\"query-input\":{\"@type\":\"PropertyValueSpecification\",\"valueRequired\":true,\"valueName\":\"search_term_string\"}}],\"inLanguage\":\"cs\"},{\"@type\":\"Organization\",\"@id\":\"https:\/\/redfoxlotto.com\/cs\/#organization\",\"name\":\"Get Tickets for the World\u2019s largest jackpots\",\"url\":\"https:\/\/redfoxlotto.com\/cs\/\",\"logo\":{\"@type\":\"ImageObject\",\"inLanguage\":\"cs\",\"@id\":\"https:\/\/redfoxlotto.com\/cs\/#\/schema\/logo\/image\/\",\"url\":\"https:\/\/redfoxlotto.com\/wp-content\/uploads\/2023\/04\/logo.png\",\"contentUrl\":\"https:\/\/redfoxlotto.com\/wp-content\/uploads\/2023\/04\/logo.png\",\"width\":269,\"height\":53,\"caption\":\"Get Tickets for the World\u2019s largest jackpots\"},\"image\":{\"@id\":\"https:\/\/redfoxlotto.com\/cs\/#\/schema\/logo\/image\/\"}}]}<\/script>\n<!-- \/ Yoast SEO plugin. -->","yoast_head_json":{"title":"Jak se \u00fa\u010dastnit loterie New York ve Velk\u00e9 Brit\u00e1nii","description":"Zjist\u011bte, jak hr\u00e1t New York Lottery ze Spojen\u00e9ho kr\u00e1lovstv\u00ed na RedFoxLotto.com, a z\u00edskejte tipy, jak maximalizovat sv\u00e9 \u0161ance na v\u00fdhru.","robots":{"index":"index","follow":"follow","max-snippet":"max-snippet:-1","max-image-preview":"max-image-preview:large","max-video-preview":"max-video-preview:-1"},"canonical":"https:\/\/redfoxlotto.com\/cs\/hrat\/jak-hrat-new-york-lottery-ve-velke-britan-ii\/","og_locale":"cs_CZ","og_type":"article","og_title":"Jak se \u00fa\u010dastnit loterie New York ve Velk\u00e9 Brit\u00e1nii","og_description":"Zjist\u011bte, jak hr\u00e1t New York Lottery ze Spojen\u00e9ho kr\u00e1lovstv\u00ed na RedFoxLotto.com, a z\u00edskejte tipy, jak maximalizovat sv\u00e9 \u0161ance na v\u00fdhru.","og_url":"https:\/\/redfoxlotto.com\/cs\/hrat\/jak-hrat-new-york-lottery-ve-velke-britan-ii\/","og_site_name":"Get Tickets for the World\u2019s largest jackpots","article_modified_time":"2025-12-10T15:10:47+00:00","og_image":[{"url":"https:\/\/redfoxlotto.com\/wp-content\/uploads\/2023\/04\/raffle-tickets-online-495x330-1-300x200.jpg"}],"twitter_card":"summary_large_image","twitter_misc":{"Odhadovan\u00e1 doba \u010dten\u00ed":"2 minuty"},"schema":{"@context":"https:\/\/schema.org","@graph":[{"@type":"WebPage","@id":"https:\/\/redfoxlotto.com\/cs\/hrat\/jak-hrat-new-york-lottery-ve-velke-britan-ii\/","url":"https:\/\/redfoxlotto.com\/cs\/hrat\/jak-hrat-new-york-lottery-ve-velke-britan-ii\/","name":"Jak se \u00fa\u010dastnit loterie New York ve Velk\u00e9 Brit\u00e1nii","isPartOf":{"@id":"https:\/\/redfoxlotto.com\/cs\/#website"},"primaryImageOfPage":{"@id":"https:\/\/redfoxlotto.com\/cs\/hrat\/jak-hrat-new-york-lottery-ve-velke-britan-ii\/#primaryimage"},"image":{"@id":"https:\/\/redfoxlotto.com\/cs\/hrat\/jak-hrat-new-york-lottery-ve-velke-britan-ii\/#primaryimage"},"thumbnailUrl":"https:\/\/redfoxlotto.com\/wp-content\/uploads\/2023\/04\/raffle-tickets-online-495x330-1-300x200.jpg","datePublished":"2025-03-30T12:21:27+00:00","dateModified":"2025-12-10T15:10:47+00:00","description":"Zjist\u011bte, jak hr\u00e1t New York Lottery ze Spojen\u00e9ho kr\u00e1lovstv\u00ed na RedFoxLotto.com, a z\u00edskejte tipy, jak maximalizovat sv\u00e9 \u0161ance na v\u00fdhru.","breadcrumb":{"@id":"https:\/\/redfoxlotto.com\/cs\/hrat\/jak-hrat-new-york-lottery-ve-velke-britan-ii\/#breadcrumb"},"inLanguage":"cs","potentialAction":[{"@type":"ReadAction","target":["https:\/\/redfoxlotto.com\/cs\/hrat\/jak-hrat-new-york-lottery-ve-velke-britan-ii\/"]}]},{"@type":"ImageObject","inLanguage":"cs","@id":"https:\/\/redfoxlotto.com\/cs\/hrat\/jak-hrat-new-york-lottery-ve-velke-britan-ii\/#primaryimage","url":"https:\/\/redfoxlotto.com\/wp-content\/uploads\/2023\/04\/raffle-tickets-online-495x330-1-300x200.jpg","contentUrl":"https:\/\/redfoxlotto.com\/wp-content\/uploads\/2023\/04\/raffle-tickets-online-495x330-1-300x200.jpg"},{"@type":"BreadcrumbList","@id":"https:\/\/redfoxlotto.com\/cs\/hrat\/jak-hrat-new-york-lottery-ve-velke-britan-ii\/#breadcrumb","itemListElement":[{"@type":"ListItem","position":1,"name":"Home","item":"https:\/\/redfoxlotto.com\/cs\/"},{"@type":"ListItem","position":2,"name":"Jak hr\u00e1t","item":"https:\/\/redfoxlotto.com\/cs\/hrat\/"},{"@type":"ListItem","position":3,"name":"Jak hr\u00e1t New York Lottery ve Velk\u00e9 Brit\u00e1n.ii"}]},{"@type":"WebSite","@id":"https:\/\/redfoxlotto.com\/cs\/#website","url":"https:\/\/redfoxlotto.com\/cs\/","name":"Get Tickets for the World\u2019s largest jackpots","description":"Participate in worldwide lottery jackpots from any country","publisher":{"@id":"https:\/\/redfoxlotto.com\/cs\/#organization"},"potentialAction":[{"@type":"SearchAction","target":{"@type":"EntryPoint","urlTemplate":"https:\/\/redfoxlotto.com\/cs\/?s={search_term_string}"},"query-input":{"@type":"PropertyValueSpecification","valueRequired":true,"valueName":"search_term_string"}}],"inLanguage":"cs"},{"@type":"Organization","@id":"https:\/\/redfoxlotto.com\/cs\/#organization","name":"Get Tickets for the World\u2019s largest jackpots","url":"https:\/\/redfoxlotto.com\/cs\/","logo":{"@type":"ImageObject","inLanguage":"cs","@id":"https:\/\/redfoxlotto.com\/cs\/#\/schema\/logo\/image\/","url":"https:\/\/redfoxlotto.com\/wp-content\/uploads\/2023\/04\/logo.png","contentUrl":"https:\/\/redfoxlotto.com\/wp-content\/uploads\/2023\/04\/logo.png","width":269,"height":53,"caption":"Get Tickets for the World\u2019s largest jackpots"},"image":{"@id":"https:\/\/redfoxlotto.com\/cs\/#\/schema\/logo\/image\/"}}]}},"_links":{"self":[{"href":"https:\/\/redfoxlotto.com\/cs\/wp-json\/wp\/v2\/pages\/84586","targetHints":{"allow":["GET"]}}],"collection":[{"href":"https:\/\/redfoxlotto.com\/cs\/wp-json\/wp\/v2\/pages"}],"about":[{"href":"https:\/\/redfoxlotto.com\/cs\/wp-json\/wp\/v2\/types\/page"}],"author":[{"embeddable":true,"href":"https:\/\/redfoxlotto.com\/cs\/wp-json\/wp\/v2\/users\/8"}],"replies":[{"embeddable":true,"href":"https:\/\/redfoxlotto.com\/cs\/wp-json\/wp\/v2\/comments?post=84586"}],"version-history":[{"count":0,"href":"https:\/\/redfoxlotto.com\/cs\/wp-json\/wp\/v2\/pages\/84586\/revisions"}],"up":[{"embeddable":true,"href":"https:\/\/redfoxlotto.com\/cs\/wp-json\/wp\/v2\/pages\/5784"}],"wp:attachment":[{"href":"https:\/\/redfoxlotto.com\/cs\/wp-json\/wp\/v2\/media?parent=84586"}],"curies":[{"name":"wp","href":"https:\/\/api.w.org\/{rel}","templated":true}]}}