{"id":84468,"date":"2025-03-17T09:46:32","date_gmt":"2025-03-17T09:46:32","guid":{"rendered":"https:\/\/redfoxlotto.com\/?page_id=84468"},"modified":"2025-06-17T08:43:46","modified_gmt":"2025-06-17T08:43:46","slug":"scratchcards","status":"publish","type":"page","link":"https:\/\/redfoxlotto.com\/cs\/scratchcards\/","title":{"rendered":"St\u00edrac\u00ed losy"},"content":{"rendered":"<p>Pokud jste fanou\u0161kem loterie, pak jsme si jisti, \u017ee<strong>si na\u0161e online st\u00edrac\u00ed losy<\/strong> tak\u00e9<strong>zamilujete!<\/strong><\/p>\n<p>St\u00edrac\u00ed losy byly v\u017edy obl\u00edben\u00fdm dopl\u0148kem k n\u00e1kupu los\u016f. Prod\u00e1vaj\u00ed je t\u00e9m\u011b\u0159 v\u0161echny loterijn\u00ed prodejny na sv\u011bt\u011b, a to z dobr\u00e9ho d\u016fvodu. Zat\u00edmco hran\u00ed loterie je t\u00e9m\u011b\u0159 v\u017edy spojeno s ur\u010dit\u00fdm \u010dasov\u00fdm \u010dek\u00e1n\u00edm na v\u00fdsledky, st\u00edrac\u00ed losy v\u00e1m poskytnou okam\u017eit\u00fd v\u00fdsledek.<\/p>\n<p>A s na\u0161imi st\u00edrac\u00edmi losy online nemus\u00edte ani vyhled\u00e1vat prodejnu loteri\u00ed, abyste si je koupili &#8211; sta\u010d\u00ed hr\u00e1t na\u0161e st\u00edrac\u00ed losy online a u\u017e\u00edt si spoustu z\u00e1bavy a vzru\u0161en\u00ed p\u0159i st\u00edr\u00e1n\u00ed.<\/p>\n<h2><strong>Online st\u00edrac\u00ed losy se brzy objev\u00ed na RedFoxLotto<\/strong><\/h2>\n<p><img loading=\"lazy\" decoding=\"async\" class=\" wp-image-83601 alignright\" src=\"https:\/\/redfoxlotto.com\/wp-content\/uploads\/2025\/03\/scratch_card_player-300x300.jpg\" alt=\"play scratch cards\" width=\"183\" height=\"183\" srcset=\"https:\/\/redfoxlotto.com\/wp-content\/uploads\/2025\/03\/scratch_card_player-300x300.jpg 300w, https:\/\/redfoxlotto.com\/wp-content\/uploads\/2025\/03\/scratch_card_player-150x150.jpg 150w, https:\/\/redfoxlotto.com\/wp-content\/uploads\/2025\/03\/scratch_card_player-100x100.jpg 100w, https:\/\/redfoxlotto.com\/wp-content\/uploads\/2025\/03\/scratch_card_player.jpg 307w\" sizes=\"auto, (max-width: 183px) 100vw, 183px\" \/><\/p>\n<ul>\n<li>St\u00edrac\u00ed losy budou spu\u0161t\u011bny na za\u010d\u00e1tku dubna 2025.<\/li>\n<li>Nenechte si spu\u0161t\u011bn\u00ed uj\u00edt!<\/li>\n<li>Ujist\u011bte se, \u017ee dost\u00e1v\u00e1te na\u0161e propaga\u010dn\u00ed e-maily &#8211; zkontrolujte si slo\u017eku spamu a ozna\u010dte RedFoxLotto jako d\u016fv\u011bryhodn\u00e9ho odes\u00edlatele e-mail\u016f.<\/li>\n<\/ul>\n<p>Velmi pohodln\u00e1 je tak\u00e9 platba &#8211; zejm\u00e9na pokud ji\u017e m\u00e1te na na\u0161ich webov\u00fdch str\u00e1nk\u00e1ch z\u016fstatek na \u00fa\u010dtu. To znamen\u00e1, \u017ee pokud si pl\u00e1nujete koupit v\u00edce st\u00edrac\u00edch los\u016f, m\u011bli byste prov\u00e9st vklad do sv\u00e9 pen\u011b\u017eenky d\u0159\u00edve, ne\u017e za\u010dnete hr\u00e1t st\u00edrac\u00ed losy.<\/p>\n<p>Sta\u010d\u00ed si vybrat kartu, kter\u00e1 se v\u00e1m nejv\u00edce l\u00edb\u00ed, a kliknout na tla\u010d\u00edtko koupit. M\u00e1me n\u011bkolik skv\u011bl\u00fdch rozvr\u017een\u00ed a k dispozici jsou st\u00edrac\u00ed losy s r\u016fzn\u00fdmi cenami a rozsahy v\u00fdher.<\/p>\n<h2>Hran\u00ed na\u0161ich st\u00edrac\u00edch los\u016f je pom\u011brn\u011b snadn\u00e9.<\/h2>\n<p>Pot\u00e9 m\u016f\u017eete bu\u010f ru\u010dn\u011b se\u0161kr\u00e1bnout vrchn\u00ed vrstvu karty pomoc\u00ed my\u0161i, nebo kliknut\u00edm na tla\u010d\u00edtko \u201erychl\u00e9 se\u0161kr\u00e1b\u00e1n\u00ed\u201c odhal\u00edte v\u0161echny informace ukryt\u00e9 na kart\u011b.<\/p>\n<p>Va\u0161e v\u00fdhry z\u00e1vis\u00ed na \u010d\u00e1stk\u00e1ch, kter\u00e9 se zobraz\u00ed po se\u0161kr\u00e1bnut\u00ed vrchn\u00ed vrstvy z karty. Pokud m\u00e1te na st\u00edrac\u00ed kart\u011b t\u0159i shodn\u00e9 \u010d\u00e1stky, vyhr\u00e1v\u00e1te pr\u00e1v\u011b tuto \u010d\u00e1stku.<\/p>\n<h2>Co se stane po v\u00fdh\u0159e na st\u00edrac\u00edm losu?<\/h2>\n<p>V\u0161echny v\u00fdhry budou okam\u017eit\u011b p\u0159ips\u00e1ny na v\u00e1\u0161 \u00fa\u010det. Pokud karta vyhraje, budete m\u00edt dv\u011b mo\u017enosti:<\/p>\n<ol>\n<li>M\u016f\u017eete z\u016fstat na str\u00e1nce se st\u00edrac\u00edmi losy a pokra\u010dovat v pou\u017e\u00edv\u00e1n\u00ed v\u00fdhry k n\u00e1kupu dal\u0161\u00edch st\u00edrac\u00edch los\u016f online.<\/li>\n<li>zav\u0159\u00edt str\u00e1nku se st\u00edrac\u00edmi losy a va\u0161e v\u00fdhry budou p\u0159evedeny na v\u00e1\u0161 hr\u00e1\u010dsk\u00fd \u00fa\u010det RedFoxLotto.<\/li>\n<\/ol>\n<p>Po p\u0159ips\u00e1n\u00ed v\u00fdher ze st\u00edrac\u00edch los\u016f na v\u00e1\u0161 hr\u00e1\u010dsk\u00fd z\u016fstatek je m\u016f\u017eete pou\u017e\u00edt jak\u00fdmkoli zp\u016fsobem &#8211; koupit si b\u011b\u017en\u00e9 losy, hr\u00e1t Keno, pozd\u011bji si koupit dal\u0161\u00ed online st\u00edrac\u00ed losy nebo si v\u00fdhru vybrat.<\/p>\n<p>P\u0159id\u00e1n\u00ed online st\u00edrac\u00edch los\u016f je n\u011bco, o co \u017e\u00e1dalo mnoho na\u0161ich z\u00e1kazn\u00edk\u016f, a jsme si jisti, \u017ee se v\u00e1m tato zku\u0161enost bude tak\u00e9 l\u00edbit!<\/p>\n","protected":false},"excerpt":{"rendered":"<p>Pokud jste fanou\u0161kem loterie, pak jsme si jisti, \u017eesi na\u0161e online st\u00edrac\u00ed losy tak\u00e9zamilujete! St\u00edrac\u00ed losy byly v\u017edy obl\u00edben\u00fdm dopl\u0148kem k n\u00e1kupu los\u016f. Prod\u00e1vaj\u00ed je t\u00e9m\u011b\u0159 v\u0161echny loterijn\u00ed prodejny na sv\u011bt\u011b, a to z dobr\u00e9ho d\u016fvodu. Zat\u00edmco hran\u00ed loterie je t\u00e9m\u011b\u0159 v\u017edy spojeno s ur\u010dit\u00fdm \u010dasov\u00fdm \u010dek\u00e1n\u00edm na v\u00fdsledky, st\u00edrac\u00ed losy v\u00e1m poskytnou okam\u017eit\u00fd v\u00fdsledek. [&hellip;]<\/p>\n","protected":false},"author":8,"featured_media":0,"parent":0,"menu_order":7,"comment_status":"closed","ping_status":"closed","template":"","meta":{"_et_pb_use_builder":"","_et_pb_old_content":"","_et_gb_content_width":"","exclude_from_search":false,"footnotes":""},"class_list":["post-84468","page","type-page","status-publish","hentry"],"yoast_head":"<!-- This site is optimized with the Yoast SEO plugin v23.8 - https:\/\/yoast.com\/wordpress\/plugins\/seo\/ -->\n<title>Hrajte online st\u00edrac\u00ed losy | Nejlep\u0161\u00ed st\u00edrac\u00ed losy s okam\u017eitou v\u00fdhrou<\/title>\n<meta name=\"description\" content=\"Zahrajte si zde ty nejlep\u0161\u00ed st\u00edrac\u00ed losy online - atraktivn\u00ed st\u00edrac\u00ed hry a skv\u011bl\u00e9 ceny, kter\u00e9 m\u016f\u017eete okam\u017eit\u011b vyhr\u00e1t.\" \/>\n<meta name=\"robots\" content=\"index, follow, max-snippet:-1, max-image-preview:large, max-video-preview:-1\" \/>\n<link rel=\"canonical\" href=\"https:\/\/redfoxlotto.com\/cs\/scratchcards\/\" \/>\n<meta property=\"og:locale\" content=\"cs_CZ\" \/>\n<meta property=\"og:type\" content=\"article\" \/>\n<meta property=\"og:title\" content=\"Hrajte online st\u00edrac\u00ed losy | Nejlep\u0161\u00ed st\u00edrac\u00ed losy s okam\u017eitou v\u00fdhrou\" \/>\n<meta property=\"og:description\" content=\"Zahrajte si zde ty nejlep\u0161\u00ed st\u00edrac\u00ed losy online - atraktivn\u00ed st\u00edrac\u00ed hry a skv\u011bl\u00e9 ceny, kter\u00e9 m\u016f\u017eete okam\u017eit\u011b vyhr\u00e1t.\" \/>\n<meta property=\"og:url\" content=\"https:\/\/redfoxlotto.com\/cs\/scratchcards\/\" \/>\n<meta property=\"og:site_name\" content=\"Get Tickets for the World\u2019s largest jackpots\" \/>\n<meta property=\"article:modified_time\" content=\"2025-06-17T08:43:46+00:00\" \/>\n<meta property=\"og:image\" content=\"https:\/\/redfoxlotto.com\/wp-content\/uploads\/2025\/03\/scratch_card_player-300x300.jpg\" \/>\n<meta name=\"twitter:card\" content=\"summary_large_image\" \/>\n<meta name=\"twitter:label1\" content=\"Odhadovan\u00e1 doba \u010dten\u00ed\" \/>\n\t<meta name=\"twitter:data1\" content=\"2 minuty\" \/>\n<script type=\"application\/ld+json\" class=\"yoast-schema-graph\">{\"@context\":\"https:\/\/schema.org\",\"@graph\":[{\"@type\":\"WebPage\",\"@id\":\"https:\/\/redfoxlotto.com\/cs\/scratchcards\/\",\"url\":\"https:\/\/redfoxlotto.com\/cs\/scratchcards\/\",\"name\":\"Hrajte online st\u00edrac\u00ed losy | Nejlep\u0161\u00ed st\u00edrac\u00ed losy s okam\u017eitou v\u00fdhrou\",\"isPartOf\":{\"@id\":\"https:\/\/redfoxlotto.com\/cs\/#website\"},\"primaryImageOfPage\":{\"@id\":\"https:\/\/redfoxlotto.com\/cs\/scratchcards\/#primaryimage\"},\"image\":{\"@id\":\"https:\/\/redfoxlotto.com\/cs\/scratchcards\/#primaryimage\"},\"thumbnailUrl\":\"https:\/\/redfoxlotto.com\/wp-content\/uploads\/2025\/03\/scratch_card_player-300x300.jpg\",\"datePublished\":\"2025-03-17T09:46:32+00:00\",\"dateModified\":\"2025-06-17T08:43:46+00:00\",\"description\":\"Zahrajte si zde ty nejlep\u0161\u00ed st\u00edrac\u00ed losy online - atraktivn\u00ed st\u00edrac\u00ed hry a skv\u011bl\u00e9 ceny, kter\u00e9 m\u016f\u017eete okam\u017eit\u011b vyhr\u00e1t.\",\"breadcrumb\":{\"@id\":\"https:\/\/redfoxlotto.com\/cs\/scratchcards\/#breadcrumb\"},\"inLanguage\":\"cs\",\"potentialAction\":[{\"@type\":\"ReadAction\",\"target\":[\"https:\/\/redfoxlotto.com\/cs\/scratchcards\/\"]}]},{\"@type\":\"ImageObject\",\"inLanguage\":\"cs\",\"@id\":\"https:\/\/redfoxlotto.com\/cs\/scratchcards\/#primaryimage\",\"url\":\"https:\/\/redfoxlotto.com\/wp-content\/uploads\/2025\/03\/scratch_card_player-300x300.jpg\",\"contentUrl\":\"https:\/\/redfoxlotto.com\/wp-content\/uploads\/2025\/03\/scratch_card_player-300x300.jpg\"},{\"@type\":\"BreadcrumbList\",\"@id\":\"https:\/\/redfoxlotto.com\/cs\/scratchcards\/#breadcrumb\",\"itemListElement\":[{\"@type\":\"ListItem\",\"position\":1,\"name\":\"Home\",\"item\":\"https:\/\/redfoxlotto.com\/cs\/\"},{\"@type\":\"ListItem\",\"position\":2,\"name\":\"St\u00edrac\u00ed losy\"}]},{\"@type\":\"WebSite\",\"@id\":\"https:\/\/redfoxlotto.com\/cs\/#website\",\"url\":\"https:\/\/redfoxlotto.com\/cs\/\",\"name\":\"Get Tickets for the World\u2019s largest jackpots\",\"description\":\"Participate in worldwide lottery jackpots from any country\",\"publisher\":{\"@id\":\"https:\/\/redfoxlotto.com\/cs\/#organization\"},\"potentialAction\":[{\"@type\":\"SearchAction\",\"target\":{\"@type\":\"EntryPoint\",\"urlTemplate\":\"https:\/\/redfoxlotto.com\/cs\/?s={search_term_string}\"},\"query-input\":{\"@type\":\"PropertyValueSpecification\",\"valueRequired\":true,\"valueName\":\"search_term_string\"}}],\"inLanguage\":\"cs\"},{\"@type\":\"Organization\",\"@id\":\"https:\/\/redfoxlotto.com\/cs\/#organization\",\"name\":\"Get Tickets for the World\u2019s largest jackpots\",\"url\":\"https:\/\/redfoxlotto.com\/cs\/\",\"logo\":{\"@type\":\"ImageObject\",\"inLanguage\":\"cs\",\"@id\":\"https:\/\/redfoxlotto.com\/cs\/#\/schema\/logo\/image\/\",\"url\":\"https:\/\/redfoxlotto.com\/wp-content\/uploads\/2023\/04\/logo.png\",\"contentUrl\":\"https:\/\/redfoxlotto.com\/wp-content\/uploads\/2023\/04\/logo.png\",\"width\":269,\"height\":53,\"caption\":\"Get Tickets for the World\u2019s largest jackpots\"},\"image\":{\"@id\":\"https:\/\/redfoxlotto.com\/cs\/#\/schema\/logo\/image\/\"}}]}<\/script>\n<!-- \/ Yoast SEO plugin. -->","yoast_head_json":{"title":"Hrajte online st\u00edrac\u00ed losy | Nejlep\u0161\u00ed st\u00edrac\u00ed losy s okam\u017eitou v\u00fdhrou","description":"Zahrajte si zde ty nejlep\u0161\u00ed st\u00edrac\u00ed losy online - atraktivn\u00ed st\u00edrac\u00ed hry a skv\u011bl\u00e9 ceny, kter\u00e9 m\u016f\u017eete okam\u017eit\u011b vyhr\u00e1t.","robots":{"index":"index","follow":"follow","max-snippet":"max-snippet:-1","max-image-preview":"max-image-preview:large","max-video-preview":"max-video-preview:-1"},"canonical":"https:\/\/redfoxlotto.com\/cs\/scratchcards\/","og_locale":"cs_CZ","og_type":"article","og_title":"Hrajte online st\u00edrac\u00ed losy | Nejlep\u0161\u00ed st\u00edrac\u00ed losy s okam\u017eitou v\u00fdhrou","og_description":"Zahrajte si zde ty nejlep\u0161\u00ed st\u00edrac\u00ed losy online - atraktivn\u00ed st\u00edrac\u00ed hry a skv\u011bl\u00e9 ceny, kter\u00e9 m\u016f\u017eete okam\u017eit\u011b vyhr\u00e1t.","og_url":"https:\/\/redfoxlotto.com\/cs\/scratchcards\/","og_site_name":"Get Tickets for the World\u2019s largest jackpots","article_modified_time":"2025-06-17T08:43:46+00:00","og_image":[{"url":"https:\/\/redfoxlotto.com\/wp-content\/uploads\/2025\/03\/scratch_card_player-300x300.jpg"}],"twitter_card":"summary_large_image","twitter_misc":{"Odhadovan\u00e1 doba \u010dten\u00ed":"2 minuty"},"schema":{"@context":"https:\/\/schema.org","@graph":[{"@type":"WebPage","@id":"https:\/\/redfoxlotto.com\/cs\/scratchcards\/","url":"https:\/\/redfoxlotto.com\/cs\/scratchcards\/","name":"Hrajte online st\u00edrac\u00ed losy | Nejlep\u0161\u00ed st\u00edrac\u00ed losy s okam\u017eitou v\u00fdhrou","isPartOf":{"@id":"https:\/\/redfoxlotto.com\/cs\/#website"},"primaryImageOfPage":{"@id":"https:\/\/redfoxlotto.com\/cs\/scratchcards\/#primaryimage"},"image":{"@id":"https:\/\/redfoxlotto.com\/cs\/scratchcards\/#primaryimage"},"thumbnailUrl":"https:\/\/redfoxlotto.com\/wp-content\/uploads\/2025\/03\/scratch_card_player-300x300.jpg","datePublished":"2025-03-17T09:46:32+00:00","dateModified":"2025-06-17T08:43:46+00:00","description":"Zahrajte si zde ty nejlep\u0161\u00ed st\u00edrac\u00ed losy online - atraktivn\u00ed st\u00edrac\u00ed hry a skv\u011bl\u00e9 ceny, kter\u00e9 m\u016f\u017eete okam\u017eit\u011b vyhr\u00e1t.","breadcrumb":{"@id":"https:\/\/redfoxlotto.com\/cs\/scratchcards\/#breadcrumb"},"inLanguage":"cs","potentialAction":[{"@type":"ReadAction","target":["https:\/\/redfoxlotto.com\/cs\/scratchcards\/"]}]},{"@type":"ImageObject","inLanguage":"cs","@id":"https:\/\/redfoxlotto.com\/cs\/scratchcards\/#primaryimage","url":"https:\/\/redfoxlotto.com\/wp-content\/uploads\/2025\/03\/scratch_card_player-300x300.jpg","contentUrl":"https:\/\/redfoxlotto.com\/wp-content\/uploads\/2025\/03\/scratch_card_player-300x300.jpg"},{"@type":"BreadcrumbList","@id":"https:\/\/redfoxlotto.com\/cs\/scratchcards\/#breadcrumb","itemListElement":[{"@type":"ListItem","position":1,"name":"Home","item":"https:\/\/redfoxlotto.com\/cs\/"},{"@type":"ListItem","position":2,"name":"St\u00edrac\u00ed losy"}]},{"@type":"WebSite","@id":"https:\/\/redfoxlotto.com\/cs\/#website","url":"https:\/\/redfoxlotto.com\/cs\/","name":"Get Tickets for the World\u2019s largest jackpots","description":"Participate in worldwide lottery jackpots from any country","publisher":{"@id":"https:\/\/redfoxlotto.com\/cs\/#organization"},"potentialAction":[{"@type":"SearchAction","target":{"@type":"EntryPoint","urlTemplate":"https:\/\/redfoxlotto.com\/cs\/?s={search_term_string}"},"query-input":{"@type":"PropertyValueSpecification","valueRequired":true,"valueName":"search_term_string"}}],"inLanguage":"cs"},{"@type":"Organization","@id":"https:\/\/redfoxlotto.com\/cs\/#organization","name":"Get Tickets for the World\u2019s largest jackpots","url":"https:\/\/redfoxlotto.com\/cs\/","logo":{"@type":"ImageObject","inLanguage":"cs","@id":"https:\/\/redfoxlotto.com\/cs\/#\/schema\/logo\/image\/","url":"https:\/\/redfoxlotto.com\/wp-content\/uploads\/2023\/04\/logo.png","contentUrl":"https:\/\/redfoxlotto.com\/wp-content\/uploads\/2023\/04\/logo.png","width":269,"height":53,"caption":"Get Tickets for the World\u2019s largest jackpots"},"image":{"@id":"https:\/\/redfoxlotto.com\/cs\/#\/schema\/logo\/image\/"}}]}},"_links":{"self":[{"href":"https:\/\/redfoxlotto.com\/cs\/wp-json\/wp\/v2\/pages\/84468","targetHints":{"allow":["GET"]}}],"collection":[{"href":"https:\/\/redfoxlotto.com\/cs\/wp-json\/wp\/v2\/pages"}],"about":[{"href":"https:\/\/redfoxlotto.com\/cs\/wp-json\/wp\/v2\/types\/page"}],"author":[{"embeddable":true,"href":"https:\/\/redfoxlotto.com\/cs\/wp-json\/wp\/v2\/users\/8"}],"replies":[{"embeddable":true,"href":"https:\/\/redfoxlotto.com\/cs\/wp-json\/wp\/v2\/comments?post=84468"}],"version-history":[{"count":0,"href":"https:\/\/redfoxlotto.com\/cs\/wp-json\/wp\/v2\/pages\/84468\/revisions"}],"wp:attachment":[{"href":"https:\/\/redfoxlotto.com\/cs\/wp-json\/wp\/v2\/media?parent=84468"}],"curies":[{"name":"wp","href":"https:\/\/api.w.org\/{rel}","templated":true}]}}