{"id":84379,"date":"2025-02-12T11:12:52","date_gmt":"2025-02-12T11:12:52","guid":{"rendered":"https:\/\/redfoxlotto.com\/?page_id=84379"},"modified":"2025-10-09T14:01:33","modified_gmt":"2025-10-09T14:01:33","slug":"keno","status":"publish","type":"page","link":"https:\/\/redfoxlotto.com\/cs\/keno\/","title":{"rendered":"Keno"},"content":{"rendered":"<h2>Nev\u00edte, jak hr\u00e1t Keno online?<\/h2>\n<p>V\u00edte, jak funguje loterie, ale nikdy jste nehr\u00e1li Keno? Vysv\u011btl\u00edm v\u00e1m, jak hr\u00e1t Keno online. Nen\u00ed to tak slo\u017eit\u00e9 na pochopen\u00ed a na\u0161e platforma umo\u017e\u0148uje snadn\u00e9 vytvo\u0159en\u00ed tiketu Keno.<\/p>\n<div class=\"keno-banner-wrapper\"><img decoding=\"async\" class=\"keno-banner-image\" src=\"https:\/\/redfoxlotto.com\/wp-content\/uploads\/2025\/10\/3-scaled.png\" alt=\"Keno Banner\" \/><br \/>\n<div class=\"keno-banner-overlay\"><div class=\"keno-banner-text\">Hlavn\u00ed cena: \u20ac10,000,000<br>Slosov\u00e1n\u00ed ka\u017ed\u00fdch 30 minut<\/div><a href=\"https:\/\/keno.redfoxlotto.com\/play\/diamond-keno\" class=\"keno-banner-button\">Hrajte Diamond Keno hned te\u010f<\/a><\/div><\/div>\n<div class=\"keno-banner-wrapper\"><img decoding=\"async\" class=\"keno-banner-image\" src=\"https:\/\/redfoxlotto.com\/wp-content\/uploads\/2025\/10\/1-scaled.png\" alt=\"Keno Banner\" \/><br \/>\n<div class=\"keno-banner-overlay\"><div class=\"keno-banner-text\">Hlavn\u00ed cena: \u20ac5,000,000<br>Slosov\u00e1n\u00ed ka\u017ed\u00fdch 8 minut<\/div><a href=\"https:\/\/keno.redfoxlotto.com\/play\/platinum-keno\" class=\"keno-banner-button\">Hrajte Platinum Keno hned te\u010f<\/a><\/div><\/div>\n<div class=\"keno-banner-wrapper\"><img decoding=\"async\" class=\"keno-banner-image\" src=\"https:\/\/redfoxlotto.com\/wp-content\/uploads\/2025\/10\/2-scaled.png\" alt=\"Keno Banner\" \/><br \/>\n<div class=\"keno-banner-overlay\"><div class=\"keno-banner-text\">Hlavn\u00ed cena: \u20ac2,000,000<br>Slosov\u00e1n\u00ed ka\u017ed\u00fdch 6 minut<\/div><a href=\"https:\/\/keno.redfoxlotto.com\/play\/gold-keno\" class=\"keno-banner-button\">Hrajte  Gold Keno hned te\u010f<\/a><\/div><\/div>\n<h2>Rozd\u00edly mezi b\u011b\u017enou loteri\u00ed a hrou Keno<\/h2>\n<p>P\u0159i hran\u00ed Keno m\u00e1te v\u011bt\u0161\u00ed kontrolu nad t\u00edm, kolik chcete za tiket utratit, a tak\u00e9 rozhodujete o tom, kolik \u010d\u00edsel si vyberete.<\/p>\n<ul>\n<li><strong>N\u00e1sobitel<\/strong> &#8211; ka\u017ed\u00fd tiket Keno m\u00e1 z\u00e1kladn\u00ed cenu (minimum, kter\u00e9 mus\u00edte zaplatit za jeden tiket), ale je zde tak\u00e9 funkce n\u00e1sobitele. \u0158ekn\u011bme, \u017ee z\u00e1kladn\u00ed cena je 1,00 \u20ac. Zvol\u00edte-li n\u00e1sobitel 5, bude v\u00e1s nyn\u00ed tiket st\u00e1t 5,00 \u20ac. Z\u00e1rove\u0148 se v\u0161ak \u010d\u00e1stka, kterou m\u016f\u017eete vyhr\u00e1t, zv\u00fd\u0161\u00ed minim\u00e1ln\u011b o p\u011btin\u00e1sobek. Chcete-li vyhr\u00e1t maxim\u00e1ln\u00ed v\u00fdhru v ka\u017ed\u00e9 v\u00fdplatn\u00ed \u00farovni, mus\u00edte zvolit maxim\u00e1ln\u00ed n\u00e1sobitel. N\u00e1sobitel se m\u016f\u017ee pohybovat v rozmez\u00ed od 1 do 5 nebo od 1 do 10. Chcete-li se pod\u00edvat na skute\u010dnou v\u00fdplatu, klikn\u011bte na z\u00e1lo\u017eku \u201eInfo\u201c v\u00fd\u0161e a zobraz\u00ed se v\u00e1m tabulka v\u00fdplat.<\/li>\n<li>Klikn\u011bte na n\u00e1sobitel, kter\u00fd chcete zvolit, a zobraz\u00ed se v\u00fdplaty pro tento n\u00e1sobitel.<\/li>\n<li><strong>Zahrajte v\u00edce nebo m\u00e9n\u011b \u010d\u00edsel<\/strong> &#8211; m\u016f\u017eete se rozhodnout, zda chcete pro sv\u016fj tiket vybrat v\u00edce nebo m\u00e9n\u011b \u010d\u00edsel. Op\u011bt plat\u00ed, \u017ee pokud chcete vyhr\u00e1t hlavn\u00ed cenu, museli byste v\u017edy vybrat maximum, tedy 10 \u010d\u00edsel. Pokud se v\u0161ak rozhodnete zahr\u00e1t pouze 8 \u010d\u00edsel, vyhrajete v\u00edce pen\u011bz, pokud se v\u0161echna nebo n\u011bkter\u00e1 z nich shoduj\u00ed s vylosovan\u00fdmi \u010d\u00edsly. V\u00fdplaty v\u00e1m op\u011bt uk\u00e1\u017ee tabulka na str\u00e1nce \u201eInfo\u201c.<\/li>\n<li><strong>Z \u0159ady \u010d\u00edsel se losuje v\u00edce \u010d\u00edsel<\/strong> &#8211; zat\u00edmco v b\u011b\u017en\u00e9 loterii se losuje 5 nebo 6 \u010d\u00edsel z \u010d\u00edseln\u00e9ho fondu 49 nebo 60, p\u0159i h\u0159e Keno je tomu jinak. Zaprv\u00e9, v\u011bt\u0161ina her Keno losuje 20 \u010d\u00edsel, ale i fond mo\u017en\u00fdch \u010d\u00edsel je v\u011bt\u0161\u00ed (obvykle n\u011bkde mezi 70 a 90 \u010d\u00edsly). P\u0159i 20 vylosovan\u00fdch \u010d\u00edslech v\u0161ak sta\u010d\u00ed, abyste jich uhodli pouze 10, abyste vyhr\u00e1li vysokou v\u00fdhru. To znamen\u00e1, \u017ee celkov\u00e9 \u0161ance p\u0159i h\u0159e Keno online jsou ve srovn\u00e1n\u00ed s v\u011bt\u0161inou b\u011b\u017en\u00fdch loteri\u00ed lep\u0161\u00ed.<\/li>\n<\/ul>\n<h2>Jak tedy hr\u00e1t Keno online?<\/h2>\n<p><strong>V\u0161e, co mus\u00edte ud\u011blat, abyste mohli hr\u00e1t Keno online, je postupovat podle n\u00ed\u017ee uveden\u00fdch krok\u016f:<\/strong><\/p>\n<ul>\n<li>Klikn\u011bte na jeden z banner\u016f Keno na t\u00e9to str\u00e1nce.<\/li>\n<li>Vyberte, kolik \u010d\u00edsel chcete hr\u00e1t<\/li>\n<li>Vyberte n\u00e1sobitel a zkontrolujte cenu za tiket (v p\u0159\u00edpad\u011b pot\u0159eby upravte n\u00e1sobitel).<\/li>\n<li>Vyberte si \u010d\u00edsla (nebo pou\u017eijte funkci Quick Pick pro vygenerov\u00e1n\u00ed n\u00e1hodn\u00fdch \u010d\u00edsel).<\/li>\n<li>Pokud chcete, p\u0159idejte dal\u0161\u00ed tikety pro stejn\u00e9 losov\u00e1n\u00ed Keno<\/li>\n<li>Rozhodn\u011bte, zda se v\u00e1\u0161 tiket nebo tikety maj\u00ed z\u00fa\u010dastnit jednoho nebo v\u00edce losov\u00e1n\u00ed<\/li>\n<li>Zapla\u0165te za sv\u00e9 tikety (mus\u00edte si na na\u0161ich str\u00e1nk\u00e1ch vytvo\u0159it nov\u00fd \u00fa\u010det, pokud ho je\u0161t\u011b nem\u00e1te, nebo se p\u0159ihl\u00e1sit ke sv\u00e9mu st\u00e1vaj\u00edc\u00edmu \u00fa\u010dtu).<\/li>\n<\/ul>\n<h2>Do p\u0159\u00ed\u0161t\u00edho losov\u00e1n\u00ed zb\u00fdv\u00e1 jen n\u011bkolik minut.<\/h2>\n<p>V\u011bt\u0161ina loteri\u00ed Keno se losuje ka\u017ed\u00fdch p\u00e1r minut, tak\u017ee nemus\u00edte dlouho \u010dekat, ne\u017e zjist\u00edte, zda jste vyhr\u00e1li. Poka\u017ed\u00e9, kdy\u017e se bl\u00ed\u017e\u00ed losov\u00e1n\u00ed loterie Keno, zat\u00edmco jste na na\u0161ich webov\u00fdch str\u00e1nk\u00e1ch, objev\u00ed se vyskakovac\u00ed okno a kr\u00e1tce pot\u00e9 se zobraz\u00ed video s animac\u00ed losov\u00e1n\u00ed. Jakmile se vyskakovac\u00ed okno zobraz\u00ed, m\u011bli byste m\u00edt st\u00e1le mo\u017enost koupit si tiket a hr\u00e1t v dan\u00e9m nadch\u00e1zej\u00edc\u00edm losov\u00e1n\u00ed. Ale i kdy\u017e p\u0159\u00ed\u0161t\u00ed slosov\u00e1n\u00ed nestihnete, v\u017edy si m\u016f\u017eete vytvo\u0159it tiket na dal\u0161\u00ed nadch\u00e1zej\u00edc\u00ed slosov\u00e1n\u00ed, do kter\u00e9ho zb\u00fdv\u00e1 jen n\u011bkolik minut!<\/p>\n<p>Losov\u00e1n\u00ed Keno jsou virtu\u00e1ln\u00ed losov\u00e1n\u00ed, jejich\u017e \u010d\u00edsla jsou generov\u00e1na certifikovan\u00fdm gener\u00e1torem n\u00e1hodn\u00fdch \u010d\u00edsel. D\u00edky tomu si m\u016f\u017eete b\u00fdt jisti, \u017ee kdy\u017e hrajete Keno online na na\u0161ich webov\u00fdch str\u00e1nk\u00e1ch, hra je v\u017edy spravedliv\u00e1.<\/p>\n<p>Mimochodem, nejedn\u00e1 se o ve\u0159ejnou loterii, ve kter\u00e9 si m\u016f\u017eete koupit losy n\u011bkde na prodejn\u00edm m\u00edst\u011b loterie. Proto u her Keno neobdr\u017e\u00edte \u017e\u00e1dn\u00fd naskenovan\u00fd tiket, m\u00edsto toho obdr\u017e\u00edte pouze potvrzen\u00ed na sv\u016fj hr\u00e1\u010dsk\u00fd \u00fa\u010det.<\/p>\n","protected":false},"excerpt":{"rendered":"<p>Nev\u00edte, jak hr\u00e1t Keno online? V\u00edte, jak funguje loterie, ale nikdy jste nehr\u00e1li Keno? Vysv\u011btl\u00edm v\u00e1m, jak hr\u00e1t Keno online. Nen\u00ed to tak slo\u017eit\u00e9 na pochopen\u00ed a na\u0161e platforma umo\u017e\u0148uje snadn\u00e9 vytvo\u0159en\u00ed tiketu Keno. Rozd\u00edly mezi b\u011b\u017enou loteri\u00ed a hrou Keno P\u0159i hran\u00ed Keno m\u00e1te v\u011bt\u0161\u00ed kontrolu nad t\u00edm, kolik chcete za tiket utratit, a [&hellip;]<\/p>\n","protected":false},"author":8,"featured_media":0,"parent":0,"menu_order":5,"comment_status":"closed","ping_status":"closed","template":"","meta":{"_et_pb_use_builder":"","_et_pb_old_content":"","_et_gb_content_width":"","exclude_from_search":false,"footnotes":""},"class_list":["post-84379","page","type-page","status-publish","hentry"],"yoast_head":"<!-- This site is optimized with the Yoast SEO plugin v23.8 - https:\/\/yoast.com\/wordpress\/plugins\/seo\/ -->\n<title>Jak hr\u00e1t Keno online | Pravidla a strategie hry Keno online<\/title>\n<meta name=\"description\" content=\"Chcete v Keno vyhr\u00e1t velk\u00e9 \u010d\u00e1stky? Jak hr\u00e1t Keno online o nejvy\u0161\u0161\u00ed v\u00fdhry a\u017e do v\u00fd\u0161e 10 milion\u016f eur, p\u0159i\u010dem\u017e do slosov\u00e1n\u00ed nikdy nezb\u00fdv\u00e1 v\u00edce ne\u017e p\u00e1r minut.\" \/>\n<meta name=\"robots\" content=\"index, follow, max-snippet:-1, max-image-preview:large, max-video-preview:-1\" \/>\n<link rel=\"canonical\" href=\"https:\/\/redfoxlotto.com\/cs\/keno\/\" \/>\n<meta property=\"og:locale\" content=\"cs_CZ\" \/>\n<meta property=\"og:type\" content=\"article\" \/>\n<meta property=\"og:title\" content=\"Jak hr\u00e1t Keno online | Pravidla a strategie hry Keno online\" \/>\n<meta property=\"og:description\" content=\"Chcete v Keno vyhr\u00e1t velk\u00e9 \u010d\u00e1stky? Jak hr\u00e1t Keno online o nejvy\u0161\u0161\u00ed v\u00fdhry a\u017e do v\u00fd\u0161e 10 milion\u016f eur, p\u0159i\u010dem\u017e do slosov\u00e1n\u00ed nikdy nezb\u00fdv\u00e1 v\u00edce ne\u017e p\u00e1r minut.\" \/>\n<meta property=\"og:url\" content=\"https:\/\/redfoxlotto.com\/cs\/keno\/\" \/>\n<meta property=\"og:site_name\" content=\"Get Tickets for the World\u2019s largest jackpots\" \/>\n<meta property=\"article:modified_time\" content=\"2025-10-09T14:01:33+00:00\" \/>\n<meta property=\"og:image\" content=\"https:\/\/redfoxlotto.com\/wp-content\/uploads\/2025\/10\/3-scaled.png\" \/>\n<meta name=\"twitter:card\" content=\"summary_large_image\" \/>\n<meta name=\"twitter:label1\" content=\"Odhadovan\u00e1 doba \u010dten\u00ed\" \/>\n\t<meta name=\"twitter:data1\" content=\"4 minuty\" \/>\n<script type=\"application\/ld+json\" class=\"yoast-schema-graph\">{\"@context\":\"https:\/\/schema.org\",\"@graph\":[{\"@type\":\"WebPage\",\"@id\":\"https:\/\/redfoxlotto.com\/cs\/keno\/\",\"url\":\"https:\/\/redfoxlotto.com\/cs\/keno\/\",\"name\":\"Jak hr\u00e1t Keno online | Pravidla a strategie hry Keno online\",\"isPartOf\":{\"@id\":\"https:\/\/redfoxlotto.com\/cs\/#website\"},\"primaryImageOfPage\":{\"@id\":\"https:\/\/redfoxlotto.com\/cs\/keno\/#primaryimage\"},\"image\":{\"@id\":\"https:\/\/redfoxlotto.com\/cs\/keno\/#primaryimage\"},\"thumbnailUrl\":\"https:\/\/redfoxlotto.com\/wp-content\/uploads\/2025\/10\/3-scaled.png\",\"datePublished\":\"2025-02-12T11:12:52+00:00\",\"dateModified\":\"2025-10-09T14:01:33+00:00\",\"description\":\"Chcete v Keno vyhr\u00e1t velk\u00e9 \u010d\u00e1stky? Jak hr\u00e1t Keno online o nejvy\u0161\u0161\u00ed v\u00fdhry a\u017e do v\u00fd\u0161e 10 milion\u016f eur, p\u0159i\u010dem\u017e do slosov\u00e1n\u00ed nikdy nezb\u00fdv\u00e1 v\u00edce ne\u017e p\u00e1r minut.\",\"breadcrumb\":{\"@id\":\"https:\/\/redfoxlotto.com\/cs\/keno\/#breadcrumb\"},\"inLanguage\":\"cs\",\"potentialAction\":[{\"@type\":\"ReadAction\",\"target\":[\"https:\/\/redfoxlotto.com\/cs\/keno\/\"]}]},{\"@type\":\"ImageObject\",\"inLanguage\":\"cs\",\"@id\":\"https:\/\/redfoxlotto.com\/cs\/keno\/#primaryimage\",\"url\":\"https:\/\/redfoxlotto.com\/wp-content\/uploads\/2025\/10\/3-scaled.png\",\"contentUrl\":\"https:\/\/redfoxlotto.com\/wp-content\/uploads\/2025\/10\/3-scaled.png\"},{\"@type\":\"BreadcrumbList\",\"@id\":\"https:\/\/redfoxlotto.com\/cs\/keno\/#breadcrumb\",\"itemListElement\":[{\"@type\":\"ListItem\",\"position\":1,\"name\":\"Home\",\"item\":\"https:\/\/redfoxlotto.com\/cs\/\"},{\"@type\":\"ListItem\",\"position\":2,\"name\":\"Keno\"}]},{\"@type\":\"WebSite\",\"@id\":\"https:\/\/redfoxlotto.com\/cs\/#website\",\"url\":\"https:\/\/redfoxlotto.com\/cs\/\",\"name\":\"Get Tickets for the World\u2019s largest jackpots\",\"description\":\"Participate in worldwide lottery jackpots from any country\",\"publisher\":{\"@id\":\"https:\/\/redfoxlotto.com\/cs\/#organization\"},\"potentialAction\":[{\"@type\":\"SearchAction\",\"target\":{\"@type\":\"EntryPoint\",\"urlTemplate\":\"https:\/\/redfoxlotto.com\/cs\/?s={search_term_string}\"},\"query-input\":{\"@type\":\"PropertyValueSpecification\",\"valueRequired\":true,\"valueName\":\"search_term_string\"}}],\"inLanguage\":\"cs\"},{\"@type\":\"Organization\",\"@id\":\"https:\/\/redfoxlotto.com\/cs\/#organization\",\"name\":\"Get Tickets for the World\u2019s largest jackpots\",\"url\":\"https:\/\/redfoxlotto.com\/cs\/\",\"logo\":{\"@type\":\"ImageObject\",\"inLanguage\":\"cs\",\"@id\":\"https:\/\/redfoxlotto.com\/cs\/#\/schema\/logo\/image\/\",\"url\":\"https:\/\/redfoxlotto.com\/wp-content\/uploads\/2023\/04\/logo.png\",\"contentUrl\":\"https:\/\/redfoxlotto.com\/wp-content\/uploads\/2023\/04\/logo.png\",\"width\":269,\"height\":53,\"caption\":\"Get Tickets for the World\u2019s largest jackpots\"},\"image\":{\"@id\":\"https:\/\/redfoxlotto.com\/cs\/#\/schema\/logo\/image\/\"}}]}<\/script>\n<!-- \/ Yoast SEO plugin. -->","yoast_head_json":{"title":"Jak hr\u00e1t Keno online | Pravidla a strategie hry Keno online","description":"Chcete v Keno vyhr\u00e1t velk\u00e9 \u010d\u00e1stky? Jak hr\u00e1t Keno online o nejvy\u0161\u0161\u00ed v\u00fdhry a\u017e do v\u00fd\u0161e 10 milion\u016f eur, p\u0159i\u010dem\u017e do slosov\u00e1n\u00ed nikdy nezb\u00fdv\u00e1 v\u00edce ne\u017e p\u00e1r minut.","robots":{"index":"index","follow":"follow","max-snippet":"max-snippet:-1","max-image-preview":"max-image-preview:large","max-video-preview":"max-video-preview:-1"},"canonical":"https:\/\/redfoxlotto.com\/cs\/keno\/","og_locale":"cs_CZ","og_type":"article","og_title":"Jak hr\u00e1t Keno online | Pravidla a strategie hry Keno online","og_description":"Chcete v Keno vyhr\u00e1t velk\u00e9 \u010d\u00e1stky? Jak hr\u00e1t Keno online o nejvy\u0161\u0161\u00ed v\u00fdhry a\u017e do v\u00fd\u0161e 10 milion\u016f eur, p\u0159i\u010dem\u017e do slosov\u00e1n\u00ed nikdy nezb\u00fdv\u00e1 v\u00edce ne\u017e p\u00e1r minut.","og_url":"https:\/\/redfoxlotto.com\/cs\/keno\/","og_site_name":"Get Tickets for the World\u2019s largest jackpots","article_modified_time":"2025-10-09T14:01:33+00:00","og_image":[{"url":"https:\/\/redfoxlotto.com\/wp-content\/uploads\/2025\/10\/3-scaled.png"}],"twitter_card":"summary_large_image","twitter_misc":{"Odhadovan\u00e1 doba \u010dten\u00ed":"4 minuty"},"schema":{"@context":"https:\/\/schema.org","@graph":[{"@type":"WebPage","@id":"https:\/\/redfoxlotto.com\/cs\/keno\/","url":"https:\/\/redfoxlotto.com\/cs\/keno\/","name":"Jak hr\u00e1t Keno online | Pravidla a strategie hry Keno online","isPartOf":{"@id":"https:\/\/redfoxlotto.com\/cs\/#website"},"primaryImageOfPage":{"@id":"https:\/\/redfoxlotto.com\/cs\/keno\/#primaryimage"},"image":{"@id":"https:\/\/redfoxlotto.com\/cs\/keno\/#primaryimage"},"thumbnailUrl":"https:\/\/redfoxlotto.com\/wp-content\/uploads\/2025\/10\/3-scaled.png","datePublished":"2025-02-12T11:12:52+00:00","dateModified":"2025-10-09T14:01:33+00:00","description":"Chcete v Keno vyhr\u00e1t velk\u00e9 \u010d\u00e1stky? Jak hr\u00e1t Keno online o nejvy\u0161\u0161\u00ed v\u00fdhry a\u017e do v\u00fd\u0161e 10 milion\u016f eur, p\u0159i\u010dem\u017e do slosov\u00e1n\u00ed nikdy nezb\u00fdv\u00e1 v\u00edce ne\u017e p\u00e1r minut.","breadcrumb":{"@id":"https:\/\/redfoxlotto.com\/cs\/keno\/#breadcrumb"},"inLanguage":"cs","potentialAction":[{"@type":"ReadAction","target":["https:\/\/redfoxlotto.com\/cs\/keno\/"]}]},{"@type":"ImageObject","inLanguage":"cs","@id":"https:\/\/redfoxlotto.com\/cs\/keno\/#primaryimage","url":"https:\/\/redfoxlotto.com\/wp-content\/uploads\/2025\/10\/3-scaled.png","contentUrl":"https:\/\/redfoxlotto.com\/wp-content\/uploads\/2025\/10\/3-scaled.png"},{"@type":"BreadcrumbList","@id":"https:\/\/redfoxlotto.com\/cs\/keno\/#breadcrumb","itemListElement":[{"@type":"ListItem","position":1,"name":"Home","item":"https:\/\/redfoxlotto.com\/cs\/"},{"@type":"ListItem","position":2,"name":"Keno"}]},{"@type":"WebSite","@id":"https:\/\/redfoxlotto.com\/cs\/#website","url":"https:\/\/redfoxlotto.com\/cs\/","name":"Get Tickets for the World\u2019s largest jackpots","description":"Participate in worldwide lottery jackpots from any country","publisher":{"@id":"https:\/\/redfoxlotto.com\/cs\/#organization"},"potentialAction":[{"@type":"SearchAction","target":{"@type":"EntryPoint","urlTemplate":"https:\/\/redfoxlotto.com\/cs\/?s={search_term_string}"},"query-input":{"@type":"PropertyValueSpecification","valueRequired":true,"valueName":"search_term_string"}}],"inLanguage":"cs"},{"@type":"Organization","@id":"https:\/\/redfoxlotto.com\/cs\/#organization","name":"Get Tickets for the World\u2019s largest jackpots","url":"https:\/\/redfoxlotto.com\/cs\/","logo":{"@type":"ImageObject","inLanguage":"cs","@id":"https:\/\/redfoxlotto.com\/cs\/#\/schema\/logo\/image\/","url":"https:\/\/redfoxlotto.com\/wp-content\/uploads\/2023\/04\/logo.png","contentUrl":"https:\/\/redfoxlotto.com\/wp-content\/uploads\/2023\/04\/logo.png","width":269,"height":53,"caption":"Get Tickets for the World\u2019s largest jackpots"},"image":{"@id":"https:\/\/redfoxlotto.com\/cs\/#\/schema\/logo\/image\/"}}]}},"_links":{"self":[{"href":"https:\/\/redfoxlotto.com\/cs\/wp-json\/wp\/v2\/pages\/84379","targetHints":{"allow":["GET"]}}],"collection":[{"href":"https:\/\/redfoxlotto.com\/cs\/wp-json\/wp\/v2\/pages"}],"about":[{"href":"https:\/\/redfoxlotto.com\/cs\/wp-json\/wp\/v2\/types\/page"}],"author":[{"embeddable":true,"href":"https:\/\/redfoxlotto.com\/cs\/wp-json\/wp\/v2\/users\/8"}],"replies":[{"embeddable":true,"href":"https:\/\/redfoxlotto.com\/cs\/wp-json\/wp\/v2\/comments?post=84379"}],"version-history":[{"count":0,"href":"https:\/\/redfoxlotto.com\/cs\/wp-json\/wp\/v2\/pages\/84379\/revisions"}],"wp:attachment":[{"href":"https:\/\/redfoxlotto.com\/cs\/wp-json\/wp\/v2\/media?parent=84379"}],"curies":[{"name":"wp","href":"https:\/\/api.w.org\/{rel}","templated":true}]}}