{"id":68283,"date":"2024-04-25T08:02:02","date_gmt":"2024-04-25T08:02:02","guid":{"rendered":"https:\/\/redfoxlotto.org\/?page_id=68283"},"modified":"2024-11-24T17:26:50","modified_gmt":"2024-11-24T17:26:50","slug":"purchase-success","status":"publish","type":"page","link":"https:\/\/redfoxlotto.com\/cs\/purchase-success\/","title":{"rendered":"\u00dasp\u011b\u0161n\u00fd n\u00e1kup"},"content":{"rendered":"<p>\u00dasp\u011b\u0161n\u011b jste si zakoupili los nebo losy!<\/p><p>Podrobnosti o va\u0161\u00ed objedn\u00e1vce najdete ve sv\u00e9m hr\u00e1\u010dsk\u00e9m \u00fa\u010dtu. Nejprve se p\u0159ihlaste a klikn\u011bte na \u201eMoje tikety\u201c.<\/p><p>Upozor\u0148ujeme, \u017ee skenov\u00e1n\u00ed a nahr\u00e1v\u00e1n\u00ed tiketu s va\u0161imi \u010d\u00edsly m\u016f\u017ee chv\u00edli trvat. Skeny vstupenek budou nahr\u00e1ny do va\u0161eho hr\u00e1\u010dsk\u00e9ho \u00fa\u010dtu, ale nebudou v\u00e1m zasl\u00e1ny e-mailem.<\/p><p>Te\u010f u\u017e jen sta\u010d\u00ed po\u010dkat na losov\u00e1n\u00ed &#8211; dr\u017e\u00edme v\u00e1m palce a douf\u00e1me, \u017ee vyhrajete.<\/p><p>Pokud v\u00e1\u0161 tiket vyhraje, v\u017edy obdr\u017e\u00edte e-mailov\u00e9 ozn\u00e1men\u00ed. Dbejte na to, aby na\u0161e e-maily neskon\u010dily ve slo\u017ece \u201eSpam\u201c nebo \u201eNezn\u00e1m\u00e9\u201c!\u201c<\/p>","protected":false},"excerpt":{"rendered":"<p>\u00dasp\u011b\u0161n\u011b jste si zakoupili los nebo losy! Podrobnosti o va\u0161\u00ed objedn\u00e1vce najdete ve sv\u00e9m hr\u00e1\u010dsk\u00e9m \u00fa\u010dtu. Nejprve se p\u0159ihlaste a klikn\u011bte na \u201eMoje tikety\u201c. Upozor\u0148ujeme, \u017ee skenov\u00e1n\u00ed a nahr\u00e1v\u00e1n\u00ed tiketu s va\u0161imi \u010d\u00edsly m\u016f\u017ee chv\u00edli trvat. Skeny vstupenek budou nahr\u00e1ny do va\u0161eho hr\u00e1\u010dsk\u00e9ho \u00fa\u010dtu, ale nebudou v\u00e1m zasl\u00e1ny e-mailem. Te\u010f u\u017e jen sta\u010d\u00ed po\u010dkat na [&hellip;]<\/p>\n","protected":false},"author":1,"featured_media":0,"parent":0,"menu_order":19,"comment_status":"closed","ping_status":"closed","template":"wc_ThankYou.php","meta":{"_et_pb_use_builder":"","_et_pb_old_content":"","_et_gb_content_width":"","exclude_from_search":false,"footnotes":""},"class_list":["post-68283","page","type-page","status-publish","hentry"],"yoast_head":"<!-- This site is optimized with the Yoast SEO plugin v23.8 - https:\/\/yoast.com\/wordpress\/plugins\/seo\/ -->\n<title>\u00dasp\u011b\u0161n\u00fd n\u00e1kup<\/title>\n<meta name=\"robots\" content=\"index, follow, max-snippet:-1, max-image-preview:large, max-video-preview:-1\" \/>\n<link rel=\"canonical\" href=\"https:\/\/redfoxlotto.com\/cs\/purchase-success\/\" \/>\n<meta property=\"og:locale\" content=\"cs_CZ\" \/>\n<meta property=\"og:type\" content=\"article\" \/>\n<meta property=\"og:title\" content=\"\u00dasp\u011b\u0161n\u00fd n\u00e1kup\" \/>\n<meta property=\"og:description\" content=\"\u00dasp\u011b\u0161n\u011b jste si zakoupili los nebo losy! Podrobnosti o va\u0161\u00ed objedn\u00e1vce najdete ve sv\u00e9m hr\u00e1\u010dsk\u00e9m \u00fa\u010dtu. Nejprve se p\u0159ihlaste a klikn\u011bte na \u201eMoje tikety\u201c. Upozor\u0148ujeme, \u017ee skenov\u00e1n\u00ed a nahr\u00e1v\u00e1n\u00ed tiketu s va\u0161imi \u010d\u00edsly m\u016f\u017ee chv\u00edli trvat. Skeny vstupenek budou nahr\u00e1ny do va\u0161eho hr\u00e1\u010dsk\u00e9ho \u00fa\u010dtu, ale nebudou v\u00e1m zasl\u00e1ny e-mailem. Te\u010f u\u017e jen sta\u010d\u00ed po\u010dkat na [&hellip;]\" \/>\n<meta property=\"og:url\" content=\"https:\/\/redfoxlotto.com\/cs\/purchase-success\/\" \/>\n<meta property=\"og:site_name\" content=\"Get Tickets for the World\u2019s largest jackpots\" \/>\n<meta property=\"article:modified_time\" content=\"2024-11-24T17:26:50+00:00\" \/>\n<meta name=\"twitter:card\" content=\"summary_large_image\" \/>\n<meta name=\"twitter:label1\" content=\"Odhadovan\u00e1 doba \u010dten\u00ed\" \/>\n\t<meta name=\"twitter:data1\" content=\"1 minuta\" \/>\n<script type=\"application\/ld+json\" class=\"yoast-schema-graph\">{\"@context\":\"https:\/\/schema.org\",\"@graph\":[{\"@type\":\"WebPage\",\"@id\":\"https:\/\/redfoxlotto.com\/cs\/purchase-success\/\",\"url\":\"https:\/\/redfoxlotto.com\/cs\/purchase-success\/\",\"name\":\"\u00dasp\u011b\u0161n\u00fd n\u00e1kup\",\"isPartOf\":{\"@id\":\"https:\/\/redfoxlotto.com\/cs\/#website\"},\"datePublished\":\"2024-04-25T08:02:02+00:00\",\"dateModified\":\"2024-11-24T17:26:50+00:00\",\"breadcrumb\":{\"@id\":\"https:\/\/redfoxlotto.com\/cs\/purchase-success\/#breadcrumb\"},\"inLanguage\":\"cs\",\"potentialAction\":[{\"@type\":\"ReadAction\",\"target\":[\"https:\/\/redfoxlotto.com\/cs\/purchase-success\/\"]}]},{\"@type\":\"BreadcrumbList\",\"@id\":\"https:\/\/redfoxlotto.com\/cs\/purchase-success\/#breadcrumb\",\"itemListElement\":[{\"@type\":\"ListItem\",\"position\":1,\"name\":\"Home\",\"item\":\"https:\/\/redfoxlotto.com\/cs\/\"},{\"@type\":\"ListItem\",\"position\":2,\"name\":\"\u00dasp\u011b\u0161n\u00fd n\u00e1kup\"}]},{\"@type\":\"WebSite\",\"@id\":\"https:\/\/redfoxlotto.com\/cs\/#website\",\"url\":\"https:\/\/redfoxlotto.com\/cs\/\",\"name\":\"Get Tickets for the World\u2019s largest jackpots\",\"description\":\"Participate in worldwide lottery jackpots from any country\",\"publisher\":{\"@id\":\"https:\/\/redfoxlotto.com\/cs\/#organization\"},\"potentialAction\":[{\"@type\":\"SearchAction\",\"target\":{\"@type\":\"EntryPoint\",\"urlTemplate\":\"https:\/\/redfoxlotto.com\/cs\/?s={search_term_string}\"},\"query-input\":{\"@type\":\"PropertyValueSpecification\",\"valueRequired\":true,\"valueName\":\"search_term_string\"}}],\"inLanguage\":\"cs\"},{\"@type\":\"Organization\",\"@id\":\"https:\/\/redfoxlotto.com\/cs\/#organization\",\"name\":\"Get Tickets for the World\u2019s largest jackpots\",\"url\":\"https:\/\/redfoxlotto.com\/cs\/\",\"logo\":{\"@type\":\"ImageObject\",\"inLanguage\":\"cs\",\"@id\":\"https:\/\/redfoxlotto.com\/cs\/#\/schema\/logo\/image\/\",\"url\":\"https:\/\/redfoxlotto.com\/wp-content\/uploads\/2023\/04\/logo.png\",\"contentUrl\":\"https:\/\/redfoxlotto.com\/wp-content\/uploads\/2023\/04\/logo.png\",\"width\":269,\"height\":53,\"caption\":\"Get Tickets for the World\u2019s largest jackpots\"},\"image\":{\"@id\":\"https:\/\/redfoxlotto.com\/cs\/#\/schema\/logo\/image\/\"}}]}<\/script>\n<!-- \/ Yoast SEO plugin. -->","yoast_head_json":{"title":"\u00dasp\u011b\u0161n\u00fd n\u00e1kup","robots":{"index":"index","follow":"follow","max-snippet":"max-snippet:-1","max-image-preview":"max-image-preview:large","max-video-preview":"max-video-preview:-1"},"canonical":"https:\/\/redfoxlotto.com\/cs\/purchase-success\/","og_locale":"cs_CZ","og_type":"article","og_title":"\u00dasp\u011b\u0161n\u00fd n\u00e1kup","og_description":"\u00dasp\u011b\u0161n\u011b jste si zakoupili los nebo losy! Podrobnosti o va\u0161\u00ed objedn\u00e1vce najdete ve sv\u00e9m hr\u00e1\u010dsk\u00e9m \u00fa\u010dtu. Nejprve se p\u0159ihlaste a klikn\u011bte na \u201eMoje tikety\u201c. Upozor\u0148ujeme, \u017ee skenov\u00e1n\u00ed a nahr\u00e1v\u00e1n\u00ed tiketu s va\u0161imi \u010d\u00edsly m\u016f\u017ee chv\u00edli trvat. Skeny vstupenek budou nahr\u00e1ny do va\u0161eho hr\u00e1\u010dsk\u00e9ho \u00fa\u010dtu, ale nebudou v\u00e1m zasl\u00e1ny e-mailem. Te\u010f u\u017e jen sta\u010d\u00ed po\u010dkat na [&hellip;]","og_url":"https:\/\/redfoxlotto.com\/cs\/purchase-success\/","og_site_name":"Get Tickets for the World\u2019s largest jackpots","article_modified_time":"2024-11-24T17:26:50+00:00","twitter_card":"summary_large_image","twitter_misc":{"Odhadovan\u00e1 doba \u010dten\u00ed":"1 minuta"},"schema":{"@context":"https:\/\/schema.org","@graph":[{"@type":"WebPage","@id":"https:\/\/redfoxlotto.com\/cs\/purchase-success\/","url":"https:\/\/redfoxlotto.com\/cs\/purchase-success\/","name":"\u00dasp\u011b\u0161n\u00fd n\u00e1kup","isPartOf":{"@id":"https:\/\/redfoxlotto.com\/cs\/#website"},"datePublished":"2024-04-25T08:02:02+00:00","dateModified":"2024-11-24T17:26:50+00:00","breadcrumb":{"@id":"https:\/\/redfoxlotto.com\/cs\/purchase-success\/#breadcrumb"},"inLanguage":"cs","potentialAction":[{"@type":"ReadAction","target":["https:\/\/redfoxlotto.com\/cs\/purchase-success\/"]}]},{"@type":"BreadcrumbList","@id":"https:\/\/redfoxlotto.com\/cs\/purchase-success\/#breadcrumb","itemListElement":[{"@type":"ListItem","position":1,"name":"Home","item":"https:\/\/redfoxlotto.com\/cs\/"},{"@type":"ListItem","position":2,"name":"\u00dasp\u011b\u0161n\u00fd n\u00e1kup"}]},{"@type":"WebSite","@id":"https:\/\/redfoxlotto.com\/cs\/#website","url":"https:\/\/redfoxlotto.com\/cs\/","name":"Get Tickets for the World\u2019s largest jackpots","description":"Participate in worldwide lottery jackpots from any country","publisher":{"@id":"https:\/\/redfoxlotto.com\/cs\/#organization"},"potentialAction":[{"@type":"SearchAction","target":{"@type":"EntryPoint","urlTemplate":"https:\/\/redfoxlotto.com\/cs\/?s={search_term_string}"},"query-input":{"@type":"PropertyValueSpecification","valueRequired":true,"valueName":"search_term_string"}}],"inLanguage":"cs"},{"@type":"Organization","@id":"https:\/\/redfoxlotto.com\/cs\/#organization","name":"Get Tickets for the World\u2019s largest jackpots","url":"https:\/\/redfoxlotto.com\/cs\/","logo":{"@type":"ImageObject","inLanguage":"cs","@id":"https:\/\/redfoxlotto.com\/cs\/#\/schema\/logo\/image\/","url":"https:\/\/redfoxlotto.com\/wp-content\/uploads\/2023\/04\/logo.png","contentUrl":"https:\/\/redfoxlotto.com\/wp-content\/uploads\/2023\/04\/logo.png","width":269,"height":53,"caption":"Get Tickets for the World\u2019s largest jackpots"},"image":{"@id":"https:\/\/redfoxlotto.com\/cs\/#\/schema\/logo\/image\/"}}]}},"_links":{"self":[{"href":"https:\/\/redfoxlotto.com\/cs\/wp-json\/wp\/v2\/pages\/68283","targetHints":{"allow":["GET"]}}],"collection":[{"href":"https:\/\/redfoxlotto.com\/cs\/wp-json\/wp\/v2\/pages"}],"about":[{"href":"https:\/\/redfoxlotto.com\/cs\/wp-json\/wp\/v2\/types\/page"}],"author":[{"embeddable":true,"href":"https:\/\/redfoxlotto.com\/cs\/wp-json\/wp\/v2\/users\/1"}],"replies":[{"embeddable":true,"href":"https:\/\/redfoxlotto.com\/cs\/wp-json\/wp\/v2\/comments?post=68283"}],"version-history":[{"count":0,"href":"https:\/\/redfoxlotto.com\/cs\/wp-json\/wp\/v2\/pages\/68283\/revisions"}],"wp:attachment":[{"href":"https:\/\/redfoxlotto.com\/cs\/wp-json\/wp\/v2\/media?parent=68283"}],"curies":[{"name":"wp","href":"https:\/\/api.w.org\/{rel}","templated":true}]}}