{"id":6820,"date":"2023-04-24T18:24:48","date_gmt":"2023-04-24T18:24:48","guid":{"rendered":"https:\/\/redfoxlotto.com\/?page_id=6820"},"modified":"2025-12-11T08:10:05","modified_gmt":"2025-12-11T08:10:05","slug":"saturday-lotto-au","status":"publish","type":"page","link":"https:\/\/redfoxlotto.com\/cs\/hrat\/saturday-lotto-au\/","title":{"rendered":"Zahrajte si Saturday Lotto Australia"},"content":{"rendered":"<script type=\"application\/ld+json\">\r\n{\r\n  \"@context\": \"https:\/\/schema.org\",\r\n  \"@type\": \"Service\",\r\n  \"name\": \"Saturday Lotto Australia online\",\r\n  \"url\": \"https:\/\/redfoxlotto.com\/cs\/hrat\/saturday-lotto-au\/\",\r\n  \"description\": \"Zakupte ofici\u00e1ln\u00ed l\u00edstky Saturday Lotto Australia online prost\u0159ednictv\u00edm RedFoxLotto. Vyberte si sv\u00e1 \u010d\u00edsla a zapojte se do dal\u0161\u00edho losov\u00e1n\u00ed.\",\r\n  \"serviceType\": \"Online lottery ticket purchase\",\r\n\r\n  \"provider\": {\r\n    \"@type\": \"Organization\",\r\n    \"name\": \"RedFoxLotto\",\r\n    \"url\": \"https:\/\/redfoxlotto.com\",\r\n    \"logo\": \"https:\/\/redfoxlotto.com\/wp-content\/uploads\/logo.png\"\r\n  },\r\n\r\n  \"areaServed\": \"Worldwide\",\r\n  \"termsOfService\": \"https:\/\/redfoxlotto.com\/terms-and-conditions\",\r\n\r\n  \"hasOfferCatalog\": {\r\n    \"@type\": \"OfferCatalog\",\r\n    \"name\": \"Saturday Lotto Australia Offers\",\r\n    \"itemListElement\": [\r\n      {\r\n        \"@type\": \"Offer\",\r\n        \"name\": \"Lotto Saturday Lotto Australia Ticket\",\r\n        \"url\": \"https:\/\/redfoxlotto.com\/cs\/hrat\/saturday-lotto-au\/\",\r\n        \"description\": \"Jedno vstupn\u00e9 do dal\u0161\u00edho losov\u00e1n\u00ed Saturday Lotto Australia.\",\r\n        \"price\": \"1.50\",\r\n        \"priceCurrency\": \"EUR\",\r\n        \"availability\": \"https:\/\/schema.org\/InStock\",\r\n\r\n        \"itemOffered\": {\r\n          \"@type\": \"Service\",\r\n          \"name\": \"Saturday Lotto Australia Entry\",\r\n          \"description\": \"\u00da\u010dast v dal\u0161\u00edm losov\u00e1n\u00ed Saturday Lotto Australia prost\u0159ednictv\u00edm RedFoxLotto.\"\r\n        }\r\n      }\r\n    ]\r\n  },\r\n\r\n  \"mainEntityOfPage\": {\r\n    \"@type\": \"WebPage\",\r\n    \"@id\": \"https:\/\/redfoxlotto.com\/cs\/hrat\/saturday-lotto-au\/\"\r\n  }\r\n}\r\n<\/script>\r\n\r\n<p><img loading=\"lazy\" decoding=\"async\" class=\" wp-image alignright\" src=\"https:\/\/content.redfoxlotto.com\/uploads\/sites\/9\/2_ticket_saturday_lotto_au.jpg\" alt=\"Hr\u00e1t Sobotn\u00ed Lotto Austr\u00e1lie online\" width=\"178\" height=\"323\" \/><\/p><p>Vzd\u00e1lenost ji\u017e nen\u00ed p\u0159ek\u00e1\u017ekou pro hran\u00ed Saturday Lotto. Nejen hr\u00e1\u010di v Austr\u00e1lii, ale kdokoli z kter\u00e9koli \u010d\u00e1sti sv\u011bta se m\u016f\u017ee st\u00e1t sou\u010d\u00e1st\u00ed t\u00e9to loterie. V\u0161e, co pot\u0159ebujete, je za\u0159\u00edzen\u00ed, kter\u00e9 m\u00e1 p\u0159\u00edstup na internet, a m\u016f\u017eete b\u00fdt dal\u0161\u00edm v\u00fdhercem jackpot\u016f v australsk\u00e9 Saturday Lotto.<\/p><h2 class=\"wp-block-heading\">Jak hr\u00e1t online<\/h2><p>Sta\u010d\u00ed si otev\u0159\u00edt \u00fa\u010det u RedFoxLotto, vybrat 6 sv\u00fdch obl\u00edben\u00fdch \u010d\u00edsel ze 45, nebo m\u016f\u017eete tak\u00e9 pou\u017e\u00edt mo\u017enost rychl\u00e9ho v\u00fdb\u011bru, kde jsou pro V\u00e1s \u010d\u00edsla n\u00e1hodn\u011b vybr\u00e1na a pot\u00e9 bude Va\u0161e rezervace rezervov\u00e1na a zaznamen\u00e1na. Pot\u00e9, co hrajete, dostanete tak\u00e9 e-mailov\u00e9 upozorn\u011bn\u00ed potvrzuj\u00edc\u00ed V\u00e1\u0161 rezervovan\u00fd tiket.<\/p><p><img loading=\"lazy\" decoding=\"async\" class=\" wp-image alignright\" src=\"https:\/\/content.redfoxlotto.com\/uploads\/sites\/9\/1_lotto_jackpot_online.jpg\" alt=\"Austr\u00e1lie loterie sobota\" width=\"257\" height=\"300\" \/><\/p><p>Platba za tiket je stejn\u011b snadn\u00e1 jako v\u00fdb\u011br \u010d\u00edsel, proto\u017ee existuje n\u011bkolik platebn\u00edch mo\u017enost\u00ed, kter\u00e9 mohou u\u017eivatel\u00e9 vyu\u017e\u00edt.<\/p><p>Slosov\u00e1n\u00ed hry Saturday Lotto se kon\u00e1 ka\u017edou sobotn\u00ed noc a hraje se o 8 \u010d\u00edsel. Prvn\u00edch 6 \u010d\u00edsel jsou hlavn\u00ed \u010d\u00edsla a pou\u017e\u00edvaj\u00ed se p\u0159i ur\u010dov\u00e1n\u00ed v\u00edt\u011bz\u016f hlavn\u00ed ceny. Zb\u00fdvaj\u00edc\u00ed 2 \u010d\u00edsla jsou dodatkov\u00e1 \u010d\u00edsla a slou\u017e\u00ed k ur\u010den\u00ed dal\u0161\u00edch men\u0161\u00edch kategori\u00ed v\u00fdher.<\/p>","protected":false},"excerpt":{"rendered":"<p>Vzd\u00e1lenost ji\u017e nen\u00ed p\u0159ek\u00e1\u017ekou pro hran\u00ed Saturday Lotto. Nejen hr\u00e1\u010di v Austr\u00e1lii, ale kdokoli z kter\u00e9koli \u010d\u00e1sti sv\u011bta se m\u016f\u017ee st\u00e1t sou\u010d\u00e1st\u00ed t\u00e9to loterie. V\u0161e, co pot\u0159ebujete, je za\u0159\u00edzen\u00ed, kter\u00e9 m\u00e1 p\u0159\u00edstup na internet, a m\u016f\u017eete b\u00fdt dal\u0161\u00edm v\u00fdhercem jackpot\u016f v australsk\u00e9 Saturday Lotto. Jak hr\u00e1t online Sta\u010d\u00ed si otev\u0159\u00edt \u00fa\u010det u RedFoxLotto, vybrat 6 [&hellip;]<\/p>\n","protected":false},"author":1,"featured_media":0,"parent":5784,"menu_order":20,"comment_status":"closed","ping_status":"closed","template":"saturday-lotto.php","meta":{"_et_pb_use_builder":"","_et_pb_old_content":"","_et_gb_content_width":"","exclude_from_search":false,"footnotes":""},"class_list":["post-6820","page","type-page","status-publish","hentry"],"yoast_head":"<!-- This site is optimized with the Yoast SEO plugin v27.4 - https:\/\/yoast.com\/product\/yoast-seo-wordpress\/ -->\n<title>Zahrajte si Saturday Lotto online | Jedna z nejv\u011bt\u0161\u00edch australsk\u00fdch loteri\u00ed<\/title>\n<meta name=\"description\" content=\"Rezervujte si tikety online a zahrajte si v australsk\u00e9 Saturday Lotto.\" \/>\n<meta name=\"robots\" content=\"index, follow, max-snippet:-1, max-image-preview:large, max-video-preview:-1\" \/>\n<link rel=\"canonical\" href=\"https:\/\/redfoxlotto.com\/cs\/hrat\/saturday-lotto-au\/\" \/>\n<meta property=\"og:locale\" content=\"cs_CZ\" \/>\n<meta property=\"og:type\" content=\"article\" \/>\n<meta property=\"og:title\" content=\"Zahrajte si Saturday Lotto online | Jedna z nejv\u011bt\u0161\u00edch australsk\u00fdch loteri\u00ed\" \/>\n<meta property=\"og:description\" content=\"Rezervujte si tikety online a zahrajte si v australsk\u00e9 Saturday Lotto.\" \/>\n<meta property=\"og:url\" content=\"https:\/\/redfoxlotto.com\/cs\/hrat\/saturday-lotto-au\/\" \/>\n<meta property=\"og:site_name\" content=\"Get Tickets for the World\u2019s largest jackpots\" \/>\n<meta property=\"article:modified_time\" content=\"2025-12-11T08:10:05+00:00\" \/>\n<meta property=\"og:image\" content=\"https:\/\/content.redfoxlotto.com\/uploads\/sites\/9\/2_ticket_saturday_lotto_au.jpg\" \/>\n<meta name=\"twitter:card\" content=\"summary_large_image\" \/>\n<meta name=\"twitter:label1\" content=\"Odhadovan\u00e1 doba \u010dten\u00ed\" \/>\n\t<meta name=\"twitter:data1\" content=\"2 minuty\" \/>\n<script type=\"application\/ld+json\" class=\"yoast-schema-graph\">{\"@context\":\"https:\\\/\\\/schema.org\",\"@graph\":[{\"@type\":\"WebPage\",\"@id\":\"https:\\\/\\\/redfoxlotto.com\\\/cs\\\/hrat\\\/saturday-lotto-au\\\/\",\"url\":\"https:\\\/\\\/redfoxlotto.com\\\/cs\\\/hrat\\\/saturday-lotto-au\\\/\",\"name\":\"Zahrajte si Saturday Lotto online | Jedna z nejv\u011bt\u0161\u00edch australsk\u00fdch loteri\u00ed\",\"isPartOf\":{\"@id\":\"https:\\\/\\\/redfoxlotto.com\\\/cs\\\/#website\"},\"primaryImageOfPage\":{\"@id\":\"https:\\\/\\\/redfoxlotto.com\\\/cs\\\/hrat\\\/saturday-lotto-au\\\/#primaryimage\"},\"image\":{\"@id\":\"https:\\\/\\\/redfoxlotto.com\\\/cs\\\/hrat\\\/saturday-lotto-au\\\/#primaryimage\"},\"thumbnailUrl\":\"https:\\\/\\\/content.redfoxlotto.com\\\/uploads\\\/sites\\\/9\\\/2_ticket_saturday_lotto_au.jpg\",\"datePublished\":\"2023-04-24T18:24:48+00:00\",\"dateModified\":\"2025-12-11T08:10:05+00:00\",\"description\":\"Rezervujte si tikety online a zahrajte si v australsk\u00e9 Saturday Lotto.\",\"breadcrumb\":{\"@id\":\"https:\\\/\\\/redfoxlotto.com\\\/cs\\\/hrat\\\/saturday-lotto-au\\\/#breadcrumb\"},\"inLanguage\":\"cs\",\"potentialAction\":[{\"@type\":\"ReadAction\",\"target\":[\"https:\\\/\\\/redfoxlotto.com\\\/cs\\\/hrat\\\/saturday-lotto-au\\\/\"]}]},{\"@type\":\"ImageObject\",\"inLanguage\":\"cs\",\"@id\":\"https:\\\/\\\/redfoxlotto.com\\\/cs\\\/hrat\\\/saturday-lotto-au\\\/#primaryimage\",\"url\":\"https:\\\/\\\/content.redfoxlotto.com\\\/uploads\\\/sites\\\/9\\\/2_ticket_saturday_lotto_au.jpg\",\"contentUrl\":\"https:\\\/\\\/content.redfoxlotto.com\\\/uploads\\\/sites\\\/9\\\/2_ticket_saturday_lotto_au.jpg\"},{\"@type\":\"BreadcrumbList\",\"@id\":\"https:\\\/\\\/redfoxlotto.com\\\/cs\\\/hrat\\\/saturday-lotto-au\\\/#breadcrumb\",\"itemListElement\":[{\"@type\":\"ListItem\",\"position\":1,\"name\":\"Home\",\"item\":\"https:\\\/\\\/redfoxlotto.com\\\/cs\\\/\"},{\"@type\":\"ListItem\",\"position\":2,\"name\":\"Jak hr\u00e1t\",\"item\":\"https:\\\/\\\/redfoxlotto.com\\\/cs\\\/hrat\\\/\"},{\"@type\":\"ListItem\",\"position\":3,\"name\":\"Zahrajte si Saturday Lotto Australia\"}]},{\"@type\":\"WebSite\",\"@id\":\"https:\\\/\\\/redfoxlotto.com\\\/cs\\\/#website\",\"url\":\"https:\\\/\\\/redfoxlotto.com\\\/cs\\\/\",\"name\":\"Get Tickets for the World\u2019s largest jackpots\",\"description\":\"Participate in worldwide lottery jackpots from any country\",\"publisher\":{\"@id\":\"https:\\\/\\\/redfoxlotto.com\\\/cs\\\/#organization\"},\"potentialAction\":[{\"@type\":\"SearchAction\",\"target\":{\"@type\":\"EntryPoint\",\"urlTemplate\":\"https:\\\/\\\/redfoxlotto.com\\\/cs\\\/?s={search_term_string}\"},\"query-input\":{\"@type\":\"PropertyValueSpecification\",\"valueRequired\":true,\"valueName\":\"search_term_string\"}}],\"inLanguage\":\"cs\"},{\"@type\":\"Organization\",\"@id\":\"https:\\\/\\\/redfoxlotto.com\\\/cs\\\/#organization\",\"name\":\"Get Tickets for the World\u2019s largest jackpots\",\"url\":\"https:\\\/\\\/redfoxlotto.com\\\/cs\\\/\",\"logo\":{\"@type\":\"ImageObject\",\"inLanguage\":\"cs\",\"@id\":\"https:\\\/\\\/redfoxlotto.com\\\/cs\\\/#\\\/schema\\\/logo\\\/image\\\/\",\"url\":\"https:\\\/\\\/redfoxlotto.com\\\/wp-content\\\/uploads\\\/2023\\\/04\\\/logo.png\",\"contentUrl\":\"https:\\\/\\\/redfoxlotto.com\\\/wp-content\\\/uploads\\\/2023\\\/04\\\/logo.png\",\"width\":269,\"height\":53,\"caption\":\"Get Tickets for the World\u2019s largest jackpots\"},\"image\":{\"@id\":\"https:\\\/\\\/redfoxlotto.com\\\/cs\\\/#\\\/schema\\\/logo\\\/image\\\/\"}}]}<\/script>\n<!-- \/ Yoast SEO plugin. -->","yoast_head_json":{"title":"Zahrajte si Saturday Lotto online | Jedna z nejv\u011bt\u0161\u00edch australsk\u00fdch loteri\u00ed","description":"Rezervujte si tikety online a zahrajte si v australsk\u00e9 Saturday Lotto.","robots":{"index":"index","follow":"follow","max-snippet":"max-snippet:-1","max-image-preview":"max-image-preview:large","max-video-preview":"max-video-preview:-1"},"canonical":"https:\/\/redfoxlotto.com\/cs\/hrat\/saturday-lotto-au\/","og_locale":"cs_CZ","og_type":"article","og_title":"Zahrajte si Saturday Lotto online | Jedna z nejv\u011bt\u0161\u00edch australsk\u00fdch loteri\u00ed","og_description":"Rezervujte si tikety online a zahrajte si v australsk\u00e9 Saturday Lotto.","og_url":"https:\/\/redfoxlotto.com\/cs\/hrat\/saturday-lotto-au\/","og_site_name":"Get Tickets for the World\u2019s largest jackpots","article_modified_time":"2025-12-11T08:10:05+00:00","og_image":[{"url":"https:\/\/content.redfoxlotto.com\/uploads\/sites\/9\/2_ticket_saturday_lotto_au.jpg","type":"","width":"","height":""}],"twitter_card":"summary_large_image","twitter_misc":{"Odhadovan\u00e1 doba \u010dten\u00ed":"2 minuty"},"schema":{"@context":"https:\/\/schema.org","@graph":[{"@type":"WebPage","@id":"https:\/\/redfoxlotto.com\/cs\/hrat\/saturday-lotto-au\/","url":"https:\/\/redfoxlotto.com\/cs\/hrat\/saturday-lotto-au\/","name":"Zahrajte si Saturday Lotto online | Jedna z nejv\u011bt\u0161\u00edch australsk\u00fdch loteri\u00ed","isPartOf":{"@id":"https:\/\/redfoxlotto.com\/cs\/#website"},"primaryImageOfPage":{"@id":"https:\/\/redfoxlotto.com\/cs\/hrat\/saturday-lotto-au\/#primaryimage"},"image":{"@id":"https:\/\/redfoxlotto.com\/cs\/hrat\/saturday-lotto-au\/#primaryimage"},"thumbnailUrl":"https:\/\/content.redfoxlotto.com\/uploads\/sites\/9\/2_ticket_saturday_lotto_au.jpg","datePublished":"2023-04-24T18:24:48+00:00","dateModified":"2025-12-11T08:10:05+00:00","description":"Rezervujte si tikety online a zahrajte si v australsk\u00e9 Saturday Lotto.","breadcrumb":{"@id":"https:\/\/redfoxlotto.com\/cs\/hrat\/saturday-lotto-au\/#breadcrumb"},"inLanguage":"cs","potentialAction":[{"@type":"ReadAction","target":["https:\/\/redfoxlotto.com\/cs\/hrat\/saturday-lotto-au\/"]}]},{"@type":"ImageObject","inLanguage":"cs","@id":"https:\/\/redfoxlotto.com\/cs\/hrat\/saturday-lotto-au\/#primaryimage","url":"https:\/\/content.redfoxlotto.com\/uploads\/sites\/9\/2_ticket_saturday_lotto_au.jpg","contentUrl":"https:\/\/content.redfoxlotto.com\/uploads\/sites\/9\/2_ticket_saturday_lotto_au.jpg"},{"@type":"BreadcrumbList","@id":"https:\/\/redfoxlotto.com\/cs\/hrat\/saturday-lotto-au\/#breadcrumb","itemListElement":[{"@type":"ListItem","position":1,"name":"Home","item":"https:\/\/redfoxlotto.com\/cs\/"},{"@type":"ListItem","position":2,"name":"Jak hr\u00e1t","item":"https:\/\/redfoxlotto.com\/cs\/hrat\/"},{"@type":"ListItem","position":3,"name":"Zahrajte si Saturday Lotto Australia"}]},{"@type":"WebSite","@id":"https:\/\/redfoxlotto.com\/cs\/#website","url":"https:\/\/redfoxlotto.com\/cs\/","name":"Get Tickets for the World\u2019s largest jackpots","description":"Participate in worldwide lottery jackpots from any country","publisher":{"@id":"https:\/\/redfoxlotto.com\/cs\/#organization"},"potentialAction":[{"@type":"SearchAction","target":{"@type":"EntryPoint","urlTemplate":"https:\/\/redfoxlotto.com\/cs\/?s={search_term_string}"},"query-input":{"@type":"PropertyValueSpecification","valueRequired":true,"valueName":"search_term_string"}}],"inLanguage":"cs"},{"@type":"Organization","@id":"https:\/\/redfoxlotto.com\/cs\/#organization","name":"Get Tickets for the World\u2019s largest jackpots","url":"https:\/\/redfoxlotto.com\/cs\/","logo":{"@type":"ImageObject","inLanguage":"cs","@id":"https:\/\/redfoxlotto.com\/cs\/#\/schema\/logo\/image\/","url":"https:\/\/redfoxlotto.com\/wp-content\/uploads\/2023\/04\/logo.png","contentUrl":"https:\/\/redfoxlotto.com\/wp-content\/uploads\/2023\/04\/logo.png","width":269,"height":53,"caption":"Get Tickets for the World\u2019s largest jackpots"},"image":{"@id":"https:\/\/redfoxlotto.com\/cs\/#\/schema\/logo\/image\/"}}]}},"_links":{"self":[{"href":"https:\/\/redfoxlotto.com\/cs\/wp-json\/wp\/v2\/pages\/6820","targetHints":{"allow":["GET"]}}],"collection":[{"href":"https:\/\/redfoxlotto.com\/cs\/wp-json\/wp\/v2\/pages"}],"about":[{"href":"https:\/\/redfoxlotto.com\/cs\/wp-json\/wp\/v2\/types\/page"}],"author":[{"embeddable":true,"href":"https:\/\/redfoxlotto.com\/cs\/wp-json\/wp\/v2\/users\/1"}],"replies":[{"embeddable":true,"href":"https:\/\/redfoxlotto.com\/cs\/wp-json\/wp\/v2\/comments?post=6820"}],"version-history":[{"count":0,"href":"https:\/\/redfoxlotto.com\/cs\/wp-json\/wp\/v2\/pages\/6820\/revisions"}],"up":[{"embeddable":true,"href":"https:\/\/redfoxlotto.com\/cs\/wp-json\/wp\/v2\/pages\/5784"}],"wp:attachment":[{"href":"https:\/\/redfoxlotto.com\/cs\/wp-json\/wp\/v2\/media?parent=6820"}],"curies":[{"name":"wp","href":"https:\/\/api.w.org\/{rel}","templated":true}]}}