{"id":6794,"date":"2018-11-18T08:54:25","date_gmt":"2018-11-18T08:54:25","guid":{"rendered":"https:\/\/redfoxlotto.com\/?page_id=6794"},"modified":"2023-05-15T13:29:11","modified_gmt":"2023-05-15T13:29:11","slug":"powerball-au","status":"publish","type":"page","link":"https:\/\/redfoxlotto.com\/cs\/loterie\/powerball-au\/","title":{"rendered":"O h\u0159e Powerball Australia"},"content":{"rendered":"<p>Australsk\u00fd Powerball je loterie v Austr\u00e1lii. Provoz <a href=\"https:\/\/redfoxlotto.com\/cs\/loterie\/powerball\/\">Powerball <\/a>\u0159\u00edd\u00ed skupina zn\u00e1m\u00e1 jako Tattsova skupina. Losov\u00e1n\u00ed Powerball se prov\u00e1d\u00ed ka\u017ed\u00fd \u010dtvrtek ve 21:00 AEST. 7 \u010d\u00edsel je ta\u017eeno z jednoho fondu obsahuj\u00edc\u00edho \u010d\u00edsla 1-35, zat\u00edmco jedno \u010d\u00edslo Powerball je ta\u017eeno z jin\u00e9ho fondu obsahuj\u00edc\u00edho \u010d\u00edsla 1-20.<\/p><p><!--more--><\/p><p>Tikety na Australsk\u00fd Powerball lze z\u00edskat bu\u010f fyzicky, nebo online, tak\u017ee nejsou \u017e\u00e1dn\u00e1 omezen\u00ed pro \u00fa\u010dast v loterii, proto\u017ee tiket m\u016f\u017eete z\u00edskat odkudkoli na sv\u011bt\u011b.<\/p><p><img loading=\"lazy\" decoding=\"async\" class=\" wp-image alignright\" src=\"https:\/\/content.redfoxlotto.com\/uploads\/sites\/9\/2_ticket_powerball_au2.jpg\" alt=\"Powerball Australia\" width=\"104\" height=\"191\" \/><!--more--><\/p><p>Ned\u00e1vno se stala historick\u00e1 ud\u00e1lost v australsk\u00e9 loterii Powerball, proto\u017ee maminka ze Sydney vyhr\u00e1la nejv\u011bt\u0161\u00ed individu\u00e1ln\u00ed cenu 107 milion\u016f dolar\u016f v historii Powerball.<\/p>","protected":false},"excerpt":{"rendered":"<p>Australsk\u00fd Powerball je loterie v Austr\u00e1lii. Provoz Powerball \u0159\u00edd\u00ed skupina zn\u00e1m\u00e1 jako Tattsova skupina. Losov\u00e1n\u00ed Powerball se prov\u00e1d\u00ed ka\u017ed\u00fd \u010dtvrtek ve 21:00 AEST. 7 \u010d\u00edsel je ta\u017eeno z jednoho fondu obsahuj\u00edc\u00edho \u010d\u00edsla 1-35, zat\u00edmco jedno \u010d\u00edslo Powerball je ta\u017eeno z jin\u00e9ho fondu obsahuj\u00edc\u00edho \u010d\u00edsla 1-20.<\/p>\n","protected":false},"author":1,"featured_media":0,"parent":5766,"menu_order":20,"comment_status":"closed","ping_status":"closed","template":"powerball-au-info.php","meta":{"_et_pb_use_builder":"","_et_pb_old_content":"","_et_gb_content_width":"","exclude_from_search":false,"footnotes":""},"class_list":["post-6794","page","type-page","status-publish","hentry"],"yoast_head":"<!-- This site is optimized with the Yoast SEO plugin v27.3 - https:\/\/yoast.com\/product\/yoast-seo-wordpress\/ -->\n<title>Co pot\u0159ebujete v\u011bd\u011bt, abyste mohli hr\u00e1t australsk\u00fd Powerball<\/title>\n<meta name=\"description\" content=\"Australsk\u00fd Powerball se m\u016f\u017ee pochlubit n\u011bkter\u00fdmi z nejv\u011bt\u0161\u00edch jackpot\u016f - v\u00edce informac\u00ed zde\" \/>\n<meta name=\"robots\" content=\"index, follow, max-snippet:-1, max-image-preview:large, max-video-preview:-1\" \/>\n<link rel=\"canonical\" href=\"https:\/\/redfoxlotto.com\/cs\/loterie\/powerball-au\/\" \/>\n<meta property=\"og:locale\" content=\"cs_CZ\" \/>\n<meta property=\"og:type\" content=\"article\" \/>\n<meta property=\"og:title\" content=\"Co pot\u0159ebujete v\u011bd\u011bt, abyste mohli hr\u00e1t australsk\u00fd Powerball\" \/>\n<meta property=\"og:description\" content=\"Australsk\u00fd Powerball se m\u016f\u017ee pochlubit n\u011bkter\u00fdmi z nejv\u011bt\u0161\u00edch jackpot\u016f - v\u00edce informac\u00ed zde\" \/>\n<meta property=\"og:url\" content=\"https:\/\/redfoxlotto.com\/cs\/loterie\/powerball-au\/\" \/>\n<meta property=\"og:site_name\" content=\"Get Tickets for the World\u2019s largest jackpots\" \/>\n<meta property=\"article:modified_time\" content=\"2023-05-15T13:29:11+00:00\" \/>\n<meta property=\"og:image\" content=\"https:\/\/content.redfoxlotto.com\/uploads\/sites\/9\/2_ticket_powerball_au2.jpg\" \/>\n<meta name=\"twitter:card\" content=\"summary_large_image\" \/>\n<meta name=\"twitter:label1\" content=\"Odhadovan\u00e1 doba \u010dten\u00ed\" \/>\n\t<meta name=\"twitter:data1\" content=\"1 minuta\" \/>\n<script type=\"application\/ld+json\" class=\"yoast-schema-graph\">{\"@context\":\"https:\\\/\\\/schema.org\",\"@graph\":[{\"@type\":\"WebPage\",\"@id\":\"https:\\\/\\\/redfoxlotto.com\\\/cs\\\/loterie\\\/powerball-au\\\/\",\"url\":\"https:\\\/\\\/redfoxlotto.com\\\/cs\\\/loterie\\\/powerball-au\\\/\",\"name\":\"Co pot\u0159ebujete v\u011bd\u011bt, abyste mohli hr\u00e1t australsk\u00fd Powerball\",\"isPartOf\":{\"@id\":\"https:\\\/\\\/redfoxlotto.com\\\/cs\\\/#website\"},\"primaryImageOfPage\":{\"@id\":\"https:\\\/\\\/redfoxlotto.com\\\/cs\\\/loterie\\\/powerball-au\\\/#primaryimage\"},\"image\":{\"@id\":\"https:\\\/\\\/redfoxlotto.com\\\/cs\\\/loterie\\\/powerball-au\\\/#primaryimage\"},\"thumbnailUrl\":\"https:\\\/\\\/content.redfoxlotto.com\\\/uploads\\\/sites\\\/9\\\/2_ticket_powerball_au2.jpg\",\"datePublished\":\"2018-11-18T08:54:25+00:00\",\"dateModified\":\"2023-05-15T13:29:11+00:00\",\"description\":\"Australsk\u00fd Powerball se m\u016f\u017ee pochlubit n\u011bkter\u00fdmi z nejv\u011bt\u0161\u00edch jackpot\u016f - v\u00edce informac\u00ed zde\",\"breadcrumb\":{\"@id\":\"https:\\\/\\\/redfoxlotto.com\\\/cs\\\/loterie\\\/powerball-au\\\/#breadcrumb\"},\"inLanguage\":\"cs\",\"potentialAction\":[{\"@type\":\"ReadAction\",\"target\":[\"https:\\\/\\\/redfoxlotto.com\\\/cs\\\/loterie\\\/powerball-au\\\/\"]}]},{\"@type\":\"ImageObject\",\"inLanguage\":\"cs\",\"@id\":\"https:\\\/\\\/redfoxlotto.com\\\/cs\\\/loterie\\\/powerball-au\\\/#primaryimage\",\"url\":\"https:\\\/\\\/content.redfoxlotto.com\\\/uploads\\\/sites\\\/9\\\/2_ticket_powerball_au2.jpg\",\"contentUrl\":\"https:\\\/\\\/content.redfoxlotto.com\\\/uploads\\\/sites\\\/9\\\/2_ticket_powerball_au2.jpg\"},{\"@type\":\"BreadcrumbList\",\"@id\":\"https:\\\/\\\/redfoxlotto.com\\\/cs\\\/loterie\\\/powerball-au\\\/#breadcrumb\",\"itemListElement\":[{\"@type\":\"ListItem\",\"position\":1,\"name\":\"Home\",\"item\":\"https:\\\/\\\/redfoxlotto.com\\\/cs\\\/\"},{\"@type\":\"ListItem\",\"position\":2,\"name\":\"Jak\u00fdm zp\u016fsobem zakoupit online loterijn\u00ed tikety \u2013 kupn\u00ed proces\",\"item\":\"https:\\\/\\\/redfoxlotto.com\\\/cs\\\/loterie\\\/\"},{\"@type\":\"ListItem\",\"position\":3,\"name\":\"O h\u0159e Powerball Australia\"}]},{\"@type\":\"WebSite\",\"@id\":\"https:\\\/\\\/redfoxlotto.com\\\/cs\\\/#website\",\"url\":\"https:\\\/\\\/redfoxlotto.com\\\/cs\\\/\",\"name\":\"Get Tickets for the World\u2019s largest jackpots\",\"description\":\"Participate in worldwide lottery jackpots from any country\",\"publisher\":{\"@id\":\"https:\\\/\\\/redfoxlotto.com\\\/cs\\\/#organization\"},\"potentialAction\":[{\"@type\":\"SearchAction\",\"target\":{\"@type\":\"EntryPoint\",\"urlTemplate\":\"https:\\\/\\\/redfoxlotto.com\\\/cs\\\/?s={search_term_string}\"},\"query-input\":{\"@type\":\"PropertyValueSpecification\",\"valueRequired\":true,\"valueName\":\"search_term_string\"}}],\"inLanguage\":\"cs\"},{\"@type\":\"Organization\",\"@id\":\"https:\\\/\\\/redfoxlotto.com\\\/cs\\\/#organization\",\"name\":\"Get Tickets for the World\u2019s largest jackpots\",\"url\":\"https:\\\/\\\/redfoxlotto.com\\\/cs\\\/\",\"logo\":{\"@type\":\"ImageObject\",\"inLanguage\":\"cs\",\"@id\":\"https:\\\/\\\/redfoxlotto.com\\\/cs\\\/#\\\/schema\\\/logo\\\/image\\\/\",\"url\":\"https:\\\/\\\/redfoxlotto.com\\\/wp-content\\\/uploads\\\/2023\\\/04\\\/logo.png\",\"contentUrl\":\"https:\\\/\\\/redfoxlotto.com\\\/wp-content\\\/uploads\\\/2023\\\/04\\\/logo.png\",\"width\":269,\"height\":53,\"caption\":\"Get Tickets for the World\u2019s largest jackpots\"},\"image\":{\"@id\":\"https:\\\/\\\/redfoxlotto.com\\\/cs\\\/#\\\/schema\\\/logo\\\/image\\\/\"}}]}<\/script>\n<!-- \/ Yoast SEO plugin. -->","yoast_head_json":{"title":"Co pot\u0159ebujete v\u011bd\u011bt, abyste mohli hr\u00e1t australsk\u00fd Powerball","description":"Australsk\u00fd Powerball se m\u016f\u017ee pochlubit n\u011bkter\u00fdmi z nejv\u011bt\u0161\u00edch jackpot\u016f - v\u00edce informac\u00ed zde","robots":{"index":"index","follow":"follow","max-snippet":"max-snippet:-1","max-image-preview":"max-image-preview:large","max-video-preview":"max-video-preview:-1"},"canonical":"https:\/\/redfoxlotto.com\/cs\/loterie\/powerball-au\/","og_locale":"cs_CZ","og_type":"article","og_title":"Co pot\u0159ebujete v\u011bd\u011bt, abyste mohli hr\u00e1t australsk\u00fd Powerball","og_description":"Australsk\u00fd Powerball se m\u016f\u017ee pochlubit n\u011bkter\u00fdmi z nejv\u011bt\u0161\u00edch jackpot\u016f - v\u00edce informac\u00ed zde","og_url":"https:\/\/redfoxlotto.com\/cs\/loterie\/powerball-au\/","og_site_name":"Get Tickets for the World\u2019s largest jackpots","article_modified_time":"2023-05-15T13:29:11+00:00","og_image":[{"url":"https:\/\/content.redfoxlotto.com\/uploads\/sites\/9\/2_ticket_powerball_au2.jpg","type":"","width":"","height":""}],"twitter_card":"summary_large_image","twitter_misc":{"Odhadovan\u00e1 doba \u010dten\u00ed":"1 minuta"},"schema":{"@context":"https:\/\/schema.org","@graph":[{"@type":"WebPage","@id":"https:\/\/redfoxlotto.com\/cs\/loterie\/powerball-au\/","url":"https:\/\/redfoxlotto.com\/cs\/loterie\/powerball-au\/","name":"Co pot\u0159ebujete v\u011bd\u011bt, abyste mohli hr\u00e1t australsk\u00fd Powerball","isPartOf":{"@id":"https:\/\/redfoxlotto.com\/cs\/#website"},"primaryImageOfPage":{"@id":"https:\/\/redfoxlotto.com\/cs\/loterie\/powerball-au\/#primaryimage"},"image":{"@id":"https:\/\/redfoxlotto.com\/cs\/loterie\/powerball-au\/#primaryimage"},"thumbnailUrl":"https:\/\/content.redfoxlotto.com\/uploads\/sites\/9\/2_ticket_powerball_au2.jpg","datePublished":"2018-11-18T08:54:25+00:00","dateModified":"2023-05-15T13:29:11+00:00","description":"Australsk\u00fd Powerball se m\u016f\u017ee pochlubit n\u011bkter\u00fdmi z nejv\u011bt\u0161\u00edch jackpot\u016f - v\u00edce informac\u00ed zde","breadcrumb":{"@id":"https:\/\/redfoxlotto.com\/cs\/loterie\/powerball-au\/#breadcrumb"},"inLanguage":"cs","potentialAction":[{"@type":"ReadAction","target":["https:\/\/redfoxlotto.com\/cs\/loterie\/powerball-au\/"]}]},{"@type":"ImageObject","inLanguage":"cs","@id":"https:\/\/redfoxlotto.com\/cs\/loterie\/powerball-au\/#primaryimage","url":"https:\/\/content.redfoxlotto.com\/uploads\/sites\/9\/2_ticket_powerball_au2.jpg","contentUrl":"https:\/\/content.redfoxlotto.com\/uploads\/sites\/9\/2_ticket_powerball_au2.jpg"},{"@type":"BreadcrumbList","@id":"https:\/\/redfoxlotto.com\/cs\/loterie\/powerball-au\/#breadcrumb","itemListElement":[{"@type":"ListItem","position":1,"name":"Home","item":"https:\/\/redfoxlotto.com\/cs\/"},{"@type":"ListItem","position":2,"name":"Jak\u00fdm zp\u016fsobem zakoupit online loterijn\u00ed tikety \u2013 kupn\u00ed proces","item":"https:\/\/redfoxlotto.com\/cs\/loterie\/"},{"@type":"ListItem","position":3,"name":"O h\u0159e Powerball Australia"}]},{"@type":"WebSite","@id":"https:\/\/redfoxlotto.com\/cs\/#website","url":"https:\/\/redfoxlotto.com\/cs\/","name":"Get Tickets for the World\u2019s largest jackpots","description":"Participate in worldwide lottery jackpots from any country","publisher":{"@id":"https:\/\/redfoxlotto.com\/cs\/#organization"},"potentialAction":[{"@type":"SearchAction","target":{"@type":"EntryPoint","urlTemplate":"https:\/\/redfoxlotto.com\/cs\/?s={search_term_string}"},"query-input":{"@type":"PropertyValueSpecification","valueRequired":true,"valueName":"search_term_string"}}],"inLanguage":"cs"},{"@type":"Organization","@id":"https:\/\/redfoxlotto.com\/cs\/#organization","name":"Get Tickets for the World\u2019s largest jackpots","url":"https:\/\/redfoxlotto.com\/cs\/","logo":{"@type":"ImageObject","inLanguage":"cs","@id":"https:\/\/redfoxlotto.com\/cs\/#\/schema\/logo\/image\/","url":"https:\/\/redfoxlotto.com\/wp-content\/uploads\/2023\/04\/logo.png","contentUrl":"https:\/\/redfoxlotto.com\/wp-content\/uploads\/2023\/04\/logo.png","width":269,"height":53,"caption":"Get Tickets for the World\u2019s largest jackpots"},"image":{"@id":"https:\/\/redfoxlotto.com\/cs\/#\/schema\/logo\/image\/"}}]}},"_links":{"self":[{"href":"https:\/\/redfoxlotto.com\/cs\/wp-json\/wp\/v2\/pages\/6794","targetHints":{"allow":["GET"]}}],"collection":[{"href":"https:\/\/redfoxlotto.com\/cs\/wp-json\/wp\/v2\/pages"}],"about":[{"href":"https:\/\/redfoxlotto.com\/cs\/wp-json\/wp\/v2\/types\/page"}],"author":[{"embeddable":true,"href":"https:\/\/redfoxlotto.com\/cs\/wp-json\/wp\/v2\/users\/1"}],"replies":[{"embeddable":true,"href":"https:\/\/redfoxlotto.com\/cs\/wp-json\/wp\/v2\/comments?post=6794"}],"version-history":[{"count":0,"href":"https:\/\/redfoxlotto.com\/cs\/wp-json\/wp\/v2\/pages\/6794\/revisions"}],"up":[{"embeddable":true,"href":"https:\/\/redfoxlotto.com\/cs\/wp-json\/wp\/v2\/pages\/5766"}],"wp:attachment":[{"href":"https:\/\/redfoxlotto.com\/cs\/wp-json\/wp\/v2\/media?parent=6794"}],"curies":[{"name":"wp","href":"https:\/\/api.w.org\/{rel}","templated":true}]}}