{"id":6793,"date":"2023-04-24T18:19:55","date_gmt":"2023-04-24T18:19:55","guid":{"rendered":"https:\/\/redfoxlotto.com\/?page_id=6793"},"modified":"2023-05-15T13:56:18","modified_gmt":"2023-05-15T13:56:18","slug":"powerball-au","status":"publish","type":"page","link":"https:\/\/redfoxlotto.com\/cs\/hrat\/powerball-au\/","title":{"rendered":"Powerball od protino\u017ec\u016f \u2013 jak si zahr\u00e1t"},"content":{"rendered":"<p>Ka\u017ed\u00fd t\u00fdden, ve \u010dtvrtek ve\u010der, Powerball Australia povzbud\u00ed cel\u00fd n\u00e1rod. Rozto\u010d\u00ed dv\u011b sady \u010d\u00edsel obsa\u017een\u00e9 v n\u011bkolika osud\u00edch. V prvn\u00edm osud\u00ed je 35 r\u016fzn\u00fdch \u010d\u00edsel v rozsahu od 1 do 35. Pot\u00e9 druh\u00e9 osud\u00ed vyd\u00e1v\u00e1 \u010d\u00edsla mezi 1 a 20.<\/p><p><img decoding=\"async\" class=\"size-full wp-image alignright\" src=\"https:\/\/content.redfoxlotto.com\/uploads\/sites\/9\/2_ticket_powerball_au.jpg\" alt=\"Powerball Australia online\" \/><\/p><p>Prvn\u00ed osud\u00ed vygeneruje sedm \u010d\u00edsel, ale druh\u00e9 osud\u00ed vybere pouze jedno jedin\u00e9 \u010d\u00edslo. Toto jedno \u010d\u00edslo (mezi 1 a 20) je Powerball. Hlavn\u00ed cena je ud\u011blena ka\u017ed\u00e9mu hr\u00e1\u010di, kter\u00fd spr\u00e1vn\u011b vybere v\u0161ech sedm \u010d\u00edsel a m\u00e1 Powerball.<\/p><p>\u0160\u0165astn\u00fd v\u00edt\u011bz ze Sydney v t\u00e9to <a href=\"https:\/\/redfoxlotto.com\/cs\/hrat\/powerball\/\">Powerball <\/a>h\u0159e vyhr\u00e1l ned\u00e1vno 107 milion\u016f USD. V\u00fdhry v\u0161ak mohou poch\u00e1zet z mnoha r\u016fzn\u00fdch kombinac\u00ed.<\/p><h2 class=\"wp-block-heading\">Zahrajte si online loterii Powerball Australia<\/h2><p><img loading=\"lazy\" decoding=\"async\" class=\" wp-image alignright\" src=\"https:\/\/content.redfoxlotto.com\/uploads\/sites\/9\/1_lottery_win_luxury_house.jpg\" alt=\"Zahr\u00e1t si australsk\u00fd Powerball\" width=\"239\" height=\"179\" \/><\/p><p>Na rozd\u00edl od mnoha loteri\u00ed, kter\u00e9 maj\u00ed rozsah \u010d\u00edsel mezi 1 a 49 nebo 1 a\u017e 59, m\u00e1 Powerball Australia v\u00fdrazn\u011b sn\u00ed\u017een\u00fd fond. Existuje jen 35 \u010d\u00edsel, z nich\u017e si m\u016f\u017eete vybrat ta v\u00edt\u011bzn\u00e1. To v\u00fdrazn\u011b zvy\u0161uje \u0161ance na v\u00fdhru.<\/p><p>Z\u00edskejte online tiket hned te\u010f &#8211; <a href=\"https:\/\/redfoxlotto.com\/cs\/\">RedFoxLotto <\/a>p\u0159ij\u00edm\u00e1 karty MasterCard, Visa, PayPal, NETELLER, Skrill a dokonce i Bitcoiny.<\/p>","protected":false},"excerpt":{"rendered":"<p>Ka\u017ed\u00fd t\u00fdden, ve \u010dtvrtek ve\u010der, Powerball Australia povzbud\u00ed cel\u00fd n\u00e1rod. Rozto\u010d\u00ed dv\u011b sady \u010d\u00edsel obsa\u017een\u00e9 v n\u011bkolika osud\u00edch. V prvn\u00edm osud\u00ed je 35 r\u016fzn\u00fdch \u010d\u00edsel v rozsahu od 1 do 35. Pot\u00e9 druh\u00e9 osud\u00ed vyd\u00e1v\u00e1 \u010d\u00edsla mezi 1 a 20. Prvn\u00ed osud\u00ed vygeneruje sedm \u010d\u00edsel, ale druh\u00e9 osud\u00ed vybere pouze jedno jedin\u00e9 \u010d\u00edslo. Toto jedno [&hellip;]<\/p>\n","protected":false},"author":1,"featured_media":0,"parent":5784,"menu_order":17,"comment_status":"closed","ping_status":"closed","template":"powerball-au.php","meta":{"_et_pb_use_builder":"","_et_pb_old_content":"","_et_gb_content_width":"","exclude_from_search":false,"footnotes":""},"class_list":["post-6793","page","type-page","status-publish","hentry"],"yoast_head":"<!-- This site is optimized with the Yoast SEO plugin v23.8 - https:\/\/yoast.com\/wordpress\/plugins\/seo\/ -->\n<title>Hrajte online loterii Powerball Australia<\/title>\n<meta name=\"description\" content=\"Obl\u00edben\u00e1 australsk\u00e1 loterie je nyn\u00ed k dispozici online po cel\u00e9m sv\u011bt\u011b\" \/>\n<meta name=\"robots\" content=\"index, follow, max-snippet:-1, max-image-preview:large, max-video-preview:-1\" \/>\n<link rel=\"canonical\" href=\"https:\/\/redfoxlotto.com\/cs\/hrat\/powerball-au\/\" \/>\n<meta property=\"og:locale\" content=\"cs_CZ\" \/>\n<meta property=\"og:type\" content=\"article\" \/>\n<meta property=\"og:title\" content=\"Hrajte online loterii Powerball Australia\" \/>\n<meta property=\"og:description\" content=\"Obl\u00edben\u00e1 australsk\u00e1 loterie je nyn\u00ed k dispozici online po cel\u00e9m sv\u011bt\u011b\" \/>\n<meta property=\"og:url\" content=\"https:\/\/redfoxlotto.com\/cs\/hrat\/powerball-au\/\" \/>\n<meta property=\"og:site_name\" content=\"Get Tickets for the World\u2019s largest jackpots\" \/>\n<meta property=\"article:modified_time\" content=\"2023-05-15T13:56:18+00:00\" \/>\n<meta property=\"og:image\" content=\"https:\/\/content.redfoxlotto.com\/uploads\/sites\/9\/2_ticket_powerball_au.jpg\" \/>\n<meta name=\"twitter:card\" content=\"summary_large_image\" \/>\n<meta name=\"twitter:label1\" content=\"Odhadovan\u00e1 doba \u010dten\u00ed\" \/>\n\t<meta name=\"twitter:data1\" content=\"2 minuty\" \/>\n<script type=\"application\/ld+json\" class=\"yoast-schema-graph\">{\"@context\":\"https:\/\/schema.org\",\"@graph\":[{\"@type\":\"WebPage\",\"@id\":\"https:\/\/redfoxlotto.com\/cs\/hrat\/powerball-au\/\",\"url\":\"https:\/\/redfoxlotto.com\/cs\/hrat\/powerball-au\/\",\"name\":\"Hrajte online loterii Powerball Australia\",\"isPartOf\":{\"@id\":\"https:\/\/redfoxlotto.com\/cs\/#website\"},\"primaryImageOfPage\":{\"@id\":\"https:\/\/redfoxlotto.com\/cs\/hrat\/powerball-au\/#primaryimage\"},\"image\":{\"@id\":\"https:\/\/redfoxlotto.com\/cs\/hrat\/powerball-au\/#primaryimage\"},\"thumbnailUrl\":\"https:\/\/content.redfoxlotto.com\/uploads\/sites\/9\/2_ticket_powerball_au.jpg\",\"datePublished\":\"2023-04-24T18:19:55+00:00\",\"dateModified\":\"2023-05-15T13:56:18+00:00\",\"description\":\"Obl\u00edben\u00e1 australsk\u00e1 loterie je nyn\u00ed k dispozici online po cel\u00e9m sv\u011bt\u011b\",\"breadcrumb\":{\"@id\":\"https:\/\/redfoxlotto.com\/cs\/hrat\/powerball-au\/#breadcrumb\"},\"inLanguage\":\"cs\",\"potentialAction\":[{\"@type\":\"ReadAction\",\"target\":[\"https:\/\/redfoxlotto.com\/cs\/hrat\/powerball-au\/\"]}]},{\"@type\":\"ImageObject\",\"inLanguage\":\"cs\",\"@id\":\"https:\/\/redfoxlotto.com\/cs\/hrat\/powerball-au\/#primaryimage\",\"url\":\"https:\/\/content.redfoxlotto.com\/uploads\/sites\/9\/2_ticket_powerball_au.jpg\",\"contentUrl\":\"https:\/\/content.redfoxlotto.com\/uploads\/sites\/9\/2_ticket_powerball_au.jpg\"},{\"@type\":\"BreadcrumbList\",\"@id\":\"https:\/\/redfoxlotto.com\/cs\/hrat\/powerball-au\/#breadcrumb\",\"itemListElement\":[{\"@type\":\"ListItem\",\"position\":1,\"name\":\"Home\",\"item\":\"https:\/\/redfoxlotto.com\/cs\/\"},{\"@type\":\"ListItem\",\"position\":2,\"name\":\"Jak hr\u00e1t\",\"item\":\"https:\/\/redfoxlotto.com\/cs\/hrat\/\"},{\"@type\":\"ListItem\",\"position\":3,\"name\":\"Powerball od protino\u017ec\u016f \u2013 jak si zahr\u00e1t\"}]},{\"@type\":\"WebSite\",\"@id\":\"https:\/\/redfoxlotto.com\/cs\/#website\",\"url\":\"https:\/\/redfoxlotto.com\/cs\/\",\"name\":\"Get Tickets for the World\u2019s largest jackpots\",\"description\":\"Participate in worldwide lottery jackpots from any country\",\"publisher\":{\"@id\":\"https:\/\/redfoxlotto.com\/cs\/#organization\"},\"potentialAction\":[{\"@type\":\"SearchAction\",\"target\":{\"@type\":\"EntryPoint\",\"urlTemplate\":\"https:\/\/redfoxlotto.com\/cs\/?s={search_term_string}\"},\"query-input\":{\"@type\":\"PropertyValueSpecification\",\"valueRequired\":true,\"valueName\":\"search_term_string\"}}],\"inLanguage\":\"cs\"},{\"@type\":\"Organization\",\"@id\":\"https:\/\/redfoxlotto.com\/cs\/#organization\",\"name\":\"Get Tickets for the World\u2019s largest jackpots\",\"url\":\"https:\/\/redfoxlotto.com\/cs\/\",\"logo\":{\"@type\":\"ImageObject\",\"inLanguage\":\"cs\",\"@id\":\"https:\/\/redfoxlotto.com\/cs\/#\/schema\/logo\/image\/\",\"url\":\"https:\/\/redfoxlotto.com\/wp-content\/uploads\/2023\/04\/logo.png\",\"contentUrl\":\"https:\/\/redfoxlotto.com\/wp-content\/uploads\/2023\/04\/logo.png\",\"width\":269,\"height\":53,\"caption\":\"Get Tickets for the World\u2019s largest jackpots\"},\"image\":{\"@id\":\"https:\/\/redfoxlotto.com\/cs\/#\/schema\/logo\/image\/\"}}]}<\/script>\n<!-- \/ Yoast SEO plugin. -->","yoast_head_json":{"title":"Hrajte online loterii Powerball Australia","description":"Obl\u00edben\u00e1 australsk\u00e1 loterie je nyn\u00ed k dispozici online po cel\u00e9m sv\u011bt\u011b","robots":{"index":"index","follow":"follow","max-snippet":"max-snippet:-1","max-image-preview":"max-image-preview:large","max-video-preview":"max-video-preview:-1"},"canonical":"https:\/\/redfoxlotto.com\/cs\/hrat\/powerball-au\/","og_locale":"cs_CZ","og_type":"article","og_title":"Hrajte online loterii Powerball Australia","og_description":"Obl\u00edben\u00e1 australsk\u00e1 loterie je nyn\u00ed k dispozici online po cel\u00e9m sv\u011bt\u011b","og_url":"https:\/\/redfoxlotto.com\/cs\/hrat\/powerball-au\/","og_site_name":"Get Tickets for the World\u2019s largest jackpots","article_modified_time":"2023-05-15T13:56:18+00:00","og_image":[{"url":"https:\/\/content.redfoxlotto.com\/uploads\/sites\/9\/2_ticket_powerball_au.jpg"}],"twitter_card":"summary_large_image","twitter_misc":{"Odhadovan\u00e1 doba \u010dten\u00ed":"2 minuty"},"schema":{"@context":"https:\/\/schema.org","@graph":[{"@type":"WebPage","@id":"https:\/\/redfoxlotto.com\/cs\/hrat\/powerball-au\/","url":"https:\/\/redfoxlotto.com\/cs\/hrat\/powerball-au\/","name":"Hrajte online loterii Powerball Australia","isPartOf":{"@id":"https:\/\/redfoxlotto.com\/cs\/#website"},"primaryImageOfPage":{"@id":"https:\/\/redfoxlotto.com\/cs\/hrat\/powerball-au\/#primaryimage"},"image":{"@id":"https:\/\/redfoxlotto.com\/cs\/hrat\/powerball-au\/#primaryimage"},"thumbnailUrl":"https:\/\/content.redfoxlotto.com\/uploads\/sites\/9\/2_ticket_powerball_au.jpg","datePublished":"2023-04-24T18:19:55+00:00","dateModified":"2023-05-15T13:56:18+00:00","description":"Obl\u00edben\u00e1 australsk\u00e1 loterie je nyn\u00ed k dispozici online po cel\u00e9m sv\u011bt\u011b","breadcrumb":{"@id":"https:\/\/redfoxlotto.com\/cs\/hrat\/powerball-au\/#breadcrumb"},"inLanguage":"cs","potentialAction":[{"@type":"ReadAction","target":["https:\/\/redfoxlotto.com\/cs\/hrat\/powerball-au\/"]}]},{"@type":"ImageObject","inLanguage":"cs","@id":"https:\/\/redfoxlotto.com\/cs\/hrat\/powerball-au\/#primaryimage","url":"https:\/\/content.redfoxlotto.com\/uploads\/sites\/9\/2_ticket_powerball_au.jpg","contentUrl":"https:\/\/content.redfoxlotto.com\/uploads\/sites\/9\/2_ticket_powerball_au.jpg"},{"@type":"BreadcrumbList","@id":"https:\/\/redfoxlotto.com\/cs\/hrat\/powerball-au\/#breadcrumb","itemListElement":[{"@type":"ListItem","position":1,"name":"Home","item":"https:\/\/redfoxlotto.com\/cs\/"},{"@type":"ListItem","position":2,"name":"Jak hr\u00e1t","item":"https:\/\/redfoxlotto.com\/cs\/hrat\/"},{"@type":"ListItem","position":3,"name":"Powerball od protino\u017ec\u016f \u2013 jak si zahr\u00e1t"}]},{"@type":"WebSite","@id":"https:\/\/redfoxlotto.com\/cs\/#website","url":"https:\/\/redfoxlotto.com\/cs\/","name":"Get Tickets for the World\u2019s largest jackpots","description":"Participate in worldwide lottery jackpots from any country","publisher":{"@id":"https:\/\/redfoxlotto.com\/cs\/#organization"},"potentialAction":[{"@type":"SearchAction","target":{"@type":"EntryPoint","urlTemplate":"https:\/\/redfoxlotto.com\/cs\/?s={search_term_string}"},"query-input":{"@type":"PropertyValueSpecification","valueRequired":true,"valueName":"search_term_string"}}],"inLanguage":"cs"},{"@type":"Organization","@id":"https:\/\/redfoxlotto.com\/cs\/#organization","name":"Get Tickets for the World\u2019s largest jackpots","url":"https:\/\/redfoxlotto.com\/cs\/","logo":{"@type":"ImageObject","inLanguage":"cs","@id":"https:\/\/redfoxlotto.com\/cs\/#\/schema\/logo\/image\/","url":"https:\/\/redfoxlotto.com\/wp-content\/uploads\/2023\/04\/logo.png","contentUrl":"https:\/\/redfoxlotto.com\/wp-content\/uploads\/2023\/04\/logo.png","width":269,"height":53,"caption":"Get Tickets for the World\u2019s largest jackpots"},"image":{"@id":"https:\/\/redfoxlotto.com\/cs\/#\/schema\/logo\/image\/"}}]}},"_links":{"self":[{"href":"https:\/\/redfoxlotto.com\/cs\/wp-json\/wp\/v2\/pages\/6793","targetHints":{"allow":["GET"]}}],"collection":[{"href":"https:\/\/redfoxlotto.com\/cs\/wp-json\/wp\/v2\/pages"}],"about":[{"href":"https:\/\/redfoxlotto.com\/cs\/wp-json\/wp\/v2\/types\/page"}],"author":[{"embeddable":true,"href":"https:\/\/redfoxlotto.com\/cs\/wp-json\/wp\/v2\/users\/1"}],"replies":[{"embeddable":true,"href":"https:\/\/redfoxlotto.com\/cs\/wp-json\/wp\/v2\/comments?post=6793"}],"version-history":[{"count":0,"href":"https:\/\/redfoxlotto.com\/cs\/wp-json\/wp\/v2\/pages\/6793\/revisions"}],"up":[{"embeddable":true,"href":"https:\/\/redfoxlotto.com\/cs\/wp-json\/wp\/v2\/pages\/5784"}],"wp:attachment":[{"href":"https:\/\/redfoxlotto.com\/cs\/wp-json\/wp\/v2\/media?parent=6793"}],"curies":[{"name":"wp","href":"https:\/\/api.w.org\/{rel}","templated":true}]}}