{"id":6775,"date":"2019-08-09T14:33:52","date_gmt":"2019-08-09T14:33:52","guid":{"rendered":"https:\/\/redfoxlotto.com\/?page_id=6775"},"modified":"2023-05-15T13:45:35","modified_gmt":"2023-05-15T13:45:35","slug":"lotto-fr","status":"publish","type":"page","link":"https:\/\/redfoxlotto.com\/cs\/loterie\/lotto-fr\/","title":{"rendered":"O Francouzsk\u00e9 loterii"},"content":{"rendered":"<p>Mo\u017en\u00e1 V\u00e1s p\u0159ekvap\u00ed, \u017ee loterie ve Francii sah\u00e1 a\u017e do roku 1505. Kr\u00e1l Franti\u0161ek 1. ji zah\u00e1jil se sv\u00fdmi ob\u010dany, ale hra se postupem \u010dasu trochu zm\u011bnila. P\u0159esto bude obecn\u00fd proces docela podobn\u00fd tomu, co jste pravd\u011bpodobn\u011b vid\u011bli v <a href=\"https:\/\/redfoxlotto.com\/cs\/loterie\/\">jak\u00e9koli jin\u00e9 loterijn\u00ed<\/a> h\u0159e, kterou jste kdy hr\u00e1li.<\/p><!--more--><h2 class=\"wp-block-heading\">Jak to funguje<\/h2><p>U Francouzsk\u00e9 loterie jsou tahy t\u0159i dny v t\u00fddnu &#8211; ka\u017ed\u00e9 pond\u011bl\u00ed, st\u0159edu a sobotu  je nov\u00e9 slosov\u00e1n\u00ed. Frekvence slosov\u00e1n\u00ed nen\u00ed jedin\u00fdm kladem t\u00e9to loterie, hra je tak\u00e9 velmi jednoduch\u00e1. A pokud si koup\u00edte tikety k Francouzsk\u00e9 loterii online, je to je\u0161t\u011b jednodu\u0161\u0161\u00ed. Zp\u016fsob, jak\u00fdm vyhrajete, je, \u017ee m\u00e1te v\u0161ech p\u011bt \u010d\u00edsel spr\u00e1vn\u011b a z\u00edsk\u00e1te spr\u00e1vn\u00fd bonusov\u00fd m\u00ed\u010d. Velk\u00fd jackpot bude p\u0159inejmen\u0161\u00edm 2 000 000 \u20ac.<\/p><h2 class=\"wp-block-heading\">V\u00fdb\u011br Va\u0161ich \u010d\u00edsel<\/h2><p>Existuje \u0159ada r\u016fzn\u00fdch zp\u016fsob\u016f, jak si vybrat, kter\u00e1 \u010d\u00edsla chcete hr\u00e1t. M\u016f\u017eete vyplnit \u201eslip\u201c s \u010d\u00edsly, kter\u00e9 sami vyberete, nebo si je m\u016f\u017eete nechat vygenerovat, co\u017e se naz\u00fdv\u00e1 \u201eeasy pick\u201c.<\/p><h2 class=\"wp-block-heading\">Jak vyhr\u00e1t<\/h2><p>Pokud m\u00e1te spr\u00e1vn\u011b bonusov\u00e9 \u010d\u00edslo, n\u011bco vyhrajete. Pokud dostanete dv\u011b b\u011b\u017en\u00e1 \u010d\u00edsla, ale ne bonus, n\u011bco tak\u00e9 vyhrajete. A za ka\u017ed\u00e9 dal\u0161\u00ed \u010d\u00edslo, kter\u00e9 m\u00e1te k tomu, vyhrajete trochu v\u00edce. Nejlep\u0161\u00ed zp\u016fsoby, jak vyhr\u00e1t, budou \u010dty\u0159i \u010d\u00edsla plus bonus nebo v\u0161ech p\u011bt \u010d\u00edsel plus bonus.<\/p><h2 class=\"wp-block-heading\">Jak si koupit tikety Francouzsk\u00e9 loterie online<\/h2><p>Se zakoupen\u00edm online z\u00edsk\u00e1v\u00e1te stejn\u00e9 v\u00fdhody, jako kdybyste \u017eili ve Francii a mohli si vstupenky zakoupit m\u00edstn\u011b.<\/p>","protected":false},"excerpt":{"rendered":"<p>Mo\u017en\u00e1 V\u00e1s p\u0159ekvap\u00ed, \u017ee loterie ve Francii sah\u00e1 a\u017e do roku 1505. Kr\u00e1l Franti\u0161ek 1. ji zah\u00e1jil se sv\u00fdmi ob\u010dany, ale hra se postupem \u010dasu trochu zm\u011bnila. P\u0159esto bude obecn\u00fd proces docela podobn\u00fd tomu, co jste pravd\u011bpodobn\u011b vid\u011bli v jak\u00e9koli jin\u00e9 loterijn\u00ed h\u0159e, kterou jste kdy hr\u00e1li.<\/p>\n","protected":false},"author":1,"featured_media":0,"parent":5766,"menu_order":31,"comment_status":"closed","ping_status":"closed","template":"lotto-fr-info.php","meta":{"_et_pb_use_builder":"","_et_pb_old_content":"","_et_gb_content_width":"","exclude_from_search":false,"footnotes":""},"class_list":["post-6775","page","type-page","status-publish","hentry"],"yoast_head":"<!-- This site is optimized with the Yoast SEO plugin v23.8 - https:\/\/yoast.com\/wordpress\/plugins\/seo\/ -->\n<title>Jak si koupit tikety na Francouzskou loterii online<\/title>\n<meta name=\"description\" content=\"Jste p\u0159ipraveni koupit tikety na Francouzskou loterii online? Nav\u0161tivte zde!\" \/>\n<meta name=\"robots\" content=\"index, follow, max-snippet:-1, max-image-preview:large, max-video-preview:-1\" \/>\n<link rel=\"canonical\" href=\"https:\/\/redfoxlotto.com\/cs\/loterie\/lotto-fr\/\" \/>\n<meta property=\"og:locale\" content=\"cs_CZ\" \/>\n<meta property=\"og:type\" content=\"article\" \/>\n<meta property=\"og:title\" content=\"Jak si koupit tikety na Francouzskou loterii online\" \/>\n<meta property=\"og:description\" content=\"Jste p\u0159ipraveni koupit tikety na Francouzskou loterii online? Nav\u0161tivte zde!\" \/>\n<meta property=\"og:url\" content=\"https:\/\/redfoxlotto.com\/cs\/loterie\/lotto-fr\/\" \/>\n<meta property=\"og:site_name\" content=\"Get Tickets for the World\u2019s largest jackpots\" \/>\n<meta property=\"article:modified_time\" content=\"2023-05-15T13:45:35+00:00\" \/>\n<meta name=\"twitter:card\" content=\"summary_large_image\" \/>\n<meta name=\"twitter:label1\" content=\"Odhadovan\u00e1 doba \u010dten\u00ed\" \/>\n\t<meta name=\"twitter:data1\" content=\"1 minuta\" \/>\n<script type=\"application\/ld+json\" class=\"yoast-schema-graph\">{\"@context\":\"https:\/\/schema.org\",\"@graph\":[{\"@type\":\"WebPage\",\"@id\":\"https:\/\/redfoxlotto.com\/cs\/loterie\/lotto-fr\/\",\"url\":\"https:\/\/redfoxlotto.com\/cs\/loterie\/lotto-fr\/\",\"name\":\"Jak si koupit tikety na Francouzskou loterii online\",\"isPartOf\":{\"@id\":\"https:\/\/redfoxlotto.com\/cs\/#website\"},\"datePublished\":\"2019-08-09T14:33:52+00:00\",\"dateModified\":\"2023-05-15T13:45:35+00:00\",\"description\":\"Jste p\u0159ipraveni koupit tikety na Francouzskou loterii online? Nav\u0161tivte zde!\",\"breadcrumb\":{\"@id\":\"https:\/\/redfoxlotto.com\/cs\/loterie\/lotto-fr\/#breadcrumb\"},\"inLanguage\":\"cs\",\"potentialAction\":[{\"@type\":\"ReadAction\",\"target\":[\"https:\/\/redfoxlotto.com\/cs\/loterie\/lotto-fr\/\"]}]},{\"@type\":\"BreadcrumbList\",\"@id\":\"https:\/\/redfoxlotto.com\/cs\/loterie\/lotto-fr\/#breadcrumb\",\"itemListElement\":[{\"@type\":\"ListItem\",\"position\":1,\"name\":\"Home\",\"item\":\"https:\/\/redfoxlotto.com\/cs\/\"},{\"@type\":\"ListItem\",\"position\":2,\"name\":\"Jak\u00fdm zp\u016fsobem zakoupit online loterijn\u00ed tikety \u2013 kupn\u00ed proces\",\"item\":\"https:\/\/redfoxlotto.com\/cs\/loterie\/\"},{\"@type\":\"ListItem\",\"position\":3,\"name\":\"O Francouzsk\u00e9 loterii\"}]},{\"@type\":\"WebSite\",\"@id\":\"https:\/\/redfoxlotto.com\/cs\/#website\",\"url\":\"https:\/\/redfoxlotto.com\/cs\/\",\"name\":\"Get Tickets for the World\u2019s largest jackpots\",\"description\":\"Participate in worldwide lottery jackpots from any country\",\"publisher\":{\"@id\":\"https:\/\/redfoxlotto.com\/cs\/#organization\"},\"potentialAction\":[{\"@type\":\"SearchAction\",\"target\":{\"@type\":\"EntryPoint\",\"urlTemplate\":\"https:\/\/redfoxlotto.com\/cs\/?s={search_term_string}\"},\"query-input\":{\"@type\":\"PropertyValueSpecification\",\"valueRequired\":true,\"valueName\":\"search_term_string\"}}],\"inLanguage\":\"cs\"},{\"@type\":\"Organization\",\"@id\":\"https:\/\/redfoxlotto.com\/cs\/#organization\",\"name\":\"Get Tickets for the World\u2019s largest jackpots\",\"url\":\"https:\/\/redfoxlotto.com\/cs\/\",\"logo\":{\"@type\":\"ImageObject\",\"inLanguage\":\"cs\",\"@id\":\"https:\/\/redfoxlotto.com\/cs\/#\/schema\/logo\/image\/\",\"url\":\"https:\/\/redfoxlotto.com\/wp-content\/uploads\/2023\/04\/logo.png\",\"contentUrl\":\"https:\/\/redfoxlotto.com\/wp-content\/uploads\/2023\/04\/logo.png\",\"width\":269,\"height\":53,\"caption\":\"Get Tickets for the World\u2019s largest jackpots\"},\"image\":{\"@id\":\"https:\/\/redfoxlotto.com\/cs\/#\/schema\/logo\/image\/\"}}]}<\/script>\n<!-- \/ Yoast SEO plugin. -->","yoast_head_json":{"title":"Jak si koupit tikety na Francouzskou loterii online","description":"Jste p\u0159ipraveni koupit tikety na Francouzskou loterii online? Nav\u0161tivte zde!","robots":{"index":"index","follow":"follow","max-snippet":"max-snippet:-1","max-image-preview":"max-image-preview:large","max-video-preview":"max-video-preview:-1"},"canonical":"https:\/\/redfoxlotto.com\/cs\/loterie\/lotto-fr\/","og_locale":"cs_CZ","og_type":"article","og_title":"Jak si koupit tikety na Francouzskou loterii online","og_description":"Jste p\u0159ipraveni koupit tikety na Francouzskou loterii online? Nav\u0161tivte zde!","og_url":"https:\/\/redfoxlotto.com\/cs\/loterie\/lotto-fr\/","og_site_name":"Get Tickets for the World\u2019s largest jackpots","article_modified_time":"2023-05-15T13:45:35+00:00","twitter_card":"summary_large_image","twitter_misc":{"Odhadovan\u00e1 doba \u010dten\u00ed":"1 minuta"},"schema":{"@context":"https:\/\/schema.org","@graph":[{"@type":"WebPage","@id":"https:\/\/redfoxlotto.com\/cs\/loterie\/lotto-fr\/","url":"https:\/\/redfoxlotto.com\/cs\/loterie\/lotto-fr\/","name":"Jak si koupit tikety na Francouzskou loterii online","isPartOf":{"@id":"https:\/\/redfoxlotto.com\/cs\/#website"},"datePublished":"2019-08-09T14:33:52+00:00","dateModified":"2023-05-15T13:45:35+00:00","description":"Jste p\u0159ipraveni koupit tikety na Francouzskou loterii online? Nav\u0161tivte zde!","breadcrumb":{"@id":"https:\/\/redfoxlotto.com\/cs\/loterie\/lotto-fr\/#breadcrumb"},"inLanguage":"cs","potentialAction":[{"@type":"ReadAction","target":["https:\/\/redfoxlotto.com\/cs\/loterie\/lotto-fr\/"]}]},{"@type":"BreadcrumbList","@id":"https:\/\/redfoxlotto.com\/cs\/loterie\/lotto-fr\/#breadcrumb","itemListElement":[{"@type":"ListItem","position":1,"name":"Home","item":"https:\/\/redfoxlotto.com\/cs\/"},{"@type":"ListItem","position":2,"name":"Jak\u00fdm zp\u016fsobem zakoupit online loterijn\u00ed tikety \u2013 kupn\u00ed proces","item":"https:\/\/redfoxlotto.com\/cs\/loterie\/"},{"@type":"ListItem","position":3,"name":"O Francouzsk\u00e9 loterii"}]},{"@type":"WebSite","@id":"https:\/\/redfoxlotto.com\/cs\/#website","url":"https:\/\/redfoxlotto.com\/cs\/","name":"Get Tickets for the World\u2019s largest jackpots","description":"Participate in worldwide lottery jackpots from any country","publisher":{"@id":"https:\/\/redfoxlotto.com\/cs\/#organization"},"potentialAction":[{"@type":"SearchAction","target":{"@type":"EntryPoint","urlTemplate":"https:\/\/redfoxlotto.com\/cs\/?s={search_term_string}"},"query-input":{"@type":"PropertyValueSpecification","valueRequired":true,"valueName":"search_term_string"}}],"inLanguage":"cs"},{"@type":"Organization","@id":"https:\/\/redfoxlotto.com\/cs\/#organization","name":"Get Tickets for the World\u2019s largest jackpots","url":"https:\/\/redfoxlotto.com\/cs\/","logo":{"@type":"ImageObject","inLanguage":"cs","@id":"https:\/\/redfoxlotto.com\/cs\/#\/schema\/logo\/image\/","url":"https:\/\/redfoxlotto.com\/wp-content\/uploads\/2023\/04\/logo.png","contentUrl":"https:\/\/redfoxlotto.com\/wp-content\/uploads\/2023\/04\/logo.png","width":269,"height":53,"caption":"Get Tickets for the World\u2019s largest jackpots"},"image":{"@id":"https:\/\/redfoxlotto.com\/cs\/#\/schema\/logo\/image\/"}}]}},"_links":{"self":[{"href":"https:\/\/redfoxlotto.com\/cs\/wp-json\/wp\/v2\/pages\/6775","targetHints":{"allow":["GET"]}}],"collection":[{"href":"https:\/\/redfoxlotto.com\/cs\/wp-json\/wp\/v2\/pages"}],"about":[{"href":"https:\/\/redfoxlotto.com\/cs\/wp-json\/wp\/v2\/types\/page"}],"author":[{"embeddable":true,"href":"https:\/\/redfoxlotto.com\/cs\/wp-json\/wp\/v2\/users\/1"}],"replies":[{"embeddable":true,"href":"https:\/\/redfoxlotto.com\/cs\/wp-json\/wp\/v2\/comments?post=6775"}],"version-history":[{"count":0,"href":"https:\/\/redfoxlotto.com\/cs\/wp-json\/wp\/v2\/pages\/6775\/revisions"}],"up":[{"embeddable":true,"href":"https:\/\/redfoxlotto.com\/cs\/wp-json\/wp\/v2\/pages\/5766"}],"wp:attachment":[{"href":"https:\/\/redfoxlotto.com\/cs\/wp-json\/wp\/v2\/media?parent=6775"}],"curies":[{"name":"wp","href":"https:\/\/api.w.org\/{rel}","templated":true}]}}