{"id":6774,"date":"2019-08-09T14:24:22","date_gmt":"2019-08-09T14:24:22","guid":{"rendered":"https:\/\/redfoxlotto.com\/?page_id=6774"},"modified":"2025-12-10T23:00:13","modified_gmt":"2025-12-10T23:00:13","slug":"lotto-fr","status":"publish","type":"page","link":"https:\/\/redfoxlotto.com\/cs\/hrat\/lotto-fr\/","title":{"rendered":"Zahrajte si Francouzskou loterii"},"content":{"rendered":"<script type=\"application\/ld+json\">\r\n{\r\n\"@context\": \"https:\/\/schema.org\",\r\n\"@type\": \"Service\",\r\n\"name\": \"French Lotto online\",\r\n\"url\": \"https:\/\/redfoxlotto.com\/cs\/hrat\/lotto-fr\/\",\r\n\"description\": \"Zakupte ofici\u00e1ln\u00ed francouzsk\u00e9 loto tikety online prost\u0159ednictv\u00edm RedFoxLotto. Vyberte sv\u00e1 \u010d\u00edsla a zapojte se do dal\u0161\u00edho slosov\u00e1n\u00ed.\",\r\n\"serviceType\": \"Online lottery ticket purchase\",\r\n\r\n\"provider\": {\r\n\"@type\": \"Organization\",\r\n\"name\": \"RedFoxLotto\",\r\n\"url\": \"https:\/\/redfoxlotto.com\",\r\n\"logo\": \"https:\/\/redfoxlotto.com\/wp-content\/uploads\/logo.png\"\r\n},\r\n\r\n\"areaServed\": \"Worldwide\",\r\n\"termsOfService\": \"https:\/\/redfoxlotto.com\/terms-and-conditions\",\r\n\r\n\"hasOfferCatalog\": {\r\n\"@type\": \"OfferCatalog\",\r\n\"name\": \"French Lotto Offers\",\r\n\"itemListElement\": [\r\n{\r\n\"@type\": \"Offer\",\r\n\"name\": \"Lotto French Lotto Ticket\",\r\n\"url\": \"https:\/\/redfoxlotto.com\/cs\/hrat\/lotto-fr\/\",\r\n\"description\": \"Jeden vstup do dal\u0161\u00edho slosov\u00e1n\u00ed francouzsk\u00e9 loterie.\",\r\n\"price\": \"6.00\",\r\n\"priceCurrency\": \"EUR\",\r\n\"availability\": \"https:\/\/schema.org\/InStock\",\r\n\r\n\"itemOffered\": {\r\n\"@type\": \"Service\",\r\n\"name\": \"French Lotto Lottery Entry\",\r\n\"description\": \"Vstup do dal\u0161\u00edho slosov\u00e1n\u00ed francouzsk\u00e9 loterie prost\u0159ednictv\u00edm RedFoxLotto.\"\r\n}\r\n}\r\n]\r\n},\r\n\r\n\"mainEntityOfPage\": {\r\n\"@type\": \"WebPage\",\r\n\"@id\": \"https:\/\/redfoxlotto.com\/cs\/hrat\/lotto-fr\/\"\r\n}\r\n}\r\n<\/script><p>U\u017e jste n\u011bkdy hr\u00e1li typ loterie online? Nebo jste \u0161li do m\u00edstn\u00edho obchodu se sm\u00ed\u0161en\u00fdm zbo\u017e\u00edm a vyzvedli si l\u00edstky d\u0159\u00edve. To jsou hry, kter\u00e9 budou je\u0161t\u011b z\u00e1bavn\u011bj\u0161\u00ed a umo\u017en\u00ed V\u00e1m je\u0161t\u011b v\u011bt\u0161\u00ed \u0161anci vyhr\u00e1t obrovskou cenu.<\/p><p>U Francouzsk\u00e9 <a href=\"https:\/\/redfoxlotto.com\/cs\/loterie\/\">loterie si mus\u00edte koupit tiket online<\/a>, abyste mohli za\u010d\u00edt hr\u00e1t a n\u00e1kup tiketu je velmi snadn\u00fd. Pro tuto konkr\u00e9tn\u00ed hru budete m\u00edt mo\u017enost p\u011bti \u010d\u00edsel plus bonusov\u00e9 \u010d\u00edslo.<\/p><h2 class=\"wp-block-heading\">Jak vyhr\u00e1t ve Francouzsk\u00e9 loterii online<\/h2><p>Hra se losuje ka\u017ed\u00fdch p\u00e1r dn\u00ed, s tahy v pond\u011bl\u00ed, ve st\u0159edu a v sobotu, tak\u017ee nebudete muset dlouho \u010dekat. Jakmile se \u010d\u00edsla vylosuj\u00ed, je \u010das je zkontrolovat. M\u016f\u017eete se sem vr\u00e1tit, kde jste si zakoupili l\u00edstek, abyste na\u0161li v\u00fdhern\u00ed \u010d\u00edsla a zjistili, zda jste vyhr\u00e1li jackpot nebo alespo\u0148 jednu z mal\u00fdch cen.<\/p>","protected":false},"excerpt":{"rendered":"<p>U\u017e jste n\u011bkdy hr\u00e1li typ loterie online? Nebo jste \u0161li do m\u00edstn\u00edho obchodu se sm\u00ed\u0161en\u00fdm zbo\u017e\u00edm a vyzvedli si l\u00edstky d\u0159\u00edve. To jsou hry, kter\u00e9 budou je\u0161t\u011b z\u00e1bavn\u011bj\u0161\u00ed a umo\u017en\u00ed V\u00e1m je\u0161t\u011b v\u011bt\u0161\u00ed \u0161anci vyhr\u00e1t obrovskou cenu. U Francouzsk\u00e9 loterie si mus\u00edte koupit tiket online, abyste mohli za\u010d\u00edt hr\u00e1t a n\u00e1kup tiketu je velmi snadn\u00fd. [&hellip;]<\/p>\n","protected":false},"author":1,"featured_media":0,"parent":5784,"menu_order":33,"comment_status":"closed","ping_status":"closed","template":"lotto-fr.php","meta":{"_et_pb_use_builder":"","_et_pb_old_content":"","_et_gb_content_width":"","exclude_from_search":false,"footnotes":""},"class_list":["post-6774","page","type-page","status-publish","hentry"],"yoast_head":"<!-- This site is optimized with the Yoast SEO plugin v23.8 - https:\/\/yoast.com\/wordpress\/plugins\/seo\/ -->\n<title>Jak hr\u00e1t Francouzskou loterii online<\/title>\n<meta name=\"description\" content=\"Pokud jste p\u0159ipraveni hr\u00e1t Francouzskou loterii, zde je to spr\u00e1vn\u00e9 m\u00edsto, kde m\u016f\u017eete za\u010d\u00edt.\" \/>\n<meta name=\"robots\" content=\"index, follow, max-snippet:-1, max-image-preview:large, max-video-preview:-1\" \/>\n<link rel=\"canonical\" href=\"https:\/\/redfoxlotto.com\/cs\/hrat\/lotto-fr\/\" \/>\n<meta property=\"og:locale\" content=\"cs_CZ\" \/>\n<meta property=\"og:type\" content=\"article\" \/>\n<meta property=\"og:title\" content=\"Jak hr\u00e1t Francouzskou loterii online\" \/>\n<meta property=\"og:description\" content=\"Pokud jste p\u0159ipraveni hr\u00e1t Francouzskou loterii, zde je to spr\u00e1vn\u00e9 m\u00edsto, kde m\u016f\u017eete za\u010d\u00edt.\" \/>\n<meta property=\"og:url\" content=\"https:\/\/redfoxlotto.com\/cs\/hrat\/lotto-fr\/\" \/>\n<meta property=\"og:site_name\" content=\"Get Tickets for the World\u2019s largest jackpots\" \/>\n<meta property=\"article:modified_time\" content=\"2025-12-10T23:00:13+00:00\" \/>\n<meta name=\"twitter:card\" content=\"summary_large_image\" \/>\n<meta name=\"twitter:label1\" content=\"Odhadovan\u00e1 doba \u010dten\u00ed\" \/>\n\t<meta name=\"twitter:data1\" content=\"1 minuta\" \/>\n<script type=\"application\/ld+json\" class=\"yoast-schema-graph\">{\"@context\":\"https:\/\/schema.org\",\"@graph\":[{\"@type\":\"WebPage\",\"@id\":\"https:\/\/redfoxlotto.com\/cs\/hrat\/lotto-fr\/\",\"url\":\"https:\/\/redfoxlotto.com\/cs\/hrat\/lotto-fr\/\",\"name\":\"Jak hr\u00e1t Francouzskou loterii online\",\"isPartOf\":{\"@id\":\"https:\/\/redfoxlotto.com\/cs\/#website\"},\"datePublished\":\"2019-08-09T14:24:22+00:00\",\"dateModified\":\"2025-12-10T23:00:13+00:00\",\"description\":\"Pokud jste p\u0159ipraveni hr\u00e1t Francouzskou loterii, zde je to spr\u00e1vn\u00e9 m\u00edsto, kde m\u016f\u017eete za\u010d\u00edt.\",\"breadcrumb\":{\"@id\":\"https:\/\/redfoxlotto.com\/cs\/hrat\/lotto-fr\/#breadcrumb\"},\"inLanguage\":\"cs\",\"potentialAction\":[{\"@type\":\"ReadAction\",\"target\":[\"https:\/\/redfoxlotto.com\/cs\/hrat\/lotto-fr\/\"]}]},{\"@type\":\"BreadcrumbList\",\"@id\":\"https:\/\/redfoxlotto.com\/cs\/hrat\/lotto-fr\/#breadcrumb\",\"itemListElement\":[{\"@type\":\"ListItem\",\"position\":1,\"name\":\"Home\",\"item\":\"https:\/\/redfoxlotto.com\/cs\/\"},{\"@type\":\"ListItem\",\"position\":2,\"name\":\"Jak hr\u00e1t\",\"item\":\"https:\/\/redfoxlotto.com\/cs\/hrat\/\"},{\"@type\":\"ListItem\",\"position\":3,\"name\":\"Zahrajte si Francouzskou loterii\"}]},{\"@type\":\"WebSite\",\"@id\":\"https:\/\/redfoxlotto.com\/cs\/#website\",\"url\":\"https:\/\/redfoxlotto.com\/cs\/\",\"name\":\"Get Tickets for the World\u2019s largest jackpots\",\"description\":\"Participate in worldwide lottery jackpots from any country\",\"publisher\":{\"@id\":\"https:\/\/redfoxlotto.com\/cs\/#organization\"},\"potentialAction\":[{\"@type\":\"SearchAction\",\"target\":{\"@type\":\"EntryPoint\",\"urlTemplate\":\"https:\/\/redfoxlotto.com\/cs\/?s={search_term_string}\"},\"query-input\":{\"@type\":\"PropertyValueSpecification\",\"valueRequired\":true,\"valueName\":\"search_term_string\"}}],\"inLanguage\":\"cs\"},{\"@type\":\"Organization\",\"@id\":\"https:\/\/redfoxlotto.com\/cs\/#organization\",\"name\":\"Get Tickets for the World\u2019s largest jackpots\",\"url\":\"https:\/\/redfoxlotto.com\/cs\/\",\"logo\":{\"@type\":\"ImageObject\",\"inLanguage\":\"cs\",\"@id\":\"https:\/\/redfoxlotto.com\/cs\/#\/schema\/logo\/image\/\",\"url\":\"https:\/\/redfoxlotto.com\/wp-content\/uploads\/2023\/04\/logo.png\",\"contentUrl\":\"https:\/\/redfoxlotto.com\/wp-content\/uploads\/2023\/04\/logo.png\",\"width\":269,\"height\":53,\"caption\":\"Get Tickets for the World\u2019s largest jackpots\"},\"image\":{\"@id\":\"https:\/\/redfoxlotto.com\/cs\/#\/schema\/logo\/image\/\"}}]}<\/script>\n<!-- \/ Yoast SEO plugin. -->","yoast_head_json":{"title":"Jak hr\u00e1t Francouzskou loterii online","description":"Pokud jste p\u0159ipraveni hr\u00e1t Francouzskou loterii, zde je to spr\u00e1vn\u00e9 m\u00edsto, kde m\u016f\u017eete za\u010d\u00edt.","robots":{"index":"index","follow":"follow","max-snippet":"max-snippet:-1","max-image-preview":"max-image-preview:large","max-video-preview":"max-video-preview:-1"},"canonical":"https:\/\/redfoxlotto.com\/cs\/hrat\/lotto-fr\/","og_locale":"cs_CZ","og_type":"article","og_title":"Jak hr\u00e1t Francouzskou loterii online","og_description":"Pokud jste p\u0159ipraveni hr\u00e1t Francouzskou loterii, zde je to spr\u00e1vn\u00e9 m\u00edsto, kde m\u016f\u017eete za\u010d\u00edt.","og_url":"https:\/\/redfoxlotto.com\/cs\/hrat\/lotto-fr\/","og_site_name":"Get Tickets for the World\u2019s largest jackpots","article_modified_time":"2025-12-10T23:00:13+00:00","twitter_card":"summary_large_image","twitter_misc":{"Odhadovan\u00e1 doba \u010dten\u00ed":"1 minuta"},"schema":{"@context":"https:\/\/schema.org","@graph":[{"@type":"WebPage","@id":"https:\/\/redfoxlotto.com\/cs\/hrat\/lotto-fr\/","url":"https:\/\/redfoxlotto.com\/cs\/hrat\/lotto-fr\/","name":"Jak hr\u00e1t Francouzskou loterii online","isPartOf":{"@id":"https:\/\/redfoxlotto.com\/cs\/#website"},"datePublished":"2019-08-09T14:24:22+00:00","dateModified":"2025-12-10T23:00:13+00:00","description":"Pokud jste p\u0159ipraveni hr\u00e1t Francouzskou loterii, zde je to spr\u00e1vn\u00e9 m\u00edsto, kde m\u016f\u017eete za\u010d\u00edt.","breadcrumb":{"@id":"https:\/\/redfoxlotto.com\/cs\/hrat\/lotto-fr\/#breadcrumb"},"inLanguage":"cs","potentialAction":[{"@type":"ReadAction","target":["https:\/\/redfoxlotto.com\/cs\/hrat\/lotto-fr\/"]}]},{"@type":"BreadcrumbList","@id":"https:\/\/redfoxlotto.com\/cs\/hrat\/lotto-fr\/#breadcrumb","itemListElement":[{"@type":"ListItem","position":1,"name":"Home","item":"https:\/\/redfoxlotto.com\/cs\/"},{"@type":"ListItem","position":2,"name":"Jak hr\u00e1t","item":"https:\/\/redfoxlotto.com\/cs\/hrat\/"},{"@type":"ListItem","position":3,"name":"Zahrajte si Francouzskou loterii"}]},{"@type":"WebSite","@id":"https:\/\/redfoxlotto.com\/cs\/#website","url":"https:\/\/redfoxlotto.com\/cs\/","name":"Get Tickets for the World\u2019s largest jackpots","description":"Participate in worldwide lottery jackpots from any country","publisher":{"@id":"https:\/\/redfoxlotto.com\/cs\/#organization"},"potentialAction":[{"@type":"SearchAction","target":{"@type":"EntryPoint","urlTemplate":"https:\/\/redfoxlotto.com\/cs\/?s={search_term_string}"},"query-input":{"@type":"PropertyValueSpecification","valueRequired":true,"valueName":"search_term_string"}}],"inLanguage":"cs"},{"@type":"Organization","@id":"https:\/\/redfoxlotto.com\/cs\/#organization","name":"Get Tickets for the World\u2019s largest jackpots","url":"https:\/\/redfoxlotto.com\/cs\/","logo":{"@type":"ImageObject","inLanguage":"cs","@id":"https:\/\/redfoxlotto.com\/cs\/#\/schema\/logo\/image\/","url":"https:\/\/redfoxlotto.com\/wp-content\/uploads\/2023\/04\/logo.png","contentUrl":"https:\/\/redfoxlotto.com\/wp-content\/uploads\/2023\/04\/logo.png","width":269,"height":53,"caption":"Get Tickets for the World\u2019s largest jackpots"},"image":{"@id":"https:\/\/redfoxlotto.com\/cs\/#\/schema\/logo\/image\/"}}]}},"_links":{"self":[{"href":"https:\/\/redfoxlotto.com\/cs\/wp-json\/wp\/v2\/pages\/6774","targetHints":{"allow":["GET"]}}],"collection":[{"href":"https:\/\/redfoxlotto.com\/cs\/wp-json\/wp\/v2\/pages"}],"about":[{"href":"https:\/\/redfoxlotto.com\/cs\/wp-json\/wp\/v2\/types\/page"}],"author":[{"embeddable":true,"href":"https:\/\/redfoxlotto.com\/cs\/wp-json\/wp\/v2\/users\/1"}],"replies":[{"embeddable":true,"href":"https:\/\/redfoxlotto.com\/cs\/wp-json\/wp\/v2\/comments?post=6774"}],"version-history":[{"count":0,"href":"https:\/\/redfoxlotto.com\/cs\/wp-json\/wp\/v2\/pages\/6774\/revisions"}],"up":[{"embeddable":true,"href":"https:\/\/redfoxlotto.com\/cs\/wp-json\/wp\/v2\/pages\/5784"}],"wp:attachment":[{"href":"https:\/\/redfoxlotto.com\/cs\/wp-json\/wp\/v2\/media?parent=6774"}],"curies":[{"name":"wp","href":"https:\/\/api.w.org\/{rel}","templated":true}]}}