{"id":6759,"date":"2018-11-18T08:54:25","date_gmt":"2018-11-18T08:54:25","guid":{"rendered":"https:\/\/redfoxlotto.com\/?page_id=6759"},"modified":"2019-12-23T10:05:26","modified_gmt":"2019-12-23T10:05:26","slug":"la-primitiva","status":"publish","type":"page","link":"https:\/\/redfoxlotto.com\/cs\/loterie\/la-primitiva\/","title":{"rendered":"Z\u00edsk\u00e1n\u00ed tiket\u016f ke h\u0159e La Primitiva online"},"content":{"rendered":"<p>Toto je nejv\u011bt\u0161\u00ed loterie ve \u0160pan\u011blsku. Mo\u017en\u00e1 jste tak\u00e9 sly\u0161eli, \u017ee se tato loterie ozna\u010duje jako El Gordo, ale to nen\u00ed technicky spr\u00e1vn\u011b. Pod\u00edvejte se na n\u00e1\u0161 \u010dl\u00e1nek o El Gordu.<\/p><p><img loading=\"lazy\" decoding=\"async\" class=\" wp-image alignright\" src=\"https:\/\/content.redfoxlotto.com\/uploads\/sites\/9\/2_ticket_la_primitiva2.jpg\" alt=\"online vstupenka La Primitiva\" width=\"172\" height=\"246\" \/><\/p><!--more--><p>La Primitiva je t\u00fddenn\u00ed \u0161pan\u011blsk\u00e1 loterie. Jackpot m\u00e1 minim\u00e1ln\u00ed \u010d\u00e1stku 5 milion\u016f \u20ac. Tento jackpot v\u0161ak v minulosti dos\u00e1hl \u010d\u00e1stek t\u00e9m\u011b\u0159 100 milion\u016f \u20ac. Slosov\u00e1n\u00ed se kon\u00e1 ka\u017edou ned\u011bli.<\/p><p>A\u010dkoli to m\u011bla b\u00fdt pouze n\u00e1rodn\u00ed loterie, m\u016f\u017eete si nyn\u00ed zakoupit tikety na La Primitiva online. Nemus\u00edte b\u00fdt rezidentem \u0160pan\u011blska. Sta\u010d\u00ed si vybrat \u010d\u00edsla na na\u0161em webu, pot\u00e9 si u n\u00e1s vytvo\u0159it \u00fa\u010det a platit online. <a href=\"https:\/\/redfoxlotto.com\/cs\/\">Objedn\u00e1me pro V\u00e1s pln\u011b leg\u00e1ln\u00ed tiket<\/a> hry La Primitiva.<\/p><p><img loading=\"lazy\" decoding=\"async\" class=\" wp-image alignright\" src=\"https:\/\/content.redfoxlotto.com\/uploads\/sites\/9\/1_buy_ticket_lotto_online2.jpg\" alt=\"Koupit vstupenky La Primitiva\" width=\"175\" height=\"262\" \/><\/p><p>Chcete-li se \u00fa\u010dastnit loterie, sta\u010d\u00ed si zakoupit loterijn\u00ed tiket s \u010d\u00edsly, kter\u00e9 jste si vybrali. Tikety loterie la Primitiva obsahuj\u00ed \u010d\u00edsla od 0 do 49. Hr\u00e1\u010di si mohou vybrat libovoln\u00fdch 6 \u010d\u00edsel a po zakoupen\u00ed je automaticky p\u0159i\u0159azeno \u010d\u00edslo 0-9 k Va\u0161emu tiketu. V den slosov\u00e1n\u00ed je n\u00e1hodn\u011b vybr\u00e1no 6 \u010d\u00edsel od 0 do 49 a 1 \u010d\u00edslo od 0 do 9, tak\u017ee jak\u00fdkoli tiket, jeho\u017e \u010d\u00edsla se p\u0159esn\u011b shoduj\u00ed s vylosovan\u00fdmi \u010d\u00edsly, vyhraje jackpot.<\/p><h2 class=\"wp-block-heading\">Nejv\u011bt\u0161\u00ed jackpot La Primitiva<\/h2><p>Nejv\u011bt\u0161\u00edm dosud vyhran\u00fdm jackpotem v loterii La Primitiva je v\u00fdhra \u00fa\u017easn\u00e9ho jackpotu ze dne 17. \u0159\u00edjna 2015 ve v\u00fd\u0161i 101 milion\u016f EUR. P\u0159edt\u00edm byl nejv\u011bt\u0161\u00ed jackpot v hodnot\u011b 73 milion\u016f z \u00fanora 2014. \u0160t\u011bst\u00ed je rozhodn\u011b hlavn\u00edm determinantem p\u0159i v\u00fdh\u0159e kone\u010dn\u00e9ho jackpotu, proto\u017ee pravd\u011bpodobnost zasa\u017een\u00ed jackpotu je 1:14 milionu, ale vzhledem k n\u00edzk\u00e9m cen\u011b tiketu a obrovsk\u00e9 \u010d\u00e1stce, kterou m\u00e1te \u0161anci vyhr\u00e1t, to stoj\u00ed za zkou\u0161ku.<\/p>","protected":false},"excerpt":{"rendered":"<p>Toto je nejv\u011bt\u0161\u00ed loterie ve \u0160pan\u011blsku. Mo\u017en\u00e1 jste tak\u00e9 sly\u0161eli, \u017ee se tato loterie ozna\u010duje jako El Gordo, ale to nen\u00ed technicky spr\u00e1vn\u011b. Pod\u00edvejte se na n\u00e1\u0161 \u010dl\u00e1nek o El Gordu.<\/p>\n","protected":false},"author":1,"featured_media":0,"parent":5766,"menu_order":7,"comment_status":"closed","ping_status":"closed","template":"la-primitiva-info.php","meta":{"_et_pb_use_builder":"","_et_pb_old_content":"","_et_gb_content_width":"","exclude_from_search":false,"footnotes":""},"class_list":["post-6759","page","type-page","status-publish","hentry"],"yoast_head":"<!-- This site is optimized with the Yoast SEO plugin v27.4 - https:\/\/yoast.com\/product\/yoast-seo-wordpress\/ -->\n<title>N\u00e1kup tiket\u016f hry La Primitiva odkudkoli<\/title>\n<meta name=\"description\" content=\"Bez ohledu na to, kde \u017eijete \u2013 m\u016f\u017eete z\u00edskat tikety loterie La Primitiva\" \/>\n<meta name=\"robots\" content=\"index, follow, max-snippet:-1, max-image-preview:large, max-video-preview:-1\" \/>\n<link rel=\"canonical\" href=\"https:\/\/redfoxlotto.com\/cs\/loterie\/la-primitiva\/\" \/>\n<meta property=\"og:locale\" content=\"cs_CZ\" \/>\n<meta property=\"og:type\" content=\"article\" \/>\n<meta property=\"og:title\" content=\"N\u00e1kup tiket\u016f hry La Primitiva odkudkoli\" \/>\n<meta property=\"og:description\" content=\"Bez ohledu na to, kde \u017eijete \u2013 m\u016f\u017eete z\u00edskat tikety loterie La Primitiva\" \/>\n<meta property=\"og:url\" content=\"https:\/\/redfoxlotto.com\/cs\/loterie\/la-primitiva\/\" \/>\n<meta property=\"og:site_name\" content=\"Get Tickets for the World\u2019s largest jackpots\" \/>\n<meta property=\"article:modified_time\" content=\"2019-12-23T10:05:26+00:00\" \/>\n<meta property=\"og:image\" content=\"https:\/\/content.redfoxlotto.com\/uploads\/sites\/9\/2_ticket_la_primitiva2.jpg\" \/>\n<meta name=\"twitter:card\" content=\"summary_large_image\" \/>\n<meta name=\"twitter:label1\" content=\"Odhadovan\u00e1 doba \u010dten\u00ed\" \/>\n\t<meta name=\"twitter:data1\" content=\"2 minuty\" \/>\n<script type=\"application\/ld+json\" class=\"yoast-schema-graph\">{\"@context\":\"https:\\\/\\\/schema.org\",\"@graph\":[{\"@type\":\"WebPage\",\"@id\":\"https:\\\/\\\/redfoxlotto.com\\\/cs\\\/loterie\\\/la-primitiva\\\/\",\"url\":\"https:\\\/\\\/redfoxlotto.com\\\/cs\\\/loterie\\\/la-primitiva\\\/\",\"name\":\"N\u00e1kup tiket\u016f hry La Primitiva odkudkoli\",\"isPartOf\":{\"@id\":\"https:\\\/\\\/redfoxlotto.com\\\/cs\\\/#website\"},\"primaryImageOfPage\":{\"@id\":\"https:\\\/\\\/redfoxlotto.com\\\/cs\\\/loterie\\\/la-primitiva\\\/#primaryimage\"},\"image\":{\"@id\":\"https:\\\/\\\/redfoxlotto.com\\\/cs\\\/loterie\\\/la-primitiva\\\/#primaryimage\"},\"thumbnailUrl\":\"https:\\\/\\\/content.redfoxlotto.com\\\/uploads\\\/sites\\\/9\\\/2_ticket_la_primitiva2.jpg\",\"datePublished\":\"2018-11-18T08:54:25+00:00\",\"dateModified\":\"2019-12-23T10:05:26+00:00\",\"description\":\"Bez ohledu na to, kde \u017eijete \u2013 m\u016f\u017eete z\u00edskat tikety loterie La Primitiva\",\"breadcrumb\":{\"@id\":\"https:\\\/\\\/redfoxlotto.com\\\/cs\\\/loterie\\\/la-primitiva\\\/#breadcrumb\"},\"inLanguage\":\"cs\",\"potentialAction\":[{\"@type\":\"ReadAction\",\"target\":[\"https:\\\/\\\/redfoxlotto.com\\\/cs\\\/loterie\\\/la-primitiva\\\/\"]}]},{\"@type\":\"ImageObject\",\"inLanguage\":\"cs\",\"@id\":\"https:\\\/\\\/redfoxlotto.com\\\/cs\\\/loterie\\\/la-primitiva\\\/#primaryimage\",\"url\":\"https:\\\/\\\/content.redfoxlotto.com\\\/uploads\\\/sites\\\/9\\\/2_ticket_la_primitiva2.jpg\",\"contentUrl\":\"https:\\\/\\\/content.redfoxlotto.com\\\/uploads\\\/sites\\\/9\\\/2_ticket_la_primitiva2.jpg\"},{\"@type\":\"BreadcrumbList\",\"@id\":\"https:\\\/\\\/redfoxlotto.com\\\/cs\\\/loterie\\\/la-primitiva\\\/#breadcrumb\",\"itemListElement\":[{\"@type\":\"ListItem\",\"position\":1,\"name\":\"Home\",\"item\":\"https:\\\/\\\/redfoxlotto.com\\\/cs\\\/\"},{\"@type\":\"ListItem\",\"position\":2,\"name\":\"Jak\u00fdm zp\u016fsobem zakoupit online loterijn\u00ed tikety \u2013 kupn\u00ed proces\",\"item\":\"https:\\\/\\\/redfoxlotto.com\\\/cs\\\/loterie\\\/\"},{\"@type\":\"ListItem\",\"position\":3,\"name\":\"Z\u00edsk\u00e1n\u00ed tiket\u016f ke h\u0159e La Primitiva online\"}]},{\"@type\":\"WebSite\",\"@id\":\"https:\\\/\\\/redfoxlotto.com\\\/cs\\\/#website\",\"url\":\"https:\\\/\\\/redfoxlotto.com\\\/cs\\\/\",\"name\":\"Get Tickets for the World\u2019s largest jackpots\",\"description\":\"Participate in worldwide lottery jackpots from any country\",\"publisher\":{\"@id\":\"https:\\\/\\\/redfoxlotto.com\\\/cs\\\/#organization\"},\"potentialAction\":[{\"@type\":\"SearchAction\",\"target\":{\"@type\":\"EntryPoint\",\"urlTemplate\":\"https:\\\/\\\/redfoxlotto.com\\\/cs\\\/?s={search_term_string}\"},\"query-input\":{\"@type\":\"PropertyValueSpecification\",\"valueRequired\":true,\"valueName\":\"search_term_string\"}}],\"inLanguage\":\"cs\"},{\"@type\":\"Organization\",\"@id\":\"https:\\\/\\\/redfoxlotto.com\\\/cs\\\/#organization\",\"name\":\"Get Tickets for the World\u2019s largest jackpots\",\"url\":\"https:\\\/\\\/redfoxlotto.com\\\/cs\\\/\",\"logo\":{\"@type\":\"ImageObject\",\"inLanguage\":\"cs\",\"@id\":\"https:\\\/\\\/redfoxlotto.com\\\/cs\\\/#\\\/schema\\\/logo\\\/image\\\/\",\"url\":\"https:\\\/\\\/redfoxlotto.com\\\/wp-content\\\/uploads\\\/2023\\\/04\\\/logo.png\",\"contentUrl\":\"https:\\\/\\\/redfoxlotto.com\\\/wp-content\\\/uploads\\\/2023\\\/04\\\/logo.png\",\"width\":269,\"height\":53,\"caption\":\"Get Tickets for the World\u2019s largest jackpots\"},\"image\":{\"@id\":\"https:\\\/\\\/redfoxlotto.com\\\/cs\\\/#\\\/schema\\\/logo\\\/image\\\/\"}}]}<\/script>\n<!-- \/ Yoast SEO plugin. -->","yoast_head_json":{"title":"N\u00e1kup tiket\u016f hry La Primitiva odkudkoli","description":"Bez ohledu na to, kde \u017eijete \u2013 m\u016f\u017eete z\u00edskat tikety loterie La Primitiva","robots":{"index":"index","follow":"follow","max-snippet":"max-snippet:-1","max-image-preview":"max-image-preview:large","max-video-preview":"max-video-preview:-1"},"canonical":"https:\/\/redfoxlotto.com\/cs\/loterie\/la-primitiva\/","og_locale":"cs_CZ","og_type":"article","og_title":"N\u00e1kup tiket\u016f hry La Primitiva odkudkoli","og_description":"Bez ohledu na to, kde \u017eijete \u2013 m\u016f\u017eete z\u00edskat tikety loterie La Primitiva","og_url":"https:\/\/redfoxlotto.com\/cs\/loterie\/la-primitiva\/","og_site_name":"Get Tickets for the World\u2019s largest jackpots","article_modified_time":"2019-12-23T10:05:26+00:00","og_image":[{"url":"https:\/\/content.redfoxlotto.com\/uploads\/sites\/9\/2_ticket_la_primitiva2.jpg","type":"","width":"","height":""}],"twitter_card":"summary_large_image","twitter_misc":{"Odhadovan\u00e1 doba \u010dten\u00ed":"2 minuty"},"schema":{"@context":"https:\/\/schema.org","@graph":[{"@type":"WebPage","@id":"https:\/\/redfoxlotto.com\/cs\/loterie\/la-primitiva\/","url":"https:\/\/redfoxlotto.com\/cs\/loterie\/la-primitiva\/","name":"N\u00e1kup tiket\u016f hry La Primitiva odkudkoli","isPartOf":{"@id":"https:\/\/redfoxlotto.com\/cs\/#website"},"primaryImageOfPage":{"@id":"https:\/\/redfoxlotto.com\/cs\/loterie\/la-primitiva\/#primaryimage"},"image":{"@id":"https:\/\/redfoxlotto.com\/cs\/loterie\/la-primitiva\/#primaryimage"},"thumbnailUrl":"https:\/\/content.redfoxlotto.com\/uploads\/sites\/9\/2_ticket_la_primitiva2.jpg","datePublished":"2018-11-18T08:54:25+00:00","dateModified":"2019-12-23T10:05:26+00:00","description":"Bez ohledu na to, kde \u017eijete \u2013 m\u016f\u017eete z\u00edskat tikety loterie La Primitiva","breadcrumb":{"@id":"https:\/\/redfoxlotto.com\/cs\/loterie\/la-primitiva\/#breadcrumb"},"inLanguage":"cs","potentialAction":[{"@type":"ReadAction","target":["https:\/\/redfoxlotto.com\/cs\/loterie\/la-primitiva\/"]}]},{"@type":"ImageObject","inLanguage":"cs","@id":"https:\/\/redfoxlotto.com\/cs\/loterie\/la-primitiva\/#primaryimage","url":"https:\/\/content.redfoxlotto.com\/uploads\/sites\/9\/2_ticket_la_primitiva2.jpg","contentUrl":"https:\/\/content.redfoxlotto.com\/uploads\/sites\/9\/2_ticket_la_primitiva2.jpg"},{"@type":"BreadcrumbList","@id":"https:\/\/redfoxlotto.com\/cs\/loterie\/la-primitiva\/#breadcrumb","itemListElement":[{"@type":"ListItem","position":1,"name":"Home","item":"https:\/\/redfoxlotto.com\/cs\/"},{"@type":"ListItem","position":2,"name":"Jak\u00fdm zp\u016fsobem zakoupit online loterijn\u00ed tikety \u2013 kupn\u00ed proces","item":"https:\/\/redfoxlotto.com\/cs\/loterie\/"},{"@type":"ListItem","position":3,"name":"Z\u00edsk\u00e1n\u00ed tiket\u016f ke h\u0159e La Primitiva online"}]},{"@type":"WebSite","@id":"https:\/\/redfoxlotto.com\/cs\/#website","url":"https:\/\/redfoxlotto.com\/cs\/","name":"Get Tickets for the World\u2019s largest jackpots","description":"Participate in worldwide lottery jackpots from any country","publisher":{"@id":"https:\/\/redfoxlotto.com\/cs\/#organization"},"potentialAction":[{"@type":"SearchAction","target":{"@type":"EntryPoint","urlTemplate":"https:\/\/redfoxlotto.com\/cs\/?s={search_term_string}"},"query-input":{"@type":"PropertyValueSpecification","valueRequired":true,"valueName":"search_term_string"}}],"inLanguage":"cs"},{"@type":"Organization","@id":"https:\/\/redfoxlotto.com\/cs\/#organization","name":"Get Tickets for the World\u2019s largest jackpots","url":"https:\/\/redfoxlotto.com\/cs\/","logo":{"@type":"ImageObject","inLanguage":"cs","@id":"https:\/\/redfoxlotto.com\/cs\/#\/schema\/logo\/image\/","url":"https:\/\/redfoxlotto.com\/wp-content\/uploads\/2023\/04\/logo.png","contentUrl":"https:\/\/redfoxlotto.com\/wp-content\/uploads\/2023\/04\/logo.png","width":269,"height":53,"caption":"Get Tickets for the World\u2019s largest jackpots"},"image":{"@id":"https:\/\/redfoxlotto.com\/cs\/#\/schema\/logo\/image\/"}}]}},"_links":{"self":[{"href":"https:\/\/redfoxlotto.com\/cs\/wp-json\/wp\/v2\/pages\/6759","targetHints":{"allow":["GET"]}}],"collection":[{"href":"https:\/\/redfoxlotto.com\/cs\/wp-json\/wp\/v2\/pages"}],"about":[{"href":"https:\/\/redfoxlotto.com\/cs\/wp-json\/wp\/v2\/types\/page"}],"author":[{"embeddable":true,"href":"https:\/\/redfoxlotto.com\/cs\/wp-json\/wp\/v2\/users\/1"}],"replies":[{"embeddable":true,"href":"https:\/\/redfoxlotto.com\/cs\/wp-json\/wp\/v2\/comments?post=6759"}],"version-history":[{"count":0,"href":"https:\/\/redfoxlotto.com\/cs\/wp-json\/wp\/v2\/pages\/6759\/revisions"}],"up":[{"embeddable":true,"href":"https:\/\/redfoxlotto.com\/cs\/wp-json\/wp\/v2\/pages\/5766"}],"wp:attachment":[{"href":"https:\/\/redfoxlotto.com\/cs\/wp-json\/wp\/v2\/media?parent=6759"}],"curies":[{"name":"wp","href":"https:\/\/api.w.org\/{rel}","templated":true}]}}