{"id":6758,"date":"2023-04-24T17:52:16","date_gmt":"2023-04-24T17:52:16","guid":{"rendered":"https:\/\/redfoxlotto.com\/?page_id=6758"},"modified":"2023-05-15T13:37:50","modified_gmt":"2023-05-15T13:37:50","slug":"la-primitiva","status":"publish","type":"page","link":"https:\/\/redfoxlotto.com\/cs\/hrat\/la-primitiva\/","title":{"rendered":"Jak se \u00fa\u010dastnit hry La Primitiva"},"content":{"rendered":"<h2 class=\"wp-block-heading\">\u0160pan\u011blsk\u00e1 t\u00fddenn\u00ed loterie La Primitiva<\/h2><p><img loading=\"lazy\" decoding=\"async\" class=\" wp-image alignright\" src=\"https:\/\/content.redfoxlotto.com\/uploads\/sites\/9\/1_play_lotto_to_win.jpg\" alt=\"La Primitiva hr\u00e1t online\" width=\"241\" height=\"172\" \/><\/p><p>La Primitiva je \u0161pan\u011blsk\u00e1 loterie, kter\u00e1 je \u010dasto zam\u011b\u0148ov\u00e1na s El Gordo. Ob\u011b jsou vlastn\u011bny stejnou spole\u010dnost\u00ed. La Primitiva je t\u00fddenn\u00ed \u0161pan\u011blsk\u00e1 loterie se slosov\u00e1n\u00edm ka\u017ed\u00fd \u010dtvrtek a sobotu. Budete muset vybrat 6 \u010d\u00edsel ze 49 pro dokon\u010den\u00ed Va\u0161eho tiketu.<\/p><h2 class=\"wp-block-heading\">Kde mohu hr\u00e1t La Primitiva online?<\/h2><p><img decoding=\"async\" class=\"size-full wp-image alignright\" src=\"https:\/\/content.redfoxlotto.com\/uploads\/sites\/9\/2_ticket_la_primitiva4.jpg\" alt=\"vyhr\u00e1t La Primitiva\"><\/p><p>Pokud byste cht\u011bli hr\u00e1t La Primitiva z \u010cesk\u00e9 republiky, m\u016f\u017eete to ud\u011blat zde na na\u0161em webu. Pou\u017eijte n\u00e1\u0161 gener\u00e1tor n\u00e1hodn\u00fdch \u010d\u00edsel nebo si sami vyberte sv\u00e1 \u010d\u00edsla.<\/p><p>Po dokon\u010den\u00ed objedn\u00e1vky tiket\u016f (<a href=\"https:\/\/redfoxlotto.com\/cs\/hrat\/\">nev\u00e1hejte p\u0159idat i tikety do jin\u00fdch loteri\u00ed<\/a>) si mus\u00edte u n\u00e1s vytvo\u0159it z\u00e1kaznick\u00fd \u00fa\u010det a platit online. Nezapome\u0148te zkontrolovat ve sv\u00e9 e-mailov\u00e9 schr\u00e1nce zpr\u00e1vu, kter\u00e1 obsahuje odkaz pro potvrzen\u00ed Va\u0161\u00ed registrace. Poznamenejte si sv\u00e9 p\u0159ihla\u0161ovac\u00ed \u00fadaje. S t\u011bmito p\u0159ihla\u0161ovac\u00edmi \u00fadaji m\u016f\u017eete kdykoli zkontrolovat sv\u00e9 v\u00fdhry.<\/p><p>Samoz\u0159ejm\u011b se m\u016f\u017eete v\u017edy vr\u00e1tit a hr\u00e1t v\u00edce loteri\u00ed. Doporu\u010dujeme pravideln\u011b kontrolovat a pod\u00edvat se na aktu\u00e1ln\u00ed velikosti jackpot\u016f.<\/p>","protected":false},"excerpt":{"rendered":"<p>\u0160pan\u011blsk\u00e1 t\u00fddenn\u00ed loterie La Primitiva La Primitiva je \u0161pan\u011blsk\u00e1 loterie, kter\u00e1 je \u010dasto zam\u011b\u0148ov\u00e1na s El Gordo. Ob\u011b jsou vlastn\u011bny stejnou spole\u010dnost\u00ed. La Primitiva je t\u00fddenn\u00ed \u0161pan\u011blsk\u00e1 loterie se slosov\u00e1n\u00edm ka\u017ed\u00fd \u010dtvrtek a sobotu. Budete muset vybrat 6 \u010d\u00edsel ze 49 pro dokon\u010den\u00ed Va\u0161eho tiketu. Kde mohu hr\u00e1t La Primitiva online? Pokud byste cht\u011bli hr\u00e1t [&hellip;]<\/p>\n","protected":false},"author":1,"featured_media":0,"parent":5784,"menu_order":7,"comment_status":"closed","ping_status":"closed","template":"la-primitiva.php","meta":{"_et_pb_use_builder":"","_et_pb_old_content":"","_et_gb_content_width":"","exclude_from_search":false,"footnotes":""},"class_list":["post-6758","page","type-page","status-publish","hentry"],"yoast_head":"<!-- This site is optimized with the Yoast SEO plugin v27.4 - https:\/\/yoast.com\/product\/yoast-seo-wordpress\/ -->\n<title>Hrajte La Primitiva z \u010cesk\u00e9 republiky<\/title>\n<meta name=\"description\" content=\"Uk\u00e1\u017eeme v\u00e1m, jak m\u016f\u017eete hr\u00e1t \u0161pan\u011blskou loterii La Primitiva z \u010cesk\u00e9 republiky\" \/>\n<meta name=\"robots\" content=\"index, follow, max-snippet:-1, max-image-preview:large, max-video-preview:-1\" \/>\n<link rel=\"canonical\" href=\"https:\/\/redfoxlotto.com\/cs\/hrat\/la-primitiva\/\" \/>\n<meta property=\"og:locale\" content=\"cs_CZ\" \/>\n<meta property=\"og:type\" content=\"article\" \/>\n<meta property=\"og:title\" content=\"Hrajte La Primitiva z \u010cesk\u00e9 republiky\" \/>\n<meta property=\"og:description\" content=\"Uk\u00e1\u017eeme v\u00e1m, jak m\u016f\u017eete hr\u00e1t \u0161pan\u011blskou loterii La Primitiva z \u010cesk\u00e9 republiky\" \/>\n<meta property=\"og:url\" content=\"https:\/\/redfoxlotto.com\/cs\/hrat\/la-primitiva\/\" \/>\n<meta property=\"og:site_name\" content=\"Get Tickets for the World\u2019s largest jackpots\" \/>\n<meta property=\"article:modified_time\" content=\"2023-05-15T13:37:50+00:00\" \/>\n<meta property=\"og:image\" content=\"https:\/\/content.redfoxlotto.com\/uploads\/sites\/9\/1_play_lotto_to_win.jpg\" \/>\n<meta name=\"twitter:card\" content=\"summary_large_image\" \/>\n<meta name=\"twitter:label1\" content=\"Odhadovan\u00e1 doba \u010dten\u00ed\" \/>\n\t<meta name=\"twitter:data1\" content=\"2 minuty\" \/>\n<script type=\"application\/ld+json\" class=\"yoast-schema-graph\">{\"@context\":\"https:\\\/\\\/schema.org\",\"@graph\":[{\"@type\":\"WebPage\",\"@id\":\"https:\\\/\\\/redfoxlotto.com\\\/cs\\\/hrat\\\/la-primitiva\\\/\",\"url\":\"https:\\\/\\\/redfoxlotto.com\\\/cs\\\/hrat\\\/la-primitiva\\\/\",\"name\":\"Hrajte La Primitiva z \u010cesk\u00e9 republiky\",\"isPartOf\":{\"@id\":\"https:\\\/\\\/redfoxlotto.com\\\/cs\\\/#website\"},\"primaryImageOfPage\":{\"@id\":\"https:\\\/\\\/redfoxlotto.com\\\/cs\\\/hrat\\\/la-primitiva\\\/#primaryimage\"},\"image\":{\"@id\":\"https:\\\/\\\/redfoxlotto.com\\\/cs\\\/hrat\\\/la-primitiva\\\/#primaryimage\"},\"thumbnailUrl\":\"https:\\\/\\\/content.redfoxlotto.com\\\/uploads\\\/sites\\\/9\\\/1_play_lotto_to_win.jpg\",\"datePublished\":\"2023-04-24T17:52:16+00:00\",\"dateModified\":\"2023-05-15T13:37:50+00:00\",\"description\":\"Uk\u00e1\u017eeme v\u00e1m, jak m\u016f\u017eete hr\u00e1t \u0161pan\u011blskou loterii La Primitiva z \u010cesk\u00e9 republiky\",\"breadcrumb\":{\"@id\":\"https:\\\/\\\/redfoxlotto.com\\\/cs\\\/hrat\\\/la-primitiva\\\/#breadcrumb\"},\"inLanguage\":\"cs\",\"potentialAction\":[{\"@type\":\"ReadAction\",\"target\":[\"https:\\\/\\\/redfoxlotto.com\\\/cs\\\/hrat\\\/la-primitiva\\\/\"]}]},{\"@type\":\"ImageObject\",\"inLanguage\":\"cs\",\"@id\":\"https:\\\/\\\/redfoxlotto.com\\\/cs\\\/hrat\\\/la-primitiva\\\/#primaryimage\",\"url\":\"https:\\\/\\\/content.redfoxlotto.com\\\/uploads\\\/sites\\\/9\\\/1_play_lotto_to_win.jpg\",\"contentUrl\":\"https:\\\/\\\/content.redfoxlotto.com\\\/uploads\\\/sites\\\/9\\\/1_play_lotto_to_win.jpg\"},{\"@type\":\"BreadcrumbList\",\"@id\":\"https:\\\/\\\/redfoxlotto.com\\\/cs\\\/hrat\\\/la-primitiva\\\/#breadcrumb\",\"itemListElement\":[{\"@type\":\"ListItem\",\"position\":1,\"name\":\"Home\",\"item\":\"https:\\\/\\\/redfoxlotto.com\\\/cs\\\/\"},{\"@type\":\"ListItem\",\"position\":2,\"name\":\"Jak hr\u00e1t\",\"item\":\"https:\\\/\\\/redfoxlotto.com\\\/cs\\\/hrat\\\/\"},{\"@type\":\"ListItem\",\"position\":3,\"name\":\"Jak se \u00fa\u010dastnit hry La Primitiva\"}]},{\"@type\":\"WebSite\",\"@id\":\"https:\\\/\\\/redfoxlotto.com\\\/cs\\\/#website\",\"url\":\"https:\\\/\\\/redfoxlotto.com\\\/cs\\\/\",\"name\":\"Get Tickets for the World\u2019s largest jackpots\",\"description\":\"Participate in worldwide lottery jackpots from any country\",\"publisher\":{\"@id\":\"https:\\\/\\\/redfoxlotto.com\\\/cs\\\/#organization\"},\"potentialAction\":[{\"@type\":\"SearchAction\",\"target\":{\"@type\":\"EntryPoint\",\"urlTemplate\":\"https:\\\/\\\/redfoxlotto.com\\\/cs\\\/?s={search_term_string}\"},\"query-input\":{\"@type\":\"PropertyValueSpecification\",\"valueRequired\":true,\"valueName\":\"search_term_string\"}}],\"inLanguage\":\"cs\"},{\"@type\":\"Organization\",\"@id\":\"https:\\\/\\\/redfoxlotto.com\\\/cs\\\/#organization\",\"name\":\"Get Tickets for the World\u2019s largest jackpots\",\"url\":\"https:\\\/\\\/redfoxlotto.com\\\/cs\\\/\",\"logo\":{\"@type\":\"ImageObject\",\"inLanguage\":\"cs\",\"@id\":\"https:\\\/\\\/redfoxlotto.com\\\/cs\\\/#\\\/schema\\\/logo\\\/image\\\/\",\"url\":\"https:\\\/\\\/redfoxlotto.com\\\/wp-content\\\/uploads\\\/2023\\\/04\\\/logo.png\",\"contentUrl\":\"https:\\\/\\\/redfoxlotto.com\\\/wp-content\\\/uploads\\\/2023\\\/04\\\/logo.png\",\"width\":269,\"height\":53,\"caption\":\"Get Tickets for the World\u2019s largest jackpots\"},\"image\":{\"@id\":\"https:\\\/\\\/redfoxlotto.com\\\/cs\\\/#\\\/schema\\\/logo\\\/image\\\/\"}}]}<\/script>\n<!-- \/ Yoast SEO plugin. -->","yoast_head_json":{"title":"Hrajte La Primitiva z \u010cesk\u00e9 republiky","description":"Uk\u00e1\u017eeme v\u00e1m, jak m\u016f\u017eete hr\u00e1t \u0161pan\u011blskou loterii La Primitiva z \u010cesk\u00e9 republiky","robots":{"index":"index","follow":"follow","max-snippet":"max-snippet:-1","max-image-preview":"max-image-preview:large","max-video-preview":"max-video-preview:-1"},"canonical":"https:\/\/redfoxlotto.com\/cs\/hrat\/la-primitiva\/","og_locale":"cs_CZ","og_type":"article","og_title":"Hrajte La Primitiva z \u010cesk\u00e9 republiky","og_description":"Uk\u00e1\u017eeme v\u00e1m, jak m\u016f\u017eete hr\u00e1t \u0161pan\u011blskou loterii La Primitiva z \u010cesk\u00e9 republiky","og_url":"https:\/\/redfoxlotto.com\/cs\/hrat\/la-primitiva\/","og_site_name":"Get Tickets for the World\u2019s largest jackpots","article_modified_time":"2023-05-15T13:37:50+00:00","og_image":[{"url":"https:\/\/content.redfoxlotto.com\/uploads\/sites\/9\/1_play_lotto_to_win.jpg","type":"","width":"","height":""}],"twitter_card":"summary_large_image","twitter_misc":{"Odhadovan\u00e1 doba \u010dten\u00ed":"2 minuty"},"schema":{"@context":"https:\/\/schema.org","@graph":[{"@type":"WebPage","@id":"https:\/\/redfoxlotto.com\/cs\/hrat\/la-primitiva\/","url":"https:\/\/redfoxlotto.com\/cs\/hrat\/la-primitiva\/","name":"Hrajte La Primitiva z \u010cesk\u00e9 republiky","isPartOf":{"@id":"https:\/\/redfoxlotto.com\/cs\/#website"},"primaryImageOfPage":{"@id":"https:\/\/redfoxlotto.com\/cs\/hrat\/la-primitiva\/#primaryimage"},"image":{"@id":"https:\/\/redfoxlotto.com\/cs\/hrat\/la-primitiva\/#primaryimage"},"thumbnailUrl":"https:\/\/content.redfoxlotto.com\/uploads\/sites\/9\/1_play_lotto_to_win.jpg","datePublished":"2023-04-24T17:52:16+00:00","dateModified":"2023-05-15T13:37:50+00:00","description":"Uk\u00e1\u017eeme v\u00e1m, jak m\u016f\u017eete hr\u00e1t \u0161pan\u011blskou loterii La Primitiva z \u010cesk\u00e9 republiky","breadcrumb":{"@id":"https:\/\/redfoxlotto.com\/cs\/hrat\/la-primitiva\/#breadcrumb"},"inLanguage":"cs","potentialAction":[{"@type":"ReadAction","target":["https:\/\/redfoxlotto.com\/cs\/hrat\/la-primitiva\/"]}]},{"@type":"ImageObject","inLanguage":"cs","@id":"https:\/\/redfoxlotto.com\/cs\/hrat\/la-primitiva\/#primaryimage","url":"https:\/\/content.redfoxlotto.com\/uploads\/sites\/9\/1_play_lotto_to_win.jpg","contentUrl":"https:\/\/content.redfoxlotto.com\/uploads\/sites\/9\/1_play_lotto_to_win.jpg"},{"@type":"BreadcrumbList","@id":"https:\/\/redfoxlotto.com\/cs\/hrat\/la-primitiva\/#breadcrumb","itemListElement":[{"@type":"ListItem","position":1,"name":"Home","item":"https:\/\/redfoxlotto.com\/cs\/"},{"@type":"ListItem","position":2,"name":"Jak hr\u00e1t","item":"https:\/\/redfoxlotto.com\/cs\/hrat\/"},{"@type":"ListItem","position":3,"name":"Jak se \u00fa\u010dastnit hry La Primitiva"}]},{"@type":"WebSite","@id":"https:\/\/redfoxlotto.com\/cs\/#website","url":"https:\/\/redfoxlotto.com\/cs\/","name":"Get Tickets for the World\u2019s largest jackpots","description":"Participate in worldwide lottery jackpots from any country","publisher":{"@id":"https:\/\/redfoxlotto.com\/cs\/#organization"},"potentialAction":[{"@type":"SearchAction","target":{"@type":"EntryPoint","urlTemplate":"https:\/\/redfoxlotto.com\/cs\/?s={search_term_string}"},"query-input":{"@type":"PropertyValueSpecification","valueRequired":true,"valueName":"search_term_string"}}],"inLanguage":"cs"},{"@type":"Organization","@id":"https:\/\/redfoxlotto.com\/cs\/#organization","name":"Get Tickets for the World\u2019s largest jackpots","url":"https:\/\/redfoxlotto.com\/cs\/","logo":{"@type":"ImageObject","inLanguage":"cs","@id":"https:\/\/redfoxlotto.com\/cs\/#\/schema\/logo\/image\/","url":"https:\/\/redfoxlotto.com\/wp-content\/uploads\/2023\/04\/logo.png","contentUrl":"https:\/\/redfoxlotto.com\/wp-content\/uploads\/2023\/04\/logo.png","width":269,"height":53,"caption":"Get Tickets for the World\u2019s largest jackpots"},"image":{"@id":"https:\/\/redfoxlotto.com\/cs\/#\/schema\/logo\/image\/"}}]}},"_links":{"self":[{"href":"https:\/\/redfoxlotto.com\/cs\/wp-json\/wp\/v2\/pages\/6758","targetHints":{"allow":["GET"]}}],"collection":[{"href":"https:\/\/redfoxlotto.com\/cs\/wp-json\/wp\/v2\/pages"}],"about":[{"href":"https:\/\/redfoxlotto.com\/cs\/wp-json\/wp\/v2\/types\/page"}],"author":[{"embeddable":true,"href":"https:\/\/redfoxlotto.com\/cs\/wp-json\/wp\/v2\/users\/1"}],"replies":[{"embeddable":true,"href":"https:\/\/redfoxlotto.com\/cs\/wp-json\/wp\/v2\/comments?post=6758"}],"version-history":[{"count":0,"href":"https:\/\/redfoxlotto.com\/cs\/wp-json\/wp\/v2\/pages\/6758\/revisions"}],"up":[{"embeddable":true,"href":"https:\/\/redfoxlotto.com\/cs\/wp-json\/wp\/v2\/pages\/5784"}],"wp:attachment":[{"href":"https:\/\/redfoxlotto.com\/cs\/wp-json\/wp\/v2\/media?parent=6758"}],"curies":[{"name":"wp","href":"https:\/\/api.w.org\/{rel}","templated":true}]}}