{"id":6754,"date":"2023-05-13T06:20:30","date_gmt":"2023-05-13T06:20:30","guid":{"rendered":"https:\/\/redfoxlotto.com\/?page_id=6754"},"modified":"2019-12-23T09:58:30","modified_gmt":"2019-12-23T09:58:30","slug":"el-gordo-primitiva","status":"publish","type":"page","link":"https:\/\/redfoxlotto.com\/cs\/hrat\/el-gordo-primitiva\/","title":{"rendered":"Hr\u00e1t El Gordo"},"content":{"rendered":"<p>El Gordo je dal\u0161\u00ed velmi popul\u00e1rn\u00ed \u0161pan\u011blsk\u00e1 loterie, kterou m\u016f\u017eete <strong>hr\u00e1t online, z \u010cesk\u00e9 republiky a z kter\u00e9koli jin\u00e9 zem\u011b.<\/strong> Tato loterie je zn\u00e1m\u00e1 hlavn\u011b sv\u00fdm v\u00e1no\u010dn\u00edm vyd\u00e1n\u00edm, ale je tak\u00e9 atraktivn\u00ed hr\u00e1t t\u00fddenn\u00ed slosov\u00e1n\u00ed.<\/p><p><img loading=\"lazy\" decoding=\"async\" class=\" wp-image alignright\" src=\"https:\/\/content.redfoxlotto.com\/uploads\/sites\/9\/2_ticket_el_gordo3.jpg\" alt=\"\u0160pan\u011blsko El Gordo hr\u00e1t online\" width=\"259\" height=\"358\" \/><\/p><h2 class=\"wp-block-heading\">El Gordo V\u00e1no\u010dn\u00ed edice<\/h2><p>V t\u00e9to loterii se prod\u00e1v\u00e1 100 000 tiket\u016f. Cena za jeden cel\u00fd tiket je 200 \u20ac. Ale \u010d\u00e1ste\u010dn\u00e9 tikety lze tak\u00e9 zakoupit jako tzv. \u201eDecimos\u201c. Slosov\u00e1n\u00ed prov\u00e1z\u00ed slavnostn\u00ed ceremoni\u00e1l, kde d\u011bti zp\u00edvaj\u00ed ta\u017een\u00e1 \u010d\u00edsla.<\/p><p>Existuje velk\u00e1 kulat\u00e1 klec obsahuj\u00edc\u00ed 100 000 d\u0159ev\u011bn\u00fdch m\u00ed\u010d\u016f s \u010d\u00edsly tiket\u016f. A pak je tu druh\u00e1 klec, obsahuj\u00edc\u00ed 1807 m\u00ed\u010d\u016f ur\u010duj\u00edc\u00edch, kter\u00e1 cena vyhr\u00e1v\u00e1. Jeden z t\u011bchto m\u00ed\u010d\u016f je pro \u201eGordo\u201c, co\u017e znamen\u00e1 jackpot. Sou\u010dasn\u011b jsou ta\u017eeny dva m\u00ed\u010de a d\u011bti pak v\u00fdsledky zp\u00edvaj\u00ed.<\/p><p>Jakmile budou tikety na <a href=\"https:\/\/redfoxlotto.com\/cs\/\">tuto loterii k dispozici<\/a>, m\u016f\u017eete si je koupit zde na na\u0161em webu. Na\u0161e online slu\u017eba je k dispozici tak\u00e9 pro loterijn\u00ed hr\u00e1\u010de z \u010cesk\u00e9 republiky.<\/p>","protected":false},"excerpt":{"rendered":"<p>El Gordo je dal\u0161\u00ed velmi popul\u00e1rn\u00ed \u0161pan\u011blsk\u00e1 loterie, kterou m\u016f\u017eete hr\u00e1t online, z \u010cesk\u00e9 republiky a z kter\u00e9koli jin\u00e9 zem\u011b. Tato loterie je zn\u00e1m\u00e1 hlavn\u011b sv\u00fdm v\u00e1no\u010dn\u00edm vyd\u00e1n\u00edm, ale je tak\u00e9 atraktivn\u00ed hr\u00e1t t\u00fddenn\u00ed slosov\u00e1n\u00ed. El Gordo V\u00e1no\u010dn\u00ed edice V t\u00e9to loterii se prod\u00e1v\u00e1 100 000 tiket\u016f. Cena za jeden cel\u00fd tiket je 200 \u20ac. [&hellip;]<\/p>\n","protected":false},"author":1,"featured_media":0,"parent":5784,"menu_order":6,"comment_status":"closed","ping_status":"closed","template":"el-gordo.php","meta":{"_et_pb_use_builder":"","_et_pb_old_content":"","_et_gb_content_width":"","exclude_from_search":false,"footnotes":""},"class_list":["post-6754","page","type-page","status-publish","hentry"],"yoast_head":"<!-- This site is optimized with the Yoast SEO plugin v23.8 - https:\/\/yoast.com\/wordpress\/plugins\/seo\/ -->\n<title>Hr\u00e1t El Gordo z \u010cesk\u00e9 republiky<\/title>\n<meta name=\"description\" content=\"El Gordo je nejobl\u00edben\u011bj\u0161\u00ed \u0161pan\u011blskou loteri\u00ed a hr\u00e1\u010di z \u010cesk\u00e9 republiky mohou z\u00edskat tikety na na\u0161em webu\" \/>\n<meta name=\"robots\" content=\"index, follow, max-snippet:-1, max-image-preview:large, max-video-preview:-1\" \/>\n<link rel=\"canonical\" href=\"https:\/\/redfoxlotto.com\/cs\/hrat\/el-gordo-primitiva\/\" \/>\n<meta property=\"og:locale\" content=\"cs_CZ\" \/>\n<meta property=\"og:type\" content=\"article\" \/>\n<meta property=\"og:title\" content=\"Hr\u00e1t El Gordo z \u010cesk\u00e9 republiky\" \/>\n<meta property=\"og:description\" content=\"El Gordo je nejobl\u00edben\u011bj\u0161\u00ed \u0161pan\u011blskou loteri\u00ed a hr\u00e1\u010di z \u010cesk\u00e9 republiky mohou z\u00edskat tikety na na\u0161em webu\" \/>\n<meta property=\"og:url\" content=\"https:\/\/redfoxlotto.com\/cs\/hrat\/el-gordo-primitiva\/\" \/>\n<meta property=\"og:site_name\" content=\"Get Tickets for the World\u2019s largest jackpots\" \/>\n<meta property=\"article:modified_time\" content=\"2019-12-23T09:58:30+00:00\" \/>\n<meta property=\"og:image\" content=\"https:\/\/content.redfoxlotto.com\/uploads\/sites\/9\/2_ticket_el_gordo3.jpg\" \/>\n<meta name=\"twitter:card\" content=\"summary_large_image\" \/>\n<meta name=\"twitter:label1\" content=\"Odhadovan\u00e1 doba \u010dten\u00ed\" \/>\n\t<meta name=\"twitter:data1\" content=\"1 minuta\" \/>\n<script type=\"application\/ld+json\" class=\"yoast-schema-graph\">{\"@context\":\"https:\/\/schema.org\",\"@graph\":[{\"@type\":\"WebPage\",\"@id\":\"https:\/\/redfoxlotto.com\/cs\/hrat\/el-gordo-primitiva\/\",\"url\":\"https:\/\/redfoxlotto.com\/cs\/hrat\/el-gordo-primitiva\/\",\"name\":\"Hr\u00e1t El Gordo z \u010cesk\u00e9 republiky\",\"isPartOf\":{\"@id\":\"https:\/\/redfoxlotto.com\/cs\/#website\"},\"primaryImageOfPage\":{\"@id\":\"https:\/\/redfoxlotto.com\/cs\/hrat\/el-gordo-primitiva\/#primaryimage\"},\"image\":{\"@id\":\"https:\/\/redfoxlotto.com\/cs\/hrat\/el-gordo-primitiva\/#primaryimage\"},\"thumbnailUrl\":\"https:\/\/content.redfoxlotto.com\/uploads\/sites\/9\/2_ticket_el_gordo3.jpg\",\"datePublished\":\"2023-05-13T06:20:30+00:00\",\"dateModified\":\"2019-12-23T09:58:30+00:00\",\"description\":\"El Gordo je nejobl\u00edben\u011bj\u0161\u00ed \u0161pan\u011blskou loteri\u00ed a hr\u00e1\u010di z \u010cesk\u00e9 republiky mohou z\u00edskat tikety na na\u0161em webu\",\"breadcrumb\":{\"@id\":\"https:\/\/redfoxlotto.com\/cs\/hrat\/el-gordo-primitiva\/#breadcrumb\"},\"inLanguage\":\"cs\",\"potentialAction\":[{\"@type\":\"ReadAction\",\"target\":[\"https:\/\/redfoxlotto.com\/cs\/hrat\/el-gordo-primitiva\/\"]}]},{\"@type\":\"ImageObject\",\"inLanguage\":\"cs\",\"@id\":\"https:\/\/redfoxlotto.com\/cs\/hrat\/el-gordo-primitiva\/#primaryimage\",\"url\":\"https:\/\/content.redfoxlotto.com\/uploads\/sites\/9\/2_ticket_el_gordo3.jpg\",\"contentUrl\":\"https:\/\/content.redfoxlotto.com\/uploads\/sites\/9\/2_ticket_el_gordo3.jpg\"},{\"@type\":\"BreadcrumbList\",\"@id\":\"https:\/\/redfoxlotto.com\/cs\/hrat\/el-gordo-primitiva\/#breadcrumb\",\"itemListElement\":[{\"@type\":\"ListItem\",\"position\":1,\"name\":\"Home\",\"item\":\"https:\/\/redfoxlotto.com\/cs\/\"},{\"@type\":\"ListItem\",\"position\":2,\"name\":\"Jak hr\u00e1t\",\"item\":\"https:\/\/redfoxlotto.com\/cs\/hrat\/\"},{\"@type\":\"ListItem\",\"position\":3,\"name\":\"Hr\u00e1t El Gordo\"}]},{\"@type\":\"WebSite\",\"@id\":\"https:\/\/redfoxlotto.com\/cs\/#website\",\"url\":\"https:\/\/redfoxlotto.com\/cs\/\",\"name\":\"Get Tickets for the World\u2019s largest jackpots\",\"description\":\"Participate in worldwide lottery jackpots from any country\",\"publisher\":{\"@id\":\"https:\/\/redfoxlotto.com\/cs\/#organization\"},\"potentialAction\":[{\"@type\":\"SearchAction\",\"target\":{\"@type\":\"EntryPoint\",\"urlTemplate\":\"https:\/\/redfoxlotto.com\/cs\/?s={search_term_string}\"},\"query-input\":{\"@type\":\"PropertyValueSpecification\",\"valueRequired\":true,\"valueName\":\"search_term_string\"}}],\"inLanguage\":\"cs\"},{\"@type\":\"Organization\",\"@id\":\"https:\/\/redfoxlotto.com\/cs\/#organization\",\"name\":\"Get Tickets for the World\u2019s largest jackpots\",\"url\":\"https:\/\/redfoxlotto.com\/cs\/\",\"logo\":{\"@type\":\"ImageObject\",\"inLanguage\":\"cs\",\"@id\":\"https:\/\/redfoxlotto.com\/cs\/#\/schema\/logo\/image\/\",\"url\":\"https:\/\/redfoxlotto.com\/wp-content\/uploads\/2023\/04\/logo.png\",\"contentUrl\":\"https:\/\/redfoxlotto.com\/wp-content\/uploads\/2023\/04\/logo.png\",\"width\":269,\"height\":53,\"caption\":\"Get Tickets for the World\u2019s largest jackpots\"},\"image\":{\"@id\":\"https:\/\/redfoxlotto.com\/cs\/#\/schema\/logo\/image\/\"}}]}<\/script>\n<!-- \/ Yoast SEO plugin. -->","yoast_head_json":{"title":"Hr\u00e1t El Gordo z \u010cesk\u00e9 republiky","description":"El Gordo je nejobl\u00edben\u011bj\u0161\u00ed \u0161pan\u011blskou loteri\u00ed a hr\u00e1\u010di z \u010cesk\u00e9 republiky mohou z\u00edskat tikety na na\u0161em webu","robots":{"index":"index","follow":"follow","max-snippet":"max-snippet:-1","max-image-preview":"max-image-preview:large","max-video-preview":"max-video-preview:-1"},"canonical":"https:\/\/redfoxlotto.com\/cs\/hrat\/el-gordo-primitiva\/","og_locale":"cs_CZ","og_type":"article","og_title":"Hr\u00e1t El Gordo z \u010cesk\u00e9 republiky","og_description":"El Gordo je nejobl\u00edben\u011bj\u0161\u00ed \u0161pan\u011blskou loteri\u00ed a hr\u00e1\u010di z \u010cesk\u00e9 republiky mohou z\u00edskat tikety na na\u0161em webu","og_url":"https:\/\/redfoxlotto.com\/cs\/hrat\/el-gordo-primitiva\/","og_site_name":"Get Tickets for the World\u2019s largest jackpots","article_modified_time":"2019-12-23T09:58:30+00:00","og_image":[{"url":"https:\/\/content.redfoxlotto.com\/uploads\/sites\/9\/2_ticket_el_gordo3.jpg"}],"twitter_card":"summary_large_image","twitter_misc":{"Odhadovan\u00e1 doba \u010dten\u00ed":"1 minuta"},"schema":{"@context":"https:\/\/schema.org","@graph":[{"@type":"WebPage","@id":"https:\/\/redfoxlotto.com\/cs\/hrat\/el-gordo-primitiva\/","url":"https:\/\/redfoxlotto.com\/cs\/hrat\/el-gordo-primitiva\/","name":"Hr\u00e1t El Gordo z \u010cesk\u00e9 republiky","isPartOf":{"@id":"https:\/\/redfoxlotto.com\/cs\/#website"},"primaryImageOfPage":{"@id":"https:\/\/redfoxlotto.com\/cs\/hrat\/el-gordo-primitiva\/#primaryimage"},"image":{"@id":"https:\/\/redfoxlotto.com\/cs\/hrat\/el-gordo-primitiva\/#primaryimage"},"thumbnailUrl":"https:\/\/content.redfoxlotto.com\/uploads\/sites\/9\/2_ticket_el_gordo3.jpg","datePublished":"2023-05-13T06:20:30+00:00","dateModified":"2019-12-23T09:58:30+00:00","description":"El Gordo je nejobl\u00edben\u011bj\u0161\u00ed \u0161pan\u011blskou loteri\u00ed a hr\u00e1\u010di z \u010cesk\u00e9 republiky mohou z\u00edskat tikety na na\u0161em webu","breadcrumb":{"@id":"https:\/\/redfoxlotto.com\/cs\/hrat\/el-gordo-primitiva\/#breadcrumb"},"inLanguage":"cs","potentialAction":[{"@type":"ReadAction","target":["https:\/\/redfoxlotto.com\/cs\/hrat\/el-gordo-primitiva\/"]}]},{"@type":"ImageObject","inLanguage":"cs","@id":"https:\/\/redfoxlotto.com\/cs\/hrat\/el-gordo-primitiva\/#primaryimage","url":"https:\/\/content.redfoxlotto.com\/uploads\/sites\/9\/2_ticket_el_gordo3.jpg","contentUrl":"https:\/\/content.redfoxlotto.com\/uploads\/sites\/9\/2_ticket_el_gordo3.jpg"},{"@type":"BreadcrumbList","@id":"https:\/\/redfoxlotto.com\/cs\/hrat\/el-gordo-primitiva\/#breadcrumb","itemListElement":[{"@type":"ListItem","position":1,"name":"Home","item":"https:\/\/redfoxlotto.com\/cs\/"},{"@type":"ListItem","position":2,"name":"Jak hr\u00e1t","item":"https:\/\/redfoxlotto.com\/cs\/hrat\/"},{"@type":"ListItem","position":3,"name":"Hr\u00e1t El Gordo"}]},{"@type":"WebSite","@id":"https:\/\/redfoxlotto.com\/cs\/#website","url":"https:\/\/redfoxlotto.com\/cs\/","name":"Get Tickets for the World\u2019s largest jackpots","description":"Participate in worldwide lottery jackpots from any country","publisher":{"@id":"https:\/\/redfoxlotto.com\/cs\/#organization"},"potentialAction":[{"@type":"SearchAction","target":{"@type":"EntryPoint","urlTemplate":"https:\/\/redfoxlotto.com\/cs\/?s={search_term_string}"},"query-input":{"@type":"PropertyValueSpecification","valueRequired":true,"valueName":"search_term_string"}}],"inLanguage":"cs"},{"@type":"Organization","@id":"https:\/\/redfoxlotto.com\/cs\/#organization","name":"Get Tickets for the World\u2019s largest jackpots","url":"https:\/\/redfoxlotto.com\/cs\/","logo":{"@type":"ImageObject","inLanguage":"cs","@id":"https:\/\/redfoxlotto.com\/cs\/#\/schema\/logo\/image\/","url":"https:\/\/redfoxlotto.com\/wp-content\/uploads\/2023\/04\/logo.png","contentUrl":"https:\/\/redfoxlotto.com\/wp-content\/uploads\/2023\/04\/logo.png","width":269,"height":53,"caption":"Get Tickets for the World\u2019s largest jackpots"},"image":{"@id":"https:\/\/redfoxlotto.com\/cs\/#\/schema\/logo\/image\/"}}]}},"_links":{"self":[{"href":"https:\/\/redfoxlotto.com\/cs\/wp-json\/wp\/v2\/pages\/6754","targetHints":{"allow":["GET"]}}],"collection":[{"href":"https:\/\/redfoxlotto.com\/cs\/wp-json\/wp\/v2\/pages"}],"about":[{"href":"https:\/\/redfoxlotto.com\/cs\/wp-json\/wp\/v2\/types\/page"}],"author":[{"embeddable":true,"href":"https:\/\/redfoxlotto.com\/cs\/wp-json\/wp\/v2\/users\/1"}],"replies":[{"embeddable":true,"href":"https:\/\/redfoxlotto.com\/cs\/wp-json\/wp\/v2\/comments?post=6754"}],"version-history":[{"count":0,"href":"https:\/\/redfoxlotto.com\/cs\/wp-json\/wp\/v2\/pages\/6754\/revisions"}],"up":[{"embeddable":true,"href":"https:\/\/redfoxlotto.com\/cs\/wp-json\/wp\/v2\/pages\/5784"}],"wp:attachment":[{"href":"https:\/\/redfoxlotto.com\/cs\/wp-json\/wp\/v2\/media?parent=6754"}],"curies":[{"name":"wp","href":"https:\/\/api.w.org\/{rel}","templated":true}]}}