{"id":6753,"date":"2018-11-18T08:54:25","date_gmt":"2018-11-18T08:54:25","guid":{"rendered":"https:\/\/redfoxlotto.com\/?page_id=6753"},"modified":"2019-12-23T10:01:58","modified_gmt":"2019-12-23T10:01:58","slug":"el-gordo-primitiva","status":"publish","type":"page","link":"https:\/\/redfoxlotto.com\/cs\/vysledky\/el-gordo-primitiva\/","title":{"rendered":"V\u00fdsledky hry El Gordo"},"content":{"rendered":"<p>Pod\u00edvejte se na nejnov\u011bj\u0161\u00ed v\u00fdsledky slosov\u00e1n\u00ed El Gordo zde na na\u0161em webu. Pokud ji\u017e m\u00e1te tiket, p\u0159ejd\u011bte do sv\u00e9ho \u00fa\u010dtu v \u010d\u00e1sti \u201eMoje tikety\u201c a uvid\u00edte, zda V\u00e1\u0161 tiket hned nevyhr\u00e1l.<\/p><p><img decoding=\"async\" class=\"size-full wp-image alignright\" src=\"https:\/\/content.redfoxlotto.com\/uploads\/sites\/9\/1_results_draw_numbers.jpg\" alt=\"v\u00fdsledky lotto\"><\/p><h2 class=\"wp-block-heading\">V\u00fdsledky El Gordo Navidad<\/h2><p>Kdy\u017e hrajete \u0161pan\u011blskou El Gordo, v\u00e1no\u010dn\u00ed loterii, p\u0159ipravte se na velmi zvl\u00e1\u0161tn\u00ed typ slosov\u00e1n\u00ed. P\u0159i t\u0159\u00edhodinov\u00e9m ceremoni\u00e1lu, kter\u00fd se kon\u00e1 ka\u017ed\u00fd rok 22. prosince, se vylosuj\u00ed v\u00fdhern\u00ed \u010d\u00edsla. Cel\u00fd postup je vys\u00edl\u00e1n \u017eiv\u011b v televizi. Budou tam dva obrovsk\u00e9 zlat\u00e9 bubny, z nich\u017e jeden obsahuje <strong>v\u0161echna \u010d\u00edsla mezi 00000 a 99999<\/strong>, a dal\u0161\u00ed obsahuj\u00edc\u00ed m\u00ed\u010de s typem v\u00fdhry.<\/p><p>V\u00fdsledkem nen\u00ed kombinace \u010d\u00edsel, ale ka\u017ed\u00fd tiket obsahuje jedno p\u011btim\u00edstn\u00e9 \u010d\u00edslo. S cenou 200 \u20ac za tiket si v\u011bt\u0161ina \u00fa\u010dastn\u00edk\u016f koup\u00ed \u201edecimo\u201c, co\u017e je desetina tiketu. V\u011bt\u0161ina cen je sd\u00edlena. A rodiny si \u010dasto kupuj\u00ed pln\u00fd tiket a kdy\u017e jejich \u010d\u00edslo vyhraje, cel\u00e1 rodina n\u011bco vyhraje. D\u00edky tomu je tato loterie je\u0161t\u011b v\u00edce popul\u00e1rn\u00ed.<\/p><p><img loading=\"lazy\" decoding=\"async\" class=\" wp-image alignright\" src=\"https:\/\/content.redfoxlotto.com\/uploads\/sites\/9\/1_lottery_winning_numbers_3.jpg\" alt=\"El Gordo v\u00fdhern\u00ed \u010d\u00edsla\" width=\"273\" height=\"182\" \/><\/p><p>V\u00fdsledky El Gordo budou nejen ukazovat, ale tak\u00e9 je bude zp\u00edvat sbor d\u011bt\u00ed z madridsk\u00e9 \u0161koly San Ildefenso. A\u0165 u\u017e je Va\u0161e v\u00fdhern\u00ed \u010d\u00edslo jak\u00e9koli, nap\u011bt\u00ed trv\u00e1 a\u017e do posledn\u00ed chv\u00edle. Nevzd\u00e1vejte se nad\u011bje, dokud nebude vylosov\u00e1no posledn\u00ed v\u00fdhern\u00ed \u010d\u00edslo.<\/p>","protected":false},"excerpt":{"rendered":"<p>Pod\u00edvejte se na nejnov\u011bj\u0161\u00ed v\u00fdsledky slosov\u00e1n\u00ed El Gordo zde na na\u0161em webu. Pokud ji\u017e m\u00e1te tiket, p\u0159ejd\u011bte do sv\u00e9ho \u00fa\u010dtu v \u010d\u00e1sti \u201eMoje tikety\u201c a uvid\u00edte, zda V\u00e1\u0161 tiket hned nevyhr\u00e1l. V\u00fdsledky El Gordo Navidad Kdy\u017e hrajete \u0161pan\u011blskou El Gordo, v\u00e1no\u010dn\u00ed loterii, p\u0159ipravte se na velmi zvl\u00e1\u0161tn\u00ed typ slosov\u00e1n\u00ed. P\u0159i t\u0159\u00edhodinov\u00e9m ceremoni\u00e1lu, kter\u00fd se kon\u00e1 [&hellip;]<\/p>\n","protected":false},"author":1,"featured_media":0,"parent":5774,"menu_order":6,"comment_status":"closed","ping_status":"closed","template":"el-gordo-results.php","meta":{"_et_pb_use_builder":"","_et_pb_old_content":"","_et_gb_content_width":"","exclude_from_search":false,"footnotes":""},"class_list":["post-6753","page","type-page","status-publish","hentry"],"yoast_head":"<!-- This site is optimized with the Yoast SEO plugin v23.8 - https:\/\/yoast.com\/wordpress\/plugins\/seo\/ -->\n<title>V\u00fdsledky a v\u00fdhern\u00ed \u010d\u00edsla \u0161pan\u011blsk\u00e9 loterie El Gordo<\/title>\n<meta name=\"description\" content=\"El Gordo, v\u00e1no\u010dn\u00ed verze La Primitiva - jej\u00ed v\u00fdsledky jsou odhaleny p\u0159i speci\u00e1ln\u00ed ud\u00e1losti!\" \/>\n<meta name=\"robots\" content=\"index, follow, max-snippet:-1, max-image-preview:large, max-video-preview:-1\" \/>\n<link rel=\"canonical\" href=\"https:\/\/redfoxlotto.com\/cs\/vysledky\/el-gordo-primitiva\/\" \/>\n<meta property=\"og:locale\" content=\"cs_CZ\" \/>\n<meta property=\"og:type\" content=\"article\" \/>\n<meta property=\"og:title\" content=\"V\u00fdsledky a v\u00fdhern\u00ed \u010d\u00edsla \u0161pan\u011blsk\u00e9 loterie El Gordo\" \/>\n<meta property=\"og:description\" content=\"El Gordo, v\u00e1no\u010dn\u00ed verze La Primitiva - jej\u00ed v\u00fdsledky jsou odhaleny p\u0159i speci\u00e1ln\u00ed ud\u00e1losti!\" \/>\n<meta property=\"og:url\" content=\"https:\/\/redfoxlotto.com\/cs\/vysledky\/el-gordo-primitiva\/\" \/>\n<meta property=\"og:site_name\" content=\"Get Tickets for the World\u2019s largest jackpots\" \/>\n<meta property=\"article:modified_time\" content=\"2019-12-23T10:01:58+00:00\" \/>\n<meta property=\"og:image\" content=\"https:\/\/content.redfoxlotto.com\/uploads\/sites\/9\/1_results_draw_numbers.jpg\" \/>\n<meta name=\"twitter:card\" content=\"summary_large_image\" \/>\n<meta name=\"twitter:label1\" content=\"Odhadovan\u00e1 doba \u010dten\u00ed\" \/>\n\t<meta name=\"twitter:data1\" content=\"2 minuty\" \/>\n<script type=\"application\/ld+json\" class=\"yoast-schema-graph\">{\"@context\":\"https:\/\/schema.org\",\"@graph\":[{\"@type\":\"WebPage\",\"@id\":\"https:\/\/redfoxlotto.com\/cs\/vysledky\/el-gordo-primitiva\/\",\"url\":\"https:\/\/redfoxlotto.com\/cs\/vysledky\/el-gordo-primitiva\/\",\"name\":\"V\u00fdsledky a v\u00fdhern\u00ed \u010d\u00edsla \u0161pan\u011blsk\u00e9 loterie El Gordo\",\"isPartOf\":{\"@id\":\"https:\/\/redfoxlotto.com\/cs\/#website\"},\"primaryImageOfPage\":{\"@id\":\"https:\/\/redfoxlotto.com\/cs\/vysledky\/el-gordo-primitiva\/#primaryimage\"},\"image\":{\"@id\":\"https:\/\/redfoxlotto.com\/cs\/vysledky\/el-gordo-primitiva\/#primaryimage\"},\"thumbnailUrl\":\"https:\/\/content.redfoxlotto.com\/uploads\/sites\/9\/1_results_draw_numbers.jpg\",\"datePublished\":\"2018-11-18T08:54:25+00:00\",\"dateModified\":\"2019-12-23T10:01:58+00:00\",\"description\":\"El Gordo, v\u00e1no\u010dn\u00ed verze La Primitiva - jej\u00ed v\u00fdsledky jsou odhaleny p\u0159i speci\u00e1ln\u00ed ud\u00e1losti!\",\"breadcrumb\":{\"@id\":\"https:\/\/redfoxlotto.com\/cs\/vysledky\/el-gordo-primitiva\/#breadcrumb\"},\"inLanguage\":\"cs\",\"potentialAction\":[{\"@type\":\"ReadAction\",\"target\":[\"https:\/\/redfoxlotto.com\/cs\/vysledky\/el-gordo-primitiva\/\"]}]},{\"@type\":\"ImageObject\",\"inLanguage\":\"cs\",\"@id\":\"https:\/\/redfoxlotto.com\/cs\/vysledky\/el-gordo-primitiva\/#primaryimage\",\"url\":\"https:\/\/content.redfoxlotto.com\/uploads\/sites\/9\/1_results_draw_numbers.jpg\",\"contentUrl\":\"https:\/\/content.redfoxlotto.com\/uploads\/sites\/9\/1_results_draw_numbers.jpg\"},{\"@type\":\"BreadcrumbList\",\"@id\":\"https:\/\/redfoxlotto.com\/cs\/vysledky\/el-gordo-primitiva\/#breadcrumb\",\"itemListElement\":[{\"@type\":\"ListItem\",\"position\":1,\"name\":\"Home\",\"item\":\"https:\/\/redfoxlotto.com\/cs\/\"},{\"@type\":\"ListItem\",\"position\":2,\"name\":\"V\u00fdsledky mezin\u00e1rodn\u00ed loterie\",\"item\":\"https:\/\/redfoxlotto.com\/cs\/vysledky\/\"},{\"@type\":\"ListItem\",\"position\":3,\"name\":\"V\u00fdsledky hry El Gordo\"}]},{\"@type\":\"WebSite\",\"@id\":\"https:\/\/redfoxlotto.com\/cs\/#website\",\"url\":\"https:\/\/redfoxlotto.com\/cs\/\",\"name\":\"Get Tickets for the World\u2019s largest jackpots\",\"description\":\"Participate in worldwide lottery jackpots from any country\",\"publisher\":{\"@id\":\"https:\/\/redfoxlotto.com\/cs\/#organization\"},\"potentialAction\":[{\"@type\":\"SearchAction\",\"target\":{\"@type\":\"EntryPoint\",\"urlTemplate\":\"https:\/\/redfoxlotto.com\/cs\/?s={search_term_string}\"},\"query-input\":{\"@type\":\"PropertyValueSpecification\",\"valueRequired\":true,\"valueName\":\"search_term_string\"}}],\"inLanguage\":\"cs\"},{\"@type\":\"Organization\",\"@id\":\"https:\/\/redfoxlotto.com\/cs\/#organization\",\"name\":\"Get Tickets for the World\u2019s largest jackpots\",\"url\":\"https:\/\/redfoxlotto.com\/cs\/\",\"logo\":{\"@type\":\"ImageObject\",\"inLanguage\":\"cs\",\"@id\":\"https:\/\/redfoxlotto.com\/cs\/#\/schema\/logo\/image\/\",\"url\":\"https:\/\/redfoxlotto.com\/wp-content\/uploads\/2023\/04\/logo.png\",\"contentUrl\":\"https:\/\/redfoxlotto.com\/wp-content\/uploads\/2023\/04\/logo.png\",\"width\":269,\"height\":53,\"caption\":\"Get Tickets for the World\u2019s largest jackpots\"},\"image\":{\"@id\":\"https:\/\/redfoxlotto.com\/cs\/#\/schema\/logo\/image\/\"}}]}<\/script>\n<!-- \/ Yoast SEO plugin. -->","yoast_head_json":{"title":"V\u00fdsledky a v\u00fdhern\u00ed \u010d\u00edsla \u0161pan\u011blsk\u00e9 loterie El Gordo","description":"El Gordo, v\u00e1no\u010dn\u00ed verze La Primitiva - jej\u00ed v\u00fdsledky jsou odhaleny p\u0159i speci\u00e1ln\u00ed ud\u00e1losti!","robots":{"index":"index","follow":"follow","max-snippet":"max-snippet:-1","max-image-preview":"max-image-preview:large","max-video-preview":"max-video-preview:-1"},"canonical":"https:\/\/redfoxlotto.com\/cs\/vysledky\/el-gordo-primitiva\/","og_locale":"cs_CZ","og_type":"article","og_title":"V\u00fdsledky a v\u00fdhern\u00ed \u010d\u00edsla \u0161pan\u011blsk\u00e9 loterie El Gordo","og_description":"El Gordo, v\u00e1no\u010dn\u00ed verze La Primitiva - jej\u00ed v\u00fdsledky jsou odhaleny p\u0159i speci\u00e1ln\u00ed ud\u00e1losti!","og_url":"https:\/\/redfoxlotto.com\/cs\/vysledky\/el-gordo-primitiva\/","og_site_name":"Get Tickets for the World\u2019s largest jackpots","article_modified_time":"2019-12-23T10:01:58+00:00","og_image":[{"url":"https:\/\/content.redfoxlotto.com\/uploads\/sites\/9\/1_results_draw_numbers.jpg"}],"twitter_card":"summary_large_image","twitter_misc":{"Odhadovan\u00e1 doba \u010dten\u00ed":"2 minuty"},"schema":{"@context":"https:\/\/schema.org","@graph":[{"@type":"WebPage","@id":"https:\/\/redfoxlotto.com\/cs\/vysledky\/el-gordo-primitiva\/","url":"https:\/\/redfoxlotto.com\/cs\/vysledky\/el-gordo-primitiva\/","name":"V\u00fdsledky a v\u00fdhern\u00ed \u010d\u00edsla \u0161pan\u011blsk\u00e9 loterie El Gordo","isPartOf":{"@id":"https:\/\/redfoxlotto.com\/cs\/#website"},"primaryImageOfPage":{"@id":"https:\/\/redfoxlotto.com\/cs\/vysledky\/el-gordo-primitiva\/#primaryimage"},"image":{"@id":"https:\/\/redfoxlotto.com\/cs\/vysledky\/el-gordo-primitiva\/#primaryimage"},"thumbnailUrl":"https:\/\/content.redfoxlotto.com\/uploads\/sites\/9\/1_results_draw_numbers.jpg","datePublished":"2018-11-18T08:54:25+00:00","dateModified":"2019-12-23T10:01:58+00:00","description":"El Gordo, v\u00e1no\u010dn\u00ed verze La Primitiva - jej\u00ed v\u00fdsledky jsou odhaleny p\u0159i speci\u00e1ln\u00ed ud\u00e1losti!","breadcrumb":{"@id":"https:\/\/redfoxlotto.com\/cs\/vysledky\/el-gordo-primitiva\/#breadcrumb"},"inLanguage":"cs","potentialAction":[{"@type":"ReadAction","target":["https:\/\/redfoxlotto.com\/cs\/vysledky\/el-gordo-primitiva\/"]}]},{"@type":"ImageObject","inLanguage":"cs","@id":"https:\/\/redfoxlotto.com\/cs\/vysledky\/el-gordo-primitiva\/#primaryimage","url":"https:\/\/content.redfoxlotto.com\/uploads\/sites\/9\/1_results_draw_numbers.jpg","contentUrl":"https:\/\/content.redfoxlotto.com\/uploads\/sites\/9\/1_results_draw_numbers.jpg"},{"@type":"BreadcrumbList","@id":"https:\/\/redfoxlotto.com\/cs\/vysledky\/el-gordo-primitiva\/#breadcrumb","itemListElement":[{"@type":"ListItem","position":1,"name":"Home","item":"https:\/\/redfoxlotto.com\/cs\/"},{"@type":"ListItem","position":2,"name":"V\u00fdsledky mezin\u00e1rodn\u00ed loterie","item":"https:\/\/redfoxlotto.com\/cs\/vysledky\/"},{"@type":"ListItem","position":3,"name":"V\u00fdsledky hry El Gordo"}]},{"@type":"WebSite","@id":"https:\/\/redfoxlotto.com\/cs\/#website","url":"https:\/\/redfoxlotto.com\/cs\/","name":"Get Tickets for the World\u2019s largest jackpots","description":"Participate in worldwide lottery jackpots from any country","publisher":{"@id":"https:\/\/redfoxlotto.com\/cs\/#organization"},"potentialAction":[{"@type":"SearchAction","target":{"@type":"EntryPoint","urlTemplate":"https:\/\/redfoxlotto.com\/cs\/?s={search_term_string}"},"query-input":{"@type":"PropertyValueSpecification","valueRequired":true,"valueName":"search_term_string"}}],"inLanguage":"cs"},{"@type":"Organization","@id":"https:\/\/redfoxlotto.com\/cs\/#organization","name":"Get Tickets for the World\u2019s largest jackpots","url":"https:\/\/redfoxlotto.com\/cs\/","logo":{"@type":"ImageObject","inLanguage":"cs","@id":"https:\/\/redfoxlotto.com\/cs\/#\/schema\/logo\/image\/","url":"https:\/\/redfoxlotto.com\/wp-content\/uploads\/2023\/04\/logo.png","contentUrl":"https:\/\/redfoxlotto.com\/wp-content\/uploads\/2023\/04\/logo.png","width":269,"height":53,"caption":"Get Tickets for the World\u2019s largest jackpots"},"image":{"@id":"https:\/\/redfoxlotto.com\/cs\/#\/schema\/logo\/image\/"}}]}},"_links":{"self":[{"href":"https:\/\/redfoxlotto.com\/cs\/wp-json\/wp\/v2\/pages\/6753","targetHints":{"allow":["GET"]}}],"collection":[{"href":"https:\/\/redfoxlotto.com\/cs\/wp-json\/wp\/v2\/pages"}],"about":[{"href":"https:\/\/redfoxlotto.com\/cs\/wp-json\/wp\/v2\/types\/page"}],"author":[{"embeddable":true,"href":"https:\/\/redfoxlotto.com\/cs\/wp-json\/wp\/v2\/users\/1"}],"replies":[{"embeddable":true,"href":"https:\/\/redfoxlotto.com\/cs\/wp-json\/wp\/v2\/comments?post=6753"}],"version-history":[{"count":0,"href":"https:\/\/redfoxlotto.com\/cs\/wp-json\/wp\/v2\/pages\/6753\/revisions"}],"up":[{"embeddable":true,"href":"https:\/\/redfoxlotto.com\/cs\/wp-json\/wp\/v2\/pages\/5774"}],"wp:attachment":[{"href":"https:\/\/redfoxlotto.com\/cs\/wp-json\/wp\/v2\/media?parent=6753"}],"curies":[{"name":"wp","href":"https:\/\/api.w.org\/{rel}","templated":true}]}}