{"id":60490,"date":"2022-09-26T12:33:09","date_gmt":"2022-09-26T12:33:09","guid":{"rendered":"https:\/\/redfoxlotto.eu\/?page_id=60490"},"modified":"2023-05-29T20:04:44","modified_gmt":"2023-05-29T20:04:44","slug":"thunderball-2","status":"publish","type":"page","link":"https:\/\/redfoxlotto.com\/cs\/loterie\/thunderball-2\/","title":{"rendered":"O loterii Set for life UK"},"content":{"rendered":"<h2>Koupit vstupenky na Thunderball UK Lotto online?<\/h2>\n<p>Kdykoli jste p\u0159ipraveni koupit losy pro Thunderball UK Lotto online, m\u016f\u017eete se bl\u00ed\u017ee pod\u00edvat na mo\u017enosti na RedFoxLotto.com. Mo\u017en\u00e1 budete dokonce p\u0159ekvapeni, jak snadn\u00e9 je hr\u00e1t. Jedin\u00e9, co mus\u00edte ud\u011blat, je vybrat 5 b\u011b\u017en\u00fdch \u010d\u00edsel a 1 Thunderball. Pot\u00e9 si zvolte data slosov\u00e1n\u00ed. Pr\u00e1v\u011b tak m\u016f\u017eete vyhr\u00e1t s pouh\u00fdm 1 shodn\u00fdm \u010d\u00edslem!<\/p>\n<h2>Kupujete si tikety Thunderball UK Lotto?<\/h2>\n<p>Kdy\u017e p\u0159ijde \u010das na n\u00e1kup tiket\u016f Thunderball UK Lotto online, budete pot\u0159ebovat slu\u017ebu, kter\u00e1 v\u00e1m umo\u017en\u00ed vybrat si tikety z libovoln\u00e9 hry. Zde p\u0159ich\u00e1z\u00ed na \u0159adu RedFoxLotto.com. M\u016f\u017eete si vybrat jakoukoli hru, kterou chcete hr\u00e1t, a vybrat si tikety, kter\u00e9 chcete.<br \/>\n<img loading=\"lazy\" decoding=\"async\" class=\" wp-image alignright\" src=\"https:\/\/content.redfoxlotto.com\/uploads\/sites\/9\/1_online_lottery_jackpot_win.jpg\" alt=\"koupit thunderball online\" width=\"266\" height=\"241\" \/><\/p>\n<p>Vyberete si \u010d\u00edsla, kter\u00e1 chcete hr\u00e1t, nebo pou\u017eijete funkci Quick Pick, kter\u00e1 v\u00e1m \u010d\u00edsla vybere. Pak si zvol\u00edte data a po\u010det losov\u00e1n\u00ed, kter\u00e1 chcete, a sv\u016fj obl\u00edben\u00fd zp\u016fsob platby. Po zakoupen\u00ed tiket\u016f u\u017e jen \u010dek\u00e1te na losov\u00e1n\u00ed a doufejme, \u017ee i na dobr\u00e9 zpr\u00e1vy, kter\u00e9 budou n\u00e1sledovat.<\/p>\n<h2>Kontrolujete sv\u00e1 v\u00fdhern\u00ed \u010d\u00edsla?<\/h2>\n<p>Jakmile se losov\u00e1n\u00ed uskute\u010dn\u00ed, m\u016f\u017eete se znovu p\u0159ihl\u00e1sit ke sv\u00e9mu \u00fa\u010dtu na RedFoxLotto.com a pod\u00edvat se, jak se \u010d\u00edsla va\u0161ich tiket\u016f shoduj\u00ed s v\u00fdhern\u00edmi \u010d\u00edsly. Bude to p\u0159\u00edmo na va\u0161em tiketov\u00e9m \u00fa\u010dtu a bude to pro v\u00e1s mnohem jednodu\u0161\u0161\u00ed. Sta\u010d\u00ed se pod\u00edvat, kter\u00e1 \u010d\u00edsla jsou zv\u00fdrazn\u011bn\u00e1, abyste zjistili, kter\u00e1 se shoduj\u00ed.<\/p>\n","protected":false},"excerpt":{"rendered":"<p>Koupit vstupenky na Thunderball UK Lotto online? Kdykoli jste p\u0159ipraveni koupit losy pro Thunderball UK Lotto online, m\u016f\u017eete se bl\u00ed\u017ee pod\u00edvat na mo\u017enosti na RedFoxLotto.com. Mo\u017en\u00e1 budete dokonce p\u0159ekvapeni, jak snadn\u00e9 je hr\u00e1t. Jedin\u00e9, co mus\u00edte ud\u011blat, je vybrat 5 b\u011b\u017en\u00fdch \u010d\u00edsel a 1 Thunderball. Pot\u00e9 si zvolte data slosov\u00e1n\u00ed. Pr\u00e1v\u011b tak m\u016f\u017eete vyhr\u00e1t s [&hellip;]<\/p>\n","protected":false},"author":1,"featured_media":0,"parent":5766,"menu_order":11,"comment_status":"closed","ping_status":"closed","template":"thunderball-info.php","meta":{"_et_pb_use_builder":"","_et_pb_old_content":"","_et_gb_content_width":"","exclude_from_search":false,"footnotes":""},"class_list":["post-60490","page","type-page","status-publish","hentry"],"yoast_head":"<!-- This site is optimized with the Yoast SEO plugin v23.8 - https:\/\/yoast.com\/wordpress\/plugins\/seo\/ -->\n<title>Z\u00edskejte tiket Thunderball Lotto online<\/title>\n<meta name=\"description\" content=\"Kupte si losy na Thunderball Lotto, i kdy\u017e ne\u017eijete ve Velk\u00e9 Brit\u00e1nii\" \/>\n<meta name=\"robots\" content=\"index, follow, max-snippet:-1, max-image-preview:large, max-video-preview:-1\" \/>\n<link rel=\"canonical\" href=\"https:\/\/redfoxlotto.com\/cs\/loterie\/thunderball-2\/\" \/>\n<meta property=\"og:locale\" content=\"cs_CZ\" \/>\n<meta property=\"og:type\" content=\"article\" \/>\n<meta property=\"og:title\" content=\"Z\u00edskejte tiket Thunderball Lotto online\" \/>\n<meta property=\"og:description\" content=\"Kupte si losy na Thunderball Lotto, i kdy\u017e ne\u017eijete ve Velk\u00e9 Brit\u00e1nii\" \/>\n<meta property=\"og:url\" content=\"https:\/\/redfoxlotto.com\/cs\/loterie\/thunderball-2\/\" \/>\n<meta property=\"og:site_name\" content=\"Get Tickets for the World\u2019s largest jackpots\" \/>\n<meta property=\"article:modified_time\" content=\"2023-05-29T20:04:44+00:00\" \/>\n<meta property=\"og:image\" content=\"https:\/\/content.redfoxlotto.com\/uploads\/sites\/9\/1_online_lottery_jackpot_win.jpg\" \/>\n<meta name=\"twitter:card\" content=\"summary_large_image\" \/>\n<meta name=\"twitter:label1\" content=\"Odhadovan\u00e1 doba \u010dten\u00ed\" \/>\n\t<meta name=\"twitter:data1\" content=\"2 minuty\" \/>\n<script type=\"application\/ld+json\" class=\"yoast-schema-graph\">{\"@context\":\"https:\/\/schema.org\",\"@graph\":[{\"@type\":\"WebPage\",\"@id\":\"https:\/\/redfoxlotto.com\/cs\/loterie\/thunderball-2\/\",\"url\":\"https:\/\/redfoxlotto.com\/cs\/loterie\/thunderball-2\/\",\"name\":\"Z\u00edskejte tiket Thunderball Lotto online\",\"isPartOf\":{\"@id\":\"https:\/\/redfoxlotto.com\/cs\/#website\"},\"primaryImageOfPage\":{\"@id\":\"https:\/\/redfoxlotto.com\/cs\/loterie\/thunderball-2\/#primaryimage\"},\"image\":{\"@id\":\"https:\/\/redfoxlotto.com\/cs\/loterie\/thunderball-2\/#primaryimage\"},\"thumbnailUrl\":\"https:\/\/content.redfoxlotto.com\/uploads\/sites\/9\/1_online_lottery_jackpot_win.jpg\",\"datePublished\":\"2022-09-26T12:33:09+00:00\",\"dateModified\":\"2023-05-29T20:04:44+00:00\",\"description\":\"Kupte si losy na Thunderball Lotto, i kdy\u017e ne\u017eijete ve Velk\u00e9 Brit\u00e1nii\",\"breadcrumb\":{\"@id\":\"https:\/\/redfoxlotto.com\/cs\/loterie\/thunderball-2\/#breadcrumb\"},\"inLanguage\":\"cs\",\"potentialAction\":[{\"@type\":\"ReadAction\",\"target\":[\"https:\/\/redfoxlotto.com\/cs\/loterie\/thunderball-2\/\"]}]},{\"@type\":\"ImageObject\",\"inLanguage\":\"cs\",\"@id\":\"https:\/\/redfoxlotto.com\/cs\/loterie\/thunderball-2\/#primaryimage\",\"url\":\"https:\/\/content.redfoxlotto.com\/uploads\/sites\/9\/1_online_lottery_jackpot_win.jpg\",\"contentUrl\":\"https:\/\/content.redfoxlotto.com\/uploads\/sites\/9\/1_online_lottery_jackpot_win.jpg\"},{\"@type\":\"BreadcrumbList\",\"@id\":\"https:\/\/redfoxlotto.com\/cs\/loterie\/thunderball-2\/#breadcrumb\",\"itemListElement\":[{\"@type\":\"ListItem\",\"position\":1,\"name\":\"Home\",\"item\":\"https:\/\/redfoxlotto.com\/cs\/\"},{\"@type\":\"ListItem\",\"position\":2,\"name\":\"Jak\u00fdm zp\u016fsobem zakoupit online loterijn\u00ed tikety \u2013 kupn\u00ed proces\",\"item\":\"https:\/\/redfoxlotto.com\/cs\/loterie\/\"},{\"@type\":\"ListItem\",\"position\":3,\"name\":\"O loterii Set for life UK\"}]},{\"@type\":\"WebSite\",\"@id\":\"https:\/\/redfoxlotto.com\/cs\/#website\",\"url\":\"https:\/\/redfoxlotto.com\/cs\/\",\"name\":\"Get Tickets for the World\u2019s largest jackpots\",\"description\":\"Participate in worldwide lottery jackpots from any country\",\"publisher\":{\"@id\":\"https:\/\/redfoxlotto.com\/cs\/#organization\"},\"potentialAction\":[{\"@type\":\"SearchAction\",\"target\":{\"@type\":\"EntryPoint\",\"urlTemplate\":\"https:\/\/redfoxlotto.com\/cs\/?s={search_term_string}\"},\"query-input\":{\"@type\":\"PropertyValueSpecification\",\"valueRequired\":true,\"valueName\":\"search_term_string\"}}],\"inLanguage\":\"cs\"},{\"@type\":\"Organization\",\"@id\":\"https:\/\/redfoxlotto.com\/cs\/#organization\",\"name\":\"Get Tickets for the World\u2019s largest jackpots\",\"url\":\"https:\/\/redfoxlotto.com\/cs\/\",\"logo\":{\"@type\":\"ImageObject\",\"inLanguage\":\"cs\",\"@id\":\"https:\/\/redfoxlotto.com\/cs\/#\/schema\/logo\/image\/\",\"url\":\"https:\/\/redfoxlotto.com\/wp-content\/uploads\/2023\/04\/logo.png\",\"contentUrl\":\"https:\/\/redfoxlotto.com\/wp-content\/uploads\/2023\/04\/logo.png\",\"width\":269,\"height\":53,\"caption\":\"Get Tickets for the World\u2019s largest jackpots\"},\"image\":{\"@id\":\"https:\/\/redfoxlotto.com\/cs\/#\/schema\/logo\/image\/\"}}]}<\/script>\n<!-- \/ Yoast SEO plugin. -->","yoast_head_json":{"title":"Z\u00edskejte tiket Thunderball Lotto online","description":"Kupte si losy na Thunderball Lotto, i kdy\u017e ne\u017eijete ve Velk\u00e9 Brit\u00e1nii","robots":{"index":"index","follow":"follow","max-snippet":"max-snippet:-1","max-image-preview":"max-image-preview:large","max-video-preview":"max-video-preview:-1"},"canonical":"https:\/\/redfoxlotto.com\/cs\/loterie\/thunderball-2\/","og_locale":"cs_CZ","og_type":"article","og_title":"Z\u00edskejte tiket Thunderball Lotto online","og_description":"Kupte si losy na Thunderball Lotto, i kdy\u017e ne\u017eijete ve Velk\u00e9 Brit\u00e1nii","og_url":"https:\/\/redfoxlotto.com\/cs\/loterie\/thunderball-2\/","og_site_name":"Get Tickets for the World\u2019s largest jackpots","article_modified_time":"2023-05-29T20:04:44+00:00","og_image":[{"url":"https:\/\/content.redfoxlotto.com\/uploads\/sites\/9\/1_online_lottery_jackpot_win.jpg"}],"twitter_card":"summary_large_image","twitter_misc":{"Odhadovan\u00e1 doba \u010dten\u00ed":"2 minuty"},"schema":{"@context":"https:\/\/schema.org","@graph":[{"@type":"WebPage","@id":"https:\/\/redfoxlotto.com\/cs\/loterie\/thunderball-2\/","url":"https:\/\/redfoxlotto.com\/cs\/loterie\/thunderball-2\/","name":"Z\u00edskejte tiket Thunderball Lotto online","isPartOf":{"@id":"https:\/\/redfoxlotto.com\/cs\/#website"},"primaryImageOfPage":{"@id":"https:\/\/redfoxlotto.com\/cs\/loterie\/thunderball-2\/#primaryimage"},"image":{"@id":"https:\/\/redfoxlotto.com\/cs\/loterie\/thunderball-2\/#primaryimage"},"thumbnailUrl":"https:\/\/content.redfoxlotto.com\/uploads\/sites\/9\/1_online_lottery_jackpot_win.jpg","datePublished":"2022-09-26T12:33:09+00:00","dateModified":"2023-05-29T20:04:44+00:00","description":"Kupte si losy na Thunderball Lotto, i kdy\u017e ne\u017eijete ve Velk\u00e9 Brit\u00e1nii","breadcrumb":{"@id":"https:\/\/redfoxlotto.com\/cs\/loterie\/thunderball-2\/#breadcrumb"},"inLanguage":"cs","potentialAction":[{"@type":"ReadAction","target":["https:\/\/redfoxlotto.com\/cs\/loterie\/thunderball-2\/"]}]},{"@type":"ImageObject","inLanguage":"cs","@id":"https:\/\/redfoxlotto.com\/cs\/loterie\/thunderball-2\/#primaryimage","url":"https:\/\/content.redfoxlotto.com\/uploads\/sites\/9\/1_online_lottery_jackpot_win.jpg","contentUrl":"https:\/\/content.redfoxlotto.com\/uploads\/sites\/9\/1_online_lottery_jackpot_win.jpg"},{"@type":"BreadcrumbList","@id":"https:\/\/redfoxlotto.com\/cs\/loterie\/thunderball-2\/#breadcrumb","itemListElement":[{"@type":"ListItem","position":1,"name":"Home","item":"https:\/\/redfoxlotto.com\/cs\/"},{"@type":"ListItem","position":2,"name":"Jak\u00fdm zp\u016fsobem zakoupit online loterijn\u00ed tikety \u2013 kupn\u00ed proces","item":"https:\/\/redfoxlotto.com\/cs\/loterie\/"},{"@type":"ListItem","position":3,"name":"O loterii Set for life UK"}]},{"@type":"WebSite","@id":"https:\/\/redfoxlotto.com\/cs\/#website","url":"https:\/\/redfoxlotto.com\/cs\/","name":"Get Tickets for the World\u2019s largest jackpots","description":"Participate in worldwide lottery jackpots from any country","publisher":{"@id":"https:\/\/redfoxlotto.com\/cs\/#organization"},"potentialAction":[{"@type":"SearchAction","target":{"@type":"EntryPoint","urlTemplate":"https:\/\/redfoxlotto.com\/cs\/?s={search_term_string}"},"query-input":{"@type":"PropertyValueSpecification","valueRequired":true,"valueName":"search_term_string"}}],"inLanguage":"cs"},{"@type":"Organization","@id":"https:\/\/redfoxlotto.com\/cs\/#organization","name":"Get Tickets for the World\u2019s largest jackpots","url":"https:\/\/redfoxlotto.com\/cs\/","logo":{"@type":"ImageObject","inLanguage":"cs","@id":"https:\/\/redfoxlotto.com\/cs\/#\/schema\/logo\/image\/","url":"https:\/\/redfoxlotto.com\/wp-content\/uploads\/2023\/04\/logo.png","contentUrl":"https:\/\/redfoxlotto.com\/wp-content\/uploads\/2023\/04\/logo.png","width":269,"height":53,"caption":"Get Tickets for the World\u2019s largest jackpots"},"image":{"@id":"https:\/\/redfoxlotto.com\/cs\/#\/schema\/logo\/image\/"}}]}},"_links":{"self":[{"href":"https:\/\/redfoxlotto.com\/cs\/wp-json\/wp\/v2\/pages\/60490","targetHints":{"allow":["GET"]}}],"collection":[{"href":"https:\/\/redfoxlotto.com\/cs\/wp-json\/wp\/v2\/pages"}],"about":[{"href":"https:\/\/redfoxlotto.com\/cs\/wp-json\/wp\/v2\/types\/page"}],"author":[{"embeddable":true,"href":"https:\/\/redfoxlotto.com\/cs\/wp-json\/wp\/v2\/users\/1"}],"replies":[{"embeddable":true,"href":"https:\/\/redfoxlotto.com\/cs\/wp-json\/wp\/v2\/comments?post=60490"}],"version-history":[{"count":0,"href":"https:\/\/redfoxlotto.com\/cs\/wp-json\/wp\/v2\/pages\/60490\/revisions"}],"up":[{"embeddable":true,"href":"https:\/\/redfoxlotto.com\/cs\/wp-json\/wp\/v2\/pages\/5766"}],"wp:attachment":[{"href":"https:\/\/redfoxlotto.com\/cs\/wp-json\/wp\/v2\/media?parent=60490"}],"curies":[{"name":"wp","href":"https:\/\/api.w.org\/{rel}","templated":true}]}}