{"id":5791,"date":"2023-04-24T17:57:37","date_gmt":"2023-04-24T17:57:37","guid":{"rendered":"https:\/\/redfoxlotto.com\/?page_id=812"},"modified":"2025-12-11T10:08:10","modified_gmt":"2025-12-11T10:08:10","slug":"lotto-uk","status":"publish","type":"page","link":"https:\/\/redfoxlotto.com\/cs\/hrat\/lotto-uk\/","title":{"rendered":"Hran\u00ed Britsk\u00e9 UK loterie"},"content":{"rendered":"<p><script type=\"application\/ld+json\">\n{\n  \"@context\": \"https:\/\/schema.org\",\n  \"@type\": \"Service\",\n  \"name\": \"UK Lottery online\",\n  \"url\": \"https:\/\/redfoxlotto.com\/cs\/hrat\/lotto-uk\/\",\n  \"description\": \"Zakupte si ofici\u00e1ln\u00ed l\u00edstky UK Lottery online prost\u0159ednictv\u00edm RedFoxLotto. Vyberte sv\u00e1 \u010d\u00edsla a zapojte se do dal\u0161\u00edho losov\u00e1n\u00ed.\",\n  \"serviceType\": \"Online lottery ticket purchase\",<\/p>\n<p>  \"provider\": {\n    \"@type\": \"Organization\",\n    \"name\": \"RedFoxLotto\",\n    \"url\": \"https:\/\/redfoxlotto.com\",\n    \"logo\": \"https:\/\/redfoxlotto.com\/wp-content\/uploads\/logo.png\"\n  },<\/p>\n<p>  \"areaServed\": \"Worldwide\",\n  \"termsOfService\": \"https:\/\/redfoxlotto.com\/terms-and-conditions\",<\/p>\n<p>  \"hasOfferCatalog\": {\n    \"@type\": \"OfferCatalog\",\n    \"name\": \"UK Lottery Offers\",\n    \"itemListElement\": [\n      {\n        \"@type\": \"Offer\",\n        \"name\": \"Lotto UK Lottery Ticket\",\n        \"url\": \"https:\/\/redfoxlotto.com\/cs\/hrat\/lotto-uk\/\",\n        \"description\": \"Jedna \u00fa\u010dast v dal\u0161\u00edm losov\u00e1n\u00ed UK Lottery.\",\n        \"price\": \"6.70\",\n        \"priceCurrency\": \"EUR\",\n        \"availability\": \"https:\/\/schema.org\/InStock\",<\/p>\n<p>        \"itemOffered\": {\n          \"@type\": \"Service\",\n          \"name\": \"UK Lottery Lottery Entry\",\n          \"description\": \"\u00da\u010dast v dal\u0161\u00edm losov\u00e1n\u00ed UK Lottery prost\u0159ednictv\u00edm RedFoxLotto.\"\n        }\n      }\n    ]\n  },<\/p>\n<p>  \"mainEntityOfPage\": {\n    \"@type\": \"WebPage\",\n    \"@id\": \"https:\/\/redfoxlotto.com\/cs\/hrat\/lotto-uk\/\"\n  }\n}\n<\/script><\/p>\n<p><!--more--><br \/>\n<img decoding=\"async\" class=\"size-full wp-image alignright\" src=\"https:\/\/content.redfoxlotto.com\/uploads\/sites\/9\/2_ticket_uk_lottery.jpg\" alt=\"Hr\u00e1t britskou loterii online\" \/>Hran\u00ed Britsk\u00e9 UK loterie je obzvl\u00e1\u0161t\u011b snadn\u00e9. UK Loterie je zalo\u017eena na matici 6\/59. To znamen\u00e1, \u017ee jako hr\u00e1\u010d mus\u00edte vybrat 6 z 59 \u010d\u00edsel. V\u00fdherce jackpotu mus\u00ed m\u00edt v\u0161echna \u010d\u00edsla v po\u0159\u00e1dku.<\/p>\n<h2>Tipy na hran\u00ed Britsk\u00e9 UK loterie online<\/h2>\n<p>M\u016f\u017eete pou\u017e\u00edt na\u0161i funkci rychl\u00e9ho v\u00fdb\u011bru. V\u00e1\u0161 tiket bude automaticky vypln\u011bn n\u00e1hodn\u00fdmi \u010d\u00edsly. Samoz\u0159ejm\u011b m\u016f\u017eete tak\u00e9 pou\u017e\u00edt sv\u00e1 \u0161\u0165astn\u00e1 \u010d\u00edsla.<\/p>\n","protected":false},"excerpt":{"rendered":"","protected":false},"author":1,"featured_media":0,"parent":5784,"menu_order":9,"comment_status":"closed","ping_status":"closed","template":"lotto-uk.php","meta":{"_et_pb_use_builder":"","_et_pb_old_content":"","_et_gb_content_width":"","exclude_from_search":false,"footnotes":""},"class_list":["post-5791","page","type-page","status-publish","hentry"],"yoast_head":"<!-- This site is optimized with the Yoast SEO plugin v23.8 - https:\/\/yoast.com\/wordpress\/plugins\/seo\/ -->\n<title>Hrajte Britskou UK loterii online<\/title>\n<meta name=\"description\" content=\"Uk\u00e1\u017eeme V\u00e1m jak hr\u00e1t Britskou n\u00e1rodn\u00ed UK loterii\" \/>\n<meta name=\"robots\" content=\"index, follow, max-snippet:-1, max-image-preview:large, max-video-preview:-1\" \/>\n<link rel=\"canonical\" href=\"https:\/\/redfoxlotto.com\/cs\/hrat\/lotto-uk\/\" \/>\n<meta property=\"og:locale\" content=\"cs_CZ\" \/>\n<meta property=\"og:type\" content=\"article\" \/>\n<meta property=\"og:title\" content=\"Hrajte Britskou UK loterii online\" \/>\n<meta property=\"og:description\" content=\"Uk\u00e1\u017eeme V\u00e1m jak hr\u00e1t Britskou n\u00e1rodn\u00ed UK loterii\" \/>\n<meta property=\"og:url\" content=\"https:\/\/redfoxlotto.com\/cs\/hrat\/lotto-uk\/\" \/>\n<meta property=\"og:site_name\" content=\"Get Tickets for the World\u2019s largest jackpots\" \/>\n<meta property=\"article:modified_time\" content=\"2025-12-11T10:08:10+00:00\" \/>\n<meta property=\"og:image\" content=\"https:\/\/content.redfoxlotto.com\/uploads\/sites\/9\/2_ticket_uk_lottery.jpg\" \/>\n<meta name=\"twitter:card\" content=\"summary_large_image\" \/>\n<meta name=\"twitter:label1\" content=\"Odhadovan\u00e1 doba \u010dten\u00ed\" \/>\n\t<meta name=\"twitter:data1\" content=\"1 minuta\" \/>\n<script type=\"application\/ld+json\" class=\"yoast-schema-graph\">{\"@context\":\"https:\/\/schema.org\",\"@graph\":[{\"@type\":\"WebPage\",\"@id\":\"https:\/\/redfoxlotto.com\/cs\/hrat\/lotto-uk\/\",\"url\":\"https:\/\/redfoxlotto.com\/cs\/hrat\/lotto-uk\/\",\"name\":\"Hrajte Britskou UK loterii online\",\"isPartOf\":{\"@id\":\"https:\/\/redfoxlotto.com\/cs\/#website\"},\"primaryImageOfPage\":{\"@id\":\"https:\/\/redfoxlotto.com\/cs\/hrat\/lotto-uk\/#primaryimage\"},\"image\":{\"@id\":\"https:\/\/redfoxlotto.com\/cs\/hrat\/lotto-uk\/#primaryimage\"},\"thumbnailUrl\":\"https:\/\/content.redfoxlotto.com\/uploads\/sites\/9\/2_ticket_uk_lottery.jpg\",\"datePublished\":\"2023-04-24T17:57:37+00:00\",\"dateModified\":\"2025-12-11T10:08:10+00:00\",\"description\":\"Uk\u00e1\u017eeme V\u00e1m jak hr\u00e1t Britskou n\u00e1rodn\u00ed UK loterii\",\"breadcrumb\":{\"@id\":\"https:\/\/redfoxlotto.com\/cs\/hrat\/lotto-uk\/#breadcrumb\"},\"inLanguage\":\"cs\",\"potentialAction\":[{\"@type\":\"ReadAction\",\"target\":[\"https:\/\/redfoxlotto.com\/cs\/hrat\/lotto-uk\/\"]}]},{\"@type\":\"ImageObject\",\"inLanguage\":\"cs\",\"@id\":\"https:\/\/redfoxlotto.com\/cs\/hrat\/lotto-uk\/#primaryimage\",\"url\":\"https:\/\/content.redfoxlotto.com\/uploads\/sites\/9\/2_ticket_uk_lottery.jpg\",\"contentUrl\":\"https:\/\/content.redfoxlotto.com\/uploads\/sites\/9\/2_ticket_uk_lottery.jpg\"},{\"@type\":\"BreadcrumbList\",\"@id\":\"https:\/\/redfoxlotto.com\/cs\/hrat\/lotto-uk\/#breadcrumb\",\"itemListElement\":[{\"@type\":\"ListItem\",\"position\":1,\"name\":\"Home\",\"item\":\"https:\/\/redfoxlotto.com\/cs\/\"},{\"@type\":\"ListItem\",\"position\":2,\"name\":\"Jak hr\u00e1t\",\"item\":\"https:\/\/redfoxlotto.com\/cs\/hrat\/\"},{\"@type\":\"ListItem\",\"position\":3,\"name\":\"Hran\u00ed Britsk\u00e9 UK loterie\"}]},{\"@type\":\"WebSite\",\"@id\":\"https:\/\/redfoxlotto.com\/cs\/#website\",\"url\":\"https:\/\/redfoxlotto.com\/cs\/\",\"name\":\"Get Tickets for the World\u2019s largest jackpots\",\"description\":\"Participate in worldwide lottery jackpots from any country\",\"publisher\":{\"@id\":\"https:\/\/redfoxlotto.com\/cs\/#organization\"},\"potentialAction\":[{\"@type\":\"SearchAction\",\"target\":{\"@type\":\"EntryPoint\",\"urlTemplate\":\"https:\/\/redfoxlotto.com\/cs\/?s={search_term_string}\"},\"query-input\":{\"@type\":\"PropertyValueSpecification\",\"valueRequired\":true,\"valueName\":\"search_term_string\"}}],\"inLanguage\":\"cs\"},{\"@type\":\"Organization\",\"@id\":\"https:\/\/redfoxlotto.com\/cs\/#organization\",\"name\":\"Get Tickets for the World\u2019s largest jackpots\",\"url\":\"https:\/\/redfoxlotto.com\/cs\/\",\"logo\":{\"@type\":\"ImageObject\",\"inLanguage\":\"cs\",\"@id\":\"https:\/\/redfoxlotto.com\/cs\/#\/schema\/logo\/image\/\",\"url\":\"https:\/\/redfoxlotto.com\/wp-content\/uploads\/2023\/04\/logo.png\",\"contentUrl\":\"https:\/\/redfoxlotto.com\/wp-content\/uploads\/2023\/04\/logo.png\",\"width\":269,\"height\":53,\"caption\":\"Get Tickets for the World\u2019s largest jackpots\"},\"image\":{\"@id\":\"https:\/\/redfoxlotto.com\/cs\/#\/schema\/logo\/image\/\"}}]}<\/script>\n<!-- \/ Yoast SEO plugin. -->","yoast_head_json":{"title":"Hrajte Britskou UK loterii online","description":"Uk\u00e1\u017eeme V\u00e1m jak hr\u00e1t Britskou n\u00e1rodn\u00ed UK loterii","robots":{"index":"index","follow":"follow","max-snippet":"max-snippet:-1","max-image-preview":"max-image-preview:large","max-video-preview":"max-video-preview:-1"},"canonical":"https:\/\/redfoxlotto.com\/cs\/hrat\/lotto-uk\/","og_locale":"cs_CZ","og_type":"article","og_title":"Hrajte Britskou UK loterii online","og_description":"Uk\u00e1\u017eeme V\u00e1m jak hr\u00e1t Britskou n\u00e1rodn\u00ed UK loterii","og_url":"https:\/\/redfoxlotto.com\/cs\/hrat\/lotto-uk\/","og_site_name":"Get Tickets for the World\u2019s largest jackpots","article_modified_time":"2025-12-11T10:08:10+00:00","og_image":[{"url":"https:\/\/content.redfoxlotto.com\/uploads\/sites\/9\/2_ticket_uk_lottery.jpg"}],"twitter_card":"summary_large_image","twitter_misc":{"Odhadovan\u00e1 doba \u010dten\u00ed":"1 minuta"},"schema":{"@context":"https:\/\/schema.org","@graph":[{"@type":"WebPage","@id":"https:\/\/redfoxlotto.com\/cs\/hrat\/lotto-uk\/","url":"https:\/\/redfoxlotto.com\/cs\/hrat\/lotto-uk\/","name":"Hrajte Britskou UK loterii online","isPartOf":{"@id":"https:\/\/redfoxlotto.com\/cs\/#website"},"primaryImageOfPage":{"@id":"https:\/\/redfoxlotto.com\/cs\/hrat\/lotto-uk\/#primaryimage"},"image":{"@id":"https:\/\/redfoxlotto.com\/cs\/hrat\/lotto-uk\/#primaryimage"},"thumbnailUrl":"https:\/\/content.redfoxlotto.com\/uploads\/sites\/9\/2_ticket_uk_lottery.jpg","datePublished":"2023-04-24T17:57:37+00:00","dateModified":"2025-12-11T10:08:10+00:00","description":"Uk\u00e1\u017eeme V\u00e1m jak hr\u00e1t Britskou n\u00e1rodn\u00ed UK loterii","breadcrumb":{"@id":"https:\/\/redfoxlotto.com\/cs\/hrat\/lotto-uk\/#breadcrumb"},"inLanguage":"cs","potentialAction":[{"@type":"ReadAction","target":["https:\/\/redfoxlotto.com\/cs\/hrat\/lotto-uk\/"]}]},{"@type":"ImageObject","inLanguage":"cs","@id":"https:\/\/redfoxlotto.com\/cs\/hrat\/lotto-uk\/#primaryimage","url":"https:\/\/content.redfoxlotto.com\/uploads\/sites\/9\/2_ticket_uk_lottery.jpg","contentUrl":"https:\/\/content.redfoxlotto.com\/uploads\/sites\/9\/2_ticket_uk_lottery.jpg"},{"@type":"BreadcrumbList","@id":"https:\/\/redfoxlotto.com\/cs\/hrat\/lotto-uk\/#breadcrumb","itemListElement":[{"@type":"ListItem","position":1,"name":"Home","item":"https:\/\/redfoxlotto.com\/cs\/"},{"@type":"ListItem","position":2,"name":"Jak hr\u00e1t","item":"https:\/\/redfoxlotto.com\/cs\/hrat\/"},{"@type":"ListItem","position":3,"name":"Hran\u00ed Britsk\u00e9 UK loterie"}]},{"@type":"WebSite","@id":"https:\/\/redfoxlotto.com\/cs\/#website","url":"https:\/\/redfoxlotto.com\/cs\/","name":"Get Tickets for the World\u2019s largest jackpots","description":"Participate in worldwide lottery jackpots from any country","publisher":{"@id":"https:\/\/redfoxlotto.com\/cs\/#organization"},"potentialAction":[{"@type":"SearchAction","target":{"@type":"EntryPoint","urlTemplate":"https:\/\/redfoxlotto.com\/cs\/?s={search_term_string}"},"query-input":{"@type":"PropertyValueSpecification","valueRequired":true,"valueName":"search_term_string"}}],"inLanguage":"cs"},{"@type":"Organization","@id":"https:\/\/redfoxlotto.com\/cs\/#organization","name":"Get Tickets for the World\u2019s largest jackpots","url":"https:\/\/redfoxlotto.com\/cs\/","logo":{"@type":"ImageObject","inLanguage":"cs","@id":"https:\/\/redfoxlotto.com\/cs\/#\/schema\/logo\/image\/","url":"https:\/\/redfoxlotto.com\/wp-content\/uploads\/2023\/04\/logo.png","contentUrl":"https:\/\/redfoxlotto.com\/wp-content\/uploads\/2023\/04\/logo.png","width":269,"height":53,"caption":"Get Tickets for the World\u2019s largest jackpots"},"image":{"@id":"https:\/\/redfoxlotto.com\/cs\/#\/schema\/logo\/image\/"}}]}},"_links":{"self":[{"href":"https:\/\/redfoxlotto.com\/cs\/wp-json\/wp\/v2\/pages\/5791","targetHints":{"allow":["GET"]}}],"collection":[{"href":"https:\/\/redfoxlotto.com\/cs\/wp-json\/wp\/v2\/pages"}],"about":[{"href":"https:\/\/redfoxlotto.com\/cs\/wp-json\/wp\/v2\/types\/page"}],"author":[{"embeddable":true,"href":"https:\/\/redfoxlotto.com\/cs\/wp-json\/wp\/v2\/users\/1"}],"replies":[{"embeddable":true,"href":"https:\/\/redfoxlotto.com\/cs\/wp-json\/wp\/v2\/comments?post=5791"}],"version-history":[{"count":0,"href":"https:\/\/redfoxlotto.com\/cs\/wp-json\/wp\/v2\/pages\/5791\/revisions"}],"up":[{"embeddable":true,"href":"https:\/\/redfoxlotto.com\/cs\/wp-json\/wp\/v2\/pages\/5784"}],"wp:attachment":[{"href":"https:\/\/redfoxlotto.com\/cs\/wp-json\/wp\/v2\/media?parent=5791"}],"curies":[{"name":"wp","href":"https:\/\/api.w.org\/{rel}","templated":true}]}}