{"id":5790,"date":"2023-04-24T17:47:11","date_gmt":"2023-04-24T17:47:11","guid":{"rendered":"https:\/\/redfoxlotto.com\/?page_id=810"},"modified":"2025-12-11T00:17:31","modified_gmt":"2025-12-11T00:17:31","slug":"superenalotto","status":"publish","type":"page","link":"https:\/\/redfoxlotto.com\/cs\/hrat\/superenalotto\/","title":{"rendered":"Italsk\u00e1 loterie SuperEnalotto"},"content":{"rendered":"<p><script type=\"application\/ld+json\">\n{\n  \"@context\": \"https:\/\/schema.org\",\n  \"@type\": \"Service\",\n  \"name\": \"SuperEnalotto online\",\n  \"url\": \"https:\/\/redfoxlotto.com\/cs\/hrat\/superenalotto\/\",\n  \"description\": \"Kupte si ofici\u00e1ln\u00ed losy SuperEnalotto online prost\u0159ednictv\u00edm RedFoxLotto. Vyberte sv\u00e1 \u010d\u00edsla a zapojte se do dal\u0161\u00edho slosov\u00e1n\u00ed.\",\n  \"serviceType\": \"Online lottery ticket purchase\",\n  \"provider\": {\n    \"@type\": \"Organization\",\n    \"name\": \"RedFoxLotto\",\n    \"url\": \"https:\/\/redfoxlotto.com\",\n    \"logo\": \"https:\/\/redfoxlotto.com\/wp-content\/uploads\/logo.png\"\n  },\n  \"areaServed\": \"Worldwide\",\n  \"termsOfService\": \"https:\/\/redfoxlotto.com\/terms-and-conditions\",\n  \"hasOfferCatalog\": {\n    \"@type\": \"OfferCatalog\",\n    \"name\": \"SuperEnalotto Offers\",\n    \"itemListElement\": [\n      {\n        \"@type\": \"Offer\",\n        \"name\": \"Lotto SuperEnalotto Ticket\",\n        \"url\": \"https:\/\/redfoxlotto.com\/cs\/hrat\/superenalotto\/\",\n        \"description\": \"Jedno \u00fa\u010dastn\u011bn\u00ed v dal\u0161\u00edm losov\u00e1n\u00ed loterie SuperEnalotto.\",\n        \"price\": \"3.40\",\n        \"priceCurrency\": \"EUR\",\n        \"availability\": \"https:\/\/schema.org\/InStock\",\n        \"itemOffered\": {\n          \"@type\": \"Service\",\n          \"name\": \"SuperEnalotto Lottery Entry\",\n          \"description\": \"Vstup do dal\u0161\u00edho losov\u00e1n\u00ed SuperEnalotto prost\u0159ednictv\u00edm RedFoxLotto.\"\n        }\n      }\n    ]\n  },\n  \"mainEntityOfPage\": {\n    \"@type\": \"WebPage\",\n    \"@id\": \"https:\/\/redfoxlotto.com\/cs\/hrat\/superenalotto\/\"\n  }\n}\n<\/script><\/p>\n<h2>Jak hr\u00e1t SuperEnalotto<\/h2>\n<p><img loading=\"lazy\" decoding=\"async\" class=\" wp-image alignright\" src=\"https:\/\/content.redfoxlotto.com\/uploads\/sites\/9\/1_play_superenalotto.jpg\" alt=\"Superenalotto hr\u00e1t online\" width=\"196\" height=\"169\" \/><\/p>\n<p>Z\u00e1kladn\u00ed pravidla t\u00e9to italsk\u00e9 loterie jsou celkem jednoduch\u00e1. Sta\u010d\u00ed si vybrat 6 \u010d\u00edsel od 1 do 90, z\u00edskat tiket a pak sta\u010d\u00ed jen po\u010dkat a zkontrolovat vylosovan\u00e1 \u010d\u00edsla. Skute\u010dnost, \u017ee m\u00e1te celkem 90 \u010d\u00edsel, z nich\u017e m\u016f\u017eete vyb\u00edrat, znamen\u00e1, \u017ee \u0161ance na spr\u00e1vn\u00e9 z\u00edsk\u00e1n\u00ed v\u0161ech jsou dost n\u00edzk\u00e9. Pravd\u011bpodobnost je 1 ku 622 milion\u016fm.<\/p>\n<p>To je tak\u00e9 d\u016fvod, pro\u010d jackpot \u010dasto vydr\u017e\u00ed t\u00fddny, ne-li m\u011bs\u00edce, ne\u017e ho n\u011bkdo vybere. Ale to by V\u00e1m nem\u011blo br\u00e1nit ve h\u0159e <a href=\"https:\/\/redfoxlotto.com\/cs\/vysledky\/superenalotto\/\">SuperEnalotto<\/a>. Ceny tiket\u016f jsou relativn\u011b n\u00edzk\u00e9 a h\u00e1dejte co? N\u011bkdo v\u017edycky bude m\u00edt \u0161t\u011bst\u00ed, tak pro\u010d ne Vy? M\u011bjte na pam\u011bti, <strong>\u017ee kdy\u017e hrajete SuperEnalotto na RedFoxLotto<\/strong>, nemus\u00edte b\u00fdt v It\u00e1lii ani b\u00fdt italsk\u00fdm ob\u010danem. Va\u0161e online tikety se \u00fa\u010dastn\u00ed slosov\u00e1n\u00ed bez ohledu na zemi pobytu nebo st\u00e1tn\u00ed p\u0159\u00edslu\u0161nost. To je kr\u00e1sa hran\u00ed mezin\u00e1rodn\u00edch loteri\u00ed online prost\u0159ednictv\u00edm na\u0161\u00ed slu\u017eby.<\/p>\n<h2>Zvy\u0161te Va\u0161i \u0161anci na v\u00fdhru<\/h2>\n<p><img decoding=\"async\" class=\"size-full wp-image alignright\" src=\"https:\/\/content.redfoxlotto.com\/uploads\/sites\/9\/2_ticket_superenalotto.jpg\" alt=\"vyhr\u00e1t Superenalotto\" \/><br \/>\nStatisticky v\u00edce ne\u017e 70% z loterijn\u00edch cen vyhr\u00e1lo vy\u0161\u0161\u00ed \u010d\u00edslo. Ka\u017ed\u00fd pou\u017e\u00edv\u00e1 datum sv\u00fdch narozenin, tak\u017ee pokud jsou ta\u017eeny ni\u017e\u0161\u00ed \u010d\u00edsla, je zde v\u011bt\u0161\u00ed po\u010det v\u00edt\u011bz\u016f a ni\u017e\u0161\u00ed v\u00fdplaty na v\u00edt\u011bze. Tak\u017ee pokud se chcete ujistit, \u017ee nebudete muset sd\u00edlet sv\u016fj jackpot SuperEnalotto, vyberte pro svou vstupenku \u010d\u00edsla p\u0159es 31!<\/p>\n<p>Krom\u011b toho m\u016f\u017eete pou\u017e\u00edt jak\u00fdkoli loterijn\u00ed syst\u00e9m \u010d\u00edsel. Mohli byste tak\u00e9 jen hr\u00e1t va\u0161e osobn\u00ed \u0161\u0165astn\u00e1 \u010d\u00edsla. Pokud jsou to v\u0161echna men\u0161\u00ed \u010d\u00edsla, pro\u010d je nejen vyn\u00e1sobit 2, 3, 4 nebo 5? T\u00edmto zp\u016fsobem se vyhnete \u010d\u00edsl\u016fm, kter\u00e1 maj\u00ed v\u0161ichni ostatn\u00ed.<\/p>\n","protected":false},"excerpt":{"rendered":"<p>Jak hr\u00e1t SuperEnalotto Z\u00e1kladn\u00ed pravidla t\u00e9to italsk\u00e9 loterie jsou celkem jednoduch\u00e1. Sta\u010d\u00ed si vybrat 6 \u010d\u00edsel od 1 do 90, z\u00edskat tiket a pak sta\u010d\u00ed jen po\u010dkat a zkontrolovat vylosovan\u00e1 \u010d\u00edsla. Skute\u010dnost, \u017ee m\u00e1te celkem 90 \u010d\u00edsel, z nich\u017e m\u016f\u017eete vyb\u00edrat, znamen\u00e1, \u017ee \u0161ance na spr\u00e1vn\u00e9 z\u00edsk\u00e1n\u00ed v\u0161ech jsou dost n\u00edzk\u00e9. Pravd\u011bpodobnost je 1 ku [&hellip;]<\/p>\n","protected":false},"author":1,"featured_media":0,"parent":5784,"menu_order":5,"comment_status":"closed","ping_status":"closed","template":"superenalotto.php","meta":{"_et_pb_use_builder":"","_et_pb_old_content":"","_et_gb_content_width":"","exclude_from_search":false,"footnotes":""},"class_list":["post-5790","page","type-page","status-publish","hentry"],"yoast_head":"<!-- This site is optimized with the Yoast SEO plugin v23.8 - https:\/\/yoast.com\/wordpress\/plugins\/seo\/ -->\n<title>Hrajte SuperEnalotto online<\/title>\n<meta name=\"description\" content=\"Nyn\u00ed m\u016f\u017eete hr\u00e1t SuperEnalotto mimo \u00fazem\u00ed It\u00e1lie\" \/>\n<meta name=\"robots\" content=\"index, follow, max-snippet:-1, max-image-preview:large, max-video-preview:-1\" \/>\n<link rel=\"canonical\" href=\"https:\/\/redfoxlotto.com\/cs\/hrat\/superenalotto\/\" \/>\n<meta property=\"og:locale\" content=\"cs_CZ\" \/>\n<meta property=\"og:type\" content=\"article\" \/>\n<meta property=\"og:title\" content=\"Hrajte SuperEnalotto online\" \/>\n<meta property=\"og:description\" content=\"Nyn\u00ed m\u016f\u017eete hr\u00e1t SuperEnalotto mimo \u00fazem\u00ed It\u00e1lie\" \/>\n<meta property=\"og:url\" content=\"https:\/\/redfoxlotto.com\/cs\/hrat\/superenalotto\/\" \/>\n<meta property=\"og:site_name\" content=\"Get Tickets for the World\u2019s largest jackpots\" \/>\n<meta property=\"article:modified_time\" content=\"2025-12-11T00:17:31+00:00\" \/>\n<meta property=\"og:image\" content=\"https:\/\/content.redfoxlotto.com\/uploads\/sites\/9\/1_play_superenalotto.jpg\" \/>\n<meta name=\"twitter:card\" content=\"summary_large_image\" \/>\n<meta name=\"twitter:label1\" content=\"Odhadovan\u00e1 doba \u010dten\u00ed\" \/>\n\t<meta name=\"twitter:data1\" content=\"2 minuty\" \/>\n<script type=\"application\/ld+json\" class=\"yoast-schema-graph\">{\"@context\":\"https:\/\/schema.org\",\"@graph\":[{\"@type\":\"WebPage\",\"@id\":\"https:\/\/redfoxlotto.com\/cs\/hrat\/superenalotto\/\",\"url\":\"https:\/\/redfoxlotto.com\/cs\/hrat\/superenalotto\/\",\"name\":\"Hrajte SuperEnalotto online\",\"isPartOf\":{\"@id\":\"https:\/\/redfoxlotto.com\/cs\/#website\"},\"primaryImageOfPage\":{\"@id\":\"https:\/\/redfoxlotto.com\/cs\/hrat\/superenalotto\/#primaryimage\"},\"image\":{\"@id\":\"https:\/\/redfoxlotto.com\/cs\/hrat\/superenalotto\/#primaryimage\"},\"thumbnailUrl\":\"https:\/\/content.redfoxlotto.com\/uploads\/sites\/9\/1_play_superenalotto.jpg\",\"datePublished\":\"2023-04-24T17:47:11+00:00\",\"dateModified\":\"2025-12-11T00:17:31+00:00\",\"description\":\"Nyn\u00ed m\u016f\u017eete hr\u00e1t SuperEnalotto mimo \u00fazem\u00ed It\u00e1lie\",\"breadcrumb\":{\"@id\":\"https:\/\/redfoxlotto.com\/cs\/hrat\/superenalotto\/#breadcrumb\"},\"inLanguage\":\"cs\",\"potentialAction\":[{\"@type\":\"ReadAction\",\"target\":[\"https:\/\/redfoxlotto.com\/cs\/hrat\/superenalotto\/\"]}]},{\"@type\":\"ImageObject\",\"inLanguage\":\"cs\",\"@id\":\"https:\/\/redfoxlotto.com\/cs\/hrat\/superenalotto\/#primaryimage\",\"url\":\"https:\/\/content.redfoxlotto.com\/uploads\/sites\/9\/1_play_superenalotto.jpg\",\"contentUrl\":\"https:\/\/content.redfoxlotto.com\/uploads\/sites\/9\/1_play_superenalotto.jpg\"},{\"@type\":\"BreadcrumbList\",\"@id\":\"https:\/\/redfoxlotto.com\/cs\/hrat\/superenalotto\/#breadcrumb\",\"itemListElement\":[{\"@type\":\"ListItem\",\"position\":1,\"name\":\"Home\",\"item\":\"https:\/\/redfoxlotto.com\/cs\/\"},{\"@type\":\"ListItem\",\"position\":2,\"name\":\"Jak hr\u00e1t\",\"item\":\"https:\/\/redfoxlotto.com\/cs\/hrat\/\"},{\"@type\":\"ListItem\",\"position\":3,\"name\":\"Italsk\u00e1 loterie SuperEnalotto\"}]},{\"@type\":\"WebSite\",\"@id\":\"https:\/\/redfoxlotto.com\/cs\/#website\",\"url\":\"https:\/\/redfoxlotto.com\/cs\/\",\"name\":\"Get Tickets for the World\u2019s largest jackpots\",\"description\":\"Participate in worldwide lottery jackpots from any country\",\"publisher\":{\"@id\":\"https:\/\/redfoxlotto.com\/cs\/#organization\"},\"potentialAction\":[{\"@type\":\"SearchAction\",\"target\":{\"@type\":\"EntryPoint\",\"urlTemplate\":\"https:\/\/redfoxlotto.com\/cs\/?s={search_term_string}\"},\"query-input\":{\"@type\":\"PropertyValueSpecification\",\"valueRequired\":true,\"valueName\":\"search_term_string\"}}],\"inLanguage\":\"cs\"},{\"@type\":\"Organization\",\"@id\":\"https:\/\/redfoxlotto.com\/cs\/#organization\",\"name\":\"Get Tickets for the World\u2019s largest jackpots\",\"url\":\"https:\/\/redfoxlotto.com\/cs\/\",\"logo\":{\"@type\":\"ImageObject\",\"inLanguage\":\"cs\",\"@id\":\"https:\/\/redfoxlotto.com\/cs\/#\/schema\/logo\/image\/\",\"url\":\"https:\/\/redfoxlotto.com\/wp-content\/uploads\/2023\/04\/logo.png\",\"contentUrl\":\"https:\/\/redfoxlotto.com\/wp-content\/uploads\/2023\/04\/logo.png\",\"width\":269,\"height\":53,\"caption\":\"Get Tickets for the World\u2019s largest jackpots\"},\"image\":{\"@id\":\"https:\/\/redfoxlotto.com\/cs\/#\/schema\/logo\/image\/\"}}]}<\/script>\n<!-- \/ Yoast SEO plugin. -->","yoast_head_json":{"title":"Hrajte SuperEnalotto online","description":"Nyn\u00ed m\u016f\u017eete hr\u00e1t SuperEnalotto mimo \u00fazem\u00ed It\u00e1lie","robots":{"index":"index","follow":"follow","max-snippet":"max-snippet:-1","max-image-preview":"max-image-preview:large","max-video-preview":"max-video-preview:-1"},"canonical":"https:\/\/redfoxlotto.com\/cs\/hrat\/superenalotto\/","og_locale":"cs_CZ","og_type":"article","og_title":"Hrajte SuperEnalotto online","og_description":"Nyn\u00ed m\u016f\u017eete hr\u00e1t SuperEnalotto mimo \u00fazem\u00ed It\u00e1lie","og_url":"https:\/\/redfoxlotto.com\/cs\/hrat\/superenalotto\/","og_site_name":"Get Tickets for the World\u2019s largest jackpots","article_modified_time":"2025-12-11T00:17:31+00:00","og_image":[{"url":"https:\/\/content.redfoxlotto.com\/uploads\/sites\/9\/1_play_superenalotto.jpg"}],"twitter_card":"summary_large_image","twitter_misc":{"Odhadovan\u00e1 doba \u010dten\u00ed":"2 minuty"},"schema":{"@context":"https:\/\/schema.org","@graph":[{"@type":"WebPage","@id":"https:\/\/redfoxlotto.com\/cs\/hrat\/superenalotto\/","url":"https:\/\/redfoxlotto.com\/cs\/hrat\/superenalotto\/","name":"Hrajte SuperEnalotto online","isPartOf":{"@id":"https:\/\/redfoxlotto.com\/cs\/#website"},"primaryImageOfPage":{"@id":"https:\/\/redfoxlotto.com\/cs\/hrat\/superenalotto\/#primaryimage"},"image":{"@id":"https:\/\/redfoxlotto.com\/cs\/hrat\/superenalotto\/#primaryimage"},"thumbnailUrl":"https:\/\/content.redfoxlotto.com\/uploads\/sites\/9\/1_play_superenalotto.jpg","datePublished":"2023-04-24T17:47:11+00:00","dateModified":"2025-12-11T00:17:31+00:00","description":"Nyn\u00ed m\u016f\u017eete hr\u00e1t SuperEnalotto mimo \u00fazem\u00ed It\u00e1lie","breadcrumb":{"@id":"https:\/\/redfoxlotto.com\/cs\/hrat\/superenalotto\/#breadcrumb"},"inLanguage":"cs","potentialAction":[{"@type":"ReadAction","target":["https:\/\/redfoxlotto.com\/cs\/hrat\/superenalotto\/"]}]},{"@type":"ImageObject","inLanguage":"cs","@id":"https:\/\/redfoxlotto.com\/cs\/hrat\/superenalotto\/#primaryimage","url":"https:\/\/content.redfoxlotto.com\/uploads\/sites\/9\/1_play_superenalotto.jpg","contentUrl":"https:\/\/content.redfoxlotto.com\/uploads\/sites\/9\/1_play_superenalotto.jpg"},{"@type":"BreadcrumbList","@id":"https:\/\/redfoxlotto.com\/cs\/hrat\/superenalotto\/#breadcrumb","itemListElement":[{"@type":"ListItem","position":1,"name":"Home","item":"https:\/\/redfoxlotto.com\/cs\/"},{"@type":"ListItem","position":2,"name":"Jak hr\u00e1t","item":"https:\/\/redfoxlotto.com\/cs\/hrat\/"},{"@type":"ListItem","position":3,"name":"Italsk\u00e1 loterie SuperEnalotto"}]},{"@type":"WebSite","@id":"https:\/\/redfoxlotto.com\/cs\/#website","url":"https:\/\/redfoxlotto.com\/cs\/","name":"Get Tickets for the World\u2019s largest jackpots","description":"Participate in worldwide lottery jackpots from any country","publisher":{"@id":"https:\/\/redfoxlotto.com\/cs\/#organization"},"potentialAction":[{"@type":"SearchAction","target":{"@type":"EntryPoint","urlTemplate":"https:\/\/redfoxlotto.com\/cs\/?s={search_term_string}"},"query-input":{"@type":"PropertyValueSpecification","valueRequired":true,"valueName":"search_term_string"}}],"inLanguage":"cs"},{"@type":"Organization","@id":"https:\/\/redfoxlotto.com\/cs\/#organization","name":"Get Tickets for the World\u2019s largest jackpots","url":"https:\/\/redfoxlotto.com\/cs\/","logo":{"@type":"ImageObject","inLanguage":"cs","@id":"https:\/\/redfoxlotto.com\/cs\/#\/schema\/logo\/image\/","url":"https:\/\/redfoxlotto.com\/wp-content\/uploads\/2023\/04\/logo.png","contentUrl":"https:\/\/redfoxlotto.com\/wp-content\/uploads\/2023\/04\/logo.png","width":269,"height":53,"caption":"Get Tickets for the World\u2019s largest jackpots"},"image":{"@id":"https:\/\/redfoxlotto.com\/cs\/#\/schema\/logo\/image\/"}}]}},"_links":{"self":[{"href":"https:\/\/redfoxlotto.com\/cs\/wp-json\/wp\/v2\/pages\/5790","targetHints":{"allow":["GET"]}}],"collection":[{"href":"https:\/\/redfoxlotto.com\/cs\/wp-json\/wp\/v2\/pages"}],"about":[{"href":"https:\/\/redfoxlotto.com\/cs\/wp-json\/wp\/v2\/types\/page"}],"author":[{"embeddable":true,"href":"https:\/\/redfoxlotto.com\/cs\/wp-json\/wp\/v2\/users\/1"}],"replies":[{"embeddable":true,"href":"https:\/\/redfoxlotto.com\/cs\/wp-json\/wp\/v2\/comments?post=5790"}],"version-history":[{"count":0,"href":"https:\/\/redfoxlotto.com\/cs\/wp-json\/wp\/v2\/pages\/5790\/revisions"}],"up":[{"embeddable":true,"href":"https:\/\/redfoxlotto.com\/cs\/wp-json\/wp\/v2\/pages\/5784"}],"wp:attachment":[{"href":"https:\/\/redfoxlotto.com\/cs\/wp-json\/wp\/v2\/media?parent=5790"}],"curies":[{"name":"wp","href":"https:\/\/api.w.org\/{rel}","templated":true}]}}