{"id":5787,"date":"2023-04-24T17:37:44","date_gmt":"2023-04-24T17:37:44","guid":{"rendered":"https:\/\/redfoxlotto.com\/?page_id=804"},"modified":"2025-12-17T08:55:17","modified_gmt":"2025-12-17T08:55:17","slug":"mega-millions","status":"publish","type":"page","link":"https:\/\/redfoxlotto.com\/cs\/hrat\/mega-millions\/","title":{"rendered":"Hrajte hru Mega Millions z \u010cesk\u00e9 republiky"},"content":{"rendered":"<p><script type=\"application\/ld+json\">\n{\n  \"@context\": \"https:\/\/schema.org\",\n  \"@type\": \"Service\",\n  \"name\": \"Hrajte Mega Millions online\",\n  \"url\": \"https:\/\/redfoxlotto.com\/cs\/hrat\/mega-millions\/\",\n  \"description\": \"Hrajte loterii Mega Millions online z jak\u00e9koli zem\u011b. Nav\u0161tivte RedFoxLotto, vyberte si sv\u00e1 \u010d\u00edsla a z\u00edskejte tikety.\",\n  \"serviceType\": \"Online zprost\u0159edkovatelsk\u00e1 slu\u017eba loterijn\u00edch tiket\u016f\",<\/p>\n<p>  \"provider\": {\n    \"@type\": \"Organization\",\n    \"name\": \"RedFoxLotto\",\n    \"url\": \"https:\/\/redfoxlotto.com\/cs\/hrat\/mega-millions\/\",\n    \"image\": \"https:\/\/redfoxlotto.com\/wp-content\/uploads\/2025\/12\/ticket_scans.jpg\",\n    \"sameAs\": []\n  },<\/p>\n<p>  \"areaServed\": \"Worldwide\",\n  \"termsOfService\": \"https:\/\/redfoxlotto.com\/terms-and-conditions\",<\/p>\n<p>  \"additionalProperty\": {\n    \"@type\": \"PropertyValue\",\n    \"name\": \"FAQ\",\n    \"value\": \"https:\/\/redfoxlotto.com\/cs\/hrat\/mega-millions\/\"\n  },<\/p>\n<p>  \"hasOfferCatalog\": {\n    \"@type\": \"OfferCatalog\",\n    \"name\": \"Tikety Mega Millions\",\n    \"itemListElement\": [\n      {\n        \"@type\": \"Offer\",\n        \"name\": \"Mega Millions tikety\",\n        \"url\": \"https:\/\/redfoxlotto.com\/cs\/hrat\/mega-millions\/\",\n        \"description\": \"Klikn\u011bte zde pro v\u00fdb\u011br \u010d\u00edsel pro p\u0159\u00ed\u0161t\u00ed losov\u00e1n\u00ed Mega Millions a objednejte si tikety online.\",\n        \"price\": \"13.00\",\n        \"priceCurrency\": \"EUR\",\n        \"availability\": \"https:\/\/schema.org\/InStock\",<\/p>\n<p>        \"itemOffered\": {\n          \"@type\": \"Service\",\n          \"name\": \"Mega Millions tikety\",\n          \"description\": \"Hrajte v p\u0159\u00ed\u0161t\u00edm losov\u00e1n\u00ed Mega Millions prost\u0159ednictv\u00edm RedFoxLotto.\"\n        }\n      }\n    ]\n  },<\/p>\n<p>  \"mainEntityOfPage\": {\n    \"@type\": \"WebPage\",\n    \"@id\": \"https:\/\/redfoxlotto.com\/cs\/hrat\/mega-millions\/\"\n  }\n}\n<\/script><\/p>\n<p>Nemus\u00edte cestovat do USA, abyste si zahr\u00e1li loterii Mega Millions US. Mega Millions <strong>m\u016f\u017eete tak\u00e9 hr\u00e1t z \u010cesk\u00e9 republiky<\/strong>. Zajist\u00edme V\u00e1m tikety prost\u0159ednictv\u00edm na\u0161\u00ed online slu\u017eby. M\u016f\u017eete si je objednat na na\u0161em webu. Jeden z na\u0161ich agent\u016f v USA zakoup\u00ed tikety (s vybran\u00fdmi \u010d\u00edsly). D\u00e1le od n\u00e1s obdr\u017e\u00edte e-mail s potvrzen\u00edm n\u00e1kupu. Vy\u0159izujeme tak\u00e9 v\u00fdplatu Va\u0161ich v\u00fdher. Dal\u0161\u00ed informace o na\u0161ich slu\u017eb\u00e1ch naleznete v sekci FAQ.<\/p>\n<h2>Pravidla Loterie Mega Millions<\/h2>\n<p>Hr\u00e1\u010d si vybere p\u011bt \u010d\u00edsel mezi 1 a 70 a dal\u0161\u00ed \u010d\u00edslo od 1 do 25. Aby bylo mo\u017en\u00e9 vyhr\u00e1t jackpot, mus\u00ed b\u00fdt spr\u00e1vn\u011b vybr\u00e1no v\u0161ech \u0161est \u010d\u00edsel. Pro p\u011bt spr\u00e1vn\u00fdch hlavn\u00edch \u010d\u00edsel je cena 1 milion dolar\u016f.<\/p>\n<h2>Jackpot Hry Mega Millions<\/h2>\n<p><img loading=\"lazy\" decoding=\"async\" class=\" wp-image alignright\" src=\"https:\/\/content.redfoxlotto.com\/uploads\/sites\/9\/1_play_mega_millions_jackpot.jpg\" alt=\"mega miliony online\" width=\"255\" height=\"255\" \/><\/p>\n<p><a href=\"https:\/\/redfoxlotto.com\/cs\/vysledky\/mega-millions\/\">Loterie Mega Millions<\/a> je zn\u00e1m\u00e1 sv\u00fdmi rychle rostouc\u00edmi jackpoty. Jedn\u00edm d\u016fvodem je, \u017ee se v USA prod\u00e1vaj\u00ed stovky milion\u016f tiket\u016f ka\u017ed\u00fd t\u00fdden. Jackpot v\u0161ak \u010dasto nen\u00ed vybr\u00e1n po cel\u00e9 t\u00fddny. <strong>Jackpot za\u010d\u00edn\u00e1 v\u017edy na \u010d\u00e1stce minim\u00e1ln\u011b 40 milion\u016f dolar\u016f.<\/strong> Nav\u00fd\u0161en\u00ed obvykle za\u010d\u00edn\u00e1 pomaleji, nap\u0159\u00edklad o 10\u201315 milion\u016f dolar\u016f za slosov\u00e1n\u00ed (existuj\u00ed dv\u011b slosov\u00e1n\u00ed t\u00fddn\u011b).<\/p>\n<p>Kdy\u017e nikdo nevyhraje nejvy\u0161\u0161\u00ed cenu, je rychle dosa\u017eeno \u010d\u00e1stky 100 milion\u016f dolar\u016f. Po p\u0159ekro\u010den\u00ed t\u00e9to mezn\u00ed hodnoty se prod\u00e1 v\u00edce tiket\u016f, ne\u017e je obvykl\u00e9, proto\u017ee v tu chv\u00edli chce ka\u017ed\u00fd hr\u00e1t. Jackpot za\u010d\u00edn\u00e1 \u201eexplodovat\u201c. Zv\u00fd\u0161en\u00ed z 200 milion\u016f na 500 milion\u016f b\u011bhem t\u00fddne je zcela norm\u00e1ln\u00ed. A pokud se jackpot nevyhraje b\u011bhem 10 t\u00fddn\u016f, pak dokonce p\u0159es\u00e1hne \u010d\u00e1stku 1 miliardy dolar\u016f, co\u017e se naposledy stalo 19.10.2018. Jackpot byl nakonec vyhr\u00e1n jedin\u00fdm v\u00fdhercem 23. 10. 2018, kdy jeho velikost \u010dinila 1,6 miliardy dolar\u016f.<\/p>\n<p>Kdykoli je velikost jackpotu zna\u010dn\u00e1, bylo by moudr\u00e9 za\u010d\u00edt p\u0159em\u00fd\u0161let o objedn\u00e1n\u00ed tiketu online, a to alespo\u0148 n\u011bkolika po sob\u011b jdouc\u00edch slosov\u00e1n\u00ed. T\u00edmto zp\u016fsobem se ujist\u00edte, \u017ee jste ve h\u0159e pro dal\u0161\u00ed, je\u0161t\u011b vy\u0161\u0161\u00ed jackpoty.<\/p>\n<p>Je d\u016fle\u017eit\u00e9 zm\u00ednit, \u017ee v\u00fdherce jackpotu si m\u016f\u017ee vybrat mezi dv\u011bma mo\u017enostmi. Bu\u010f se rozhodne obdr\u017eet celou \u010d\u00e1stku ve 30 ro\u010dn\u00edch v\u00fdplat\u00e1ch (s ro\u010dn\u00edm nav\u00fd\u0161en\u00edm o 5%, aby se v\u00fdplata p\u0159izp\u016fsobila inflaci), nebo se rozhodne pro okam\u017eitou jednor\u00e1zovou platbu. Tato v\u00fdplata by byla ni\u017e\u0161\u00ed ne\u017e celkov\u00e1 \u010d\u00e1stka jackpotu.<\/p>\n<h2>Je tato online slu\u017eba leg\u00e1ln\u00ed pro hr\u00e1\u010de z \u010cesk\u00e9 republiky?<\/h2>\n<p><img loading=\"lazy\" decoding=\"async\" class=\"alignright size-full wp-image\" src=\"https:\/\/content.redfoxlotto.com\/uploads\/sites\/9\/2_ticket_mega_millions.jpg\" alt=\"Hrajte \u010cesk\u00e9 republiky\" width=\"212\" height=\"142\" \/><br \/>\n<strong>Je 100% leg\u00e1ln\u00ed pro hr\u00e1\u010de ze v\u0161ech zem\u00ed, v\u010detn\u011b \u010cesk\u00e9 republiky.<\/strong> V podstat\u011b je to tak, jako kdybyste si b\u011bhem pobytu v USA <a href=\"https:\/\/redfoxlotto.com\/cs\/loterie\/\">koupili tiket<\/a> ke h\u0159e Mega Millions. Vzhledem k tomu, \u017ee v USA mohou b\u00fdt loterijn\u00ed tikety prod\u00e1ny komukoli star\u0161\u00edmu 18 let, mohou cizinci leg\u00e1ln\u011b vyhr\u00e1t. Nakonec v\u0161e, na \u010dem z\u00e1le\u017e\u00ed, je, \u017ee m\u00e1te tiket. Krom\u011b toho se tak\u00e9 ujist\u00edme, \u017ee dostanete zaplaceno to, co jste vyhr\u00e1li. U v\u011bt\u0161\u00edch v\u00fdher (v\u00edce ne\u017e 2500) obvykle dostanete \u0161ek nebo lze vyu\u017e\u00edt bankovn\u00ed p\u0159evod.<\/p>\n<p>V p\u0159\u00edpad\u011b, \u017ee byste m\u011bli jackpot vyhr\u00e1t, mo\u017en\u00e1 budete muset cestovat do USA, kde V\u00e1m bude \u0161ek p\u0159ed\u00e1n osobn\u011b. Ur\u010dit\u011b byste byli r\u00e1di a nad\u0161eni, \u017ee si m\u016f\u017eete ud\u011blat v\u00fdlet!<\/p>\n<p>Je <a href=\"https:\/\/redfoxlotto.com\/cs\/aktualni-vyse-jackpotu-powerball-a-mega-millions\/\">dal\u0161\u00ed jackpot hry Mega Millions<\/a> rezervov\u00e1n pr\u00e1v\u011b pro V\u00e1s ? Vyzkou\u0161ejte sv\u00e9 \u0161t\u011bst\u00ed &#8211; nem\u016f\u017eete vyhr\u00e1t, pokud si nezakoup\u00edte tiket!<\/p>\n","protected":false},"excerpt":{"rendered":"<p>Nemus\u00edte cestovat do USA, abyste si zahr\u00e1li loterii Mega Millions US. Mega Millions m\u016f\u017eete tak\u00e9 hr\u00e1t z \u010cesk\u00e9 republiky. Zajist\u00edme V\u00e1m tikety prost\u0159ednictv\u00edm na\u0161\u00ed online slu\u017eby. M\u016f\u017eete si je objednat na na\u0161em webu. Jeden z na\u0161ich agent\u016f v USA zakoup\u00ed tikety (s vybran\u00fdmi \u010d\u00edsly). D\u00e1le od n\u00e1s obdr\u017e\u00edte e-mail s potvrzen\u00edm n\u00e1kupu. Vy\u0159izujeme tak\u00e9 v\u00fdplatu [&hellip;]<\/p>\n","protected":false},"author":1,"featured_media":0,"parent":5784,"menu_order":2,"comment_status":"closed","ping_status":"closed","template":"megamillion.php","meta":{"_et_pb_use_builder":"","_et_pb_old_content":"","_et_gb_content_width":"","exclude_from_search":false,"footnotes":""},"class_list":["post-5787","page","type-page","status-publish","hentry"],"yoast_head":"<!-- This site is optimized with the Yoast SEO plugin v23.8 - https:\/\/yoast.com\/wordpress\/plugins\/seo\/ -->\n<title>Hrajte Mega Millions Online z \u010cesk\u00e9 republiky<\/title>\n<meta name=\"description\" content=\"Objednejte si tiket ke h\u0159e Mega Millions zde - z \u010cesk\u00e9 republiky nebo kter\u00e9koli jin\u00e9 zem\u011b!\" \/>\n<meta name=\"robots\" content=\"index, follow, max-snippet:-1, max-image-preview:large, max-video-preview:-1\" \/>\n<link rel=\"canonical\" href=\"https:\/\/redfoxlotto.com\/cs\/hrat\/mega-millions\/\" \/>\n<meta property=\"og:locale\" content=\"cs_CZ\" \/>\n<meta property=\"og:type\" content=\"article\" \/>\n<meta property=\"og:title\" content=\"Hrajte Mega Millions Online z \u010cesk\u00e9 republiky\" \/>\n<meta property=\"og:description\" content=\"Objednejte si tiket ke h\u0159e Mega Millions zde - z \u010cesk\u00e9 republiky nebo kter\u00e9koli jin\u00e9 zem\u011b!\" \/>\n<meta property=\"og:url\" content=\"https:\/\/redfoxlotto.com\/cs\/hrat\/mega-millions\/\" \/>\n<meta property=\"og:site_name\" content=\"Get Tickets for the World\u2019s largest jackpots\" \/>\n<meta property=\"article:modified_time\" content=\"2025-12-17T08:55:17+00:00\" \/>\n<meta property=\"og:image\" content=\"https:\/\/content.redfoxlotto.com\/uploads\/sites\/9\/1_play_mega_millions_jackpot.jpg\" \/>\n<meta name=\"twitter:card\" content=\"summary_large_image\" \/>\n<meta name=\"twitter:label1\" content=\"Odhadovan\u00e1 doba \u010dten\u00ed\" \/>\n\t<meta name=\"twitter:data1\" content=\"3 minuty\" \/>\n<script type=\"application\/ld+json\" class=\"yoast-schema-graph\">{\"@context\":\"https:\/\/schema.org\",\"@graph\":[{\"@type\":\"WebPage\",\"@id\":\"https:\/\/redfoxlotto.com\/cs\/hrat\/mega-millions\/\",\"url\":\"https:\/\/redfoxlotto.com\/cs\/hrat\/mega-millions\/\",\"name\":\"Hrajte Mega Millions Online z \u010cesk\u00e9 republiky\",\"isPartOf\":{\"@id\":\"https:\/\/redfoxlotto.com\/cs\/#website\"},\"primaryImageOfPage\":{\"@id\":\"https:\/\/redfoxlotto.com\/cs\/hrat\/mega-millions\/#primaryimage\"},\"image\":{\"@id\":\"https:\/\/redfoxlotto.com\/cs\/hrat\/mega-millions\/#primaryimage\"},\"thumbnailUrl\":\"https:\/\/content.redfoxlotto.com\/uploads\/sites\/9\/1_play_mega_millions_jackpot.jpg\",\"datePublished\":\"2023-04-24T17:37:44+00:00\",\"dateModified\":\"2025-12-17T08:55:17+00:00\",\"description\":\"Objednejte si tiket ke h\u0159e Mega Millions zde - z \u010cesk\u00e9 republiky nebo kter\u00e9koli jin\u00e9 zem\u011b!\",\"breadcrumb\":{\"@id\":\"https:\/\/redfoxlotto.com\/cs\/hrat\/mega-millions\/#breadcrumb\"},\"inLanguage\":\"cs\",\"potentialAction\":[{\"@type\":\"ReadAction\",\"target\":[\"https:\/\/redfoxlotto.com\/cs\/hrat\/mega-millions\/\"]}]},{\"@type\":\"ImageObject\",\"inLanguage\":\"cs\",\"@id\":\"https:\/\/redfoxlotto.com\/cs\/hrat\/mega-millions\/#primaryimage\",\"url\":\"https:\/\/content.redfoxlotto.com\/uploads\/sites\/9\/1_play_mega_millions_jackpot.jpg\",\"contentUrl\":\"https:\/\/content.redfoxlotto.com\/uploads\/sites\/9\/1_play_mega_millions_jackpot.jpg\"},{\"@type\":\"BreadcrumbList\",\"@id\":\"https:\/\/redfoxlotto.com\/cs\/hrat\/mega-millions\/#breadcrumb\",\"itemListElement\":[{\"@type\":\"ListItem\",\"position\":1,\"name\":\"Home\",\"item\":\"https:\/\/redfoxlotto.com\/cs\/\"},{\"@type\":\"ListItem\",\"position\":2,\"name\":\"Jak hr\u00e1t\",\"item\":\"https:\/\/redfoxlotto.com\/cs\/hrat\/\"},{\"@type\":\"ListItem\",\"position\":3,\"name\":\"Hrajte hru Mega Millions z \u010cesk\u00e9 republiky\"}]},{\"@type\":\"WebSite\",\"@id\":\"https:\/\/redfoxlotto.com\/cs\/#website\",\"url\":\"https:\/\/redfoxlotto.com\/cs\/\",\"name\":\"Get Tickets for the World\u2019s largest jackpots\",\"description\":\"Participate in worldwide lottery jackpots from any country\",\"publisher\":{\"@id\":\"https:\/\/redfoxlotto.com\/cs\/#organization\"},\"potentialAction\":[{\"@type\":\"SearchAction\",\"target\":{\"@type\":\"EntryPoint\",\"urlTemplate\":\"https:\/\/redfoxlotto.com\/cs\/?s={search_term_string}\"},\"query-input\":{\"@type\":\"PropertyValueSpecification\",\"valueRequired\":true,\"valueName\":\"search_term_string\"}}],\"inLanguage\":\"cs\"},{\"@type\":\"Organization\",\"@id\":\"https:\/\/redfoxlotto.com\/cs\/#organization\",\"name\":\"Get Tickets for the World\u2019s largest jackpots\",\"url\":\"https:\/\/redfoxlotto.com\/cs\/\",\"logo\":{\"@type\":\"ImageObject\",\"inLanguage\":\"cs\",\"@id\":\"https:\/\/redfoxlotto.com\/cs\/#\/schema\/logo\/image\/\",\"url\":\"https:\/\/redfoxlotto.com\/wp-content\/uploads\/2023\/04\/logo.png\",\"contentUrl\":\"https:\/\/redfoxlotto.com\/wp-content\/uploads\/2023\/04\/logo.png\",\"width\":269,\"height\":53,\"caption\":\"Get Tickets for the World\u2019s largest jackpots\"},\"image\":{\"@id\":\"https:\/\/redfoxlotto.com\/cs\/#\/schema\/logo\/image\/\"}}]}<\/script>\n<!-- \/ Yoast SEO plugin. -->","yoast_head_json":{"title":"Hrajte Mega Millions Online z \u010cesk\u00e9 republiky","description":"Objednejte si tiket ke h\u0159e Mega Millions zde - z \u010cesk\u00e9 republiky nebo kter\u00e9koli jin\u00e9 zem\u011b!","robots":{"index":"index","follow":"follow","max-snippet":"max-snippet:-1","max-image-preview":"max-image-preview:large","max-video-preview":"max-video-preview:-1"},"canonical":"https:\/\/redfoxlotto.com\/cs\/hrat\/mega-millions\/","og_locale":"cs_CZ","og_type":"article","og_title":"Hrajte Mega Millions Online z \u010cesk\u00e9 republiky","og_description":"Objednejte si tiket ke h\u0159e Mega Millions zde - z \u010cesk\u00e9 republiky nebo kter\u00e9koli jin\u00e9 zem\u011b!","og_url":"https:\/\/redfoxlotto.com\/cs\/hrat\/mega-millions\/","og_site_name":"Get Tickets for the World\u2019s largest jackpots","article_modified_time":"2025-12-17T08:55:17+00:00","og_image":[{"url":"https:\/\/content.redfoxlotto.com\/uploads\/sites\/9\/1_play_mega_millions_jackpot.jpg"}],"twitter_card":"summary_large_image","twitter_misc":{"Odhadovan\u00e1 doba \u010dten\u00ed":"3 minuty"},"schema":{"@context":"https:\/\/schema.org","@graph":[{"@type":"WebPage","@id":"https:\/\/redfoxlotto.com\/cs\/hrat\/mega-millions\/","url":"https:\/\/redfoxlotto.com\/cs\/hrat\/mega-millions\/","name":"Hrajte Mega Millions Online z \u010cesk\u00e9 republiky","isPartOf":{"@id":"https:\/\/redfoxlotto.com\/cs\/#website"},"primaryImageOfPage":{"@id":"https:\/\/redfoxlotto.com\/cs\/hrat\/mega-millions\/#primaryimage"},"image":{"@id":"https:\/\/redfoxlotto.com\/cs\/hrat\/mega-millions\/#primaryimage"},"thumbnailUrl":"https:\/\/content.redfoxlotto.com\/uploads\/sites\/9\/1_play_mega_millions_jackpot.jpg","datePublished":"2023-04-24T17:37:44+00:00","dateModified":"2025-12-17T08:55:17+00:00","description":"Objednejte si tiket ke h\u0159e Mega Millions zde - z \u010cesk\u00e9 republiky nebo kter\u00e9koli jin\u00e9 zem\u011b!","breadcrumb":{"@id":"https:\/\/redfoxlotto.com\/cs\/hrat\/mega-millions\/#breadcrumb"},"inLanguage":"cs","potentialAction":[{"@type":"ReadAction","target":["https:\/\/redfoxlotto.com\/cs\/hrat\/mega-millions\/"]}]},{"@type":"ImageObject","inLanguage":"cs","@id":"https:\/\/redfoxlotto.com\/cs\/hrat\/mega-millions\/#primaryimage","url":"https:\/\/content.redfoxlotto.com\/uploads\/sites\/9\/1_play_mega_millions_jackpot.jpg","contentUrl":"https:\/\/content.redfoxlotto.com\/uploads\/sites\/9\/1_play_mega_millions_jackpot.jpg"},{"@type":"BreadcrumbList","@id":"https:\/\/redfoxlotto.com\/cs\/hrat\/mega-millions\/#breadcrumb","itemListElement":[{"@type":"ListItem","position":1,"name":"Home","item":"https:\/\/redfoxlotto.com\/cs\/"},{"@type":"ListItem","position":2,"name":"Jak hr\u00e1t","item":"https:\/\/redfoxlotto.com\/cs\/hrat\/"},{"@type":"ListItem","position":3,"name":"Hrajte hru Mega Millions z \u010cesk\u00e9 republiky"}]},{"@type":"WebSite","@id":"https:\/\/redfoxlotto.com\/cs\/#website","url":"https:\/\/redfoxlotto.com\/cs\/","name":"Get Tickets for the World\u2019s largest jackpots","description":"Participate in worldwide lottery jackpots from any country","publisher":{"@id":"https:\/\/redfoxlotto.com\/cs\/#organization"},"potentialAction":[{"@type":"SearchAction","target":{"@type":"EntryPoint","urlTemplate":"https:\/\/redfoxlotto.com\/cs\/?s={search_term_string}"},"query-input":{"@type":"PropertyValueSpecification","valueRequired":true,"valueName":"search_term_string"}}],"inLanguage":"cs"},{"@type":"Organization","@id":"https:\/\/redfoxlotto.com\/cs\/#organization","name":"Get Tickets for the World\u2019s largest jackpots","url":"https:\/\/redfoxlotto.com\/cs\/","logo":{"@type":"ImageObject","inLanguage":"cs","@id":"https:\/\/redfoxlotto.com\/cs\/#\/schema\/logo\/image\/","url":"https:\/\/redfoxlotto.com\/wp-content\/uploads\/2023\/04\/logo.png","contentUrl":"https:\/\/redfoxlotto.com\/wp-content\/uploads\/2023\/04\/logo.png","width":269,"height":53,"caption":"Get Tickets for the World\u2019s largest jackpots"},"image":{"@id":"https:\/\/redfoxlotto.com\/cs\/#\/schema\/logo\/image\/"}}]}},"_links":{"self":[{"href":"https:\/\/redfoxlotto.com\/cs\/wp-json\/wp\/v2\/pages\/5787","targetHints":{"allow":["GET"]}}],"collection":[{"href":"https:\/\/redfoxlotto.com\/cs\/wp-json\/wp\/v2\/pages"}],"about":[{"href":"https:\/\/redfoxlotto.com\/cs\/wp-json\/wp\/v2\/types\/page"}],"author":[{"embeddable":true,"href":"https:\/\/redfoxlotto.com\/cs\/wp-json\/wp\/v2\/users\/1"}],"replies":[{"embeddable":true,"href":"https:\/\/redfoxlotto.com\/cs\/wp-json\/wp\/v2\/comments?post=5787"}],"version-history":[{"count":0,"href":"https:\/\/redfoxlotto.com\/cs\/wp-json\/wp\/v2\/pages\/5787\/revisions"}],"up":[{"embeddable":true,"href":"https:\/\/redfoxlotto.com\/cs\/wp-json\/wp\/v2\/pages\/5784"}],"wp:attachment":[{"href":"https:\/\/redfoxlotto.com\/cs\/wp-json\/wp\/v2\/media?parent=5787"}],"curies":[{"name":"wp","href":"https:\/\/api.w.org\/{rel}","templated":true}]}}