{"id":5786,"date":"2022-10-26T09:30:02","date_gmt":"2022-10-26T09:30:02","guid":{"rendered":"https:\/\/redfoxlotto.com\/?page_id=802"},"modified":"2025-12-17T07:21:09","modified_gmt":"2025-12-17T07:21:09","slug":"euromillions","status":"publish","type":"page","link":"https:\/\/redfoxlotto.com\/cs\/hrat\/euromillions\/","title":{"rendered":"Jak hr\u00e1t Euromillions mimo Evropu"},"content":{"rendered":"<p><script type=\"application\/ld+json\">\n{\n  \"@context\": \"https:\/\/schema.org\",\n  \"@type\": \"Service\",\n  \"name\": \"Hrajte Euromillions Online\",\n  \"url\": \"https:\/\/redfoxlotto.com\/cs\/hrat\/euromillions\/\",\n  \"description\": \"Hrajte Euromillions online z jak\u00e9koliv zem\u011b. Nav\u0161tivte RedFoxLotto, vyberte sv\u00e1 \u010d\u00edsla a z\u00edskejte sv\u00e9 tikety.\",\n  \"serviceType\": \"Online lottery ticket messenger service\",\n  \"provider\": {\n    \"@type\": \"Organization\",\n    \"name\": \"RedFoxLotto\",\n    \"url\": \"https:\/\/redfoxlotto.com\/cs\/\",\n    \"image\": \"https:\/\/redfoxlotto.com\/wp-content\/uploads\/2025\/12\/ticket_scans.jpg\",\n    \"sameAs\": []\n  },\n  \"areaServed\": \"Worldwide\",\n  \"termsOfService\": \"https:\/\/redfoxlotto.com\/terms-and-conditions\",\n  \"additionalProperty\": {\n    \"@type\": \"PropertyValue\",\n    \"name\": \"FAQ\",\n    \"value\": \"https:\/\/redfoxlotto.com\/cs\/faq\/\"\n  },\n  \"hasOfferCatalog\": {\n    \"@type\": \"OfferCatalog\",\n    \"name\": \"Euromillions Loterijn\u00ed Tikety\",\n    \"itemListElement\": [\n      {\n        \"@type\": \"Offer\",\n        \"name\": \"Euromillions Tikety\",\n        \"url\": \"https:\/\/redfoxlotto.com\/cs\/hrat\/euromillions\/\",\n        \"description\": \"Klikn\u011bte zde a vyberte si \u010d\u00edsla pro p\u0159\u00ed\u0161t\u00ed losov\u00e1n\u00ed Euromillions \u2013 objednejte si tikety online.\",\n        \"price\": \"7.00\",\n        \"priceCurrency\": \"EUR\",\n        \"availability\": \"https:\/\/schema.org\/InStock\",\n        \"itemOffered\": {\n          \"@type\": \"Service\",\n          \"name\": \"Euromillions Loterijn\u00ed Tikety\",\n          \"description\": \"Hrajte v p\u0159\u00ed\u0161t\u00edm losov\u00e1n\u00ed Euromillions prost\u0159ednictv\u00edm RedFoxLotto.\"\n        }\n      }\n    ]\n  },\n  \"mainEntityOfPage\": {\n    \"@type\": \"WebPage\",\n    \"@id\": \"https:\/\/redfoxlotto.com\/cs\/hrat\/euromillions\/\"\n  }\n}\n<\/script><\/p>\n<p>EuroMillions je mezin\u00e1rodn\u00ed loterie, kterou m\u016f\u017eete hr\u00e1t online z \u010cesk\u00e9 republiky. Tikety do loterie Euromillions v\u0161ak nelze zakoupit v obchodech v jin\u00fdch zem\u00edch, zejm\u00e9na v neevropsk\u00fdch zem\u00edch.<\/p>\n<p>Krom\u011b <a href=\"https:\/\/redfoxlotto.com\/cs\/hrat\/eurojackpot\/\">Eurojackpotu<\/a> je Euromillions nejv\u011bt\u0161\u00ed loteri\u00ed v Evrop\u011b. Loterie byla zalo\u017eena v roce 2004. Dosud rekordn\u00ed jackpot \u010din\u00ed 190 milion\u016f \u20ac. V \u0159\u00edjnu 2014 vyhr\u00e1l jedin\u00fd nezn\u00e1m\u00fd hr\u00e1\u010d.<\/p>\n<p>Slosov\u00e1n\u00ed hry Euromillions se kon\u00e1 v \u00fater\u00fd a v p\u00e1tek v Pa\u0159\u00ed\u017ei. Chcete-li vyhr\u00e1t jackpot, mus\u00ed V\u00e1\u0161 tiket obsahovat 5 \u010d\u00edsel od 1 do 50, stejn\u011b jako &#8222;lucky star&#8220;, \u010d\u00edslo mezi 1 a 12. Samoz\u0159ejm\u011b existuj\u00ed i dal\u0161\u00ed v\u00fdhern\u00ed \u00farovn\u011b. Pro nejmen\u0161\u00ed v\u00fdhru mus\u00edte spr\u00e1vn\u011b za\u0161krtnout 2 z 5 hlavn\u00edch \u010d\u00edsel.<\/p>\n<h2>Jak funguje online n\u00e1kup tiket\u016f ke h\u0159e Euromillions?<\/h2>\n<p><img decoding=\"async\" class=\"size-full wp-image alignright\" src=\"https:\/\/content.redfoxlotto.com\/uploads\/sites\/9\/2_ticket_euromillions.jpg\" alt=\"euromillions online\" \/><\/p>\n<p><strong>Chcete-li hr\u00e1t Euromillions online, sta\u010d\u00ed kliknout na Euromillions na na\u0161em webu<\/strong>. Pak vyberete sv\u00e1 \u010d\u00edsla. K dispozici je tak\u00e9 funkce \u201eRychl\u00fd v\u00fdb\u011br\u201c. Jedn\u00edm kliknut\u00edm my\u0161i m\u016f\u017eete nechat gener\u00e1tor n\u00e1hodn\u00fdch \u010d\u00edsel ur\u010dit Va\u0161e \u010d\u00edsla. Zvolen\u00e1 \u010d\u00edsla m\u016f\u017eete st\u00e1le ru\u010dn\u011b zm\u011bnit, pokud chcete.<br \/>\nPot\u00e9 p\u0159idejte libovoln\u00fd po\u010det tiket\u016f.<\/p>\n<p>Pokud si p\u0159ejete, m\u016f\u017eete do sv\u00e9 objedn\u00e1vky p\u0159idat dal\u0161\u00ed tikety. Va\u0161e objedn\u00e1vka m\u016f\u017ee zahrnovat i <a href=\"https:\/\/redfoxlotto.com\/cs\/loterie\/\">tikety na dal\u0161\u00ed loterie<\/a>. Mnoho na\u0161ich klient\u016f hraje sou\u010dasn\u011b n\u011bkolik mezin\u00e1rodn\u00edch loteri\u00ed. V\u011bt\u0161ina lid\u00ed si vybere sv\u00e9 loterie na z\u00e1klad\u011b aktu\u00e1ln\u00ed velikosti jackpotu.<\/p>\n<p>Pot\u00e9 postupujte podle pokyn\u016f na na\u0161em webu, dokon\u010dete n\u00e1kup a zapla\u0165te online.<\/p>\n<h2>V\u00fdhody hran\u00ed mezin\u00e1rodn\u00edch loteri\u00ed, jako je Euromillions online<\/h2>\n<p>Krom\u011b toho je zde jedna z hlavn\u00edch v\u00fdhod hran\u00ed o mezin\u00e1rodn\u00ed loterijn\u00edch jackpoty. Sv\u00e9 loterijn\u00ed pen\u00edze m\u016f\u017eete vyu\u017e\u00edvat v\u00fdhodn\u011bji zakoupen\u00edm tiket\u016f pouze na ty loterie, jejich\u017e jackpoty jsou v aktu\u00e1ln\u00ed dob\u011b dostate\u010dn\u011b vysok\u00e9. Nemus\u00edte \u010dekat t\u00fddny, ne\u017e bude n\u00e1rodn\u00ed loterijn\u00ed jackpot ve Va\u0161\u00ed zemi dostate\u010dn\u011b vysok\u00fd. V podstat\u011b si m\u016f\u017eete kdykoli vybrat mnohem v\u011bt\u0161\u00ed online jackpot. Ve skute\u010dnosti m\u00e1 v\u011bt\u0161ina zem\u00ed sv\u011bta loterie, kter\u00e9 nikdy nedos\u00e1hnou takov\u00fdch jackpot\u016f nebo dokonce maj\u00ed jen zlomek toho, co maj\u00ed nejv\u011bt\u0161\u00ed loterie na sv\u011bt\u011b.<\/p>\n<p><img loading=\"lazy\" decoding=\"async\" class=\" wp-image alignright\" src=\"https:\/\/content.redfoxlotto.com\/uploads\/sites\/9\/1_play_onlinelottery4.jpg\" alt=\"hr\u00e1t online\" width=\"253\" height=\"169\" \/><br \/>\nVzhledem k tomu, \u017ee existuj\u00ed dv\u011b t\u00fddenn\u00ed slosov\u00e1n\u00ed, jackpot hry <a href=\"https:\/\/redfoxlotto.com\/cs\/loterie\/euromillions\/\">Euromillions<\/a> roste pom\u011brn\u011b rychle. Z tohoto d\u016fvodu m\u016f\u017eete zv\u00e1\u017eit aktivaci mo\u017enosti, aby Va\u0161e tikety byly platn\u00e9 pro n\u011bkolik po sob\u011b jdouc\u00edch slosov\u00e1n\u00ed. To lze prov\u00e9st b\u011bhem procesu online n\u00e1kupu. Tato mo\u017enost je k dispozici p\u0159ed dokon\u010den\u00edm objedn\u00e1vky. Tak\u017ee v\u017edy z\u016fstanete ve h\u0159e o dal\u0161\u00ed nejvy\u0161\u0161\u00ed jackpot v n\u00e1sleduj\u00edc\u00edm slosov\u00e1n\u00ed. Dal\u0161\u00ed slosov\u00e1n\u00ed nemus\u00ed m\u00edt v\u00edt\u011bze hlavn\u00ed ceny.<\/p>\n<p>Hr\u00e1\u010di plat\u00ed o n\u011bco v\u00edce, proto\u017ee tikety EuroMillions se kupuj\u00ed ve Velk\u00e9 Brit\u00e1nii. D\u016fvodem je skute\u010dnost, \u017ee tikety ve Spojen\u00e9m kr\u00e1lovstv\u00ed jsou automaticky za\u0159azeny do slosov\u00e1n\u00ed Millionaire Maker, kter\u00e9 poskytuje dal\u0161\u00ed p\u0159\u00edle\u017eitost vyhr\u00e1t odm\u011bnu ve v\u00fd\u0161i 1 milionu liber.<\/p>\n<p>Sout\u011b\u017e Millionaire Maker funguje tak, \u017ee pro ka\u017ed\u00fd zakoupen\u00fd tiket je vygenerov\u00e1n jedine\u010dn\u00fd k\u00f3d. Tento k\u00f3d se skl\u00e1d\u00e1 ze \u010dty\u0159 p\u00edsmen a p\u011bti \u010d\u00edsel (nap\u0159. ABCD12345). V ka\u017ed\u00e9m losov\u00e1n\u00ed je n\u00e1hodn\u011b vybr\u00e1n jeden nebo v\u00edce t\u011bchto k\u00f3d\u016f a majitel tiketu se shodn\u00fdm k\u00f3dem okam\u017eit\u011b vyhr\u00e1v\u00e1 1 milion liber bez ohledu na hlavn\u00ed vylosovan\u00e1 \u010d\u00edsla EuroMillions.<\/p>\n<p>D\u00edky t\u00e9to funkci je hran\u00ed EuroMillions ve Velk\u00e9 Brit\u00e1nii obzvl\u00e1\u0161t\u011b atraktivn\u00ed, proto\u017ee poskytuje dal\u0161\u00ed p\u0159\u00edle\u017eitost vyhr\u00e1t v\u00fdznamnou v\u00fdhru nad r\u00e1mec standardn\u00edho jackpotu a odm\u011bn ni\u017e\u0161\u00ed \u00farovn\u011b.<\/p>\n<p>Pokud tedy jackpot ve Va\u0161\u00ed m\u00edstn\u00ed loterii nen\u00ed pr\u00e1v\u011b te\u010f tak atraktivn\u00ed, pro\u010d nezkusit \u0161t\u011bst\u00ed s online tikety ve h\u0159e Euromillions?<\/p>\n","protected":false},"excerpt":{"rendered":"<p>EuroMillions je mezin\u00e1rodn\u00ed loterie, kterou m\u016f\u017eete hr\u00e1t online z \u010cesk\u00e9 republiky. Tikety do loterie Euromillions v\u0161ak nelze zakoupit v obchodech v jin\u00fdch zem\u00edch, zejm\u00e9na v neevropsk\u00fdch zem\u00edch. Krom\u011b Eurojackpotu je Euromillions nejv\u011bt\u0161\u00ed loteri\u00ed v Evrop\u011b. Loterie byla zalo\u017eena v roce 2004. Dosud rekordn\u00ed jackpot \u010din\u00ed 190 milion\u016f \u20ac. V \u0159\u00edjnu 2014 vyhr\u00e1l jedin\u00fd nezn\u00e1m\u00fd hr\u00e1\u010d. [&hellip;]<\/p>\n","protected":false},"author":1,"featured_media":0,"parent":5784,"menu_order":3,"comment_status":"closed","ping_status":"closed","template":"euromillions.php","meta":{"_et_pb_use_builder":"","_et_pb_old_content":"","_et_gb_content_width":"","exclude_from_search":false,"footnotes":""},"class_list":["post-5786","page","type-page","status-publish","hentry"],"yoast_head":"<!-- This site is optimized with the Yoast SEO plugin v27.4 - https:\/\/yoast.com\/product\/yoast-seo-wordpress\/ -->\n<title>Zahrajte si loterii Euromillions online z \u010cesk\u00e9 republiky<\/title>\n<meta name=\"description\" content=\"Fanou\u0161ci loteri\u00ed z cel\u00e9ho sv\u011bta mohou nyn\u00ed hr\u00e1t Euromillions online z \u010cesk\u00e9 republiky - pod\u00edvejte se na na\u0161i slu\u017ebu\" \/>\n<meta name=\"robots\" content=\"index, follow, max-snippet:-1, max-image-preview:large, max-video-preview:-1\" \/>\n<link rel=\"canonical\" href=\"https:\/\/redfoxlotto.com\/cs\/hrat\/euromillions\/\" \/>\n<meta property=\"og:locale\" content=\"cs_CZ\" \/>\n<meta property=\"og:type\" content=\"article\" \/>\n<meta property=\"og:title\" content=\"Zahrajte si loterii Euromillions online z \u010cesk\u00e9 republiky\" \/>\n<meta property=\"og:description\" content=\"Fanou\u0161ci loteri\u00ed z cel\u00e9ho sv\u011bta mohou nyn\u00ed hr\u00e1t Euromillions online z \u010cesk\u00e9 republiky - pod\u00edvejte se na na\u0161i slu\u017ebu\" \/>\n<meta property=\"og:url\" content=\"https:\/\/redfoxlotto.com\/cs\/hrat\/euromillions\/\" \/>\n<meta property=\"og:site_name\" content=\"Get Tickets for the World\u2019s largest jackpots\" \/>\n<meta property=\"article:modified_time\" content=\"2025-12-17T07:21:09+00:00\" \/>\n<meta property=\"og:image\" content=\"https:\/\/content.redfoxlotto.com\/uploads\/sites\/9\/2_ticket_euromillions.jpg\" \/>\n<meta name=\"twitter:card\" content=\"summary_large_image\" \/>\n<meta name=\"twitter:label1\" content=\"Odhadovan\u00e1 doba \u010dten\u00ed\" \/>\n\t<meta name=\"twitter:data1\" content=\"3 minuty\" \/>\n<script type=\"application\/ld+json\" class=\"yoast-schema-graph\">{\"@context\":\"https:\\\/\\\/schema.org\",\"@graph\":[{\"@type\":\"WebPage\",\"@id\":\"https:\\\/\\\/redfoxlotto.com\\\/cs\\\/hrat\\\/euromillions\\\/\",\"url\":\"https:\\\/\\\/redfoxlotto.com\\\/cs\\\/hrat\\\/euromillions\\\/\",\"name\":\"Zahrajte si loterii Euromillions online z \u010cesk\u00e9 republiky\",\"isPartOf\":{\"@id\":\"https:\\\/\\\/redfoxlotto.com\\\/cs\\\/#website\"},\"primaryImageOfPage\":{\"@id\":\"https:\\\/\\\/redfoxlotto.com\\\/cs\\\/hrat\\\/euromillions\\\/#primaryimage\"},\"image\":{\"@id\":\"https:\\\/\\\/redfoxlotto.com\\\/cs\\\/hrat\\\/euromillions\\\/#primaryimage\"},\"thumbnailUrl\":\"https:\\\/\\\/content.redfoxlotto.com\\\/uploads\\\/sites\\\/9\\\/2_ticket_euromillions.jpg\",\"datePublished\":\"2022-10-26T09:30:02+00:00\",\"dateModified\":\"2025-12-17T07:21:09+00:00\",\"description\":\"Fanou\u0161ci loteri\u00ed z cel\u00e9ho sv\u011bta mohou nyn\u00ed hr\u00e1t Euromillions online z \u010cesk\u00e9 republiky - pod\u00edvejte se na na\u0161i slu\u017ebu\",\"breadcrumb\":{\"@id\":\"https:\\\/\\\/redfoxlotto.com\\\/cs\\\/hrat\\\/euromillions\\\/#breadcrumb\"},\"inLanguage\":\"cs\",\"potentialAction\":[{\"@type\":\"ReadAction\",\"target\":[\"https:\\\/\\\/redfoxlotto.com\\\/cs\\\/hrat\\\/euromillions\\\/\"]}]},{\"@type\":\"ImageObject\",\"inLanguage\":\"cs\",\"@id\":\"https:\\\/\\\/redfoxlotto.com\\\/cs\\\/hrat\\\/euromillions\\\/#primaryimage\",\"url\":\"https:\\\/\\\/content.redfoxlotto.com\\\/uploads\\\/sites\\\/9\\\/2_ticket_euromillions.jpg\",\"contentUrl\":\"https:\\\/\\\/content.redfoxlotto.com\\\/uploads\\\/sites\\\/9\\\/2_ticket_euromillions.jpg\"},{\"@type\":\"BreadcrumbList\",\"@id\":\"https:\\\/\\\/redfoxlotto.com\\\/cs\\\/hrat\\\/euromillions\\\/#breadcrumb\",\"itemListElement\":[{\"@type\":\"ListItem\",\"position\":1,\"name\":\"Home\",\"item\":\"https:\\\/\\\/redfoxlotto.com\\\/cs\\\/\"},{\"@type\":\"ListItem\",\"position\":2,\"name\":\"Jak hr\u00e1t\",\"item\":\"https:\\\/\\\/redfoxlotto.com\\\/cs\\\/hrat\\\/\"},{\"@type\":\"ListItem\",\"position\":3,\"name\":\"Jak hr\u00e1t Euromillions mimo Evropu\"}]},{\"@type\":\"WebSite\",\"@id\":\"https:\\\/\\\/redfoxlotto.com\\\/cs\\\/#website\",\"url\":\"https:\\\/\\\/redfoxlotto.com\\\/cs\\\/\",\"name\":\"Get Tickets for the World\u2019s largest jackpots\",\"description\":\"Participate in worldwide lottery jackpots from any country\",\"publisher\":{\"@id\":\"https:\\\/\\\/redfoxlotto.com\\\/cs\\\/#organization\"},\"potentialAction\":[{\"@type\":\"SearchAction\",\"target\":{\"@type\":\"EntryPoint\",\"urlTemplate\":\"https:\\\/\\\/redfoxlotto.com\\\/cs\\\/?s={search_term_string}\"},\"query-input\":{\"@type\":\"PropertyValueSpecification\",\"valueRequired\":true,\"valueName\":\"search_term_string\"}}],\"inLanguage\":\"cs\"},{\"@type\":\"Organization\",\"@id\":\"https:\\\/\\\/redfoxlotto.com\\\/cs\\\/#organization\",\"name\":\"Get Tickets for the World\u2019s largest jackpots\",\"url\":\"https:\\\/\\\/redfoxlotto.com\\\/cs\\\/\",\"logo\":{\"@type\":\"ImageObject\",\"inLanguage\":\"cs\",\"@id\":\"https:\\\/\\\/redfoxlotto.com\\\/cs\\\/#\\\/schema\\\/logo\\\/image\\\/\",\"url\":\"https:\\\/\\\/redfoxlotto.com\\\/wp-content\\\/uploads\\\/2023\\\/04\\\/logo.png\",\"contentUrl\":\"https:\\\/\\\/redfoxlotto.com\\\/wp-content\\\/uploads\\\/2023\\\/04\\\/logo.png\",\"width\":269,\"height\":53,\"caption\":\"Get Tickets for the World\u2019s largest jackpots\"},\"image\":{\"@id\":\"https:\\\/\\\/redfoxlotto.com\\\/cs\\\/#\\\/schema\\\/logo\\\/image\\\/\"}}]}<\/script>\n<!-- \/ Yoast SEO plugin. -->","yoast_head_json":{"title":"Zahrajte si loterii Euromillions online z \u010cesk\u00e9 republiky","description":"Fanou\u0161ci loteri\u00ed z cel\u00e9ho sv\u011bta mohou nyn\u00ed hr\u00e1t Euromillions online z \u010cesk\u00e9 republiky - pod\u00edvejte se na na\u0161i slu\u017ebu","robots":{"index":"index","follow":"follow","max-snippet":"max-snippet:-1","max-image-preview":"max-image-preview:large","max-video-preview":"max-video-preview:-1"},"canonical":"https:\/\/redfoxlotto.com\/cs\/hrat\/euromillions\/","og_locale":"cs_CZ","og_type":"article","og_title":"Zahrajte si loterii Euromillions online z \u010cesk\u00e9 republiky","og_description":"Fanou\u0161ci loteri\u00ed z cel\u00e9ho sv\u011bta mohou nyn\u00ed hr\u00e1t Euromillions online z \u010cesk\u00e9 republiky - pod\u00edvejte se na na\u0161i slu\u017ebu","og_url":"https:\/\/redfoxlotto.com\/cs\/hrat\/euromillions\/","og_site_name":"Get Tickets for the World\u2019s largest jackpots","article_modified_time":"2025-12-17T07:21:09+00:00","og_image":[{"url":"https:\/\/content.redfoxlotto.com\/uploads\/sites\/9\/2_ticket_euromillions.jpg","type":"","width":"","height":""}],"twitter_card":"summary_large_image","twitter_misc":{"Odhadovan\u00e1 doba \u010dten\u00ed":"3 minuty"},"schema":{"@context":"https:\/\/schema.org","@graph":[{"@type":"WebPage","@id":"https:\/\/redfoxlotto.com\/cs\/hrat\/euromillions\/","url":"https:\/\/redfoxlotto.com\/cs\/hrat\/euromillions\/","name":"Zahrajte si loterii Euromillions online z \u010cesk\u00e9 republiky","isPartOf":{"@id":"https:\/\/redfoxlotto.com\/cs\/#website"},"primaryImageOfPage":{"@id":"https:\/\/redfoxlotto.com\/cs\/hrat\/euromillions\/#primaryimage"},"image":{"@id":"https:\/\/redfoxlotto.com\/cs\/hrat\/euromillions\/#primaryimage"},"thumbnailUrl":"https:\/\/content.redfoxlotto.com\/uploads\/sites\/9\/2_ticket_euromillions.jpg","datePublished":"2022-10-26T09:30:02+00:00","dateModified":"2025-12-17T07:21:09+00:00","description":"Fanou\u0161ci loteri\u00ed z cel\u00e9ho sv\u011bta mohou nyn\u00ed hr\u00e1t Euromillions online z \u010cesk\u00e9 republiky - pod\u00edvejte se na na\u0161i slu\u017ebu","breadcrumb":{"@id":"https:\/\/redfoxlotto.com\/cs\/hrat\/euromillions\/#breadcrumb"},"inLanguage":"cs","potentialAction":[{"@type":"ReadAction","target":["https:\/\/redfoxlotto.com\/cs\/hrat\/euromillions\/"]}]},{"@type":"ImageObject","inLanguage":"cs","@id":"https:\/\/redfoxlotto.com\/cs\/hrat\/euromillions\/#primaryimage","url":"https:\/\/content.redfoxlotto.com\/uploads\/sites\/9\/2_ticket_euromillions.jpg","contentUrl":"https:\/\/content.redfoxlotto.com\/uploads\/sites\/9\/2_ticket_euromillions.jpg"},{"@type":"BreadcrumbList","@id":"https:\/\/redfoxlotto.com\/cs\/hrat\/euromillions\/#breadcrumb","itemListElement":[{"@type":"ListItem","position":1,"name":"Home","item":"https:\/\/redfoxlotto.com\/cs\/"},{"@type":"ListItem","position":2,"name":"Jak hr\u00e1t","item":"https:\/\/redfoxlotto.com\/cs\/hrat\/"},{"@type":"ListItem","position":3,"name":"Jak hr\u00e1t Euromillions mimo Evropu"}]},{"@type":"WebSite","@id":"https:\/\/redfoxlotto.com\/cs\/#website","url":"https:\/\/redfoxlotto.com\/cs\/","name":"Get Tickets for the World\u2019s largest jackpots","description":"Participate in worldwide lottery jackpots from any country","publisher":{"@id":"https:\/\/redfoxlotto.com\/cs\/#organization"},"potentialAction":[{"@type":"SearchAction","target":{"@type":"EntryPoint","urlTemplate":"https:\/\/redfoxlotto.com\/cs\/?s={search_term_string}"},"query-input":{"@type":"PropertyValueSpecification","valueRequired":true,"valueName":"search_term_string"}}],"inLanguage":"cs"},{"@type":"Organization","@id":"https:\/\/redfoxlotto.com\/cs\/#organization","name":"Get Tickets for the World\u2019s largest jackpots","url":"https:\/\/redfoxlotto.com\/cs\/","logo":{"@type":"ImageObject","inLanguage":"cs","@id":"https:\/\/redfoxlotto.com\/cs\/#\/schema\/logo\/image\/","url":"https:\/\/redfoxlotto.com\/wp-content\/uploads\/2023\/04\/logo.png","contentUrl":"https:\/\/redfoxlotto.com\/wp-content\/uploads\/2023\/04\/logo.png","width":269,"height":53,"caption":"Get Tickets for the World\u2019s largest jackpots"},"image":{"@id":"https:\/\/redfoxlotto.com\/cs\/#\/schema\/logo\/image\/"}}]}},"_links":{"self":[{"href":"https:\/\/redfoxlotto.com\/cs\/wp-json\/wp\/v2\/pages\/5786","targetHints":{"allow":["GET"]}}],"collection":[{"href":"https:\/\/redfoxlotto.com\/cs\/wp-json\/wp\/v2\/pages"}],"about":[{"href":"https:\/\/redfoxlotto.com\/cs\/wp-json\/wp\/v2\/types\/page"}],"author":[{"embeddable":true,"href":"https:\/\/redfoxlotto.com\/cs\/wp-json\/wp\/v2\/users\/1"}],"replies":[{"embeddable":true,"href":"https:\/\/redfoxlotto.com\/cs\/wp-json\/wp\/v2\/comments?post=5786"}],"version-history":[{"count":0,"href":"https:\/\/redfoxlotto.com\/cs\/wp-json\/wp\/v2\/pages\/5786\/revisions"}],"up":[{"embeddable":true,"href":"https:\/\/redfoxlotto.com\/cs\/wp-json\/wp\/v2\/pages\/5784"}],"wp:attachment":[{"href":"https:\/\/redfoxlotto.com\/cs\/wp-json\/wp\/v2\/media?parent=5786"}],"curies":[{"name":"wp","href":"https:\/\/api.w.org\/{rel}","templated":true}]}}