{"id":5785,"date":"2023-04-24T17:44:36","date_gmt":"2023-04-24T17:44:36","guid":{"rendered":"https:\/\/redfoxlotto.com\/?page_id=800"},"modified":"2025-12-16T14:02:25","modified_gmt":"2025-12-16T14:02:25","slug":"eurojackpot","status":"publish","type":"page","link":"https:\/\/redfoxlotto.com\/cs\/hrat\/eurojackpot\/","title":{"rendered":"Hr\u00e1t Eurojackpot"},"content":{"rendered":"<p><script type=\"application\/ld+json\">\n{\n  \"@context\": \"https:\/\/schema.org\",\n  \"@type\": \"Service\",\n  \"name\": \"Hrajte Eurojackpot online\",\n  \"url\": \"https:\/\/redfoxlotto.com\/cs\/hrat\/eurojackpot\/\",\n  \"description\": \"Hrajte loterii Eurojackpot online z jak\u00e9koli zem\u011b. Nav\u0161tivte RedFoxLotto, vyberte sv\u00e1 \u010d\u00edsla a z\u00edskejte sv\u00e9 tikety.\",\n  \"serviceType\": \"Online slu\u017eba doru\u010den\u00ed loterijn\u00edch tiket\u016f\",\n  \"provider\": {\n    \"@type\": \"Organization\",\n    \"name\": \"RedFoxLotto\",\n    \"url\": \"https:\/\/redfoxlotto.com\/cs\/\",\n    \"image\": \"https:\/\/redfoxlotto.com\/wp-content\/uploads\/2025\/12\/ticket_scans.jpg\",\n    \"sameAs\": []\n  },\n  \"areaServed\": \"Worldwide\",\n  \"termsOfService\": \"https:\/\/redfoxlotto.com\/terms-and-conditions\",\n  \"additionalProperty\": {\n    \"@type\": \"PropertyValue\",\n    \"name\": \"FAQ\",\n    \"value\": \"https:\/\/redfoxlotto.com\/cs\/faq\/\"\n  },\n  \"hasOfferCatalog\": {\n    \"@type\": \"OfferCatalog\",\n    \"name\": \"Eurojackpot loterijn\u00ed tikety\",\n    \"itemListElement\": [\n      {\n        \"@type\": \"Offer\",\n        \"name\": \"Eurojackpot tikety\",\n        \"url\": \"https:\/\/redfoxlotto.com\/cs\/hrat\/eurojackpot\/\",\n        \"description\": \"Klikn\u011bte zde pro v\u00fdb\u011br \u010d\u00edsel do p\u0159\u00ed\u0161t\u00edho slosov\u00e1n\u00ed Eurojackpotu \u2013 objednejte si tikety online.\",\n        \"price\": 6.00,\n        \"priceCurrency\": \"EUR\",\n        \"availability\": \"https:\/\/schema.org\/InStock\",\n        \"itemOffered\": {\n          \"@type\": \"Service\",\n          \"name\": \"Eurojackpot loterijn\u00ed tikety\",\n          \"description\": \"Hrajte v p\u0159\u00ed\u0161t\u00edm slosov\u00e1n\u00ed Eurojackpotu prost\u0159ednictv\u00edm RedFoxLotto.\"\n        }\n      }\n    ]\n  },\n  \"mainEntityOfPage\": {\n    \"@type\": \"WebPage\",\n    \"@id\": \"https:\/\/redfoxlotto.com\/cs\/hrat\/eurojackpot\/\"\n  }\n}\n<\/script><\/p>\n<p>Mo\u017en\u00e1 jste sly\u0161eli o loterii Eurojackpot, a\u0165 u\u017e v sou\u010dasn\u00e9 dob\u011b \u017eijete v jedn\u00e9 z evropsk\u00fdch zem\u00ed, kde se tato loterie hraje, nebo ne. Je to loterie, kter\u00e1 za\u010dala v roce 2012 za \u00fa\u010dasti 19 evropsk\u00fdch zem\u00ed. Pokud v\u0161ak \u017eijete v \u010cesk\u00e9 republice nebo v jin\u00e9 zemi, kter\u00e1 nen\u00ed na seznamu \u00fa\u010dastn\u00edk\u016f, nem\u00e1te mo\u017enost z\u00edskat tiket na <a href=\"https:\/\/redfoxlotto.com\/cs\/loterie\/eurojackpot\/\">Eurojackpot<\/a>.<!--more--><\/p>\n<p>To znamen\u00e1, \u017ee p\u0159ed n\u011bjakou dobou jste je\u0161t\u011b nemohli hr\u00e1t a nem\u011bli tak ani p\u0159\u00edstup k tomuto nov\u00e9mu jackpotu, \u017ee? <strong>Nyn\u00ed u\u017e ale m\u016f\u017eete hr\u00e1t Eurojackpot online.<\/strong><\/p>\n<h2>Internet jako z\u00e1chrana<\/h2>\n<p><img decoding=\"async\" class=\"size-full wp-image alignright\" src=\"https:\/\/content.redfoxlotto.com\/uploads\/sites\/9\/2_ticket_eurojackpot1.jpg\" alt=\"eurojackpot hr\u00e1t online\" \/><\/p>\n<p>\u0158e\u0161en\u00ed pro fanou\u0161ky loterie z \u010cesk\u00e9 republiky i jinde V\u00e1m poskytuj\u00ed na\u0161e webov\u00e9 str\u00e1nky. Spolu s Eurojackpotem V\u00e1m poskytujeme p\u0159\u00edstup k \u0159ad\u011b mezin\u00e1rodn\u00edch loteri\u00ed. Nab\u00edz\u00edme kur\u00fdrn\u00ed slu\u017ebu pro loterijn\u00ed tikety s nejv\u011bt\u0161\u00edmi jackpoty z cel\u00e9ho sv\u011bta. V\u011bt\u0161ina, pokud ne \u00fapln\u011b v\u0161echny tyto loterie by V\u00e1m jinak nebyly k dispozici, ale my jsme tu pro V\u00e1s!<\/p>\n<h2>Pro\u010d hr\u00e1t Eurojackpot?<\/h2>\n<p>Koneckonc\u016f v\u00edme, \u017ee lid\u00e9 na cel\u00e9m sv\u011bt\u011b opravdu cht\u011bj\u00ed dostat \u0161anci hr\u00e1t a vyhr\u00e1t tyto velk\u00e9 jackpoty, ne\u017e aby se dr\u017eeli pouze jackpot\u016f sv\u00fdch vlastn\u00edch n\u00e1rodn\u00edch loterijn\u00edch her.<\/p>\n<p>Sta\u010d\u00ed si vybrat z na\u0161eho seznamu loteri\u00ed. M\u00e1me n\u011bkter\u00e9 z t\u011bch nejpopul\u00e1rn\u011bj\u0161\u00edch z cel\u00e9ho sv\u011bta k dispozici. T\u00edmto zp\u016fsobem se m\u016f\u017eete pod\u00edvat, zjistit, co ka\u017ed\u00e1 z nich m\u016f\u017ee nab\u00eddnout, a rozhodnout se, kter\u00e9 z nich V\u00e1s nejv\u00edce zaj\u00edmaj\u00ed.<\/p>\n<p>Pot\u00e9 si vyberte sv\u00e1 \u010d\u00edsla ru\u010dn\u011b nebo nechte n\u00e1\u0161 gener\u00e1tor n\u00e1hodn\u00fdch \u010d\u00edsel, aby to ud\u011blal za V\u00e1s (funkce \u201eRychl\u00fd v\u00fdb\u011br\u201c). M\u016f\u017eete je dokonce kombinovat, vybrat n\u011bkolik \u010d\u00edsel a pot\u00e9 n\u00e1hodn\u011b p\u0159idat dal\u0161\u00ed \u010d\u00edsla, kter\u00e1 pot\u0159ebujete ke kone\u010dn\u00e9mu vypln\u011bn\u00ed Va\u0161ich tiket\u016f. T\u00edmto zp\u016fsobem tak m\u016f\u017eete doplnit n\u011bkter\u00e1 z po\u017eadovan\u00fdch \u010d\u00edsel, ale st\u00e1le m\u016f\u017eete sami formul\u00e1\u0159 editovat.<\/p>\n<p>P\u0159idejte dal\u0161\u00ed tikety, pokud chcete, <a href=\"https:\/\/redfoxlotto.com\/cs\/vysledky\/eurojackpot\/\">kombinujte r\u016fzn\u00e9 loterie<\/a>. To V\u00e1m pom\u016f\u017ee zv\u00fd\u0161it Va\u0161e \u0161ance, proto\u017ee budete hr\u00e1t celou \u0159adu r\u016fzn\u00fdch her najednou. Mohli byste dokonce d\u011blat to, co je mezi na\u0161imi klienty velmi popul\u00e1rn\u00ed, a to je hr\u00e1t stejn\u00e9 mno\u017einy \u010d\u00edsel ve v\u00edce loteri\u00edch.<\/p>\n<p>Pro n\u011bkter\u00e9 je to skv\u011bl\u00fd zp\u016fsob, jak zv\u00fd\u0161it sv\u00e9 \u0161ance, proto\u017ee tato \u010d\u00edsla se musej\u00ed v ur\u010dit\u00e9m okam\u017eiku vyt\u00e1hnout, \u017ee? Mus\u00ed existovat zp\u016fsob, jak vyhr\u00e1t s t\u011bmito \u010d\u00edsly?<\/p>\n<p>A\u017e budete m\u00edt v\u0161echny tikety, kter\u00e9 chcete, m\u016f\u017eete pou\u017e\u00edt kteroukoli z na\u0161ich bezpe\u010dn\u00fdch platebn\u00edch mo\u017enost\u00ed k n\u00e1kupu. Existuje spousta r\u016fzn\u00fdch zp\u016fsob\u016f,ze kter\u00fdch si m\u016f\u017eete vybrat, tak\u017ee si m\u016f\u017eete zvolit ten, kter\u00fd V\u00e1m nejv\u00edce vyhovuje. Pou\u017e\u00edv\u00e1me t\u00e9m\u011b\u0159 v\u0161echny nejobl\u00edben\u011bj\u0161\u00ed platformy.<\/p>\n<p>Nezapome\u0148te ur\u010dit, kolika slosov\u00e1n\u00ed se chcete z\u00fa\u010dastnit. To je d\u016fle\u017eit\u00e9 zejm\u00e9na proto, \u017ee aktu\u00e1ln\u00ed jackpot nemus\u00ed b\u00fdt v dal\u0161\u00edm slosov\u00e1n\u00ed vyhr\u00e1n. Necht\u011bli byste nechat uj\u00edt \u0161anci vyhr\u00e1t je\u0161t\u011b v\u011bt\u0161\u00ed sumu v n\u00e1sleduj\u00edc\u00edm slosov\u00e1n\u00ed, \u017ee?<\/p>\n<h2>Co se stane potom?<\/h2>\n<p>Je to vlastn\u011b docela jednoduch\u00e9 hr\u00e1t hru Eurojackpot online. M\u00e1me s\u00ed\u0165 agent\u016f, kte\u0159\u00ed zakoup\u00ed loterijn\u00ed tikety s parametry, kter\u00e9 jste si vybrali. Na sv\u00e9m klientsk\u00e9m \u00fa\u010dtu na RedFoxLotto.com uvid\u00edte potvrzen\u00ed n\u00e1kupu. Samoz\u0159ejm\u011b dostanete tak\u00e9 potvrzen\u00ed e-mailem. To znamen\u00e1, \u017ee si m\u016f\u017eete b\u00fdt jisti, \u017ee se v\u0161e d\u011bje tak, jak jste pl\u00e1novali, a \u017ee Va\u0161e tikety jsou p\u0159ipraven\u00e9 a \u010dekaj\u00ed na slosov\u00e1n\u00ed vybran\u00e9 hry.<\/p>\n<p>Od t\u00e9 doby se nebudete muset starat o nic, proto\u017ee V\u00e1s tak\u00e9 budeme pr\u016fb\u011b\u017en\u011b informovat o slosov\u00e1n\u00ed, jen pro p\u0159\u00edpad, \u017ee zapomenete, na kter\u00e9 dny vych\u00e1z\u00ed.<\/p>\n<p>Pokud vyhraje jeden z Va\u0161ich tiket\u016f, dostanete dal\u0161\u00ed e-mailov\u00e9 upozorn\u011bn\u00ed. Dokud va\u0161e v\u00fdhry nebudou vy\u0161\u0161\u00ed ne\u017e 2500 \u20ac, budou okam\u017eit\u011b p\u0159ips\u00e1ny na V\u00e1\u0161 klientsk\u00fd \u00fa\u010det. M\u016f\u017eete si je nechat vyplatit prost\u0159ednictv\u00edm kter\u00e9hokoli \u00fa\u010dtu, kter\u00fd jste vybrali, nebo je m\u016f\u017eete pou\u017e\u00edt jako prost\u0159edky na n\u00e1kup dal\u0161\u00edch tiket\u016f. D\u00edky tomu bude pro V\u00e1s snadn\u00e9 se rozhodnout, \u017ee? V z\u00e1jmu vy\u0161\u0161\u00ed v\u00fdhry V\u00e1s bude na\u0161e podpora kontaktovat a spravovat p\u0159\u00edmou v\u00fdplatu.<\/p>\n<h2>Specifika hran\u00ed hry Eurojackpot<\/h2>\n<p><img decoding=\"async\" class=\"size-full wp-image alignright\" src=\"https:\/\/content.redfoxlotto.com\/uploads\/sites\/9\/1_play_eurojackpot.jpg\" alt=\"vyhr\u00e1t Eurojackpot\" \/><\/p>\n<p>Pokud budete hr\u00e1t Eurojackpot, pot\u0159ebujete nejprve v\u011bd\u011bt jak. Je to opravdu zcela jednoduch\u00e9. Na Va\u0161em tiketu mus\u00edte vybrat p\u011bt \u010d\u00edsel mezi 1 a 50, plus 2 \u010d\u00edsla mezi 1 a 12. Jackpoty za\u010d\u00ednaj\u00ed na minim\u00e1ln\u011b 10 milionech \u20ac. Existuje jedna str\u00e1nka, ve kter\u00e9 se tato loterie li\u0161\u00ed od v\u011bt\u0161iny ostatn\u00edch. Jakmile jackpot dos\u00e1hne 120 milion\u016f \u20ac, je limitov\u00e1n.<\/p>\n<p>To znamen\u00e1, \u017ee v\u0161echny pen\u00edze, kter\u00e9 by byly za norm\u00e1ln\u00edch okolnost\u00ed p\u0159id\u00e1ny do jackpotu, budou p\u0159i\u010dteny k druh\u00e9 \u00farovni ceny. Chcete-li vyhr\u00e1t tuto cenu, mus\u00edte tak m\u00edt na sv\u00e9m tiketu pouze 5 plus 1 \u010d\u00edslo. Va\u0161e \u0161ance na v\u00fdhru t\u00e9to ceny jsou o\u010dividn\u011b lep\u0161\u00ed o desetinnou \u010d\u00e1rku, ve srovn\u00e1n\u00ed s va\u0161\u00ed \u0161anc\u00ed na v\u00fdhru s 5 plus 2 \u010d\u00edsly!<\/p>\n<p>To znamen\u00e1, \u017ee pokud se jackpot dostane na maxim\u00e1ln\u00ed \u010d\u00e1stku, m\u00e1te ve skute\u010dnosti druhou \u0161anci na v\u00fdhru velk\u00e9ho jackpotu. Druhou \u00farove\u0148 je snaz\u0161\u00ed vyhr\u00e1t a hodnoty v\u00fdher na n\u00ed se zvy\u0161uj\u00ed. To ur\u010dit\u011b zv\u00fd\u0161\u00ed Va\u0161e \u0161ance na tuto obrovskou v\u00fdhru, \u017ee?<\/p>\n<p>A to znamen\u00e1, \u017ee i kdy\u017e bude jackpot o n\u011bco men\u0161\u00ed, i kdy\u017e ho n\u011bkdo vybere, st\u00e1le si budete cht\u00edt zakoupit jeden z tiket\u016f, proto\u017ee budete m\u00edt velkou \u0161anci opravdu vyhr\u00e1t v dlouhodob\u00e9m horizontu, pokud si koup\u00edte tiket ke h\u0159e Eurojackpot online.<\/p>\n<p><strong>Za\u010dn\u011bte hned s hran\u00edm mezin\u00e1rodn\u00ed loterie &#8211; kupte si l\u00edstky na Eurojackpot je\u0161t\u011b dnes!<\/strong><\/p>\n","protected":false},"excerpt":{"rendered":"<p>Mo\u017en\u00e1 jste sly\u0161eli o loterii Eurojackpot, a\u0165 u\u017e v sou\u010dasn\u00e9 dob\u011b \u017eijete v jedn\u00e9 z evropsk\u00fdch zem\u00ed, kde se tato loterie hraje, nebo ne. Je to loterie, kter\u00e1 za\u010dala v roce 2012 za \u00fa\u010dasti 19 evropsk\u00fdch zem\u00ed. Pokud v\u0161ak \u017eijete v \u010cesk\u00e9 republice nebo v jin\u00e9 zemi, kter\u00e1 nen\u00ed na seznamu \u00fa\u010dastn\u00edk\u016f, nem\u00e1te mo\u017enost z\u00edskat [&hellip;]<\/p>\n","protected":false},"author":1,"featured_media":0,"parent":5784,"menu_order":4,"comment_status":"closed","ping_status":"closed","template":"eurojackpot.php","meta":{"_et_pb_use_builder":"","_et_pb_old_content":"","_et_gb_content_width":"","exclude_from_search":false,"footnotes":""},"class_list":["post-5785","page","type-page","status-publish","hentry"],"yoast_head":"<!-- This site is optimized with the Yoast SEO plugin v27.3 - https:\/\/yoast.com\/product\/yoast-seo-wordpress\/ -->\n<title>Loterie Eurojackpot online \u2013 hr\u00e1t z \u010cesk\u00e9 republiky<\/title>\n<meta name=\"description\" content=\"Z\u00edskejte p\u0159\u00edstup k loterii Eurojackpot pr\u00e1v\u011b te\u010f - bez ohledu na to, ze kter\u00e9 zem\u011b jste, hrajte mezin\u00e1rodn\u00ed loterie online\" \/>\n<meta name=\"robots\" content=\"index, follow, max-snippet:-1, max-image-preview:large, max-video-preview:-1\" \/>\n<link rel=\"canonical\" href=\"https:\/\/redfoxlotto.com\/cs\/hrat\/eurojackpot\/\" \/>\n<meta property=\"og:locale\" content=\"cs_CZ\" \/>\n<meta property=\"og:type\" content=\"article\" \/>\n<meta property=\"og:title\" content=\"Loterie Eurojackpot online \u2013 hr\u00e1t z \u010cesk\u00e9 republiky\" \/>\n<meta property=\"og:description\" content=\"Z\u00edskejte p\u0159\u00edstup k loterii Eurojackpot pr\u00e1v\u011b te\u010f - bez ohledu na to, ze kter\u00e9 zem\u011b jste, hrajte mezin\u00e1rodn\u00ed loterie online\" \/>\n<meta property=\"og:url\" content=\"https:\/\/redfoxlotto.com\/cs\/hrat\/eurojackpot\/\" \/>\n<meta property=\"og:site_name\" content=\"Get Tickets for the World\u2019s largest jackpots\" \/>\n<meta property=\"article:modified_time\" content=\"2025-12-16T14:02:25+00:00\" \/>\n<meta property=\"og:image\" content=\"https:\/\/content.redfoxlotto.com\/uploads\/sites\/9\/2_ticket_eurojackpot1.jpg\" \/>\n<meta name=\"twitter:card\" content=\"summary_large_image\" \/>\n<meta name=\"twitter:label1\" content=\"Odhadovan\u00e1 doba \u010dten\u00ed\" \/>\n\t<meta name=\"twitter:data1\" content=\"4 minuty\" \/>\n<script type=\"application\/ld+json\" class=\"yoast-schema-graph\">{\"@context\":\"https:\\\/\\\/schema.org\",\"@graph\":[{\"@type\":\"WebPage\",\"@id\":\"https:\\\/\\\/redfoxlotto.com\\\/cs\\\/hrat\\\/eurojackpot\\\/\",\"url\":\"https:\\\/\\\/redfoxlotto.com\\\/cs\\\/hrat\\\/eurojackpot\\\/\",\"name\":\"Loterie Eurojackpot online \u2013 hr\u00e1t z \u010cesk\u00e9 republiky\",\"isPartOf\":{\"@id\":\"https:\\\/\\\/redfoxlotto.com\\\/cs\\\/#website\"},\"primaryImageOfPage\":{\"@id\":\"https:\\\/\\\/redfoxlotto.com\\\/cs\\\/hrat\\\/eurojackpot\\\/#primaryimage\"},\"image\":{\"@id\":\"https:\\\/\\\/redfoxlotto.com\\\/cs\\\/hrat\\\/eurojackpot\\\/#primaryimage\"},\"thumbnailUrl\":\"https:\\\/\\\/content.redfoxlotto.com\\\/uploads\\\/sites\\\/9\\\/2_ticket_eurojackpot1.jpg\",\"datePublished\":\"2023-04-24T17:44:36+00:00\",\"dateModified\":\"2025-12-16T14:02:25+00:00\",\"description\":\"Z\u00edskejte p\u0159\u00edstup k loterii Eurojackpot pr\u00e1v\u011b te\u010f - bez ohledu na to, ze kter\u00e9 zem\u011b jste, hrajte mezin\u00e1rodn\u00ed loterie online\",\"breadcrumb\":{\"@id\":\"https:\\\/\\\/redfoxlotto.com\\\/cs\\\/hrat\\\/eurojackpot\\\/#breadcrumb\"},\"inLanguage\":\"cs\",\"potentialAction\":[{\"@type\":\"ReadAction\",\"target\":[\"https:\\\/\\\/redfoxlotto.com\\\/cs\\\/hrat\\\/eurojackpot\\\/\"]}]},{\"@type\":\"ImageObject\",\"inLanguage\":\"cs\",\"@id\":\"https:\\\/\\\/redfoxlotto.com\\\/cs\\\/hrat\\\/eurojackpot\\\/#primaryimage\",\"url\":\"https:\\\/\\\/content.redfoxlotto.com\\\/uploads\\\/sites\\\/9\\\/2_ticket_eurojackpot1.jpg\",\"contentUrl\":\"https:\\\/\\\/content.redfoxlotto.com\\\/uploads\\\/sites\\\/9\\\/2_ticket_eurojackpot1.jpg\"},{\"@type\":\"BreadcrumbList\",\"@id\":\"https:\\\/\\\/redfoxlotto.com\\\/cs\\\/hrat\\\/eurojackpot\\\/#breadcrumb\",\"itemListElement\":[{\"@type\":\"ListItem\",\"position\":1,\"name\":\"Home\",\"item\":\"https:\\\/\\\/redfoxlotto.com\\\/cs\\\/\"},{\"@type\":\"ListItem\",\"position\":2,\"name\":\"Jak hr\u00e1t\",\"item\":\"https:\\\/\\\/redfoxlotto.com\\\/cs\\\/hrat\\\/\"},{\"@type\":\"ListItem\",\"position\":3,\"name\":\"Hr\u00e1t Eurojackpot\"}]},{\"@type\":\"WebSite\",\"@id\":\"https:\\\/\\\/redfoxlotto.com\\\/cs\\\/#website\",\"url\":\"https:\\\/\\\/redfoxlotto.com\\\/cs\\\/\",\"name\":\"Get Tickets for the World\u2019s largest jackpots\",\"description\":\"Participate in worldwide lottery jackpots from any country\",\"publisher\":{\"@id\":\"https:\\\/\\\/redfoxlotto.com\\\/cs\\\/#organization\"},\"potentialAction\":[{\"@type\":\"SearchAction\",\"target\":{\"@type\":\"EntryPoint\",\"urlTemplate\":\"https:\\\/\\\/redfoxlotto.com\\\/cs\\\/?s={search_term_string}\"},\"query-input\":{\"@type\":\"PropertyValueSpecification\",\"valueRequired\":true,\"valueName\":\"search_term_string\"}}],\"inLanguage\":\"cs\"},{\"@type\":\"Organization\",\"@id\":\"https:\\\/\\\/redfoxlotto.com\\\/cs\\\/#organization\",\"name\":\"Get Tickets for the World\u2019s largest jackpots\",\"url\":\"https:\\\/\\\/redfoxlotto.com\\\/cs\\\/\",\"logo\":{\"@type\":\"ImageObject\",\"inLanguage\":\"cs\",\"@id\":\"https:\\\/\\\/redfoxlotto.com\\\/cs\\\/#\\\/schema\\\/logo\\\/image\\\/\",\"url\":\"https:\\\/\\\/redfoxlotto.com\\\/wp-content\\\/uploads\\\/2023\\\/04\\\/logo.png\",\"contentUrl\":\"https:\\\/\\\/redfoxlotto.com\\\/wp-content\\\/uploads\\\/2023\\\/04\\\/logo.png\",\"width\":269,\"height\":53,\"caption\":\"Get Tickets for the World\u2019s largest jackpots\"},\"image\":{\"@id\":\"https:\\\/\\\/redfoxlotto.com\\\/cs\\\/#\\\/schema\\\/logo\\\/image\\\/\"}}]}<\/script>\n<!-- \/ Yoast SEO plugin. -->","yoast_head_json":{"title":"Loterie Eurojackpot online \u2013 hr\u00e1t z \u010cesk\u00e9 republiky","description":"Z\u00edskejte p\u0159\u00edstup k loterii Eurojackpot pr\u00e1v\u011b te\u010f - bez ohledu na to, ze kter\u00e9 zem\u011b jste, hrajte mezin\u00e1rodn\u00ed loterie online","robots":{"index":"index","follow":"follow","max-snippet":"max-snippet:-1","max-image-preview":"max-image-preview:large","max-video-preview":"max-video-preview:-1"},"canonical":"https:\/\/redfoxlotto.com\/cs\/hrat\/eurojackpot\/","og_locale":"cs_CZ","og_type":"article","og_title":"Loterie Eurojackpot online \u2013 hr\u00e1t z \u010cesk\u00e9 republiky","og_description":"Z\u00edskejte p\u0159\u00edstup k loterii Eurojackpot pr\u00e1v\u011b te\u010f - bez ohledu na to, ze kter\u00e9 zem\u011b jste, hrajte mezin\u00e1rodn\u00ed loterie online","og_url":"https:\/\/redfoxlotto.com\/cs\/hrat\/eurojackpot\/","og_site_name":"Get Tickets for the World\u2019s largest jackpots","article_modified_time":"2025-12-16T14:02:25+00:00","og_image":[{"url":"https:\/\/content.redfoxlotto.com\/uploads\/sites\/9\/2_ticket_eurojackpot1.jpg","type":"","width":"","height":""}],"twitter_card":"summary_large_image","twitter_misc":{"Odhadovan\u00e1 doba \u010dten\u00ed":"4 minuty"},"schema":{"@context":"https:\/\/schema.org","@graph":[{"@type":"WebPage","@id":"https:\/\/redfoxlotto.com\/cs\/hrat\/eurojackpot\/","url":"https:\/\/redfoxlotto.com\/cs\/hrat\/eurojackpot\/","name":"Loterie Eurojackpot online \u2013 hr\u00e1t z \u010cesk\u00e9 republiky","isPartOf":{"@id":"https:\/\/redfoxlotto.com\/cs\/#website"},"primaryImageOfPage":{"@id":"https:\/\/redfoxlotto.com\/cs\/hrat\/eurojackpot\/#primaryimage"},"image":{"@id":"https:\/\/redfoxlotto.com\/cs\/hrat\/eurojackpot\/#primaryimage"},"thumbnailUrl":"https:\/\/content.redfoxlotto.com\/uploads\/sites\/9\/2_ticket_eurojackpot1.jpg","datePublished":"2023-04-24T17:44:36+00:00","dateModified":"2025-12-16T14:02:25+00:00","description":"Z\u00edskejte p\u0159\u00edstup k loterii Eurojackpot pr\u00e1v\u011b te\u010f - bez ohledu na to, ze kter\u00e9 zem\u011b jste, hrajte mezin\u00e1rodn\u00ed loterie online","breadcrumb":{"@id":"https:\/\/redfoxlotto.com\/cs\/hrat\/eurojackpot\/#breadcrumb"},"inLanguage":"cs","potentialAction":[{"@type":"ReadAction","target":["https:\/\/redfoxlotto.com\/cs\/hrat\/eurojackpot\/"]}]},{"@type":"ImageObject","inLanguage":"cs","@id":"https:\/\/redfoxlotto.com\/cs\/hrat\/eurojackpot\/#primaryimage","url":"https:\/\/content.redfoxlotto.com\/uploads\/sites\/9\/2_ticket_eurojackpot1.jpg","contentUrl":"https:\/\/content.redfoxlotto.com\/uploads\/sites\/9\/2_ticket_eurojackpot1.jpg"},{"@type":"BreadcrumbList","@id":"https:\/\/redfoxlotto.com\/cs\/hrat\/eurojackpot\/#breadcrumb","itemListElement":[{"@type":"ListItem","position":1,"name":"Home","item":"https:\/\/redfoxlotto.com\/cs\/"},{"@type":"ListItem","position":2,"name":"Jak hr\u00e1t","item":"https:\/\/redfoxlotto.com\/cs\/hrat\/"},{"@type":"ListItem","position":3,"name":"Hr\u00e1t Eurojackpot"}]},{"@type":"WebSite","@id":"https:\/\/redfoxlotto.com\/cs\/#website","url":"https:\/\/redfoxlotto.com\/cs\/","name":"Get Tickets for the World\u2019s largest jackpots","description":"Participate in worldwide lottery jackpots from any country","publisher":{"@id":"https:\/\/redfoxlotto.com\/cs\/#organization"},"potentialAction":[{"@type":"SearchAction","target":{"@type":"EntryPoint","urlTemplate":"https:\/\/redfoxlotto.com\/cs\/?s={search_term_string}"},"query-input":{"@type":"PropertyValueSpecification","valueRequired":true,"valueName":"search_term_string"}}],"inLanguage":"cs"},{"@type":"Organization","@id":"https:\/\/redfoxlotto.com\/cs\/#organization","name":"Get Tickets for the World\u2019s largest jackpots","url":"https:\/\/redfoxlotto.com\/cs\/","logo":{"@type":"ImageObject","inLanguage":"cs","@id":"https:\/\/redfoxlotto.com\/cs\/#\/schema\/logo\/image\/","url":"https:\/\/redfoxlotto.com\/wp-content\/uploads\/2023\/04\/logo.png","contentUrl":"https:\/\/redfoxlotto.com\/wp-content\/uploads\/2023\/04\/logo.png","width":269,"height":53,"caption":"Get Tickets for the World\u2019s largest jackpots"},"image":{"@id":"https:\/\/redfoxlotto.com\/cs\/#\/schema\/logo\/image\/"}}]}},"_links":{"self":[{"href":"https:\/\/redfoxlotto.com\/cs\/wp-json\/wp\/v2\/pages\/5785","targetHints":{"allow":["GET"]}}],"collection":[{"href":"https:\/\/redfoxlotto.com\/cs\/wp-json\/wp\/v2\/pages"}],"about":[{"href":"https:\/\/redfoxlotto.com\/cs\/wp-json\/wp\/v2\/types\/page"}],"author":[{"embeddable":true,"href":"https:\/\/redfoxlotto.com\/cs\/wp-json\/wp\/v2\/users\/1"}],"replies":[{"embeddable":true,"href":"https:\/\/redfoxlotto.com\/cs\/wp-json\/wp\/v2\/comments?post=5785"}],"version-history":[{"count":0,"href":"https:\/\/redfoxlotto.com\/cs\/wp-json\/wp\/v2\/pages\/5785\/revisions"}],"up":[{"embeddable":true,"href":"https:\/\/redfoxlotto.com\/cs\/wp-json\/wp\/v2\/pages\/5784"}],"wp:attachment":[{"href":"https:\/\/redfoxlotto.com\/cs\/wp-json\/wp\/v2\/media?parent=5785"}],"curies":[{"name":"wp","href":"https:\/\/api.w.org\/{rel}","templated":true}]}}