{"id":5784,"date":"2023-04-24T14:10:57","date_gmt":"2023-04-24T14:10:57","guid":{"rendered":"https:\/\/redfoxlotto.com\/?page_id=798"},"modified":"2025-12-15T18:16:14","modified_gmt":"2025-12-15T18:16:14","slug":"hrat","status":"publish","type":"page","link":"https:\/\/redfoxlotto.com\/cs\/hrat\/","title":{"rendered":"Jak hr\u00e1t"},"content":{"rendered":"<script type=\"application\/ld+json\">\r\n{\r\n  \"@context\": \"https:\/\/schema.org\",\r\n  \"@type\": \"Service\",\r\n  \"name\": \"Hrajte mezin\u00e1rodn\u00ed loterie online\",\r\n  \"url\": \"https:\/\/redfoxlotto.com\/cs\/hrat\/\",\r\n  \"description\": \"Hrajte loterii online a vyhr\u00e1vejte mezin\u00e1rodn\u00ed loto jackpoty.\",\r\n  \"serviceType\": \"Online zprost\u0159edkovatelsk\u00e1 slu\u017eba pro loterijn\u00ed losy\",\r\n  \"provider\": {\r\n    \"@type\": \"Organization\",\r\n    \"name\": \"RedFoxLotto\",\r\n    \"url\": \"https:\/\/redfoxlotto.com\/cs\/hrat\/\",\r\n    \"image\": \"https:\/\/redfoxlotto.com\/wp-content\/uploads\/2025\/12\/ticket_scans.jpg\"\r\n  },\r\n  \"areaServed\": \"Celosv\u011btov\u011b\",\r\n  \"termsOfService\": \"https:\/\/redfoxlotto.com\/terms-and-conditions\",\r\n  \"additionalProperty\": {\r\n    \"@type\": \"PropertyValue\",\r\n    \"name\": \"FAQ\",\r\n    \"value\": \"https:\/\/redfoxlotto.com\/cs\/faq\/\"\r\n  },\r\n  \"hasOfferCatalog\": {\r\n    \"@type\": \"OfferCatalog\",\r\n    \"name\": \"Mezin\u00e1rodn\u00ed loterijn\u00ed losy\",\r\n    \"itemListElement\": [\r\n      {\r\n        \"@type\": \"Offer\",\r\n        \"name\": \"Mezin\u00e1rodn\u00ed loterijn\u00ed losy\",\r\n        \"url\": \"https:\/\/redfoxlotto.com\/cs\/hrat\/\",\r\n        \"description\": \"Hrajte mezin\u00e1rodn\u00ed loterie online. Jackpoty jako Powerball, Mega Millions a Euromillions \u2014 vyhrajte odkudkoli.\",\r\n        \"availability\": \"https:\/\/schema.org\/InStock\",\r\n        \"itemOffered\": {\r\n          \"@type\": \"Service\",\r\n          \"name\": \"Mezin\u00e1rodn\u00ed loterijn\u00ed losy\",\r\n          \"description\": \"Hran\u00ed mezin\u00e1rodn\u00edch loteri\u00ed online v\u00e1m nab\u00edz\u00ed v\u00edce mo\u017enost\u00ed a lep\u0161\u00ed \u0161ance na v\u00fdhru.\"\r\n        }\r\n      }\r\n    ]\r\n  },\r\n  \"mainEntityOfPage\": {\r\n    \"@type\": \"WebPage\",\r\n    \"@id\": \"https:\/\/redfoxlotto.com\/cs\/hrat\/\"\r\n  }\r\n}\r\n<\/script><h2 class=\"wp-block-heading\" id=\"h-v-ce-loteri-a-jackpot-pro-ka-d-ho-kdo-bude-hr-t\">V\u00edce Loteri\u00ed a Jackpot\u016f Pro Ka\u017ed\u00e9ho, Kdo Bude Hr\u00e1t!<\/h2><p>Skv\u011bl\u00e1 zpr\u00e1va pro v\u0161echny fanou\u0161ky loteri\u00ed po cel\u00e9m sv\u011bt\u011b! Ji\u017e nejste omezeni pouze na svou <a href=\"https:\/\/redfoxlotto.com\/cs\/\">n\u00e1rodn\u00ed loterii<\/a>! Pamatujete si na dobu, kdy se loterie za\u010dala poprv\u00e9 objevovat? Opravdu to nen\u00ed tak dlouho, co v\u0161ichni za\u010dali hr\u00e1t m\u00edstn\u00ed a n\u00e1rodn\u00ed loterie. Doposud to bylo v\u0161echno, co jste mohli d\u011blat. V\u0161e, na co jste se mohli pod\u00edvat, byly pouze Va\u0161e n\u00e1rodn\u00ed mo\u017enosti.<\/p><p>D\u0159\u00edve v\u00e1m byl odep\u0159en p\u0159\u00edstup k mezin\u00e1rodn\u00edm loteri\u00edm. Nemohli jste si koupit tikety k t\u011bmto loterijn\u00edm jackpot\u016fm ve Va\u0161\u00ed zemi. Internet v\u0161ak tento probl\u00e9m vy\u0159e\u0161il. Zde na RedFoxLotto.com m\u016f\u017eete nyn\u00ed hr\u00e1t \u0159adu mezin\u00e1rodn\u00edch loteri\u00ed online. Jak ale hr\u00e1t loterii online?<\/p><h2 class=\"wp-block-heading\" id=\"h-n-kup-va-ich-loterijn-ch-tiket\">N\u00e1kup Va\u0161ich Loterijn\u00edch Tiket\u016f<\/h2><p>RedFoxLotto.com je Va\u0161e kur\u00fdrn\u00ed slu\u017eba pro n\u00e1kup loterijn\u00edch tiket\u016f bez ohledu na to, odkud je chcete z\u00edskat. Ve skute\u010dnosti m\u00e1me agenty v mnoha r\u016fzn\u00fdch zem\u00edch, kde se konaj\u00ed velk\u00e9 loterie, a ti se postaraj\u00ed o koupi jak\u00e9hokoli tiketu, kter\u00fd chcete a to zcela lok\u00e1ln\u011b.<\/p><p>Od t\u00e9to chv\u00edle si m\u016f\u017eete Vy, z\u00e1kazn\u00edk, objednat tikety u n\u00e1s online. Sta\u010d\u00ed p\u0159ej\u00edt na web a my v\u00e1m poskytneme v\u0161echny mo\u017enosti, jako kdyby jste se \u00fa\u010dastnili kter\u00e9koli mezin\u00e1rodn\u00ed loterie na p\u0159\u00edmo.<\/p><p>Samoz\u0159ejm\u011b si m\u016f\u017eete vybrat sv\u00e1 vlastn\u00ed \u010d\u00edsla. Tak\u00e9 ur\u010dujete, kolik kombinac\u00ed \u010d\u00edsel chcete hr\u00e1t a pro kolik slosov\u00e1n\u00ed je V\u00e1\u0161 tiket platn\u00fd. Platba se prov\u00e1d\u00ed online, nap\u0159\u00edklad kreditn\u00ed kartou. Pokud jste tedy p\u0159ipraveni vybrat si v\u0161echna sv\u00e1 vlastn\u00ed \u010d\u00edsla, sta\u010d\u00ed je vybrat kliknut\u00edm na jednotliv\u00e1 pol\u00ed\u010dka. Pokud si p\u0159ejete, abychom V\u00e1m vybrali \u010d\u00edsla, sta\u010d\u00ed si vybrat mo\u017enost \u201eRychl\u00fd v\u00fdb\u011br\u201c a my v\u00e1m p\u0159id\u011bl\u00edme n\u00e1hodn\u00e1 \u010d\u00edsla.<\/p><h2 class=\"wp-block-heading\" id=\"h-kter-hry-hr-t\">Kter\u00e9 Hry Hr\u00e1t?<\/h2><p><img loading=\"lazy\" decoding=\"async\" class=\"size-full wp-image-4191 alignright\" src=\"https:\/\/content.redfoxlotto.com\/uploads\/sites\/9\/1_playing_lottery_online.jpg\" alt=\"hr\u00e1t a vyhr\u00e1t online\" width=\"212\" height=\"142\"><\/p><p>Samoz\u0159ejm\u011b se tak\u00e9 m\u016f\u017eete \u00fa\u010dastnit v\u00edce ne\u017e jedn\u00e9 mezin\u00e1rodn\u00ed loterie sou\u010dasn\u011b, pokud hrajete online. Pokud tedy se tedy pod\u00edv\u00e1te na mo\u017enosti, kter\u00e9 m\u00e1me k dispozici, a p\u00e1r z nich V\u00e1s zaujme, je to skv\u011bl\u00e9. Doporu\u010dujeme, abyste si vybrali nejv\u011bt\u0161\u00ed jackpot v dan\u00e9m okam\u017eiku, nebo dva nejv\u011bt\u0161\u00ed, nebo dokonce v\u00edce.<\/p><p>Nap\u0159\u00edklad, docela \u010dasto, jak loterie <a href=\"https:\/\/redfoxlotto.com\/cs\/hrat\/powerball\/\">Powerball US<\/a>, tak <a href=\"https:\/\/redfoxlotto.com\/cs\/hrat\/mega-millions\/\">Mega Millions US<\/a> maj\u00ed gigantick\u00e9 jackpoty sou\u010dasn\u011b. Jackpoty v USA pravideln\u011b dosahuj\u00ed 500 milion\u016f dolar\u016f. V minulosti zde dokonce byly jackpoty p\u0159es 1,5 miliardy.<\/p><p>Ve skute\u010dnosti pat\u0159\u00ed tyto dv\u011b loterie mezi nejv\u011bt\u0161\u00ed na sv\u011bt\u011b. Tak pro\u010d je nezkusit a nezjistit, zda budete m\u00edt \u0161t\u011bst\u00ed a vyhrajete velk\u00e9 pen\u00edze? Dal\u0161\u00ed, co je t\u0159eba zv\u00e1\u017eit: velmi popul\u00e1rn\u00ed mo\u017enost\u00ed je hr\u00e1t stejn\u00e1 \u010d\u00edsla ve v\u00edce loteri\u00edch b\u011bhem stejn\u00e9ho t\u00fddne.<\/p><p>Pokud nevyhrajete v jedn\u00e9 loterii, mo\u017en\u00e1 va\u0161e \u010d\u00edsla budou m\u00edt \u0161t\u011bst\u00ed v druh\u00e9? Je to chytr\u00fd zp\u016fsob, jak zv\u00fd\u0161it \u0161ance na v\u00fdhru va\u0161ich obl\u00edben\u00fdch \u010d\u00edsel. Tato metoda d\u011bl\u00e1 hran\u00ed je\u0161t\u011b v\u00edce vzru\u0161uj\u00edc\u00ed!<\/p><h2 class=\"wp-block-heading\" id=\"h-pro-hr-t-mezin-rodn-loterii\">Pro\u010d Hr\u00e1t Mezin\u00e1rodn\u00ed Loterii?<\/h2><p>Ka\u017ed\u00fd, kdo hraje mezin\u00e1rodn\u00ed loterie, vyu\u017e\u00edv\u00e1 sv\u00e9 prost\u0159edky chyt\u0159ej\u0161\u00edm zp\u016fsobem. N\u011bkte\u0159\u00ed hr\u00e1\u010di si t\u00fdden po t\u00fddnu kupuj\u00ed tikety na n\u00e1rodn\u00ed loterii, bez ohledu na to, jak n\u00edzk\u00fd je jackpot. Matematika a logika V\u00e1m \u0159\u00edkaj\u00ed, \u017ee je lep\u0161\u00ed koupit si tiket do loterie s jackpotem 200 milion\u016f ne\u017e s v\u00fdhrou 2 miliony. To plat\u00ed i v p\u0159\u00edpad\u011b, \u017ee cena online tiketu je vy\u0161\u0161\u00ed ne\u017e cena m\u00edstn\u00ed loterie.<\/p><p>Budete m\u00edt podobn\u00e9 \u0161ance na v\u00fdhru, ale pokud vyhrajete, budete m\u00edt p\u0159\u00edle\u017eitost d\u011blat n\u011bco mnohem zaj\u00edmav\u011bj\u0161\u00edho. A m\u011bjte na pam\u011bti sm\u011bnn\u00e9 kurzy, kter\u00e9 budete m\u00edt, kdy\u017e hrajete mezin\u00e1rodn\u00ed loterii. Chcete takovou, co se pot\u00e9 p\u0159evede do velk\u00e9 \u010d\u00e1stky ve va\u0161\u00ed vlastn\u00ed m\u011bn\u011b, proto\u017ee kdy\u017e si vyberete sv\u00e9 v\u00fdhry, budete to ve Va\u0161\u00ed m\u011bn\u011b.<\/p><p>Nyn\u00ed mus\u00edme objasnit, jak\u00e9 budou na\u0161e standardy a jak\u00e9 budou ceny Va\u0161ich tiket\u016f. Samoz\u0159ejm\u011b, \u017ee za na\u0161e slu\u017eby si mus\u00edme \u00fa\u010dtovat vy\u0161\u0161\u00ed cenu, proto\u017ee m\u00e1me v\u00fddaje. Chceme tak\u00e9 vyd\u011blat n\u011bjak\u00e9 pen\u00edze. P\u0159edpokl\u00e1dejme v\u0161ak, \u017ee online loterijn\u00ed tiket bude za cenu 4,50 &#8211; 5,00 \u20ac a jackpot 200 milion\u016f. Za n\u00e1rodn\u00ed loterii zaplat\u00edte \u20ac 2,00 a m\u00e1te jackpot 10 milion\u016f. Co\u017e je lep\u0161\u00ed a d\u00e1v\u00e1 v\u011bt\u0161\u00ed smysl? Odpov\u011b\u010f na tuto ot\u00e1zku je pravd\u011bpodobn\u011b z\u0159ejm\u00e1. Hran\u00ed loterie v mezin\u00e1rodn\u00edm m\u011b\u0159\u00edtku, a t\u00edm p\u00e1dem i mo\u017enost hr\u00e1t online za v\u011bt\u0161\u00ed jackpoty, d\u00e1v\u00e1 rozhodn\u011b v\u011bt\u0161\u00ed smysl!<\/p><h2 class=\"wp-block-heading\" id=\"h-jak-dostanete-zaplaceno\">Jak Dostanete Zaplaceno?<\/h2><p>RedFoxLotto.com tak\u00e9 zaji\u0161\u0165uje, <a href=\"https:\/\/redfoxlotto.com\/cs\/vysledky\/\">\u017ee obdr\u017e\u00edte sv\u00e9 v\u00fdhry<\/a>. Mimochodem, nebudeme si \u00fa\u010dtovat provizi, s v\u00fdjimkou mal\u00e9ho poplatku \u00fa\u010dtovan\u00e9ho v p\u0159\u00edpad\u011b bankovn\u00edho p\u0159evodu. To znamen\u00e1, \u017ee se nemus\u00edte ob\u00e1vat , \u017ee bychom si vzali \u010d\u00e1st pen\u011bz, kter\u00e9 vyhrajete.<\/p><p><img loading=\"lazy\" decoding=\"async\" class=\"size-full wp-image-4167 alignright\" src=\"https:\/\/content.redfoxlotto.com\/uploads\/sites\/9\/1_mega_lotto_jackpot.jpg\" alt=\"v\u00fdplata online loterie\" width=\"162\" height=\"186\"><\/p><p>Jakmile jste zaplatili tiket, v\u0161e, co jste vyhr\u00e1li, je Va\u0161e. Jedin\u011b, pokud se rozhodnete pro bankovn\u00ed transfer, \u00fa\u010dtujeme si mal\u00fd poplatek. V tomto okam\u017eiku se pouze jedn\u00e1 o n\u00e1klady na bankovn\u00ed p\u0159evod. Zbytek pen\u011bz se dostane p\u0159\u00edmo k V\u00e1m.<\/p><p>Mnoho na\u0161ich z\u00e1kazn\u00edk\u016f ji\u017e prost\u0159ednictv\u00edm n\u00e1s z\u00edskalo sv\u00e9 v\u00fdhry. N\u011bkte\u0159\u00ed z nich zm\u011bnili sv\u016fj \u017eivot d\u00edky \u010d\u00e1stce, kterou vyhr\u00e1li! V\u00edme, \u017ee m\u00e1te jedine\u010dnou \u0161anci na v\u00fdhru velk\u00e9 sumy nebo alespo\u0148 na v\u00fdhru, kterou byste nedostali, kdybyste se dr\u017eeli pouze loterijn\u00edch her, kter\u00e9 m\u016f\u017eete hr\u00e1t ve Va\u0161\u00ed domovsk\u00e9 zemi.<\/p><p>Toto jsou d\u016fvody, pro\u010d je hran\u00ed loteri\u00ed online st\u00e1le popul\u00e1rn\u011bj\u0161\u00ed. A te\u010f je \u0159ada na V\u00e1s, abyste vyhr\u00e1li jeden z mega-jackpot\u016f \u2013 tak na co je\u0161t\u011b \u010dek\u00e1te? Mohli byste b\u00fdt velk\u00fdm v\u00edt\u011bzem v kter\u00e9mkoli okam\u017eiku, a to je jen za\u010d\u00e1tek.<\/p>","protected":false},"excerpt":{"rendered":"<p>V\u00edce Loteri\u00ed a Jackpot\u016f Pro Ka\u017ed\u00e9ho, Kdo Bude Hr\u00e1t! Skv\u011bl\u00e1 zpr\u00e1va pro v\u0161echny fanou\u0161ky loteri\u00ed po cel\u00e9m sv\u011bt\u011b! Ji\u017e nejste omezeni pouze na svou n\u00e1rodn\u00ed loterii! Pamatujete si na dobu, kdy se loterie za\u010dala poprv\u00e9 objevovat? Opravdu to nen\u00ed tak dlouho, co v\u0161ichni za\u010dali hr\u00e1t m\u00edstn\u00ed a n\u00e1rodn\u00ed loterie. Doposud to bylo v\u0161echno, co jste [&hellip;]<\/p>\n","protected":false},"author":1,"featured_media":0,"parent":0,"menu_order":2,"comment_status":"closed","ping_status":"closed","template":"Play-all.php","meta":{"_et_pb_use_builder":"","_et_pb_old_content":"","_et_gb_content_width":"","exclude_from_search":false,"footnotes":""},"class_list":["post-5784","page","type-page","status-publish","hentry"],"yoast_head":"<!-- This site is optimized with the Yoast SEO plugin v23.8 - https:\/\/yoast.com\/wordpress\/plugins\/seo\/ -->\n<title>Zahrajte loterijn\u00ed online | mezin\u00e1rodn\u00ed jackpoty online<\/title>\n<meta name=\"description\" content=\"Hran\u00ed mezin\u00e1rodn\u00edch loteri\u00ed online V\u00e1m poskytne v\u00edce mo\u017enost\u00ed a lep\u0161\u00ed \u0161ance - zjist\u011bte pro\u010d!\" \/>\n<meta name=\"robots\" content=\"index, follow, max-snippet:-1, max-image-preview:large, max-video-preview:-1\" \/>\n<link rel=\"canonical\" href=\"https:\/\/redfoxlotto.com\/cs\/hrat\/\" \/>\n<meta property=\"og:locale\" content=\"cs_CZ\" \/>\n<meta property=\"og:type\" content=\"article\" \/>\n<meta property=\"og:title\" content=\"Zahrajte loterijn\u00ed online | mezin\u00e1rodn\u00ed jackpoty online\" \/>\n<meta property=\"og:description\" content=\"Hran\u00ed mezin\u00e1rodn\u00edch loteri\u00ed online V\u00e1m poskytne v\u00edce mo\u017enost\u00ed a lep\u0161\u00ed \u0161ance - zjist\u011bte pro\u010d!\" \/>\n<meta property=\"og:url\" content=\"https:\/\/redfoxlotto.com\/cs\/hrat\/\" \/>\n<meta property=\"og:site_name\" content=\"Get Tickets for the World\u2019s largest jackpots\" \/>\n<meta property=\"article:modified_time\" content=\"2025-12-15T18:16:14+00:00\" \/>\n<meta property=\"og:image\" content=\"https:\/\/content.redfoxlotto.com\/uploads\/sites\/9\/1_playing_lottery_online.jpg\" \/>\n<meta name=\"twitter:card\" content=\"summary_large_image\" \/>\n<meta name=\"twitter:label1\" content=\"Odhadovan\u00e1 doba \u010dten\u00ed\" \/>\n\t<meta name=\"twitter:data1\" content=\"4 minuty\" \/>\n<script type=\"application\/ld+json\" class=\"yoast-schema-graph\">{\"@context\":\"https:\/\/schema.org\",\"@graph\":[{\"@type\":\"WebPage\",\"@id\":\"https:\/\/redfoxlotto.com\/cs\/hrat\/\",\"url\":\"https:\/\/redfoxlotto.com\/cs\/hrat\/\",\"name\":\"Zahrajte loterijn\u00ed online | mezin\u00e1rodn\u00ed jackpoty online\",\"isPartOf\":{\"@id\":\"https:\/\/redfoxlotto.com\/cs\/#website\"},\"primaryImageOfPage\":{\"@id\":\"https:\/\/redfoxlotto.com\/cs\/hrat\/#primaryimage\"},\"image\":{\"@id\":\"https:\/\/redfoxlotto.com\/cs\/hrat\/#primaryimage\"},\"thumbnailUrl\":\"https:\/\/content.redfoxlotto.com\/uploads\/sites\/9\/1_playing_lottery_online.jpg\",\"datePublished\":\"2023-04-24T14:10:57+00:00\",\"dateModified\":\"2025-12-15T18:16:14+00:00\",\"description\":\"Hran\u00ed mezin\u00e1rodn\u00edch loteri\u00ed online V\u00e1m poskytne v\u00edce mo\u017enost\u00ed a lep\u0161\u00ed \u0161ance - zjist\u011bte pro\u010d!\",\"breadcrumb\":{\"@id\":\"https:\/\/redfoxlotto.com\/cs\/hrat\/#breadcrumb\"},\"inLanguage\":\"cs\",\"potentialAction\":[{\"@type\":\"ReadAction\",\"target\":[\"https:\/\/redfoxlotto.com\/cs\/hrat\/\"]}]},{\"@type\":\"ImageObject\",\"inLanguage\":\"cs\",\"@id\":\"https:\/\/redfoxlotto.com\/cs\/hrat\/#primaryimage\",\"url\":\"https:\/\/content.redfoxlotto.com\/uploads\/sites\/9\/1_playing_lottery_online.jpg\",\"contentUrl\":\"https:\/\/content.redfoxlotto.com\/uploads\/sites\/9\/1_playing_lottery_online.jpg\"},{\"@type\":\"BreadcrumbList\",\"@id\":\"https:\/\/redfoxlotto.com\/cs\/hrat\/#breadcrumb\",\"itemListElement\":[{\"@type\":\"ListItem\",\"position\":1,\"name\":\"Home\",\"item\":\"https:\/\/redfoxlotto.com\/cs\/\"},{\"@type\":\"ListItem\",\"position\":2,\"name\":\"Jak hr\u00e1t\"}]},{\"@type\":\"WebSite\",\"@id\":\"https:\/\/redfoxlotto.com\/cs\/#website\",\"url\":\"https:\/\/redfoxlotto.com\/cs\/\",\"name\":\"Get Tickets for the World\u2019s largest jackpots\",\"description\":\"Participate in worldwide lottery jackpots from any country\",\"publisher\":{\"@id\":\"https:\/\/redfoxlotto.com\/cs\/#organization\"},\"potentialAction\":[{\"@type\":\"SearchAction\",\"target\":{\"@type\":\"EntryPoint\",\"urlTemplate\":\"https:\/\/redfoxlotto.com\/cs\/?s={search_term_string}\"},\"query-input\":{\"@type\":\"PropertyValueSpecification\",\"valueRequired\":true,\"valueName\":\"search_term_string\"}}],\"inLanguage\":\"cs\"},{\"@type\":\"Organization\",\"@id\":\"https:\/\/redfoxlotto.com\/cs\/#organization\",\"name\":\"Get Tickets for the World\u2019s largest jackpots\",\"url\":\"https:\/\/redfoxlotto.com\/cs\/\",\"logo\":{\"@type\":\"ImageObject\",\"inLanguage\":\"cs\",\"@id\":\"https:\/\/redfoxlotto.com\/cs\/#\/schema\/logo\/image\/\",\"url\":\"https:\/\/redfoxlotto.com\/wp-content\/uploads\/2023\/04\/logo.png\",\"contentUrl\":\"https:\/\/redfoxlotto.com\/wp-content\/uploads\/2023\/04\/logo.png\",\"width\":269,\"height\":53,\"caption\":\"Get Tickets for the World\u2019s largest jackpots\"},\"image\":{\"@id\":\"https:\/\/redfoxlotto.com\/cs\/#\/schema\/logo\/image\/\"}}]}<\/script>\n<!-- \/ Yoast SEO plugin. -->","yoast_head_json":{"title":"Zahrajte loterijn\u00ed online | mezin\u00e1rodn\u00ed jackpoty online","description":"Hran\u00ed mezin\u00e1rodn\u00edch loteri\u00ed online V\u00e1m poskytne v\u00edce mo\u017enost\u00ed a lep\u0161\u00ed \u0161ance - zjist\u011bte pro\u010d!","robots":{"index":"index","follow":"follow","max-snippet":"max-snippet:-1","max-image-preview":"max-image-preview:large","max-video-preview":"max-video-preview:-1"},"canonical":"https:\/\/redfoxlotto.com\/cs\/hrat\/","og_locale":"cs_CZ","og_type":"article","og_title":"Zahrajte loterijn\u00ed online | mezin\u00e1rodn\u00ed jackpoty online","og_description":"Hran\u00ed mezin\u00e1rodn\u00edch loteri\u00ed online V\u00e1m poskytne v\u00edce mo\u017enost\u00ed a lep\u0161\u00ed \u0161ance - zjist\u011bte pro\u010d!","og_url":"https:\/\/redfoxlotto.com\/cs\/hrat\/","og_site_name":"Get Tickets for the World\u2019s largest jackpots","article_modified_time":"2025-12-15T18:16:14+00:00","og_image":[{"url":"https:\/\/content.redfoxlotto.com\/uploads\/sites\/9\/1_playing_lottery_online.jpg"}],"twitter_card":"summary_large_image","twitter_misc":{"Odhadovan\u00e1 doba \u010dten\u00ed":"4 minuty"},"schema":{"@context":"https:\/\/schema.org","@graph":[{"@type":"WebPage","@id":"https:\/\/redfoxlotto.com\/cs\/hrat\/","url":"https:\/\/redfoxlotto.com\/cs\/hrat\/","name":"Zahrajte loterijn\u00ed online | mezin\u00e1rodn\u00ed jackpoty online","isPartOf":{"@id":"https:\/\/redfoxlotto.com\/cs\/#website"},"primaryImageOfPage":{"@id":"https:\/\/redfoxlotto.com\/cs\/hrat\/#primaryimage"},"image":{"@id":"https:\/\/redfoxlotto.com\/cs\/hrat\/#primaryimage"},"thumbnailUrl":"https:\/\/content.redfoxlotto.com\/uploads\/sites\/9\/1_playing_lottery_online.jpg","datePublished":"2023-04-24T14:10:57+00:00","dateModified":"2025-12-15T18:16:14+00:00","description":"Hran\u00ed mezin\u00e1rodn\u00edch loteri\u00ed online V\u00e1m poskytne v\u00edce mo\u017enost\u00ed a lep\u0161\u00ed \u0161ance - zjist\u011bte pro\u010d!","breadcrumb":{"@id":"https:\/\/redfoxlotto.com\/cs\/hrat\/#breadcrumb"},"inLanguage":"cs","potentialAction":[{"@type":"ReadAction","target":["https:\/\/redfoxlotto.com\/cs\/hrat\/"]}]},{"@type":"ImageObject","inLanguage":"cs","@id":"https:\/\/redfoxlotto.com\/cs\/hrat\/#primaryimage","url":"https:\/\/content.redfoxlotto.com\/uploads\/sites\/9\/1_playing_lottery_online.jpg","contentUrl":"https:\/\/content.redfoxlotto.com\/uploads\/sites\/9\/1_playing_lottery_online.jpg"},{"@type":"BreadcrumbList","@id":"https:\/\/redfoxlotto.com\/cs\/hrat\/#breadcrumb","itemListElement":[{"@type":"ListItem","position":1,"name":"Home","item":"https:\/\/redfoxlotto.com\/cs\/"},{"@type":"ListItem","position":2,"name":"Jak hr\u00e1t"}]},{"@type":"WebSite","@id":"https:\/\/redfoxlotto.com\/cs\/#website","url":"https:\/\/redfoxlotto.com\/cs\/","name":"Get Tickets for the World\u2019s largest jackpots","description":"Participate in worldwide lottery jackpots from any country","publisher":{"@id":"https:\/\/redfoxlotto.com\/cs\/#organization"},"potentialAction":[{"@type":"SearchAction","target":{"@type":"EntryPoint","urlTemplate":"https:\/\/redfoxlotto.com\/cs\/?s={search_term_string}"},"query-input":{"@type":"PropertyValueSpecification","valueRequired":true,"valueName":"search_term_string"}}],"inLanguage":"cs"},{"@type":"Organization","@id":"https:\/\/redfoxlotto.com\/cs\/#organization","name":"Get Tickets for the World\u2019s largest jackpots","url":"https:\/\/redfoxlotto.com\/cs\/","logo":{"@type":"ImageObject","inLanguage":"cs","@id":"https:\/\/redfoxlotto.com\/cs\/#\/schema\/logo\/image\/","url":"https:\/\/redfoxlotto.com\/wp-content\/uploads\/2023\/04\/logo.png","contentUrl":"https:\/\/redfoxlotto.com\/wp-content\/uploads\/2023\/04\/logo.png","width":269,"height":53,"caption":"Get Tickets for the World\u2019s largest jackpots"},"image":{"@id":"https:\/\/redfoxlotto.com\/cs\/#\/schema\/logo\/image\/"}}]}},"_links":{"self":[{"href":"https:\/\/redfoxlotto.com\/cs\/wp-json\/wp\/v2\/pages\/5784","targetHints":{"allow":["GET"]}}],"collection":[{"href":"https:\/\/redfoxlotto.com\/cs\/wp-json\/wp\/v2\/pages"}],"about":[{"href":"https:\/\/redfoxlotto.com\/cs\/wp-json\/wp\/v2\/types\/page"}],"author":[{"embeddable":true,"href":"https:\/\/redfoxlotto.com\/cs\/wp-json\/wp\/v2\/users\/1"}],"replies":[{"embeddable":true,"href":"https:\/\/redfoxlotto.com\/cs\/wp-json\/wp\/v2\/comments?post=5784"}],"version-history":[{"count":0,"href":"https:\/\/redfoxlotto.com\/cs\/wp-json\/wp\/v2\/pages\/5784\/revisions"}],"wp:attachment":[{"href":"https:\/\/redfoxlotto.com\/cs\/wp-json\/wp\/v2\/media?parent=5784"}],"curies":[{"name":"wp","href":"https:\/\/api.w.org\/{rel}","templated":true}]}}