{"id":5781,"date":"2018-11-18T08:54:25","date_gmt":"2018-11-18T08:54:25","guid":{"rendered":"https:\/\/redfoxlotto.com\/?page_id=792"},"modified":"2019-11-21T09:56:52","modified_gmt":"2019-11-21T09:56:52","slug":"lotto-uk","status":"publish","type":"page","link":"https:\/\/redfoxlotto.com\/cs\/vysledky\/lotto-uk\/","title":{"rendered":"V\u00fdsledky britsk\u00e9 UK Loterie"},"content":{"rendered":"<p>Zde jsou aktu\u00e1ln\u00ed v\u00fdsledky britsk\u00e9 UK loterie. V archivu vylosovan\u00fdch v\u00fdsledk\u016f britsk\u00e9 UK loterie m\u016f\u017eete vid\u011bt minul\u00e9 t\u00fddny a jejich v\u00fdsledky.<\/p>\n<h2>Jackpot britsk\u00e9 n\u00e1rodn\u00ed loterie UK Lottery &#8211; slosov\u00e1n\u00ed<\/h2>\n<p>Minim\u00e1ln\u00ed jackpot nejv\u011bt\u0161\u00ed britsk\u00e9 UK loterie za\u010d\u00edn\u00e1 na 2 500 000 a 5 000 000 GBP v sobotu. Loterie je zalo\u017eena na jednoduch\u00e9m form\u00e1tu 6 z 59 \u010d\u00edsel.<br \/>\n<img loading=\"lazy\" decoding=\"async\" class=\" wp-image alignright\" src=\"https:\/\/content.redfoxlotto.com\/uploads\/sites\/9\/1_results_tickets_lotto.jpg\" alt=\"UK Lotto\" width=\"269\" height=\"190\" \/><\/p>\n<p>Historicky nejvy\u0161\u0161\u00ed v\u00fdhra ve Velk\u00e9 Brit\u00e1nii byla 42 milion\u016f liber.<\/p>\n<p>N\u00e1rodn\u00ed UK loterie Spojen\u00e9ho kr\u00e1lovstv\u00ed je tak\u00e9 zn\u00e1m\u00e1 v jin\u00fdch evropsk\u00fdch zem\u00edch za relativn\u011b vysok\u00e9 v\u00fdhry v ni\u017e\u0161\u00edch t\u0159\u00edd\u00e1ch.<\/p>\n<h2>Ceny a v\u00fdherci Britsk\u00e9 UK loterie<\/h2>\n<p><img loading=\"lazy\" decoding=\"async\" class=\" wp-image alignright\" src=\"https:\/\/content.redfoxlotto.com\/uploads\/sites\/9\/1_lucky_lottery_winner.jpg\" alt=\"v\u00fdhern\u00ed \u010d\u00edsla\" width=\"202\" height=\"276\" \/><br \/>\nUK Loterie m\u00e1 \u0161est skupin v\u00fdher, kter\u00e9 m\u016f\u017eete vid\u011bt v tabulce v\u00fd\u0161e. Krom\u011b toho m\u016f\u017eete vid\u011bt po\u010det hr\u00e1\u010d\u016f, kte\u0159\u00ed spr\u00e1vn\u011b vybrali po\u017eadovan\u00e1 \u010d\u00edsla a jak\u00e1 byla \u010d\u00e1stka ceny.<\/p>\n<h2>Nejv\u00edce ta\u017een\u00e1 \u010d\u00edsla v Britsk\u00e9 UK loterii<\/h2>\n<p>Nejv\u00edce ta\u017een\u00e1 <a href=\"https:\/\/redfoxlotto.com\/cs\/vysledky\/\">\u010d\u00edsla<\/a> v britsk\u00e9 n\u00e1rodn\u00ed UK loterii jsou 9, 12, 15, 17 a 19. Nejm\u00e9n\u011b ta\u017een\u00e1 \u010d\u00edsla jsou 1, 2, 6, 32 a 47.<\/p>\n","protected":false},"excerpt":{"rendered":"<p>Zde jsou aktu\u00e1ln\u00ed v\u00fdsledky britsk\u00e9 UK loterie. V archivu vylosovan\u00fdch v\u00fdsledk\u016f britsk\u00e9 UK loterie m\u016f\u017eete vid\u011bt minul\u00e9 t\u00fddny a jejich v\u00fdsledky. Jackpot britsk\u00e9 n\u00e1rodn\u00ed loterie UK Lottery &#8211; slosov\u00e1n\u00ed Minim\u00e1ln\u00ed jackpot nejv\u011bt\u0161\u00ed britsk\u00e9 UK loterie za\u010d\u00edn\u00e1 na 2 500 000 a 5 000 000 GBP v sobotu. Loterie je zalo\u017eena na jednoduch\u00e9m form\u00e1tu 6 z [&hellip;]<\/p>\n","protected":false},"author":1,"featured_media":0,"parent":5774,"menu_order":9,"comment_status":"closed","ping_status":"closed","template":"lotto-uk-results.php","meta":{"_et_pb_use_builder":"","_et_pb_old_content":"","_et_gb_content_width":"","exclude_from_search":false,"footnotes":""},"class_list":["post-5781","page","type-page","status-publish","hentry"],"yoast_head":"<!-- This site is optimized with the Yoast SEO plugin v23.8 - https:\/\/yoast.com\/wordpress\/plugins\/seo\/ -->\n<title>V\u00edt\u011bzn\u00e1 \u010d\u00edsla a v\u00fdsledky britsk\u00e9 UK Loterie<\/title>\n<meta name=\"description\" content=\"P\u0159in\u00e1\u0161\u00edme V\u00e1m v\u00fdsledky britsk\u00e9 UK loterie a archiv minul\u00fdch v\u00fdhern\u00edch \u010d\u00edsel\" \/>\n<meta name=\"robots\" content=\"index, follow, max-snippet:-1, max-image-preview:large, max-video-preview:-1\" \/>\n<link rel=\"canonical\" href=\"https:\/\/redfoxlotto.com\/cs\/vysledky\/lotto-uk\/\" \/>\n<meta property=\"og:locale\" content=\"cs_CZ\" \/>\n<meta property=\"og:type\" content=\"article\" \/>\n<meta property=\"og:title\" content=\"V\u00edt\u011bzn\u00e1 \u010d\u00edsla a v\u00fdsledky britsk\u00e9 UK Loterie\" \/>\n<meta property=\"og:description\" content=\"P\u0159in\u00e1\u0161\u00edme V\u00e1m v\u00fdsledky britsk\u00e9 UK loterie a archiv minul\u00fdch v\u00fdhern\u00edch \u010d\u00edsel\" \/>\n<meta property=\"og:url\" content=\"https:\/\/redfoxlotto.com\/cs\/vysledky\/lotto-uk\/\" \/>\n<meta property=\"og:site_name\" content=\"Get Tickets for the World\u2019s largest jackpots\" \/>\n<meta property=\"article:modified_time\" content=\"2019-11-21T09:56:52+00:00\" \/>\n<meta property=\"og:image\" content=\"https:\/\/content.redfoxlotto.com\/uploads\/sites\/9\/1_results_tickets_lotto.jpg\" \/>\n<meta name=\"twitter:card\" content=\"summary_large_image\" \/>\n<meta name=\"twitter:label1\" content=\"Odhadovan\u00e1 doba \u010dten\u00ed\" \/>\n\t<meta name=\"twitter:data1\" content=\"2 minuty\" \/>\n<script type=\"application\/ld+json\" class=\"yoast-schema-graph\">{\"@context\":\"https:\/\/schema.org\",\"@graph\":[{\"@type\":\"WebPage\",\"@id\":\"https:\/\/redfoxlotto.com\/cs\/vysledky\/lotto-uk\/\",\"url\":\"https:\/\/redfoxlotto.com\/cs\/vysledky\/lotto-uk\/\",\"name\":\"V\u00edt\u011bzn\u00e1 \u010d\u00edsla a v\u00fdsledky britsk\u00e9 UK Loterie\",\"isPartOf\":{\"@id\":\"https:\/\/redfoxlotto.com\/cs\/#website\"},\"primaryImageOfPage\":{\"@id\":\"https:\/\/redfoxlotto.com\/cs\/vysledky\/lotto-uk\/#primaryimage\"},\"image\":{\"@id\":\"https:\/\/redfoxlotto.com\/cs\/vysledky\/lotto-uk\/#primaryimage\"},\"thumbnailUrl\":\"https:\/\/content.redfoxlotto.com\/uploads\/sites\/9\/1_results_tickets_lotto.jpg\",\"datePublished\":\"2018-11-18T08:54:25+00:00\",\"dateModified\":\"2019-11-21T09:56:52+00:00\",\"description\":\"P\u0159in\u00e1\u0161\u00edme V\u00e1m v\u00fdsledky britsk\u00e9 UK loterie a archiv minul\u00fdch v\u00fdhern\u00edch \u010d\u00edsel\",\"breadcrumb\":{\"@id\":\"https:\/\/redfoxlotto.com\/cs\/vysledky\/lotto-uk\/#breadcrumb\"},\"inLanguage\":\"cs\",\"potentialAction\":[{\"@type\":\"ReadAction\",\"target\":[\"https:\/\/redfoxlotto.com\/cs\/vysledky\/lotto-uk\/\"]}]},{\"@type\":\"ImageObject\",\"inLanguage\":\"cs\",\"@id\":\"https:\/\/redfoxlotto.com\/cs\/vysledky\/lotto-uk\/#primaryimage\",\"url\":\"https:\/\/content.redfoxlotto.com\/uploads\/sites\/9\/1_results_tickets_lotto.jpg\",\"contentUrl\":\"https:\/\/content.redfoxlotto.com\/uploads\/sites\/9\/1_results_tickets_lotto.jpg\"},{\"@type\":\"BreadcrumbList\",\"@id\":\"https:\/\/redfoxlotto.com\/cs\/vysledky\/lotto-uk\/#breadcrumb\",\"itemListElement\":[{\"@type\":\"ListItem\",\"position\":1,\"name\":\"Home\",\"item\":\"https:\/\/redfoxlotto.com\/cs\/\"},{\"@type\":\"ListItem\",\"position\":2,\"name\":\"V\u00fdsledky mezin\u00e1rodn\u00ed loterie\",\"item\":\"https:\/\/redfoxlotto.com\/cs\/vysledky\/\"},{\"@type\":\"ListItem\",\"position\":3,\"name\":\"V\u00fdsledky britsk\u00e9 UK Loterie\"}]},{\"@type\":\"WebSite\",\"@id\":\"https:\/\/redfoxlotto.com\/cs\/#website\",\"url\":\"https:\/\/redfoxlotto.com\/cs\/\",\"name\":\"Get Tickets for the World\u2019s largest jackpots\",\"description\":\"Participate in worldwide lottery jackpots from any country\",\"publisher\":{\"@id\":\"https:\/\/redfoxlotto.com\/cs\/#organization\"},\"potentialAction\":[{\"@type\":\"SearchAction\",\"target\":{\"@type\":\"EntryPoint\",\"urlTemplate\":\"https:\/\/redfoxlotto.com\/cs\/?s={search_term_string}\"},\"query-input\":{\"@type\":\"PropertyValueSpecification\",\"valueRequired\":true,\"valueName\":\"search_term_string\"}}],\"inLanguage\":\"cs\"},{\"@type\":\"Organization\",\"@id\":\"https:\/\/redfoxlotto.com\/cs\/#organization\",\"name\":\"Get Tickets for the World\u2019s largest jackpots\",\"url\":\"https:\/\/redfoxlotto.com\/cs\/\",\"logo\":{\"@type\":\"ImageObject\",\"inLanguage\":\"cs\",\"@id\":\"https:\/\/redfoxlotto.com\/cs\/#\/schema\/logo\/image\/\",\"url\":\"https:\/\/redfoxlotto.com\/wp-content\/uploads\/2023\/04\/logo.png\",\"contentUrl\":\"https:\/\/redfoxlotto.com\/wp-content\/uploads\/2023\/04\/logo.png\",\"width\":269,\"height\":53,\"caption\":\"Get Tickets for the World\u2019s largest jackpots\"},\"image\":{\"@id\":\"https:\/\/redfoxlotto.com\/cs\/#\/schema\/logo\/image\/\"}}]}<\/script>\n<!-- \/ Yoast SEO plugin. -->","yoast_head_json":{"title":"V\u00edt\u011bzn\u00e1 \u010d\u00edsla a v\u00fdsledky britsk\u00e9 UK Loterie","description":"P\u0159in\u00e1\u0161\u00edme V\u00e1m v\u00fdsledky britsk\u00e9 UK loterie a archiv minul\u00fdch v\u00fdhern\u00edch \u010d\u00edsel","robots":{"index":"index","follow":"follow","max-snippet":"max-snippet:-1","max-image-preview":"max-image-preview:large","max-video-preview":"max-video-preview:-1"},"canonical":"https:\/\/redfoxlotto.com\/cs\/vysledky\/lotto-uk\/","og_locale":"cs_CZ","og_type":"article","og_title":"V\u00edt\u011bzn\u00e1 \u010d\u00edsla a v\u00fdsledky britsk\u00e9 UK Loterie","og_description":"P\u0159in\u00e1\u0161\u00edme V\u00e1m v\u00fdsledky britsk\u00e9 UK loterie a archiv minul\u00fdch v\u00fdhern\u00edch \u010d\u00edsel","og_url":"https:\/\/redfoxlotto.com\/cs\/vysledky\/lotto-uk\/","og_site_name":"Get Tickets for the World\u2019s largest jackpots","article_modified_time":"2019-11-21T09:56:52+00:00","og_image":[{"url":"https:\/\/content.redfoxlotto.com\/uploads\/sites\/9\/1_results_tickets_lotto.jpg"}],"twitter_card":"summary_large_image","twitter_misc":{"Odhadovan\u00e1 doba \u010dten\u00ed":"2 minuty"},"schema":{"@context":"https:\/\/schema.org","@graph":[{"@type":"WebPage","@id":"https:\/\/redfoxlotto.com\/cs\/vysledky\/lotto-uk\/","url":"https:\/\/redfoxlotto.com\/cs\/vysledky\/lotto-uk\/","name":"V\u00edt\u011bzn\u00e1 \u010d\u00edsla a v\u00fdsledky britsk\u00e9 UK Loterie","isPartOf":{"@id":"https:\/\/redfoxlotto.com\/cs\/#website"},"primaryImageOfPage":{"@id":"https:\/\/redfoxlotto.com\/cs\/vysledky\/lotto-uk\/#primaryimage"},"image":{"@id":"https:\/\/redfoxlotto.com\/cs\/vysledky\/lotto-uk\/#primaryimage"},"thumbnailUrl":"https:\/\/content.redfoxlotto.com\/uploads\/sites\/9\/1_results_tickets_lotto.jpg","datePublished":"2018-11-18T08:54:25+00:00","dateModified":"2019-11-21T09:56:52+00:00","description":"P\u0159in\u00e1\u0161\u00edme V\u00e1m v\u00fdsledky britsk\u00e9 UK loterie a archiv minul\u00fdch v\u00fdhern\u00edch \u010d\u00edsel","breadcrumb":{"@id":"https:\/\/redfoxlotto.com\/cs\/vysledky\/lotto-uk\/#breadcrumb"},"inLanguage":"cs","potentialAction":[{"@type":"ReadAction","target":["https:\/\/redfoxlotto.com\/cs\/vysledky\/lotto-uk\/"]}]},{"@type":"ImageObject","inLanguage":"cs","@id":"https:\/\/redfoxlotto.com\/cs\/vysledky\/lotto-uk\/#primaryimage","url":"https:\/\/content.redfoxlotto.com\/uploads\/sites\/9\/1_results_tickets_lotto.jpg","contentUrl":"https:\/\/content.redfoxlotto.com\/uploads\/sites\/9\/1_results_tickets_lotto.jpg"},{"@type":"BreadcrumbList","@id":"https:\/\/redfoxlotto.com\/cs\/vysledky\/lotto-uk\/#breadcrumb","itemListElement":[{"@type":"ListItem","position":1,"name":"Home","item":"https:\/\/redfoxlotto.com\/cs\/"},{"@type":"ListItem","position":2,"name":"V\u00fdsledky mezin\u00e1rodn\u00ed loterie","item":"https:\/\/redfoxlotto.com\/cs\/vysledky\/"},{"@type":"ListItem","position":3,"name":"V\u00fdsledky britsk\u00e9 UK Loterie"}]},{"@type":"WebSite","@id":"https:\/\/redfoxlotto.com\/cs\/#website","url":"https:\/\/redfoxlotto.com\/cs\/","name":"Get Tickets for the World\u2019s largest jackpots","description":"Participate in worldwide lottery jackpots from any country","publisher":{"@id":"https:\/\/redfoxlotto.com\/cs\/#organization"},"potentialAction":[{"@type":"SearchAction","target":{"@type":"EntryPoint","urlTemplate":"https:\/\/redfoxlotto.com\/cs\/?s={search_term_string}"},"query-input":{"@type":"PropertyValueSpecification","valueRequired":true,"valueName":"search_term_string"}}],"inLanguage":"cs"},{"@type":"Organization","@id":"https:\/\/redfoxlotto.com\/cs\/#organization","name":"Get Tickets for the World\u2019s largest jackpots","url":"https:\/\/redfoxlotto.com\/cs\/","logo":{"@type":"ImageObject","inLanguage":"cs","@id":"https:\/\/redfoxlotto.com\/cs\/#\/schema\/logo\/image\/","url":"https:\/\/redfoxlotto.com\/wp-content\/uploads\/2023\/04\/logo.png","contentUrl":"https:\/\/redfoxlotto.com\/wp-content\/uploads\/2023\/04\/logo.png","width":269,"height":53,"caption":"Get Tickets for the World\u2019s largest jackpots"},"image":{"@id":"https:\/\/redfoxlotto.com\/cs\/#\/schema\/logo\/image\/"}}]}},"_links":{"self":[{"href":"https:\/\/redfoxlotto.com\/cs\/wp-json\/wp\/v2\/pages\/5781","targetHints":{"allow":["GET"]}}],"collection":[{"href":"https:\/\/redfoxlotto.com\/cs\/wp-json\/wp\/v2\/pages"}],"about":[{"href":"https:\/\/redfoxlotto.com\/cs\/wp-json\/wp\/v2\/types\/page"}],"author":[{"embeddable":true,"href":"https:\/\/redfoxlotto.com\/cs\/wp-json\/wp\/v2\/users\/1"}],"replies":[{"embeddable":true,"href":"https:\/\/redfoxlotto.com\/cs\/wp-json\/wp\/v2\/comments?post=5781"}],"version-history":[{"count":0,"href":"https:\/\/redfoxlotto.com\/cs\/wp-json\/wp\/v2\/pages\/5781\/revisions"}],"up":[{"embeddable":true,"href":"https:\/\/redfoxlotto.com\/cs\/wp-json\/wp\/v2\/pages\/5774"}],"wp:attachment":[{"href":"https:\/\/redfoxlotto.com\/cs\/wp-json\/wp\/v2\/media?parent=5781"}],"curies":[{"name":"wp","href":"https:\/\/api.w.org\/{rel}","templated":true}]}}