{"id":5780,"date":"2018-11-18T08:54:25","date_gmt":"2018-11-18T08:54:25","guid":{"rendered":"https:\/\/redfoxlotto.com\/?page_id=790"},"modified":"2026-01-11T10:23:48","modified_gmt":"2026-01-11T10:23:48","slug":"superenalotto","status":"publish","type":"page","link":"https:\/\/redfoxlotto.com\/cs\/vysledky\/superenalotto\/","title":{"rendered":"V\u00fdsledky hry SuperEnaLotto"},"content":{"rendered":"<h2>SuperEnalotto Jackpot \u2013 V\u00fdsledky SuperEnalotto<\/h2>\n<p>SuperEnalotto je zn\u00e1m\u00e9 t\u00edm, \u017ee jackpot \u010dasto nen\u00ed vyhr\u00e1n po dlouhou dobu. Hlavn\u00ed v\u00fdhra, jej\u00ed\u017e minim\u00e1ln\u00ed hodnota je 1 300 000 \u20ac, tedy rychle stoup\u00e1. A nen\u00ed tam \u017e\u00e1dn\u00e9 omezen\u00ed na jeho v\u00fd\u0161i. Nejv\u011bt\u0161\u00ed v\u00fdhra doposud v <a href=\"https:\/\/redfoxlotto.com\/cs\/hrat\/superenalotto\/\">SuperEnalottu<\/a> byla 177 800 000 \u20ac!<!--more--><\/p>\n<h2>Ceny a v\u00edt\u011bzov\u00e9 hry SuperEnalotto<\/h2>\n<p><img loading=\"lazy\" decoding=\"async\" class=\" wp-image alignright\" src=\"https:\/\/content.redfoxlotto.com\/uploads\/sites\/9\/1_results_check_lottery.jpg\" alt=\"v\u00fdsledky lotto\" width=\"259\" height=\"259\" \/><\/p>\n<p>Pro ka\u017edou ze 6 cenov\u00fdch relac\u00ed t\u00e9to loterie jsme vytvo\u0159ili tabulku v\u00fdher. Spolu s v\u00fdsledky V\u00e1m tak\u00e9 uk\u00e1\u017eeme, kolik hr\u00e1\u010d\u016f v ka\u017ed\u00e9 relaci vyhr\u00e1lo.<\/p>\n<h2>Minul\u00e9 v\u00fdsledky hry SuperEnalotto<\/h2>\n<p>Pokud chcete zkontrolovat minul\u00e9 v\u00fdsledky slosov\u00e1n\u00ed, m\u016f\u017eete to ud\u011blat tak\u00e9. Nap\u0159\u00edklad m\u016f\u017eete cht\u00edt d\u00e1vat pozor na \u010d\u00edsla, kter\u00e1 dlouho nepadla a pou\u017e\u00edt je pro dal\u0161\u00ed tiket.<\/p>\n<h2>Hork\u00e1 a studen\u00e1 \u010d\u00edsla SuperEnalotto<\/h2>\n<p><img decoding=\"async\" class=\"size-full wp-image alignright\" src=\"https:\/\/content.redfoxlotto.com\/uploads\/sites\/9\/1_lottery_winning_numbers.jpg\" alt=\"Superenalotto\" \/><\/p>\n<p>Seznam nej\u010dast\u011bji a nejm\u00e9n\u011b \u010dasto vylosovan\u00fdch \u010d\u00edsel je dobr\u00fd pro hr\u00e1\u010de, kte\u0159\u00ed cht\u011bj\u00ed zlep\u0161it sv\u00e9 \u0161ance.<\/p>\n<p>\u010c\u00edsla 4, 19, 24, 38, 74 a 8 jsou \u010d\u00edsla s nejvy\u0161\u0161\u00ed frekvenc\u00ed hry SuperEnalotto. \u010c\u00edsla 2, 8, 17, 29, 55 a 77 jsou nejm\u00e9n\u011b pravd\u011bpodobn\u00e1.<\/p>\n","protected":false},"excerpt":{"rendered":"<p>SuperEnalotto Jackpot \u2013 V\u00fdsledky SuperEnalotto SuperEnalotto je zn\u00e1m\u00e9 t\u00edm, \u017ee jackpot \u010dasto nen\u00ed vyhr\u00e1n po dlouhou dobu. Hlavn\u00ed v\u00fdhra, jej\u00ed\u017e minim\u00e1ln\u00ed hodnota je 1 300 000 \u20ac, tedy rychle stoup\u00e1. A nen\u00ed tam \u017e\u00e1dn\u00e9 omezen\u00ed na jeho v\u00fd\u0161i. Nejv\u011bt\u0161\u00ed v\u00fdhra doposud v SuperEnalottu byla 177 800 000 \u20ac!<\/p>\n","protected":false},"author":1,"featured_media":0,"parent":5774,"menu_order":5,"comment_status":"closed","ping_status":"closed","template":"superenalotto-results.php","meta":{"_et_pb_use_builder":"","_et_pb_old_content":"","_et_gb_content_width":"","exclude_from_search":false,"footnotes":""},"class_list":["post-5780","page","type-page","status-publish","hentry"],"yoast_head":"<!-- This site is optimized with the Yoast SEO plugin v27.3 - https:\/\/yoast.com\/product\/yoast-seo-wordpress\/ -->\n<title>Posledn\u00ed v\u00fdhern\u00ed \u010d\u00edsla hry SuperEnalotto<\/title>\n<meta name=\"description\" content=\"Nejnov\u011bj\u0161\u00ed v\u00fdsledky a v\u00fdhern\u00ed \u010d\u00edsla pro SuperEnalotto najdete zde na RedFoxLotto, kde si tak\u00e9 m\u016f\u017eete po\u0159\u00eddit losy.\" \/>\n<meta name=\"robots\" content=\"index, follow, max-snippet:-1, max-image-preview:large, max-video-preview:-1\" \/>\n<link rel=\"canonical\" href=\"https:\/\/redfoxlotto.com\/cs\/vysledky\/superenalotto\/\" \/>\n<meta property=\"og:locale\" content=\"cs_CZ\" \/>\n<meta property=\"og:type\" content=\"article\" \/>\n<meta property=\"og:title\" content=\"Posledn\u00ed v\u00fdhern\u00ed \u010d\u00edsla hry SuperEnalotto\" \/>\n<meta property=\"og:description\" content=\"Nejnov\u011bj\u0161\u00ed v\u00fdsledky a v\u00fdhern\u00ed \u010d\u00edsla pro SuperEnalotto najdete zde na RedFoxLotto, kde si tak\u00e9 m\u016f\u017eete po\u0159\u00eddit losy.\" \/>\n<meta property=\"og:url\" content=\"https:\/\/redfoxlotto.com\/cs\/vysledky\/superenalotto\/\" \/>\n<meta property=\"og:site_name\" content=\"Get Tickets for the World\u2019s largest jackpots\" \/>\n<meta property=\"article:modified_time\" content=\"2026-01-11T10:23:48+00:00\" \/>\n<meta property=\"og:image\" content=\"https:\/\/content.redfoxlotto.com\/uploads\/sites\/9\/1_results_check_lottery.jpg\" \/>\n<meta name=\"twitter:card\" content=\"summary_large_image\" \/>\n<meta name=\"twitter:label1\" content=\"Odhadovan\u00e1 doba \u010dten\u00ed\" \/>\n\t<meta name=\"twitter:data1\" content=\"2 minuty\" \/>\n<script type=\"application\/ld+json\" class=\"yoast-schema-graph\">{\"@context\":\"https:\\\/\\\/schema.org\",\"@graph\":[{\"@type\":\"WebPage\",\"@id\":\"https:\\\/\\\/redfoxlotto.com\\\/cs\\\/vysledky\\\/superenalotto\\\/\",\"url\":\"https:\\\/\\\/redfoxlotto.com\\\/cs\\\/vysledky\\\/superenalotto\\\/\",\"name\":\"Posledn\u00ed v\u00fdhern\u00ed \u010d\u00edsla hry SuperEnalotto\",\"isPartOf\":{\"@id\":\"https:\\\/\\\/redfoxlotto.com\\\/cs\\\/#website\"},\"primaryImageOfPage\":{\"@id\":\"https:\\\/\\\/redfoxlotto.com\\\/cs\\\/vysledky\\\/superenalotto\\\/#primaryimage\"},\"image\":{\"@id\":\"https:\\\/\\\/redfoxlotto.com\\\/cs\\\/vysledky\\\/superenalotto\\\/#primaryimage\"},\"thumbnailUrl\":\"https:\\\/\\\/content.redfoxlotto.com\\\/uploads\\\/sites\\\/9\\\/1_results_check_lottery.jpg\",\"datePublished\":\"2018-11-18T08:54:25+00:00\",\"dateModified\":\"2026-01-11T10:23:48+00:00\",\"description\":\"Nejnov\u011bj\u0161\u00ed v\u00fdsledky a v\u00fdhern\u00ed \u010d\u00edsla pro SuperEnalotto najdete zde na RedFoxLotto, kde si tak\u00e9 m\u016f\u017eete po\u0159\u00eddit losy.\",\"breadcrumb\":{\"@id\":\"https:\\\/\\\/redfoxlotto.com\\\/cs\\\/vysledky\\\/superenalotto\\\/#breadcrumb\"},\"inLanguage\":\"cs\",\"potentialAction\":[{\"@type\":\"ReadAction\",\"target\":[\"https:\\\/\\\/redfoxlotto.com\\\/cs\\\/vysledky\\\/superenalotto\\\/\"]}]},{\"@type\":\"ImageObject\",\"inLanguage\":\"cs\",\"@id\":\"https:\\\/\\\/redfoxlotto.com\\\/cs\\\/vysledky\\\/superenalotto\\\/#primaryimage\",\"url\":\"https:\\\/\\\/content.redfoxlotto.com\\\/uploads\\\/sites\\\/9\\\/1_results_check_lottery.jpg\",\"contentUrl\":\"https:\\\/\\\/content.redfoxlotto.com\\\/uploads\\\/sites\\\/9\\\/1_results_check_lottery.jpg\"},{\"@type\":\"BreadcrumbList\",\"@id\":\"https:\\\/\\\/redfoxlotto.com\\\/cs\\\/vysledky\\\/superenalotto\\\/#breadcrumb\",\"itemListElement\":[{\"@type\":\"ListItem\",\"position\":1,\"name\":\"Home\",\"item\":\"https:\\\/\\\/redfoxlotto.com\\\/cs\\\/\"},{\"@type\":\"ListItem\",\"position\":2,\"name\":\"V\u00fdsledky mezin\u00e1rodn\u00ed loterie\",\"item\":\"https:\\\/\\\/redfoxlotto.com\\\/cs\\\/vysledky\\\/\"},{\"@type\":\"ListItem\",\"position\":3,\"name\":\"V\u00fdsledky hry SuperEnaLotto\"}]},{\"@type\":\"WebSite\",\"@id\":\"https:\\\/\\\/redfoxlotto.com\\\/cs\\\/#website\",\"url\":\"https:\\\/\\\/redfoxlotto.com\\\/cs\\\/\",\"name\":\"Get Tickets for the World\u2019s largest jackpots\",\"description\":\"Participate in worldwide lottery jackpots from any country\",\"publisher\":{\"@id\":\"https:\\\/\\\/redfoxlotto.com\\\/cs\\\/#organization\"},\"potentialAction\":[{\"@type\":\"SearchAction\",\"target\":{\"@type\":\"EntryPoint\",\"urlTemplate\":\"https:\\\/\\\/redfoxlotto.com\\\/cs\\\/?s={search_term_string}\"},\"query-input\":{\"@type\":\"PropertyValueSpecification\",\"valueRequired\":true,\"valueName\":\"search_term_string\"}}],\"inLanguage\":\"cs\"},{\"@type\":\"Organization\",\"@id\":\"https:\\\/\\\/redfoxlotto.com\\\/cs\\\/#organization\",\"name\":\"Get Tickets for the World\u2019s largest jackpots\",\"url\":\"https:\\\/\\\/redfoxlotto.com\\\/cs\\\/\",\"logo\":{\"@type\":\"ImageObject\",\"inLanguage\":\"cs\",\"@id\":\"https:\\\/\\\/redfoxlotto.com\\\/cs\\\/#\\\/schema\\\/logo\\\/image\\\/\",\"url\":\"https:\\\/\\\/redfoxlotto.com\\\/wp-content\\\/uploads\\\/2023\\\/04\\\/logo.png\",\"contentUrl\":\"https:\\\/\\\/redfoxlotto.com\\\/wp-content\\\/uploads\\\/2023\\\/04\\\/logo.png\",\"width\":269,\"height\":53,\"caption\":\"Get Tickets for the World\u2019s largest jackpots\"},\"image\":{\"@id\":\"https:\\\/\\\/redfoxlotto.com\\\/cs\\\/#\\\/schema\\\/logo\\\/image\\\/\"}}]}<\/script>\n<!-- \/ Yoast SEO plugin. -->","yoast_head_json":{"title":"Posledn\u00ed v\u00fdhern\u00ed \u010d\u00edsla hry SuperEnalotto","description":"Nejnov\u011bj\u0161\u00ed v\u00fdsledky a v\u00fdhern\u00ed \u010d\u00edsla pro SuperEnalotto najdete zde na RedFoxLotto, kde si tak\u00e9 m\u016f\u017eete po\u0159\u00eddit losy.","robots":{"index":"index","follow":"follow","max-snippet":"max-snippet:-1","max-image-preview":"max-image-preview:large","max-video-preview":"max-video-preview:-1"},"canonical":"https:\/\/redfoxlotto.com\/cs\/vysledky\/superenalotto\/","og_locale":"cs_CZ","og_type":"article","og_title":"Posledn\u00ed v\u00fdhern\u00ed \u010d\u00edsla hry SuperEnalotto","og_description":"Nejnov\u011bj\u0161\u00ed v\u00fdsledky a v\u00fdhern\u00ed \u010d\u00edsla pro SuperEnalotto najdete zde na RedFoxLotto, kde si tak\u00e9 m\u016f\u017eete po\u0159\u00eddit losy.","og_url":"https:\/\/redfoxlotto.com\/cs\/vysledky\/superenalotto\/","og_site_name":"Get Tickets for the World\u2019s largest jackpots","article_modified_time":"2026-01-11T10:23:48+00:00","og_image":[{"url":"https:\/\/content.redfoxlotto.com\/uploads\/sites\/9\/1_results_check_lottery.jpg","type":"","width":"","height":""}],"twitter_card":"summary_large_image","twitter_misc":{"Odhadovan\u00e1 doba \u010dten\u00ed":"2 minuty"},"schema":{"@context":"https:\/\/schema.org","@graph":[{"@type":"WebPage","@id":"https:\/\/redfoxlotto.com\/cs\/vysledky\/superenalotto\/","url":"https:\/\/redfoxlotto.com\/cs\/vysledky\/superenalotto\/","name":"Posledn\u00ed v\u00fdhern\u00ed \u010d\u00edsla hry SuperEnalotto","isPartOf":{"@id":"https:\/\/redfoxlotto.com\/cs\/#website"},"primaryImageOfPage":{"@id":"https:\/\/redfoxlotto.com\/cs\/vysledky\/superenalotto\/#primaryimage"},"image":{"@id":"https:\/\/redfoxlotto.com\/cs\/vysledky\/superenalotto\/#primaryimage"},"thumbnailUrl":"https:\/\/content.redfoxlotto.com\/uploads\/sites\/9\/1_results_check_lottery.jpg","datePublished":"2018-11-18T08:54:25+00:00","dateModified":"2026-01-11T10:23:48+00:00","description":"Nejnov\u011bj\u0161\u00ed v\u00fdsledky a v\u00fdhern\u00ed \u010d\u00edsla pro SuperEnalotto najdete zde na RedFoxLotto, kde si tak\u00e9 m\u016f\u017eete po\u0159\u00eddit losy.","breadcrumb":{"@id":"https:\/\/redfoxlotto.com\/cs\/vysledky\/superenalotto\/#breadcrumb"},"inLanguage":"cs","potentialAction":[{"@type":"ReadAction","target":["https:\/\/redfoxlotto.com\/cs\/vysledky\/superenalotto\/"]}]},{"@type":"ImageObject","inLanguage":"cs","@id":"https:\/\/redfoxlotto.com\/cs\/vysledky\/superenalotto\/#primaryimage","url":"https:\/\/content.redfoxlotto.com\/uploads\/sites\/9\/1_results_check_lottery.jpg","contentUrl":"https:\/\/content.redfoxlotto.com\/uploads\/sites\/9\/1_results_check_lottery.jpg"},{"@type":"BreadcrumbList","@id":"https:\/\/redfoxlotto.com\/cs\/vysledky\/superenalotto\/#breadcrumb","itemListElement":[{"@type":"ListItem","position":1,"name":"Home","item":"https:\/\/redfoxlotto.com\/cs\/"},{"@type":"ListItem","position":2,"name":"V\u00fdsledky mezin\u00e1rodn\u00ed loterie","item":"https:\/\/redfoxlotto.com\/cs\/vysledky\/"},{"@type":"ListItem","position":3,"name":"V\u00fdsledky hry SuperEnaLotto"}]},{"@type":"WebSite","@id":"https:\/\/redfoxlotto.com\/cs\/#website","url":"https:\/\/redfoxlotto.com\/cs\/","name":"Get Tickets for the World\u2019s largest jackpots","description":"Participate in worldwide lottery jackpots from any country","publisher":{"@id":"https:\/\/redfoxlotto.com\/cs\/#organization"},"potentialAction":[{"@type":"SearchAction","target":{"@type":"EntryPoint","urlTemplate":"https:\/\/redfoxlotto.com\/cs\/?s={search_term_string}"},"query-input":{"@type":"PropertyValueSpecification","valueRequired":true,"valueName":"search_term_string"}}],"inLanguage":"cs"},{"@type":"Organization","@id":"https:\/\/redfoxlotto.com\/cs\/#organization","name":"Get Tickets for the World\u2019s largest jackpots","url":"https:\/\/redfoxlotto.com\/cs\/","logo":{"@type":"ImageObject","inLanguage":"cs","@id":"https:\/\/redfoxlotto.com\/cs\/#\/schema\/logo\/image\/","url":"https:\/\/redfoxlotto.com\/wp-content\/uploads\/2023\/04\/logo.png","contentUrl":"https:\/\/redfoxlotto.com\/wp-content\/uploads\/2023\/04\/logo.png","width":269,"height":53,"caption":"Get Tickets for the World\u2019s largest jackpots"},"image":{"@id":"https:\/\/redfoxlotto.com\/cs\/#\/schema\/logo\/image\/"}}]}},"_links":{"self":[{"href":"https:\/\/redfoxlotto.com\/cs\/wp-json\/wp\/v2\/pages\/5780","targetHints":{"allow":["GET"]}}],"collection":[{"href":"https:\/\/redfoxlotto.com\/cs\/wp-json\/wp\/v2\/pages"}],"about":[{"href":"https:\/\/redfoxlotto.com\/cs\/wp-json\/wp\/v2\/types\/page"}],"author":[{"embeddable":true,"href":"https:\/\/redfoxlotto.com\/cs\/wp-json\/wp\/v2\/users\/1"}],"replies":[{"embeddable":true,"href":"https:\/\/redfoxlotto.com\/cs\/wp-json\/wp\/v2\/comments?post=5780"}],"version-history":[{"count":0,"href":"https:\/\/redfoxlotto.com\/cs\/wp-json\/wp\/v2\/pages\/5780\/revisions"}],"up":[{"embeddable":true,"href":"https:\/\/redfoxlotto.com\/cs\/wp-json\/wp\/v2\/pages\/5774"}],"wp:attachment":[{"href":"https:\/\/redfoxlotto.com\/cs\/wp-json\/wp\/v2\/media?parent=5780"}],"curies":[{"name":"wp","href":"https:\/\/api.w.org\/{rel}","templated":true}]}}