{"id":5779,"date":"2018-11-18T08:54:25","date_gmt":"2018-11-18T08:54:25","guid":{"rendered":"https:\/\/redfoxlotto.com\/?page_id=788"},"modified":"2025-12-17T12:09:53","modified_gmt":"2025-12-17T12:09:53","slug":"powerball","status":"publish","type":"page","link":"https:\/\/redfoxlotto.com\/cs\/vysledky\/powerball\/","title":{"rendered":"V\u00fdsledky hry Powerball"},"content":{"rendered":"<p><script type=\"application\/ld+json\">\n{\n  \"@context\": \"https:\/\/schema.org\",\n  \"@type\": \"Service\",\n  \"name\": \"Zkontrolujte v\u00fdsledky losov\u00e1n\u00ed Powerball online\",\n  \"url\": \"https:\/\/redfoxlotto.com\/cs\/vysledky\/powerball\/\",\n  \"description\": \"Nav\u0161tivte RedFoxLotto a zkontrolujte nejnov\u011bj\u0161\u00ed v\u00fdsledky Powerball a n\u00e1\u0161 archiv v\u00fdsledk\u016f loteri\u00ed.\",\n  \"serviceType\": \"Glob\u00e1ln\u00ed archiv v\u00fdsledk\u016f loteri\u00ed\",\n  \"provider\": {\n    \"@type\": \"Organization\",\n    \"name\": \"RedFoxLotto\",\n    \"url\": \"https:\/\/redfoxlotto.com\/cs\/vysledky\/powerball\/\",\n    \"image\": \"https:\/\/redfoxlotto.com\/wp-content\/uploads\/2025\/12\/ticket_scans.jpg\",\n    \"sameAs\": []\n  },\n  \"areaServed\": \"Worldwide\",\n  \"termsOfService\": \"https:\/\/redfoxlotto.com\/terms-and-conditions\",\n  \"additionalProperty\": {\n    \"@type\": \"PropertyValue\",\n    \"name\": \"FAQ\",\n    \"value\": \"https:\/\/redfoxlotto.com\/cs\/faq\/\"\n  },\n  \"hasOfferCatalog\": {\n    \"@type\": \"OfferCatalog\",\n    \"name\": \"V\u00fdsledky Powerball\",\n    \"itemListElement\": [\n      {\n        \"@type\": \"Offer\",\n        \"name\": \"V\u00fdsledky Powerball\",\n        \"url\": \"https:\/\/redfoxlotto.com\/cs\/vysledky\/powerball\/\",\n        \"description\": \"Zde naleznete nejnov\u011bj\u0161\u00ed a historick\u00e9 v\u00fdsledky Powerball a dal\u0161\u00edch hlavn\u00edch loteri\u00ed\",\n        \"itemOffered\": {\n          \"@type\": \"Service\",\n          \"name\": \"V\u00fdsledky Powerball\",\n          \"description\": \"Online v\u00fdsledky losov\u00e1n\u00ed Powerball, aktu\u00e1ln\u00ed i star\u0161\u00ed.\"\n        }\n      }\n    ]\n  },\n  \"mainEntityOfPage\": {\n    \"@type\": \"WebPage\",\n    \"@id\": \"https:\/\/redfoxlotto.com\/cs\/vysledky\/powerball\/\"\n  }\n}\n<\/script><\/p>\n<h2>Kde najdete v\u00fdhern\u00ed \u010d\u00edsla ke h\u0159e Powerball<\/h2>\n<p><img decoding=\"async\" class=\"size-full wp-image alignright\" src=\"https:\/\/content.redfoxlotto.com\/uploads\/sites\/9\/1_results_powerball.jpg\" alt=\"v\u00fdsledky loterie\"><\/p>\n<p>Cht\u011bli jste n\u011bkdy zkontrolovat \u010d\u00edsla, kter\u00e1 vyhr\u00e1vaj\u00ed v n\u011bkter\u00fdch z nejv\u011bt\u0161\u00edch loterijn\u00edch her? Mo\u017en\u00e1 jste se pokusili vyhledat v\u00fdhern\u00ed \u010d\u00edsla z minul\u00fdch her, ale prost\u011b je nem\u016f\u017eete naj\u00edt. Mo\u017en\u00e1 je hled\u00e1te, abyste mohli zakoupit tikety s n\u011bkter\u00fdmi z t\u011bch nejpopul\u00e1rn\u011bj\u0161\u00edch \u010d\u00edsel, nebo jste jen zv\u011bdav\u00ed a chcete to prost\u011b v\u011bd\u011bt. Na na\u0161ich str\u00e1nk\u00e1ch uv\u00e1d\u00edme v\u0161echny <a href=\"https:\/\/redfoxlotto.com\/cs\/vysledky\/powerball\/\">v\u00fdsledky hry Powerball<\/a> a v\u00fdhern\u00ed \u010d\u00edsla za aktu\u00e1ln\u00ed t\u00fdden a v\u0161echny minul\u00e9 slosov\u00e1n\u00ed.<\/p>\n<p>Samoz\u0159ejm\u011b, nen\u00ed to jen Powerball, o kter\u00e9m V\u00e1m pov\u00edme v\u0161echno. Zde si m\u016f\u017eete prohl\u00e9dnout v\u00fdsledky nejpopul\u00e1rn\u011bj\u0161\u00edch loterijn\u00edch her na sv\u011bt\u011b. Ale pokud jde o <a href=\"https:\/\/redfoxlotto.com\/cs\/loterie\/powerball\/\">Powerball<\/a>, ur\u010dit\u011b rozum\u00edme tomu, pro\u010d V\u00e1s zaj\u00edm\u00e1. Ka\u017ed\u00fd, kdo m\u00e1 na l\u00edstku v\u0161echna po\u017eadovan\u00e1 \u010d\u00edsla, je multimilion\u00e1\u0159. M\u016f\u017eete se tak\u00e9 pod\u00edvat na v\u00fdhern\u00ed \u010d\u00edsla minul\u00fdch losov\u00e1n\u00ed v na\u0161em archivu.<\/p>\n<h2>Powerball Jackpot<\/h2>\n<p>Jackpot hry Powerball za\u010d\u00edn\u00e1 na minim\u00e1ln\u011b 40 000 000 USD. Dosavadn\u00ed rekord v\u0161ak dosahuje neuv\u011b\u0159iteln\u00fdch 1 500 000 000 USD nebo 1,5 miliardy USD! Takovou \u010d\u00e1stku si jen t\u011b\u017eko dok\u00e1\u017eete p\u0159edstavit, ale n\u011bkdo ji skute\u010dn\u011b vyhr\u00e1l! Dokonce i ten mal\u00fd jackpot ve v\u00fd\u0161i 40 000 000 dolar\u016f se jev\u00ed jako bl\u00e1zniv\u00e9 mno\u017estv\u00ed pen\u011bz, \u017ee? Ale lid\u00e9 obvykle tuto \u010d\u00e1stku nevyhraj\u00ed.<br \/>\nVe skute\u010dnosti je vz\u00e1cn\u00e9, \u017ee n\u011bkdo vyhraje minim\u00e1ln\u00ed jackpot hry Powerball. Ve v\u011bt\u0161in\u011b p\u0159\u00edpad\u016f je vy\u0161\u0161\u00ed alespo\u0148 o trochu a v mnoha p\u0159\u00edpadech o hodn\u011b. A\u010dkoli tak \u010dasto nedostane \u010dasto p\u0159es 1 miliardu dolar\u016f, nen\u00ed neobvykl\u00e9, \u017ee se k tomu velmi p\u0159ibl\u00ed\u017e\u00ed.<\/p>\n<h2>V\u00fdhry ve h\u0159e Powerball a jej\u00ed v\u00edt\u011bzov\u00e9<\/h2>\n<p><img decoding=\"async\" class=\"size-full wp-image alignright\" src=\"https:\/\/content.redfoxlotto.com\/uploads\/sites\/9\/1_winning_numbers_powerball.jpg\" alt=\"v\u00edt\u011bz loterie Powerball\"><br \/>\nPowerball m\u00e1 dev\u011bt v\u00fdhern\u00edch \u00farovn\u00ed. V ka\u017ed\u00e9m slosov\u00e1n\u00ed vyhr\u00e1vaj\u00ed stovky tis\u00edc hr\u00e1\u010d\u016f. Tabulka v\u00fd\u0161e ukazuje tak\u00e9 vyhran\u00e9 \u010d\u00e1stky. Ve skute\u010dnosti m\u016f\u017eete skute\u010dn\u011b vyhr\u00e1t ve h\u0159e Powerball pouh\u00fdm jedin\u00fdm odpov\u00eddaj\u00edc\u00edm \u010d\u00edslem, pokud se toto \u010d\u00edslo naz\u00fdv\u00e1 \u201ePowerball\u201c.<\/p>\n<p>Pokud se shodujete alespo\u0148 se dv\u011bma dal\u0161\u00edmi \u010d\u00edsly, budete m\u00edt tak\u00e9 v\u00fdhru. Tak\u017ee budete m\u00edt spoustu \u0161anc\u00ed na velkou v\u00fdhru nebo alespo\u0148 malou v\u00fdhru. Toto je ur\u010dit\u011b hra, kterou si chcete vyzkou\u0161et, nebo ne?<\/p>\n<h2>Nej\u010dast\u011bji ta\u017een\u00e1 \u010d\u00edsla ve h\u0159e Powerball<\/h2>\n<p>Jak\u00e1 je va\u0161e strategie p\u0159i v\u00fdb\u011bru \u010d\u00edsel? N\u011bkte\u0159\u00ed hr\u00e1\u010di v\u017edy pou\u017e\u00edvaj\u00ed stejn\u00e1 osobn\u00ed \u010d\u00edsla, jin\u00ed pou\u017e\u00edvaj\u00ed pro sv\u016fj tiket nejm\u00e9n\u011b nebo nej\u010dast\u011bji vylosovan\u00e1 \u010d\u00edsla. Mo\u017en\u00e1 m\u00e1te zcela odli\u0161n\u00fd syst\u00e9m, ale p\u0159esto chcete v\u011bd\u011bt n\u011bco o \u010d\u00edslech, ne\u017e se sami rozhodnete, kter\u00e1 si vyberete.<\/p>\n<p>Cel\u00fd proces je velmi jednoduch\u00fd a my m\u00e1me \u010d\u00edsla, kter\u00e1 hled\u00e1te. Krom\u011b v\u00fdhern\u00edch \u010d\u00edsel a minul\u00fdch v\u00fdsledk\u016f, kter\u00e9 m\u016f\u017eete naj\u00edt na na\u0161ich str\u00e1nk\u00e1ch, m\u00e1me tak\u00e9 informace o tom, jak\u00e1 \u010d\u00edsla jsou a nejsou ta\u017eena.<\/p>\n<p>Hork\u00e1 \u010d\u00edsla ve h\u0159e Powerball jsou: 8, 26, 22, 23 a 36. \u010c\u00edsla, kter\u00e1 byla nejm\u00e9n\u011b \u010dasto ta\u017eena, jsou 15, 51, 37, 47, 12, 4 a 24.<\/p>\n<h2>Jak z\u00edskat V\u00e1\u0161 tiket<\/h2>\n<p>Pokud hled\u00e1te v\u00fdsledky hry Powerball a v\u00fdhern\u00ed \u010d\u00edsla, pravd\u011bpodobn\u011b tak\u00e9 hled\u00e1te zp\u016fsoby, jak m\u016f\u017eete hru skute\u010dn\u011b hr\u00e1t, \u017ee? Chcete v\u011bd\u011bt, co mus\u00edte ud\u011blat, abyste se zapojili do akce. Na\u0161t\u011bst\u00ed pro V\u00e1s toho nebude moc. M\u016f\u017eeme V\u00e1m tiket, kter\u00e9 hled\u00e1te, zajistit prakticky okam\u017eit\u011b. Mus\u00edte n\u00e1m jen d\u00e1t v\u011bd\u011bt, co chcete hr\u00e1t, a my se o zbytek postar\u00e1me za V\u00e1s.<\/p>\n<p>N\u00e1\u0161 postup pro z\u00edsk\u00e1n\u00ed tiket\u016f znamen\u00e1 jen p\u00e1r jednoduch\u00fdch krok\u016f. Prvn\u00ed je, \u017ee se mus\u00edte rozhodnout, jakou hru chcete hr\u00e1t. Pokud jste se rozhodli pro Powerball, m\u00e1te krok jedna ji\u017e hotov\u00fd. Pokud nejste rozhodnut\u00ed, m\u016f\u017eete se o h\u0159e dozv\u011bd\u011bt v\u00edce na na\u0161em webu, pod\u00edvat se na aktu\u00e1ln\u00ed jackpot a na v\u0161echny dal\u0161\u00ed hry, kter\u00e9 m\u00e1me tak\u00e9 k dispozici. T\u00edmto zp\u016fsobem si m\u016f\u017eete b\u00fdt jisti, \u017ee hrajete o ty absolutn\u011b nejlep\u0161\u00ed mo\u017enosti v\u00fdher.<\/p>\n<p>D\u00e1le si vyberete \u010d\u00edsla pro sv\u016fj tiket. Nyn\u00ed u\u017e nemus\u00edte vyb\u00edrat \u010d\u00edsla, pokud nechcete. Jak jsme ji\u017e zm\u00ednili, m\u016f\u017eete zvolit Quick Pick (Rychl\u00fd V\u00fdb\u011br) nebo kombinaci Rychl\u00e9ho v\u00fdb\u011bru a konkr\u00e9tn\u00edch \u010d\u00edsel. M\u016f\u017eete si tak\u00e9 vybrat konkr\u00e9tn\u00ed po\u010det tiket\u016f, kter\u00e9 chcete, a vybrat si \u010d\u00edsla k t\u011bmto dal\u0161\u00edm tiket\u016fm.<\/p>\n<p>N\u00e1\u0161 syst\u00e9m V\u00e1s dokonce upozorn\u00ed, pokud pot\u0159ebujete na sv\u00e9m tiketu zvolit v\u00edce \u010di m\u00e9n\u011b \u010d\u00edsel, abyste se ujistili, \u017ee jej m\u00e1te platn\u00fd.<\/p>\n<p>Odtud si vytvo\u0159\u00edte \u00fa\u010det, pokud jej ji\u017e nem\u00e1te a nastav\u00edte sv\u016fj platebn\u00ed \u00fa\u010det. A m\u016f\u017eete si vybrat, kolik slosov\u00e1n\u00ed chcete, aby byl V\u00e1\u0161 tiket v po\u0159\u00e1dku. Nakonec kliknut\u00edm na tla\u010d\u00edtko k zakoupen\u00ed tiketu a my se postar\u00e1me o zbytek procesu za V\u00e1s.<\/p>\n<h2>V\u00fdplata<\/h2>\n<p>Co se stane pot\u00e9, co zkontrolujete v\u00fdsledky a zjist\u00edte, \u017ee jste skute\u010dn\u011b n\u011bco vyhr\u00e1li? Pokud vyhrajete malou \u010d\u00e1stku, pen\u00edze budou okam\u017eit\u011b p\u0159evedeny na V\u00e1\u0161 hr\u00e1\u010dsk\u00fd \u00fa\u010det. Pokud vyhrajete velkou \u010d\u00e1stku, n\u00e1\u0161 t\u00fdm podpory V\u00e1s kontaktuje, abychom zjistili, jak chcete platbu obdr\u017eet. A pokud vyhrajete jackpot &#8211; dob\u0159e, budete muset cestovat do USA, abyste si mohli n\u00e1rokovat jackpot, proto\u017ee tam r\u00e1di d\u011blaj\u00ed velkou show pro v\u00edt\u011bze.<\/p>\n<p>Pokud ale vyhrajete miliony nebo v\u00edce ne\u017e miliardu dolar\u016f, budete pravd\u011bpodobn\u011b v\u00edce ne\u017e r\u00e1di cestovat do zem\u011b, kter\u00e1 V\u00e1m ji d\u00e1, \u017ee? P\u0159esn\u011b proto je dobr\u00e9 zn\u00e1t v\u00fdsledky hry Powerball, v\u00fdhern\u00ed \u010d\u00edsla a sledovat, co se zrovna d\u011bje. M\u016f\u017eete se ujistit, \u017ee \u010d\u00edsla z\u00edsk\u00e1te ihned po slosov\u00e1n\u00ed. Ale ned\u011blejte si starosti, pokud Va\u0161e \u010d\u00edsla vyhraj\u00ed, budeme prvn\u00ed, kdo V\u00e1m o v\u0161em \u0159ekne a informujeme V\u00e1s o tom, co mus\u00edte ud\u011blat d\u00e1l.<\/p>\n","protected":false},"excerpt":{"rendered":"<p>Kde najdete v\u00fdhern\u00ed \u010d\u00edsla ke h\u0159e Powerball Cht\u011bli jste n\u011bkdy zkontrolovat \u010d\u00edsla, kter\u00e1 vyhr\u00e1vaj\u00ed v n\u011bkter\u00fdch z nejv\u011bt\u0161\u00edch loterijn\u00edch her? Mo\u017en\u00e1 jste se pokusili vyhledat v\u00fdhern\u00ed \u010d\u00edsla z minul\u00fdch her, ale prost\u011b je nem\u016f\u017eete naj\u00edt. Mo\u017en\u00e1 je hled\u00e1te, abyste mohli zakoupit tikety s n\u011bkter\u00fdmi z t\u011bch nejpopul\u00e1rn\u011bj\u0161\u00edch \u010d\u00edsel, nebo jste jen zv\u011bdav\u00ed a chcete to [&hellip;]<\/p>\n","protected":false},"author":1,"featured_media":0,"parent":5774,"menu_order":1,"comment_status":"closed","ping_status":"closed","template":"powerball-usa-results.php","meta":{"_et_pb_use_builder":"","_et_pb_old_content":"","_et_gb_content_width":"","exclude_from_search":false,"footnotes":""},"class_list":["post-5779","page","type-page","status-publish","hentry"],"yoast_head":"<!-- This site is optimized with the Yoast SEO plugin v23.8 - https:\/\/yoast.com\/wordpress\/plugins\/seo\/ -->\n<title>V\u00fdsledky loterie Powerball a v\u00edt\u011bzn\u00e1 \u010d\u00edsla<\/title>\n<meta name=\"description\" content=\"Zde najdete nejnov\u011bj\u0161\u00ed v\u00fdsledky loterie Powerball, v\u010detn\u011b archivu minul\u00fdch slosov\u00e1n\u00ed\" \/>\n<meta name=\"robots\" content=\"index, follow, max-snippet:-1, max-image-preview:large, max-video-preview:-1\" \/>\n<link rel=\"canonical\" href=\"https:\/\/redfoxlotto.com\/cs\/vysledky\/powerball\/\" \/>\n<meta property=\"og:locale\" content=\"cs_CZ\" \/>\n<meta property=\"og:type\" content=\"article\" \/>\n<meta property=\"og:title\" content=\"V\u00fdsledky loterie Powerball a v\u00edt\u011bzn\u00e1 \u010d\u00edsla\" \/>\n<meta property=\"og:description\" content=\"Zde najdete nejnov\u011bj\u0161\u00ed v\u00fdsledky loterie Powerball, v\u010detn\u011b archivu minul\u00fdch slosov\u00e1n\u00ed\" \/>\n<meta property=\"og:url\" content=\"https:\/\/redfoxlotto.com\/cs\/vysledky\/powerball\/\" \/>\n<meta property=\"og:site_name\" content=\"Get Tickets for the World\u2019s largest jackpots\" \/>\n<meta property=\"article:modified_time\" content=\"2025-12-17T12:09:53+00:00\" \/>\n<meta property=\"og:image\" content=\"https:\/\/content.redfoxlotto.com\/uploads\/sites\/9\/1_results_powerball.jpg\" \/>\n<meta name=\"twitter:card\" content=\"summary_large_image\" \/>\n<meta name=\"twitter:label1\" content=\"Odhadovan\u00e1 doba \u010dten\u00ed\" \/>\n\t<meta name=\"twitter:data1\" content=\"4 minuty\" \/>\n<script type=\"application\/ld+json\" class=\"yoast-schema-graph\">{\"@context\":\"https:\/\/schema.org\",\"@graph\":[{\"@type\":\"WebPage\",\"@id\":\"https:\/\/redfoxlotto.com\/cs\/vysledky\/powerball\/\",\"url\":\"https:\/\/redfoxlotto.com\/cs\/vysledky\/powerball\/\",\"name\":\"V\u00fdsledky loterie Powerball a v\u00edt\u011bzn\u00e1 \u010d\u00edsla\",\"isPartOf\":{\"@id\":\"https:\/\/redfoxlotto.com\/cs\/#website\"},\"primaryImageOfPage\":{\"@id\":\"https:\/\/redfoxlotto.com\/cs\/vysledky\/powerball\/#primaryimage\"},\"image\":{\"@id\":\"https:\/\/redfoxlotto.com\/cs\/vysledky\/powerball\/#primaryimage\"},\"thumbnailUrl\":\"https:\/\/content.redfoxlotto.com\/uploads\/sites\/9\/1_results_powerball.jpg\",\"datePublished\":\"2018-11-18T08:54:25+00:00\",\"dateModified\":\"2025-12-17T12:09:53+00:00\",\"description\":\"Zde najdete nejnov\u011bj\u0161\u00ed v\u00fdsledky loterie Powerball, v\u010detn\u011b archivu minul\u00fdch slosov\u00e1n\u00ed\",\"breadcrumb\":{\"@id\":\"https:\/\/redfoxlotto.com\/cs\/vysledky\/powerball\/#breadcrumb\"},\"inLanguage\":\"cs\",\"potentialAction\":[{\"@type\":\"ReadAction\",\"target\":[\"https:\/\/redfoxlotto.com\/cs\/vysledky\/powerball\/\"]}]},{\"@type\":\"ImageObject\",\"inLanguage\":\"cs\",\"@id\":\"https:\/\/redfoxlotto.com\/cs\/vysledky\/powerball\/#primaryimage\",\"url\":\"https:\/\/content.redfoxlotto.com\/uploads\/sites\/9\/1_results_powerball.jpg\",\"contentUrl\":\"https:\/\/content.redfoxlotto.com\/uploads\/sites\/9\/1_results_powerball.jpg\"},{\"@type\":\"BreadcrumbList\",\"@id\":\"https:\/\/redfoxlotto.com\/cs\/vysledky\/powerball\/#breadcrumb\",\"itemListElement\":[{\"@type\":\"ListItem\",\"position\":1,\"name\":\"Home\",\"item\":\"https:\/\/redfoxlotto.com\/cs\/\"},{\"@type\":\"ListItem\",\"position\":2,\"name\":\"V\u00fdsledky mezin\u00e1rodn\u00ed loterie\",\"item\":\"https:\/\/redfoxlotto.com\/cs\/vysledky\/\"},{\"@type\":\"ListItem\",\"position\":3,\"name\":\"V\u00fdsledky hry Powerball\"}]},{\"@type\":\"WebSite\",\"@id\":\"https:\/\/redfoxlotto.com\/cs\/#website\",\"url\":\"https:\/\/redfoxlotto.com\/cs\/\",\"name\":\"Get Tickets for the World\u2019s largest jackpots\",\"description\":\"Participate in worldwide lottery jackpots from any country\",\"publisher\":{\"@id\":\"https:\/\/redfoxlotto.com\/cs\/#organization\"},\"potentialAction\":[{\"@type\":\"SearchAction\",\"target\":{\"@type\":\"EntryPoint\",\"urlTemplate\":\"https:\/\/redfoxlotto.com\/cs\/?s={search_term_string}\"},\"query-input\":{\"@type\":\"PropertyValueSpecification\",\"valueRequired\":true,\"valueName\":\"search_term_string\"}}],\"inLanguage\":\"cs\"},{\"@type\":\"Organization\",\"@id\":\"https:\/\/redfoxlotto.com\/cs\/#organization\",\"name\":\"Get Tickets for the World\u2019s largest jackpots\",\"url\":\"https:\/\/redfoxlotto.com\/cs\/\",\"logo\":{\"@type\":\"ImageObject\",\"inLanguage\":\"cs\",\"@id\":\"https:\/\/redfoxlotto.com\/cs\/#\/schema\/logo\/image\/\",\"url\":\"https:\/\/redfoxlotto.com\/wp-content\/uploads\/2023\/04\/logo.png\",\"contentUrl\":\"https:\/\/redfoxlotto.com\/wp-content\/uploads\/2023\/04\/logo.png\",\"width\":269,\"height\":53,\"caption\":\"Get Tickets for the World\u2019s largest jackpots\"},\"image\":{\"@id\":\"https:\/\/redfoxlotto.com\/cs\/#\/schema\/logo\/image\/\"}}]}<\/script>\n<!-- \/ Yoast SEO plugin. -->","yoast_head_json":{"title":"V\u00fdsledky loterie Powerball a v\u00edt\u011bzn\u00e1 \u010d\u00edsla","description":"Zde najdete nejnov\u011bj\u0161\u00ed v\u00fdsledky loterie Powerball, v\u010detn\u011b archivu minul\u00fdch slosov\u00e1n\u00ed","robots":{"index":"index","follow":"follow","max-snippet":"max-snippet:-1","max-image-preview":"max-image-preview:large","max-video-preview":"max-video-preview:-1"},"canonical":"https:\/\/redfoxlotto.com\/cs\/vysledky\/powerball\/","og_locale":"cs_CZ","og_type":"article","og_title":"V\u00fdsledky loterie Powerball a v\u00edt\u011bzn\u00e1 \u010d\u00edsla","og_description":"Zde najdete nejnov\u011bj\u0161\u00ed v\u00fdsledky loterie Powerball, v\u010detn\u011b archivu minul\u00fdch slosov\u00e1n\u00ed","og_url":"https:\/\/redfoxlotto.com\/cs\/vysledky\/powerball\/","og_site_name":"Get Tickets for the World\u2019s largest jackpots","article_modified_time":"2025-12-17T12:09:53+00:00","og_image":[{"url":"https:\/\/content.redfoxlotto.com\/uploads\/sites\/9\/1_results_powerball.jpg"}],"twitter_card":"summary_large_image","twitter_misc":{"Odhadovan\u00e1 doba \u010dten\u00ed":"4 minuty"},"schema":{"@context":"https:\/\/schema.org","@graph":[{"@type":"WebPage","@id":"https:\/\/redfoxlotto.com\/cs\/vysledky\/powerball\/","url":"https:\/\/redfoxlotto.com\/cs\/vysledky\/powerball\/","name":"V\u00fdsledky loterie Powerball a v\u00edt\u011bzn\u00e1 \u010d\u00edsla","isPartOf":{"@id":"https:\/\/redfoxlotto.com\/cs\/#website"},"primaryImageOfPage":{"@id":"https:\/\/redfoxlotto.com\/cs\/vysledky\/powerball\/#primaryimage"},"image":{"@id":"https:\/\/redfoxlotto.com\/cs\/vysledky\/powerball\/#primaryimage"},"thumbnailUrl":"https:\/\/content.redfoxlotto.com\/uploads\/sites\/9\/1_results_powerball.jpg","datePublished":"2018-11-18T08:54:25+00:00","dateModified":"2025-12-17T12:09:53+00:00","description":"Zde najdete nejnov\u011bj\u0161\u00ed v\u00fdsledky loterie Powerball, v\u010detn\u011b archivu minul\u00fdch slosov\u00e1n\u00ed","breadcrumb":{"@id":"https:\/\/redfoxlotto.com\/cs\/vysledky\/powerball\/#breadcrumb"},"inLanguage":"cs","potentialAction":[{"@type":"ReadAction","target":["https:\/\/redfoxlotto.com\/cs\/vysledky\/powerball\/"]}]},{"@type":"ImageObject","inLanguage":"cs","@id":"https:\/\/redfoxlotto.com\/cs\/vysledky\/powerball\/#primaryimage","url":"https:\/\/content.redfoxlotto.com\/uploads\/sites\/9\/1_results_powerball.jpg","contentUrl":"https:\/\/content.redfoxlotto.com\/uploads\/sites\/9\/1_results_powerball.jpg"},{"@type":"BreadcrumbList","@id":"https:\/\/redfoxlotto.com\/cs\/vysledky\/powerball\/#breadcrumb","itemListElement":[{"@type":"ListItem","position":1,"name":"Home","item":"https:\/\/redfoxlotto.com\/cs\/"},{"@type":"ListItem","position":2,"name":"V\u00fdsledky mezin\u00e1rodn\u00ed loterie","item":"https:\/\/redfoxlotto.com\/cs\/vysledky\/"},{"@type":"ListItem","position":3,"name":"V\u00fdsledky hry Powerball"}]},{"@type":"WebSite","@id":"https:\/\/redfoxlotto.com\/cs\/#website","url":"https:\/\/redfoxlotto.com\/cs\/","name":"Get Tickets for the World\u2019s largest jackpots","description":"Participate in worldwide lottery jackpots from any country","publisher":{"@id":"https:\/\/redfoxlotto.com\/cs\/#organization"},"potentialAction":[{"@type":"SearchAction","target":{"@type":"EntryPoint","urlTemplate":"https:\/\/redfoxlotto.com\/cs\/?s={search_term_string}"},"query-input":{"@type":"PropertyValueSpecification","valueRequired":true,"valueName":"search_term_string"}}],"inLanguage":"cs"},{"@type":"Organization","@id":"https:\/\/redfoxlotto.com\/cs\/#organization","name":"Get Tickets for the World\u2019s largest jackpots","url":"https:\/\/redfoxlotto.com\/cs\/","logo":{"@type":"ImageObject","inLanguage":"cs","@id":"https:\/\/redfoxlotto.com\/cs\/#\/schema\/logo\/image\/","url":"https:\/\/redfoxlotto.com\/wp-content\/uploads\/2023\/04\/logo.png","contentUrl":"https:\/\/redfoxlotto.com\/wp-content\/uploads\/2023\/04\/logo.png","width":269,"height":53,"caption":"Get Tickets for the World\u2019s largest jackpots"},"image":{"@id":"https:\/\/redfoxlotto.com\/cs\/#\/schema\/logo\/image\/"}}]}},"_links":{"self":[{"href":"https:\/\/redfoxlotto.com\/cs\/wp-json\/wp\/v2\/pages\/5779","targetHints":{"allow":["GET"]}}],"collection":[{"href":"https:\/\/redfoxlotto.com\/cs\/wp-json\/wp\/v2\/pages"}],"about":[{"href":"https:\/\/redfoxlotto.com\/cs\/wp-json\/wp\/v2\/types\/page"}],"author":[{"embeddable":true,"href":"https:\/\/redfoxlotto.com\/cs\/wp-json\/wp\/v2\/users\/1"}],"replies":[{"embeddable":true,"href":"https:\/\/redfoxlotto.com\/cs\/wp-json\/wp\/v2\/comments?post=5779"}],"version-history":[{"count":0,"href":"https:\/\/redfoxlotto.com\/cs\/wp-json\/wp\/v2\/pages\/5779\/revisions"}],"up":[{"embeddable":true,"href":"https:\/\/redfoxlotto.com\/cs\/wp-json\/wp\/v2\/pages\/5774"}],"wp:attachment":[{"href":"https:\/\/redfoxlotto.com\/cs\/wp-json\/wp\/v2\/media?parent=5779"}],"curies":[{"name":"wp","href":"https:\/\/api.w.org\/{rel}","templated":true}]}}