{"id":5777,"date":"2018-11-18T08:54:25","date_gmt":"2018-11-18T08:54:25","guid":{"rendered":"https:\/\/redfoxlotto.com\/?page_id=784"},"modified":"2025-12-18T06:32:26","modified_gmt":"2025-12-18T06:32:26","slug":"mega-millions","status":"publish","type":"page","link":"https:\/\/redfoxlotto.com\/cs\/vysledky\/mega-millions\/","title":{"rendered":"V\u00fdsledky hry Mega Millions"},"content":{"rendered":"<p><script type=\"application\/ld+json\">\n{\n  \"@context\": \"https:\/\/schema.org\",\n  \"@type\": \"Service\",\n  \"name\": \"Zkontrolujte v\u00fdsledky losov\u00e1n\u00ed Mega Millions online\",\n  \"url\": \"https:\/\/redfoxlotto.com\/cs\/vysledky\/mega-millions\/\",\n  \"description\": \"Nav\u0161tivte RedFoxLotto a zkontrolujte nejnov\u011bj\u0161\u00ed v\u00fdsledky Mega Millions a n\u00e1\u0161 archiv loteri\u00ed.\",\n  \"serviceType\": \"Celosv\u011btov\u00fd archiv v\u00fdsledk\u016f loteri\u00ed\",<\/p>\n<p>  \"provider\": {\n    \"@type\": \"Organization\",\n    \"name\": \"RedFoxLotto\",\n    \"url\": \"https:\/\/redfoxlotto.com\/cs\/\",\n    \"image\": \"https:\/\/redfoxlotto.com\/wp-content\/uploads\/2025\/12\/ticket_scans.jpg\",\n    \"sameAs\": []\n  },<\/p>\n<p>  \"areaServed\": \"Worldwide\",\n  \"termsOfService\": \"https:\/\/redfoxlotto.com\/cs\/terms-and-conditions\/\",\n  \"additionalProperty\": {\n    \"@type\": \"PropertyValue\",\n    \"name\": \"FAQ\",\n    \"value\": \"https:\/\/redfoxlotto.com\/cs\/faq\/\"\n  },<\/p>\n<p>  \"hasOfferCatalog\": {\n    \"@type\": \"OfferCatalog\",\n    \"name\": \"Mega Millions Loterie\",\n    \"itemListElement\": [\n      {\n        \"@type\": \"Offer\",\n        \"name\": \"Mega Millions V\u00fdsledky\",\n        \"url\": \"https:\/\/redfoxlotto.com\/cs\/vysledky\/mega-millions\/\",\n        \"description\": \"Klikn\u011bte sem a vyberte sv\u00e9 \u010d\u00edsla pro dal\u0161\u00ed losov\u00e1n\u00ed \u2013 objednejte si l\u00edstky online.\",\n        \"price\": \"13.00\",\n        \"priceCurrency\": \"EUR\",\n        \"availability\": \"https:\/\/schema.org\/InStock\",\n        \"itemOffered\": {\n          \"@type\": \"Service\",\n          \"name\": \"Mega Millions Loterie\",\n          \"description\": \"Hrajte v dal\u0161\u00edm losov\u00e1n\u00ed Mega Millions p\u0159es RedFoxLotto.\"\n        }\n      }\n    ]\n  },<\/p>\n<p>  \"mainEntityOfPage\": {\n    \"@type\": \"WebPage\",\n    \"@id\": \"https:\/\/redfoxlotto.com\/cs\/vysledky\/mega-millions\/\"\n  }\n}\n<\/script><br \/>\nHled\u00e1te posledn\u00ed v\u00fdsledky slosov\u00e1n\u00ed hry Mega Millions USA? Zde je najdete, stejn\u011b jako archiv s \u010d\u00edsly p\u0159edchoz\u00edch slosov\u00e1n\u00ed.<\/p>\n<p><a href=\"https:\/\/redfoxlotto.com\/cs\/hrat\/mega-millions\/\">Vyhr\u00e1t jackpot Mega Millions<\/a> je snem ka\u017ed\u00e9ho hr\u00e1\u010de loterie a odm\u011bnou m\u016f\u017eou b\u00fdt \u010dasto i stovky milion\u016f dolar\u016f! To je ur\u010dit\u011b d\u016fvod, pro\u010d se d\u00edv\u00e1te na v\u00fdsledky hry Mega Millions a ta\u017een\u00e1 v\u00fdhern\u00ed \u010d\u00edsla. Chcete toti\u017e v\u011bd\u011bt, kter\u00e1 \u010d\u00edsla skute\u010dn\u011b padaj\u00ed, abyste si mohli vybrat pr\u00e1v\u011b ta, kter\u00e1 V\u00e1s zabezpe\u010d\u00ed na cel\u00fd \u017eivot, \u017ee ano?<\/p>\n<h2>Jackpot Mega Millions<\/h2>\n<p><img decoding=\"async\" class=\"size-full wp-image alignright\" src=\"https:\/\/content.redfoxlotto.com\/uploads\/sites\/9\/1_results_mega_millions.jpg\" alt=\"v\u00fdsledky loterie\"><\/p>\n<p>Minim\u00e1ln\u00ed jackpot v loterii Mega Millions je 40 milion\u016f dolar\u016f. To znamen\u00e1, \u017ee pokud dnes n\u011bkdo vyhraje jackpot, pak p\u0159i p\u0159\u00ed\u0161t\u00edm losov\u00e1n\u00ed bude za\u010d\u00ednat na 40 milionech dolar\u016f. Nejmen\u0161\u00ed \u010d\u00e1stka (samoz\u0159ejm\u011b p\u0159ed zdan\u011bn\u00edm), kterou m\u016f\u017eete vyhr\u00e1t, je 40 milion\u016f dolar\u016f. A to se ned\u011bje \u010dasto, proto\u017ee v\u011bt\u0161ina lid\u00ed tento jackpot nevyhraje ve chv\u00edli, kdy\u017e je na nejni\u017e\u0161\u00ed \u00farovni. Sp\u00ed\u0161e maj\u00ed tendenci vyhr\u00e1vat jackpot, kdy\u017e je o n\u011bco vy\u0161\u0161\u00ed.<\/p>\n<p>Pravdou je, \u017ee jackpot se pro americk\u00e9 Mega Millions USA pom\u011brn\u011b rychle zv\u011bt\u0161\u00ed. A jackpot nen\u00ed omezen co se t\u00fdk\u00e1 jeho velikosti. Obrovsk\u00e9 \u010d\u00e1stky se zde akumuluj\u00ed v kr\u00e1tk\u00e9m \u010dase. <a href=\"https:\/\/redfoxlotto.com\/cs\/loterie\/mega-millions\/\">Nejvy\u0161\u0161\u00ed jackpot hry Mega Millions<\/a>, na kter\u00fd kdy kdo dos\u00e1hl, <strong>je v\u00edce ne\u017e 1,5 miliardy dolar\u016f<\/strong>! To byla suma, kterou cht\u011bli v\u0161ichni v USA vyhr\u00e1t a d\u016fkazem toho byly miliony prodan\u00fdch tiket\u016f, ale nyn\u00ed jsou zde i dal\u0161\u00ed, kte\u0159\u00ed se mohou st\u00e1t sou\u010d\u00e1st\u00ed. Nyn\u00ed m\u00e1te mo\u017enost zkusit to tak\u00e9.<\/p>\n<h2>\u00darovn\u011b v\u00fdher ve h\u0159e Mega Millions<\/h2>\n<p><img decoding=\"async\" class=\"size-full wp-image alignright\" src=\"https:\/\/content.redfoxlotto.com\/uploads\/sites\/9\/1_lottery_winner_is2.jpg\" alt=\"jackpot Mega Millions\"><br \/>\nZ na\u0161\u00ed tabulky m\u016f\u017eete tak\u00e9 vid\u011bt dostupn\u00e9 \u00farovn\u011b v\u00fdher jejich v\u00fd\u0161i. Existuje mnoho r\u016fzn\u00fdch zp\u016fsob\u016f, jak vyhr\u00e1t, kdy\u017e hrajete hru Mega Millions. Pokud chcete vyhr\u00e1t jackpot, mus\u00edte se v\u0161echna Va\u0161e \u010d\u00edsla shodovat s ta\u017een\u00fdmi \u010d\u00edsly. To bude ur\u010dit\u011b n\u00e1ro\u010dn\u00e9 a vy\u017eadovat notnou d\u00e1vku \u0161t\u011bst\u00ed, ale existuj\u00ed zde je\u0161t\u011b dal\u0161\u00ed zp\u016fsoby, jak vyhr\u00e1t.<\/p>\n<p>P\u0159edstavili jsme ka\u017ed\u00fd ze zp\u016fsob\u016f, jak m\u016f\u017eete vyhr\u00e1t jakoukoli cenu ve h\u0159e Mega Millions. Kdy\u017e se d\u00edv\u00e1te na <a href=\"https:\/\/redfoxlotto.com\/cs\/vysledky\/\">v\u00fdsledky<\/a> hry Mega Millions a v\u00fdhern\u00ed \u010d\u00edsla, uvid\u00edte pr\u00e1v\u011b ta, kter\u00e1 lid\u00e9 pot\u0159ebovali k v\u00fdh\u0159e jackpotu a tak m\u016f\u017eete zkusit pou\u017e\u00edt n\u011bkter\u00e1 z t\u011bchto \u010d\u00edsel nebo sv\u00e1 vlastn\u00ed \u010d\u00edsla nebo cokoli jin\u00e9ho, abyste si hru vyzkou\u0161eli a vyhr\u00e1li tak\u00e9 jednu z cen.<\/p>\n<p>Koneckonc\u016f, ve h\u0159e Mega Millions m\u016f\u017eete skute\u010dn\u011b vyhr\u00e1t, pokud se V\u00e1m \u010d\u00edslo na tiketu shoduje pouze s jedn\u00edm \u010d\u00edslem, tzv. MegaBall, nebo pokud se shodujete pouze se 2 b\u011b\u017en\u00fdmi \u010d\u00edsly. To znamen\u00e1, \u017ee m\u00e1te slu\u0161nou \u0161anci z\u00edskat n\u011bco zp\u011bt za sv\u00e9 pen\u00edze.<\/p>\n<h2>Nejv\u00edce a nejm\u00e9n\u011b ta\u017een\u00e1 \u010d\u00edsla<\/h2>\n<p>N\u00e1\u0161 archiv m\u016f\u017ee b\u00fdt tak\u00e9 u\u017eite\u010dn\u00fd, pokud chcete naj\u00edt \u010d\u00edsla s v\u011bt\u0161\u00ed \u0161anc\u00ed. Zde jsou \u010d\u00edsla pro Mega Millions Lotto:<\/p>\n<p>\u010c\u00edsla 29, 4, 48 a 36 jsou nej\u010dast\u011bji ta\u017een\u00e1 \u010d\u00edsla ve h\u0159e Mega Millions. \u010c\u00edslo 48 bylo od roku 2005 ta\u017eeno v\u00edce ne\u017e 80kr\u00e1t. Nejobl\u00edben\u011bj\u0161\u00ed \u010d\u00edsla MegaBall byla 35, 9, 36 a 7.<\/p>\n<p>Tak\u017ee pokud se chyst\u00e1te pou\u017e\u00edt ta nejobl\u00edben\u011bj\u0161\u00ed \u010d\u00edsla, tak pr\u00e1v\u011b v\u00fd\u0161e uveden\u00e1 jsou ta, na kter\u00e1 byste se m\u011bli bl\u00ed\u017ee pod\u00edvat. Chcete m\u00edt p\u0159eci jistotu, \u017ee d\u011bl\u00e1te maximum pro Va\u0161i v\u00fdhru.<\/p>\n<h2>Hran\u00ed hry Mega Millions<\/h2>\n<p>Pokud jste p\u0159ipraveni za\u010d\u00edt hr\u00e1t hru Mega Millions, ale nejste z USA, budete pot\u0159ebovat naj\u00edt zp\u016fsob, jak si koupit l\u00edstek, \u017ee? Mus\u00edte v\u011bd\u011bt, jak se do tohoto procesu zapojit. Ve skute\u010dnosti je to mnohem jednodu\u0161\u0161\u00ed, ne\u017e jste si mysleli, proto\u017ee se o to m\u016f\u017eeme postarat za V\u00e1s. Pom\u016f\u017eeme V\u00e1m z\u00edskat tiket, kter\u00fd chcete, ne jen tak n\u011bjak\u00fd tiket.<\/p>\n<p>Pokud si vyberete sv\u00e1 \u010d\u00edsla, uvid\u00edte, kolik jich pot\u0159ebujete, a my V\u00e1m d\u00e1me v\u011bd\u011bt, pokud jich budete m\u00edt p\u0159\u00edli\u0161 m\u00e1lo nebo p\u0159\u00edli\u0161 mnoho. M\u00e1te tak\u00e9 mo\u017enost z\u00edskat tzv. Quick Pick, kdy V\u00e1m n\u00e1hodn\u011b p\u0159i\u0159ad\u00ed \u010d\u00edsla, nebo m\u016f\u017eete pou\u017e\u00edt kombinaci t\u011bchto dvou a z\u00edskat n\u011bkter\u00e1 n\u00e1hodn\u011b p\u0159i\u0159azen\u00e1 \u010d\u00edsla a n\u011bkter\u00e1, kter\u00e1 si sami vyberete. Pot\u00e9 vypln\u00edte kombinace pro po\u017eadovan\u00fd po\u010det tiket\u016f. D\u00e1le si mus\u00edte u n\u00e1s zalo\u017eit \u00fa\u010det a rozhodnout se, jak za tikety zaplat\u00edte. Koup\u00edte si tikety a Va\u0161e \u010d\u00e1st je hotov\u00e1. Odtud u\u017e se postar\u00e1me o to, aby se tiket dostal k V\u00e1m.<\/p>\n<p>Tiket se dokonce zobraz\u00ed p\u0159\u00edmo na Va\u0161em \u00fa\u010dtu a Vy budete moci zjistit, zda vyhr\u00e1v\u00e1te, proto\u017ee v na\u0161em syst\u00e9mu je hled\u00e1n\u00ed v\u00fdsledk\u016f hry Mega Millions a v\u00fdhern\u00edch \u010d\u00edsel velice snadn\u00e9. Kdy\u017e zkontrolujete sv\u00e9 vstupenky po ukon\u010den\u00ed slosov\u00e1n\u00ed, budou zv\u00fdrazn\u011bna v\u0161echna odpov\u00eddaj\u00edc\u00ed \u010d\u00edsla na Va\u0161em tiketu. T\u00edmto zp\u016fsobem m\u016f\u017eete snadno zjistit, kolik shodn\u00fdch \u010d\u00edsel m\u00e1te!<\/p>\n","protected":false},"excerpt":{"rendered":"<p>Hled\u00e1te posledn\u00ed v\u00fdsledky slosov\u00e1n\u00ed hry Mega Millions USA? Zde je najdete, stejn\u011b jako archiv s \u010d\u00edsly p\u0159edchoz\u00edch slosov\u00e1n\u00ed. Vyhr\u00e1t jackpot Mega Millions je snem ka\u017ed\u00e9ho hr\u00e1\u010de loterie a odm\u011bnou m\u016f\u017eou b\u00fdt \u010dasto i stovky milion\u016f dolar\u016f! To je ur\u010dit\u011b d\u016fvod, pro\u010d se d\u00edv\u00e1te na v\u00fdsledky hry Mega Millions a ta\u017een\u00e1 v\u00fdhern\u00ed \u010d\u00edsla. Chcete toti\u017e v\u011bd\u011bt, [&hellip;]<\/p>\n","protected":false},"author":1,"featured_media":0,"parent":5774,"menu_order":2,"comment_status":"closed","ping_status":"closed","template":"megamillion-results.php","meta":{"_et_pb_use_builder":"","_et_pb_old_content":"","_et_gb_content_width":"","exclude_from_search":false,"footnotes":""},"class_list":["post-5777","page","type-page","status-publish","hentry"],"yoast_head":"<!-- This site is optimized with the Yoast SEO plugin v23.8 - https:\/\/yoast.com\/wordpress\/plugins\/seo\/ -->\n<title>V\u00edt\u011bzn\u00e1 \u010d\u00edsla a v\u00fdsledky hry Mega Millions<\/title>\n<meta name=\"description\" content=\"Pod\u00edvejte se na v\u00fdhern\u00ed \u010d\u00edsla na na\u0161\u00ed str\u00e1nce s v\u00fdsledky hry Mega Millions, s archivem minul\u00fdch slosov\u00e1n\u00ed\" \/>\n<meta name=\"robots\" content=\"index, follow, max-snippet:-1, max-image-preview:large, max-video-preview:-1\" \/>\n<link rel=\"canonical\" href=\"https:\/\/redfoxlotto.com\/cs\/vysledky\/mega-millions\/\" \/>\n<meta property=\"og:locale\" content=\"cs_CZ\" \/>\n<meta property=\"og:type\" content=\"article\" \/>\n<meta property=\"og:title\" content=\"V\u00edt\u011bzn\u00e1 \u010d\u00edsla a v\u00fdsledky hry Mega Millions\" \/>\n<meta property=\"og:description\" content=\"Pod\u00edvejte se na v\u00fdhern\u00ed \u010d\u00edsla na na\u0161\u00ed str\u00e1nce s v\u00fdsledky hry Mega Millions, s archivem minul\u00fdch slosov\u00e1n\u00ed\" \/>\n<meta property=\"og:url\" content=\"https:\/\/redfoxlotto.com\/cs\/vysledky\/mega-millions\/\" \/>\n<meta property=\"og:site_name\" content=\"Get Tickets for the World\u2019s largest jackpots\" \/>\n<meta property=\"article:modified_time\" content=\"2025-12-18T06:32:26+00:00\" \/>\n<meta property=\"og:image\" content=\"https:\/\/content.redfoxlotto.com\/uploads\/sites\/9\/1_results_mega_millions.jpg\" \/>\n<meta name=\"twitter:card\" content=\"summary_large_image\" \/>\n<meta name=\"twitter:label1\" content=\"Odhadovan\u00e1 doba \u010dten\u00ed\" \/>\n\t<meta name=\"twitter:data1\" content=\"4 minuty\" \/>\n<script type=\"application\/ld+json\" class=\"yoast-schema-graph\">{\"@context\":\"https:\/\/schema.org\",\"@graph\":[{\"@type\":\"WebPage\",\"@id\":\"https:\/\/redfoxlotto.com\/cs\/vysledky\/mega-millions\/\",\"url\":\"https:\/\/redfoxlotto.com\/cs\/vysledky\/mega-millions\/\",\"name\":\"V\u00edt\u011bzn\u00e1 \u010d\u00edsla a v\u00fdsledky hry Mega Millions\",\"isPartOf\":{\"@id\":\"https:\/\/redfoxlotto.com\/cs\/#website\"},\"primaryImageOfPage\":{\"@id\":\"https:\/\/redfoxlotto.com\/cs\/vysledky\/mega-millions\/#primaryimage\"},\"image\":{\"@id\":\"https:\/\/redfoxlotto.com\/cs\/vysledky\/mega-millions\/#primaryimage\"},\"thumbnailUrl\":\"https:\/\/content.redfoxlotto.com\/uploads\/sites\/9\/1_results_mega_millions.jpg\",\"datePublished\":\"2018-11-18T08:54:25+00:00\",\"dateModified\":\"2025-12-18T06:32:26+00:00\",\"description\":\"Pod\u00edvejte se na v\u00fdhern\u00ed \u010d\u00edsla na na\u0161\u00ed str\u00e1nce s v\u00fdsledky hry Mega Millions, s archivem minul\u00fdch slosov\u00e1n\u00ed\",\"breadcrumb\":{\"@id\":\"https:\/\/redfoxlotto.com\/cs\/vysledky\/mega-millions\/#breadcrumb\"},\"inLanguage\":\"cs\",\"potentialAction\":[{\"@type\":\"ReadAction\",\"target\":[\"https:\/\/redfoxlotto.com\/cs\/vysledky\/mega-millions\/\"]}]},{\"@type\":\"ImageObject\",\"inLanguage\":\"cs\",\"@id\":\"https:\/\/redfoxlotto.com\/cs\/vysledky\/mega-millions\/#primaryimage\",\"url\":\"https:\/\/content.redfoxlotto.com\/uploads\/sites\/9\/1_results_mega_millions.jpg\",\"contentUrl\":\"https:\/\/content.redfoxlotto.com\/uploads\/sites\/9\/1_results_mega_millions.jpg\"},{\"@type\":\"BreadcrumbList\",\"@id\":\"https:\/\/redfoxlotto.com\/cs\/vysledky\/mega-millions\/#breadcrumb\",\"itemListElement\":[{\"@type\":\"ListItem\",\"position\":1,\"name\":\"Home\",\"item\":\"https:\/\/redfoxlotto.com\/cs\/\"},{\"@type\":\"ListItem\",\"position\":2,\"name\":\"V\u00fdsledky mezin\u00e1rodn\u00ed loterie\",\"item\":\"https:\/\/redfoxlotto.com\/cs\/vysledky\/\"},{\"@type\":\"ListItem\",\"position\":3,\"name\":\"V\u00fdsledky hry Mega Millions\"}]},{\"@type\":\"WebSite\",\"@id\":\"https:\/\/redfoxlotto.com\/cs\/#website\",\"url\":\"https:\/\/redfoxlotto.com\/cs\/\",\"name\":\"Get Tickets for the World\u2019s largest jackpots\",\"description\":\"Participate in worldwide lottery jackpots from any country\",\"publisher\":{\"@id\":\"https:\/\/redfoxlotto.com\/cs\/#organization\"},\"potentialAction\":[{\"@type\":\"SearchAction\",\"target\":{\"@type\":\"EntryPoint\",\"urlTemplate\":\"https:\/\/redfoxlotto.com\/cs\/?s={search_term_string}\"},\"query-input\":{\"@type\":\"PropertyValueSpecification\",\"valueRequired\":true,\"valueName\":\"search_term_string\"}}],\"inLanguage\":\"cs\"},{\"@type\":\"Organization\",\"@id\":\"https:\/\/redfoxlotto.com\/cs\/#organization\",\"name\":\"Get Tickets for the World\u2019s largest jackpots\",\"url\":\"https:\/\/redfoxlotto.com\/cs\/\",\"logo\":{\"@type\":\"ImageObject\",\"inLanguage\":\"cs\",\"@id\":\"https:\/\/redfoxlotto.com\/cs\/#\/schema\/logo\/image\/\",\"url\":\"https:\/\/redfoxlotto.com\/wp-content\/uploads\/2023\/04\/logo.png\",\"contentUrl\":\"https:\/\/redfoxlotto.com\/wp-content\/uploads\/2023\/04\/logo.png\",\"width\":269,\"height\":53,\"caption\":\"Get Tickets for the World\u2019s largest jackpots\"},\"image\":{\"@id\":\"https:\/\/redfoxlotto.com\/cs\/#\/schema\/logo\/image\/\"}}]}<\/script>\n<!-- \/ Yoast SEO plugin. -->","yoast_head_json":{"title":"V\u00edt\u011bzn\u00e1 \u010d\u00edsla a v\u00fdsledky hry Mega Millions","description":"Pod\u00edvejte se na v\u00fdhern\u00ed \u010d\u00edsla na na\u0161\u00ed str\u00e1nce s v\u00fdsledky hry Mega Millions, s archivem minul\u00fdch slosov\u00e1n\u00ed","robots":{"index":"index","follow":"follow","max-snippet":"max-snippet:-1","max-image-preview":"max-image-preview:large","max-video-preview":"max-video-preview:-1"},"canonical":"https:\/\/redfoxlotto.com\/cs\/vysledky\/mega-millions\/","og_locale":"cs_CZ","og_type":"article","og_title":"V\u00edt\u011bzn\u00e1 \u010d\u00edsla a v\u00fdsledky hry Mega Millions","og_description":"Pod\u00edvejte se na v\u00fdhern\u00ed \u010d\u00edsla na na\u0161\u00ed str\u00e1nce s v\u00fdsledky hry Mega Millions, s archivem minul\u00fdch slosov\u00e1n\u00ed","og_url":"https:\/\/redfoxlotto.com\/cs\/vysledky\/mega-millions\/","og_site_name":"Get Tickets for the World\u2019s largest jackpots","article_modified_time":"2025-12-18T06:32:26+00:00","og_image":[{"url":"https:\/\/content.redfoxlotto.com\/uploads\/sites\/9\/1_results_mega_millions.jpg"}],"twitter_card":"summary_large_image","twitter_misc":{"Odhadovan\u00e1 doba \u010dten\u00ed":"4 minuty"},"schema":{"@context":"https:\/\/schema.org","@graph":[{"@type":"WebPage","@id":"https:\/\/redfoxlotto.com\/cs\/vysledky\/mega-millions\/","url":"https:\/\/redfoxlotto.com\/cs\/vysledky\/mega-millions\/","name":"V\u00edt\u011bzn\u00e1 \u010d\u00edsla a v\u00fdsledky hry Mega Millions","isPartOf":{"@id":"https:\/\/redfoxlotto.com\/cs\/#website"},"primaryImageOfPage":{"@id":"https:\/\/redfoxlotto.com\/cs\/vysledky\/mega-millions\/#primaryimage"},"image":{"@id":"https:\/\/redfoxlotto.com\/cs\/vysledky\/mega-millions\/#primaryimage"},"thumbnailUrl":"https:\/\/content.redfoxlotto.com\/uploads\/sites\/9\/1_results_mega_millions.jpg","datePublished":"2018-11-18T08:54:25+00:00","dateModified":"2025-12-18T06:32:26+00:00","description":"Pod\u00edvejte se na v\u00fdhern\u00ed \u010d\u00edsla na na\u0161\u00ed str\u00e1nce s v\u00fdsledky hry Mega Millions, s archivem minul\u00fdch slosov\u00e1n\u00ed","breadcrumb":{"@id":"https:\/\/redfoxlotto.com\/cs\/vysledky\/mega-millions\/#breadcrumb"},"inLanguage":"cs","potentialAction":[{"@type":"ReadAction","target":["https:\/\/redfoxlotto.com\/cs\/vysledky\/mega-millions\/"]}]},{"@type":"ImageObject","inLanguage":"cs","@id":"https:\/\/redfoxlotto.com\/cs\/vysledky\/mega-millions\/#primaryimage","url":"https:\/\/content.redfoxlotto.com\/uploads\/sites\/9\/1_results_mega_millions.jpg","contentUrl":"https:\/\/content.redfoxlotto.com\/uploads\/sites\/9\/1_results_mega_millions.jpg"},{"@type":"BreadcrumbList","@id":"https:\/\/redfoxlotto.com\/cs\/vysledky\/mega-millions\/#breadcrumb","itemListElement":[{"@type":"ListItem","position":1,"name":"Home","item":"https:\/\/redfoxlotto.com\/cs\/"},{"@type":"ListItem","position":2,"name":"V\u00fdsledky mezin\u00e1rodn\u00ed loterie","item":"https:\/\/redfoxlotto.com\/cs\/vysledky\/"},{"@type":"ListItem","position":3,"name":"V\u00fdsledky hry Mega Millions"}]},{"@type":"WebSite","@id":"https:\/\/redfoxlotto.com\/cs\/#website","url":"https:\/\/redfoxlotto.com\/cs\/","name":"Get Tickets for the World\u2019s largest jackpots","description":"Participate in worldwide lottery jackpots from any country","publisher":{"@id":"https:\/\/redfoxlotto.com\/cs\/#organization"},"potentialAction":[{"@type":"SearchAction","target":{"@type":"EntryPoint","urlTemplate":"https:\/\/redfoxlotto.com\/cs\/?s={search_term_string}"},"query-input":{"@type":"PropertyValueSpecification","valueRequired":true,"valueName":"search_term_string"}}],"inLanguage":"cs"},{"@type":"Organization","@id":"https:\/\/redfoxlotto.com\/cs\/#organization","name":"Get Tickets for the World\u2019s largest jackpots","url":"https:\/\/redfoxlotto.com\/cs\/","logo":{"@type":"ImageObject","inLanguage":"cs","@id":"https:\/\/redfoxlotto.com\/cs\/#\/schema\/logo\/image\/","url":"https:\/\/redfoxlotto.com\/wp-content\/uploads\/2023\/04\/logo.png","contentUrl":"https:\/\/redfoxlotto.com\/wp-content\/uploads\/2023\/04\/logo.png","width":269,"height":53,"caption":"Get Tickets for the World\u2019s largest jackpots"},"image":{"@id":"https:\/\/redfoxlotto.com\/cs\/#\/schema\/logo\/image\/"}}]}},"_links":{"self":[{"href":"https:\/\/redfoxlotto.com\/cs\/wp-json\/wp\/v2\/pages\/5777","targetHints":{"allow":["GET"]}}],"collection":[{"href":"https:\/\/redfoxlotto.com\/cs\/wp-json\/wp\/v2\/pages"}],"about":[{"href":"https:\/\/redfoxlotto.com\/cs\/wp-json\/wp\/v2\/types\/page"}],"author":[{"embeddable":true,"href":"https:\/\/redfoxlotto.com\/cs\/wp-json\/wp\/v2\/users\/1"}],"replies":[{"embeddable":true,"href":"https:\/\/redfoxlotto.com\/cs\/wp-json\/wp\/v2\/comments?post=5777"}],"version-history":[{"count":0,"href":"https:\/\/redfoxlotto.com\/cs\/wp-json\/wp\/v2\/pages\/5777\/revisions"}],"up":[{"embeddable":true,"href":"https:\/\/redfoxlotto.com\/cs\/wp-json\/wp\/v2\/pages\/5774"}],"wp:attachment":[{"href":"https:\/\/redfoxlotto.com\/cs\/wp-json\/wp\/v2\/media?parent=5777"}],"curies":[{"name":"wp","href":"https:\/\/api.w.org\/{rel}","templated":true}]}}