{"id":5776,"date":"2018-11-18T08:54:25","date_gmt":"2018-11-18T08:54:25","guid":{"rendered":"https:\/\/redfoxlotto.com\/?page_id=782"},"modified":"2025-12-17T14:39:32","modified_gmt":"2025-12-17T14:39:32","slug":"euromillions","status":"publish","type":"page","link":"https:\/\/redfoxlotto.com\/cs\/vysledky\/euromillions\/","title":{"rendered":"V\u00fdsledky hry Euromillions a minul\u00e1 v\u00fdhern\u00ed \u010d\u00edsla"},"content":{"rendered":"<script type=\"application\/ld+json\">\r\n{\r\n  \"@context\": \"https:\/\/schema.org\",\r\n  \"@type\": \"Service\",\r\n  \"name\": \"Kontrola v\u00fdsledk\u016f Euromillions online\",\r\n  \"url\": \"https:\/\/redfoxlotto.com\/cs\/vysledky\/euromillions\/\",\r\n  \"description\": \"Nav\u0161tivte RedFoxLotto a zkontrolujte nejnov\u011bj\u0161\u00ed i archivovan\u00e9 v\u00fdsledky Euromillions.\",\r\n  \"serviceType\": \"Celosv\u011btov\u00fd archiv loterijn\u00edch v\u00fdsledk\u016f\",\r\n  \"provider\": {\r\n    \"@type\": \"Organization\",\r\n    \"name\": \"RedFoxLotto\",\r\n    \"url\": \"https:\/\/redfoxlotto.com\",\r\n    \"image\": \"https:\/\/redfoxlotto.com\/wp-content\/uploads\/2025\/12\/ticket_scans.jpg\",\r\n    \"sameAs\": []\r\n  },\r\n  \"areaServed\": \"Worldwide\",\r\n  \"termsOfService\": \"https:\/\/redfoxlotto.com\/terms-and-conditions\",\r\n  \"additionalProperty\": {\r\n    \"@type\": \"PropertyValue\",\r\n    \"name\": \"FAQ\",\r\n    \"value\": \"https:\/\/redfoxlotto.com\/cs\/vysledky\/euromillions\/\"\r\n  },\r\n  \"hasOfferCatalog\": {\r\n    \"@type\": \"OfferCatalog\",\r\n    \"name\": \"V\u00fdsledky Euromillions\",\r\n    \"itemListElement\": [{\r\n      \"@type\": \"Offer\",\r\n      \"name\": \"V\u00fdsledky Euromillions\",\r\n      \"url\": \"https:\/\/redfoxlotto.com\/cs\/vysledky\/euromillions\/\",\r\n      \"description\": \"Aktu\u00e1ln\u00ed a star\u0161\u00ed v\u00fdsledky Euromillions.\",\r\n      \"itemOffered\": {\r\n        \"@type\": \"Service\",\r\n        \"name\": \"V\u00fdsledky Euromillions\",\r\n        \"description\": \"Ta\u017een\u00e1 \u010d\u00edsla Euromillions.\"\r\n      }\r\n    }]\r\n  },\r\n  \"mainEntityOfPage\": {\r\n    \"@type\": \"WebPage\",\r\n    \"@id\": \"https:\/\/redfoxlotto.com\/cs\/vysledky\/euromillions\/\"\r\n  }\r\n}\r\n<\/script><p>Na t\u00e9to str\u00e1nce uv\u00e1d\u00edme seznam v\u00fdsledk\u016f slosov\u00e1n\u00ed hry <a href=\"https:\/\/redfoxlotto.com\/cs\/loterie\/euromillions\/\">Euromillions<\/a>. <strong>Vyhr\u00e1l V\u00e1\u0161 tiket? Gratulujeme!<\/strong><\/p><p>Vyu\u017eijte n\u00e1\u0161 archiv v\u00fdsledk\u016f, kde m\u016f\u017eete z\u00edskat informace o tom, kter\u00e1 \u010d\u00edsla dlouho nevyhr\u00e1la.<\/p><p><img decoding=\"async\" class=\"size-full wp-image alignright\" src=\"https:\/\/content.redfoxlotto.com\/uploads\/sites\/9\/1_results_mega_millions.jpg\" alt=\"v\u00fdsledky loterie\" \/><\/p><p>Hr\u00e1li jste hru Euromillions? Mo\u017en\u00e1 jste si nikdy nekoupili tiket p\u0159ed t\u00edmto posledn\u00edm nebo mo\u017en\u00e1 hrajete st\u00e1le. Bez ohledu na to, jak \u010dasto hrajete, ur\u010dit\u011b chcete zn\u00e1t v\u00fdsledky hry Euromillions, \u017ee? Ur\u010dit\u011b budete cht\u00edt v\u011bd\u011bt, jestli jste n\u011bco vyhr\u00e1li a kolik, zat\u00edmco jste na na\u0161ich str\u00e1nk\u00e1ch. Ve skute\u010dnosti je velmi snadn\u00e9 naj\u00edt v\u00fdsledky a zjistit, jak nalo\u017e\u00edte s Va\u0161\u00ed v\u00fdhrou, a\u0165 u\u017e je mal\u00e1 nebo jste vyhr\u00e1li n\u011bco v\u011bt\u0161\u00edho.<\/p>\r\n<h2>EuroMillions a UK Millionaire Maker<\/h2>\r\n<p>Hr\u00e1\u010di plat\u00ed o n\u011bco v\u00edce, proto\u017ee losy EuroMillions se kupuj\u00ed ve Velk\u00e9 Brit\u00e1nii. D\u016fvodem je skute\u010dnost, \u017ee tikety ve Spojen\u00e9m kr\u00e1lovstv\u00ed jsou automaticky za\u0159azeny do slosov\u00e1n\u00ed Millionaire Maker, kter\u00e9 poskytuje dal\u0161\u00ed p\u0159\u00edle\u017eitost vyhr\u00e1t odm\u011bnu ve v\u00fd\u0161i 1 milionu liber.<\/p>\r\n<p>Millionaire Maker funguje tak, \u017ee pro ka\u017ed\u00fd zakoupen\u00fd tiket vygeneruje jedine\u010dn\u00fd k\u00f3d. Tento k\u00f3d se skl\u00e1d\u00e1 ze \u010dty\u0159 p\u00edsmen a p\u011bti \u010d\u00edsel (nap\u0159. ABCD12345). V ka\u017ed\u00e9m losov\u00e1n\u00ed je n\u00e1hodn\u011b vybr\u00e1n jeden nebo v\u00edce t\u011bchto k\u00f3d\u016f a majitel tiketu se shodn\u00fdm k\u00f3dem okam\u017eit\u011b vyhr\u00e1v\u00e1 1 milion liber bez ohledu na hlavn\u00ed vylosovan\u00e1 \u010d\u00edsla EuroMillions.<\/p>\r\n<p>D\u00edky t\u00e9to funkci je hran\u00ed EuroMillions ve Velk\u00e9 Brit\u00e1nii obzvl\u00e1\u0161t\u011b atraktivn\u00ed, proto\u017ee poskytuje dal\u0161\u00ed p\u0159\u00edle\u017eitost vyhr\u00e1t v\u00fdznamnou v\u00fdhru nad r\u00e1mec standardn\u00edho jackpotu a odm\u011bn ni\u017e\u0161\u00ed \u00farovn\u011b.<\/p><h2 class=\"wp-block-heading\">Vyhr\u00e1li jste?<\/h2><p><img decoding=\"async\" class=\"size-full wp-image alignright\" src=\"https:\/\/content.redfoxlotto.com\/uploads\/sites\/9\/1_lottery_winner_is2.jpg\" alt=\"jackpot Mega Millions\" \/><\/p><p>Pokud jste zv\u011bdav\u00ed, jestli jste vyhr\u00e1li, chcete ur\u010dit\u011b v\u011bd\u011bt, kde je mo\u017en\u00e9 zkontrolovat <a href=\"https:\/\/redfoxlotto.com\/cs\/vysledky\/\">v\u00fdsledky<\/a>. Je to vlastn\u011b velice jednoduch\u00e9, proto\u017ee n\u011bkter\u00e9 z nejb\u011b\u017en\u011bj\u0161\u00edch zp\u016fsob\u016f, jak zkontrolovat loterii, je pod\u00edvat se do novin, sledovat tah \u017eiv\u011b nebo se pod\u00edvat na str\u00e1nky online. Online str\u00e1nky v\u0161ak mohou b\u00fdt ve skute\u010dnosti je\u0161t\u011b lep\u0161\u00ed ne\u017e n\u011bkter\u00e9 jin\u00e9 mo\u017enosti, zejm\u00e9na pokud kontrolujete \u010d\u00edsla z webu, na kter\u00e9m jste si tiket zakoupili. D\u016fvodem je to, \u017ee v\u00e1s \u010dasto informuj\u00ed o tom, jak\u00e1 jsou v\u00edt\u011bzn\u00e1 \u010d\u00edsla a jak\u00e1 z Va\u0161ich \u010d\u00edsel se shoduj\u00ed. To RedFoxLotto.com tak\u00e9 nab\u00edz\u00ed.<\/p><p>Kdy\u017e se m\u016f\u017eete pod\u00edvat na v\u00fdhern\u00ed \u010d\u00edsla a z\u00e1rove\u0148 snadno vid\u011bt sv\u00e1 \u010d\u00edsla, budete je moci l\u00e9pe porovnat a pak pro V\u00e1s bude velmi snadn\u00e9 zjistit, co jste vyhr\u00e1li. St\u00e1le v\u0161ak chcete zpracovat Va\u0161i v\u00fdhru co nejjednodu\u0161\u0161\u00edm zp\u016fsobem. Sta\u010d\u00ed chvilku prozkoumat online slu\u017eby, kter\u00e9 nab\u00edz\u00edme, a uvid\u00edte, \u017ee je velice snadn\u00e9 z\u00edskat v\u00fdhru. Tak\u00e9 si nemus\u00edte d\u011blat starosti se skute\u010dnost\u00ed, \u017ee jste ze zcela jin\u00e9 zem\u011b a nem\u016f\u017eete si prost\u011b zaj\u00edt do obchodu nebo loterijn\u00edho centra pro Va\u0161i v\u00fdhru.<\/p><h2 class=\"wp-block-heading\">Uplatn\u011bn\u00ed Va\u0161\u00ed V\u00fdhry<\/h2><p>Pokud vyhrajete v <a href=\"https:\/\/redfoxlotto.com\/cs\/loterie\/\">loterii, kterou hrajete online<\/a>, je stejn\u011b snadn\u00e9 uplatnit Va\u0161i v\u00fdhru, jako kdybyste \u017eili ve stejn\u00e9 zemi. Sta\u010d\u00ed jen zkontrolovat sv\u016fj tiket s v\u00fdsledkem slosov\u00e1n\u00ed a vyplatit sv\u00e9 v\u00fdhry. Tak\u017ee si zase m\u016f\u017eete d\u011blat, co chcete, s pen\u011bzi, kter\u00e9 jste vyhr\u00e1li. M\u016f\u017ee snad b\u00fdt n\u011bco lep\u0161\u00edho ne\u017e tohle?<\/p><p>Mal\u00e1 v\u00fdhra by V\u00e1m m\u011bla sta\u010dit k zakoupen\u00ed dal\u0161\u00edho tiketu. V\u011bt\u0161\u00ed v\u00fdhry u\u017e by sta\u010dily ke koupi toho, co byste opravdu cht\u011bli. Bez ohledu na to, co se V\u00e1m opravdu l\u00edb\u00ed, ur\u010dit\u011b se s n\u00e1mi budete dob\u0159e bavit hran\u00edm her a budete si moci vyzkou\u0161et i r\u016fzn\u00e9 typy her. Ve skute\u010dnosti existuje cel\u00e1 \u0159ada r\u016fzn\u00fdch her k hran\u00ed online. Tak\u017ee bez ohledu na to, kde skute\u010dn\u011b \u017eijete, budete m\u00edt p\u0159\u00edle\u017eitost hr\u00e1t hry, kter\u00e9 p\u0159ich\u00e1zej\u00ed ze zcela jin\u00fdch zem\u00ed.<\/p><p>P<strong>okud hled\u00e1te nejnov\u011bj\u0161\u00ed v\u00fdsledky hry <a href=\"https:\/\/redfoxlotto.com\/cs\/loterie\/euromillions\/\">Euromillions<\/a>,<\/strong> pak byste se m\u011bli pod\u00edvat na ofici\u00e1ln\u00ed webovou str\u00e1nku, nebo byste si mohli zkontrolovat m\u00edstn\u00ed noviny pro oblasti, kde se hra hraje. M\u016f\u017eete se tak\u00e9 pod\u00edvat na web, kter\u00fd jste pou\u017eili k zakoupen\u00ed tiketu (pokud jste si zakoupili online), nebo se m\u016f\u017eete pod\u00edvat na RedFoxLotto.com. Budete zde moci naj\u00edt v\u00fdsledky, a pokud jste si zakoupili tiket prost\u0159ednictv\u00edm t\u00e9to slu\u017eby, budete moci porovnat \u010d\u00edsla na Va\u0161em tiketu s v\u00fdhern\u00edmi \u010d\u00edsly a zjistit, zda jste n\u011bco vyhr\u00e1li.<\/p><p>A\u017e budete p\u0159ipraveni hr\u00e1t dal\u0161\u00ed kolo, sta\u010d\u00ed jen vymyslet \u010d\u00edsla, kter\u00e1 chcete hr\u00e1t, a pak u\u017e nebude probl\u00e9m z\u00edskat tiket a pono\u0159it se p\u0159\u00edmo do sv\u00e9 obl\u00edben\u00e9 hry. Hra Euromillions nen\u00ed jedinou mo\u017enost\u00ed, ale rozhodn\u011b V\u00e1m d\u00e1 \u0161anci na skv\u011bl\u00fd jackpot.<\/p>","protected":false},"excerpt":{"rendered":"<p>Na t\u00e9to str\u00e1nce uv\u00e1d\u00edme seznam v\u00fdsledk\u016f slosov\u00e1n\u00ed hry Euromillions. Vyhr\u00e1l V\u00e1\u0161 tiket? Gratulujeme! Vyu\u017eijte n\u00e1\u0161 archiv v\u00fdsledk\u016f, kde m\u016f\u017eete z\u00edskat informace o tom, kter\u00e1 \u010d\u00edsla dlouho nevyhr\u00e1la. Hr\u00e1li jste hru Euromillions? Mo\u017en\u00e1 jste si nikdy nekoupili tiket p\u0159ed t\u00edmto posledn\u00edm nebo mo\u017en\u00e1 hrajete st\u00e1le. Bez ohledu na to, jak \u010dasto hrajete, ur\u010dit\u011b chcete zn\u00e1t v\u00fdsledky [&hellip;]<\/p>\n","protected":false},"author":1,"featured_media":0,"parent":5774,"menu_order":3,"comment_status":"closed","ping_status":"closed","template":"euromillions-results.php","meta":{"_et_pb_use_builder":"","_et_pb_old_content":"","_et_gb_content_width":"","exclude_from_search":false,"footnotes":""},"class_list":["post-5776","page","type-page","status-publish","hentry"],"yoast_head":"<!-- This site is optimized with the Yoast SEO plugin v23.8 - https:\/\/yoast.com\/wordpress\/plugins\/seo\/ -->\n<title>V\u00fdsledky loterie Euromillions<\/title>\n<meta name=\"description\" content=\"V\u00fdsledky z posledn\u00edho a p\u0159edchoz\u00edho losov\u00e1n\u00ed Euromillions v\u0161e na jedn\u00e9 str\u00e1nce\" \/>\n<meta name=\"robots\" content=\"index, follow, max-snippet:-1, max-image-preview:large, max-video-preview:-1\" \/>\n<link rel=\"canonical\" href=\"https:\/\/redfoxlotto.com\/cs\/vysledky\/euromillions\/\" \/>\n<meta property=\"og:locale\" content=\"cs_CZ\" \/>\n<meta property=\"og:type\" content=\"article\" \/>\n<meta property=\"og:title\" content=\"V\u00fdsledky loterie Euromillions\" \/>\n<meta property=\"og:description\" content=\"V\u00fdsledky z posledn\u00edho a p\u0159edchoz\u00edho losov\u00e1n\u00ed Euromillions v\u0161e na jedn\u00e9 str\u00e1nce\" \/>\n<meta property=\"og:url\" content=\"https:\/\/redfoxlotto.com\/cs\/vysledky\/euromillions\/\" \/>\n<meta property=\"og:site_name\" content=\"Get Tickets for the World\u2019s largest jackpots\" \/>\n<meta property=\"article:modified_time\" content=\"2025-12-17T14:39:32+00:00\" \/>\n<meta property=\"og:image\" content=\"https:\/\/content.redfoxlotto.com\/uploads\/sites\/9\/1_results_mega_millions.jpg\" \/>\n<meta name=\"twitter:card\" content=\"summary_large_image\" \/>\n<meta name=\"twitter:label1\" content=\"Odhadovan\u00e1 doba \u010dten\u00ed\" \/>\n\t<meta name=\"twitter:data1\" content=\"4 minuty\" \/>\n<script type=\"application\/ld+json\" class=\"yoast-schema-graph\">{\"@context\":\"https:\/\/schema.org\",\"@graph\":[{\"@type\":\"WebPage\",\"@id\":\"https:\/\/redfoxlotto.com\/cs\/vysledky\/euromillions\/\",\"url\":\"https:\/\/redfoxlotto.com\/cs\/vysledky\/euromillions\/\",\"name\":\"V\u00fdsledky loterie Euromillions\",\"isPartOf\":{\"@id\":\"https:\/\/redfoxlotto.com\/cs\/#website\"},\"primaryImageOfPage\":{\"@id\":\"https:\/\/redfoxlotto.com\/cs\/vysledky\/euromillions\/#primaryimage\"},\"image\":{\"@id\":\"https:\/\/redfoxlotto.com\/cs\/vysledky\/euromillions\/#primaryimage\"},\"thumbnailUrl\":\"https:\/\/content.redfoxlotto.com\/uploads\/sites\/9\/1_results_mega_millions.jpg\",\"datePublished\":\"2018-11-18T08:54:25+00:00\",\"dateModified\":\"2025-12-17T14:39:32+00:00\",\"description\":\"V\u00fdsledky z posledn\u00edho a p\u0159edchoz\u00edho losov\u00e1n\u00ed Euromillions v\u0161e na jedn\u00e9 str\u00e1nce\",\"breadcrumb\":{\"@id\":\"https:\/\/redfoxlotto.com\/cs\/vysledky\/euromillions\/#breadcrumb\"},\"inLanguage\":\"cs\",\"potentialAction\":[{\"@type\":\"ReadAction\",\"target\":[\"https:\/\/redfoxlotto.com\/cs\/vysledky\/euromillions\/\"]}]},{\"@type\":\"ImageObject\",\"inLanguage\":\"cs\",\"@id\":\"https:\/\/redfoxlotto.com\/cs\/vysledky\/euromillions\/#primaryimage\",\"url\":\"https:\/\/content.redfoxlotto.com\/uploads\/sites\/9\/1_results_mega_millions.jpg\",\"contentUrl\":\"https:\/\/content.redfoxlotto.com\/uploads\/sites\/9\/1_results_mega_millions.jpg\"},{\"@type\":\"BreadcrumbList\",\"@id\":\"https:\/\/redfoxlotto.com\/cs\/vysledky\/euromillions\/#breadcrumb\",\"itemListElement\":[{\"@type\":\"ListItem\",\"position\":1,\"name\":\"Home\",\"item\":\"https:\/\/redfoxlotto.com\/cs\/\"},{\"@type\":\"ListItem\",\"position\":2,\"name\":\"V\u00fdsledky mezin\u00e1rodn\u00ed loterie\",\"item\":\"https:\/\/redfoxlotto.com\/cs\/vysledky\/\"},{\"@type\":\"ListItem\",\"position\":3,\"name\":\"V\u00fdsledky hry Euromillions a minul\u00e1 v\u00fdhern\u00ed \u010d\u00edsla\"}]},{\"@type\":\"WebSite\",\"@id\":\"https:\/\/redfoxlotto.com\/cs\/#website\",\"url\":\"https:\/\/redfoxlotto.com\/cs\/\",\"name\":\"Get Tickets for the World\u2019s largest jackpots\",\"description\":\"Participate in worldwide lottery jackpots from any country\",\"publisher\":{\"@id\":\"https:\/\/redfoxlotto.com\/cs\/#organization\"},\"potentialAction\":[{\"@type\":\"SearchAction\",\"target\":{\"@type\":\"EntryPoint\",\"urlTemplate\":\"https:\/\/redfoxlotto.com\/cs\/?s={search_term_string}\"},\"query-input\":{\"@type\":\"PropertyValueSpecification\",\"valueRequired\":true,\"valueName\":\"search_term_string\"}}],\"inLanguage\":\"cs\"},{\"@type\":\"Organization\",\"@id\":\"https:\/\/redfoxlotto.com\/cs\/#organization\",\"name\":\"Get Tickets for the World\u2019s largest jackpots\",\"url\":\"https:\/\/redfoxlotto.com\/cs\/\",\"logo\":{\"@type\":\"ImageObject\",\"inLanguage\":\"cs\",\"@id\":\"https:\/\/redfoxlotto.com\/cs\/#\/schema\/logo\/image\/\",\"url\":\"https:\/\/redfoxlotto.com\/wp-content\/uploads\/2023\/04\/logo.png\",\"contentUrl\":\"https:\/\/redfoxlotto.com\/wp-content\/uploads\/2023\/04\/logo.png\",\"width\":269,\"height\":53,\"caption\":\"Get Tickets for the World\u2019s largest jackpots\"},\"image\":{\"@id\":\"https:\/\/redfoxlotto.com\/cs\/#\/schema\/logo\/image\/\"}}]}<\/script>\n<!-- \/ Yoast SEO plugin. -->","yoast_head_json":{"title":"V\u00fdsledky loterie Euromillions","description":"V\u00fdsledky z posledn\u00edho a p\u0159edchoz\u00edho losov\u00e1n\u00ed Euromillions v\u0161e na jedn\u00e9 str\u00e1nce","robots":{"index":"index","follow":"follow","max-snippet":"max-snippet:-1","max-image-preview":"max-image-preview:large","max-video-preview":"max-video-preview:-1"},"canonical":"https:\/\/redfoxlotto.com\/cs\/vysledky\/euromillions\/","og_locale":"cs_CZ","og_type":"article","og_title":"V\u00fdsledky loterie Euromillions","og_description":"V\u00fdsledky z posledn\u00edho a p\u0159edchoz\u00edho losov\u00e1n\u00ed Euromillions v\u0161e na jedn\u00e9 str\u00e1nce","og_url":"https:\/\/redfoxlotto.com\/cs\/vysledky\/euromillions\/","og_site_name":"Get Tickets for the World\u2019s largest jackpots","article_modified_time":"2025-12-17T14:39:32+00:00","og_image":[{"url":"https:\/\/content.redfoxlotto.com\/uploads\/sites\/9\/1_results_mega_millions.jpg"}],"twitter_card":"summary_large_image","twitter_misc":{"Odhadovan\u00e1 doba \u010dten\u00ed":"4 minuty"},"schema":{"@context":"https:\/\/schema.org","@graph":[{"@type":"WebPage","@id":"https:\/\/redfoxlotto.com\/cs\/vysledky\/euromillions\/","url":"https:\/\/redfoxlotto.com\/cs\/vysledky\/euromillions\/","name":"V\u00fdsledky loterie Euromillions","isPartOf":{"@id":"https:\/\/redfoxlotto.com\/cs\/#website"},"primaryImageOfPage":{"@id":"https:\/\/redfoxlotto.com\/cs\/vysledky\/euromillions\/#primaryimage"},"image":{"@id":"https:\/\/redfoxlotto.com\/cs\/vysledky\/euromillions\/#primaryimage"},"thumbnailUrl":"https:\/\/content.redfoxlotto.com\/uploads\/sites\/9\/1_results_mega_millions.jpg","datePublished":"2018-11-18T08:54:25+00:00","dateModified":"2025-12-17T14:39:32+00:00","description":"V\u00fdsledky z posledn\u00edho a p\u0159edchoz\u00edho losov\u00e1n\u00ed Euromillions v\u0161e na jedn\u00e9 str\u00e1nce","breadcrumb":{"@id":"https:\/\/redfoxlotto.com\/cs\/vysledky\/euromillions\/#breadcrumb"},"inLanguage":"cs","potentialAction":[{"@type":"ReadAction","target":["https:\/\/redfoxlotto.com\/cs\/vysledky\/euromillions\/"]}]},{"@type":"ImageObject","inLanguage":"cs","@id":"https:\/\/redfoxlotto.com\/cs\/vysledky\/euromillions\/#primaryimage","url":"https:\/\/content.redfoxlotto.com\/uploads\/sites\/9\/1_results_mega_millions.jpg","contentUrl":"https:\/\/content.redfoxlotto.com\/uploads\/sites\/9\/1_results_mega_millions.jpg"},{"@type":"BreadcrumbList","@id":"https:\/\/redfoxlotto.com\/cs\/vysledky\/euromillions\/#breadcrumb","itemListElement":[{"@type":"ListItem","position":1,"name":"Home","item":"https:\/\/redfoxlotto.com\/cs\/"},{"@type":"ListItem","position":2,"name":"V\u00fdsledky mezin\u00e1rodn\u00ed loterie","item":"https:\/\/redfoxlotto.com\/cs\/vysledky\/"},{"@type":"ListItem","position":3,"name":"V\u00fdsledky hry Euromillions a minul\u00e1 v\u00fdhern\u00ed \u010d\u00edsla"}]},{"@type":"WebSite","@id":"https:\/\/redfoxlotto.com\/cs\/#website","url":"https:\/\/redfoxlotto.com\/cs\/","name":"Get Tickets for the World\u2019s largest jackpots","description":"Participate in worldwide lottery jackpots from any country","publisher":{"@id":"https:\/\/redfoxlotto.com\/cs\/#organization"},"potentialAction":[{"@type":"SearchAction","target":{"@type":"EntryPoint","urlTemplate":"https:\/\/redfoxlotto.com\/cs\/?s={search_term_string}"},"query-input":{"@type":"PropertyValueSpecification","valueRequired":true,"valueName":"search_term_string"}}],"inLanguage":"cs"},{"@type":"Organization","@id":"https:\/\/redfoxlotto.com\/cs\/#organization","name":"Get Tickets for the World\u2019s largest jackpots","url":"https:\/\/redfoxlotto.com\/cs\/","logo":{"@type":"ImageObject","inLanguage":"cs","@id":"https:\/\/redfoxlotto.com\/cs\/#\/schema\/logo\/image\/","url":"https:\/\/redfoxlotto.com\/wp-content\/uploads\/2023\/04\/logo.png","contentUrl":"https:\/\/redfoxlotto.com\/wp-content\/uploads\/2023\/04\/logo.png","width":269,"height":53,"caption":"Get Tickets for the World\u2019s largest jackpots"},"image":{"@id":"https:\/\/redfoxlotto.com\/cs\/#\/schema\/logo\/image\/"}}]}},"_links":{"self":[{"href":"https:\/\/redfoxlotto.com\/cs\/wp-json\/wp\/v2\/pages\/5776","targetHints":{"allow":["GET"]}}],"collection":[{"href":"https:\/\/redfoxlotto.com\/cs\/wp-json\/wp\/v2\/pages"}],"about":[{"href":"https:\/\/redfoxlotto.com\/cs\/wp-json\/wp\/v2\/types\/page"}],"author":[{"embeddable":true,"href":"https:\/\/redfoxlotto.com\/cs\/wp-json\/wp\/v2\/users\/1"}],"replies":[{"embeddable":true,"href":"https:\/\/redfoxlotto.com\/cs\/wp-json\/wp\/v2\/comments?post=5776"}],"version-history":[{"count":0,"href":"https:\/\/redfoxlotto.com\/cs\/wp-json\/wp\/v2\/pages\/5776\/revisions"}],"up":[{"embeddable":true,"href":"https:\/\/redfoxlotto.com\/cs\/wp-json\/wp\/v2\/pages\/5774"}],"wp:attachment":[{"href":"https:\/\/redfoxlotto.com\/cs\/wp-json\/wp\/v2\/media?parent=5776"}],"curies":[{"name":"wp","href":"https:\/\/api.w.org\/{rel}","templated":true}]}}