{"id":5775,"date":"2018-11-18T08:54:25","date_gmt":"2018-11-18T08:54:25","guid":{"rendered":"https:\/\/redfoxlotto.com\/?page_id=780"},"modified":"2025-12-17T13:06:50","modified_gmt":"2025-12-17T13:06:50","slug":"eurojackpot","status":"publish","type":"page","link":"https:\/\/redfoxlotto.com\/cs\/vysledky\/eurojackpot\/","title":{"rendered":"V\u00fdsledky hry Eurojackpot"},"content":{"rendered":"<p><script type=\"application\/ld+json\">\n{\n  \"@context\": \"https:\/\/schema.org\",\n  \"@type\": \"Service\",\n  \"name\": \"Zkontrolujte v\u00fdsledky losov\u00e1n\u00ed Eurojackpot online\",\n  \"url\": \"https:\/\/redfoxlotto.com\/cs\/vysledky\/eurojackpot\/\",\n  \"description\": \"Nav\u0161tivte RedFoxLotto, abyste zkontrolovali nejnov\u011bj\u0161\u00ed v\u00fdsledky Eurojackpotu a n\u00e1\u0161 archiv v\u00fdsledk\u016f loteri\u00ed.\",\n  \"serviceType\": \"Sv\u011btov\u00fd archiv v\u00fdsledk\u016f loteri\u00ed\",\n  \"provider\": {\n    \"@type\": \"Organization\",\n    \"name\": \"RedFoxLotto\",\n    \"url\": \"https:\/\/redfoxlotto.com\/cs\/vysledky\/eurojackpot\/\",\n    \"image\": \"https:\/\/redfoxlotto.com\/wp-content\/uploads\/2025\/12\/ticket_scans.jpg\",\n    \"sameAs\": []\n  },\n  \"areaServed\": \"Worldwide\",\n  \"termsOfService\": \"https:\/\/redfoxlotto.com\/terms-and-conditions\",\n  \"additionalProperty\": {\n    \"@type\": \"PropertyValue\",\n    \"name\": \"FAQ\",\n    \"value\": \"https:\/\/redfoxlotto.com\/cs\/faq\/\"\n  },\n  \"hasOfferCatalog\": {\n    \"@type\": \"OfferCatalog\",\n    \"name\": \"V\u00fdsledky loterie Eurojackpot\",\n    \"itemListElement\": [\n      {\n        \"@type\": \"Offer\",\n        \"name\": \"Eurojackpot v\u00fdsledky\",\n        \"url\": \"https:\/\/redfoxlotto.com\/cs\/vysledky\/eurojackpot\/\",\n        \"description\": \"Zde najdete nejnov\u011bj\u0161\u00ed a historick\u00e9 v\u00fdsledky Eurojackpotu a dal\u0161\u00edch hlavn\u00edch loteri\u00ed.\",\n        \"itemOffered\": {\n          \"@type\": \"Service\",\n          \"name\": \"V\u00fdsledky Eurojackpot\",\n          \"description\": \"Losovan\u00e1 \u010d\u00edsla Eurojackpot online, aktu\u00e1ln\u00ed i star\u0161\u00ed v\u00fdsledky.\"\n        }\n      }\n    ]\n  },\n  \"mainEntityOfPage\": {\n    \"@type\": \"WebPage\",\n    \"@id\": \"https:\/\/redfoxlotto.com\/cs\/vysledky\/eurojackpot\/\"\n  }\n}\n<\/script><br \/>\nPokud jste <a href=\"https:\/\/redfoxlotto.com\/cs\/hrat\/eurojackpot\/\">hr\u00e1li EuroJackpot,<\/a> ur\u010dit\u011b budete cht\u00edt zn\u00e1t v\u00fdsledky slosov\u00e1n\u00ed, \u017ee? Chcete se ujistit, \u017ee budete zn\u00e1t ta\u017een\u00e1 \u010d\u00edsla a \u017ee je z\u00edsk\u00e1te co nejd\u0159\u00edve. Na\u0161t\u011bst\u00ed pro V\u00e1s je snadn\u00e9 naj\u00edt v\u00fdsledky a my v\u00e1m \u0159ekneme v\u0161e o r\u016fzn\u00fdch mo\u017enostech, kter\u00e9 m\u00e1te k dispozici pr\u00e1v\u011b zde.<\/p>\n<p><strong>Noviny<\/strong> &#8211; Pokud \u017eijete v oblasti, kde se EuroJackpot skute\u010dn\u011b hraje, m\u011bli byste m\u00edt mo\u017enost naj\u00edt v\u00fdsledky v novin\u00e1ch vyti\u0161t\u011bn\u00fdch po slosov\u00e1n\u00ed. \u010c\u00edsla jsou obecn\u011b ti\u0161t\u011bna ve velk\u00fdch novin\u00e1ch pro danou oblast, mohou b\u00fdt tak\u00e9 v n\u011bkter\u00fdch men\u0161\u00edch novin\u00e1ch a budou dostupn\u00e1 tak\u00e9 prost\u0159ednictv\u00edm jejich online verz\u00ed. Je to skv\u011bl\u00fd zp\u016fsob, jak naj\u00edt v\u00fdhern\u00ed \u010d\u00edsla, pokud je nepot\u0159ebujete zn\u00e1t ihned po slosov\u00e1n\u00ed.<br \/>\n<img decoding=\"async\" class=\"size-full wp-image alignright\" src=\"https:\/\/content.redfoxlotto.com\/uploads\/sites\/9\/results_eurojackpot.jpg\" alt=\"v\u00fdhern\u00ed \u010d\u00edsla\"><\/p>\n<p><strong>Sledov\u00e1n\u00ed \u017eiv\u00e9ho slosov\u00e1n\u00ed<\/strong> &#8211; Pokud opravdu chcete zn\u00e1t v\u00fdsledky pro Eurojackpot okam\u017eit\u011b, nejlep\u0161\u00edm zp\u016fsobem, jak to ud\u011blat, je sledovat slosov\u00e1n\u00ed \u017eiv\u011b a zjistit je p\u0159\u00edmo p\u0159i tahu. V\u00fdsledky EuroJackpotu pak vid\u00edte okam\u017eit\u011b, m\u016f\u017eete m\u00edt p\u0159ipraven\u00fd tiket, sledovat ka\u017ed\u00e9 \u010d\u00edslo a zjistit, zda odpov\u00edd\u00e1 \u010d\u00edsl\u016fm, kter\u00e1 m\u00e1te na Va\u0161em tiketu. Pokud tedy chcete, budete jedn\u00edm z prvn\u00edch lid\u00ed, kte\u0159\u00ed znaj\u00ed v\u00fdsledky a pak m\u016f\u017eete okam\u017eit\u011b za\u010d\u00edt \u0159e\u0161it, co je t\u0159eba ud\u011blat, abyste si mohli n\u00e1rokovat cenu, a\u0165 u\u017e je velk\u00e1 nebo mal\u00e1.<\/p>\n<p><strong>Kontrola Online<\/strong> &#8211; Existuje cel\u00e1 \u0159ada r\u016fzn\u00fdch web\u016f, kde najdete <a href=\"https:\/\/redfoxlotto.com\/cs\/vysledky\/\">v\u00fdhern\u00ed \u010d\u00edsla loteri\u00ed.<\/a> N\u011bkter\u00e9 z nich zve\u0159ejn\u00ed \u010d\u00edsla ihned po slosov\u00e1n\u00ed. N\u011bkter\u00e9 weby v\u0161ak mohou \u010d\u00edsla zve\u0159ej\u0148ovat n\u011bkolik hodin nebo dokonce den nebo v\u00edce po slosov\u00e1n\u00ed. Pokud se je chcete rychle dozv\u011bd\u011bt, je d\u016fle\u017eit\u00e9, abyste v\u011bnovali pozornost tomu, kdy zvolen\u00e9 webov\u00e9 str\u00e1nky zve\u0159ej\u0148uj\u00ed v\u00fdsledky, a pak nav\u0161tivte ty, kter\u00e9 je budou m\u00edt, kdy\u017e je budete pot\u0159ebovat. Pokud hled\u00e1te zp\u016fsoby, jak dos\u00e1hnout co nejrychlej\u0161\u00edho v\u00fdsledku, m\u011bli byste hledat webov\u00e9 str\u00e1nky, kter\u00e9 tikety z\u00e1rove\u0148 prod\u00e1vaj\u00ed.<\/p>\n<p><img decoding=\"async\" class=\"size-full wp-image alignright\" src=\"https:\/\/content.redfoxlotto.com\/uploads\/sites\/9\/5_Eurojackpot_tiers_prizes_odds.jpg\" alt=\"v\u00fdsledky Eurojackpot\"><br \/>\n<strong>Ofici\u00e1ln\u00ed webov\u00e9 str\u00e1nky<\/strong> &#8211; Jedn\u00edm z m\u00edst, kde m\u016f\u017eete zkontrolovat \u010d\u00edsla online, je tak\u00e9 ofici\u00e1ln\u00ed webov\u00e1 str\u00e1nka hry, kterou hrajete. V\u00fdsledky EuroJackpot tak budou k dispozici p\u0159\u00edmo na jejich webov\u00fdch str\u00e1nk\u00e1ch. V\u0161e, co mus\u00edte ud\u011blat, je pod\u00edvat se na to. A tato \u010d\u00edsla se obvykle zve\u0159ej\u0148uj\u00ed, jakmile jsou vylosov\u00e1na. To znamen\u00e1, \u017ee nemus\u00edte \u010dekat na v\u00fdsledky a na to, zda jste n\u011bco vyhr\u00e1li nebo ne. Budete tak\u00e9 m\u00edt je\u0161t\u011b snaz\u0161\u00ed postup pro vy\u0159izov\u00e1n\u00ed v\u00fdher, kdy\u017e si je zjist\u00edte p\u0159\u00edmo zde.<\/p>\n<p>Jste p\u0159ipraveni hr\u00e1t EuroJackpot online a chcete se ujistit, \u017ee m\u00e1te tiket nastaven spr\u00e1vn\u00fdm zp\u016fsobem? No, nebude to v\u016fbec t\u011b\u017ek\u00e9, proto\u017ee se m\u016f\u017eete jednodu\u0161e <a href=\"https:\/\/redfoxlotto.com\/cs\/\">zaregistrovat na RedFoxLotto.com<\/a> a budete si moci koupit tikety, kter\u00e9 chcete, a jednodu\u0161e zjistit, jak vybrat po\u017eadovan\u00e1 \u010d\u00edsla. Cel\u00fd proces je snadn\u00fd a je\u0161t\u011b ne\u017e to zjist\u00edte, u\u017e m\u016f\u017eete vyhr\u00e1t cenu v \u00fapln\u011b jin\u00e9 zemi. Nen\u00ed to hodn\u011b z\u00e1bavy a skv\u011bl\u00fd zp\u016fsob, jak si u\u017e\u00edt sv\u016fj \u010das?<\/p>\n","protected":false},"excerpt":{"rendered":"<p>Pokud jste hr\u00e1li EuroJackpot, ur\u010dit\u011b budete cht\u00edt zn\u00e1t v\u00fdsledky slosov\u00e1n\u00ed, \u017ee? Chcete se ujistit, \u017ee budete zn\u00e1t ta\u017een\u00e1 \u010d\u00edsla a \u017ee je z\u00edsk\u00e1te co nejd\u0159\u00edve. Na\u0161t\u011bst\u00ed pro V\u00e1s je snadn\u00e9 naj\u00edt v\u00fdsledky a my v\u00e1m \u0159ekneme v\u0161e o r\u016fzn\u00fdch mo\u017enostech, kter\u00e9 m\u00e1te k dispozici pr\u00e1v\u011b zde. Noviny &#8211; Pokud \u017eijete v oblasti, kde se EuroJackpot [&hellip;]<\/p>\n","protected":false},"author":1,"featured_media":0,"parent":5774,"menu_order":4,"comment_status":"closed","ping_status":"closed","template":"eurojackpot-results.php","meta":{"_et_pb_use_builder":"","_et_pb_old_content":"","_et_gb_content_width":"","exclude_from_search":false,"footnotes":""},"class_list":["post-5775","page","type-page","status-publish","hentry"],"yoast_head":"<!-- This site is optimized with the Yoast SEO plugin v23.8 - https:\/\/yoast.com\/wordpress\/plugins\/seo\/ -->\n<title>V\u00fdsledky loterie Eurojackpot<\/title>\n<meta name=\"description\" content=\"Z\u00edskejte nejnov\u011bj\u0161\u00ed v\u00fdsledky ke h\u0159e Eurojackpot zde na na\u0161ich str\u00e1nk\u00e1ch.\" \/>\n<meta name=\"robots\" content=\"index, follow, max-snippet:-1, max-image-preview:large, max-video-preview:-1\" \/>\n<link rel=\"canonical\" href=\"https:\/\/redfoxlotto.com\/cs\/vysledky\/eurojackpot\/\" \/>\n<meta property=\"og:locale\" content=\"cs_CZ\" \/>\n<meta property=\"og:type\" content=\"article\" \/>\n<meta property=\"og:title\" content=\"V\u00fdsledky loterie Eurojackpot\" \/>\n<meta property=\"og:description\" content=\"Z\u00edskejte nejnov\u011bj\u0161\u00ed v\u00fdsledky ke h\u0159e Eurojackpot zde na na\u0161ich str\u00e1nk\u00e1ch.\" \/>\n<meta property=\"og:url\" content=\"https:\/\/redfoxlotto.com\/cs\/vysledky\/eurojackpot\/\" \/>\n<meta property=\"og:site_name\" content=\"Get Tickets for the World\u2019s largest jackpots\" \/>\n<meta property=\"article:modified_time\" content=\"2025-12-17T13:06:50+00:00\" \/>\n<meta property=\"og:image\" content=\"https:\/\/content.redfoxlotto.com\/uploads\/sites\/9\/results_eurojackpot.jpg\" \/>\n<meta name=\"twitter:card\" content=\"summary_large_image\" \/>\n<meta name=\"twitter:label1\" content=\"Odhadovan\u00e1 doba \u010dten\u00ed\" \/>\n\t<meta name=\"twitter:data1\" content=\"3 minuty\" \/>\n<script type=\"application\/ld+json\" class=\"yoast-schema-graph\">{\"@context\":\"https:\/\/schema.org\",\"@graph\":[{\"@type\":\"WebPage\",\"@id\":\"https:\/\/redfoxlotto.com\/cs\/vysledky\/eurojackpot\/\",\"url\":\"https:\/\/redfoxlotto.com\/cs\/vysledky\/eurojackpot\/\",\"name\":\"V\u00fdsledky loterie Eurojackpot\",\"isPartOf\":{\"@id\":\"https:\/\/redfoxlotto.com\/cs\/#website\"},\"primaryImageOfPage\":{\"@id\":\"https:\/\/redfoxlotto.com\/cs\/vysledky\/eurojackpot\/#primaryimage\"},\"image\":{\"@id\":\"https:\/\/redfoxlotto.com\/cs\/vysledky\/eurojackpot\/#primaryimage\"},\"thumbnailUrl\":\"https:\/\/content.redfoxlotto.com\/uploads\/sites\/9\/results_eurojackpot.jpg\",\"datePublished\":\"2018-11-18T08:54:25+00:00\",\"dateModified\":\"2025-12-17T13:06:50+00:00\",\"description\":\"Z\u00edskejte nejnov\u011bj\u0161\u00ed v\u00fdsledky ke h\u0159e Eurojackpot zde na na\u0161ich str\u00e1nk\u00e1ch.\",\"breadcrumb\":{\"@id\":\"https:\/\/redfoxlotto.com\/cs\/vysledky\/eurojackpot\/#breadcrumb\"},\"inLanguage\":\"cs\",\"potentialAction\":[{\"@type\":\"ReadAction\",\"target\":[\"https:\/\/redfoxlotto.com\/cs\/vysledky\/eurojackpot\/\"]}]},{\"@type\":\"ImageObject\",\"inLanguage\":\"cs\",\"@id\":\"https:\/\/redfoxlotto.com\/cs\/vysledky\/eurojackpot\/#primaryimage\",\"url\":\"https:\/\/content.redfoxlotto.com\/uploads\/sites\/9\/results_eurojackpot.jpg\",\"contentUrl\":\"https:\/\/content.redfoxlotto.com\/uploads\/sites\/9\/results_eurojackpot.jpg\"},{\"@type\":\"BreadcrumbList\",\"@id\":\"https:\/\/redfoxlotto.com\/cs\/vysledky\/eurojackpot\/#breadcrumb\",\"itemListElement\":[{\"@type\":\"ListItem\",\"position\":1,\"name\":\"Home\",\"item\":\"https:\/\/redfoxlotto.com\/cs\/\"},{\"@type\":\"ListItem\",\"position\":2,\"name\":\"V\u00fdsledky mezin\u00e1rodn\u00ed loterie\",\"item\":\"https:\/\/redfoxlotto.com\/cs\/vysledky\/\"},{\"@type\":\"ListItem\",\"position\":3,\"name\":\"V\u00fdsledky hry Eurojackpot\"}]},{\"@type\":\"WebSite\",\"@id\":\"https:\/\/redfoxlotto.com\/cs\/#website\",\"url\":\"https:\/\/redfoxlotto.com\/cs\/\",\"name\":\"Get Tickets for the World\u2019s largest jackpots\",\"description\":\"Participate in worldwide lottery jackpots from any country\",\"publisher\":{\"@id\":\"https:\/\/redfoxlotto.com\/cs\/#organization\"},\"potentialAction\":[{\"@type\":\"SearchAction\",\"target\":{\"@type\":\"EntryPoint\",\"urlTemplate\":\"https:\/\/redfoxlotto.com\/cs\/?s={search_term_string}\"},\"query-input\":{\"@type\":\"PropertyValueSpecification\",\"valueRequired\":true,\"valueName\":\"search_term_string\"}}],\"inLanguage\":\"cs\"},{\"@type\":\"Organization\",\"@id\":\"https:\/\/redfoxlotto.com\/cs\/#organization\",\"name\":\"Get Tickets for the World\u2019s largest jackpots\",\"url\":\"https:\/\/redfoxlotto.com\/cs\/\",\"logo\":{\"@type\":\"ImageObject\",\"inLanguage\":\"cs\",\"@id\":\"https:\/\/redfoxlotto.com\/cs\/#\/schema\/logo\/image\/\",\"url\":\"https:\/\/redfoxlotto.com\/wp-content\/uploads\/2023\/04\/logo.png\",\"contentUrl\":\"https:\/\/redfoxlotto.com\/wp-content\/uploads\/2023\/04\/logo.png\",\"width\":269,\"height\":53,\"caption\":\"Get Tickets for the World\u2019s largest jackpots\"},\"image\":{\"@id\":\"https:\/\/redfoxlotto.com\/cs\/#\/schema\/logo\/image\/\"}}]}<\/script>\n<!-- \/ Yoast SEO plugin. -->","yoast_head_json":{"title":"V\u00fdsledky loterie Eurojackpot","description":"Z\u00edskejte nejnov\u011bj\u0161\u00ed v\u00fdsledky ke h\u0159e Eurojackpot zde na na\u0161ich str\u00e1nk\u00e1ch.","robots":{"index":"index","follow":"follow","max-snippet":"max-snippet:-1","max-image-preview":"max-image-preview:large","max-video-preview":"max-video-preview:-1"},"canonical":"https:\/\/redfoxlotto.com\/cs\/vysledky\/eurojackpot\/","og_locale":"cs_CZ","og_type":"article","og_title":"V\u00fdsledky loterie Eurojackpot","og_description":"Z\u00edskejte nejnov\u011bj\u0161\u00ed v\u00fdsledky ke h\u0159e Eurojackpot zde na na\u0161ich str\u00e1nk\u00e1ch.","og_url":"https:\/\/redfoxlotto.com\/cs\/vysledky\/eurojackpot\/","og_site_name":"Get Tickets for the World\u2019s largest jackpots","article_modified_time":"2025-12-17T13:06:50+00:00","og_image":[{"url":"https:\/\/content.redfoxlotto.com\/uploads\/sites\/9\/results_eurojackpot.jpg"}],"twitter_card":"summary_large_image","twitter_misc":{"Odhadovan\u00e1 doba \u010dten\u00ed":"3 minuty"},"schema":{"@context":"https:\/\/schema.org","@graph":[{"@type":"WebPage","@id":"https:\/\/redfoxlotto.com\/cs\/vysledky\/eurojackpot\/","url":"https:\/\/redfoxlotto.com\/cs\/vysledky\/eurojackpot\/","name":"V\u00fdsledky loterie Eurojackpot","isPartOf":{"@id":"https:\/\/redfoxlotto.com\/cs\/#website"},"primaryImageOfPage":{"@id":"https:\/\/redfoxlotto.com\/cs\/vysledky\/eurojackpot\/#primaryimage"},"image":{"@id":"https:\/\/redfoxlotto.com\/cs\/vysledky\/eurojackpot\/#primaryimage"},"thumbnailUrl":"https:\/\/content.redfoxlotto.com\/uploads\/sites\/9\/results_eurojackpot.jpg","datePublished":"2018-11-18T08:54:25+00:00","dateModified":"2025-12-17T13:06:50+00:00","description":"Z\u00edskejte nejnov\u011bj\u0161\u00ed v\u00fdsledky ke h\u0159e Eurojackpot zde na na\u0161ich str\u00e1nk\u00e1ch.","breadcrumb":{"@id":"https:\/\/redfoxlotto.com\/cs\/vysledky\/eurojackpot\/#breadcrumb"},"inLanguage":"cs","potentialAction":[{"@type":"ReadAction","target":["https:\/\/redfoxlotto.com\/cs\/vysledky\/eurojackpot\/"]}]},{"@type":"ImageObject","inLanguage":"cs","@id":"https:\/\/redfoxlotto.com\/cs\/vysledky\/eurojackpot\/#primaryimage","url":"https:\/\/content.redfoxlotto.com\/uploads\/sites\/9\/results_eurojackpot.jpg","contentUrl":"https:\/\/content.redfoxlotto.com\/uploads\/sites\/9\/results_eurojackpot.jpg"},{"@type":"BreadcrumbList","@id":"https:\/\/redfoxlotto.com\/cs\/vysledky\/eurojackpot\/#breadcrumb","itemListElement":[{"@type":"ListItem","position":1,"name":"Home","item":"https:\/\/redfoxlotto.com\/cs\/"},{"@type":"ListItem","position":2,"name":"V\u00fdsledky mezin\u00e1rodn\u00ed loterie","item":"https:\/\/redfoxlotto.com\/cs\/vysledky\/"},{"@type":"ListItem","position":3,"name":"V\u00fdsledky hry Eurojackpot"}]},{"@type":"WebSite","@id":"https:\/\/redfoxlotto.com\/cs\/#website","url":"https:\/\/redfoxlotto.com\/cs\/","name":"Get Tickets for the World\u2019s largest jackpots","description":"Participate in worldwide lottery jackpots from any country","publisher":{"@id":"https:\/\/redfoxlotto.com\/cs\/#organization"},"potentialAction":[{"@type":"SearchAction","target":{"@type":"EntryPoint","urlTemplate":"https:\/\/redfoxlotto.com\/cs\/?s={search_term_string}"},"query-input":{"@type":"PropertyValueSpecification","valueRequired":true,"valueName":"search_term_string"}}],"inLanguage":"cs"},{"@type":"Organization","@id":"https:\/\/redfoxlotto.com\/cs\/#organization","name":"Get Tickets for the World\u2019s largest jackpots","url":"https:\/\/redfoxlotto.com\/cs\/","logo":{"@type":"ImageObject","inLanguage":"cs","@id":"https:\/\/redfoxlotto.com\/cs\/#\/schema\/logo\/image\/","url":"https:\/\/redfoxlotto.com\/wp-content\/uploads\/2023\/04\/logo.png","contentUrl":"https:\/\/redfoxlotto.com\/wp-content\/uploads\/2023\/04\/logo.png","width":269,"height":53,"caption":"Get Tickets for the World\u2019s largest jackpots"},"image":{"@id":"https:\/\/redfoxlotto.com\/cs\/#\/schema\/logo\/image\/"}}]}},"_links":{"self":[{"href":"https:\/\/redfoxlotto.com\/cs\/wp-json\/wp\/v2\/pages\/5775","targetHints":{"allow":["GET"]}}],"collection":[{"href":"https:\/\/redfoxlotto.com\/cs\/wp-json\/wp\/v2\/pages"}],"about":[{"href":"https:\/\/redfoxlotto.com\/cs\/wp-json\/wp\/v2\/types\/page"}],"author":[{"embeddable":true,"href":"https:\/\/redfoxlotto.com\/cs\/wp-json\/wp\/v2\/users\/1"}],"replies":[{"embeddable":true,"href":"https:\/\/redfoxlotto.com\/cs\/wp-json\/wp\/v2\/comments?post=5775"}],"version-history":[{"count":0,"href":"https:\/\/redfoxlotto.com\/cs\/wp-json\/wp\/v2\/pages\/5775\/revisions"}],"up":[{"embeddable":true,"href":"https:\/\/redfoxlotto.com\/cs\/wp-json\/wp\/v2\/pages\/5774"}],"wp:attachment":[{"href":"https:\/\/redfoxlotto.com\/cs\/wp-json\/wp\/v2\/media?parent=5775"}],"curies":[{"name":"wp","href":"https:\/\/api.w.org\/{rel}","templated":true}]}}