{"id":5774,"date":"2023-04-24T14:13:24","date_gmt":"2023-04-24T14:13:24","guid":{"rendered":"https:\/\/redfoxlotto.com\/?page_id=778"},"modified":"2025-12-18T08:27:49","modified_gmt":"2025-12-18T08:27:49","slug":"vysledky","status":"publish","type":"page","link":"https:\/\/redfoxlotto.com\/cs\/vysledky\/","title":{"rendered":"V\u00fdsledky mezin\u00e1rodn\u00ed loterie"},"content":{"rendered":"<script type=\"application\/ld+json\">\r\n{\r\n  \"@context\": \"https:\/\/schema.org\",\r\n  \"@type\": \"Service\",\r\n  \"name\": \"Zkontrolujte v\u00fdsledky mezin\u00e1rodn\u00edch loteri\u00ed online\",\r\n  \"url\": \"https:\/\/redfoxlotto.com\/cs\/vysledky\/powerball\",\r\n  \"description\": \"Nav\u0161tivte RedFoxLotto a zkontrolujte nejnov\u011bj\u0161\u00ed v\u00fdsledky nejv\u011bt\u0161\u00edch loteri\u00ed na sv\u011bt\u011b.\",\r\n  \"serviceType\": \"Celosv\u011btov\u00fd archiv loterijn\u00edch v\u00fdsledk\u016f\",\r\n\r\n  \"provider\": {\r\n    \"@type\": \"Organization\",\r\n    \"name\": \"RedFoxLotto\",\r\n    \"url\": \"https:\/\/redfoxlotto.com\/cs\/\",\r\n    \"image\": \"https:\/\/redfoxlotto.com\/wp-content\/uploads\/2025\/12\/ticket_scans.jpg\",\r\n    \"sameAs\": []\r\n  },\r\n\r\n  \"areaServed\": \"Worldwide\",\r\n  \"termsOfService\": \"https:\/\/redfoxlotto.com\/terms-and-conditions\",\r\n\r\n  \"additionalProperty\": {\r\n    \"@type\": \"PropertyValue\",\r\n    \"name\": \"\u010casto kladen\u00e9 ot\u00e1zky\",\r\n    \"value\": \"https:\/\/redfoxlotto.com\/cs\/faq\/\"\r\n  },\r\n\r\n  \"hasOfferCatalog\": {\r\n    \"@type\": \"OfferCatalog\",\r\n    \"name\": \"Sv\u011btov\u00e9 loterijn\u00ed v\u00fdsledky\",\r\n    \"itemListElement\": [\r\n      {\r\n        \"@type\": \"Offer\",\r\n        \"name\": \"L\u00edstek Powerball\",\r\n        \"url\": \"https:\/\/redfoxlotto.com\/cs\/vysledky\/\",\r\n        \"description\": \"Zde najdete nejnov\u011bj\u0161\u00ed i historick\u00e9 v\u00fdsledky nejv\u011bt\u0161\u00edch loteri\u00ed sv\u011bta\",\r\n        \"itemOffered\": {\r\n          \"@type\": \"Service\",\r\n          \"name\": \"Mezin\u00e1rodn\u00ed loterijn\u00ed v\u00fdsledky\",\r\n          \"description\": \"Vylosovan\u00e1 \u010d\u00edsla online pro nejv\u011bt\u0161\u00ed loterie, aktu\u00e1ln\u00ed i star\u0161\u00ed v\u00fdsledky.\"\r\n        }\r\n      }\r\n    ]\r\n  },\r\n\r\n  \"mainEntityOfPage\": {\r\n    \"@type\": \"WebPage\",\r\n    \"@id\": \"https:\/\/redfoxlotto.com\/cs\/vysledky\/\"\r\n  }\r\n}\r\n<\/script><p>Zde, t\u00fdden co t\u00fdden, zve\u0159ej\u0148ujeme nejnov\u011bj\u0161\u00ed v\u00fdhern\u00ed \u010d\u00edsla a v\u00fdsledky v\u0161ech mezin\u00e1rodn\u00edch loteri\u00ed, jejich\u017e tikety si u n\u00e1s m\u016f\u017eete zakoupit.<\/p><p>V\u00fdsledky p\u0159ich\u00e1zej\u00ed od ofici\u00e1ln\u00edch provozovatel\u016f loteri\u00ed. Budou zve\u0159ejn\u011bny zde ihned po slosov\u00e1n\u00ed. T\u00edmto zp\u016fsobem m\u016f\u017eete rychle porovnat sv\u00e9 tikety s v\u00fdhern\u00edmi \u010d\u00edsly a zjistit, zda jste vyhr\u00e1li. Kliknut\u00edm na n\u00e1zev loterie m\u016f\u017eete tak\u00e9 vid\u011bt v\u00fd\u0161i v\u00fdhry, kter\u00e1 odpov\u00edd\u00e1 p\u0159\u00edslu\u0161n\u00e9 h\u0159e. Takto V\u00e1m uk\u00e1\u017eeme, zda byl posledn\u00ed jackpot vyhr\u00e1n nebo ne.<\/p><h2 class=\"wp-block-heading\" id=\"h-minul-v-sledky-a-v-hern-sla\">Minul\u00e9 v\u00fdsledky a v\u00fdhern\u00ed \u010d\u00edsla<\/h2><p><img loading=\"lazy\" decoding=\"async\" class=\" wp-image alignright\" src=\"https:\/\/content.redfoxlotto.com\/uploads\/sites\/9\/1_winning_lottery_numbers.jpg\" alt=\"v\u00fdhern\u00ed \u010d\u00edsla mezin\u00e1rodn\u00edch loteri\u00ed\" width=\"251\" height=\"251\" \/><\/p><p>Tak\u00e9 v\u00e1m uk\u00e1\u017eeme ta\u017een\u00e1 \u010d\u00edsla a v\u00fdsledky slosov\u00e1n\u00ed za posledn\u00ed t\u00fddny. Pokud chcete, m\u016f\u017eete samoz\u0159ejm\u011b vyu\u017e\u00edt tyto informace o mezin\u00e1rodn\u00edch loteri\u00edch k v\u00fdb\u011bru \u010d\u00edsel pro dal\u0161\u00ed loterijn\u00ed tikety.<\/p><p>Stejn\u011b tak m\u016f\u017eete pou\u017e\u00edt v\u00fdhern\u00ed \u010d\u00edsla z minul\u00e9ho t\u00fddne nebo t\u00fddn\u016f k vytvo\u0159en\u00ed nov\u00fdch kombinac\u00ed pro dal\u0161\u00ed tiket. P\u0159\u00edkladem by bylo pou\u017eit\u00ed prvn\u00edho \u010d\u00edsla posledn\u00edho slosov\u00e1n\u00ed Mega Milions, druh\u00e9ho \u010d\u00edsla z v\u00fdsledk\u016f Euromillions a t\u0159et\u00edho \u010d\u00edsla hry Eurojackpot atd.<\/p><h2 class=\"wp-block-heading\" id=\"h-hork-a-studen-sla\">Hork\u00e1 a studen\u00e1 \u010d\u00edsla<\/h2><p>Kdy\u017e zkontrolujete minul\u00e9 v\u00fdsledky mezin\u00e1rodn\u00edch loteri\u00ed, m\u016f\u017eete tak\u00e9 zjistit, kter\u00e1 \u010d\u00edsla byla v jednotliv\u00fdch loteri\u00edch \u010dasto ta\u017eena. Z\u00e1rove\u0148 m\u016f\u017eete hledat \u010d\u00edsla, kter\u00e1 ve v\u00fdsledc\u00edch nebyla. T\u00edmto zp\u016fsobem m\u016f\u017eete definovat hork\u00e1 a studen\u00e1 \u010d\u00edsla z minul\u00fdch loterijn\u00edch v\u00fdsledk\u016f. Mnoho hr\u00e1\u010d\u016f pou\u017e\u00edv\u00e1 tyto informace k v\u00fdb\u011bru sv\u00fdch v\u00fdhern\u00edch \u010d\u00edsel. To je strategie, kter\u00e1 V\u00e1m p\u0159isl\u00edb\u00ed \u00fasp\u011bch.<\/p><p><img decoding=\"async\" class=\"size-full wp-image alignright\" src=\"https:\/\/content.redfoxlotto.com\/uploads\/sites\/9\/1_lotto_draw_results.jpg\" alt=\"loterie v\u00fdsledk\u016f\"><\/p><p>Stejn\u011b tak m\u016f\u017eete pou\u017e\u00edt v\u00fdhern\u00ed \u010d\u00edsla z minul\u00e9ho t\u00fddne nebo t\u00fddn\u016f k vytvo\u0159en\u00ed nov\u00fdch kombinac\u00ed pro dal\u0161\u00ed tiket. P\u0159\u00edkladem by bylo pou\u017e\u00edt pro <a href=\"https:\/\/redfoxlotto.com\/cs\/loterie\/powerball\/\">tiket hry Powerball<\/a> prvn\u00ed \u010d\u00edslo posledn\u00edho <a href=\"https:\/\/redfoxlotto.com\/cs\/loterie\/mega-millions\/\">slosov\u00e1n\u00ed Megamillions<\/a>. Nebo m\u016f\u017eete pou\u017e\u00edt druh\u00e9 \u010d\u00edslo z v\u00fdsledk\u016f Euromillions a t\u0159et\u00ed \u010d\u00edslo hry Eurojackpot atd.<\/p>","protected":false},"excerpt":{"rendered":"<p>Zde, t\u00fdden co t\u00fdden, zve\u0159ej\u0148ujeme nejnov\u011bj\u0161\u00ed v\u00fdhern\u00ed \u010d\u00edsla a v\u00fdsledky v\u0161ech mezin\u00e1rodn\u00edch loteri\u00ed, jejich\u017e tikety si u n\u00e1s m\u016f\u017eete zakoupit. V\u00fdsledky p\u0159ich\u00e1zej\u00ed od ofici\u00e1ln\u00edch provozovatel\u016f loteri\u00ed. Budou zve\u0159ejn\u011bny zde ihned po slosov\u00e1n\u00ed. T\u00edmto zp\u016fsobem m\u016f\u017eete rychle porovnat sv\u00e9 tikety s v\u00fdhern\u00edmi \u010d\u00edsly a zjistit, zda jste vyhr\u00e1li. Kliknut\u00edm na n\u00e1zev loterie m\u016f\u017eete tak\u00e9 vid\u011bt v\u00fd\u0161i [&hellip;]<\/p>\n","protected":false},"author":1,"featured_media":0,"parent":0,"menu_order":4,"comment_status":"closed","ping_status":"closed","template":"Results.php","meta":{"_et_pb_use_builder":"","_et_pb_old_content":"","_et_gb_content_width":"","exclude_from_search":false,"footnotes":""},"class_list":["post-5774","page","type-page","status-publish","hentry"],"yoast_head":"<!-- This site is optimized with the Yoast SEO plugin v27.4 - https:\/\/yoast.com\/product\/yoast-seo-wordpress\/ -->\n<title>V\u00edt\u011bzn\u00e1 \u010d\u00edsla a v\u00fdsledky mezin\u00e1rodn\u00edch loteri\u00ed<\/title>\n<meta name=\"description\" content=\"Byl V\u00e1\u0161 loterijn\u00ed tiket v\u00edt\u011bzn\u00fd? Najd\u011bte v\u00fdsledky a v\u00fdhern\u00ed \u010d\u00edsla mezin\u00e1rodn\u00edch loteri\u00ed zde.\" \/>\n<meta name=\"robots\" content=\"index, follow, max-snippet:-1, max-image-preview:large, max-video-preview:-1\" \/>\n<link rel=\"canonical\" href=\"https:\/\/redfoxlotto.com\/cs\/vysledky\/\" \/>\n<meta property=\"og:locale\" content=\"cs_CZ\" \/>\n<meta property=\"og:type\" content=\"article\" \/>\n<meta property=\"og:title\" content=\"V\u00edt\u011bzn\u00e1 \u010d\u00edsla a v\u00fdsledky mezin\u00e1rodn\u00edch loteri\u00ed\" \/>\n<meta property=\"og:description\" content=\"Byl V\u00e1\u0161 loterijn\u00ed tiket v\u00edt\u011bzn\u00fd? Najd\u011bte v\u00fdsledky a v\u00fdhern\u00ed \u010d\u00edsla mezin\u00e1rodn\u00edch loteri\u00ed zde.\" \/>\n<meta property=\"og:url\" content=\"https:\/\/redfoxlotto.com\/cs\/vysledky\/\" \/>\n<meta property=\"og:site_name\" content=\"Get Tickets for the World\u2019s largest jackpots\" \/>\n<meta property=\"article:modified_time\" content=\"2025-12-18T08:27:49+00:00\" \/>\n<meta property=\"og:image\" content=\"https:\/\/content.redfoxlotto.com\/uploads\/sites\/9\/1_winning_lottery_numbers.jpg\" \/>\n<meta name=\"twitter:card\" content=\"summary_large_image\" \/>\n<meta name=\"twitter:label1\" content=\"Odhadovan\u00e1 doba \u010dten\u00ed\" \/>\n\t<meta name=\"twitter:data1\" content=\"2 minuty\" \/>\n<script type=\"application\/ld+json\" class=\"yoast-schema-graph\">{\"@context\":\"https:\\\/\\\/schema.org\",\"@graph\":[{\"@type\":\"WebPage\",\"@id\":\"https:\\\/\\\/redfoxlotto.com\\\/cs\\\/vysledky\\\/\",\"url\":\"https:\\\/\\\/redfoxlotto.com\\\/cs\\\/vysledky\\\/\",\"name\":\"V\u00edt\u011bzn\u00e1 \u010d\u00edsla a v\u00fdsledky mezin\u00e1rodn\u00edch loteri\u00ed\",\"isPartOf\":{\"@id\":\"https:\\\/\\\/redfoxlotto.com\\\/cs\\\/#website\"},\"primaryImageOfPage\":{\"@id\":\"https:\\\/\\\/redfoxlotto.com\\\/cs\\\/vysledky\\\/#primaryimage\"},\"image\":{\"@id\":\"https:\\\/\\\/redfoxlotto.com\\\/cs\\\/vysledky\\\/#primaryimage\"},\"thumbnailUrl\":\"https:\\\/\\\/content.redfoxlotto.com\\\/uploads\\\/sites\\\/9\\\/1_winning_lottery_numbers.jpg\",\"datePublished\":\"2023-04-24T14:13:24+00:00\",\"dateModified\":\"2025-12-18T08:27:49+00:00\",\"description\":\"Byl V\u00e1\u0161 loterijn\u00ed tiket v\u00edt\u011bzn\u00fd? Najd\u011bte v\u00fdsledky a v\u00fdhern\u00ed \u010d\u00edsla mezin\u00e1rodn\u00edch loteri\u00ed zde.\",\"breadcrumb\":{\"@id\":\"https:\\\/\\\/redfoxlotto.com\\\/cs\\\/vysledky\\\/#breadcrumb\"},\"inLanguage\":\"cs\",\"potentialAction\":[{\"@type\":\"ReadAction\",\"target\":[\"https:\\\/\\\/redfoxlotto.com\\\/cs\\\/vysledky\\\/\"]}]},{\"@type\":\"ImageObject\",\"inLanguage\":\"cs\",\"@id\":\"https:\\\/\\\/redfoxlotto.com\\\/cs\\\/vysledky\\\/#primaryimage\",\"url\":\"https:\\\/\\\/content.redfoxlotto.com\\\/uploads\\\/sites\\\/9\\\/1_winning_lottery_numbers.jpg\",\"contentUrl\":\"https:\\\/\\\/content.redfoxlotto.com\\\/uploads\\\/sites\\\/9\\\/1_winning_lottery_numbers.jpg\"},{\"@type\":\"BreadcrumbList\",\"@id\":\"https:\\\/\\\/redfoxlotto.com\\\/cs\\\/vysledky\\\/#breadcrumb\",\"itemListElement\":[{\"@type\":\"ListItem\",\"position\":1,\"name\":\"Home\",\"item\":\"https:\\\/\\\/redfoxlotto.com\\\/cs\\\/\"},{\"@type\":\"ListItem\",\"position\":2,\"name\":\"V\u00fdsledky mezin\u00e1rodn\u00ed loterie\"}]},{\"@type\":\"WebSite\",\"@id\":\"https:\\\/\\\/redfoxlotto.com\\\/cs\\\/#website\",\"url\":\"https:\\\/\\\/redfoxlotto.com\\\/cs\\\/\",\"name\":\"Get Tickets for the World\u2019s largest jackpots\",\"description\":\"Participate in worldwide lottery jackpots from any country\",\"publisher\":{\"@id\":\"https:\\\/\\\/redfoxlotto.com\\\/cs\\\/#organization\"},\"potentialAction\":[{\"@type\":\"SearchAction\",\"target\":{\"@type\":\"EntryPoint\",\"urlTemplate\":\"https:\\\/\\\/redfoxlotto.com\\\/cs\\\/?s={search_term_string}\"},\"query-input\":{\"@type\":\"PropertyValueSpecification\",\"valueRequired\":true,\"valueName\":\"search_term_string\"}}],\"inLanguage\":\"cs\"},{\"@type\":\"Organization\",\"@id\":\"https:\\\/\\\/redfoxlotto.com\\\/cs\\\/#organization\",\"name\":\"Get Tickets for the World\u2019s largest jackpots\",\"url\":\"https:\\\/\\\/redfoxlotto.com\\\/cs\\\/\",\"logo\":{\"@type\":\"ImageObject\",\"inLanguage\":\"cs\",\"@id\":\"https:\\\/\\\/redfoxlotto.com\\\/cs\\\/#\\\/schema\\\/logo\\\/image\\\/\",\"url\":\"https:\\\/\\\/redfoxlotto.com\\\/wp-content\\\/uploads\\\/2023\\\/04\\\/logo.png\",\"contentUrl\":\"https:\\\/\\\/redfoxlotto.com\\\/wp-content\\\/uploads\\\/2023\\\/04\\\/logo.png\",\"width\":269,\"height\":53,\"caption\":\"Get Tickets for the World\u2019s largest jackpots\"},\"image\":{\"@id\":\"https:\\\/\\\/redfoxlotto.com\\\/cs\\\/#\\\/schema\\\/logo\\\/image\\\/\"}}]}<\/script>\n<!-- \/ Yoast SEO plugin. -->","yoast_head_json":{"title":"V\u00edt\u011bzn\u00e1 \u010d\u00edsla a v\u00fdsledky mezin\u00e1rodn\u00edch loteri\u00ed","description":"Byl V\u00e1\u0161 loterijn\u00ed tiket v\u00edt\u011bzn\u00fd? Najd\u011bte v\u00fdsledky a v\u00fdhern\u00ed \u010d\u00edsla mezin\u00e1rodn\u00edch loteri\u00ed zde.","robots":{"index":"index","follow":"follow","max-snippet":"max-snippet:-1","max-image-preview":"max-image-preview:large","max-video-preview":"max-video-preview:-1"},"canonical":"https:\/\/redfoxlotto.com\/cs\/vysledky\/","og_locale":"cs_CZ","og_type":"article","og_title":"V\u00edt\u011bzn\u00e1 \u010d\u00edsla a v\u00fdsledky mezin\u00e1rodn\u00edch loteri\u00ed","og_description":"Byl V\u00e1\u0161 loterijn\u00ed tiket v\u00edt\u011bzn\u00fd? Najd\u011bte v\u00fdsledky a v\u00fdhern\u00ed \u010d\u00edsla mezin\u00e1rodn\u00edch loteri\u00ed zde.","og_url":"https:\/\/redfoxlotto.com\/cs\/vysledky\/","og_site_name":"Get Tickets for the World\u2019s largest jackpots","article_modified_time":"2025-12-18T08:27:49+00:00","og_image":[{"url":"https:\/\/content.redfoxlotto.com\/uploads\/sites\/9\/1_winning_lottery_numbers.jpg","type":"","width":"","height":""}],"twitter_card":"summary_large_image","twitter_misc":{"Odhadovan\u00e1 doba \u010dten\u00ed":"2 minuty"},"schema":{"@context":"https:\/\/schema.org","@graph":[{"@type":"WebPage","@id":"https:\/\/redfoxlotto.com\/cs\/vysledky\/","url":"https:\/\/redfoxlotto.com\/cs\/vysledky\/","name":"V\u00edt\u011bzn\u00e1 \u010d\u00edsla a v\u00fdsledky mezin\u00e1rodn\u00edch loteri\u00ed","isPartOf":{"@id":"https:\/\/redfoxlotto.com\/cs\/#website"},"primaryImageOfPage":{"@id":"https:\/\/redfoxlotto.com\/cs\/vysledky\/#primaryimage"},"image":{"@id":"https:\/\/redfoxlotto.com\/cs\/vysledky\/#primaryimage"},"thumbnailUrl":"https:\/\/content.redfoxlotto.com\/uploads\/sites\/9\/1_winning_lottery_numbers.jpg","datePublished":"2023-04-24T14:13:24+00:00","dateModified":"2025-12-18T08:27:49+00:00","description":"Byl V\u00e1\u0161 loterijn\u00ed tiket v\u00edt\u011bzn\u00fd? Najd\u011bte v\u00fdsledky a v\u00fdhern\u00ed \u010d\u00edsla mezin\u00e1rodn\u00edch loteri\u00ed zde.","breadcrumb":{"@id":"https:\/\/redfoxlotto.com\/cs\/vysledky\/#breadcrumb"},"inLanguage":"cs","potentialAction":[{"@type":"ReadAction","target":["https:\/\/redfoxlotto.com\/cs\/vysledky\/"]}]},{"@type":"ImageObject","inLanguage":"cs","@id":"https:\/\/redfoxlotto.com\/cs\/vysledky\/#primaryimage","url":"https:\/\/content.redfoxlotto.com\/uploads\/sites\/9\/1_winning_lottery_numbers.jpg","contentUrl":"https:\/\/content.redfoxlotto.com\/uploads\/sites\/9\/1_winning_lottery_numbers.jpg"},{"@type":"BreadcrumbList","@id":"https:\/\/redfoxlotto.com\/cs\/vysledky\/#breadcrumb","itemListElement":[{"@type":"ListItem","position":1,"name":"Home","item":"https:\/\/redfoxlotto.com\/cs\/"},{"@type":"ListItem","position":2,"name":"V\u00fdsledky mezin\u00e1rodn\u00ed loterie"}]},{"@type":"WebSite","@id":"https:\/\/redfoxlotto.com\/cs\/#website","url":"https:\/\/redfoxlotto.com\/cs\/","name":"Get Tickets for the World\u2019s largest jackpots","description":"Participate in worldwide lottery jackpots from any country","publisher":{"@id":"https:\/\/redfoxlotto.com\/cs\/#organization"},"potentialAction":[{"@type":"SearchAction","target":{"@type":"EntryPoint","urlTemplate":"https:\/\/redfoxlotto.com\/cs\/?s={search_term_string}"},"query-input":{"@type":"PropertyValueSpecification","valueRequired":true,"valueName":"search_term_string"}}],"inLanguage":"cs"},{"@type":"Organization","@id":"https:\/\/redfoxlotto.com\/cs\/#organization","name":"Get Tickets for the World\u2019s largest jackpots","url":"https:\/\/redfoxlotto.com\/cs\/","logo":{"@type":"ImageObject","inLanguage":"cs","@id":"https:\/\/redfoxlotto.com\/cs\/#\/schema\/logo\/image\/","url":"https:\/\/redfoxlotto.com\/wp-content\/uploads\/2023\/04\/logo.png","contentUrl":"https:\/\/redfoxlotto.com\/wp-content\/uploads\/2023\/04\/logo.png","width":269,"height":53,"caption":"Get Tickets for the World\u2019s largest jackpots"},"image":{"@id":"https:\/\/redfoxlotto.com\/cs\/#\/schema\/logo\/image\/"}}]}},"_links":{"self":[{"href":"https:\/\/redfoxlotto.com\/cs\/wp-json\/wp\/v2\/pages\/5774","targetHints":{"allow":["GET"]}}],"collection":[{"href":"https:\/\/redfoxlotto.com\/cs\/wp-json\/wp\/v2\/pages"}],"about":[{"href":"https:\/\/redfoxlotto.com\/cs\/wp-json\/wp\/v2\/types\/page"}],"author":[{"embeddable":true,"href":"https:\/\/redfoxlotto.com\/cs\/wp-json\/wp\/v2\/users\/1"}],"replies":[{"embeddable":true,"href":"https:\/\/redfoxlotto.com\/cs\/wp-json\/wp\/v2\/comments?post=5774"}],"version-history":[{"count":0,"href":"https:\/\/redfoxlotto.com\/cs\/wp-json\/wp\/v2\/pages\/5774\/revisions"}],"wp:attachment":[{"href":"https:\/\/redfoxlotto.com\/cs\/wp-json\/wp\/v2\/media?parent=5774"}],"curies":[{"name":"wp","href":"https:\/\/api.w.org\/{rel}","templated":true}]}}