{"id":5773,"date":"2018-11-18T08:54:25","date_gmt":"2018-11-18T08:54:25","guid":{"rendered":"https:\/\/redfoxlotto.com\/?page_id=776"},"modified":"2019-11-21T09:56:52","modified_gmt":"2019-11-21T09:56:52","slug":"lotto-uk","status":"publish","type":"page","link":"https:\/\/redfoxlotto.com\/cs\/loterie\/lotto-uk\/","title":{"rendered":"O Britsk\u00e9 UK loterii"},"content":{"rendered":"<p>UK Loterie ve Velk\u00e9 Brit\u00e1nii je nejv\u011bt\u0161\u00ed n\u00e1rodn\u00ed loteri\u00ed ve Velk\u00e9 Brit\u00e1nii, ani\u017e by se po\u010d\u00edtaly celoevropsk\u00e9 loterie jako <a href=\"https:\/\/redfoxlotto.com\/cs\/loterie\/euromillions\/\">Euromillions<\/a> a <a href=\"https:\/\/redfoxlotto.com\/cs\/loterie\/eurojackpot\/\">Eurojackpot<\/a>.<!--more--><br \/>\n<img loading=\"lazy\" decoding=\"async\" class=\" wp-image alignright\" src=\"https:\/\/content.redfoxlotto.com\/uploads\/sites\/9\/2_ticket_uk_lottery2.jpg\" alt=\"loterijn\u00ed l\u00edstky ve Velk\u00e9 Brit\u00e1nii\" width=\"157\" height=\"248\" \/><\/p>\n<p>V dne\u0161n\u00ed dob\u011b mohou hr\u00e1\u010di t\u00e9to loterie hr\u00e1t i mimo Velkou Brit\u00e1nii. Mo\u017enosti v\u00fdher jsou lep\u0161\u00ed ne\u017e ve v\u011bt\u0161in\u011b ostatn\u00edch evropsk\u00fdch loteri\u00ed.<\/p>\n<p>Britsk\u00e1 UK loterie, jak n\u00e1zev napov\u00edd\u00e1, je ofici\u00e1ln\u00ed loteri\u00ed Spojen\u00e9ho kr\u00e1lovstv\u00ed. V roce 1994, kdy hra za\u010dala, byla zn\u00e1m\u00e1 jako National lottery, ale v roce 2002 byla zm\u011bn\u011bna na Loterie. Britsk\u00e1 loterie je fran\u0161\u00edzov\u00e1na vl\u00e1dou Spojen\u00e9ho kr\u00e1lovstv\u00ed a povolen\u00ed k provozov\u00e1n\u00ed loterie bylo ud\u011bleno skupin\u011b zn\u00e1m\u00e9 jako skupina Camelot, zat\u00edmco regula\u010dn\u00ed operace v loterii prov\u00e1d\u00ed hazardn\u00ed komise.<\/p>\n<h2>Jak se \u00fa\u010dastnit z oblast\u00ed mimo Britsk\u00e9 kr\u00e1lovstv\u00ed<\/h2>\n<p>Aby se hr\u00e1\u010di mohli \u00fa\u010dastnit UK loterie ve Velk\u00e9 Brit\u00e1nii, mus\u00ed si zakoupit loterijn\u00ed tiket, mohou si vybrat 6 \u010d\u00edsel z 59 a maj\u00ed tak\u00e9 mo\u017enost vybrat si \u0161\u0165astn\u00fd v\u00fdb\u011br, ve kter\u00e9m jsou \u010d\u00edsla n\u00e1hodn\u011b vybr\u00e1na. \u017detony se prov\u00e1d\u011bj\u00ed dvakr\u00e1t t\u00fddn\u011b, kdy je n\u00e1hodn\u011b vybr\u00e1no 6 \u010d\u00edsel a ze zb\u00fdvaj\u00edc\u00edch 53 je tak\u00e9 vybr\u00e1no bonusov\u00e9 \u010d\u00edslo. Pokud jsou \u010d\u00edsla na Va\u0161em tiketu shodn\u00e9 s hlavn\u00edmi 6 vybran\u00fdmi \u010d\u00edsly, vyhr\u00e1li jste jackpot. I kdy\u017e se V\u00e1\u0161 tiket neshoduje s cel\u00fdmi 6 vylosovan\u00fdmi \u010d\u00edsly, st\u00e1le m\u00e1te \u0161anci n\u011bco vyhr\u00e1t, proto\u017ee existuj\u00ed ceny za shodu 2, 3, 4 nebo 5 vylosovan\u00fdch \u010d\u00edsel bez vylou\u010den\u00ed bonusov\u00e9ho \u010d\u00edsla.<br \/>\n<img loading=\"lazy\" decoding=\"async\" class=\" wp-image alignright\" src=\"https:\/\/content.redfoxlotto.com\/uploads\/sites\/9\/1_win_lottery_online3.jpg\" alt=\"koupit tiket ve Velk\u00e9 Brit\u00e1nii\" width=\"218\" height=\"145\" \/><br \/>\nNejv\u011bt\u0161\u00edm dosud <a href=\"https:\/\/redfoxlotto.com\/cs\/\">vyhran\u00fdm jackpotem<\/a> v UK loterii ve Velk\u00e9 Brit\u00e1nii je v\u00edt\u011bzstv\u00ed 161,6 milionu ? z 12. \u010dervence 2011 Collinsem Weirem a jeho man\u017eelkou. Pravd\u011bpodobnost zasa\u017een\u00ed jackpotu v britsk\u00e9 UK loterii je 1:45 milion\u016fm.<\/p>\n<p><strong>Z\u00edskejte tikety online k britsk\u00e9 UK Loterii!<\/strong><\/p>\n","protected":false},"excerpt":{"rendered":"<p>UK Loterie ve Velk\u00e9 Brit\u00e1nii je nejv\u011bt\u0161\u00ed n\u00e1rodn\u00ed loteri\u00ed ve Velk\u00e9 Brit\u00e1nii, ani\u017e by se po\u010d\u00edtaly celoevropsk\u00e9 loterie jako Euromillions a Eurojackpot.<\/p>\n","protected":false},"author":1,"featured_media":0,"parent":5766,"menu_order":9,"comment_status":"closed","ping_status":"closed","template":"lotto-uk-info.php","meta":{"_et_pb_use_builder":"","_et_pb_old_content":"","_et_gb_content_width":"","exclude_from_search":false,"footnotes":""},"class_list":["post-5773","page","type-page","status-publish","hentry"],"yoast_head":"<!-- This site is optimized with the Yoast SEO plugin v27.3 - https:\/\/yoast.com\/product\/yoast-seo-wordpress\/ -->\n<title>Informace, kter\u00e9 pot\u0159ebujete k Britsk\u00e9 UK loterii<\/title>\n<meta name=\"description\" content=\"S britskou UK loteri\u00ed m\u00e1te v\u011bt\u0161\u00ed \u0161anci t\u00edm, \u017ee budete zn\u00e1t tyto informace.\" \/>\n<meta name=\"robots\" content=\"index, follow, max-snippet:-1, max-image-preview:large, max-video-preview:-1\" \/>\n<link rel=\"canonical\" href=\"https:\/\/redfoxlotto.com\/cs\/loterie\/lotto-uk\/\" \/>\n<meta property=\"og:locale\" content=\"cs_CZ\" \/>\n<meta property=\"og:type\" content=\"article\" \/>\n<meta property=\"og:title\" content=\"Informace, kter\u00e9 pot\u0159ebujete k Britsk\u00e9 UK loterii\" \/>\n<meta property=\"og:description\" content=\"S britskou UK loteri\u00ed m\u00e1te v\u011bt\u0161\u00ed \u0161anci t\u00edm, \u017ee budete zn\u00e1t tyto informace.\" \/>\n<meta property=\"og:url\" content=\"https:\/\/redfoxlotto.com\/cs\/loterie\/lotto-uk\/\" \/>\n<meta property=\"og:site_name\" content=\"Get Tickets for the World\u2019s largest jackpots\" \/>\n<meta property=\"article:modified_time\" content=\"2019-11-21T09:56:52+00:00\" \/>\n<meta property=\"og:image\" content=\"https:\/\/content.redfoxlotto.com\/uploads\/sites\/9\/2_ticket_uk_lottery2.jpg\" \/>\n<meta name=\"twitter:card\" content=\"summary_large_image\" \/>\n<meta name=\"twitter:label1\" content=\"Odhadovan\u00e1 doba \u010dten\u00ed\" \/>\n\t<meta name=\"twitter:data1\" content=\"2 minuty\" \/>\n<script type=\"application\/ld+json\" class=\"yoast-schema-graph\">{\"@context\":\"https:\\\/\\\/schema.org\",\"@graph\":[{\"@type\":\"WebPage\",\"@id\":\"https:\\\/\\\/redfoxlotto.com\\\/cs\\\/loterie\\\/lotto-uk\\\/\",\"url\":\"https:\\\/\\\/redfoxlotto.com\\\/cs\\\/loterie\\\/lotto-uk\\\/\",\"name\":\"Informace, kter\u00e9 pot\u0159ebujete k Britsk\u00e9 UK loterii\",\"isPartOf\":{\"@id\":\"https:\\\/\\\/redfoxlotto.com\\\/cs\\\/#website\"},\"primaryImageOfPage\":{\"@id\":\"https:\\\/\\\/redfoxlotto.com\\\/cs\\\/loterie\\\/lotto-uk\\\/#primaryimage\"},\"image\":{\"@id\":\"https:\\\/\\\/redfoxlotto.com\\\/cs\\\/loterie\\\/lotto-uk\\\/#primaryimage\"},\"thumbnailUrl\":\"https:\\\/\\\/content.redfoxlotto.com\\\/uploads\\\/sites\\\/9\\\/2_ticket_uk_lottery2.jpg\",\"datePublished\":\"2018-11-18T08:54:25+00:00\",\"dateModified\":\"2019-11-21T09:56:52+00:00\",\"description\":\"S britskou UK loteri\u00ed m\u00e1te v\u011bt\u0161\u00ed \u0161anci t\u00edm, \u017ee budete zn\u00e1t tyto informace.\",\"breadcrumb\":{\"@id\":\"https:\\\/\\\/redfoxlotto.com\\\/cs\\\/loterie\\\/lotto-uk\\\/#breadcrumb\"},\"inLanguage\":\"cs\",\"potentialAction\":[{\"@type\":\"ReadAction\",\"target\":[\"https:\\\/\\\/redfoxlotto.com\\\/cs\\\/loterie\\\/lotto-uk\\\/\"]}]},{\"@type\":\"ImageObject\",\"inLanguage\":\"cs\",\"@id\":\"https:\\\/\\\/redfoxlotto.com\\\/cs\\\/loterie\\\/lotto-uk\\\/#primaryimage\",\"url\":\"https:\\\/\\\/content.redfoxlotto.com\\\/uploads\\\/sites\\\/9\\\/2_ticket_uk_lottery2.jpg\",\"contentUrl\":\"https:\\\/\\\/content.redfoxlotto.com\\\/uploads\\\/sites\\\/9\\\/2_ticket_uk_lottery2.jpg\"},{\"@type\":\"BreadcrumbList\",\"@id\":\"https:\\\/\\\/redfoxlotto.com\\\/cs\\\/loterie\\\/lotto-uk\\\/#breadcrumb\",\"itemListElement\":[{\"@type\":\"ListItem\",\"position\":1,\"name\":\"Home\",\"item\":\"https:\\\/\\\/redfoxlotto.com\\\/cs\\\/\"},{\"@type\":\"ListItem\",\"position\":2,\"name\":\"Jak\u00fdm zp\u016fsobem zakoupit online loterijn\u00ed tikety \u2013 kupn\u00ed proces\",\"item\":\"https:\\\/\\\/redfoxlotto.com\\\/cs\\\/loterie\\\/\"},{\"@type\":\"ListItem\",\"position\":3,\"name\":\"O Britsk\u00e9 UK loterii\"}]},{\"@type\":\"WebSite\",\"@id\":\"https:\\\/\\\/redfoxlotto.com\\\/cs\\\/#website\",\"url\":\"https:\\\/\\\/redfoxlotto.com\\\/cs\\\/\",\"name\":\"Get Tickets for the World\u2019s largest jackpots\",\"description\":\"Participate in worldwide lottery jackpots from any country\",\"publisher\":{\"@id\":\"https:\\\/\\\/redfoxlotto.com\\\/cs\\\/#organization\"},\"potentialAction\":[{\"@type\":\"SearchAction\",\"target\":{\"@type\":\"EntryPoint\",\"urlTemplate\":\"https:\\\/\\\/redfoxlotto.com\\\/cs\\\/?s={search_term_string}\"},\"query-input\":{\"@type\":\"PropertyValueSpecification\",\"valueRequired\":true,\"valueName\":\"search_term_string\"}}],\"inLanguage\":\"cs\"},{\"@type\":\"Organization\",\"@id\":\"https:\\\/\\\/redfoxlotto.com\\\/cs\\\/#organization\",\"name\":\"Get Tickets for the World\u2019s largest jackpots\",\"url\":\"https:\\\/\\\/redfoxlotto.com\\\/cs\\\/\",\"logo\":{\"@type\":\"ImageObject\",\"inLanguage\":\"cs\",\"@id\":\"https:\\\/\\\/redfoxlotto.com\\\/cs\\\/#\\\/schema\\\/logo\\\/image\\\/\",\"url\":\"https:\\\/\\\/redfoxlotto.com\\\/wp-content\\\/uploads\\\/2023\\\/04\\\/logo.png\",\"contentUrl\":\"https:\\\/\\\/redfoxlotto.com\\\/wp-content\\\/uploads\\\/2023\\\/04\\\/logo.png\",\"width\":269,\"height\":53,\"caption\":\"Get Tickets for the World\u2019s largest jackpots\"},\"image\":{\"@id\":\"https:\\\/\\\/redfoxlotto.com\\\/cs\\\/#\\\/schema\\\/logo\\\/image\\\/\"}}]}<\/script>\n<!-- \/ Yoast SEO plugin. -->","yoast_head_json":{"title":"Informace, kter\u00e9 pot\u0159ebujete k Britsk\u00e9 UK loterii","description":"S britskou UK loteri\u00ed m\u00e1te v\u011bt\u0161\u00ed \u0161anci t\u00edm, \u017ee budete zn\u00e1t tyto informace.","robots":{"index":"index","follow":"follow","max-snippet":"max-snippet:-1","max-image-preview":"max-image-preview:large","max-video-preview":"max-video-preview:-1"},"canonical":"https:\/\/redfoxlotto.com\/cs\/loterie\/lotto-uk\/","og_locale":"cs_CZ","og_type":"article","og_title":"Informace, kter\u00e9 pot\u0159ebujete k Britsk\u00e9 UK loterii","og_description":"S britskou UK loteri\u00ed m\u00e1te v\u011bt\u0161\u00ed \u0161anci t\u00edm, \u017ee budete zn\u00e1t tyto informace.","og_url":"https:\/\/redfoxlotto.com\/cs\/loterie\/lotto-uk\/","og_site_name":"Get Tickets for the World\u2019s largest jackpots","article_modified_time":"2019-11-21T09:56:52+00:00","og_image":[{"url":"https:\/\/content.redfoxlotto.com\/uploads\/sites\/9\/2_ticket_uk_lottery2.jpg","type":"","width":"","height":""}],"twitter_card":"summary_large_image","twitter_misc":{"Odhadovan\u00e1 doba \u010dten\u00ed":"2 minuty"},"schema":{"@context":"https:\/\/schema.org","@graph":[{"@type":"WebPage","@id":"https:\/\/redfoxlotto.com\/cs\/loterie\/lotto-uk\/","url":"https:\/\/redfoxlotto.com\/cs\/loterie\/lotto-uk\/","name":"Informace, kter\u00e9 pot\u0159ebujete k Britsk\u00e9 UK loterii","isPartOf":{"@id":"https:\/\/redfoxlotto.com\/cs\/#website"},"primaryImageOfPage":{"@id":"https:\/\/redfoxlotto.com\/cs\/loterie\/lotto-uk\/#primaryimage"},"image":{"@id":"https:\/\/redfoxlotto.com\/cs\/loterie\/lotto-uk\/#primaryimage"},"thumbnailUrl":"https:\/\/content.redfoxlotto.com\/uploads\/sites\/9\/2_ticket_uk_lottery2.jpg","datePublished":"2018-11-18T08:54:25+00:00","dateModified":"2019-11-21T09:56:52+00:00","description":"S britskou UK loteri\u00ed m\u00e1te v\u011bt\u0161\u00ed \u0161anci t\u00edm, \u017ee budete zn\u00e1t tyto informace.","breadcrumb":{"@id":"https:\/\/redfoxlotto.com\/cs\/loterie\/lotto-uk\/#breadcrumb"},"inLanguage":"cs","potentialAction":[{"@type":"ReadAction","target":["https:\/\/redfoxlotto.com\/cs\/loterie\/lotto-uk\/"]}]},{"@type":"ImageObject","inLanguage":"cs","@id":"https:\/\/redfoxlotto.com\/cs\/loterie\/lotto-uk\/#primaryimage","url":"https:\/\/content.redfoxlotto.com\/uploads\/sites\/9\/2_ticket_uk_lottery2.jpg","contentUrl":"https:\/\/content.redfoxlotto.com\/uploads\/sites\/9\/2_ticket_uk_lottery2.jpg"},{"@type":"BreadcrumbList","@id":"https:\/\/redfoxlotto.com\/cs\/loterie\/lotto-uk\/#breadcrumb","itemListElement":[{"@type":"ListItem","position":1,"name":"Home","item":"https:\/\/redfoxlotto.com\/cs\/"},{"@type":"ListItem","position":2,"name":"Jak\u00fdm zp\u016fsobem zakoupit online loterijn\u00ed tikety \u2013 kupn\u00ed proces","item":"https:\/\/redfoxlotto.com\/cs\/loterie\/"},{"@type":"ListItem","position":3,"name":"O Britsk\u00e9 UK loterii"}]},{"@type":"WebSite","@id":"https:\/\/redfoxlotto.com\/cs\/#website","url":"https:\/\/redfoxlotto.com\/cs\/","name":"Get Tickets for the World\u2019s largest jackpots","description":"Participate in worldwide lottery jackpots from any country","publisher":{"@id":"https:\/\/redfoxlotto.com\/cs\/#organization"},"potentialAction":[{"@type":"SearchAction","target":{"@type":"EntryPoint","urlTemplate":"https:\/\/redfoxlotto.com\/cs\/?s={search_term_string}"},"query-input":{"@type":"PropertyValueSpecification","valueRequired":true,"valueName":"search_term_string"}}],"inLanguage":"cs"},{"@type":"Organization","@id":"https:\/\/redfoxlotto.com\/cs\/#organization","name":"Get Tickets for the World\u2019s largest jackpots","url":"https:\/\/redfoxlotto.com\/cs\/","logo":{"@type":"ImageObject","inLanguage":"cs","@id":"https:\/\/redfoxlotto.com\/cs\/#\/schema\/logo\/image\/","url":"https:\/\/redfoxlotto.com\/wp-content\/uploads\/2023\/04\/logo.png","contentUrl":"https:\/\/redfoxlotto.com\/wp-content\/uploads\/2023\/04\/logo.png","width":269,"height":53,"caption":"Get Tickets for the World\u2019s largest jackpots"},"image":{"@id":"https:\/\/redfoxlotto.com\/cs\/#\/schema\/logo\/image\/"}}]}},"_links":{"self":[{"href":"https:\/\/redfoxlotto.com\/cs\/wp-json\/wp\/v2\/pages\/5773","targetHints":{"allow":["GET"]}}],"collection":[{"href":"https:\/\/redfoxlotto.com\/cs\/wp-json\/wp\/v2\/pages"}],"about":[{"href":"https:\/\/redfoxlotto.com\/cs\/wp-json\/wp\/v2\/types\/page"}],"author":[{"embeddable":true,"href":"https:\/\/redfoxlotto.com\/cs\/wp-json\/wp\/v2\/users\/1"}],"replies":[{"embeddable":true,"href":"https:\/\/redfoxlotto.com\/cs\/wp-json\/wp\/v2\/comments?post=5773"}],"version-history":[{"count":0,"href":"https:\/\/redfoxlotto.com\/cs\/wp-json\/wp\/v2\/pages\/5773\/revisions"}],"up":[{"embeddable":true,"href":"https:\/\/redfoxlotto.com\/cs\/wp-json\/wp\/v2\/pages\/5766"}],"wp:attachment":[{"href":"https:\/\/redfoxlotto.com\/cs\/wp-json\/wp\/v2\/media?parent=5773"}],"curies":[{"name":"wp","href":"https:\/\/api.w.org\/{rel}","templated":true}]}}