{"id":5772,"date":"2018-11-18T08:54:25","date_gmt":"2018-11-18T08:54:25","guid":{"rendered":"https:\/\/redfoxlotto.com\/?page_id=774"},"modified":"2019-11-21T09:56:52","modified_gmt":"2019-11-21T09:56:52","slug":"superenalotto","status":"publish","type":"page","link":"https:\/\/redfoxlotto.com\/cs\/loterie\/superenalotto\/","title":{"rendered":"O h\u0159e SuperEnalotto"},"content":{"rendered":"<p>Tato loterie z It\u00e1lie byla v 50. letech p\u0159edstavena jako \u201eEnaLotto\u201c a pozd\u011bji p\u0159ejmenov\u00e1na na SuperEnaLotto. Nejvy\u0161\u0161\u00ed zaznamenan\u00e9 v\u00edt\u011bzstv\u00ed v SuperEnalottu bylo 177 729 043,16 \u20ac.<br><\/p><!--more--><p>Tato loterie m\u00e1 t\u0159i slosov\u00e1n\u00ed t\u00fddn\u011b &#8211; ka\u017ed\u00e9 \u00fater\u00fd, \u010dtvrtek a sobotu.<\/p><h2 class=\"wp-block-heading\">Jak si koupit l\u00edstek Superenalotto online<\/h2><p>Proces n\u00e1kupu va\u0161\u00ed vstupenky Superenalotto online je velmi jednoduch\u00fd. N\u00e1\u0161 web v\u00e1s provede n\u00e1kupem letenky a platbou.<\/p><div class=\"wp-block-image\"><figure class=\"alignright is-resized\"><img loading=\"lazy\" decoding=\"async\" src=\"https:\/\/content.redfoxlotto.com\/uploads\/sites\/9\/2_ticket_superenalotto4.jpg\" alt=\"Superenalotto hr\u00e1t online\" width=\"207\" height=\"293\" \/><\/figure><\/div><p>Kdy\u017e jste p\u0159ipraveni koupit si l\u00edstek online, m\u016f\u017eete to ud\u011blat dv\u011bma r\u016fzn\u00fdmi zp\u016fsoby:<\/p><ul class=\"wp-block-list\"><li>Za\u010dn\u011bte registrac\u00ed \u00fa\u010dtu v RedFoxLotto (nezapome\u0148te kliknout na odkaz v ov\u011b\u0159ovac\u00edm e-mailu, kter\u00fd v\u00e1m po\u0161leme!) A pot\u00e9 nejprve vlo\u017eit n\u011bjak\u00e9 pen\u00edze na v\u00e1\u0161 \u00fa\u010det. Nyn\u00ed, kdy\u017e m\u00e1te na sv\u00e9m \u00fa\u010dtu pen\u00edze, m\u016f\u017eete si vybrat loterii, vybrat \u010d\u00edsla a platit z\u016fstatkem na \u00fa\u010dtu. Tato metoda je ide\u00e1ln\u00ed, pokud si chcete dnes koupit n\u011bjak\u00e9 l\u00edstky online a pozd\u011bji se vr\u00e1tit a zakoupit si dal\u0161\u00ed l\u00edstky.<\/li><\/ul><p>Nebo:<\/p><ul class=\"wp-block-list\"><li>Nejprve vyberte loterii a pot\u00e9 si vyberte \u010d\u00edsla. P\u0159idejte dal\u0161\u00ed loterie a dal\u0161\u00ed vstupenky, pokud chcete. Pot\u00e9 klikn\u011bte na tla\u010d\u00edtko \u201epay now\u201c. D\u00e1le se zobraz\u00ed p\u0159ihla\u0161ovac\u00ed obrazovka. Proto\u017ee je\u0161t\u011b nem\u00e1te \u00fa\u010det, mus\u00edte si jej vytvo\u0159it kliknut\u00edm na tla\u010d\u00edtko \u201eZaregistrovat se\u201c. Po zaregistrov\u00e1n\u00ed a ov\u011b\u0159en\u00ed nov\u00e9ho \u00fa\u010dtu vyhledejte symbol n\u00e1kupn\u00edho ko\u0161\u00edku a klikn\u011bte na n\u011bj. Pak plat\u00edte online pomoc\u00ed jak\u00e9koli metody, kter\u00e1 je pro v\u00e1s v\u00fdhodn\u00e1.<\/li><\/ul><p>Ujist\u011bte se, \u017ee jste provedli v\u0161echny pot\u0159ebn\u00e9 kroky pro platbu. Po \u00fasp\u011b\u0161n\u00e9m zakoupen\u00ed vstupenek obdr\u017e\u00edte potvrzovac\u00ed e-mail. Pot\u00e9 sta\u010d\u00ed jen \u010dekat na losov\u00e1n\u00ed, abyste zjistili, zda jste vyhr\u00e1li!<\/p><h2 class=\"wp-block-heading\">SuperEnalotto celosv\u011btov\u011b<\/h2><p>A\u017e do zaveden\u00ed <a href=\"https:\/\/redfoxlotto.com\/cs\/hrat\/eurojackpot\/\">Eurojackpotu<\/a> byla loterie SuperEnalotto kr\u00e1lovnou evropsk\u00fdch loteri\u00ed. V sou\u010dasn\u00e9 dob\u011b se nehraje pouze v It\u00e1lii, ale hraj\u00ed ji tak\u00e9 online hr\u00e1\u010di z jin\u00fdch zem\u00ed. A\u0165 u\u017e \u017eijete kdekoli, <strong>m\u016f\u017eete si tikety na SuperEnalotto koupit online p\u0159\u00edmo zde na na\u0161em webu.<\/strong><\/p><h2 class=\"wp-block-heading\">Pravidla hry SuperEnalotto<\/h2><div class=\"wp-block-image\"><figure class=\"alignright is-resized\"><img loading=\"lazy\" decoding=\"async\" src=\"https:\/\/content.redfoxlotto.com\/uploads\/sites\/9\/1_buy_ticket_jackpot.jpg\" alt=\"vyhr\u00e1t Superenalotto\" width=\"245\" height=\"162\" \/><\/figure><\/div><p><br>SuperEnaLotto je hra typu 6 z 90, bez dodatkov\u00fdch \u010d\u00edsel. Uh\u00e1dnut\u00edm 6 <a href=\"https:\/\/redfoxlotto.com\/cs\/vysledky\/\">\u010d\u00edsel vyhrajete jackpot<\/a>. Pokud m\u00e1 V\u00e1\u0161 tiket SuperEnalotto spr\u00e1vn\u011b alespo\u0148 3 \u010d\u00edsla, m\u00e1te n\u00e1rok na jednu z ni\u017e\u0161\u00edch cen.<\/p>","protected":false},"excerpt":{"rendered":"<p>Tato loterie z It\u00e1lie byla v 50. letech p\u0159edstavena jako \u201eEnaLotto\u201c a pozd\u011bji p\u0159ejmenov\u00e1na na SuperEnaLotto. Nejvy\u0161\u0161\u00ed zaznamenan\u00e9 v\u00edt\u011bzstv\u00ed v SuperEnalottu bylo 177 729 043,16 \u20ac.<\/p>\n","protected":false},"author":1,"featured_media":0,"parent":5766,"menu_order":5,"comment_status":"closed","ping_status":"closed","template":"superenalotto-info.php","meta":{"_et_pb_use_builder":"","_et_pb_old_content":"","_et_gb_content_width":"","exclude_from_search":false,"footnotes":""},"class_list":["post-5772","page","type-page","status-publish","hentry"],"yoast_head":"<!-- This site is optimized with the Yoast SEO plugin v23.8 - https:\/\/yoast.com\/wordpress\/plugins\/seo\/ -->\n<title>Zakoupit tikety ke h\u0159e Superenalotto online<\/title>\n<meta name=\"description\" content=\"I kdy\u017e ne\u017eijete v It\u00e1lii, tikety na SuperEnalotto si m\u016f\u017eete koupit online hned te\u010f!\" \/>\n<meta name=\"robots\" content=\"index, follow, max-snippet:-1, max-image-preview:large, max-video-preview:-1\" \/>\n<link rel=\"canonical\" href=\"https:\/\/redfoxlotto.com\/cs\/loterie\/superenalotto\/\" \/>\n<meta property=\"og:locale\" content=\"cs_CZ\" \/>\n<meta property=\"og:type\" content=\"article\" \/>\n<meta property=\"og:title\" content=\"Zakoupit tikety ke h\u0159e Superenalotto online\" \/>\n<meta property=\"og:description\" content=\"I kdy\u017e ne\u017eijete v It\u00e1lii, tikety na SuperEnalotto si m\u016f\u017eete koupit online hned te\u010f!\" \/>\n<meta property=\"og:url\" content=\"https:\/\/redfoxlotto.com\/cs\/loterie\/superenalotto\/\" \/>\n<meta property=\"og:site_name\" content=\"Get Tickets for the World\u2019s largest jackpots\" \/>\n<meta property=\"article:modified_time\" content=\"2019-11-21T09:56:52+00:00\" \/>\n<meta property=\"og:image\" content=\"https:\/\/content.redfoxlotto.com\/uploads\/sites\/9\/2_ticket_superenalotto4.jpg\" \/>\n<meta name=\"twitter:card\" content=\"summary_large_image\" \/>\n<meta name=\"twitter:label1\" content=\"Odhadovan\u00e1 doba \u010dten\u00ed\" \/>\n\t<meta name=\"twitter:data1\" content=\"2 minuty\" \/>\n<script type=\"application\/ld+json\" class=\"yoast-schema-graph\">{\"@context\":\"https:\/\/schema.org\",\"@graph\":[{\"@type\":\"WebPage\",\"@id\":\"https:\/\/redfoxlotto.com\/cs\/loterie\/superenalotto\/\",\"url\":\"https:\/\/redfoxlotto.com\/cs\/loterie\/superenalotto\/\",\"name\":\"Zakoupit tikety ke h\u0159e Superenalotto online\",\"isPartOf\":{\"@id\":\"https:\/\/redfoxlotto.com\/cs\/#website\"},\"primaryImageOfPage\":{\"@id\":\"https:\/\/redfoxlotto.com\/cs\/loterie\/superenalotto\/#primaryimage\"},\"image\":{\"@id\":\"https:\/\/redfoxlotto.com\/cs\/loterie\/superenalotto\/#primaryimage\"},\"thumbnailUrl\":\"https:\/\/content.redfoxlotto.com\/uploads\/sites\/9\/2_ticket_superenalotto4.jpg\",\"datePublished\":\"2018-11-18T08:54:25+00:00\",\"dateModified\":\"2019-11-21T09:56:52+00:00\",\"description\":\"I kdy\u017e ne\u017eijete v It\u00e1lii, tikety na SuperEnalotto si m\u016f\u017eete koupit online hned te\u010f!\",\"breadcrumb\":{\"@id\":\"https:\/\/redfoxlotto.com\/cs\/loterie\/superenalotto\/#breadcrumb\"},\"inLanguage\":\"cs\",\"potentialAction\":[{\"@type\":\"ReadAction\",\"target\":[\"https:\/\/redfoxlotto.com\/cs\/loterie\/superenalotto\/\"]}]},{\"@type\":\"ImageObject\",\"inLanguage\":\"cs\",\"@id\":\"https:\/\/redfoxlotto.com\/cs\/loterie\/superenalotto\/#primaryimage\",\"url\":\"https:\/\/content.redfoxlotto.com\/uploads\/sites\/9\/2_ticket_superenalotto4.jpg\",\"contentUrl\":\"https:\/\/content.redfoxlotto.com\/uploads\/sites\/9\/2_ticket_superenalotto4.jpg\"},{\"@type\":\"BreadcrumbList\",\"@id\":\"https:\/\/redfoxlotto.com\/cs\/loterie\/superenalotto\/#breadcrumb\",\"itemListElement\":[{\"@type\":\"ListItem\",\"position\":1,\"name\":\"Home\",\"item\":\"https:\/\/redfoxlotto.com\/cs\/\"},{\"@type\":\"ListItem\",\"position\":2,\"name\":\"Jak\u00fdm zp\u016fsobem zakoupit online loterijn\u00ed tikety \u2013 kupn\u00ed proces\",\"item\":\"https:\/\/redfoxlotto.com\/cs\/loterie\/\"},{\"@type\":\"ListItem\",\"position\":3,\"name\":\"O h\u0159e SuperEnalotto\"}]},{\"@type\":\"WebSite\",\"@id\":\"https:\/\/redfoxlotto.com\/cs\/#website\",\"url\":\"https:\/\/redfoxlotto.com\/cs\/\",\"name\":\"Get Tickets for the World\u2019s largest jackpots\",\"description\":\"Participate in worldwide lottery jackpots from any country\",\"publisher\":{\"@id\":\"https:\/\/redfoxlotto.com\/cs\/#organization\"},\"potentialAction\":[{\"@type\":\"SearchAction\",\"target\":{\"@type\":\"EntryPoint\",\"urlTemplate\":\"https:\/\/redfoxlotto.com\/cs\/?s={search_term_string}\"},\"query-input\":{\"@type\":\"PropertyValueSpecification\",\"valueRequired\":true,\"valueName\":\"search_term_string\"}}],\"inLanguage\":\"cs\"},{\"@type\":\"Organization\",\"@id\":\"https:\/\/redfoxlotto.com\/cs\/#organization\",\"name\":\"Get Tickets for the World\u2019s largest jackpots\",\"url\":\"https:\/\/redfoxlotto.com\/cs\/\",\"logo\":{\"@type\":\"ImageObject\",\"inLanguage\":\"cs\",\"@id\":\"https:\/\/redfoxlotto.com\/cs\/#\/schema\/logo\/image\/\",\"url\":\"https:\/\/redfoxlotto.com\/wp-content\/uploads\/2023\/04\/logo.png\",\"contentUrl\":\"https:\/\/redfoxlotto.com\/wp-content\/uploads\/2023\/04\/logo.png\",\"width\":269,\"height\":53,\"caption\":\"Get Tickets for the World\u2019s largest jackpots\"},\"image\":{\"@id\":\"https:\/\/redfoxlotto.com\/cs\/#\/schema\/logo\/image\/\"}}]}<\/script>\n<!-- \/ Yoast SEO plugin. -->","yoast_head_json":{"title":"Zakoupit tikety ke h\u0159e Superenalotto online","description":"I kdy\u017e ne\u017eijete v It\u00e1lii, tikety na SuperEnalotto si m\u016f\u017eete koupit online hned te\u010f!","robots":{"index":"index","follow":"follow","max-snippet":"max-snippet:-1","max-image-preview":"max-image-preview:large","max-video-preview":"max-video-preview:-1"},"canonical":"https:\/\/redfoxlotto.com\/cs\/loterie\/superenalotto\/","og_locale":"cs_CZ","og_type":"article","og_title":"Zakoupit tikety ke h\u0159e Superenalotto online","og_description":"I kdy\u017e ne\u017eijete v It\u00e1lii, tikety na SuperEnalotto si m\u016f\u017eete koupit online hned te\u010f!","og_url":"https:\/\/redfoxlotto.com\/cs\/loterie\/superenalotto\/","og_site_name":"Get Tickets for the World\u2019s largest jackpots","article_modified_time":"2019-11-21T09:56:52+00:00","og_image":[{"url":"https:\/\/content.redfoxlotto.com\/uploads\/sites\/9\/2_ticket_superenalotto4.jpg"}],"twitter_card":"summary_large_image","twitter_misc":{"Odhadovan\u00e1 doba \u010dten\u00ed":"2 minuty"},"schema":{"@context":"https:\/\/schema.org","@graph":[{"@type":"WebPage","@id":"https:\/\/redfoxlotto.com\/cs\/loterie\/superenalotto\/","url":"https:\/\/redfoxlotto.com\/cs\/loterie\/superenalotto\/","name":"Zakoupit tikety ke h\u0159e Superenalotto online","isPartOf":{"@id":"https:\/\/redfoxlotto.com\/cs\/#website"},"primaryImageOfPage":{"@id":"https:\/\/redfoxlotto.com\/cs\/loterie\/superenalotto\/#primaryimage"},"image":{"@id":"https:\/\/redfoxlotto.com\/cs\/loterie\/superenalotto\/#primaryimage"},"thumbnailUrl":"https:\/\/content.redfoxlotto.com\/uploads\/sites\/9\/2_ticket_superenalotto4.jpg","datePublished":"2018-11-18T08:54:25+00:00","dateModified":"2019-11-21T09:56:52+00:00","description":"I kdy\u017e ne\u017eijete v It\u00e1lii, tikety na SuperEnalotto si m\u016f\u017eete koupit online hned te\u010f!","breadcrumb":{"@id":"https:\/\/redfoxlotto.com\/cs\/loterie\/superenalotto\/#breadcrumb"},"inLanguage":"cs","potentialAction":[{"@type":"ReadAction","target":["https:\/\/redfoxlotto.com\/cs\/loterie\/superenalotto\/"]}]},{"@type":"ImageObject","inLanguage":"cs","@id":"https:\/\/redfoxlotto.com\/cs\/loterie\/superenalotto\/#primaryimage","url":"https:\/\/content.redfoxlotto.com\/uploads\/sites\/9\/2_ticket_superenalotto4.jpg","contentUrl":"https:\/\/content.redfoxlotto.com\/uploads\/sites\/9\/2_ticket_superenalotto4.jpg"},{"@type":"BreadcrumbList","@id":"https:\/\/redfoxlotto.com\/cs\/loterie\/superenalotto\/#breadcrumb","itemListElement":[{"@type":"ListItem","position":1,"name":"Home","item":"https:\/\/redfoxlotto.com\/cs\/"},{"@type":"ListItem","position":2,"name":"Jak\u00fdm zp\u016fsobem zakoupit online loterijn\u00ed tikety \u2013 kupn\u00ed proces","item":"https:\/\/redfoxlotto.com\/cs\/loterie\/"},{"@type":"ListItem","position":3,"name":"O h\u0159e SuperEnalotto"}]},{"@type":"WebSite","@id":"https:\/\/redfoxlotto.com\/cs\/#website","url":"https:\/\/redfoxlotto.com\/cs\/","name":"Get Tickets for the World\u2019s largest jackpots","description":"Participate in worldwide lottery jackpots from any country","publisher":{"@id":"https:\/\/redfoxlotto.com\/cs\/#organization"},"potentialAction":[{"@type":"SearchAction","target":{"@type":"EntryPoint","urlTemplate":"https:\/\/redfoxlotto.com\/cs\/?s={search_term_string}"},"query-input":{"@type":"PropertyValueSpecification","valueRequired":true,"valueName":"search_term_string"}}],"inLanguage":"cs"},{"@type":"Organization","@id":"https:\/\/redfoxlotto.com\/cs\/#organization","name":"Get Tickets for the World\u2019s largest jackpots","url":"https:\/\/redfoxlotto.com\/cs\/","logo":{"@type":"ImageObject","inLanguage":"cs","@id":"https:\/\/redfoxlotto.com\/cs\/#\/schema\/logo\/image\/","url":"https:\/\/redfoxlotto.com\/wp-content\/uploads\/2023\/04\/logo.png","contentUrl":"https:\/\/redfoxlotto.com\/wp-content\/uploads\/2023\/04\/logo.png","width":269,"height":53,"caption":"Get Tickets for the World\u2019s largest jackpots"},"image":{"@id":"https:\/\/redfoxlotto.com\/cs\/#\/schema\/logo\/image\/"}}]}},"_links":{"self":[{"href":"https:\/\/redfoxlotto.com\/cs\/wp-json\/wp\/v2\/pages\/5772","targetHints":{"allow":["GET"]}}],"collection":[{"href":"https:\/\/redfoxlotto.com\/cs\/wp-json\/wp\/v2\/pages"}],"about":[{"href":"https:\/\/redfoxlotto.com\/cs\/wp-json\/wp\/v2\/types\/page"}],"author":[{"embeddable":true,"href":"https:\/\/redfoxlotto.com\/cs\/wp-json\/wp\/v2\/users\/1"}],"replies":[{"embeddable":true,"href":"https:\/\/redfoxlotto.com\/cs\/wp-json\/wp\/v2\/comments?post=5772"}],"version-history":[{"count":0,"href":"https:\/\/redfoxlotto.com\/cs\/wp-json\/wp\/v2\/pages\/5772\/revisions"}],"up":[{"embeddable":true,"href":"https:\/\/redfoxlotto.com\/cs\/wp-json\/wp\/v2\/pages\/5766"}],"wp:attachment":[{"href":"https:\/\/redfoxlotto.com\/cs\/wp-json\/wp\/v2\/media?parent=5772"}],"curies":[{"name":"wp","href":"https:\/\/api.w.org\/{rel}","templated":true}]}}