{"id":5771,"date":"2018-11-18T08:54:25","date_gmt":"2018-11-18T08:54:25","guid":{"rendered":"https:\/\/redfoxlotto.com\/?page_id=772"},"modified":"2025-12-18T10:45:39","modified_gmt":"2025-12-18T10:45:39","slug":"powerball","status":"publish","type":"page","link":"https:\/\/redfoxlotto.com\/cs\/loterie\/powerball\/","title":{"rendered":"O h\u0159e Powerball"},"content":{"rendered":"<p><script type=\"application\/ld+json\">\n{\n  \"@context\": \"https:\/\/schema.org\",\n  \"@type\": \"Service\",\n  \"name\": \"Hrajte Powerball online\",\n  \"url\": \"https:\/\/redfoxlotto.com\/cs\/lotteries\/powerball\",\n  \"description\": \"Kupujte ofici\u00e1ln\u00ed losy Powerball online z jak\u00e9koliv zem\u011b. Nav\u0161tivte RedFoxLotto, vyberte si \u010d\u00edsla a zapojte se do dal\u0161\u00edho losov\u00e1n\u00ed.\",\n  \"serviceType\": \"Online slu\u017eba doru\u010den\u00ed loterijn\u00edch tiket\u016f\",<\/p>\n<p>  \"provider\": {\n    \"@type\": \"Organization\",\n    \"name\": \"RedFoxLotto\",\n    \"url\": \"https:\/\/redfoxlotto.com\/cs\/\",\n    \"image\": \"https:\/\/redfoxlotto.com\/wp-content\/uploads\/2025\/12\/ticket_scans.jpg\",\n    \"sameAs\": []\n  },<\/p>\n<p>  \"areaServed\": \"Worldwide\",\n  \"termsOfService\": \"https:\/\/redfoxlotto.com\/terms-and-conditions\",<\/p>\n<p>  \"additionalProperty\": {\n    \"@type\": \"PropertyValue\",\n    \"name\": \"FAQ\",\n    \"value\": \"https:\/\/redfoxlotto.com\/cs\/faq\/\"\n  },<\/p>\n<p>  \"hasOfferCatalog\": {\n    \"@type\": \"OfferCatalog\",\n    \"name\": \"Powerball loterijn\u00ed tikety\",\n    \"itemListElement\": [\n      {\n        \"@type\": \"Offer\",\n        \"name\": \"Powerball tikety\",\n        \"url\": \"https:\/\/redfoxlotto.com\/cs\/lotteries\/powerball\",\n        \"description\": \"Kupte si online skute\u010dn\u00e9 tikety na dal\u0161\u00ed losov\u00e1n\u00ed Powerball v RedFoxLotto.\",\n        \"price\": \"5.90\",\n        \"priceCurrency\": \"\u20ac\",\n        \"availability\": \"https:\/\/schema.org\/InStock\",<\/p>\n<p>        \"itemOffered\": {\n          \"@type\": \"Service\",\n          \"name\": \"Powerball loterijn\u00ed tikety\",\n          \"description\": \"Z\u00fa\u010dastn\u011bte se dal\u0161\u00edho losov\u00e1n\u00ed Powerball \u2013 kupte si sv\u00e9 tikety online p\u0159es RedFoxLotto.\"\n        }\n      }\n    ]\n  },<\/p>\n<p>  \"mainEntityOfPage\": {\n    \"@type\": \"WebPage\",\n    \"@id\": \"https:\/\/redfoxlotto.com\/cs\/lotteries\/powerball\"\n  }\n}\n<\/script><\/p>\n<p>Powerball je pravd\u011bpodobn\u011b nejzn\u00e1m\u011bj\u0161\u00ed loteri\u00ed na sv\u011bt\u011b a m\u00e1 k tomu n\u011bkolik opravdu dobr\u00fdch d\u016fvod\u016f.<\/p>\n<p>Hraj\u00ed ji miliony hr\u00e1\u010d\u016f z cel\u00e9ho sv\u011bta. Ba co v\u00edc, nejen v USA, ale i online z dal\u0161\u00edch zem\u00ed, jako je \u010cesk\u00e1 republika, jste si mohli vybrat, zda si tikety Powerball koup\u00edte online.<\/p>\n<p>Losov\u00e1n\u00ed prob\u00edh\u00e1 ka\u017edou sobotu a st\u0159edu, co\u017e znamen\u00e1, \u017ee budete m\u00edt dvakr\u00e1t v\u00edce p\u0159\u00edle\u017eitost\u00ed zapojit se a zakoupit si tiket. Co je opravdu vzru\u0161uj\u00edc\u00ed, je fakt, \u017ee nejvy\u0161\u0161\u00ed jackpot, kter\u00e9ho kdy bylo v Powerballu dosa\u017eeno, \u010dinil 1 586 400 000 dolar\u016f!<\/p>\n<h2>Powerball Lotto po cel\u00e9m sv\u011bt\u011b<\/h2>\n<p>S pomoc\u00ed na\u0161ich webov\u00fdch str\u00e1nek se nyn\u00ed m\u016f\u017eete st\u00e1t multimilion\u00e1\u0159em loterie Powerball. Nab\u00edz\u00edme v\u00e1m mo\u017enost koupit si tikety Powerball online. A jedin\u00e9, co mus\u00edte ud\u011blat, je pod\u00edvat se, co n\u00e1\u0161 syst\u00e9m obn\u00e1\u0161\u00ed. Uvid\u00edte, \u017ee od pouh\u00e9 kontroly na\u0161ich webov\u00fdch str\u00e1nek k tomu, aby na v\u00e1s na \u00fa\u010dtu \u010dekal v\u00e1\u0161 prvn\u00ed tiket, se m\u016f\u017eete dostat v n\u011bkolika jednoduch\u00fdch kroc\u00edch. Poj\u010fme se tedy bl\u00ed\u017ee pod\u00edvat na to, co mus\u00edte ud\u011blat.<img decoding=\"async\" class=\"wp-image alignright\" src=\"https:\/\/redfoxlotto.com\/wp-content\/uploads\/sites\/9\/ticket_powerball3.jpg\" alt=\"Powerball loterie\" \/><\/p>\n<h2>Jak si koupit tiket Powerball online z \u010cesk\u00e9 republiky?<\/h2>\n<p>Prvn\u00edm krokem je jednodu\u0161e si prohl\u00e9dnout r\u016fzn\u00e9 loterijn\u00ed hry, kter\u00e9 m\u00e1me k dispozici. Na\u0161t\u011bst\u00ed pro v\u00e1s je k dispozici cel\u00e1 \u0159ada skv\u011bl\u00fdch tiket\u016f a her, proto\u017ee chceme zajistit, abyste se mohli z\u00fa\u010dastnit v\u0161ech nejlep\u0161\u00edch jackpot\u016f. Tak\u017ee v\u0161echny nejv\u011bt\u0161\u00ed hry z cel\u00e9ho sv\u011bta jsou dostupn\u00e9 z \u010cesk\u00e9 republiky, a to prost\u0159ednictv\u00edm na\u0161ich webov\u00fdch str\u00e1nek. Sta\u010d\u00ed se pod\u00edvat na dostupn\u00e9 hry a pak se rozhodnout, kterou z nich si chcete zahr\u00e1t.<\/p>\n<p>Jakmile se rozhodnete pro hru (v tomto p\u0159\u00edpad\u011b Powerball), sta\u010d\u00ed kliknout na odkaz a p\u0159ej\u00edt na str\u00e1nku. Zobraz\u00ed se v\u00e1m dal\u0161\u00ed informace o h\u0159e a zobraz\u00ed se v\u00e1m informace o tom, jak z\u00edskat vlastn\u00ed tiket. Sta\u010d\u00ed si jen vybrat \u010d\u00edsla, kter\u00e1 chcete. Samoz\u0159ejm\u011b m\u016f\u017eete zvolit i rychl\u00fd v\u00fdb\u011br, pokud nev\u00edte, jak\u00e1 \u010d\u00edsla chcete.<\/p>\n<p>Na na\u0161ich webov\u00fdch str\u00e1nk\u00e1ch v\u00e1m p\u0159i zah\u00e1jen\u00ed v\u00fdb\u011bru \u010d\u00edsel sd\u011bl\u00edme, kolik p\u0159esn\u011b jich pot\u0159ebujete, a zajist\u00edme, abyste jich nem\u011bli p\u0159\u00edli\u0161 mnoho nebo p\u0159\u00edli\u0161 m\u00e1lo na to, abyste z\u00edskali platn\u00fd tiket. Budete m\u00edt tak\u00e9 mo\u017enost zvolit si kombinaci n\u00e1hodn\u011b vybran\u00fdch a osobn\u011b vybran\u00fdch \u010d\u00edsel podle sv\u00fdch p\u0159edstav. M\u016f\u017eete si tak\u00e9 vybrat v\u00edce vstupenek do hry.<\/p>\n<p>Odtud budete moci p\u0159idat tikety do ko\u0161\u00edku a pot\u00e9 si m\u016f\u017eete vybrat dal\u0161\u00ed tikety z Powerballu nebo z jin\u00fdch her, kter\u00e9 chcete hr\u00e1t. Pak u\u017e si jen sta\u010d\u00ed zalo\u017eit vlastn\u00ed \u00fa\u010det. A\u017e to ud\u011bl\u00e1te, zept\u00e1me se v\u00e1s na n\u011bkter\u00e9 osobn\u00ed \u00fadaje, kter\u00e9 v\u00e1m zajist\u00ed v\u011bt\u0161\u00ed bezpe\u010d\u00ed, kdy\u017e si budete cht\u00edt koupit tikety a kdy\u017e si budete cht\u00edt vybrat pen\u00edze ze sv\u00e9ho \u00fa\u010dtu. Budete si tak\u00e9 moci nastavit v\u0161echny \u00fa\u010dty, kter\u00e9 chcete.<\/p>\n<h2>Pravidla los\u016f Powerball online<\/h2>\n<p>Pokud jde o nastaven\u00ed tiketu Powerball, chcete v\u011bd\u011bt v\u0161e o pravidlech, kter\u00e1 mus\u00edte dodr\u017eovat, a o tom, jak si tiket vyberete. Co tedy mus\u00edte ud\u011blat?<\/p>\n<p>Mus\u00edte vybrat 5 \u010d\u00edsel od 1 do 69 a jedno \u010d\u00edslo Powerball od 1 do 26. Na tiketu mus\u00ed b\u00fdt shodn\u00fdch v\u0161ech \u0161est \u010d\u00edsel. Pak jste vyhr\u00e1li jackpot. Pokud jste spr\u00e1vn\u011b trefili pouze prvn\u00edch 5 \u010d\u00edsel, vyhr\u00e1v\u00e1 v\u00e1\u0161 tiket v\u00fdhru druh\u00e9 \u00farovn\u011b. I tak jste ale bohat\u0161\u00ed o 1 milion dolar\u016f. V\u00fdhra jackpotu Powerball m\u016f\u017ee b\u00fdt vyplacena jednor\u00e1zov\u011b nebo ve 30 ro\u010dn\u00edch spl\u00e1tk\u00e1ch.<\/p>\n<h2>Kupte si tiket Powerball online a vyhrajte!<\/h2>\n<p>Co se tedy stane, kdy\u017e jackpot Powerball skute\u010dn\u011b vyhrajete? Bude to spousta z\u00e1bavy a ur\u010dit\u011b budete m\u00edt obrovskou radost. No a tak\u00e9 si budete muset napl\u00e1novat cestu do Spojen\u00fdch st\u00e1t\u016f, proto\u017ee tam z lid\u00ed, kte\u0159\u00ed vyhraj\u00ed, r\u00e1di d\u011blaj\u00ed velkou v\u011bdu.<\/p>\n<p>To znamen\u00e1, \u017ee se s v\u00e1mi vyfot\u00ed, p\u0159edaj\u00ed v\u00e1m tu\u010dn\u00fd \u0161ek a spoustu dal\u0161\u00edho, a my se postar\u00e1me o to, abyste na to byli p\u0159ipraveni a m\u011bli l\u00edstek a informace, kter\u00e9 pot\u0159ebujete k vyzvednut\u00ed v\u00fdhry.<\/p>\n<p>Pokud vyhrajete cenu ni\u017e\u0161\u00ed \u00farovn\u011b, m\u016f\u017eeme v\u00e1m pen\u00edze vlo\u017eit p\u0159\u00edmo na \u00fa\u010det, tak\u017ee si je m\u016f\u017eete vybrat na sv\u016fj \u00fa\u010det, nebo je m\u016f\u017eete pou\u017e\u00edt na n\u00e1kup dal\u0161\u00edch vstupenek. Ti, kte\u0159\u00ed vyhraj\u00ed vy\u0161\u0161\u00ed ceny, ale ne jackpot, budou moci z\u00edskat p\u0159\u00edm\u00fd p\u0159evod na sv\u016fj \u00fa\u010det a my se s v\u00e1mi spoj\u00edme, abychom v\u00e1m sd\u011blili, co je t\u0159eba ud\u011blat a jak si to v\u0161echno m\u016f\u017eete nastavit. Jak se to ale dozv\u00edte?<\/p>\n<p>Pokud budete pr\u016fb\u011b\u017en\u011b kontrolovat sv\u016fj \u00fa\u010det, budete moci vid\u011bt aktualizace sv\u00e9ho tiketu a uvid\u00edte v\u0161echna \u010d\u00edsla, kter\u00e1 se shoduj\u00ed. Pen\u00edze za men\u0161\u00ed \u010d\u00e1stky v\u00e1m budou tak\u00e9 okam\u017eit\u011b p\u0159evedeny na v\u00e1\u0161 \u00fa\u010det. Jak\u00e1koli \u010d\u00e1stka, kterou vyhrajete, se v\u0161ak objev\u00ed ve va\u0161em e-mailu. To znamen\u00e1, \u017ee budete moci jednodu\u0161e zkontrolovat sv\u016fj e-mail a uvid\u00edte, \u017ee jste vyhr\u00e1li, tak\u017ee m\u016f\u017eete okam\u017eit\u011b zam\u00ed\u0159it na sv\u016fj \u00fa\u010det.<img decoding=\"async\" class=\"size-full wp-image alignright\" src=\"https:\/\/content.redfoxlotto.com\/uploads\/sites\/9\/1_buy_lottery_online.jpg\" alt=\"koupit tikety online\" \/><\/p>\n<h2>Hran\u00ed nov\u00fdch her<\/h2>\n<p>Pokud jste p\u0159ipraveni za\u010d\u00edt hr\u00e1t a chcete si koupit tikety Powerball online, ur\u010dit\u011b se budete cht\u00edt pod\u00edvat i na n\u011bkter\u00e9 dal\u0161\u00ed mo\u017enosti, kter\u00e9 m\u00e1me. Ve skute\u010dnosti m\u00e1me ty nej\u017ehav\u011bj\u0161\u00ed loterijn\u00ed hry, kter\u00e9 prob\u00edhaj\u00ed kdekoli na sv\u011bt\u011b, a vy se jen mus\u00edte rozhodnout, kter\u00e1 z nich bude va\u0161e obl\u00edben\u00e1 a kterou chcete vyzkou\u0161et p\u0159\u00ed\u0161t\u011b.<\/p>\n<p>Tak se rychle pod\u00edvejte, co je k dispozici a jak si m\u016f\u017eete vyzvednout v\u0161echny tikety, kter\u00e9 chcete. A nezapome\u0148te se tak\u00e9 pod\u00edvat na v\u0161echny informace, kter\u00e9 o jednotliv\u00fdch hr\u00e1ch najdete, kdy se budou losovat, kolik m\u016f\u017eete vyhr\u00e1t a mnoho dal\u0161\u00edho.<\/p>\n<p>Chcete hr\u00e1t a z\u00edskat tikety Powerball online? Za\u010dn\u011bte hned te\u010f, p\u0159\u00edmo zde.<\/p>\n","protected":false},"excerpt":{"rendered":"<p>Powerball je pravd\u011bpodobn\u011b nejzn\u00e1m\u011bj\u0161\u00ed loteri\u00ed na sv\u011bt\u011b a m\u00e1 k tomu n\u011bkolik opravdu dobr\u00fdch d\u016fvod\u016f. Hraj\u00ed ji miliony hr\u00e1\u010d\u016f z cel\u00e9ho sv\u011bta. Ba co v\u00edc, nejen v USA, ale i online z dal\u0161\u00edch zem\u00ed, jako je \u010cesk\u00e1 republika, jste si mohli vybrat, zda si tikety Powerball koup\u00edte online. Losov\u00e1n\u00ed prob\u00edh\u00e1 ka\u017edou sobotu a st\u0159edu, co\u017e [&hellip;]<\/p>\n","protected":false},"author":1,"featured_media":0,"parent":5766,"menu_order":1,"comment_status":"closed","ping_status":"closed","template":"powerball-usa-info.php","meta":{"_et_pb_use_builder":"","_et_pb_old_content":"","_et_gb_content_width":"","exclude_from_search":false,"footnotes":""},"class_list":["post-5771","page","type-page","status-publish","hentry"],"yoast_head":"<!-- This site is optimized with the Yoast SEO plugin v23.8 - https:\/\/yoast.com\/wordpress\/plugins\/seo\/ -->\n<title>Koupit tikety Powerball online z \u010cesk\u00e9 republiky | Vyhrajte Powerball zde<\/title>\n<meta name=\"description\" content=\"Jak koupit tiket Powerball Lotto USA online? Na\u0161e slu\u017eba v\u00e1m umo\u017en\u00ed \u00fa\u010dastnit se hry Powerball USA z \u010cesk\u00e9 republiky.\" \/>\n<meta name=\"robots\" content=\"index, follow, max-snippet:-1, max-image-preview:large, max-video-preview:-1\" \/>\n<link rel=\"canonical\" href=\"https:\/\/redfoxlotto.com\/cs\/loterie\/powerball\/\" \/>\n<meta property=\"og:locale\" content=\"cs_CZ\" \/>\n<meta property=\"og:type\" content=\"article\" \/>\n<meta property=\"og:title\" content=\"Koupit tikety Powerball online z \u010cesk\u00e9 republiky | Vyhrajte Powerball zde\" \/>\n<meta property=\"og:description\" content=\"Jak koupit tiket Powerball Lotto USA online? Na\u0161e slu\u017eba v\u00e1m umo\u017en\u00ed \u00fa\u010dastnit se hry Powerball USA z \u010cesk\u00e9 republiky.\" \/>\n<meta property=\"og:url\" content=\"https:\/\/redfoxlotto.com\/cs\/loterie\/powerball\/\" \/>\n<meta property=\"og:site_name\" content=\"Get Tickets for the World\u2019s largest jackpots\" \/>\n<meta property=\"article:modified_time\" content=\"2025-12-18T10:45:39+00:00\" \/>\n<meta property=\"og:image\" content=\"https:\/\/redfoxlotto.com\/wp-content\/uploads\/sites\/9\/ticket_powerball3.jpg\" \/>\n<meta name=\"twitter:card\" content=\"summary_large_image\" \/>\n<meta name=\"twitter:label1\" content=\"Odhadovan\u00e1 doba \u010dten\u00ed\" \/>\n\t<meta name=\"twitter:data1\" content=\"4 minuty\" \/>\n<script type=\"application\/ld+json\" class=\"yoast-schema-graph\">{\"@context\":\"https:\/\/schema.org\",\"@graph\":[{\"@type\":\"WebPage\",\"@id\":\"https:\/\/redfoxlotto.com\/cs\/loterie\/powerball\/\",\"url\":\"https:\/\/redfoxlotto.com\/cs\/loterie\/powerball\/\",\"name\":\"Koupit tikety Powerball online z \u010cesk\u00e9 republiky | Vyhrajte Powerball zde\",\"isPartOf\":{\"@id\":\"https:\/\/redfoxlotto.com\/cs\/#website\"},\"primaryImageOfPage\":{\"@id\":\"https:\/\/redfoxlotto.com\/cs\/loterie\/powerball\/#primaryimage\"},\"image\":{\"@id\":\"https:\/\/redfoxlotto.com\/cs\/loterie\/powerball\/#primaryimage\"},\"thumbnailUrl\":\"https:\/\/redfoxlotto.com\/wp-content\/uploads\/sites\/9\/ticket_powerball3.jpg\",\"datePublished\":\"2018-11-18T08:54:25+00:00\",\"dateModified\":\"2025-12-18T10:45:39+00:00\",\"description\":\"Jak koupit tiket Powerball Lotto USA online? Na\u0161e slu\u017eba v\u00e1m umo\u017en\u00ed \u00fa\u010dastnit se hry Powerball USA z \u010cesk\u00e9 republiky.\",\"breadcrumb\":{\"@id\":\"https:\/\/redfoxlotto.com\/cs\/loterie\/powerball\/#breadcrumb\"},\"inLanguage\":\"cs\",\"potentialAction\":[{\"@type\":\"ReadAction\",\"target\":[\"https:\/\/redfoxlotto.com\/cs\/loterie\/powerball\/\"]}]},{\"@type\":\"ImageObject\",\"inLanguage\":\"cs\",\"@id\":\"https:\/\/redfoxlotto.com\/cs\/loterie\/powerball\/#primaryimage\",\"url\":\"https:\/\/redfoxlotto.com\/wp-content\/uploads\/sites\/9\/ticket_powerball3.jpg\",\"contentUrl\":\"https:\/\/redfoxlotto.com\/wp-content\/uploads\/sites\/9\/ticket_powerball3.jpg\"},{\"@type\":\"BreadcrumbList\",\"@id\":\"https:\/\/redfoxlotto.com\/cs\/loterie\/powerball\/#breadcrumb\",\"itemListElement\":[{\"@type\":\"ListItem\",\"position\":1,\"name\":\"Home\",\"item\":\"https:\/\/redfoxlotto.com\/cs\/\"},{\"@type\":\"ListItem\",\"position\":2,\"name\":\"Jak\u00fdm zp\u016fsobem zakoupit online loterijn\u00ed tikety \u2013 kupn\u00ed proces\",\"item\":\"https:\/\/redfoxlotto.com\/cs\/loterie\/\"},{\"@type\":\"ListItem\",\"position\":3,\"name\":\"O h\u0159e Powerball\"}]},{\"@type\":\"WebSite\",\"@id\":\"https:\/\/redfoxlotto.com\/cs\/#website\",\"url\":\"https:\/\/redfoxlotto.com\/cs\/\",\"name\":\"Get Tickets for the World\u2019s largest jackpots\",\"description\":\"Participate in worldwide lottery jackpots from any country\",\"publisher\":{\"@id\":\"https:\/\/redfoxlotto.com\/cs\/#organization\"},\"potentialAction\":[{\"@type\":\"SearchAction\",\"target\":{\"@type\":\"EntryPoint\",\"urlTemplate\":\"https:\/\/redfoxlotto.com\/cs\/?s={search_term_string}\"},\"query-input\":{\"@type\":\"PropertyValueSpecification\",\"valueRequired\":true,\"valueName\":\"search_term_string\"}}],\"inLanguage\":\"cs\"},{\"@type\":\"Organization\",\"@id\":\"https:\/\/redfoxlotto.com\/cs\/#organization\",\"name\":\"Get Tickets for the World\u2019s largest jackpots\",\"url\":\"https:\/\/redfoxlotto.com\/cs\/\",\"logo\":{\"@type\":\"ImageObject\",\"inLanguage\":\"cs\",\"@id\":\"https:\/\/redfoxlotto.com\/cs\/#\/schema\/logo\/image\/\",\"url\":\"https:\/\/redfoxlotto.com\/wp-content\/uploads\/2023\/04\/logo.png\",\"contentUrl\":\"https:\/\/redfoxlotto.com\/wp-content\/uploads\/2023\/04\/logo.png\",\"width\":269,\"height\":53,\"caption\":\"Get Tickets for the World\u2019s largest jackpots\"},\"image\":{\"@id\":\"https:\/\/redfoxlotto.com\/cs\/#\/schema\/logo\/image\/\"}}]}<\/script>\n<!-- \/ Yoast SEO plugin. -->","yoast_head_json":{"title":"Koupit tikety Powerball online z \u010cesk\u00e9 republiky | Vyhrajte Powerball zde","description":"Jak koupit tiket Powerball Lotto USA online? Na\u0161e slu\u017eba v\u00e1m umo\u017en\u00ed \u00fa\u010dastnit se hry Powerball USA z \u010cesk\u00e9 republiky.","robots":{"index":"index","follow":"follow","max-snippet":"max-snippet:-1","max-image-preview":"max-image-preview:large","max-video-preview":"max-video-preview:-1"},"canonical":"https:\/\/redfoxlotto.com\/cs\/loterie\/powerball\/","og_locale":"cs_CZ","og_type":"article","og_title":"Koupit tikety Powerball online z \u010cesk\u00e9 republiky | Vyhrajte Powerball zde","og_description":"Jak koupit tiket Powerball Lotto USA online? Na\u0161e slu\u017eba v\u00e1m umo\u017en\u00ed \u00fa\u010dastnit se hry Powerball USA z \u010cesk\u00e9 republiky.","og_url":"https:\/\/redfoxlotto.com\/cs\/loterie\/powerball\/","og_site_name":"Get Tickets for the World\u2019s largest jackpots","article_modified_time":"2025-12-18T10:45:39+00:00","og_image":[{"url":"https:\/\/redfoxlotto.com\/wp-content\/uploads\/sites\/9\/ticket_powerball3.jpg"}],"twitter_card":"summary_large_image","twitter_misc":{"Odhadovan\u00e1 doba \u010dten\u00ed":"4 minuty"},"schema":{"@context":"https:\/\/schema.org","@graph":[{"@type":"WebPage","@id":"https:\/\/redfoxlotto.com\/cs\/loterie\/powerball\/","url":"https:\/\/redfoxlotto.com\/cs\/loterie\/powerball\/","name":"Koupit tikety Powerball online z \u010cesk\u00e9 republiky | Vyhrajte Powerball zde","isPartOf":{"@id":"https:\/\/redfoxlotto.com\/cs\/#website"},"primaryImageOfPage":{"@id":"https:\/\/redfoxlotto.com\/cs\/loterie\/powerball\/#primaryimage"},"image":{"@id":"https:\/\/redfoxlotto.com\/cs\/loterie\/powerball\/#primaryimage"},"thumbnailUrl":"https:\/\/redfoxlotto.com\/wp-content\/uploads\/sites\/9\/ticket_powerball3.jpg","datePublished":"2018-11-18T08:54:25+00:00","dateModified":"2025-12-18T10:45:39+00:00","description":"Jak koupit tiket Powerball Lotto USA online? Na\u0161e slu\u017eba v\u00e1m umo\u017en\u00ed \u00fa\u010dastnit se hry Powerball USA z \u010cesk\u00e9 republiky.","breadcrumb":{"@id":"https:\/\/redfoxlotto.com\/cs\/loterie\/powerball\/#breadcrumb"},"inLanguage":"cs","potentialAction":[{"@type":"ReadAction","target":["https:\/\/redfoxlotto.com\/cs\/loterie\/powerball\/"]}]},{"@type":"ImageObject","inLanguage":"cs","@id":"https:\/\/redfoxlotto.com\/cs\/loterie\/powerball\/#primaryimage","url":"https:\/\/redfoxlotto.com\/wp-content\/uploads\/sites\/9\/ticket_powerball3.jpg","contentUrl":"https:\/\/redfoxlotto.com\/wp-content\/uploads\/sites\/9\/ticket_powerball3.jpg"},{"@type":"BreadcrumbList","@id":"https:\/\/redfoxlotto.com\/cs\/loterie\/powerball\/#breadcrumb","itemListElement":[{"@type":"ListItem","position":1,"name":"Home","item":"https:\/\/redfoxlotto.com\/cs\/"},{"@type":"ListItem","position":2,"name":"Jak\u00fdm zp\u016fsobem zakoupit online loterijn\u00ed tikety \u2013 kupn\u00ed proces","item":"https:\/\/redfoxlotto.com\/cs\/loterie\/"},{"@type":"ListItem","position":3,"name":"O h\u0159e Powerball"}]},{"@type":"WebSite","@id":"https:\/\/redfoxlotto.com\/cs\/#website","url":"https:\/\/redfoxlotto.com\/cs\/","name":"Get Tickets for the World\u2019s largest jackpots","description":"Participate in worldwide lottery jackpots from any country","publisher":{"@id":"https:\/\/redfoxlotto.com\/cs\/#organization"},"potentialAction":[{"@type":"SearchAction","target":{"@type":"EntryPoint","urlTemplate":"https:\/\/redfoxlotto.com\/cs\/?s={search_term_string}"},"query-input":{"@type":"PropertyValueSpecification","valueRequired":true,"valueName":"search_term_string"}}],"inLanguage":"cs"},{"@type":"Organization","@id":"https:\/\/redfoxlotto.com\/cs\/#organization","name":"Get Tickets for the World\u2019s largest jackpots","url":"https:\/\/redfoxlotto.com\/cs\/","logo":{"@type":"ImageObject","inLanguage":"cs","@id":"https:\/\/redfoxlotto.com\/cs\/#\/schema\/logo\/image\/","url":"https:\/\/redfoxlotto.com\/wp-content\/uploads\/2023\/04\/logo.png","contentUrl":"https:\/\/redfoxlotto.com\/wp-content\/uploads\/2023\/04\/logo.png","width":269,"height":53,"caption":"Get Tickets for the World\u2019s largest jackpots"},"image":{"@id":"https:\/\/redfoxlotto.com\/cs\/#\/schema\/logo\/image\/"}}]}},"_links":{"self":[{"href":"https:\/\/redfoxlotto.com\/cs\/wp-json\/wp\/v2\/pages\/5771","targetHints":{"allow":["GET"]}}],"collection":[{"href":"https:\/\/redfoxlotto.com\/cs\/wp-json\/wp\/v2\/pages"}],"about":[{"href":"https:\/\/redfoxlotto.com\/cs\/wp-json\/wp\/v2\/types\/page"}],"author":[{"embeddable":true,"href":"https:\/\/redfoxlotto.com\/cs\/wp-json\/wp\/v2\/users\/1"}],"replies":[{"embeddable":true,"href":"https:\/\/redfoxlotto.com\/cs\/wp-json\/wp\/v2\/comments?post=5771"}],"version-history":[{"count":0,"href":"https:\/\/redfoxlotto.com\/cs\/wp-json\/wp\/v2\/pages\/5771\/revisions"}],"up":[{"embeddable":true,"href":"https:\/\/redfoxlotto.com\/cs\/wp-json\/wp\/v2\/pages\/5766"}],"wp:attachment":[{"href":"https:\/\/redfoxlotto.com\/cs\/wp-json\/wp\/v2\/media?parent=5771"}],"curies":[{"name":"wp","href":"https:\/\/api.w.org\/{rel}","templated":true}]}}