{"id":5769,"date":"2018-11-18T08:54:25","date_gmt":"2018-11-18T08:54:25","guid":{"rendered":"https:\/\/redfoxlotto.com\/?page_id=766"},"modified":"2025-12-18T12:53:07","modified_gmt":"2025-12-18T12:53:07","slug":"mega-millions","status":"publish","type":"page","link":"https:\/\/redfoxlotto.com\/cs\/loterie\/mega-millions\/","title":{"rendered":"O Mega Millions"},"content":{"rendered":"<p><script type=\"application\/ld+json\">\n{\n  \"@context\": \"https:\/\/schema.org\",\n  \"@type\": \"Service\",\n  \"name\": \"Hrajte Mega Millions online\",\n  \"url\": \"https:\/\/redfoxlotto.com\/cs\/lotteries\/mega-millions\",\n  \"description\": \"Kupte ofici\u00e1ln\u00ed losy Mega Millions online z jak\u00e9koli zem\u011b. Nav\u0161tivte RedFoxLotto, vyberte si sv\u00e1 \u010d\u00edsla a zapojte se do dal\u0161\u00edho slosov\u00e1n\u00ed.\",\n  \"serviceType\": \"Online zprost\u0159edkovatelsk\u00e1 slu\u017eba loterijn\u00edch los\u016f\",<\/p>\n<p>  \"provider\": {\n    \"@type\": \"Organization\",\n    \"name\": \"RedFoxLotto\",\n    \"url\": \"https:\/\/redfoxlotto.com\/cs\",\n    \"image\": \"https:\/\/redfoxlotto.com\/cs\/wp-content\/uploads\/2025\/12\/ticket_scans.jpg\",\n    \"sameAs\": []\n  },<\/p>\n<p>  \"areaServed\": \"Worldwide\",\n  \"termsOfService\": \"https:\/\/redfoxlotto.com\/terms-and-conditions\",<\/p>\n<p>  \"additionalProperty\": {\n    \"@type\": \"PropertyValue\",\n    \"name\": \"\u010casto kladen\u00e9 dotazy\",\n    \"value\": \"https:\/\/redfoxlotto.com\/cs\/faq\/\"\n  },<\/p>\n<p>  \"hasOfferCatalog\": {\n    \"@type\": \"OfferCatalog\",\n    \"name\": \"Losy Mega Millions\",\n    \"itemListElement\": [\n      {\n        \"@type\": \"Offer\",\n        \"name\": \"Losy Mega Millions\",\n        \"url\": \"https:\/\/redfoxlotto.com\/cs\/lotteries\/powerball\",\n        \"description\": \"Kupte skute\u010dn\u00e9 losy online pro p\u0159\u00ed\u0161t\u00ed slosov\u00e1n\u00ed Mega Millions na RedFoxLotto.\",\n        \"price\": \"13.00\",\n        \"priceCurrency\": \"\u20ac\",\n        \"availability\": \"https:\/\/schema.org\/InStock\",<\/p>\n<p>        \"itemOffered\": {\n          \"@type\": \"Service\",\n          \"name\": \"Loterijn\u00ed losy Mega Millions\",\n          \"description\": \"Z\u00fa\u010dastn\u011bte se dal\u0161\u00edho slosov\u00e1n\u00ed Mega Millions \u2013 kupte losy online p\u0159es RedFoxLotto.\"\n        }\n      }\n    ]\n  },<\/p>\n<p>  \"mainEntityOfPage\": {\n    \"@type\": \"WebPage\",\n    \"@id\": \"https:\/\/redfoxlotto.com\/cs\/lotteries\/mega-millions\"\n  }\n}\n<\/script><\/p>\n<p>Tato loterie 44 st\u00e1t\u016f USA, kter\u00e1 byla do roku 2002 zn\u00e1m\u00e1 jako &#8222;Velk\u00e1 hra&#8220;, je nyn\u00ed po cel\u00e9m sv\u011bt\u011b zn\u00e1m\u00e1 jako Mega Millions. Konaj\u00ed se pro ni dv\u011b losov\u00e1n\u00ed t\u00fddn\u011b (ka\u017ed\u00e9 \u00fater\u00fd a p\u00e1tek). Pokud jste o t\u00e9to h\u0159e je\u0161t\u011b nesly\u0161eli nebo pokud jste j\u00ed a\u017e dosud nev\u011bnovali pozornost, ur\u010dit\u011b se na ni budete cht\u00edt pod\u00edvat bl\u00ed\u017ee a zjistit, co si o n\u00ed m\u016f\u017eete myslet.<\/p>\n<p>Rozhodn\u011b to bude cena, kterou budete cht\u00edt vyhr\u00e1t, a nav\u00edc je to pro v\u00e1s velmi snadn\u00e1 hra. D\u00edky tomu je pro v\u00e1s koup\u011b tiket\u016f Mega Millions online z \u010cesk\u00e9 republiky v\u00fdhrou.<\/p>\n<h2>Jackpot Mega Millions<\/h2>\n<p>Mega Millions je zn\u00e1m\u00e1 sv\u00fdmi velk\u00fdmi jackpoty. V roce 2018 vyhr\u00e1l rekordn\u00ed jackpot p\u0159es 1,5 miliardy dolar\u016f jeden \u0161\u0165astlivec. To je rozhodn\u011b typ jackpotu, kter\u00fd chcete vyhr\u00e1t, \u017ee? A \u0161ance rozhodn\u011b nejsou tak \u0161patn\u00e9, jako je tomu u n\u011bkter\u00fdch jackpotov\u00fdch v\u00fdher.<\/p>\n<p>Je\u0161t\u011b lep\u0161\u00ed na Mega Millions je, \u017ee jackpoty budou v\u017edy vysok\u00e9. Ve skute\u010dnosti jackpot za\u010d\u00edn\u00e1 na 40 milionech dolar\u016f. Tak\u017ee i kdy\u017e vyhrajete z\u00e1kladn\u00ed jackpot d\u0159\u00edve, ne\u017e se za\u010dne zvy\u0161ovat (co\u017e se st\u00e1v\u00e1 jen z\u0159\u00eddka), st\u00e1le z\u00edsk\u00e1te skv\u011blou v\u00fdhru.<br \/>\n<img loading=\"lazy\" decoding=\"async\" class=\"alignright wp-image\" src=\"https:\/\/content.redfoxlotto.com\/uploads\/sites\/9\/2_ticket_mega_millions2.jpg\" alt=\"Mega Millions online\" width=\"200\" height=\"207\" \/><br \/>\nPokud jackpot vyhrajete pozd\u011bji, kdy\u017e se za\u010dne zvy\u0161ovat, m\u016f\u017eete vyhr\u00e1t mnohem v\u00edc. A co v\u00edc, tyto jackpoty se zvy\u0161uj\u00ed pom\u011brn\u011b rychle. Tak\u017ee to, co dnes za\u010d\u00edn\u00e1 \u010d\u00e1stkou 40 milion\u016f dolar\u016f, m\u016f\u017ee za pouh\u00fd t\u00fdden \u010di m\u00e9n\u011b snadno p\u0159es\u00e1hnout 100 milion\u016f dolar\u016f. Odtud se m\u016f\u017ee vy\u0161plhat a\u017e na n\u011bkolik stovek milion\u016f a vy se tak m\u016f\u017eete dostat do dal\u0161\u00edho miliardov\u00e9ho slosov\u00e1n\u00ed. To by ur\u010dit\u011b st\u00e1lo za investici n\u011bkolika dolar\u016f za losy, ne?<\/p>\n<p>Na na\u0161ich webov\u00fdch str\u00e1nk\u00e1ch m\u00e1te mo\u017enost koupit si tikety Mega Millions online, i kdy\u017e \u017eijete v \u010cesk\u00e9 republice. Sta\u010d\u00ed si vybrat \u010d\u00edsla, koupit tiket a \u010dekat na v\u00fdsledky losov\u00e1n\u00ed! Za chv\u00edli si projdeme n\u011bkter\u00e9 celkov\u00e9 kroky a to, co je pot\u0159eba k tomu, abyste mohli za\u010d\u00edt, ale nejprve se zam\u011b\u0159\u00edme na samotnou hru Mega Millions, ano?<\/p>\n<h2>Pravidla hry Mega Millions<\/h2>\n<p>Pravidla hry Mega Millions jsou jednoduch\u00e1. Mus\u00edte vybrat 5 \u010d\u00edsel v rozmez\u00ed 1 a\u017e 70 a dal\u0161\u00ed \u010d\u00edslo MegaBall. Abyste vyhr\u00e1li jackpot, mus\u00ed se v\u0161echna \u010d\u00edsla shodovat. To v\u0161ak neznamen\u00e1, \u017ee pokud jackpot nez\u00edsk\u00e1te, nem\u016f\u017eete nic vyhr\u00e1t. Ve skute\u010dnosti m\u016f\u017eete vyhr\u00e1t \u0159adu r\u016fzn\u00fdch cen. Ve h\u0159e Mega Millions m\u016f\u017eete vyhr\u00e1t v dev\u00edti v\u00fdhern\u00edch \u0159ad\u00e1ch.<\/p>\n<p>Skute\u010dn\u011b skv\u011bl\u00e9 je, \u017ee m\u016f\u017eete vyhr\u00e1t na z\u00e1klad\u011b shody pouze s jedn\u00edm \u010d\u00edslem, pokud je to \u010d\u00edslo MegaBall. Pokud toto \u010d\u00edslo uhodnete, vyhrajete automatickou v\u00fdhru a to je jen za\u010d\u00e1tek v\u0161eho. M\u016f\u017eete vyhr\u00e1t opravdu mal\u00e9 ceny, kter\u00e9 v\u00e1m jen vr\u00e1t\u00ed pen\u00edze, kter\u00e9 jste utratili za n\u00e1kup tiketu, nebo m\u016f\u017eete vyhr\u00e1t velk\u00e9 ceny, kter\u00e9 jsou st\u00e1le men\u0161\u00ed ne\u017e skute\u010dn\u00fd jackpot.<br \/>\nNav\u00edc ka\u017edou cenu pod jackpotem vyhr\u00e1v\u00e1te zvl\u00e1\u0161\u0165. To znamen\u00e1, \u017ee se nemus\u00edte d\u011blit o pen\u00edze, pokud tuto cenu vyhraje i n\u011bkdo jin\u00fd.<\/p>\n<h2>N\u00e1kup tiketu Mega Millions online v \u010cesk\u00e9 republice<\/h2>\n<p>Jste p\u0159ipraveni koupit si sv\u016fj prvn\u00ed tiket Mega Millions online? Pokud ano, pak se ur\u010dit\u011b budete cht\u00edt pod\u00edvat na kroky, kter\u00e9 tento proces prov\u00e1zej\u00ed. Sna\u017e\u00edme se v\u00e1m to co nejv\u00edce usnadnit, proto\u017ee v\u00edme, \u017ee si opravdu chcete koupit tiket, b\u00fdt u losov\u00e1n\u00ed a pak se v\u011bnovat dal\u0161\u00edm v\u011bcem, kter\u00e9 se v\u00e1m v \u017eivot\u011b d\u011bj\u00ed. Proto je to jen n\u011bkolik krok\u016f.<\/p>\n<p>Prvn\u00edm krokem je rozhodnut\u00ed, co si koup\u00edte. Pokud si chcete koupit losy Mega Millions online, bude to snadn\u00e9. Sta\u010d\u00ed naj\u00edt hru a p\u0159ej\u00edt na str\u00e1nku ur\u010denou speci\u00e1ln\u011b pro ni.<\/p>\n<p>Pokud si chcete koupit tikety na jin\u00e9 hry, uvid\u00edte ka\u017edou z nich i jejich aktu\u00e1ln\u00ed dostupn\u00e9 jackpoty p\u0159\u00edmo na t\u00e9\u017ee obrazovce a do ka\u017ed\u00e9 z nich m\u016f\u017eete j\u00edt tak\u00e9 jednotliv\u011b. D\u00edky tomu se m\u016f\u017eete opravdu snadno rozhodnout, co budete d\u011blat, a vybrat si po\u017eadovan\u00e9 tikety.<\/p>\n<p>Jakmile se ocitnete na str\u00e1nce, m\u016f\u017eete se dozv\u011bd\u011bt v\u00edce informac\u00ed o h\u0159e Mega Millions a pot\u00e9 si m\u016f\u017eete vybrat \u010d\u00edsla, kter\u00e1 chcete hr\u00e1t. Pokud m\u00e1te konkr\u00e9tn\u00ed \u010d\u00edsla, kter\u00e1 chcete, m\u016f\u017eete si je vybrat p\u0159\u00edmo na t\u00e9to obrazovce. Pokud m\u00e1te jen n\u011bkolik \u010d\u00edsel a chcete, aby byl zbytek p\u0159i\u0159azen n\u00e1hodn\u011b, je to tak\u00e9 mo\u017enost. Nebo si m\u016f\u017eete vybrat, zda chcete z\u00edskat pln\u011b n\u00e1hodn\u00fd tiket. Bude z\u00e1le\u017eet jen na v\u00e1s. V ka\u017ed\u00e9m p\u0159\u00edpad\u011b budete v\u011bd\u011bt, zda m\u00e1te dostatek \u010d\u00edsel, m\u00e1lo nebo p\u0159\u00edli\u0161 mnoho, proto\u017ee se ujist\u00edme, \u017ee je v\u00e1\u0161 tiket platn\u00fd je\u0161t\u011b p\u0159edt\u00edm, ne\u017e se dostanete na dal\u0161\u00ed str\u00e1nku.<img loading=\"lazy\" decoding=\"async\" class=\"alignright wp-image\" src=\"https:\/\/content.redfoxlotto.com\/uploads\/sites\/9\/1_buy_mega_millions_lottery_tickets.jpg\" alt=\"koupit tikety online\" width=\"287\" height=\"202\" \/><\/p>\n<h2>Postup platby<\/h2>\n<p>Pot\u00e9, co jste si vybrali po\u017eadovan\u00e9 tikety Mega Millions, m\u016f\u017eete je p\u0159idat do ko\u0161\u00edku a vybrat dal\u0161\u00ed tikety, pokud chcete, nebo m\u016f\u017eete p\u0159ej\u00edt k pokladn\u00edmu procesu. P\u0159i pokladn\u011b budete pot\u0159ebovat n\u00e1\u0161 \u00fa\u010det, ale i ten si u n\u00e1s m\u016f\u017eete velmi snadno z\u0159\u00eddit.<\/p>\n<p>Vypln\u00edte jen n\u011bkolik z\u00e1kladn\u00edch \u00fadaj\u016f o sob\u011b, abyste si mohli v p\u0159\u00edpad\u011b pot\u0159eby vyzvednout v\u00fdhry.<\/p>\n<p>To je v\u0161e. Potvrd\u00edte n\u00e1kup, my pro v\u00e1s zajist\u00edme vstupenky a ty se objev\u00ed p\u0159\u00edmo na va\u0161em \u00fa\u010dtu, tak\u017ee se m\u016f\u017eete pod\u00edvat, zda jste vyhr\u00e1li. Dokonce v\u00e1m po\u0161leme e-mail, pokud v\u00e1\u0161 tiket vyhraje, a p\u0159\u00edmo na va\u0161em \u00fa\u010dtu v\u00e1m uk\u00e1\u017eeme, kter\u00e1 \u010d\u00edsla z losov\u00e1n\u00ed se shodovala. S Mega Millions nebudete m\u00edt probl\u00e9m z\u00edskat skv\u011bl\u00e9 zku\u0161enosti a budete cht\u00edt prost\u011b hr\u00e1t ka\u017edou hru.<\/p>\n","protected":false},"excerpt":{"rendered":"<p>Tato loterie 44 st\u00e1t\u016f USA, kter\u00e1 byla do roku 2002 zn\u00e1m\u00e1 jako &#8222;Velk\u00e1 hra&#8220;, je nyn\u00ed po cel\u00e9m sv\u011bt\u011b zn\u00e1m\u00e1 jako Mega Millions. Konaj\u00ed se pro ni dv\u011b losov\u00e1n\u00ed t\u00fddn\u011b (ka\u017ed\u00e9 \u00fater\u00fd a p\u00e1tek). Pokud jste o t\u00e9to h\u0159e je\u0161t\u011b nesly\u0161eli nebo pokud jste j\u00ed a\u017e dosud nev\u011bnovali pozornost, ur\u010dit\u011b se na ni budete cht\u00edt [&hellip;]<\/p>\n","protected":false},"author":1,"featured_media":0,"parent":5766,"menu_order":2,"comment_status":"closed","ping_status":"closed","template":"megamillion-info.php","meta":{"_et_pb_use_builder":"","_et_pb_old_content":"","_et_gb_content_width":"","exclude_from_search":false,"footnotes":""},"class_list":["post-5769","page","type-page","status-publish","hentry"],"yoast_head":"<!-- This site is optimized with the Yoast SEO plugin v23.8 - https:\/\/yoast.com\/wordpress\/plugins\/seo\/ -->\n<title>Koupit tikety Mega Millions online | Mega Millions je nyn\u00ed k dispozici z \u010cesk\u00e9 republiky<\/title>\n<meta name=\"description\" content=\"P\u0159e\u010dt\u011bte si informace o loterii Mega Millions v USA a o tom, jak si m\u016f\u017eete koupit tikety Mega Millions online, a to z \u010cesk\u00e9 republiky nebo z kter\u00e9koli zem\u011b sv\u011bta.\" \/>\n<meta name=\"robots\" content=\"index, follow, max-snippet:-1, max-image-preview:large, max-video-preview:-1\" \/>\n<link rel=\"canonical\" href=\"https:\/\/redfoxlotto.com\/cs\/loterie\/mega-millions\/\" \/>\n<meta property=\"og:locale\" content=\"cs_CZ\" \/>\n<meta property=\"og:type\" content=\"article\" \/>\n<meta property=\"og:title\" content=\"Koupit tikety Mega Millions online | Mega Millions je nyn\u00ed k dispozici z \u010cesk\u00e9 republiky\" \/>\n<meta property=\"og:description\" content=\"P\u0159e\u010dt\u011bte si informace o loterii Mega Millions v USA a o tom, jak si m\u016f\u017eete koupit tikety Mega Millions online, a to z \u010cesk\u00e9 republiky nebo z kter\u00e9koli zem\u011b sv\u011bta.\" \/>\n<meta property=\"og:url\" content=\"https:\/\/redfoxlotto.com\/cs\/loterie\/mega-millions\/\" \/>\n<meta property=\"og:site_name\" content=\"Get Tickets for the World\u2019s largest jackpots\" \/>\n<meta property=\"article:modified_time\" content=\"2025-12-18T12:53:07+00:00\" \/>\n<meta property=\"og:image\" content=\"https:\/\/content.redfoxlotto.com\/uploads\/sites\/9\/2_ticket_mega_millions2.jpg\" \/>\n<meta name=\"twitter:card\" content=\"summary_large_image\" \/>\n<meta name=\"twitter:label1\" content=\"Odhadovan\u00e1 doba \u010dten\u00ed\" \/>\n\t<meta name=\"twitter:data1\" content=\"4 minuty\" \/>\n<script type=\"application\/ld+json\" class=\"yoast-schema-graph\">{\"@context\":\"https:\/\/schema.org\",\"@graph\":[{\"@type\":\"WebPage\",\"@id\":\"https:\/\/redfoxlotto.com\/cs\/loterie\/mega-millions\/\",\"url\":\"https:\/\/redfoxlotto.com\/cs\/loterie\/mega-millions\/\",\"name\":\"Koupit tikety Mega Millions online | Mega Millions je nyn\u00ed k dispozici z \u010cesk\u00e9 republiky\",\"isPartOf\":{\"@id\":\"https:\/\/redfoxlotto.com\/cs\/#website\"},\"primaryImageOfPage\":{\"@id\":\"https:\/\/redfoxlotto.com\/cs\/loterie\/mega-millions\/#primaryimage\"},\"image\":{\"@id\":\"https:\/\/redfoxlotto.com\/cs\/loterie\/mega-millions\/#primaryimage\"},\"thumbnailUrl\":\"https:\/\/content.redfoxlotto.com\/uploads\/sites\/9\/2_ticket_mega_millions2.jpg\",\"datePublished\":\"2018-11-18T08:54:25+00:00\",\"dateModified\":\"2025-12-18T12:53:07+00:00\",\"description\":\"P\u0159e\u010dt\u011bte si informace o loterii Mega Millions v USA a o tom, jak si m\u016f\u017eete koupit tikety Mega Millions online, a to z \u010cesk\u00e9 republiky nebo z kter\u00e9koli zem\u011b sv\u011bta.\",\"breadcrumb\":{\"@id\":\"https:\/\/redfoxlotto.com\/cs\/loterie\/mega-millions\/#breadcrumb\"},\"inLanguage\":\"cs\",\"potentialAction\":[{\"@type\":\"ReadAction\",\"target\":[\"https:\/\/redfoxlotto.com\/cs\/loterie\/mega-millions\/\"]}]},{\"@type\":\"ImageObject\",\"inLanguage\":\"cs\",\"@id\":\"https:\/\/redfoxlotto.com\/cs\/loterie\/mega-millions\/#primaryimage\",\"url\":\"https:\/\/content.redfoxlotto.com\/uploads\/sites\/9\/2_ticket_mega_millions2.jpg\",\"contentUrl\":\"https:\/\/content.redfoxlotto.com\/uploads\/sites\/9\/2_ticket_mega_millions2.jpg\"},{\"@type\":\"BreadcrumbList\",\"@id\":\"https:\/\/redfoxlotto.com\/cs\/loterie\/mega-millions\/#breadcrumb\",\"itemListElement\":[{\"@type\":\"ListItem\",\"position\":1,\"name\":\"Home\",\"item\":\"https:\/\/redfoxlotto.com\/cs\/\"},{\"@type\":\"ListItem\",\"position\":2,\"name\":\"Jak\u00fdm zp\u016fsobem zakoupit online loterijn\u00ed tikety \u2013 kupn\u00ed proces\",\"item\":\"https:\/\/redfoxlotto.com\/cs\/loterie\/\"},{\"@type\":\"ListItem\",\"position\":3,\"name\":\"O Mega Millions\"}]},{\"@type\":\"WebSite\",\"@id\":\"https:\/\/redfoxlotto.com\/cs\/#website\",\"url\":\"https:\/\/redfoxlotto.com\/cs\/\",\"name\":\"Get Tickets for the World\u2019s largest jackpots\",\"description\":\"Participate in worldwide lottery jackpots from any country\",\"publisher\":{\"@id\":\"https:\/\/redfoxlotto.com\/cs\/#organization\"},\"potentialAction\":[{\"@type\":\"SearchAction\",\"target\":{\"@type\":\"EntryPoint\",\"urlTemplate\":\"https:\/\/redfoxlotto.com\/cs\/?s={search_term_string}\"},\"query-input\":{\"@type\":\"PropertyValueSpecification\",\"valueRequired\":true,\"valueName\":\"search_term_string\"}}],\"inLanguage\":\"cs\"},{\"@type\":\"Organization\",\"@id\":\"https:\/\/redfoxlotto.com\/cs\/#organization\",\"name\":\"Get Tickets for the World\u2019s largest jackpots\",\"url\":\"https:\/\/redfoxlotto.com\/cs\/\",\"logo\":{\"@type\":\"ImageObject\",\"inLanguage\":\"cs\",\"@id\":\"https:\/\/redfoxlotto.com\/cs\/#\/schema\/logo\/image\/\",\"url\":\"https:\/\/redfoxlotto.com\/wp-content\/uploads\/2023\/04\/logo.png\",\"contentUrl\":\"https:\/\/redfoxlotto.com\/wp-content\/uploads\/2023\/04\/logo.png\",\"width\":269,\"height\":53,\"caption\":\"Get Tickets for the World\u2019s largest jackpots\"},\"image\":{\"@id\":\"https:\/\/redfoxlotto.com\/cs\/#\/schema\/logo\/image\/\"}}]}<\/script>\n<!-- \/ Yoast SEO plugin. -->","yoast_head_json":{"title":"Koupit tikety Mega Millions online | Mega Millions je nyn\u00ed k dispozici z \u010cesk\u00e9 republiky","description":"P\u0159e\u010dt\u011bte si informace o loterii Mega Millions v USA a o tom, jak si m\u016f\u017eete koupit tikety Mega Millions online, a to z \u010cesk\u00e9 republiky nebo z kter\u00e9koli zem\u011b sv\u011bta.","robots":{"index":"index","follow":"follow","max-snippet":"max-snippet:-1","max-image-preview":"max-image-preview:large","max-video-preview":"max-video-preview:-1"},"canonical":"https:\/\/redfoxlotto.com\/cs\/loterie\/mega-millions\/","og_locale":"cs_CZ","og_type":"article","og_title":"Koupit tikety Mega Millions online | Mega Millions je nyn\u00ed k dispozici z \u010cesk\u00e9 republiky","og_description":"P\u0159e\u010dt\u011bte si informace o loterii Mega Millions v USA a o tom, jak si m\u016f\u017eete koupit tikety Mega Millions online, a to z \u010cesk\u00e9 republiky nebo z kter\u00e9koli zem\u011b sv\u011bta.","og_url":"https:\/\/redfoxlotto.com\/cs\/loterie\/mega-millions\/","og_site_name":"Get Tickets for the World\u2019s largest jackpots","article_modified_time":"2025-12-18T12:53:07+00:00","og_image":[{"url":"https:\/\/content.redfoxlotto.com\/uploads\/sites\/9\/2_ticket_mega_millions2.jpg"}],"twitter_card":"summary_large_image","twitter_misc":{"Odhadovan\u00e1 doba \u010dten\u00ed":"4 minuty"},"schema":{"@context":"https:\/\/schema.org","@graph":[{"@type":"WebPage","@id":"https:\/\/redfoxlotto.com\/cs\/loterie\/mega-millions\/","url":"https:\/\/redfoxlotto.com\/cs\/loterie\/mega-millions\/","name":"Koupit tikety Mega Millions online | Mega Millions je nyn\u00ed k dispozici z \u010cesk\u00e9 republiky","isPartOf":{"@id":"https:\/\/redfoxlotto.com\/cs\/#website"},"primaryImageOfPage":{"@id":"https:\/\/redfoxlotto.com\/cs\/loterie\/mega-millions\/#primaryimage"},"image":{"@id":"https:\/\/redfoxlotto.com\/cs\/loterie\/mega-millions\/#primaryimage"},"thumbnailUrl":"https:\/\/content.redfoxlotto.com\/uploads\/sites\/9\/2_ticket_mega_millions2.jpg","datePublished":"2018-11-18T08:54:25+00:00","dateModified":"2025-12-18T12:53:07+00:00","description":"P\u0159e\u010dt\u011bte si informace o loterii Mega Millions v USA a o tom, jak si m\u016f\u017eete koupit tikety Mega Millions online, a to z \u010cesk\u00e9 republiky nebo z kter\u00e9koli zem\u011b sv\u011bta.","breadcrumb":{"@id":"https:\/\/redfoxlotto.com\/cs\/loterie\/mega-millions\/#breadcrumb"},"inLanguage":"cs","potentialAction":[{"@type":"ReadAction","target":["https:\/\/redfoxlotto.com\/cs\/loterie\/mega-millions\/"]}]},{"@type":"ImageObject","inLanguage":"cs","@id":"https:\/\/redfoxlotto.com\/cs\/loterie\/mega-millions\/#primaryimage","url":"https:\/\/content.redfoxlotto.com\/uploads\/sites\/9\/2_ticket_mega_millions2.jpg","contentUrl":"https:\/\/content.redfoxlotto.com\/uploads\/sites\/9\/2_ticket_mega_millions2.jpg"},{"@type":"BreadcrumbList","@id":"https:\/\/redfoxlotto.com\/cs\/loterie\/mega-millions\/#breadcrumb","itemListElement":[{"@type":"ListItem","position":1,"name":"Home","item":"https:\/\/redfoxlotto.com\/cs\/"},{"@type":"ListItem","position":2,"name":"Jak\u00fdm zp\u016fsobem zakoupit online loterijn\u00ed tikety \u2013 kupn\u00ed proces","item":"https:\/\/redfoxlotto.com\/cs\/loterie\/"},{"@type":"ListItem","position":3,"name":"O Mega Millions"}]},{"@type":"WebSite","@id":"https:\/\/redfoxlotto.com\/cs\/#website","url":"https:\/\/redfoxlotto.com\/cs\/","name":"Get Tickets for the World\u2019s largest jackpots","description":"Participate in worldwide lottery jackpots from any country","publisher":{"@id":"https:\/\/redfoxlotto.com\/cs\/#organization"},"potentialAction":[{"@type":"SearchAction","target":{"@type":"EntryPoint","urlTemplate":"https:\/\/redfoxlotto.com\/cs\/?s={search_term_string}"},"query-input":{"@type":"PropertyValueSpecification","valueRequired":true,"valueName":"search_term_string"}}],"inLanguage":"cs"},{"@type":"Organization","@id":"https:\/\/redfoxlotto.com\/cs\/#organization","name":"Get Tickets for the World\u2019s largest jackpots","url":"https:\/\/redfoxlotto.com\/cs\/","logo":{"@type":"ImageObject","inLanguage":"cs","@id":"https:\/\/redfoxlotto.com\/cs\/#\/schema\/logo\/image\/","url":"https:\/\/redfoxlotto.com\/wp-content\/uploads\/2023\/04\/logo.png","contentUrl":"https:\/\/redfoxlotto.com\/wp-content\/uploads\/2023\/04\/logo.png","width":269,"height":53,"caption":"Get Tickets for the World\u2019s largest jackpots"},"image":{"@id":"https:\/\/redfoxlotto.com\/cs\/#\/schema\/logo\/image\/"}}]}},"_links":{"self":[{"href":"https:\/\/redfoxlotto.com\/cs\/wp-json\/wp\/v2\/pages\/5769","targetHints":{"allow":["GET"]}}],"collection":[{"href":"https:\/\/redfoxlotto.com\/cs\/wp-json\/wp\/v2\/pages"}],"about":[{"href":"https:\/\/redfoxlotto.com\/cs\/wp-json\/wp\/v2\/types\/page"}],"author":[{"embeddable":true,"href":"https:\/\/redfoxlotto.com\/cs\/wp-json\/wp\/v2\/users\/1"}],"replies":[{"embeddable":true,"href":"https:\/\/redfoxlotto.com\/cs\/wp-json\/wp\/v2\/comments?post=5769"}],"version-history":[{"count":0,"href":"https:\/\/redfoxlotto.com\/cs\/wp-json\/wp\/v2\/pages\/5769\/revisions"}],"up":[{"embeddable":true,"href":"https:\/\/redfoxlotto.com\/cs\/wp-json\/wp\/v2\/pages\/5766"}],"wp:attachment":[{"href":"https:\/\/redfoxlotto.com\/cs\/wp-json\/wp\/v2\/media?parent=5769"}],"curies":[{"name":"wp","href":"https:\/\/api.w.org\/{rel}","templated":true}]}}