{"id":5768,"date":"2018-11-18T08:54:25","date_gmt":"2018-11-18T08:54:25","guid":{"rendered":"https:\/\/redfoxlotto.com\/?page_id=764"},"modified":"2025-12-18T14:25:25","modified_gmt":"2025-12-18T14:25:25","slug":"euromillions","status":"publish","type":"page","link":"https:\/\/redfoxlotto.com\/cs\/loterie\/euromillions\/","title":{"rendered":"O EuroMillions"},"content":{"rendered":"<script type=\"application\/ld+json\">\r\n{\r\n  \"@context\": \"https:\/\/schema.org\",\r\n  \"@type\": \"Service\",\r\n  \"name\": \"Hrajte Euromillions online\",\r\n  \"url\": \"https:\/\/redfoxlotto.com\/cs\/lotteries\/euromillions\/\",\r\n  \"description\": \"Kupujte ofici\u00e1ln\u00ed Euromillions loterijn\u00ed l\u00edstky online z jak\u00e9koli zem\u011b. Nav\u0161tivte RedFoxLotto, vyberte sv\u00e1 \u010d\u00edsla a zapojte se do dal\u0161\u00edho losov\u00e1n\u00ed.\",\r\n  \"serviceType\": \"Online slu\u017eba zprost\u0159edkov\u00e1n\u00ed loterijn\u00edch l\u00edstk\u016f\",\r\n  \"provider\": {\r\n    \"@type\": \"Organization\",\r\n    \"name\": \"RedFoxLotto\",\r\n    \"url\": \"https:\/\/redfoxlotto.com\/cs\",\r\n    \"image\": \"https:\/\/redfoxlotto.com\/cs\/wp-content\/uploads\/2025\/12\/ticket_scans.jpg\",\r\n    \"sameAs\": []\r\n  },\r\n  \"areaServed\": \"Worldwide\",\r\n  \"termsOfService\": \"https:\/\/redfoxlotto.com\/terms-and-conditions\",\r\n  \"additionalProperty\": {\r\n    \"@type\": \"PropertyValue\",\r\n    \"name\": \"FAQ\",\r\n    \"value\": \"https:\/\/redfoxlotto.com\/cs\/faq\/\"\r\n  },\r\n  \"hasOfferCatalog\": {\r\n    \"@type\": \"OfferCatalog\",\r\n    \"name\": \"Euromillions loterijn\u00ed l\u00edstky\",\r\n    \"itemListElement\": [\r\n      {\r\n        \"@type\": \"Offer\",\r\n        \"name\": \"Euromillions l\u00edstky\",\r\n        \"url\": \"https:\/\/redfoxlotto.com\/cs\/lotteries\/euromillions\",\r\n        \"description\": \"Kupujte skute\u010dn\u00e9 l\u00edstky online pro dal\u0161\u00ed losov\u00e1n\u00ed Euromillions p\u0159es RedFoxLotto.\",\r\n        \"price\": \"7.00\",\r\n        \"priceCurrency\": \"\u20ac\",\r\n        \"availability\": \"https:\/\/schema.org\/InStock\",\r\n        \"itemOffered\": {\r\n          \"@type\": \"Service\",\r\n          \"name\": \"Euromillions loterijn\u00ed l\u00edstky\",\r\n          \"description\": \"Z\u00fa\u010dastn\u011bte se dal\u0161\u00edho losov\u00e1n\u00ed Euromillions \u2013 kupujte l\u00edstky online p\u0159es RedFoxLotto.\"\r\n        }\r\n      }\r\n    ]\r\n  },\r\n  \"mainEntityOfPage\": {\r\n    \"@type\": \"WebPage\",\r\n    \"@id\": \"https:\/\/redfoxlotto.com\/cs\/lotteries\/euromillions\"\r\n  }\r\n}\r\n<\/script><p>Euro Millions je nejv\u011bt\u0161\u00ed loterie v Evrop\u011b. Byla spu\u0161t\u011bna v roce 2004 a l\u00edstky lze zakoupit v dev\u00edti evropsk\u00fdch zem\u00edch &#8211; nebo, pokud jste z \u010cesk\u00e9 republiky, m\u016f\u017eete si l\u00edstky zakoupit online zde.<\/p>\r\n<h2>Z\u00edskejte sv\u016fj l\u00edstek EuroMillions z \u010cesk\u00e9 republiky<\/h2>\r\n<p>Jste p\u0159ipraveni za\u010d\u00edt a zakoupit si l\u00edstky EuroMillions online? Pokud ano, pak budete cht\u00edt v\u011bd\u011bt n\u011bkolik v\u011bc\u00ed o t\u00e9to h\u0159e, ne\u017e do toho sko\u010d\u00edte, \u017ee? Chcete se ujistit, \u017ee jste p\u0159ipraveni a v\u00edte v\u0161e, co je mo\u017en\u00e9 o t\u00e9to h\u0159e. No, prvn\u00ed v\u011bc, kterou byste m\u011bli v\u011bd\u011bt, je, kdy se konaj\u00ed losov\u00e1n\u00ed, proto\u017ee chcete b\u00fdt si jisti, \u017ee si zakoup\u00edte sv\u016fj los p\u0159ed t\u00edm dal\u0161\u00edm losov\u00e1n\u00edm. Losov\u00e1n\u00ed EuroMillions se konaj\u00ed ka\u017ed\u00e9 \u00fater\u00fd a p\u00e1tek v Pa\u0159\u00ed\u017ei.<\/p>\r\n<p><img loading=\"lazy\" decoding=\"async\" class=\"alignright wp-image\" src=\"https:\/\/content.redfoxlotto.com\/uploads\/sites\/9\/1_buy_euromillions_online.jpg\" alt=\"jackpot EuroMillions\" width=\"284\" height=\"190\" \/><\/p>\r\n<p>V\u00edce se budeme zab\u00fdvat \u010d\u00edsly, kter\u00e1 si m\u016f\u017eete vybrat, a zp\u016fsobem, jak z\u00edskat po\u017eadovan\u00fd l\u00edstek, za chv\u00edli, ale te\u010f se pod\u00edvejme bl\u00ed\u017ee na jackpot, kter\u00fd byste mohli vyhr\u00e1t. P\u0159ece jen, to je jeden z d\u016fvod\u016f, pro\u010d budete cht\u00edt hr\u00e1t EuroMillions.<\/p>\r\n<h2>Jackpot EuroMillions<\/h2>\r\n<p>Jako nejv\u011bt\u0161\u00ed loterie v Evrop\u011b m\u00e1 EuroMillions tak\u00e9 obrovsk\u00e9 jackpoty. Ve skute\u010dnosti jsou jackpoty \u010dasto v \u0159\u00e1dech milion\u016f dolar\u016f a ty nejv\u011bt\u0161\u00ed jsou ur\u010dit\u011b na vy\u0161\u0161\u00ed \u00farovni. Dosud nejvy\u0161\u0161\u00ed jackpot v t\u00e9to loterii byl 190 000 000 EUR. Vyhr\u00e1l ho anonymn\u00ed hr\u00e1\u010d 24. \u0159\u00edjna 2014.<\/p>\r\n<p>To je opravdu dobr\u00fd d\u016fvod, pro\u010d se pod\u00edvat na tuto hru a zv\u00e1\u017eit koupi l\u00edstku pro sebe, \u017ee? No, budete r\u00e1di my\u0161lenkou vyhr\u00e1t tu sumu pen\u011bz a dokonce m\u016f\u017eete vyhr\u00e1t i men\u0161\u00ed \u010d\u00e1stku, i kdy\u017e se nedostanete a\u017e k tomuto jackpotu. To proto, \u017ee po\u010d\u00e1te\u010dn\u00ed \u010d\u00e1stka je tak\u00e9 skv\u011bl\u00e1 cena a i ty, kter\u00e9 jsou uprost\u0159ed mezi nejni\u017e\u0161\u00edmi a nejvy\u0161\u0161\u00edmi \u00farovn\u011bmi, budou tak\u00e9 skv\u011bl\u00e9.<\/p>\r\n<h2>Pravidla EuroMillions<\/h2>\r\n<p>Jste p\u0159ipraveni zakoupit si l\u00edstky EuroMillions online, ale nejste si jisti, kde a jak to ud\u011blat &#8211; mo\u017en\u00e1 proto, \u017ee \u017eijete v \u010cesk\u00e9 republice? No, projdeme<\/p>\r\n<p>si p\u0159esn\u011b, co pot\u0159ebujete ud\u011blat a jak si vybrat \u010d\u00edsla, abyste m\u011bli co nejlep\u0161\u00ed \u0161anci na skute\u010dn\u00e9 v\u00fdhry.<\/p>\r\n<h2>Tak co mus\u00edte ud\u011blat?<\/h2>\r\n<p>Zde si vyberete 5 hlavn\u00edch \u010d\u00edsel od 1 do 50 a dv\u011b dal\u0161\u00ed \u010d\u00edsla, naz\u00fdvan\u00e1 Lucky Star, od 1 do 12. Pro v\u00fdhru v nejni\u017e\u0161\u00edm cenov\u00e9m rozp\u011bt\u00ed mus\u00ed odpov\u00eddat pouze dv\u011b hlavn\u00ed \u010d\u00edsla. To znamen\u00e1, \u017ee budete m\u00edt mnoho p\u0159\u00edle\u017eitost\u00ed, kdy m\u016f\u017eete b\u00fdt v\u00fdhercem, a\u010dkoli nevyhrajete mnoho pen\u011bz, pokud se shoduj\u00ed pouze n\u011bkter\u00e1 \u010d\u00edsla.<\/p>\r\n<p>Pokud se shoduj\u00ed v\u00edce \u010d\u00edsel a zejm\u00e9na pokud se shoduj\u00ed \u010d\u00edsla Lucky Star, bude k dispozici lep\u0161\u00ed v\u00fdhra. To je ur\u010dit\u011b v\u00fdhoda, \u017ee? Mohl byste si skute\u010dn\u011b zlep\u0161it sv\u00e9 \u0161ance na z\u00edsk\u00e1n\u00ed n\u011b\u010deho a rozhodn\u011b si m\u016f\u017eete u\u017e\u00edt hru.<\/p>\r\n<h2>V\u00fdb\u011br l\u00edstku<\/h2>\r\n<p>Jste p\u0159ipraveni si vybrat l\u00edstek? Ur\u010dit\u011b si chcete prohl\u00e9dnout n\u00e1\u0161 proces, proto\u017ee v\u00e1m to zjednodu\u0161\u00ed. V\u00edme, \u017ee nem\u00e1te moc \u010dasu a chcete si b\u00fdt jisti, \u017ee sv\u016fj \u010das vyu\u017eijete co nejl\u00e9pe. Ale p\u0159esto si chcete u\u017e\u00edt hran\u00ed EuroMillions a to znamen\u00e1, \u017ee mus\u00edte zakoupit l\u00edstky EuroMillions online.<\/p>\r\n<p>Prvn\u00edm krokem v na\u0161em procesu je rozhodnout se, kter\u00fd l\u00edstek si vyberete. Pokud jste se ji\u017e rozhodli pro EuroMillions, jste p\u0159ipraveni. Pokud v\u0161ak je\u0161t\u011b nejste \u00fapln\u011b jist\u00ed, ur\u010dit\u011b si chcete prohl\u00e9dnout hlavn\u00ed str\u00e1nku, kde v\u00e1m uk\u00e1\u017eeme v\u0161echny nejlep\u0161\u00ed jackpoty a hry, do kter\u00fdch byste se mohli pod\u00edvat. Tyto hry nab\u00edz\u00edme.<\/p>\r\n<p>Jakmile jste se rozhodli, kter\u00fd l\u00edstek chcete, p\u0159ejdete na str\u00e1nku a za\u010dnete si vyb\u00edrat \u010d\u00edsla pro sv\u016fj l\u00edstek. Pokud chcete, m\u016f\u017eete si vybrat \u00fapln\u011b v\u0161echna \u010d\u00edsla, abyste m\u011bli p\u0159izp\u016fsoben\u00fd l\u00edstek podle sv\u00e9ho nejlep\u0161\u00edho vkusu.<\/p>\r\n<p>M\u016f\u017eete tak\u00e9 vybrat n\u00e1hodn\u011b vybran\u00e9 l\u00edstky. To v\u00e1m usnadn\u00ed z\u00edsk\u00e1n\u00ed l\u00edstku, ani\u017e byste na to museli tr\u00e1vit hodn\u011b \u010dasu. M\u016f\u017eete si tak\u00e9 rozhodnout, kolik l\u00edstk\u016f chcete zakoupit, abyste m\u011bli v<\/p>\r\n<p>\u0161echno, co pot\u0159ebujete, a mo\u017en\u00e1 vyhr\u00e1li velk\u00fd jackpot.<\/p>\r\n<h2>Proces n\u00e1kupu EuroMillions<\/h2>\r\n<p>Kdy\u017e si vyberete l\u00edstky, posledn\u00ed v\u011bc\u00ed, kterou mus\u00edte ud\u011blat, je zajistit, \u017ee vypln\u00edte informace o sv\u00e9m \u00fa\u010dtu. Okam\u017eit\u011b v\u00e1m p\u0159edvedeme proces, jak vytvo\u0159it \u00fa\u010det, abyste si mohli zaru\u010dit, \u017ee dostanete l\u00edstky, kter\u00e9 chcete pr\u00e1v\u011b ve chv\u00edli, kdy je chcete. Pr\u00e1v\u011b zde m\u016f\u017eete nastavit tak\u00e9 platebn\u00ed \u00fa\u010dty, kter\u00e9 chcete pou\u017e\u00edt.<\/p>\r\n<p><img loading=\"lazy\" decoding=\"async\" class=\"alignright wp-image\" src=\"https:\/\/content.redfoxlotto.com\/uploads\/sites\/9\/1_buy_lottery_ticket.jpg\" alt=\"koupit l\u00edstky online\" width=\"312\" height=\"107\" \/><\/p>\r\n<p>Kdy\u017e v\u0161e nastav\u00edte, sta\u010d\u00ed d\u00e1t l\u00edstky, kter\u00e9 chcete, do ko\u0161\u00edku a pot\u00e9 budete moci zakoupit v\u0161echny najednou. Dokonce m\u016f\u017eete p\u0159idat do ko\u0161\u00edku l\u00edstky z r\u016fzn\u00fdch her a budete moci zakoupit v\u0161echno, co pot\u0159ebujete.<\/p>\r\n<p>Jakmile jste se rozhodli pro l\u00edstky, budete p\u0159ipraveni a budete moci \u010dekat a sledovat, co se stane s va\u0161imi l\u00edstky. Ty, kter\u00e9 zakoup\u00edte, se okam\u017eit\u011b objev\u00ed ve va\u0161em \u00fa\u010dtu a pot\u00e9 se m\u016f\u017eete vr\u00e1tit a zjistit, zda jste vyhr\u00e1li.<\/p>\r\n<p>Pokud vyhrajete, za\u0161leme v\u00e1m e-mail a vy m\u016f\u017eete zkontrolovat ve sv\u00e9m \u00fa\u010dtu, jak\u00e1 \u010d\u00edsla se shoduj\u00ed s losovan\u00fdmi \u010d\u00edsly. To v\u00e1m usnadn\u00ed v\u011bd\u011bt, kdy je t\u0159eba v\u00fdhern\u00ed l\u00edstek uplatnit.<\/p>\r\n<h2>EuroMillions a UK Millionaire Maker<\/h2>\r\n<p>Hr\u00e1\u010di plat\u00ed o n\u011bco v\u00edce, proto\u017ee losy EuroMillions se kupuj\u00ed ve Velk\u00e9 Brit\u00e1nii. D\u016fvodem je skute\u010dnost, \u017ee tikety ve Spojen\u00e9m kr\u00e1lovstv\u00ed jsou automaticky za\u0159azeny do slosov\u00e1n\u00ed Millionaire Maker, kter\u00e9 poskytuje dal\u0161\u00ed p\u0159\u00edle\u017eitost vyhr\u00e1t odm\u011bnu ve v\u00fd\u0161i 1 milionu liber.<\/p>\r\n<p>Millionaire Maker funguje tak, \u017ee pro ka\u017ed\u00fd zakoupen\u00fd tiket vygeneruje jedine\u010dn\u00fd k\u00f3d. Tento k\u00f3d se skl\u00e1d\u00e1 ze \u010dty\u0159 p\u00edsmen a p\u011bti \u010d\u00edsel (nap\u0159. ABCD12345). V ka\u017ed\u00e9m losov\u00e1n\u00ed je n\u00e1hodn\u011b vybr\u00e1n jeden nebo v\u00edce t\u011bchto k\u00f3d\u016f a majitel tiketu se shodn\u00fdm k\u00f3dem okam\u017eit\u011b vyhr\u00e1v\u00e1 1 milion liber bez ohledu na hlavn\u00ed vylosovan\u00e1 \u010d\u00edsla EuroMillions.<\/p>\r\n<p>D\u00edky t\u00e9to funkci je hran\u00ed EuroMillions ve Velk\u00e9 Brit\u00e1nii obzvl\u00e1\u0161t\u011b atraktivn\u00ed, proto\u017ee poskytuje dal\u0161\u00ed p\u0159\u00edle\u017eitost vyhr\u00e1t v\u00fdznamnou v\u00fdhru nad r\u00e1mec standardn\u00edho jackpotu a odm\u011bn ni\u017e\u0161\u00ed \u00farovn\u011b.<\/p>","protected":false},"excerpt":{"rendered":"<p>Euro Millions je nejv\u011bt\u0161\u00ed loterie v Evrop\u011b. Byla spu\u0161t\u011bna v roce 2004 a l\u00edstky lze zakoupit v dev\u00edti evropsk\u00fdch zem\u00edch &#8211; nebo, pokud jste z \u010cesk\u00e9 republiky, m\u016f\u017eete si l\u00edstky zakoupit online zde. Z\u00edskejte sv\u016fj l\u00edstek EuroMillions z \u010cesk\u00e9 republiky Jste p\u0159ipraveni za\u010d\u00edt a zakoupit si l\u00edstky EuroMillions online? Pokud ano, pak budete cht\u00edt v\u011bd\u011bt [&hellip;]<\/p>\n","protected":false},"author":1,"featured_media":0,"parent":5766,"menu_order":3,"comment_status":"closed","ping_status":"closed","template":"euromillions-info.php","meta":{"_et_pb_use_builder":"","_et_pb_old_content":"","_et_gb_content_width":"","exclude_from_search":false,"footnotes":""},"class_list":["post-5768","page","type-page","status-publish","hentry"],"yoast_head":"<!-- This site is optimized with the Yoast SEO plugin v23.8 - https:\/\/yoast.com\/wordpress\/plugins\/seo\/ -->\n<title>Koupit l\u00edstky EuroMillions online z \u010cesk\u00e9 republiky<\/title>\n<meta name=\"description\" content=\"Informace o tom, jak obyvatel\u00e9 \u010cesk\u00e9 republiky mohou zakoupit l\u00edstky EuroMillions online. Loterie EuroMillions m\u00e1 nejv\u011bt\u0161\u00ed jackpot v Evrop\u011b.\" \/>\n<meta name=\"robots\" content=\"index, follow, max-snippet:-1, max-image-preview:large, max-video-preview:-1\" \/>\n<link rel=\"canonical\" href=\"https:\/\/redfoxlotto.com\/cs\/loterie\/euromillions\/\" \/>\n<meta property=\"og:locale\" content=\"cs_CZ\" \/>\n<meta property=\"og:type\" content=\"article\" \/>\n<meta property=\"og:title\" content=\"Koupit l\u00edstky EuroMillions online z \u010cesk\u00e9 republiky\" \/>\n<meta property=\"og:description\" content=\"Informace o tom, jak obyvatel\u00e9 \u010cesk\u00e9 republiky mohou zakoupit l\u00edstky EuroMillions online. Loterie EuroMillions m\u00e1 nejv\u011bt\u0161\u00ed jackpot v Evrop\u011b.\" \/>\n<meta property=\"og:url\" content=\"https:\/\/redfoxlotto.com\/cs\/loterie\/euromillions\/\" \/>\n<meta property=\"og:site_name\" content=\"Get Tickets for the World\u2019s largest jackpots\" \/>\n<meta property=\"article:modified_time\" content=\"2025-12-18T14:25:25+00:00\" \/>\n<meta property=\"og:image\" content=\"https:\/\/content.redfoxlotto.com\/uploads\/sites\/9\/1_buy_euromillions_online.jpg\" \/>\n<meta name=\"twitter:card\" content=\"summary_large_image\" \/>\n<meta name=\"twitter:label1\" content=\"Odhadovan\u00e1 doba \u010dten\u00ed\" \/>\n\t<meta name=\"twitter:data1\" content=\"5 minut\" \/>\n<script type=\"application\/ld+json\" class=\"yoast-schema-graph\">{\"@context\":\"https:\/\/schema.org\",\"@graph\":[{\"@type\":\"WebPage\",\"@id\":\"https:\/\/redfoxlotto.com\/cs\/loterie\/euromillions\/\",\"url\":\"https:\/\/redfoxlotto.com\/cs\/loterie\/euromillions\/\",\"name\":\"Koupit l\u00edstky EuroMillions online z \u010cesk\u00e9 republiky\",\"isPartOf\":{\"@id\":\"https:\/\/redfoxlotto.com\/cs\/#website\"},\"primaryImageOfPage\":{\"@id\":\"https:\/\/redfoxlotto.com\/cs\/loterie\/euromillions\/#primaryimage\"},\"image\":{\"@id\":\"https:\/\/redfoxlotto.com\/cs\/loterie\/euromillions\/#primaryimage\"},\"thumbnailUrl\":\"https:\/\/content.redfoxlotto.com\/uploads\/sites\/9\/1_buy_euromillions_online.jpg\",\"datePublished\":\"2018-11-18T08:54:25+00:00\",\"dateModified\":\"2025-12-18T14:25:25+00:00\",\"description\":\"Informace o tom, jak obyvatel\u00e9 \u010cesk\u00e9 republiky mohou zakoupit l\u00edstky EuroMillions online. Loterie EuroMillions m\u00e1 nejv\u011bt\u0161\u00ed jackpot v Evrop\u011b.\",\"breadcrumb\":{\"@id\":\"https:\/\/redfoxlotto.com\/cs\/loterie\/euromillions\/#breadcrumb\"},\"inLanguage\":\"cs\",\"potentialAction\":[{\"@type\":\"ReadAction\",\"target\":[\"https:\/\/redfoxlotto.com\/cs\/loterie\/euromillions\/\"]}]},{\"@type\":\"ImageObject\",\"inLanguage\":\"cs\",\"@id\":\"https:\/\/redfoxlotto.com\/cs\/loterie\/euromillions\/#primaryimage\",\"url\":\"https:\/\/content.redfoxlotto.com\/uploads\/sites\/9\/1_buy_euromillions_online.jpg\",\"contentUrl\":\"https:\/\/content.redfoxlotto.com\/uploads\/sites\/9\/1_buy_euromillions_online.jpg\"},{\"@type\":\"BreadcrumbList\",\"@id\":\"https:\/\/redfoxlotto.com\/cs\/loterie\/euromillions\/#breadcrumb\",\"itemListElement\":[{\"@type\":\"ListItem\",\"position\":1,\"name\":\"Home\",\"item\":\"https:\/\/redfoxlotto.com\/cs\/\"},{\"@type\":\"ListItem\",\"position\":2,\"name\":\"Jak\u00fdm zp\u016fsobem zakoupit online loterijn\u00ed tikety \u2013 kupn\u00ed proces\",\"item\":\"https:\/\/redfoxlotto.com\/cs\/loterie\/\"},{\"@type\":\"ListItem\",\"position\":3,\"name\":\"O EuroMillions\"}]},{\"@type\":\"WebSite\",\"@id\":\"https:\/\/redfoxlotto.com\/cs\/#website\",\"url\":\"https:\/\/redfoxlotto.com\/cs\/\",\"name\":\"Get Tickets for the World\u2019s largest jackpots\",\"description\":\"Participate in worldwide lottery jackpots from any country\",\"publisher\":{\"@id\":\"https:\/\/redfoxlotto.com\/cs\/#organization\"},\"potentialAction\":[{\"@type\":\"SearchAction\",\"target\":{\"@type\":\"EntryPoint\",\"urlTemplate\":\"https:\/\/redfoxlotto.com\/cs\/?s={search_term_string}\"},\"query-input\":{\"@type\":\"PropertyValueSpecification\",\"valueRequired\":true,\"valueName\":\"search_term_string\"}}],\"inLanguage\":\"cs\"},{\"@type\":\"Organization\",\"@id\":\"https:\/\/redfoxlotto.com\/cs\/#organization\",\"name\":\"Get Tickets for the World\u2019s largest jackpots\",\"url\":\"https:\/\/redfoxlotto.com\/cs\/\",\"logo\":{\"@type\":\"ImageObject\",\"inLanguage\":\"cs\",\"@id\":\"https:\/\/redfoxlotto.com\/cs\/#\/schema\/logo\/image\/\",\"url\":\"https:\/\/redfoxlotto.com\/wp-content\/uploads\/2023\/04\/logo.png\",\"contentUrl\":\"https:\/\/redfoxlotto.com\/wp-content\/uploads\/2023\/04\/logo.png\",\"width\":269,\"height\":53,\"caption\":\"Get Tickets for the World\u2019s largest jackpots\"},\"image\":{\"@id\":\"https:\/\/redfoxlotto.com\/cs\/#\/schema\/logo\/image\/\"}}]}<\/script>\n<!-- \/ Yoast SEO plugin. -->","yoast_head_json":{"title":"Koupit l\u00edstky EuroMillions online z \u010cesk\u00e9 republiky","description":"Informace o tom, jak obyvatel\u00e9 \u010cesk\u00e9 republiky mohou zakoupit l\u00edstky EuroMillions online. Loterie EuroMillions m\u00e1 nejv\u011bt\u0161\u00ed jackpot v Evrop\u011b.","robots":{"index":"index","follow":"follow","max-snippet":"max-snippet:-1","max-image-preview":"max-image-preview:large","max-video-preview":"max-video-preview:-1"},"canonical":"https:\/\/redfoxlotto.com\/cs\/loterie\/euromillions\/","og_locale":"cs_CZ","og_type":"article","og_title":"Koupit l\u00edstky EuroMillions online z \u010cesk\u00e9 republiky","og_description":"Informace o tom, jak obyvatel\u00e9 \u010cesk\u00e9 republiky mohou zakoupit l\u00edstky EuroMillions online. Loterie EuroMillions m\u00e1 nejv\u011bt\u0161\u00ed jackpot v Evrop\u011b.","og_url":"https:\/\/redfoxlotto.com\/cs\/loterie\/euromillions\/","og_site_name":"Get Tickets for the World\u2019s largest jackpots","article_modified_time":"2025-12-18T14:25:25+00:00","og_image":[{"url":"https:\/\/content.redfoxlotto.com\/uploads\/sites\/9\/1_buy_euromillions_online.jpg"}],"twitter_card":"summary_large_image","twitter_misc":{"Odhadovan\u00e1 doba \u010dten\u00ed":"5 minut"},"schema":{"@context":"https:\/\/schema.org","@graph":[{"@type":"WebPage","@id":"https:\/\/redfoxlotto.com\/cs\/loterie\/euromillions\/","url":"https:\/\/redfoxlotto.com\/cs\/loterie\/euromillions\/","name":"Koupit l\u00edstky EuroMillions online z \u010cesk\u00e9 republiky","isPartOf":{"@id":"https:\/\/redfoxlotto.com\/cs\/#website"},"primaryImageOfPage":{"@id":"https:\/\/redfoxlotto.com\/cs\/loterie\/euromillions\/#primaryimage"},"image":{"@id":"https:\/\/redfoxlotto.com\/cs\/loterie\/euromillions\/#primaryimage"},"thumbnailUrl":"https:\/\/content.redfoxlotto.com\/uploads\/sites\/9\/1_buy_euromillions_online.jpg","datePublished":"2018-11-18T08:54:25+00:00","dateModified":"2025-12-18T14:25:25+00:00","description":"Informace o tom, jak obyvatel\u00e9 \u010cesk\u00e9 republiky mohou zakoupit l\u00edstky EuroMillions online. Loterie EuroMillions m\u00e1 nejv\u011bt\u0161\u00ed jackpot v Evrop\u011b.","breadcrumb":{"@id":"https:\/\/redfoxlotto.com\/cs\/loterie\/euromillions\/#breadcrumb"},"inLanguage":"cs","potentialAction":[{"@type":"ReadAction","target":["https:\/\/redfoxlotto.com\/cs\/loterie\/euromillions\/"]}]},{"@type":"ImageObject","inLanguage":"cs","@id":"https:\/\/redfoxlotto.com\/cs\/loterie\/euromillions\/#primaryimage","url":"https:\/\/content.redfoxlotto.com\/uploads\/sites\/9\/1_buy_euromillions_online.jpg","contentUrl":"https:\/\/content.redfoxlotto.com\/uploads\/sites\/9\/1_buy_euromillions_online.jpg"},{"@type":"BreadcrumbList","@id":"https:\/\/redfoxlotto.com\/cs\/loterie\/euromillions\/#breadcrumb","itemListElement":[{"@type":"ListItem","position":1,"name":"Home","item":"https:\/\/redfoxlotto.com\/cs\/"},{"@type":"ListItem","position":2,"name":"Jak\u00fdm zp\u016fsobem zakoupit online loterijn\u00ed tikety \u2013 kupn\u00ed proces","item":"https:\/\/redfoxlotto.com\/cs\/loterie\/"},{"@type":"ListItem","position":3,"name":"O EuroMillions"}]},{"@type":"WebSite","@id":"https:\/\/redfoxlotto.com\/cs\/#website","url":"https:\/\/redfoxlotto.com\/cs\/","name":"Get Tickets for the World\u2019s largest jackpots","description":"Participate in worldwide lottery jackpots from any country","publisher":{"@id":"https:\/\/redfoxlotto.com\/cs\/#organization"},"potentialAction":[{"@type":"SearchAction","target":{"@type":"EntryPoint","urlTemplate":"https:\/\/redfoxlotto.com\/cs\/?s={search_term_string}"},"query-input":{"@type":"PropertyValueSpecification","valueRequired":true,"valueName":"search_term_string"}}],"inLanguage":"cs"},{"@type":"Organization","@id":"https:\/\/redfoxlotto.com\/cs\/#organization","name":"Get Tickets for the World\u2019s largest jackpots","url":"https:\/\/redfoxlotto.com\/cs\/","logo":{"@type":"ImageObject","inLanguage":"cs","@id":"https:\/\/redfoxlotto.com\/cs\/#\/schema\/logo\/image\/","url":"https:\/\/redfoxlotto.com\/wp-content\/uploads\/2023\/04\/logo.png","contentUrl":"https:\/\/redfoxlotto.com\/wp-content\/uploads\/2023\/04\/logo.png","width":269,"height":53,"caption":"Get Tickets for the World\u2019s largest jackpots"},"image":{"@id":"https:\/\/redfoxlotto.com\/cs\/#\/schema\/logo\/image\/"}}]}},"_links":{"self":[{"href":"https:\/\/redfoxlotto.com\/cs\/wp-json\/wp\/v2\/pages\/5768","targetHints":{"allow":["GET"]}}],"collection":[{"href":"https:\/\/redfoxlotto.com\/cs\/wp-json\/wp\/v2\/pages"}],"about":[{"href":"https:\/\/redfoxlotto.com\/cs\/wp-json\/wp\/v2\/types\/page"}],"author":[{"embeddable":true,"href":"https:\/\/redfoxlotto.com\/cs\/wp-json\/wp\/v2\/users\/1"}],"replies":[{"embeddable":true,"href":"https:\/\/redfoxlotto.com\/cs\/wp-json\/wp\/v2\/comments?post=5768"}],"version-history":[{"count":0,"href":"https:\/\/redfoxlotto.com\/cs\/wp-json\/wp\/v2\/pages\/5768\/revisions"}],"up":[{"embeddable":true,"href":"https:\/\/redfoxlotto.com\/cs\/wp-json\/wp\/v2\/pages\/5766"}],"wp:attachment":[{"href":"https:\/\/redfoxlotto.com\/cs\/wp-json\/wp\/v2\/media?parent=5768"}],"curies":[{"name":"wp","href":"https:\/\/api.w.org\/{rel}","templated":true}]}}