{"id":5767,"date":"2018-11-18T08:54:25","date_gmt":"2018-11-18T08:54:25","guid":{"rendered":"https:\/\/redfoxlotto.com\/?page_id=762"},"modified":"2025-12-18T13:39:12","modified_gmt":"2025-12-18T13:39:12","slug":"eurojackpot","status":"publish","type":"page","link":"https:\/\/redfoxlotto.com\/cs\/loterie\/eurojackpot\/","title":{"rendered":"O h\u0159e Eurojackpot"},"content":{"rendered":"<p><script type=\"application\/ld+json\">\n{\n  \"@context\": \"https:\/\/schema.org\",\n  \"@type\": \"Service\",\n  \"name\": \"Hrajte Eurojackpot online\",\n  \"url\": \"https:\/\/redfoxlotto.com\/cs\/lotteries\/eurojackpot\/\",\n  \"description\": \"Kupujte ofici\u00e1ln\u00ed losy Eurojackpot online z jak\u00e9koli zem\u011b. Nav\u0161tivte RedFoxLotto, vyberte si sv\u00e1 \u010d\u00edsla a zapojte se do dal\u0161\u00edho slosov\u00e1n\u00ed.\",\n  \"serviceType\": \"Online zprost\u0159edkovatelsk\u00e1 slu\u017eba loterijn\u00edch los\u016f\",<\/p>\n<p>  \"provider\": {\n    \"@type\": \"Organization\",\n    \"name\": \"RedFoxLotto\",\n    \"url\": \"https:\/\/redfoxlotto.com\/cs\",\n    \"image\": \"https:\/\/redfoxlotto.com\/cs\/wp-content\/uploads\/2025\/12\/ticket_scans.jpg\",\n    \"sameAs\": []\n  },<\/p>\n<p>  \"areaServed\": \"Worldwide\",\n  \"termsOfService\": \"https:\/\/redfoxlotto.com\/terms-and-conditions\",<\/p>\n<p>  \"additionalProperty\": {\n    \"@type\": \"PropertyValue\",\n    \"name\": \"\u010casto kladen\u00e9 dotazy\",\n    \"value\": \"https:\/\/redfoxlotto.com\/cs\/faq\/\"\n  },<\/p>\n<p>  \"hasOfferCatalog\": {\n    \"@type\": \"OfferCatalog\",\n    \"name\": \"Losy Eurojackpot\",\n    \"itemListElement\": [\n      {\n        \"@type\": \"Offer\",\n        \"name\": \"Losy Eurojackpot\",\n        \"url\": \"https:\/\/redfoxlotto.com\/cs\/lotteries\/eurojackpot\",\n        \"description\": \"Kupte si skute\u010dn\u00e9 losy online pro dal\u0161\u00ed slosov\u00e1n\u00ed Eurojackpotu na RedFoxLotto.\",\n        \"price\": \"6.00\",\n        \"priceCurrency\": \"\u20ac\",\n        \"availability\": \"https:\/\/schema.org\/InStock\",<\/p>\n<p>        \"itemOffered\": {\n          \"@type\": \"Service\",\n          \"name\": \"Loterijn\u00ed losy Eurojackpot\",\n          \"description\": \"Z\u00fa\u010dastn\u011bte se dal\u0161\u00edho slosov\u00e1n\u00ed Eurojackpotu \u2013 kupujte losy online p\u0159es RedFoxLotto.\"\n        }\n      }\n    ]\n  },<\/p>\n<p>  \"mainEntityOfPage\": {\n    \"@type\": \"WebPage\",\n    \"@id\": \"https:\/\/redfoxlotto.com\/cs\/lotteries\/eurojackpot\/\"\n  }\n}\n<\/script><\/p>\n<p>Eurojackpot existuje ji\u017e od roku 2012 a jeho popularita od t\u00e9 doby roste. Jedn\u00edm z d\u016fvod\u016f je to, \u017ee pokud jde o jackpoty, m\u016f\u017eete skute\u010dn\u011b vyhr\u00e1t slu\u0161nou \u010d\u00e1stku pen\u011bz (o tom v\u00edce pozd\u011bji). <strong>Tikety lze zakoupit v 17 z\u00fa\u010dastn\u011bn\u00fdch evropsk\u00fdch zem\u00edch<\/strong>, co\u017e je opravdu skv\u011bl\u00e9 pro ty zem\u011b, kter\u00e9 se ji\u017e v tomto regionu nach\u00e1zej\u00ed.<!--more--><\/p>\n<p>Ale co lid\u00e9, kte\u0159\u00ed \u017eij\u00ed v \u010cesk\u00e9 republice &#8211; nemohou si j\u00edt do obchodu koupit l\u00edstky na Eurojackpot? Online n\u00e1kup je jeden ze zp\u016fsob\u016f, kter\u00fd lze vyu\u017e\u00edt. Pokud ne\u017eijete v jedn\u00e9 z t\u011bchto evropsk\u00fdch zem\u00ed, m\u016f\u017eete si od n\u00e1s zakoupit tikety Eurojackpot online.<\/p>\n<h2>Jackpot<\/h2>\n<p><img decoding=\"async\" class=\"size-full wp-image alignright\" src=\"https:\/\/content.redfoxlotto.com\/uploads\/sites\/9\/1_ticket_eurojackpot2.jpg\" alt=\"eurojackpot\" \/><\/p>\n<p>Loterie Eurojackpot m\u00e1 minim\u00e1ln\u00ed \u010d\u00e1stku jackpotu 10 000 000 \u20ac. To pro V\u00e1s bude ur\u010dit\u011b velk\u00fdm benefitem a velkou zm\u011bnou ve Va\u0161em \u017eivot\u011b, \u017ee? No, ur\u010dit\u011b nebudete m\u00edt probl\u00e9m z\u00edskat n\u011bjak\u00e9 opravdu skv\u011bl\u00e9 v\u011bci, spl\u00e1cet dluhy nebo cokoli jin\u00e9ho. Ale to je jen minimum. Tato \u010d\u00e1stka m\u016f\u017ee b\u00fdt mnohem v\u011bt\u0161\u00ed. Ve skute\u010dnosti m\u016f\u017ee maxim\u00e1ln\u00ed v\u00fdplata dos\u00e1hnout 120 000 000 \u20ac. To bude do Va\u0161eho \u017eivota opravdu obrovsk\u00e1 suma a velk\u00fd rozd\u00edl, ale co kdy\u017e nikdo nevyhraje? V\u0161echny \u010d\u00e1stky nad tuto \u010d\u00e1stku budou p\u0159evedeny do druh\u00e9 t\u0159\u00eddy cen.<\/p>\n<p>To znamen\u00e1, \u017ee budete m\u00edt mo\u017enost vyhr\u00e1t obrovsk\u00fd jackpot, dokud nedos\u00e1hne tohoto limitu. Pot\u00e9 zde bude druh\u00e1 nejvy\u0161\u0161\u00ed \u010d\u00e1stka, kter\u00e1 bude stoupat a stoupat. To znamen\u00e1, \u017ee byste mohli skon\u010dit s obrovsk\u00fdm jackpotem, na kter\u00fd by sta\u010dil men\u0161\u00ed po\u010det uhodnut\u00fdch \u010d\u00edsel, proto\u017ee tato druh\u00e1 \u00farove\u0148 se stane opravdu velk\u00fdm benefitem a druhou \u0161anc\u00ed na velkou v\u00fdhru.<\/p>\n<h2>Pravidla hry Eurojackpot<\/h2>\n<p>Pokud chcete hr\u00e1t Eurojackpot, chcete se ujistit, \u017ee v\u0161e ud\u011bl\u00e1te spr\u00e1vn\u011b. Chcete se ujistit, \u017ee hru hrajete spr\u00e1vn\u011b a \u017ee V\u00e1\u0161 tiket je nastaven spr\u00e1vn\u00fdm zp\u016fsobem. No, budete m\u00edt \u0161t\u011bst\u00ed, proto\u017ee tyto tikety je velmi snadn\u00e9 vybrat a nebudete m\u00edt probl\u00e9m je nastavit p\u0159esn\u011b tak, jak chcete.<\/p>\n<p>Vyberete si 5 <a href=\"https:\/\/redfoxlotto.com\/cs\/vysledky\/eurojackpot\/\">hlavn\u00edch \u010d\u00edsel<\/a> mezi 1 a 50 a pak dv\u011b dal\u0161\u00ed \u010d\u00edsla mezi 1 a 12. Tak\u017ee 5 hlavn\u00edch \u010d\u00edsel V\u00e1m st\u00e1le vyhraje cenu, i kdy\u017e se neshodujete s dal\u0161\u00edmi \u010d\u00edsly nebo s tzv. star numbers. K dispozici je 12 \u00farovn\u00ed cen.<\/p>\n<p>To znamen\u00e1, \u017ee existuje n\u011bkolik r\u016fzn\u00fdch kombinac\u00ed shodn\u00fdch \u010d\u00edsel, kter\u00e9 pokud uh\u00e1dnete, z\u00edskaj\u00ed V\u00e1m ur\u010dit\u00fd typ ceny. M\u016f\u017eete vyhr\u00e1t pouze tolik, abyste pokryli n\u00e1klady na V\u00e1\u0161 tiket, nebo m\u016f\u017eete vyhr\u00e1t miliony, ani\u017e byste museli m\u00edt shodn\u00e1 v\u0161echna \u010d\u00edsla.<\/p>\n<p>Abyste mohli vyhr\u00e1t hlavn\u00ed cenu, mus\u00edte m\u00edt samoz\u0159ejm\u011b v\u0161ech 5 hlavn\u00edch a 2 dal\u0161\u00ed \u010d\u00edsla. Bude to komplikovan\u00e9 a bude to opravdu vz\u00e1cn\u00e1 v\u011bc, ale je to ur\u010dit\u011b mo\u017en\u00e9. Koneckonc\u016f, n\u011bkdo to vyhraje, \u017ee? Pro\u010d byste to nemohli b\u00fdt Vy? Mysl\u00edme si, \u017ee by to mohlo vyj\u00edt, a v\u0161e, co mus\u00edte ud\u011blat, je pod\u00edvat se na proces z\u00edsk\u00e1n\u00ed tiketu pot\u00e9 se p\u0159ipravit na n\u00e1kup.<\/p>\n<h2>Zakoupen\u00ed tiketu Eurojackpot<\/h2>\n<p><img loading=\"lazy\" decoding=\"async\" class=\" wp-image alignright\" src=\"https:\/\/content.redfoxlotto.com\/uploads\/sites\/9\/1_eurojackpot_buy_ticket.jpg\" alt=\"koupit l\u00edstek eurojackpot\" width=\"291\" height=\"193\" \/><\/p>\n<p>Pokud jste p\u0159ipraveni <a href=\"https:\/\/redfoxlotto.com\/cs\/loterie\/\">koupit si tiket<\/a> hry Eurojackpot online, m\u016f\u017eete se pod\u00edvat na n\u00e1\u0161 syst\u00e9m a web. Jedin\u00e9, co mus\u00edte ud\u011blat, je p\u0159ipojit se online a pod\u00edvat se, co\u017e ale pr\u00e1v\u011b d\u011bl\u00e1te. Co tedy d\u011blat d\u00e1l? Chcete se pod\u00edvat na r\u016fzn\u00e9 tikety ke hr\u00e1m, kter\u00e9 m\u00e1me k dispozici.<\/p>\n<p>Nab\u00edz\u00edme ty nejlep\u0161\u00ed tikety ke hr\u00e1m, kter\u00e9 jsou nejobl\u00edben\u011bj\u0161\u00ed, a poskytujeme V\u00e1m nejv\u011bt\u0161\u00ed jackpoty. Jakmile se pod\u00edv\u00e1te, m\u016f\u017eete se rozhodnout, zda si chcete koupit tikety Eurojackpot a dostanete se na samostatnou str\u00e1nku.<\/p>\n<p>Na t\u00e9to str\u00e1nce z\u00edsk\u00e1te dal\u0161\u00ed informace o Eurojackpotu a budete si moci koupit po\u017eadovan\u00e9 tikety. M\u016f\u017eete si vybrat z libovoln\u00e9ho po\u010dtu, a m\u016f\u017eete si vybrat \u010d\u00edsla, kter\u00e1 chcete na va\u0161em tiketu. Pokud se Va\u0161e \u010d\u00edsla shoduj\u00ed s pravidly, o nich\u017e jsme mluvili v\u00fd\u0161e, m\u016f\u017eete si vybrat jakoukoli kombinaci \u010d\u00edsel na ka\u017ed\u00e9m z Va\u0161ich tiket\u016f.<\/p>\n<p>Samoz\u0159ejm\u011b, pokud nev\u00edte, pro jak\u00e1 \u010d\u00edsla se rozhodnout, m\u016f\u017eete si m\u00edsto toho vybrat tiket s rychl\u00fdm v\u00fdb\u011brem.<\/p>\n<p>D\u00edky rychl\u00e9mu v\u00fdb\u011bru z\u00edsk\u00e1te n\u00e1hodn\u00e9 p\u0159i\u0159azen\u00ed \u010d\u00edsel, kter\u00e1 budou odpov\u00eddat po\u017eadavk\u016fm hry. To V\u00e1m umo\u017en\u00ed z\u00edskat tiket, ale nemus\u00edte se starat o nic jin\u00e9ho. Pokud si chcete vybrat \u010d\u00edsel n\u011bkolik, ale ne v\u0161echna, m\u016f\u017eete si vybrat kombinaci obou, co\u017e V\u00e1m ur\u010dit\u011b usnadn\u00ed n\u00e1kup tohoto tiketu.<\/p>\n<h2>Vytvo\u0159en\u00ed Va\u0161eho \u00fa\u010dtu<\/h2>\n<p>Jakmile m\u00e1te vymy\u0161len\u00e1 v\u0161echna \u010d\u00edsla, sta\u010d\u00ed jen proj\u00edt procesem vytvo\u0159en\u00ed \u00fa\u010dtu. Kdy\u017e za\u010dnete vytv\u00e1\u0159et sv\u016fj \u00fa\u010det, je to opravdu velmi jednoduch\u00e9 a v\u0161e, co mus\u00edte ud\u011blat, je vyplnit n\u011bkter\u00e9 osobn\u00ed \u00fadaje. Tyto informace V\u00e1m usnadn\u00ed vlo\u017een\u00ed pen\u011bz na V\u00e1\u0161 \u00fa\u010det, kter\u00e9 m\u016f\u017eete pou\u017e\u00edt k platb\u011b za tikety, a tak\u00e9 zajist\u00ed, abyste si mohli vybrat pen\u00edze ze sv\u00e9ho \u00fa\u010dtu, kdy\u017e vyhrajete. Je to velmi jednoduch\u00e9.<\/p>\n<p>A\u017e budete p\u0159ipraveni vybrat si tiket, p\u0159ihlaste se zp\u011bt na sv\u016fj \u00fa\u010det a budete si moci zakoupit kter\u00fdkoli z po\u017eadovan\u00fdch tiket\u016f. Pokud chcete rychle vybrat, je to je\u0161t\u011b snaz\u0161\u00ed a m\u016f\u017eete dokonce nastavit, aby Va\u0161e tikety byly nastaveny na v\u00edce slosov\u00e1n\u00ed. To znamen\u00e1, \u017ee si nemus\u00edte d\u011blat starosti s n\u00e1kupem dal\u0161\u00edch tiket\u016f na dal\u0161\u00ed slosov\u00e1n\u00ed. Sta\u010d\u00ed si ponechat stejn\u00fd tiket a jste p\u0159ipraveni.<\/p>\n","protected":false},"excerpt":{"rendered":"<p>Eurojackpot existuje ji\u017e od roku 2012 a jeho popularita od t\u00e9 doby roste. Jedn\u00edm z d\u016fvod\u016f je to, \u017ee pokud jde o jackpoty, m\u016f\u017eete skute\u010dn\u011b vyhr\u00e1t slu\u0161nou \u010d\u00e1stku pen\u011bz (o tom v\u00edce pozd\u011bji). Tikety lze zakoupit v 17 z\u00fa\u010dastn\u011bn\u00fdch evropsk\u00fdch zem\u00edch, co\u017e je opravdu skv\u011bl\u00e9 pro ty zem\u011b, kter\u00e9 se ji\u017e v tomto regionu nach\u00e1zej\u00ed.<\/p>\n","protected":false},"author":1,"featured_media":0,"parent":5766,"menu_order":4,"comment_status":"closed","ping_status":"closed","template":"eurojackpot-info.php","meta":{"_et_pb_use_builder":"","_et_pb_old_content":"","_et_gb_content_width":"","exclude_from_search":false,"footnotes":""},"class_list":["post-5767","page","type-page","status-publish","hentry"],"yoast_head":"<!-- This site is optimized with the Yoast SEO plugin v23.8 - https:\/\/yoast.com\/wordpress\/plugins\/seo\/ -->\n<title>Jak zakoupit tikety ke h\u0159e Eurojackpot online z \u010cesk\u00e9 republiky<\/title>\n<meta name=\"description\" content=\"Pokud \u017eijete v \u010cesk\u00e9 republice, kupte si tikety Eurojackpotu online. Vyu\u017eijte na\u0161i slu\u017ebu a z\u00edskejte \u0161anci na v\u00fdhru s ofici\u00e1ln\u00edm tiketem Eurojackpotu..\" \/>\n<meta name=\"robots\" content=\"index, follow, max-snippet:-1, max-image-preview:large, max-video-preview:-1\" \/>\n<link rel=\"canonical\" href=\"https:\/\/redfoxlotto.com\/cs\/loterie\/eurojackpot\/\" \/>\n<meta property=\"og:locale\" content=\"cs_CZ\" \/>\n<meta property=\"og:type\" content=\"article\" \/>\n<meta property=\"og:title\" content=\"Jak zakoupit tikety ke h\u0159e Eurojackpot online z \u010cesk\u00e9 republiky\" \/>\n<meta property=\"og:description\" content=\"Pokud \u017eijete v \u010cesk\u00e9 republice, kupte si tikety Eurojackpotu online. Vyu\u017eijte na\u0161i slu\u017ebu a z\u00edskejte \u0161anci na v\u00fdhru s ofici\u00e1ln\u00edm tiketem Eurojackpotu..\" \/>\n<meta property=\"og:url\" content=\"https:\/\/redfoxlotto.com\/cs\/loterie\/eurojackpot\/\" \/>\n<meta property=\"og:site_name\" content=\"Get Tickets for the World\u2019s largest jackpots\" \/>\n<meta property=\"article:modified_time\" content=\"2025-12-18T13:39:12+00:00\" \/>\n<meta property=\"og:image\" content=\"https:\/\/content.redfoxlotto.com\/uploads\/sites\/9\/1_ticket_eurojackpot2.jpg\" \/>\n<meta name=\"twitter:card\" content=\"summary_large_image\" \/>\n<meta name=\"twitter:label1\" content=\"Odhadovan\u00e1 doba \u010dten\u00ed\" \/>\n\t<meta name=\"twitter:data1\" content=\"4 minuty\" \/>\n<script type=\"application\/ld+json\" class=\"yoast-schema-graph\">{\"@context\":\"https:\/\/schema.org\",\"@graph\":[{\"@type\":\"WebPage\",\"@id\":\"https:\/\/redfoxlotto.com\/cs\/loterie\/eurojackpot\/\",\"url\":\"https:\/\/redfoxlotto.com\/cs\/loterie\/eurojackpot\/\",\"name\":\"Jak zakoupit tikety ke h\u0159e Eurojackpot online z \u010cesk\u00e9 republiky\",\"isPartOf\":{\"@id\":\"https:\/\/redfoxlotto.com\/cs\/#website\"},\"primaryImageOfPage\":{\"@id\":\"https:\/\/redfoxlotto.com\/cs\/loterie\/eurojackpot\/#primaryimage\"},\"image\":{\"@id\":\"https:\/\/redfoxlotto.com\/cs\/loterie\/eurojackpot\/#primaryimage\"},\"thumbnailUrl\":\"https:\/\/content.redfoxlotto.com\/uploads\/sites\/9\/1_ticket_eurojackpot2.jpg\",\"datePublished\":\"2018-11-18T08:54:25+00:00\",\"dateModified\":\"2025-12-18T13:39:12+00:00\",\"description\":\"Pokud \u017eijete v \u010cesk\u00e9 republice, kupte si tikety Eurojackpotu online. Vyu\u017eijte na\u0161i slu\u017ebu a z\u00edskejte \u0161anci na v\u00fdhru s ofici\u00e1ln\u00edm tiketem Eurojackpotu..\",\"breadcrumb\":{\"@id\":\"https:\/\/redfoxlotto.com\/cs\/loterie\/eurojackpot\/#breadcrumb\"},\"inLanguage\":\"cs\",\"potentialAction\":[{\"@type\":\"ReadAction\",\"target\":[\"https:\/\/redfoxlotto.com\/cs\/loterie\/eurojackpot\/\"]}]},{\"@type\":\"ImageObject\",\"inLanguage\":\"cs\",\"@id\":\"https:\/\/redfoxlotto.com\/cs\/loterie\/eurojackpot\/#primaryimage\",\"url\":\"https:\/\/content.redfoxlotto.com\/uploads\/sites\/9\/1_ticket_eurojackpot2.jpg\",\"contentUrl\":\"https:\/\/content.redfoxlotto.com\/uploads\/sites\/9\/1_ticket_eurojackpot2.jpg\"},{\"@type\":\"BreadcrumbList\",\"@id\":\"https:\/\/redfoxlotto.com\/cs\/loterie\/eurojackpot\/#breadcrumb\",\"itemListElement\":[{\"@type\":\"ListItem\",\"position\":1,\"name\":\"Home\",\"item\":\"https:\/\/redfoxlotto.com\/cs\/\"},{\"@type\":\"ListItem\",\"position\":2,\"name\":\"Jak\u00fdm zp\u016fsobem zakoupit online loterijn\u00ed tikety \u2013 kupn\u00ed proces\",\"item\":\"https:\/\/redfoxlotto.com\/cs\/loterie\/\"},{\"@type\":\"ListItem\",\"position\":3,\"name\":\"O h\u0159e Eurojackpot\"}]},{\"@type\":\"WebSite\",\"@id\":\"https:\/\/redfoxlotto.com\/cs\/#website\",\"url\":\"https:\/\/redfoxlotto.com\/cs\/\",\"name\":\"Get Tickets for the World\u2019s largest jackpots\",\"description\":\"Participate in worldwide lottery jackpots from any country\",\"publisher\":{\"@id\":\"https:\/\/redfoxlotto.com\/cs\/#organization\"},\"potentialAction\":[{\"@type\":\"SearchAction\",\"target\":{\"@type\":\"EntryPoint\",\"urlTemplate\":\"https:\/\/redfoxlotto.com\/cs\/?s={search_term_string}\"},\"query-input\":{\"@type\":\"PropertyValueSpecification\",\"valueRequired\":true,\"valueName\":\"search_term_string\"}}],\"inLanguage\":\"cs\"},{\"@type\":\"Organization\",\"@id\":\"https:\/\/redfoxlotto.com\/cs\/#organization\",\"name\":\"Get Tickets for the World\u2019s largest jackpots\",\"url\":\"https:\/\/redfoxlotto.com\/cs\/\",\"logo\":{\"@type\":\"ImageObject\",\"inLanguage\":\"cs\",\"@id\":\"https:\/\/redfoxlotto.com\/cs\/#\/schema\/logo\/image\/\",\"url\":\"https:\/\/redfoxlotto.com\/wp-content\/uploads\/2023\/04\/logo.png\",\"contentUrl\":\"https:\/\/redfoxlotto.com\/wp-content\/uploads\/2023\/04\/logo.png\",\"width\":269,\"height\":53,\"caption\":\"Get Tickets for the World\u2019s largest jackpots\"},\"image\":{\"@id\":\"https:\/\/redfoxlotto.com\/cs\/#\/schema\/logo\/image\/\"}}]}<\/script>\n<!-- \/ Yoast SEO plugin. -->","yoast_head_json":{"title":"Jak zakoupit tikety ke h\u0159e Eurojackpot online z \u010cesk\u00e9 republiky","description":"Pokud \u017eijete v \u010cesk\u00e9 republice, kupte si tikety Eurojackpotu online. Vyu\u017eijte na\u0161i slu\u017ebu a z\u00edskejte \u0161anci na v\u00fdhru s ofici\u00e1ln\u00edm tiketem Eurojackpotu..","robots":{"index":"index","follow":"follow","max-snippet":"max-snippet:-1","max-image-preview":"max-image-preview:large","max-video-preview":"max-video-preview:-1"},"canonical":"https:\/\/redfoxlotto.com\/cs\/loterie\/eurojackpot\/","og_locale":"cs_CZ","og_type":"article","og_title":"Jak zakoupit tikety ke h\u0159e Eurojackpot online z \u010cesk\u00e9 republiky","og_description":"Pokud \u017eijete v \u010cesk\u00e9 republice, kupte si tikety Eurojackpotu online. Vyu\u017eijte na\u0161i slu\u017ebu a z\u00edskejte \u0161anci na v\u00fdhru s ofici\u00e1ln\u00edm tiketem Eurojackpotu..","og_url":"https:\/\/redfoxlotto.com\/cs\/loterie\/eurojackpot\/","og_site_name":"Get Tickets for the World\u2019s largest jackpots","article_modified_time":"2025-12-18T13:39:12+00:00","og_image":[{"url":"https:\/\/content.redfoxlotto.com\/uploads\/sites\/9\/1_ticket_eurojackpot2.jpg"}],"twitter_card":"summary_large_image","twitter_misc":{"Odhadovan\u00e1 doba \u010dten\u00ed":"4 minuty"},"schema":{"@context":"https:\/\/schema.org","@graph":[{"@type":"WebPage","@id":"https:\/\/redfoxlotto.com\/cs\/loterie\/eurojackpot\/","url":"https:\/\/redfoxlotto.com\/cs\/loterie\/eurojackpot\/","name":"Jak zakoupit tikety ke h\u0159e Eurojackpot online z \u010cesk\u00e9 republiky","isPartOf":{"@id":"https:\/\/redfoxlotto.com\/cs\/#website"},"primaryImageOfPage":{"@id":"https:\/\/redfoxlotto.com\/cs\/loterie\/eurojackpot\/#primaryimage"},"image":{"@id":"https:\/\/redfoxlotto.com\/cs\/loterie\/eurojackpot\/#primaryimage"},"thumbnailUrl":"https:\/\/content.redfoxlotto.com\/uploads\/sites\/9\/1_ticket_eurojackpot2.jpg","datePublished":"2018-11-18T08:54:25+00:00","dateModified":"2025-12-18T13:39:12+00:00","description":"Pokud \u017eijete v \u010cesk\u00e9 republice, kupte si tikety Eurojackpotu online. Vyu\u017eijte na\u0161i slu\u017ebu a z\u00edskejte \u0161anci na v\u00fdhru s ofici\u00e1ln\u00edm tiketem Eurojackpotu..","breadcrumb":{"@id":"https:\/\/redfoxlotto.com\/cs\/loterie\/eurojackpot\/#breadcrumb"},"inLanguage":"cs","potentialAction":[{"@type":"ReadAction","target":["https:\/\/redfoxlotto.com\/cs\/loterie\/eurojackpot\/"]}]},{"@type":"ImageObject","inLanguage":"cs","@id":"https:\/\/redfoxlotto.com\/cs\/loterie\/eurojackpot\/#primaryimage","url":"https:\/\/content.redfoxlotto.com\/uploads\/sites\/9\/1_ticket_eurojackpot2.jpg","contentUrl":"https:\/\/content.redfoxlotto.com\/uploads\/sites\/9\/1_ticket_eurojackpot2.jpg"},{"@type":"BreadcrumbList","@id":"https:\/\/redfoxlotto.com\/cs\/loterie\/eurojackpot\/#breadcrumb","itemListElement":[{"@type":"ListItem","position":1,"name":"Home","item":"https:\/\/redfoxlotto.com\/cs\/"},{"@type":"ListItem","position":2,"name":"Jak\u00fdm zp\u016fsobem zakoupit online loterijn\u00ed tikety \u2013 kupn\u00ed proces","item":"https:\/\/redfoxlotto.com\/cs\/loterie\/"},{"@type":"ListItem","position":3,"name":"O h\u0159e Eurojackpot"}]},{"@type":"WebSite","@id":"https:\/\/redfoxlotto.com\/cs\/#website","url":"https:\/\/redfoxlotto.com\/cs\/","name":"Get Tickets for the World\u2019s largest jackpots","description":"Participate in worldwide lottery jackpots from any country","publisher":{"@id":"https:\/\/redfoxlotto.com\/cs\/#organization"},"potentialAction":[{"@type":"SearchAction","target":{"@type":"EntryPoint","urlTemplate":"https:\/\/redfoxlotto.com\/cs\/?s={search_term_string}"},"query-input":{"@type":"PropertyValueSpecification","valueRequired":true,"valueName":"search_term_string"}}],"inLanguage":"cs"},{"@type":"Organization","@id":"https:\/\/redfoxlotto.com\/cs\/#organization","name":"Get Tickets for the World\u2019s largest jackpots","url":"https:\/\/redfoxlotto.com\/cs\/","logo":{"@type":"ImageObject","inLanguage":"cs","@id":"https:\/\/redfoxlotto.com\/cs\/#\/schema\/logo\/image\/","url":"https:\/\/redfoxlotto.com\/wp-content\/uploads\/2023\/04\/logo.png","contentUrl":"https:\/\/redfoxlotto.com\/wp-content\/uploads\/2023\/04\/logo.png","width":269,"height":53,"caption":"Get Tickets for the World\u2019s largest jackpots"},"image":{"@id":"https:\/\/redfoxlotto.com\/cs\/#\/schema\/logo\/image\/"}}]}},"_links":{"self":[{"href":"https:\/\/redfoxlotto.com\/cs\/wp-json\/wp\/v2\/pages\/5767","targetHints":{"allow":["GET"]}}],"collection":[{"href":"https:\/\/redfoxlotto.com\/cs\/wp-json\/wp\/v2\/pages"}],"about":[{"href":"https:\/\/redfoxlotto.com\/cs\/wp-json\/wp\/v2\/types\/page"}],"author":[{"embeddable":true,"href":"https:\/\/redfoxlotto.com\/cs\/wp-json\/wp\/v2\/users\/1"}],"replies":[{"embeddable":true,"href":"https:\/\/redfoxlotto.com\/cs\/wp-json\/wp\/v2\/comments?post=5767"}],"version-history":[{"count":0,"href":"https:\/\/redfoxlotto.com\/cs\/wp-json\/wp\/v2\/pages\/5767\/revisions"}],"up":[{"embeddable":true,"href":"https:\/\/redfoxlotto.com\/cs\/wp-json\/wp\/v2\/pages\/5766"}],"wp:attachment":[{"href":"https:\/\/redfoxlotto.com\/cs\/wp-json\/wp\/v2\/media?parent=5767"}],"curies":[{"name":"wp","href":"https:\/\/api.w.org\/{rel}","templated":true}]}}