{"id":5766,"date":"2023-04-24T14:12:24","date_gmt":"2023-04-24T14:12:24","guid":{"rendered":"https:\/\/redfoxlotto.com\/?page_id=760"},"modified":"2025-12-18T09:25:17","modified_gmt":"2025-12-18T09:25:17","slug":"loterie","status":"publish","type":"page","link":"https:\/\/redfoxlotto.com\/cs\/loterie\/","title":{"rendered":"Jak\u00fdm zp\u016fsobem zakoupit online loterijn\u00ed tikety \u2013 kupn\u00ed proces"},"content":{"rendered":"<script type=\"application\/ld+json\">\r\n{\r\n  \"@context\": \"https:\/\/schema.org\",\r\n  \"@type\": \"Service\",\r\n  \"name\": \"Kupujte loterijn\u00ed l\u00edstky online\",\r\n  \"url\": \"https:\/\/redfoxlotto.com\/cs\/lotteries\/\",\r\n  \"description\": \"Kupujte loterijn\u00ed l\u00edstky online \u2013 nejlep\u0161\u00ed loterie na planet\u011b jsou zde k dispozici.\",\r\n  \"serviceType\": \"Online slu\u017eba zas\u00edl\u00e1n\u00ed loterijn\u00edch l\u00edstk\u016f\",\r\n\r\n  \"provider\": {\r\n    \"@type\": \"Organization\",\r\n    \"name\": \"RedFoxLotto\",\r\n    \"url\": \"https:\/\/redfoxlotto.com\/cs\/\",\r\n    \"image\": \"https:\/\/redfoxlotto.com\/wp-content\/uploads\/2025\/12\/ticket_scans.jpg\"\r\n  },\r\n\r\n  \"areaServed\": \"Worldwide\",\r\n  \"termsOfService\": \"https:\/\/redfoxlotto.com\/terms-and-conditions\",\r\n\r\n  \"additionalProperty\": {\r\n    \"@type\": \"PropertyValue\",\r\n    \"name\": \"FAQ\",\r\n    \"value\": \"https:\/\/redfoxlotto.com\/cs\/faq\/\"\r\n  },\r\n\r\n  \"hasOfferCatalog\": {\r\n    \"@type\": \"OfferCatalog\",\r\n    \"name\": \"Loterijn\u00ed l\u00edstky po cel\u00e9m sv\u011bt\u011b\",\r\n    \"itemListElement\": [\r\n      {\r\n        \"@type\": \"Offer\",\r\n        \"name\": \"Loterijn\u00ed l\u00edstky\",\r\n        \"url\": \"https:\/\/redfoxlotto.com\/cs\/lotteries\/\",\r\n        \"description\": \"N\u00e1kup sv\u011btov\u00fdch loterijn\u00edch l\u00edstk\u016f online je bezpe\u010dn\u00fd a snadn\u00fd \u2013 zde je n\u00e1vod, jak na to.\",\r\n        \"availability\": \"https:\/\/schema.org\/InStock\",\r\n\r\n        \"itemOffered\": {\r\n          \"@type\": \"Service\",\r\n          \"name\": \"Online loterijn\u00ed l\u00edstky\",\r\n          \"description\": \"Z\u00fa\u010dastn\u011bte se nejv\u011bt\u0161\u00edch sv\u011btov\u00fdch jackpot\u016f \u2013 kupte si l\u00edstky online p\u0159es RedFoxLotto.\"\r\n        }\r\n      }\r\n    ]\r\n  },\r\n\r\n  \"mainEntityOfPage\": {\r\n    \"@type\": \"WebPage\",\r\n    \"@id\": \"https:\/\/redfoxlotto.com\/cs\/lotteries\/\"\r\n  }\r\n}\r\n<\/script><p><strong>Jste p\u0159ipraveni koupit loterijn\u00ed tikety odkudkoli na sv\u011bt\u011b?<\/strong> Nebo si mo\u017en\u00e1 je\u0161t\u011b nejste zcela jisti, zda u\u017e jste p\u0159ipraveni. Mo\u017en\u00e1 je\u0161t\u011b p\u0159em\u00fd\u0161l\u00edte, zda to pro v\u00e1s bude skute\u010dn\u011b z\u00e1bava. Nebo mo\u017en\u00e1 nev\u00edte, jak\u00fd to cel\u00e9 bude fungovat.<\/p><p><img decoding=\"async\" class=\"size-full wp-image alignright\" src=\"https:\/\/content.redfoxlotto.com\/uploads\/sites\/9\/1_lottery_ticket.jpg\" alt=\"jak nakupovat online loterie\"><\/p><p>Na na\u0161em webu si m\u016f\u017eete <a href=\"https:\/\/redfoxlotto.com\/cs\/\">zakoupit loterijn\u00ed tikety<\/a> nejv\u011bt\u0161\u00edch sv\u011btov\u00fdch loteri\u00ed online. A kdy\u017e \u0159\u00edk\u00e1me sv\u011bt, mluv\u00edme o skute\u010dn\u00e9m sv\u011bt\u011b, nejen o tiketech, kter\u00e9 jste zvykl\u00ed kupovat ve Va\u0161em dom\u00e1c\u00edm prost\u0159ed\u00ed. Pro n\u00e1s to zahrnuje <a href=\"https:\/\/redfoxlotto.com\/cs\/vysledky\/megamillions\/\">Mega Millions<\/a> a <a href=\"https:\/\/redfoxlotto.com\/cs\/vysledky\/powerball\/\">Powerball <\/a>ze Spojen\u00fdch st\u00e1t\u016f, EuroMillions, Eurojackpot, El Gordo a La Primitiva ze \u0160pan\u011blska, SuperEna z It\u00e1lie a mnoho dal\u0161\u00edch.<\/p><p>Na n\u00e1kupu z na\u0161eho online syst\u00e9mu je je\u0161t\u011b lep\u0161\u00ed, \u017ee m\u016f\u017eete m\u00edt sv\u00e9 tikety v pouh\u00fdch \u010dty\u0159ech jednoduch\u00fdch kroc\u00edch. Nemus\u00edte se ob\u00e1vat, \u017ee byste museli vynalo\u017eit velk\u00e9 \u00fasil\u00ed, abyste z\u00edskali tiket ze zcela jin\u00e9 zem\u011b. Pokud jste online, bude to pro V\u00e1s velmi snadn\u00e9.<\/p><h2 class=\"wp-block-heading\">Zde je p\u0159\u00edklad, jak funguje online nakupov\u00e1n\u00ed tiket\u016f ve \u010dty\u0159ech jednoduch\u00fdch kroc\u00edch:<\/h2><h3 class=\"wp-block-heading\"><strong>Krok 1 \u2013 V\u00fdb\u011br loterie<\/strong><\/h3><p>Na <a href=\"https:\/\/redfoxlotto.com\/cs\/\">RedFoxLotto.com<\/a> vyberte loterii, na kterou si chcete zakoupit tiket. Na na\u0161\u00ed domovsk\u00e9 str\u00e1nce m\u016f\u017eete vid\u011bt loterie se\u0159azen\u00e9 podle v\u00fd\u0161e aktu\u00e1ln\u00edho jackpotu. T\u00edmto zp\u016fsobem se m\u016f\u017eete rozhodnout, kter\u00fd z nich stoj\u00ed za to koupit, a dokonce si m\u016f\u017eete prohl\u00e9dnout v\u00edce loteri\u00ed a zjistit o nich v\u00edce informac\u00ed.<br> Pokud vstoup\u00edte na jednotliv\u00e9 str\u00e1nky, uvid\u00edte, kdy se t\u00e1hnou, jak\u00e1 je v\u00fd\u0161e v\u00fdher a jak\u00fd je proces v\u00fdb\u011bru \u010d\u00edsel. Tak\u017ee u\u017e nikdy nebudete v nev\u011bdomosti.<\/p><h3 class=\"wp-block-heading\"><strong>Krok 2 \u2013 Vyberte sv\u00e1 \u010d\u00edsla<\/strong><\/h3><p>Pomoc\u00ed my\u0161i vyberte V\u00e1mi po\u017eadovan\u00e1 \u010d\u00edsla. Uveden\u00e9 kolonky v\u00e1m \u0159eknou, kolik \u010d\u00edsel pot\u0159ebujete a tak\u00e9 v\u00e1m \u0159eknou, zda pot\u0159ebujete speci\u00e1ln\u00ed \u010d\u00edsla (jako nap\u0159\u00edklad \u010d\u00edslo Powerball nebo Mega pro loterie, na kter\u00e9 jste zvykl\u00ed). Pokud nechcete vyb\u00edrat sv\u00e1 vlastn\u00ed \u010d\u00edsla, m\u016f\u017eete tak\u00e9 pomoc\u00ed funkce \u201eRychl\u00fd v\u00fdb\u011br\u201c vybrat n\u00e1hodn\u00e1 \u010d\u00edsla.<\/p><p>P\u0159esto\u017ee si vyberete n\u00e1hodn\u00e1 \u010d\u00edsla, st\u00e1le m\u00e1te kone\u010dn\u00e9 slovo. Pokud tedy nap\u0159\u00edklad m\u00e1te dv\u011b \u010d\u00edsla, kter\u00e1 se V\u00e1m nel\u00edb\u00ed, m\u016f\u017eete je nahradit jin\u00fdmi. M\u016f\u017eete tak\u00e9 nejprve zadat n\u011bkter\u00e1 z Va\u0161ich vlastn\u00edch \u010d\u00edsel a pak nechat n\u00e1hodn\u011b vybrat ostatn\u00ed.<br>\r\nNemus\u00edte se b\u00e1t, \u017ee budete m\u00edt nedostatek nebo p\u0159\u00edli\u0161 mnoho \u010d\u00edsel. V takov\u00e9m p\u0159\u00edpad\u011b v\u00e1s syst\u00e9m upozorn\u00ed a vyzve v\u00e1s k p\u0159id\u00e1n\u00ed nebo odebr\u00e1n\u00ed \u010d\u00edsel p\u0159ed zakoupen\u00edm tiketu. Je to opravdu velmi jednoduch\u00e9.<\/p><p>Pot\u00e9 si m\u016f\u017eete zakoupit dal\u0161\u00ed tikety jin\u00fdch loteri\u00ed a p\u0159idat je k Va\u0161\u00ed objedn\u00e1vce. Po vypln\u011bn\u00ed v\u0161ech tiket\u016f klikn\u011bte na \u201eZaplatit\u201c. M\u016f\u017eete si tak\u00e9 p\u0159idat i v\u00edce tiket\u016f z jedn\u00e9 loterie nebo z libovoln\u00e9 kombinace loteri\u00ed do va\u0161eho ko\u0161\u00edku a zaplatit je v\u0161echny sou\u010dasn\u011b jako sou\u010d\u00e1st jedn\u00e9 objedn\u00e1vky.<\/p><h3 class=\"wp-block-heading\"><strong>Krok 3 \u2013 Registrace nebo p\u0159ihl\u00e1\u0161en\u00ed<\/strong><\/h3><p>Nejprve si u n\u00e1s mus\u00edte zaregistrovat klientsk\u00fd \u00fa\u010det, abyste pot\u00e9 mohli nakupovat loterijn\u00ed tikety online. K tomu od v\u00e1s pot\u0159ebujeme n\u011bkter\u00e9 informace. Je to i pro va\u0161e vlastn\u00ed pohodl\u00ed, proto\u017ee chcete b\u00fdt informov\u00e1ni v p\u0159\u00edpad\u011b v\u00fdhry. Pokud jste ji\u017e u n\u00e1s zaregistrov\u00e1ni, mus\u00edte se pouze p\u0159ihl\u00e1sit pomoc\u00ed sv\u00fdch p\u0159ihla\u0161ovac\u00edch \u00fadaj\u016f. Pokud jste zapomn\u011bli heslo, pou\u017eijte funkci \u201eZapomenut\u00e9 heslo\u201c.<\/p><h3 class=\"wp-block-heading\"><strong>Krok 4 &#8211; Platba<\/strong><\/h3><p><img decoding=\"async\" class=\"size-full wp-image alignright\" src=\"https:\/\/content.redfoxlotto.com\/uploads\/sites\/9\/1_buy_lottery_online.jpg\" alt=\"zaplatit vstupenku online\"><\/p><p>Na sv\u00e9m klientsk\u00e9m \u00fa\u010dtu vyberte po\u017eadovan\u00fd zp\u016fsob platby. Dostupn\u00e9 mo\u017enosti se mohou li\u0161it v z\u00e1vislosti na zemi pobytu. Mastercard, Visa, okam\u017eit\u00fd bankovn\u00ed p\u0159evod, Bitcoin, Neteller, Skrill a Paysafecard jsou jen n\u011bkter\u00e9 z platebn\u00edch mo\u017enost\u00ed. Vyberte pouze tu mo\u017enost, kterou po\u017eadujete a klikn\u011bte na tla\u010d\u00edtko n\u00e1kup.<\/p><p>Po zaplacen\u00ed obdr\u017e\u00edte e-mail s potvrzen\u00edm n\u00e1kupu na zaregistrovanou e-mailovou adresu. D\u00edky tomu se m\u016f\u017eete ujistit, \u017ee byla objedn\u00e1vka zad\u00e1na a jste p\u0159ipraveni na slosov\u00e1n\u00ed.<\/p><p>Jakmile se zaregistrujete, m\u016f\u017eete tak\u00e9 vlo\u017eit pen\u00edze na sv\u016fj \u00fa\u010det, abyste si mohli zakoupit tikety, kter\u00e9 budete cht\u00edt pozd\u011bji. Je to velice jednoduch\u00fd proces, proto\u017ee chceme m\u00edt jistotu, \u017ee m\u016f\u017eete nakupovat tikety kdykoli budete pot\u0159ebovat. Do n\u00e1kupn\u00edho ko\u0161\u00edku m\u016f\u017eete samoz\u0159ejm\u011b tak\u00e9 p\u0159id\u00e1vat loterijn\u00ed tikety a teprve pot\u00e9 za n\u011b zaplatit pro dokon\u010den\u00ed objedn\u00e1vky.<\/p><p>\u010cty\u0159i kroky, jen p\u00e1r minut a budete p\u0159ipraveni na slosov\u00e1n\u00ed. A nemus\u00edte si d\u011blat starosti s t\u00edm, \u017ee V\u00e1m n\u011bco chyb\u00ed, proto\u017ee V\u00e1s budeme okam\u017eit\u011b informovat, pokud vyhrajete.<\/p><h2 class=\"wp-block-heading\">Po zakoupen\u00ed vstupenek online<\/h2><p>Samoz\u0159ejm\u011b, ke sv\u00e9mu \u00fa\u010dtu se m\u016f\u017eete p\u0159ihl\u00e1sit, kdykoli budete cht\u00edt, m\u016f\u017eete si prohl\u00e9dnout tikety, kter\u00e9 jste si zakoupili, a na jak\u00e9 hry.<\/p><p>Pokud jste p\u0159i slosov\u00e1n\u00ed n\u011bco vyhr\u00e1li nebo spr\u00e1vn\u011b tipovali n\u011bkter\u00e1 \u010d\u00edsla, uk\u00e1\u017eeme v\u00e1m je a pokud jste vyhr\u00e1li, d\u00e1me V\u00e1m v\u011bd\u011bt p\u0159\u00edmo na str\u00e1nce Va\u0161eho \u00fa\u010dtu. Tak\u00e9 V\u00e1m d\u00e1me v\u011bd\u011bt, co mus\u00edte ud\u011blat, abyste si mohli n\u00e1rokovat svou v\u00fdhru, tak\u017ee se nemus\u00edte o nic starat.<\/p><p>Hr\u00e1t s n\u00e1mi je velice snadn\u00e9 a tak\u00e9 mnohem z\u00e1bavn\u011bj\u0161\u00ed ne\u017e cokoli, co jste hr\u00e1li p\u0159edt\u00edm, proto\u017ee m\u00e1te mnohem v\u00edce mo\u017enost\u00ed. S na\u0161imi loterijn\u00edmi tikety online m\u00e1te zcela jist\u011b p\u0159\u00edle\u017eitost vyhr\u00e1t.<\/p>","protected":false},"excerpt":{"rendered":"<p>Jste p\u0159ipraveni koupit loterijn\u00ed tikety odkudkoli na sv\u011bt\u011b? Nebo si mo\u017en\u00e1 je\u0161t\u011b nejste zcela jisti, zda u\u017e jste p\u0159ipraveni. Mo\u017en\u00e1 je\u0161t\u011b p\u0159em\u00fd\u0161l\u00edte, zda to pro v\u00e1s bude skute\u010dn\u011b z\u00e1bava. Nebo mo\u017en\u00e1 nev\u00edte, jak\u00fd to cel\u00e9 bude fungovat. Na na\u0161em webu si m\u016f\u017eete zakoupit loterijn\u00ed tikety nejv\u011bt\u0161\u00edch sv\u011btov\u00fdch loteri\u00ed online. A kdy\u017e \u0159\u00edk\u00e1me sv\u011bt, mluv\u00edme o [&hellip;]<\/p>\n","protected":false},"author":1,"featured_media":0,"parent":0,"menu_order":3,"comment_status":"closed","ping_status":"closed","template":"Information.php","meta":{"_et_pb_use_builder":"","_et_pb_old_content":"","_et_gb_content_width":"","exclude_from_search":false,"footnotes":""},"class_list":["post-5766","page","type-page","status-publish","hentry"],"yoast_head":"<!-- This site is optimized with the Yoast SEO plugin v27.3 - https:\/\/yoast.com\/product\/yoast-seo-wordpress\/ -->\n<title>Koupit lotto vstupenky online<\/title>\n<meta name=\"description\" content=\"N\u00e1kup celosv\u011btov\u00fdch loterijn\u00edch tiket\u016f je bezpe\u010dn\u00fd a snadn\u00fd \u2013 zde je n\u00e1vod!\" \/>\n<meta name=\"robots\" content=\"index, follow, max-snippet:-1, max-image-preview:large, max-video-preview:-1\" \/>\n<link rel=\"canonical\" href=\"https:\/\/redfoxlotto.com\/cs\/loterie\/\" \/>\n<meta property=\"og:locale\" content=\"cs_CZ\" \/>\n<meta property=\"og:type\" content=\"article\" \/>\n<meta property=\"og:title\" content=\"Koupit lotto vstupenky online\" \/>\n<meta property=\"og:description\" content=\"N\u00e1kup celosv\u011btov\u00fdch loterijn\u00edch tiket\u016f je bezpe\u010dn\u00fd a snadn\u00fd \u2013 zde je n\u00e1vod!\" \/>\n<meta property=\"og:url\" content=\"https:\/\/redfoxlotto.com\/cs\/loterie\/\" \/>\n<meta property=\"og:site_name\" content=\"Get Tickets for the World\u2019s largest jackpots\" \/>\n<meta property=\"article:modified_time\" content=\"2025-12-18T09:25:17+00:00\" \/>\n<meta property=\"og:image\" content=\"https:\/\/content.redfoxlotto.com\/uploads\/sites\/9\/1_lottery_ticket.jpg\" \/>\n<meta name=\"twitter:card\" content=\"summary_large_image\" \/>\n<meta name=\"twitter:label1\" content=\"Odhadovan\u00e1 doba \u010dten\u00ed\" \/>\n\t<meta name=\"twitter:data1\" content=\"4 minuty\" \/>\n<script type=\"application\/ld+json\" class=\"yoast-schema-graph\">{\"@context\":\"https:\\\/\\\/schema.org\",\"@graph\":[{\"@type\":\"WebPage\",\"@id\":\"https:\\\/\\\/redfoxlotto.com\\\/cs\\\/loterie\\\/\",\"url\":\"https:\\\/\\\/redfoxlotto.com\\\/cs\\\/loterie\\\/\",\"name\":\"Koupit lotto vstupenky online\",\"isPartOf\":{\"@id\":\"https:\\\/\\\/redfoxlotto.com\\\/cs\\\/#website\"},\"primaryImageOfPage\":{\"@id\":\"https:\\\/\\\/redfoxlotto.com\\\/cs\\\/loterie\\\/#primaryimage\"},\"image\":{\"@id\":\"https:\\\/\\\/redfoxlotto.com\\\/cs\\\/loterie\\\/#primaryimage\"},\"thumbnailUrl\":\"https:\\\/\\\/content.redfoxlotto.com\\\/uploads\\\/sites\\\/9\\\/1_lottery_ticket.jpg\",\"datePublished\":\"2023-04-24T14:12:24+00:00\",\"dateModified\":\"2025-12-18T09:25:17+00:00\",\"description\":\"N\u00e1kup celosv\u011btov\u00fdch loterijn\u00edch tiket\u016f je bezpe\u010dn\u00fd a snadn\u00fd \u2013 zde je n\u00e1vod!\",\"breadcrumb\":{\"@id\":\"https:\\\/\\\/redfoxlotto.com\\\/cs\\\/loterie\\\/#breadcrumb\"},\"inLanguage\":\"cs\",\"potentialAction\":[{\"@type\":\"ReadAction\",\"target\":[\"https:\\\/\\\/redfoxlotto.com\\\/cs\\\/loterie\\\/\"]}]},{\"@type\":\"ImageObject\",\"inLanguage\":\"cs\",\"@id\":\"https:\\\/\\\/redfoxlotto.com\\\/cs\\\/loterie\\\/#primaryimage\",\"url\":\"https:\\\/\\\/content.redfoxlotto.com\\\/uploads\\\/sites\\\/9\\\/1_lottery_ticket.jpg\",\"contentUrl\":\"https:\\\/\\\/content.redfoxlotto.com\\\/uploads\\\/sites\\\/9\\\/1_lottery_ticket.jpg\"},{\"@type\":\"BreadcrumbList\",\"@id\":\"https:\\\/\\\/redfoxlotto.com\\\/cs\\\/loterie\\\/#breadcrumb\",\"itemListElement\":[{\"@type\":\"ListItem\",\"position\":1,\"name\":\"Home\",\"item\":\"https:\\\/\\\/redfoxlotto.com\\\/cs\\\/\"},{\"@type\":\"ListItem\",\"position\":2,\"name\":\"Jak\u00fdm zp\u016fsobem zakoupit online loterijn\u00ed tikety \u2013 kupn\u00ed proces\"}]},{\"@type\":\"WebSite\",\"@id\":\"https:\\\/\\\/redfoxlotto.com\\\/cs\\\/#website\",\"url\":\"https:\\\/\\\/redfoxlotto.com\\\/cs\\\/\",\"name\":\"Get Tickets for the World\u2019s largest jackpots\",\"description\":\"Participate in worldwide lottery jackpots from any country\",\"publisher\":{\"@id\":\"https:\\\/\\\/redfoxlotto.com\\\/cs\\\/#organization\"},\"potentialAction\":[{\"@type\":\"SearchAction\",\"target\":{\"@type\":\"EntryPoint\",\"urlTemplate\":\"https:\\\/\\\/redfoxlotto.com\\\/cs\\\/?s={search_term_string}\"},\"query-input\":{\"@type\":\"PropertyValueSpecification\",\"valueRequired\":true,\"valueName\":\"search_term_string\"}}],\"inLanguage\":\"cs\"},{\"@type\":\"Organization\",\"@id\":\"https:\\\/\\\/redfoxlotto.com\\\/cs\\\/#organization\",\"name\":\"Get Tickets for the World\u2019s largest jackpots\",\"url\":\"https:\\\/\\\/redfoxlotto.com\\\/cs\\\/\",\"logo\":{\"@type\":\"ImageObject\",\"inLanguage\":\"cs\",\"@id\":\"https:\\\/\\\/redfoxlotto.com\\\/cs\\\/#\\\/schema\\\/logo\\\/image\\\/\",\"url\":\"https:\\\/\\\/redfoxlotto.com\\\/wp-content\\\/uploads\\\/2023\\\/04\\\/logo.png\",\"contentUrl\":\"https:\\\/\\\/redfoxlotto.com\\\/wp-content\\\/uploads\\\/2023\\\/04\\\/logo.png\",\"width\":269,\"height\":53,\"caption\":\"Get Tickets for the World\u2019s largest jackpots\"},\"image\":{\"@id\":\"https:\\\/\\\/redfoxlotto.com\\\/cs\\\/#\\\/schema\\\/logo\\\/image\\\/\"}}]}<\/script>\n<!-- \/ Yoast SEO plugin. -->","yoast_head_json":{"title":"Koupit lotto vstupenky online","description":"N\u00e1kup celosv\u011btov\u00fdch loterijn\u00edch tiket\u016f je bezpe\u010dn\u00fd a snadn\u00fd \u2013 zde je n\u00e1vod!","robots":{"index":"index","follow":"follow","max-snippet":"max-snippet:-1","max-image-preview":"max-image-preview:large","max-video-preview":"max-video-preview:-1"},"canonical":"https:\/\/redfoxlotto.com\/cs\/loterie\/","og_locale":"cs_CZ","og_type":"article","og_title":"Koupit lotto vstupenky online","og_description":"N\u00e1kup celosv\u011btov\u00fdch loterijn\u00edch tiket\u016f je bezpe\u010dn\u00fd a snadn\u00fd \u2013 zde je n\u00e1vod!","og_url":"https:\/\/redfoxlotto.com\/cs\/loterie\/","og_site_name":"Get Tickets for the World\u2019s largest jackpots","article_modified_time":"2025-12-18T09:25:17+00:00","og_image":[{"url":"https:\/\/content.redfoxlotto.com\/uploads\/sites\/9\/1_lottery_ticket.jpg","type":"","width":"","height":""}],"twitter_card":"summary_large_image","twitter_misc":{"Odhadovan\u00e1 doba \u010dten\u00ed":"4 minuty"},"schema":{"@context":"https:\/\/schema.org","@graph":[{"@type":"WebPage","@id":"https:\/\/redfoxlotto.com\/cs\/loterie\/","url":"https:\/\/redfoxlotto.com\/cs\/loterie\/","name":"Koupit lotto vstupenky online","isPartOf":{"@id":"https:\/\/redfoxlotto.com\/cs\/#website"},"primaryImageOfPage":{"@id":"https:\/\/redfoxlotto.com\/cs\/loterie\/#primaryimage"},"image":{"@id":"https:\/\/redfoxlotto.com\/cs\/loterie\/#primaryimage"},"thumbnailUrl":"https:\/\/content.redfoxlotto.com\/uploads\/sites\/9\/1_lottery_ticket.jpg","datePublished":"2023-04-24T14:12:24+00:00","dateModified":"2025-12-18T09:25:17+00:00","description":"N\u00e1kup celosv\u011btov\u00fdch loterijn\u00edch tiket\u016f je bezpe\u010dn\u00fd a snadn\u00fd \u2013 zde je n\u00e1vod!","breadcrumb":{"@id":"https:\/\/redfoxlotto.com\/cs\/loterie\/#breadcrumb"},"inLanguage":"cs","potentialAction":[{"@type":"ReadAction","target":["https:\/\/redfoxlotto.com\/cs\/loterie\/"]}]},{"@type":"ImageObject","inLanguage":"cs","@id":"https:\/\/redfoxlotto.com\/cs\/loterie\/#primaryimage","url":"https:\/\/content.redfoxlotto.com\/uploads\/sites\/9\/1_lottery_ticket.jpg","contentUrl":"https:\/\/content.redfoxlotto.com\/uploads\/sites\/9\/1_lottery_ticket.jpg"},{"@type":"BreadcrumbList","@id":"https:\/\/redfoxlotto.com\/cs\/loterie\/#breadcrumb","itemListElement":[{"@type":"ListItem","position":1,"name":"Home","item":"https:\/\/redfoxlotto.com\/cs\/"},{"@type":"ListItem","position":2,"name":"Jak\u00fdm zp\u016fsobem zakoupit online loterijn\u00ed tikety \u2013 kupn\u00ed proces"}]},{"@type":"WebSite","@id":"https:\/\/redfoxlotto.com\/cs\/#website","url":"https:\/\/redfoxlotto.com\/cs\/","name":"Get Tickets for the World\u2019s largest jackpots","description":"Participate in worldwide lottery jackpots from any country","publisher":{"@id":"https:\/\/redfoxlotto.com\/cs\/#organization"},"potentialAction":[{"@type":"SearchAction","target":{"@type":"EntryPoint","urlTemplate":"https:\/\/redfoxlotto.com\/cs\/?s={search_term_string}"},"query-input":{"@type":"PropertyValueSpecification","valueRequired":true,"valueName":"search_term_string"}}],"inLanguage":"cs"},{"@type":"Organization","@id":"https:\/\/redfoxlotto.com\/cs\/#organization","name":"Get Tickets for the World\u2019s largest jackpots","url":"https:\/\/redfoxlotto.com\/cs\/","logo":{"@type":"ImageObject","inLanguage":"cs","@id":"https:\/\/redfoxlotto.com\/cs\/#\/schema\/logo\/image\/","url":"https:\/\/redfoxlotto.com\/wp-content\/uploads\/2023\/04\/logo.png","contentUrl":"https:\/\/redfoxlotto.com\/wp-content\/uploads\/2023\/04\/logo.png","width":269,"height":53,"caption":"Get Tickets for the World\u2019s largest jackpots"},"image":{"@id":"https:\/\/redfoxlotto.com\/cs\/#\/schema\/logo\/image\/"}}]}},"_links":{"self":[{"href":"https:\/\/redfoxlotto.com\/cs\/wp-json\/wp\/v2\/pages\/5766","targetHints":{"allow":["GET"]}}],"collection":[{"href":"https:\/\/redfoxlotto.com\/cs\/wp-json\/wp\/v2\/pages"}],"about":[{"href":"https:\/\/redfoxlotto.com\/cs\/wp-json\/wp\/v2\/types\/page"}],"author":[{"embeddable":true,"href":"https:\/\/redfoxlotto.com\/cs\/wp-json\/wp\/v2\/users\/1"}],"replies":[{"embeddable":true,"href":"https:\/\/redfoxlotto.com\/cs\/wp-json\/wp\/v2\/comments?post=5766"}],"version-history":[{"count":0,"href":"https:\/\/redfoxlotto.com\/cs\/wp-json\/wp\/v2\/pages\/5766\/revisions"}],"wp:attachment":[{"href":"https:\/\/redfoxlotto.com\/cs\/wp-json\/wp\/v2\/media?parent=5766"}],"curies":[{"name":"wp","href":"https:\/\/api.w.org\/{rel}","templated":true}]}}