{"id":50219,"date":"2023-04-13T18:01:41","date_gmt":"2023-04-13T18:01:41","guid":{"rendered":"https:\/\/redfoxlotto.eu\/?page_id=50219"},"modified":"2026-01-06T08:21:50","modified_gmt":"2026-01-06T08:21:50","slug":"na-zemi-vaseho-bydliste-nezalezi-hrajte-nejvetsi-loterie-na-svete","status":"publish","type":"page","link":"https:\/\/redfoxlotto.com\/cs\/","title":{"rendered":"Na zemi va\u0161eho bydli\u0161t\u011b nez\u00e1le\u017e\u00ed, hrajte nejv\u011bt\u0161\u00ed loterie na sv\u011bt\u011b"},"content":{"rendered":"<p><script type=\"application\/ld+json\">\n{\n  \"@context\": \"https:\/\/schema.org\",\n  \"@type\": \"Service\",\n  \"name\": \"Hrajte Powerball online\",\n  \"url\": \"https:\/\/redfoxlotto.com\/cs\/\",\n  \"description\": \"Nejv\u011bt\u0161\u00ed loterijn\u00ed jackpoty na sv\u011bt\u011b dostupn\u00e9 odkudkoli \u2013 kupte si losy online hned te\u010f!\",\n  \"serviceType\": \"Online slu\u017eba zprost\u0159edkov\u00e1n\u00ed n\u00e1kupu loterijn\u00edch tiket\u016f\",\n  \"provider\": {\n    \"@type\": \"Organization\",\n    \"name\": \"RedFoxLotto\",\n    \"url\": \"https:\/\/redfoxlotto.com\/cs\/\",\n    \"image\": \"https:\/\/redfoxlotto.com\/wp-content\/uploads\/2025\/12\/ticket_scans.jpg\"\n  },\n  \"areaServed\": \"Celosv\u011btov\u011b\",\n  \"termsOfService\": \"https:\/\/redfoxlotto.com\/terms-and-conditions\",\n  \"additionalProperty\": {\n    \"@type\": \"PropertyValue\",\n    \"name\": \"\u010casto kladen\u00e9 dotazy\",\n    \"value\": \"https:\/\/redfoxlotto.com\/cs\/faq\/\"\n  },\n  \"hasOfferCatalog\": {\n    \"@type\": \"OfferCatalog\",\n    \"name\": \"Loterijn\u00ed tikety pro mezin\u00e1rodn\u00ed loterie\",\n    \"itemListElement\": [\n      {\n        \"@type\": \"Offer\",\n        \"name\": \"Tikety pro Powerball, Mega Millions, Euromillions a dal\u0161\u00ed\",\n        \"url\": \"https:\/\/redfoxlotto.com\/cs\/\",\n        \"description\": \"Kupte si tikety na nejv\u011bt\u0161\u00ed loterijn\u00ed jackpoty na sv\u011bt\u011b.\",\n        \"availability\": \"https:\/\/schema.org\/InStock\",\n        \"itemOffered\": {\n          \"@type\": \"Service\",\n          \"name\": \"Mezin\u00e1rodn\u00ed loterijn\u00ed tikety\",\n          \"description\": \"\u00da\u010dastn\u011bte se mezin\u00e1rodn\u00edch loteri\u00ed prost\u0159ednictv\u00edm RedFoxLotto.\"\n        }\n      }\n    ]\n  },\n  \"mainEntityOfPage\": {\n    \"@type\": \"WebPage\",\n    \"@id\": \"https:\/\/redfoxlotto.com\/cs\/\"\n  }\n}\n<\/script><\/p>\n<h2>Na va\u0161\u00ed zemi bydli\u0161t\u011b nez\u00e1le\u017e\u00ed, hrajte nejv\u011bt\u0161\u00ed loterie na sv\u011bt\u011b<\/h2>\n<p><img loading=\"lazy\" decoding=\"async\" class=\"size-full wp-image-4467 alignright\" src=\"https:\/\/redfoxlotto.com\/wp-content\/uploads\/2024\/03\/Balls_2.png\" alt=\"online loterijn\u00ed tiket\" width=\"212\" height=\"250\" \/>Kolikr\u00e1t jste sly\u0161eli o v\u00fdherc\u00edch loteri\u00ed po cel\u00e9m sv\u011bt\u011b, kte\u0159\u00ed vyhr\u00e1li obrovsk\u00e9 \u010d\u00e1stky pen\u011bz? Bohu\u017eel tyto obrovsk\u00e9 v\u00fdhry byly v\u011bt\u0161inou dosa\u017eeny v jin\u00fdch zem\u00edch. Samoz\u0159ejm\u011b i ve va\u0161\u00ed zemi se \u010das od \u010dasu objev\u00ed velk\u00e9 jackpoty. \u010casto v\u0161ak trv\u00e1 pom\u011brn\u011b dlouho, ne\u017e jackpot dostate\u010dn\u011b naroste. Pokud tedy \u010dek\u00e1te na velk\u00fd jackpot, mo\u017en\u00e1 si budete muset po\u010dkat.<\/p>\n<p>Nyn\u00ed si v\u0161ak m\u016f\u017eete kupovat loterijn\u00ed tikety online na nejv\u011bt\u0161\u00ed jackpoty na sv\u011bt\u011b. To znamen\u00e1, \u017ee se m\u016f\u017eete \u00fa\u010dastnit loteri\u00ed mimo svou zemi. Je to zcela leg\u00e1ln\u00ed a velmi pohodln\u00e9. Loterijn\u00ed tiket si m\u016f\u017eete objednat online n\u011bkolika kliknut\u00edmi my\u0161i. Pot\u00e9 zaplat\u00edte nap\u0159\u00edklad kreditn\u00ed kartou prost\u0159ednictv\u00edm pln\u011b zabezpe\u010den\u00e9ho procesu. P\u0159\u00edpadn\u011b m\u016f\u017eete vyu\u017e\u00edt n\u011bkterou z dal\u0161\u00edch platebn\u00edch metod. Kr\u00e1tce pot\u00e9 obdr\u017e\u00edte potvrzovac\u00ed e-mail. \u017d\u00e1dn\u00fd tiket se nem\u016f\u017ee ztratit a o ka\u017ed\u00e9 v\u00fdh\u0159e v\u00e1s automaticky informujeme. D\u00edky tomu nem\u016f\u017eete o v\u00fdhru p\u0159ij\u00edt jen proto, \u017ee jste zapomn\u011bli zkontrolovat v\u00fdsledky!<\/p>\n<h2>Nejv\u011bt\u0161\u00ed v\u00fdhoda n\u00e1kupu loterijn\u00edho tiketu online<\/h2>\n<p>Nejv\u011bt\u0161\u00ed v\u00fdhodou je, \u017ee si v\u017edy m\u016f\u017eete koupit tikety do loteri\u00ed, jejich\u017e jackpoty jsou aktu\u00e1ln\u011b na nejvy\u0161\u0161\u00ed \u00farovni. Nez\u00e1le\u017e\u00ed na tom, kolik pen\u011bz utrat\u00edte za loterijn\u00ed tikety. Rozhodn\u011b je v\u00fdhodn\u011bj\u0161\u00ed investovat do jackpotu 150 milion\u016f ne\u017e do v\u00fdplaty dvou milion\u016f. D\u00edky \u0161ir\u0161\u00ed nab\u00eddce loteri\u00ed online najdete ka\u017ed\u00fd t\u00fdden alespo\u0148 jeden obrovsk\u00fd jackpot. To v\u00e1m poskytuje lep\u0161\u00ed pom\u011br ceny a potenci\u00e1ln\u00ed v\u00fdhry ne\u017e m\u00edstn\u00ed loterie. A n\u011bkdy tyto jackpoty dosahuj\u00ed ohromuj\u00edc\u00edch v\u00fd\u0161in.<\/p>\n<p>Sv\u011btov\u00fd rekord v jackpotu \u010din\u00ed 2 040 000 000 USD (stav k \u010dervenci 2023). Byl vyhr\u00e1n 22. listopadu 2022 v americk\u00e9 loterii Powerball. Dne 13. ledna 2016 byl vyhr\u00e1n dal\u0161\u00ed jackpot ve v\u00fd\u0161i 1,586 miliardy USD, rovn\u011b\u017e v Powerballu. T\u0159et\u00ed nejvy\u0161\u0161\u00ed jackpot v\u0161ech dob byl vyhr\u00e1n v loterii Mega Millions dne 23. \u0159\u00edjna 2018, kdy \u0161\u0165astn\u00fd v\u00fdherce z\u00edskal 1,537 miliardy USD.<\/p>\n<p>Mnoho p\u0159edchoz\u00edch velk\u00fdch v\u00fdher v t\u011bchto loteri\u00edch bylo dosa\u017eeno n\u00e1kupem tiket\u016f online.<\/p>\n<h2>Co se stane pot\u00e9, co si objedn\u00e1m tiket online?<\/h2>\n<p><img loading=\"lazy\" decoding=\"async\" class=\"size-medium wp-image-39298 alignright\" src=\"https:\/\/redfoxlotto.com\/wp-content\/uploads\/2023\/04\/1_play_online_lotto.jpg\" alt=\"hrajte online lotto\" width=\"300\" height=\"300\" \/>Slu\u017eba poskytovan\u00e1 spole\u010dnost\u00ed RedFoxLotto.com spo\u010d\u00edv\u00e1 v tom, \u017ee m\u00e1me zam\u011bstnance v zem\u00edch jednotliv\u00fdch loteri\u00ed. Ti zakoup\u00ed tikety, kter\u00e9 jste si objednali. Jedn\u00e1 se o skute\u010dn\u00e9, ofici\u00e1ln\u00ed loterijn\u00ed tikety. Zaji\u0161\u0165ujeme, \u017ee tikety obsahuj\u00ed v\u00e1mi vybran\u00e1 \u010d\u00edsla. Po n\u00e1kupu obdr\u017e\u00edte potvrzovac\u00ed e-mail. Svou objedn\u00e1vku a \u010d\u00edsla si m\u016f\u017eete zkontrolovat ve sv\u00e9m klientsk\u00e9m \u00fa\u010dtu. Kr\u00e1tce po objedn\u00e1n\u00ed bude do va\u0161eho \u00fa\u010dtu nahr\u00e1n sken tiketu, kter\u00fd jsme pro v\u00e1s zakoupili.<\/p>\n<h2>A co kdy\u017e vyhraji?<\/h2>\n<p>I to jsme v\u00e1m maxim\u00e1ln\u011b usnadnili. Jak\u00e9koli v\u00fdhry do 2 500 \u20ac budou okam\u017eit\u011b p\u0159ips\u00e1ny na v\u00e1\u0161 klientsk\u00fd \u00fa\u010det RedFoxLotto. Odtud m\u00e1te k dispozici stejn\u00e9 mo\u017enosti v\u00fdplaty jako p\u0159i platb\u011b za tikety. Pokud va\u0161e v\u00fdhra p\u0159es\u00e1hne 2 500 \u20ac, n\u00e1\u0161 t\u00fdm z\u00e1kaznick\u00e9 podpory v\u00e1s bude kontaktovat ohledn\u011b vyplacen\u00ed. Va\u0161\u00edm jm\u00e9nem se spoj\u00edme s p\u0159\u00edslu\u0161nou loterijn\u00ed komis\u00ed. Takov\u00e1 v\u00fdplata je obvykle provedena p\u0159\u00edmo na v\u00e1\u0161 bankovn\u00ed \u00fa\u010det nebo formou \u0161eku.<\/p>\n<p>Va\u0161e v\u00fdhry zpracov\u00e1v\u00e1me zdarma, s v\u00fdjimkou mal\u00e9ho poplatku za bankovn\u00ed p\u0159evody do n\u011bkter\u00fdch bank.<\/p>\n<p>Pro v\u00edce informac\u00ed nav\u0161tivte na\u0161e FAQ. Pokud tam nenajdete odpov\u011b\u010f na svou ot\u00e1zku, kontaktujte pros\u00edm n\u00e1\u0161 t\u00fdm podpory.<\/p>\n<p>U\u017e tedy nen\u00ed d\u016fvod spokojit se s men\u0161\u00edmi jackpoty! Jednodu\u0161e si na na\u0161em webu vyberte v\u011bt\u0161\u00ed jackpot. Pot\u00e9 zvolte sv\u00e1 \u010d\u00edsla a brzy se m\u016f\u017eete st\u00e1t dal\u0161\u00edm loterijn\u00edm multimilion\u00e1\u0159em! P\u0159ejeme v\u00e1m hodn\u011b \u0161t\u011bst\u00ed!<\/p>\n","protected":false},"excerpt":{"rendered":"<p>Na va\u0161\u00ed zemi bydli\u0161t\u011b nez\u00e1le\u017e\u00ed, hrajte nejv\u011bt\u0161\u00ed loterie na sv\u011bt\u011b Kolikr\u00e1t jste sly\u0161eli o v\u00fdherc\u00edch loteri\u00ed po cel\u00e9m sv\u011bt\u011b, kte\u0159\u00ed vyhr\u00e1li obrovsk\u00e9 \u010d\u00e1stky pen\u011bz? Bohu\u017eel tyto obrovsk\u00e9 v\u00fdhry byly v\u011bt\u0161inou dosa\u017eeny v jin\u00fdch zem\u00edch. Samoz\u0159ejm\u011b i ve va\u0161\u00ed zemi se \u010das od \u010dasu objev\u00ed velk\u00e9 jackpoty. \u010casto v\u0161ak trv\u00e1 pom\u011brn\u011b dlouho, ne\u017e jackpot dostate\u010dn\u011b naroste. [&hellip;]<\/p>\n","protected":false},"author":1,"featured_media":0,"parent":0,"menu_order":1,"comment_status":"closed","ping_status":"closed","template":"lotto.php","meta":{"_et_pb_use_builder":"","_et_pb_old_content":"","_et_gb_content_width":"","exclude_from_search":false,"footnotes":""},"class_list":["post-50219","page","type-page","status-publish","hentry"],"yoast_head":"<!-- This site is optimized with the Yoast SEO plugin v27.3 - https:\/\/yoast.com\/product\/yoast-seo-wordpress\/ -->\n<title>Online Loterie | Vsa\u010fte si tikety a hrajte o nejv\u011bt\u0161\u00ed loterijn\u00ed jackpoty na sv\u011bt\u011b<\/title>\n<meta name=\"description\" content=\"Nejv\u011bt\u0161\u00ed loterijn\u00ed jackpoty na sv\u011bt\u011b odkudkoli - vsa\u010ft\u011b sv\u00e9 online tikety pr\u00e1v\u011b te\u010f!\" \/>\n<meta name=\"robots\" content=\"index, follow, max-snippet:-1, max-image-preview:large, max-video-preview:-1\" \/>\n<link rel=\"canonical\" href=\"https:\/\/redfoxlotto.com\/cs\/\" \/>\n<meta property=\"og:locale\" content=\"cs_CZ\" \/>\n<meta property=\"og:type\" content=\"article\" \/>\n<meta property=\"og:title\" content=\"Online Loterie | Vsa\u010fte si tikety a hrajte o nejv\u011bt\u0161\u00ed loterijn\u00ed jackpoty na sv\u011bt\u011b\" \/>\n<meta property=\"og:description\" content=\"Nejv\u011bt\u0161\u00ed loterijn\u00ed jackpoty na sv\u011bt\u011b odkudkoli - vsa\u010ft\u011b sv\u00e9 online tikety pr\u00e1v\u011b te\u010f!\" \/>\n<meta property=\"og:url\" content=\"https:\/\/redfoxlotto.com\/cs\/\" \/>\n<meta property=\"og:site_name\" content=\"Get Tickets for the World\u2019s largest jackpots\" \/>\n<meta property=\"article:modified_time\" content=\"2026-01-06T08:21:50+00:00\" \/>\n<meta property=\"og:image\" content=\"https:\/\/redfoxlotto.com\/wp-content\/uploads\/2024\/03\/Balls_2.png\" \/>\n<meta name=\"twitter:card\" content=\"summary_large_image\" \/>\n<meta name=\"twitter:label1\" content=\"Odhadovan\u00e1 doba \u010dten\u00ed\" \/>\n\t<meta name=\"twitter:data1\" content=\"4 minuty\" \/>\n<script type=\"application\/ld+json\" class=\"yoast-schema-graph\">{\"@context\":\"https:\\\/\\\/schema.org\",\"@graph\":[{\"@type\":\"WebPage\",\"@id\":\"https:\\\/\\\/redfoxlotto.com\\\/cs\\\/\",\"url\":\"https:\\\/\\\/redfoxlotto.com\\\/cs\\\/\",\"name\":\"Online Loterie | Vsa\u010fte si tikety a hrajte o nejv\u011bt\u0161\u00ed loterijn\u00ed jackpoty na sv\u011bt\u011b\",\"isPartOf\":{\"@id\":\"https:\\\/\\\/redfoxlotto.com\\\/cs\\\/#website\"},\"primaryImageOfPage\":{\"@id\":\"https:\\\/\\\/redfoxlotto.com\\\/cs\\\/#primaryimage\"},\"image\":{\"@id\":\"https:\\\/\\\/redfoxlotto.com\\\/cs\\\/#primaryimage\"},\"thumbnailUrl\":\"https:\\\/\\\/redfoxlotto.com\\\/wp-content\\\/uploads\\\/2024\\\/03\\\/Balls_2.png\",\"datePublished\":\"2023-04-13T18:01:41+00:00\",\"dateModified\":\"2026-01-06T08:21:50+00:00\",\"description\":\"Nejv\u011bt\u0161\u00ed loterijn\u00ed jackpoty na sv\u011bt\u011b odkudkoli - vsa\u010ft\u011b sv\u00e9 online tikety pr\u00e1v\u011b te\u010f!\",\"breadcrumb\":{\"@id\":\"https:\\\/\\\/redfoxlotto.com\\\/cs\\\/#breadcrumb\"},\"inLanguage\":\"cs\",\"potentialAction\":[{\"@type\":\"ReadAction\",\"target\":[\"https:\\\/\\\/redfoxlotto.com\\\/cs\\\/\"]}]},{\"@type\":\"ImageObject\",\"inLanguage\":\"cs\",\"@id\":\"https:\\\/\\\/redfoxlotto.com\\\/cs\\\/#primaryimage\",\"url\":\"https:\\\/\\\/redfoxlotto.com\\\/wp-content\\\/uploads\\\/2024\\\/03\\\/Balls_2.png\",\"contentUrl\":\"https:\\\/\\\/redfoxlotto.com\\\/wp-content\\\/uploads\\\/2024\\\/03\\\/Balls_2.png\"},{\"@type\":\"BreadcrumbList\",\"@id\":\"https:\\\/\\\/redfoxlotto.com\\\/cs\\\/#breadcrumb\",\"itemListElement\":[{\"@type\":\"ListItem\",\"position\":1,\"name\":\"Home\",\"item\":\"https:\\\/\\\/redfoxlotto.com\\\/cs\\\/\"},{\"@type\":\"ListItem\",\"position\":2,\"name\":\"Na zemi va\u0161eho bydli\u0161t\u011b nez\u00e1le\u017e\u00ed, hrajte nejv\u011bt\u0161\u00ed loterie na sv\u011bt\u011b\"}]},{\"@type\":\"WebSite\",\"@id\":\"https:\\\/\\\/redfoxlotto.com\\\/cs\\\/#website\",\"url\":\"https:\\\/\\\/redfoxlotto.com\\\/cs\\\/\",\"name\":\"Get Tickets for the World\u2019s largest jackpots\",\"description\":\"Participate in worldwide lottery jackpots from any country\",\"publisher\":{\"@id\":\"https:\\\/\\\/redfoxlotto.com\\\/cs\\\/#organization\"},\"potentialAction\":[{\"@type\":\"SearchAction\",\"target\":{\"@type\":\"EntryPoint\",\"urlTemplate\":\"https:\\\/\\\/redfoxlotto.com\\\/cs\\\/?s={search_term_string}\"},\"query-input\":{\"@type\":\"PropertyValueSpecification\",\"valueRequired\":true,\"valueName\":\"search_term_string\"}}],\"inLanguage\":\"cs\"},{\"@type\":\"Organization\",\"@id\":\"https:\\\/\\\/redfoxlotto.com\\\/cs\\\/#organization\",\"name\":\"Get Tickets for the World\u2019s largest jackpots\",\"url\":\"https:\\\/\\\/redfoxlotto.com\\\/cs\\\/\",\"logo\":{\"@type\":\"ImageObject\",\"inLanguage\":\"cs\",\"@id\":\"https:\\\/\\\/redfoxlotto.com\\\/cs\\\/#\\\/schema\\\/logo\\\/image\\\/\",\"url\":\"https:\\\/\\\/redfoxlotto.com\\\/wp-content\\\/uploads\\\/2023\\\/04\\\/logo.png\",\"contentUrl\":\"https:\\\/\\\/redfoxlotto.com\\\/wp-content\\\/uploads\\\/2023\\\/04\\\/logo.png\",\"width\":269,\"height\":53,\"caption\":\"Get Tickets for the World\u2019s largest jackpots\"},\"image\":{\"@id\":\"https:\\\/\\\/redfoxlotto.com\\\/cs\\\/#\\\/schema\\\/logo\\\/image\\\/\"}}]}<\/script>\n<!-- \/ Yoast SEO plugin. -->","yoast_head_json":{"title":"Online Loterie | Vsa\u010fte si tikety a hrajte o nejv\u011bt\u0161\u00ed loterijn\u00ed jackpoty na sv\u011bt\u011b","description":"Nejv\u011bt\u0161\u00ed loterijn\u00ed jackpoty na sv\u011bt\u011b odkudkoli - vsa\u010ft\u011b sv\u00e9 online tikety pr\u00e1v\u011b te\u010f!","robots":{"index":"index","follow":"follow","max-snippet":"max-snippet:-1","max-image-preview":"max-image-preview:large","max-video-preview":"max-video-preview:-1"},"canonical":"https:\/\/redfoxlotto.com\/cs\/","og_locale":"cs_CZ","og_type":"article","og_title":"Online Loterie | Vsa\u010fte si tikety a hrajte o nejv\u011bt\u0161\u00ed loterijn\u00ed jackpoty na sv\u011bt\u011b","og_description":"Nejv\u011bt\u0161\u00ed loterijn\u00ed jackpoty na sv\u011bt\u011b odkudkoli - vsa\u010ft\u011b sv\u00e9 online tikety pr\u00e1v\u011b te\u010f!","og_url":"https:\/\/redfoxlotto.com\/cs\/","og_site_name":"Get Tickets for the World\u2019s largest jackpots","article_modified_time":"2026-01-06T08:21:50+00:00","og_image":[{"url":"https:\/\/redfoxlotto.com\/wp-content\/uploads\/2024\/03\/Balls_2.png","type":"","width":"","height":""}],"twitter_card":"summary_large_image","twitter_misc":{"Odhadovan\u00e1 doba \u010dten\u00ed":"4 minuty"},"schema":{"@context":"https:\/\/schema.org","@graph":[{"@type":"WebPage","@id":"https:\/\/redfoxlotto.com\/cs\/","url":"https:\/\/redfoxlotto.com\/cs\/","name":"Online Loterie | Vsa\u010fte si tikety a hrajte o nejv\u011bt\u0161\u00ed loterijn\u00ed jackpoty na sv\u011bt\u011b","isPartOf":{"@id":"https:\/\/redfoxlotto.com\/cs\/#website"},"primaryImageOfPage":{"@id":"https:\/\/redfoxlotto.com\/cs\/#primaryimage"},"image":{"@id":"https:\/\/redfoxlotto.com\/cs\/#primaryimage"},"thumbnailUrl":"https:\/\/redfoxlotto.com\/wp-content\/uploads\/2024\/03\/Balls_2.png","datePublished":"2023-04-13T18:01:41+00:00","dateModified":"2026-01-06T08:21:50+00:00","description":"Nejv\u011bt\u0161\u00ed loterijn\u00ed jackpoty na sv\u011bt\u011b odkudkoli - vsa\u010ft\u011b sv\u00e9 online tikety pr\u00e1v\u011b te\u010f!","breadcrumb":{"@id":"https:\/\/redfoxlotto.com\/cs\/#breadcrumb"},"inLanguage":"cs","potentialAction":[{"@type":"ReadAction","target":["https:\/\/redfoxlotto.com\/cs\/"]}]},{"@type":"ImageObject","inLanguage":"cs","@id":"https:\/\/redfoxlotto.com\/cs\/#primaryimage","url":"https:\/\/redfoxlotto.com\/wp-content\/uploads\/2024\/03\/Balls_2.png","contentUrl":"https:\/\/redfoxlotto.com\/wp-content\/uploads\/2024\/03\/Balls_2.png"},{"@type":"BreadcrumbList","@id":"https:\/\/redfoxlotto.com\/cs\/#breadcrumb","itemListElement":[{"@type":"ListItem","position":1,"name":"Home","item":"https:\/\/redfoxlotto.com\/cs\/"},{"@type":"ListItem","position":2,"name":"Na zemi va\u0161eho bydli\u0161t\u011b nez\u00e1le\u017e\u00ed, hrajte nejv\u011bt\u0161\u00ed loterie na sv\u011bt\u011b"}]},{"@type":"WebSite","@id":"https:\/\/redfoxlotto.com\/cs\/#website","url":"https:\/\/redfoxlotto.com\/cs\/","name":"Get Tickets for the World\u2019s largest jackpots","description":"Participate in worldwide lottery jackpots from any country","publisher":{"@id":"https:\/\/redfoxlotto.com\/cs\/#organization"},"potentialAction":[{"@type":"SearchAction","target":{"@type":"EntryPoint","urlTemplate":"https:\/\/redfoxlotto.com\/cs\/?s={search_term_string}"},"query-input":{"@type":"PropertyValueSpecification","valueRequired":true,"valueName":"search_term_string"}}],"inLanguage":"cs"},{"@type":"Organization","@id":"https:\/\/redfoxlotto.com\/cs\/#organization","name":"Get Tickets for the World\u2019s largest jackpots","url":"https:\/\/redfoxlotto.com\/cs\/","logo":{"@type":"ImageObject","inLanguage":"cs","@id":"https:\/\/redfoxlotto.com\/cs\/#\/schema\/logo\/image\/","url":"https:\/\/redfoxlotto.com\/wp-content\/uploads\/2023\/04\/logo.png","contentUrl":"https:\/\/redfoxlotto.com\/wp-content\/uploads\/2023\/04\/logo.png","width":269,"height":53,"caption":"Get Tickets for the World\u2019s largest jackpots"},"image":{"@id":"https:\/\/redfoxlotto.com\/cs\/#\/schema\/logo\/image\/"}}]}},"_links":{"self":[{"href":"https:\/\/redfoxlotto.com\/cs\/wp-json\/wp\/v2\/pages\/50219","targetHints":{"allow":["GET"]}}],"collection":[{"href":"https:\/\/redfoxlotto.com\/cs\/wp-json\/wp\/v2\/pages"}],"about":[{"href":"https:\/\/redfoxlotto.com\/cs\/wp-json\/wp\/v2\/types\/page"}],"author":[{"embeddable":true,"href":"https:\/\/redfoxlotto.com\/cs\/wp-json\/wp\/v2\/users\/1"}],"replies":[{"embeddable":true,"href":"https:\/\/redfoxlotto.com\/cs\/wp-json\/wp\/v2\/comments?post=50219"}],"version-history":[{"count":0,"href":"https:\/\/redfoxlotto.com\/cs\/wp-json\/wp\/v2\/pages\/50219\/revisions"}],"wp:attachment":[{"href":"https:\/\/redfoxlotto.com\/cs\/wp-json\/wp\/v2\/media?parent=50219"}],"curies":[{"name":"wp","href":"https:\/\/api.w.org\/{rel}","templated":true}]}}