{"id":14466,"date":"2020-08-18T09:19:26","date_gmt":"2020-08-18T09:19:26","guid":{"rendered":"https:\/\/redfoxlotto.com\/?page_id=14466"},"modified":"2023-05-15T13:54:35","modified_gmt":"2023-05-15T13:54:35","slug":"lotto-6aus49","status":"publish","type":"page","link":"https:\/\/redfoxlotto.com\/cs\/loterie\/lotto-6aus49\/","title":{"rendered":"O N\u011bmeck\u00e9 lotto"},"content":{"rendered":"<h2 class=\"wp-block-heading\">Koupit vstupenky na n\u011bmeck\u00e9 Lotto 6aus49 online<\/h2><p><img decoding=\"async\" class=\"size-full wp-image alignright\" src=\"https:\/\/content.redfoxlotto.com\/uploads\/sites\/9\/1_buy_lottery_online.jpg\" alt=\"n\u011bmeck\u00e9 loterijn\u00ed l\u00edstky\"><\/p><p>Jakmile se rozhodnete, \u017ee chcete hr\u00e1t n\u011bmeck\u00e9 Lotto, je na \u010dase koupit si l\u00edstky. Jak si ale m\u016f\u017eete koupit online l\u00edstky na n\u011bmeckou loterii 6aus49? Je to vlastn\u011b jednodu\u0161\u0161\u00ed, ne\u017e si mysl\u00edte. V\u0161e, co mus\u00edte ud\u011blat, je nav\u0161t\u00edvit RedFoxLotto.com, abyste mohli za\u010d\u00edt.<\/p><!--more--><h2 class=\"wp-block-heading\">V\u00fdb\u011br \u010d\u00edsel<\/h2><p>Jakmile jste p\u0159ipraveni hr\u00e1t, sta\u010d\u00ed vybrat 6 \u010d\u00edsel mezi 1 a 49 a 1 mezi 0 a 9. To je v\u0161e, co pot\u0159ebujete. Pak, pokud spoj\u00edte alespo\u0148 3 \u010d\u00edsla, vyhrajete n\u011bco ve h\u0159e. Porovnejte je\u0161t\u011b v\u00edce a vyhrajete je\u0161t\u011b v\u00edce.<\/p><h2 class=\"wp-block-heading\">N\u00e1kup vstupenek<\/h2><p><img loading=\"lazy\" decoding=\"async\" class=\" wp-image alignright\" src=\"https:\/\/content.redfoxlotto.com\/uploads\/sites\/9\/1_lottery_draw_balls.jpg\" alt=\"vyhr\u00e1t loterii online\" width=\"241\" height=\"241\" \/><\/p><p>Nyn\u00ed u\u017e v\u00edte, jak si vybrat \u010d\u00edsla, ale jak si kupujete vstupenky? Je to jednoduch\u00e9. P\u0159ihlaste se na RedFoxLotto.com a vyberte po\u017eadovan\u00e1 \u010d\u00edsla pro po\u017eadovanou hru. M\u016f\u017ee to b\u00fdt tato nebo jak\u00e1koli jin\u00e1 hra. Pot\u00e9 vyberte, kolik v\u00fdkres\u016f chcete, aby va\u0161e l\u00edstky byly dobr\u00e9, a zadejte preferovan\u00fd zp\u016fsob platby.<\/p><p>Jakmile zad\u00e1te platebn\u00ed \u00fadaje a dokon\u010d\u00edte n\u00e1kup, mus\u00edte po\u010dkat, a\u017e zjist\u00edte, zda jste n\u011bco vyhr\u00e1li.<\/p><h2 class=\"wp-block-heading\">Vyhr\u00e1li jste<\/h2><p>Pokud si kupujete vstupenky na n\u011bmeck\u00e9 Lotto 6aus49 online, tak\u00e9 byste cht\u011bli zjistit, zda jste vyhr\u00e1li online, a to je jednodu\u0161\u0161\u00ed, ne\u017e si mo\u017en\u00e1 mysl\u00edte. Jedin\u00e9, co mus\u00edte ud\u011blat, je p\u0159ihl\u00e1sit se ke sv\u00e9mu \u00fa\u010dtu a pod\u00edvat se do sekce tiket\u016f, abyste vid\u011bli v\u00fdhern\u00ed \u010d\u00edsla a srovn\u00e1n\u00ed va\u0161ich \u010d\u00edsel.<\/p>","protected":false},"excerpt":{"rendered":"<p>Koupit vstupenky na n\u011bmeck\u00e9 Lotto 6aus49 online Jakmile se rozhodnete, \u017ee chcete hr\u00e1t n\u011bmeck\u00e9 Lotto, je na \u010dase koupit si l\u00edstky. Jak si ale m\u016f\u017eete koupit online l\u00edstky na n\u011bmeckou loterii 6aus49? Je to vlastn\u011b jednodu\u0161\u0161\u00ed, ne\u017e si mysl\u00edte. V\u0161e, co mus\u00edte ud\u011blat, je nav\u0161t\u00edvit RedFoxLotto.com, abyste mohli za\u010d\u00edt.<\/p>\n","protected":false},"author":1,"featured_media":0,"parent":5766,"menu_order":15,"comment_status":"closed","ping_status":"closed","template":"lotto-german-info.php","meta":{"_et_pb_use_builder":"","_et_pb_old_content":"","_et_gb_content_width":"","exclude_from_search":false,"footnotes":""},"class_list":["post-14466","page","type-page","status-publish","hentry"],"yoast_head":"<!-- This site is optimized with the Yoast SEO plugin v23.8 - https:\/\/yoast.com\/wordpress\/plugins\/seo\/ -->\n<title>Z\u00edskejte vstupenky na N\u011bmeck\u00e9 lotto Lotto online<\/title>\n<meta name=\"description\" content=\"Fanou\u0161ci Lotto ze zahrani\u010d\u00ed mohou nyn\u00ed z\u00edskat vstupenky na N\u011bmeck\u00e9 &quot;6 aus 49&quot; online\" \/>\n<meta name=\"robots\" content=\"index, follow, max-snippet:-1, max-image-preview:large, max-video-preview:-1\" \/>\n<link rel=\"canonical\" href=\"https:\/\/redfoxlotto.com\/cs\/loterie\/lotto-6aus49\/\" \/>\n<meta property=\"og:locale\" content=\"cs_CZ\" \/>\n<meta property=\"og:type\" content=\"article\" \/>\n<meta property=\"og:title\" content=\"Z\u00edskejte vstupenky na N\u011bmeck\u00e9 lotto Lotto online\" \/>\n<meta property=\"og:description\" content=\"Fanou\u0161ci Lotto ze zahrani\u010d\u00ed mohou nyn\u00ed z\u00edskat vstupenky na N\u011bmeck\u00e9 &quot;6 aus 49&quot; online\" \/>\n<meta property=\"og:url\" content=\"https:\/\/redfoxlotto.com\/cs\/loterie\/lotto-6aus49\/\" \/>\n<meta property=\"og:site_name\" content=\"Get Tickets for the World\u2019s largest jackpots\" \/>\n<meta property=\"article:modified_time\" content=\"2023-05-15T13:54:35+00:00\" \/>\n<meta property=\"og:image\" content=\"https:\/\/content.redfoxlotto.com\/uploads\/sites\/9\/1_buy_lottery_online.jpg\" \/>\n<meta name=\"twitter:card\" content=\"summary_large_image\" \/>\n<meta name=\"twitter:label1\" content=\"Odhadovan\u00e1 doba \u010dten\u00ed\" \/>\n\t<meta name=\"twitter:data1\" content=\"2 minuty\" \/>\n<script type=\"application\/ld+json\" class=\"yoast-schema-graph\">{\"@context\":\"https:\/\/schema.org\",\"@graph\":[{\"@type\":\"WebPage\",\"@id\":\"https:\/\/redfoxlotto.com\/cs\/loterie\/lotto-6aus49\/\",\"url\":\"https:\/\/redfoxlotto.com\/cs\/loterie\/lotto-6aus49\/\",\"name\":\"Z\u00edskejte vstupenky na N\u011bmeck\u00e9 lotto Lotto online\",\"isPartOf\":{\"@id\":\"https:\/\/redfoxlotto.com\/cs\/#website\"},\"primaryImageOfPage\":{\"@id\":\"https:\/\/redfoxlotto.com\/cs\/loterie\/lotto-6aus49\/#primaryimage\"},\"image\":{\"@id\":\"https:\/\/redfoxlotto.com\/cs\/loterie\/lotto-6aus49\/#primaryimage\"},\"thumbnailUrl\":\"https:\/\/content.redfoxlotto.com\/uploads\/sites\/9\/1_buy_lottery_online.jpg\",\"datePublished\":\"2020-08-18T09:19:26+00:00\",\"dateModified\":\"2023-05-15T13:54:35+00:00\",\"description\":\"Fanou\u0161ci Lotto ze zahrani\u010d\u00ed mohou nyn\u00ed z\u00edskat vstupenky na N\u011bmeck\u00e9 \\\"6 aus 49\\\" online\",\"breadcrumb\":{\"@id\":\"https:\/\/redfoxlotto.com\/cs\/loterie\/lotto-6aus49\/#breadcrumb\"},\"inLanguage\":\"cs\",\"potentialAction\":[{\"@type\":\"ReadAction\",\"target\":[\"https:\/\/redfoxlotto.com\/cs\/loterie\/lotto-6aus49\/\"]}]},{\"@type\":\"ImageObject\",\"inLanguage\":\"cs\",\"@id\":\"https:\/\/redfoxlotto.com\/cs\/loterie\/lotto-6aus49\/#primaryimage\",\"url\":\"https:\/\/content.redfoxlotto.com\/uploads\/sites\/9\/1_buy_lottery_online.jpg\",\"contentUrl\":\"https:\/\/content.redfoxlotto.com\/uploads\/sites\/9\/1_buy_lottery_online.jpg\"},{\"@type\":\"BreadcrumbList\",\"@id\":\"https:\/\/redfoxlotto.com\/cs\/loterie\/lotto-6aus49\/#breadcrumb\",\"itemListElement\":[{\"@type\":\"ListItem\",\"position\":1,\"name\":\"Home\",\"item\":\"https:\/\/redfoxlotto.com\/cs\/\"},{\"@type\":\"ListItem\",\"position\":2,\"name\":\"Jak\u00fdm zp\u016fsobem zakoupit online loterijn\u00ed tikety \u2013 kupn\u00ed proces\",\"item\":\"https:\/\/redfoxlotto.com\/cs\/loterie\/\"},{\"@type\":\"ListItem\",\"position\":3,\"name\":\"O N\u011bmeck\u00e9 lotto\"}]},{\"@type\":\"WebSite\",\"@id\":\"https:\/\/redfoxlotto.com\/cs\/#website\",\"url\":\"https:\/\/redfoxlotto.com\/cs\/\",\"name\":\"Get Tickets for the World\u2019s largest jackpots\",\"description\":\"Participate in worldwide lottery jackpots from any country\",\"publisher\":{\"@id\":\"https:\/\/redfoxlotto.com\/cs\/#organization\"},\"potentialAction\":[{\"@type\":\"SearchAction\",\"target\":{\"@type\":\"EntryPoint\",\"urlTemplate\":\"https:\/\/redfoxlotto.com\/cs\/?s={search_term_string}\"},\"query-input\":{\"@type\":\"PropertyValueSpecification\",\"valueRequired\":true,\"valueName\":\"search_term_string\"}}],\"inLanguage\":\"cs\"},{\"@type\":\"Organization\",\"@id\":\"https:\/\/redfoxlotto.com\/cs\/#organization\",\"name\":\"Get Tickets for the World\u2019s largest jackpots\",\"url\":\"https:\/\/redfoxlotto.com\/cs\/\",\"logo\":{\"@type\":\"ImageObject\",\"inLanguage\":\"cs\",\"@id\":\"https:\/\/redfoxlotto.com\/cs\/#\/schema\/logo\/image\/\",\"url\":\"https:\/\/redfoxlotto.com\/wp-content\/uploads\/2023\/04\/logo.png\",\"contentUrl\":\"https:\/\/redfoxlotto.com\/wp-content\/uploads\/2023\/04\/logo.png\",\"width\":269,\"height\":53,\"caption\":\"Get Tickets for the World\u2019s largest jackpots\"},\"image\":{\"@id\":\"https:\/\/redfoxlotto.com\/cs\/#\/schema\/logo\/image\/\"}}]}<\/script>\n<!-- \/ Yoast SEO plugin. -->","yoast_head_json":{"title":"Z\u00edskejte vstupenky na N\u011bmeck\u00e9 lotto Lotto online","description":"Fanou\u0161ci Lotto ze zahrani\u010d\u00ed mohou nyn\u00ed z\u00edskat vstupenky na N\u011bmeck\u00e9 \"6 aus 49\" online","robots":{"index":"index","follow":"follow","max-snippet":"max-snippet:-1","max-image-preview":"max-image-preview:large","max-video-preview":"max-video-preview:-1"},"canonical":"https:\/\/redfoxlotto.com\/cs\/loterie\/lotto-6aus49\/","og_locale":"cs_CZ","og_type":"article","og_title":"Z\u00edskejte vstupenky na N\u011bmeck\u00e9 lotto Lotto online","og_description":"Fanou\u0161ci Lotto ze zahrani\u010d\u00ed mohou nyn\u00ed z\u00edskat vstupenky na N\u011bmeck\u00e9 \"6 aus 49\" online","og_url":"https:\/\/redfoxlotto.com\/cs\/loterie\/lotto-6aus49\/","og_site_name":"Get Tickets for the World\u2019s largest jackpots","article_modified_time":"2023-05-15T13:54:35+00:00","og_image":[{"url":"https:\/\/content.redfoxlotto.com\/uploads\/sites\/9\/1_buy_lottery_online.jpg"}],"twitter_card":"summary_large_image","twitter_misc":{"Odhadovan\u00e1 doba \u010dten\u00ed":"2 minuty"},"schema":{"@context":"https:\/\/schema.org","@graph":[{"@type":"WebPage","@id":"https:\/\/redfoxlotto.com\/cs\/loterie\/lotto-6aus49\/","url":"https:\/\/redfoxlotto.com\/cs\/loterie\/lotto-6aus49\/","name":"Z\u00edskejte vstupenky na N\u011bmeck\u00e9 lotto Lotto online","isPartOf":{"@id":"https:\/\/redfoxlotto.com\/cs\/#website"},"primaryImageOfPage":{"@id":"https:\/\/redfoxlotto.com\/cs\/loterie\/lotto-6aus49\/#primaryimage"},"image":{"@id":"https:\/\/redfoxlotto.com\/cs\/loterie\/lotto-6aus49\/#primaryimage"},"thumbnailUrl":"https:\/\/content.redfoxlotto.com\/uploads\/sites\/9\/1_buy_lottery_online.jpg","datePublished":"2020-08-18T09:19:26+00:00","dateModified":"2023-05-15T13:54:35+00:00","description":"Fanou\u0161ci Lotto ze zahrani\u010d\u00ed mohou nyn\u00ed z\u00edskat vstupenky na N\u011bmeck\u00e9 \"6 aus 49\" online","breadcrumb":{"@id":"https:\/\/redfoxlotto.com\/cs\/loterie\/lotto-6aus49\/#breadcrumb"},"inLanguage":"cs","potentialAction":[{"@type":"ReadAction","target":["https:\/\/redfoxlotto.com\/cs\/loterie\/lotto-6aus49\/"]}]},{"@type":"ImageObject","inLanguage":"cs","@id":"https:\/\/redfoxlotto.com\/cs\/loterie\/lotto-6aus49\/#primaryimage","url":"https:\/\/content.redfoxlotto.com\/uploads\/sites\/9\/1_buy_lottery_online.jpg","contentUrl":"https:\/\/content.redfoxlotto.com\/uploads\/sites\/9\/1_buy_lottery_online.jpg"},{"@type":"BreadcrumbList","@id":"https:\/\/redfoxlotto.com\/cs\/loterie\/lotto-6aus49\/#breadcrumb","itemListElement":[{"@type":"ListItem","position":1,"name":"Home","item":"https:\/\/redfoxlotto.com\/cs\/"},{"@type":"ListItem","position":2,"name":"Jak\u00fdm zp\u016fsobem zakoupit online loterijn\u00ed tikety \u2013 kupn\u00ed proces","item":"https:\/\/redfoxlotto.com\/cs\/loterie\/"},{"@type":"ListItem","position":3,"name":"O N\u011bmeck\u00e9 lotto"}]},{"@type":"WebSite","@id":"https:\/\/redfoxlotto.com\/cs\/#website","url":"https:\/\/redfoxlotto.com\/cs\/","name":"Get Tickets for the World\u2019s largest jackpots","description":"Participate in worldwide lottery jackpots from any country","publisher":{"@id":"https:\/\/redfoxlotto.com\/cs\/#organization"},"potentialAction":[{"@type":"SearchAction","target":{"@type":"EntryPoint","urlTemplate":"https:\/\/redfoxlotto.com\/cs\/?s={search_term_string}"},"query-input":{"@type":"PropertyValueSpecification","valueRequired":true,"valueName":"search_term_string"}}],"inLanguage":"cs"},{"@type":"Organization","@id":"https:\/\/redfoxlotto.com\/cs\/#organization","name":"Get Tickets for the World\u2019s largest jackpots","url":"https:\/\/redfoxlotto.com\/cs\/","logo":{"@type":"ImageObject","inLanguage":"cs","@id":"https:\/\/redfoxlotto.com\/cs\/#\/schema\/logo\/image\/","url":"https:\/\/redfoxlotto.com\/wp-content\/uploads\/2023\/04\/logo.png","contentUrl":"https:\/\/redfoxlotto.com\/wp-content\/uploads\/2023\/04\/logo.png","width":269,"height":53,"caption":"Get Tickets for the World\u2019s largest jackpots"},"image":{"@id":"https:\/\/redfoxlotto.com\/cs\/#\/schema\/logo\/image\/"}}]}},"_links":{"self":[{"href":"https:\/\/redfoxlotto.com\/cs\/wp-json\/wp\/v2\/pages\/14466","targetHints":{"allow":["GET"]}}],"collection":[{"href":"https:\/\/redfoxlotto.com\/cs\/wp-json\/wp\/v2\/pages"}],"about":[{"href":"https:\/\/redfoxlotto.com\/cs\/wp-json\/wp\/v2\/types\/page"}],"author":[{"embeddable":true,"href":"https:\/\/redfoxlotto.com\/cs\/wp-json\/wp\/v2\/users\/1"}],"replies":[{"embeddable":true,"href":"https:\/\/redfoxlotto.com\/cs\/wp-json\/wp\/v2\/comments?post=14466"}],"version-history":[{"count":0,"href":"https:\/\/redfoxlotto.com\/cs\/wp-json\/wp\/v2\/pages\/14466\/revisions"}],"up":[{"embeddable":true,"href":"https:\/\/redfoxlotto.com\/cs\/wp-json\/wp\/v2\/pages\/5766"}],"wp:attachment":[{"href":"https:\/\/redfoxlotto.com\/cs\/wp-json\/wp\/v2\/media?parent=14466"}],"curies":[{"name":"wp","href":"https:\/\/api.w.org\/{rel}","templated":true}]}}