{"id":14428,"date":"2020-08-18T09:13:31","date_gmt":"2020-08-18T09:13:31","guid":{"rendered":"https:\/\/redfoxlotto.com\/?page_id=14428"},"modified":"2023-05-15T13:55:09","modified_gmt":"2023-05-15T13:55:09","slug":"lotto-at","status":"publish","type":"page","link":"https:\/\/redfoxlotto.com\/cs\/loterie\/lotto-at\/","title":{"rendered":"O rakousk\u00e9m Lottu"},"content":{"rendered":"<h2 class=\"wp-block-heading\">Koupit vstupenky na rakousk\u00e9 loterie online<\/h2><p><img loading=\"lazy\" decoding=\"async\" class=\" wp-image alignright\" src=\"https:\/\/content.redfoxlotto.com\/uploads\/sites\/9\/1_buy_lotto_to_win.jpg\" alt=\"online loterie v Rakousku\" width=\"238\" height=\"151\" \/><\/p><p>A\u017e p\u0159ijde \u010das na n\u00e1kup l\u00edstk\u016f na rakousk\u00e9 loterie online, mus\u00edte v\u011bd\u011bt, jak na to, \u017ee? Nejprve ale chcete v\u011bd\u011bt, pro\u010d se budete obt\u011b\u017eovat. Na to je vlastn\u011b jednoduch\u00e1 ot\u00e1zka, proto\u017ee tato hra je ur\u010dit\u011b z\u00e1bavn\u00e1.<\/p><!--more--><p>M\u016f\u017eete si vybrat 6 \u010d\u00edsel, kter\u00e1 mus\u00edte shodovat, abyste z\u00edskali jackpot. N\u011bco v\u0161ak m\u016f\u017eete vyhr\u00e1t, pokud na v\u00fdkresu spoj\u00edte alespo\u0148 2 \u010d\u00edsla. P\u0159i\u0159azen\u00edm je\u0161t\u011b v\u011bt\u0161\u00edho po\u010dtu \u010d\u00edsel z\u00edsk\u00e1te je\u0161t\u011b vy\u0161\u0161\u00ed cenu a v nejvy\u0161\u0161\u00edch z\u00e1pasech budou k dispozici lep\u0161\u00ed ceny.<\/p><h2 class=\"wp-block-heading\">Jak nakupovat vstupenky na rakousk\u00e9 loterie online<\/h2><p>Pokud jste p\u0159ipraveni koupit si l\u00edstky, prvn\u00ed v\u011bc\u00ed, kterou mus\u00edte ud\u011blat, je naj\u00edt web, kde jsou nab\u00edzeny. Na\u0161t\u011bst\u00ed pro v\u00e1s je RedFoxLotto.com t\u00edm nejlep\u0161\u00edm m\u00edstem k zakoupen\u00ed l\u00edstk\u016f a usnadn\u00ed v\u00e1m rychl\u00e9 vyhled\u00e1n\u00ed toho, co hled\u00e1te.<\/p><p>M\u016f\u017eete si vybrat \u010d\u00edsla nebo si m\u016f\u017eete vybrat l\u00edstek pro snadn\u00fd v\u00fdb\u011br, kde budou \u010d\u00edsla vybr\u00e1na pro v\u00e1s. Pot\u00e9 provedete platbu pomoc\u00ed sv\u00e9ho obl\u00edben\u00e9ho zp\u016fsobu platby. Provede platbu a potvrd\u00ed va\u0161i objedn\u00e1vku. Pak u\u017e jen po\u010dk\u00e1te na v\u00fdhern\u00ed \u010d\u00edsla.<\/p><h2 class=\"wp-block-heading\">Jak\u00e1 jsou v\u00fdhern\u00ed \u010d\u00edsla<\/h2><p>Jakmile si koup\u00edte l\u00edstky na Austrian Lotto online a je losov\u00e1n\u00ed hotovo, m\u016f\u017eete se pod\u00edvat do sekce vstupenek, kde uvid\u00edte v\u0161echna \u010d\u00edsla, kter\u00e1 jste spojili s v\u00fdhern\u00edmi \u010d\u00edsly a co jste mo\u017en\u00e1 vyhr\u00e1li.<\/p>","protected":false},"excerpt":{"rendered":"<p>Koupit vstupenky na rakousk\u00e9 loterie online A\u017e p\u0159ijde \u010das na n\u00e1kup l\u00edstk\u016f na rakousk\u00e9 loterie online, mus\u00edte v\u011bd\u011bt, jak na to, \u017ee? Nejprve ale chcete v\u011bd\u011bt, pro\u010d se budete obt\u011b\u017eovat. Na to je vlastn\u011b jednoduch\u00e1 ot\u00e1zka, proto\u017ee tato hra je ur\u010dit\u011b z\u00e1bavn\u00e1.<\/p>\n","protected":false},"author":1,"featured_media":0,"parent":5766,"menu_order":16,"comment_status":"closed","ping_status":"closed","template":"","meta":{"_et_pb_use_builder":"","_et_pb_old_content":"","_et_gb_content_width":"","exclude_from_search":false,"footnotes":""},"class_list":["post-14428","page","type-page","status-publish","hentry"],"yoast_head":"<!-- This site is optimized with the Yoast SEO plugin v27.4 - https:\/\/yoast.com\/product\/yoast-seo-wordpress\/ -->\n<title>Z\u00edskejte l\u00edstek na rakousk\u00e9 Lotto online<\/title>\n<meta name=\"description\" content=\"U\u017e jste n\u011bkdy sly\u0161eli o Lotto Austria? Vstupenky m\u016f\u017eete z\u00edskat online zde!\" \/>\n<meta name=\"robots\" content=\"index, follow, max-snippet:-1, max-image-preview:large, max-video-preview:-1\" \/>\n<link rel=\"canonical\" href=\"https:\/\/redfoxlotto.com\/cs\/loterie\/lotto-at\/\" \/>\n<meta property=\"og:locale\" content=\"cs_CZ\" \/>\n<meta property=\"og:type\" content=\"article\" \/>\n<meta property=\"og:title\" content=\"Z\u00edskejte l\u00edstek na rakousk\u00e9 Lotto online\" \/>\n<meta property=\"og:description\" content=\"U\u017e jste n\u011bkdy sly\u0161eli o Lotto Austria? Vstupenky m\u016f\u017eete z\u00edskat online zde!\" \/>\n<meta property=\"og:url\" content=\"https:\/\/redfoxlotto.com\/cs\/loterie\/lotto-at\/\" \/>\n<meta property=\"og:site_name\" content=\"Get Tickets for the World\u2019s largest jackpots\" \/>\n<meta property=\"article:modified_time\" content=\"2023-05-15T13:55:09+00:00\" \/>\n<meta property=\"og:image\" content=\"https:\/\/content.redfoxlotto.com\/uploads\/sites\/9\/1_buy_lotto_to_win.jpg\" \/>\n<meta name=\"twitter:card\" content=\"summary_large_image\" \/>\n<meta name=\"twitter:label1\" content=\"Odhadovan\u00e1 doba \u010dten\u00ed\" \/>\n\t<meta name=\"twitter:data1\" content=\"1 minuta\" \/>\n<script type=\"application\/ld+json\" class=\"yoast-schema-graph\">{\"@context\":\"https:\\\/\\\/schema.org\",\"@graph\":[{\"@type\":\"WebPage\",\"@id\":\"https:\\\/\\\/redfoxlotto.com\\\/cs\\\/loterie\\\/lotto-at\\\/\",\"url\":\"https:\\\/\\\/redfoxlotto.com\\\/cs\\\/loterie\\\/lotto-at\\\/\",\"name\":\"Z\u00edskejte l\u00edstek na rakousk\u00e9 Lotto online\",\"isPartOf\":{\"@id\":\"https:\\\/\\\/redfoxlotto.com\\\/cs\\\/#website\"},\"primaryImageOfPage\":{\"@id\":\"https:\\\/\\\/redfoxlotto.com\\\/cs\\\/loterie\\\/lotto-at\\\/#primaryimage\"},\"image\":{\"@id\":\"https:\\\/\\\/redfoxlotto.com\\\/cs\\\/loterie\\\/lotto-at\\\/#primaryimage\"},\"thumbnailUrl\":\"https:\\\/\\\/content.redfoxlotto.com\\\/uploads\\\/sites\\\/9\\\/1_buy_lotto_to_win.jpg\",\"datePublished\":\"2020-08-18T09:13:31+00:00\",\"dateModified\":\"2023-05-15T13:55:09+00:00\",\"description\":\"U\u017e jste n\u011bkdy sly\u0161eli o Lotto Austria? Vstupenky m\u016f\u017eete z\u00edskat online zde!\",\"breadcrumb\":{\"@id\":\"https:\\\/\\\/redfoxlotto.com\\\/cs\\\/loterie\\\/lotto-at\\\/#breadcrumb\"},\"inLanguage\":\"cs\",\"potentialAction\":[{\"@type\":\"ReadAction\",\"target\":[\"https:\\\/\\\/redfoxlotto.com\\\/cs\\\/loterie\\\/lotto-at\\\/\"]}]},{\"@type\":\"ImageObject\",\"inLanguage\":\"cs\",\"@id\":\"https:\\\/\\\/redfoxlotto.com\\\/cs\\\/loterie\\\/lotto-at\\\/#primaryimage\",\"url\":\"https:\\\/\\\/content.redfoxlotto.com\\\/uploads\\\/sites\\\/9\\\/1_buy_lotto_to_win.jpg\",\"contentUrl\":\"https:\\\/\\\/content.redfoxlotto.com\\\/uploads\\\/sites\\\/9\\\/1_buy_lotto_to_win.jpg\"},{\"@type\":\"BreadcrumbList\",\"@id\":\"https:\\\/\\\/redfoxlotto.com\\\/cs\\\/loterie\\\/lotto-at\\\/#breadcrumb\",\"itemListElement\":[{\"@type\":\"ListItem\",\"position\":1,\"name\":\"Home\",\"item\":\"https:\\\/\\\/redfoxlotto.com\\\/cs\\\/\"},{\"@type\":\"ListItem\",\"position\":2,\"name\":\"Jak\u00fdm zp\u016fsobem zakoupit online loterijn\u00ed tikety \u2013 kupn\u00ed proces\",\"item\":\"https:\\\/\\\/redfoxlotto.com\\\/cs\\\/loterie\\\/\"},{\"@type\":\"ListItem\",\"position\":3,\"name\":\"O rakousk\u00e9m Lottu\"}]},{\"@type\":\"WebSite\",\"@id\":\"https:\\\/\\\/redfoxlotto.com\\\/cs\\\/#website\",\"url\":\"https:\\\/\\\/redfoxlotto.com\\\/cs\\\/\",\"name\":\"Get Tickets for the World\u2019s largest jackpots\",\"description\":\"Participate in worldwide lottery jackpots from any country\",\"publisher\":{\"@id\":\"https:\\\/\\\/redfoxlotto.com\\\/cs\\\/#organization\"},\"potentialAction\":[{\"@type\":\"SearchAction\",\"target\":{\"@type\":\"EntryPoint\",\"urlTemplate\":\"https:\\\/\\\/redfoxlotto.com\\\/cs\\\/?s={search_term_string}\"},\"query-input\":{\"@type\":\"PropertyValueSpecification\",\"valueRequired\":true,\"valueName\":\"search_term_string\"}}],\"inLanguage\":\"cs\"},{\"@type\":\"Organization\",\"@id\":\"https:\\\/\\\/redfoxlotto.com\\\/cs\\\/#organization\",\"name\":\"Get Tickets for the World\u2019s largest jackpots\",\"url\":\"https:\\\/\\\/redfoxlotto.com\\\/cs\\\/\",\"logo\":{\"@type\":\"ImageObject\",\"inLanguage\":\"cs\",\"@id\":\"https:\\\/\\\/redfoxlotto.com\\\/cs\\\/#\\\/schema\\\/logo\\\/image\\\/\",\"url\":\"https:\\\/\\\/redfoxlotto.com\\\/wp-content\\\/uploads\\\/2023\\\/04\\\/logo.png\",\"contentUrl\":\"https:\\\/\\\/redfoxlotto.com\\\/wp-content\\\/uploads\\\/2023\\\/04\\\/logo.png\",\"width\":269,\"height\":53,\"caption\":\"Get Tickets for the World\u2019s largest jackpots\"},\"image\":{\"@id\":\"https:\\\/\\\/redfoxlotto.com\\\/cs\\\/#\\\/schema\\\/logo\\\/image\\\/\"}}]}<\/script>\n<!-- \/ Yoast SEO plugin. -->","yoast_head_json":{"title":"Z\u00edskejte l\u00edstek na rakousk\u00e9 Lotto online","description":"U\u017e jste n\u011bkdy sly\u0161eli o Lotto Austria? Vstupenky m\u016f\u017eete z\u00edskat online zde!","robots":{"index":"index","follow":"follow","max-snippet":"max-snippet:-1","max-image-preview":"max-image-preview:large","max-video-preview":"max-video-preview:-1"},"canonical":"https:\/\/redfoxlotto.com\/cs\/loterie\/lotto-at\/","og_locale":"cs_CZ","og_type":"article","og_title":"Z\u00edskejte l\u00edstek na rakousk\u00e9 Lotto online","og_description":"U\u017e jste n\u011bkdy sly\u0161eli o Lotto Austria? Vstupenky m\u016f\u017eete z\u00edskat online zde!","og_url":"https:\/\/redfoxlotto.com\/cs\/loterie\/lotto-at\/","og_site_name":"Get Tickets for the World\u2019s largest jackpots","article_modified_time":"2023-05-15T13:55:09+00:00","og_image":[{"url":"https:\/\/content.redfoxlotto.com\/uploads\/sites\/9\/1_buy_lotto_to_win.jpg","type":"","width":"","height":""}],"twitter_card":"summary_large_image","twitter_misc":{"Odhadovan\u00e1 doba \u010dten\u00ed":"1 minuta"},"schema":{"@context":"https:\/\/schema.org","@graph":[{"@type":"WebPage","@id":"https:\/\/redfoxlotto.com\/cs\/loterie\/lotto-at\/","url":"https:\/\/redfoxlotto.com\/cs\/loterie\/lotto-at\/","name":"Z\u00edskejte l\u00edstek na rakousk\u00e9 Lotto online","isPartOf":{"@id":"https:\/\/redfoxlotto.com\/cs\/#website"},"primaryImageOfPage":{"@id":"https:\/\/redfoxlotto.com\/cs\/loterie\/lotto-at\/#primaryimage"},"image":{"@id":"https:\/\/redfoxlotto.com\/cs\/loterie\/lotto-at\/#primaryimage"},"thumbnailUrl":"https:\/\/content.redfoxlotto.com\/uploads\/sites\/9\/1_buy_lotto_to_win.jpg","datePublished":"2020-08-18T09:13:31+00:00","dateModified":"2023-05-15T13:55:09+00:00","description":"U\u017e jste n\u011bkdy sly\u0161eli o Lotto Austria? Vstupenky m\u016f\u017eete z\u00edskat online zde!","breadcrumb":{"@id":"https:\/\/redfoxlotto.com\/cs\/loterie\/lotto-at\/#breadcrumb"},"inLanguage":"cs","potentialAction":[{"@type":"ReadAction","target":["https:\/\/redfoxlotto.com\/cs\/loterie\/lotto-at\/"]}]},{"@type":"ImageObject","inLanguage":"cs","@id":"https:\/\/redfoxlotto.com\/cs\/loterie\/lotto-at\/#primaryimage","url":"https:\/\/content.redfoxlotto.com\/uploads\/sites\/9\/1_buy_lotto_to_win.jpg","contentUrl":"https:\/\/content.redfoxlotto.com\/uploads\/sites\/9\/1_buy_lotto_to_win.jpg"},{"@type":"BreadcrumbList","@id":"https:\/\/redfoxlotto.com\/cs\/loterie\/lotto-at\/#breadcrumb","itemListElement":[{"@type":"ListItem","position":1,"name":"Home","item":"https:\/\/redfoxlotto.com\/cs\/"},{"@type":"ListItem","position":2,"name":"Jak\u00fdm zp\u016fsobem zakoupit online loterijn\u00ed tikety \u2013 kupn\u00ed proces","item":"https:\/\/redfoxlotto.com\/cs\/loterie\/"},{"@type":"ListItem","position":3,"name":"O rakousk\u00e9m Lottu"}]},{"@type":"WebSite","@id":"https:\/\/redfoxlotto.com\/cs\/#website","url":"https:\/\/redfoxlotto.com\/cs\/","name":"Get Tickets for the World\u2019s largest jackpots","description":"Participate in worldwide lottery jackpots from any country","publisher":{"@id":"https:\/\/redfoxlotto.com\/cs\/#organization"},"potentialAction":[{"@type":"SearchAction","target":{"@type":"EntryPoint","urlTemplate":"https:\/\/redfoxlotto.com\/cs\/?s={search_term_string}"},"query-input":{"@type":"PropertyValueSpecification","valueRequired":true,"valueName":"search_term_string"}}],"inLanguage":"cs"},{"@type":"Organization","@id":"https:\/\/redfoxlotto.com\/cs\/#organization","name":"Get Tickets for the World\u2019s largest jackpots","url":"https:\/\/redfoxlotto.com\/cs\/","logo":{"@type":"ImageObject","inLanguage":"cs","@id":"https:\/\/redfoxlotto.com\/cs\/#\/schema\/logo\/image\/","url":"https:\/\/redfoxlotto.com\/wp-content\/uploads\/2023\/04\/logo.png","contentUrl":"https:\/\/redfoxlotto.com\/wp-content\/uploads\/2023\/04\/logo.png","width":269,"height":53,"caption":"Get Tickets for the World\u2019s largest jackpots"},"image":{"@id":"https:\/\/redfoxlotto.com\/cs\/#\/schema\/logo\/image\/"}}]}},"_links":{"self":[{"href":"https:\/\/redfoxlotto.com\/cs\/wp-json\/wp\/v2\/pages\/14428","targetHints":{"allow":["GET"]}}],"collection":[{"href":"https:\/\/redfoxlotto.com\/cs\/wp-json\/wp\/v2\/pages"}],"about":[{"href":"https:\/\/redfoxlotto.com\/cs\/wp-json\/wp\/v2\/types\/page"}],"author":[{"embeddable":true,"href":"https:\/\/redfoxlotto.com\/cs\/wp-json\/wp\/v2\/users\/1"}],"replies":[{"embeddable":true,"href":"https:\/\/redfoxlotto.com\/cs\/wp-json\/wp\/v2\/comments?post=14428"}],"version-history":[{"count":0,"href":"https:\/\/redfoxlotto.com\/cs\/wp-json\/wp\/v2\/pages\/14428\/revisions"}],"up":[{"embeddable":true,"href":"https:\/\/redfoxlotto.com\/cs\/wp-json\/wp\/v2\/pages\/5766"}],"wp:attachment":[{"href":"https:\/\/redfoxlotto.com\/cs\/wp-json\/wp\/v2\/media?parent=14428"}],"curies":[{"name":"wp","href":"https:\/\/api.w.org\/{rel}","templated":true}]}}