{"id":14392,"date":"2020-08-18T09:10:34","date_gmt":"2020-08-18T09:10:34","guid":{"rendered":"https:\/\/redfoxlotto.com\/?page_id=14392"},"modified":"2023-05-15T13:55:00","modified_gmt":"2023-05-15T13:55:00","slug":"lotto-america","status":"publish","type":"page","link":"https:\/\/redfoxlotto.com\/cs\/loterie\/lotto-america\/","title":{"rendered":"O spole\u010dnosti Lotto America"},"content":{"rendered":"<h2 class=\"wp-block-heading\">Koupit vstupenky do Lotto America online<\/h2><p><img loading=\"lazy\" decoding=\"async\" class=\" wp-image alignright\" src=\"https:\/\/content.redfoxlotto.com\/uploads\/sites\/9\/1_ticket_online_buying.jpg\" alt=\"online loterie pro ameriku\" width=\"200\" height=\"135\" \/><\/p><p>Pokud jde o n\u00e1kup loteri\u00ed online, mus\u00edte se ujistit, \u017ee se zapojujete do nejlep\u0161\u00edch her. Ale u\u017e jste sly\u0161eli o v\u0161ech r\u016fzn\u00fdch hr\u00e1ch, kter\u00e9 jsou tam venku? Asi ne. Zejm\u00e9na proto, \u017ee existuj\u00ed hry v jin\u00fdch zem\u00edch, jako je Lotto America, kter\u00e9 byste mohli hr\u00e1t online.<\/p><!--more--><h2 class=\"wp-block-heading\">Co je to Lotto America?<\/h2><p>Lotto America je hra pro v\u00edce st\u00e1t\u016f, kter\u00e1 se hraje ve Spojen\u00fdch st\u00e1tech. Konkr\u00e9tn\u011bji se hraje v 13 st\u00e1tech po cel\u00e9 zemi. Abys mohl hr\u00e1t, nemus\u00ed\u0161 \u017e\u00edt v jednom z t\u011bchto st\u00e1t\u016f. M\u016f\u017eete skute\u010dn\u011b hr\u00e1t odkudkoli na sv\u011bt\u011b.<\/p><h2 class=\"wp-block-heading\">N\u00e1kup vstupenek<\/h2><p>Pokud m\u00e1te z\u00e1jem o hru Lotto America, sta\u010d\u00ed v\u011bd\u011bt, kde z\u00edskat vstupenky. Pom\u016f\u017eeme v\u00e1m z\u00edskat vstupenky na tuto hru nebo na jin\u00e9 loterijn\u00ed hry, kter\u00e9 budete cht\u00edt hr\u00e1t po cel\u00e9m sv\u011bt\u011b. Sta\u010d\u00ed p\u00e1r krok\u016f, abyste mohli za\u010d\u00edt. Prvn\u00ed je, \u017ee byste si m\u011bli vytvo\u0159it \u00fa\u010det s RedFoxLotto. Je to snadn\u00e9 a trv\u00e1 pouze n\u011bkolik sekund, ne\u017e se \u00fapln\u011b nastav\u00edte a budete p\u0159ipraveni j\u00edt. Odtud budete moci za\u010d\u00edt proch\u00e1zet v\u0161echny r\u016fzn\u00e9 loterijn\u00ed hry, kter\u00e9 jsou k dispozici. Mo\u017en\u00e1 budete cht\u00edt Lotto America nebo n\u011bco jin\u00e9ho (nebo n\u011bkolik r\u016fzn\u00fdch her). Jakmile se rozhodnete pro hru, je \u010das za\u010d\u00edt vyb\u00edrat sv\u00e1 \u010d\u00edsla. Tady budete m\u00edt spoustu r\u016fzn\u00fdch mo\u017enost\u00ed a pr\u00e1v\u011b zde se z\u00e1bavn\u00e1 \u010d\u00e1st opravdu za\u010dne.<\/p><p><img loading=\"lazy\" decoding=\"async\" class=\" wp-image alignright\" src=\"https:\/\/content.redfoxlotto.com\/uploads\/sites\/9\/1_usa_lottery_win.jpg\" alt=\"loto amerika\" width=\"248\" height=\"164\" \/><\/p><h2 class=\"wp-block-heading\">V\u00fdb\u011br \u010d\u00edsel<\/h2><p>S Lotto America existuje p\u011bt standardn\u00edch \u010d\u00edsel a jedno bonusov\u00e9 \u010d\u00edslo. M\u016f\u017eete si vybrat, kter\u00e9 z nich chcete, tak\u017ee m\u016f\u017eete z\u00edskat kombinaci, o kter\u00e9 si mysl\u00edte, \u017ee m\u00e1 \u0161t\u011bst\u00ed, nebo to pro v\u00e1s n\u011bco znamen\u00e1. Ale co kdy\u017e nezn\u00e1te \u010d\u00edsla, kter\u00e1 chcete? Nebo co kdy\u017e m\u00e1te jen p\u00e1r speci\u00e1ln\u00edch \u010d\u00edsel, kter\u00e9 chcete hr\u00e1t? To nen\u00ed probl\u00e9m ani proto, \u017ee si m\u016f\u017eete vybrat, kter\u00e1 \u010d\u00edsla chcete, a vyplnit n\u00e1hodn\u00fdmi \u010d\u00edsly. Nebo m\u016f\u017eete pomoc\u00ed gener\u00e1toru \u010d\u00edsel vybrat v\u0161echna sv\u00e1 \u010d\u00edsla za v\u00e1s.<\/p><h2 class=\"wp-block-heading\">Po\u010dkejte na v\u00fdsledky<\/h2><p>Jakmile si vyberete sv\u00e1 \u010d\u00edsla, m\u016f\u017eete si vybrat, kolik l\u00edstk\u016f chcete a na jak\u00e9 hry. Pot\u00e9 m\u016f\u017eete zaplatit za vstupenky a \u010dekat na dal\u0161\u00ed losov\u00e1n\u00ed. Jakmile v\u00fdsledky hry p\u0159ijdou, budete moci okam\u017eit\u011b vid\u011bt v\u00fdhern\u00ed \u010d\u00edsla a kolik va\u0161ich vlastn\u00edch \u010d\u00edsel odpov\u00edd\u00e1 v\u00fdsledku losov\u00e1n\u00ed.<\/p>","protected":false},"excerpt":{"rendered":"<p>Koupit vstupenky do Lotto America online Pokud jde o n\u00e1kup loteri\u00ed online, mus\u00edte se ujistit, \u017ee se zapojujete do nejlep\u0161\u00edch her. Ale u\u017e jste sly\u0161eli o v\u0161ech r\u016fzn\u00fdch hr\u00e1ch, kter\u00e9 jsou tam venku? Asi ne. Zejm\u00e9na proto, \u017ee existuj\u00ed hry v jin\u00fdch zem\u00edch, jako je Lotto America, kter\u00e9 byste mohli hr\u00e1t online.<\/p>\n","protected":false},"author":1,"featured_media":0,"parent":5766,"menu_order":12,"comment_status":"closed","ping_status":"closed","template":"lotto-america-info.php","meta":{"_et_pb_use_builder":"","_et_pb_old_content":"","_et_gb_content_width":"","exclude_from_search":false,"footnotes":""},"class_list":["post-14392","page","type-page","status-publish","hentry"],"yoast_head":"<!-- This site is optimized with the Yoast SEO plugin v27.4 - https:\/\/yoast.com\/product\/yoast-seo-wordpress\/ -->\n<title>Koupit Lotto America vstupenky online<\/title>\n<meta name=\"description\" content=\"Pokud chcete vyhr\u00e1t v Lotto America, zakupte si l\u00edstek online hned te\u010f!\" \/>\n<meta name=\"robots\" content=\"index, follow, max-snippet:-1, max-image-preview:large, max-video-preview:-1\" \/>\n<link rel=\"canonical\" href=\"https:\/\/redfoxlotto.com\/cs\/loterie\/lotto-america\/\" \/>\n<meta property=\"og:locale\" content=\"cs_CZ\" \/>\n<meta property=\"og:type\" content=\"article\" \/>\n<meta property=\"og:title\" content=\"Koupit Lotto America vstupenky online\" \/>\n<meta property=\"og:description\" content=\"Pokud chcete vyhr\u00e1t v Lotto America, zakupte si l\u00edstek online hned te\u010f!\" \/>\n<meta property=\"og:url\" content=\"https:\/\/redfoxlotto.com\/cs\/loterie\/lotto-america\/\" \/>\n<meta property=\"og:site_name\" content=\"Get Tickets for the World\u2019s largest jackpots\" \/>\n<meta property=\"article:modified_time\" content=\"2023-05-15T13:55:00+00:00\" \/>\n<meta property=\"og:image\" content=\"https:\/\/content.redfoxlotto.com\/uploads\/sites\/9\/1_ticket_online_buying.jpg\" \/>\n<meta name=\"twitter:card\" content=\"summary_large_image\" \/>\n<meta name=\"twitter:label1\" content=\"Odhadovan\u00e1 doba \u010dten\u00ed\" \/>\n\t<meta name=\"twitter:data1\" content=\"2 minuty\" \/>\n<script type=\"application\/ld+json\" class=\"yoast-schema-graph\">{\"@context\":\"https:\\\/\\\/schema.org\",\"@graph\":[{\"@type\":\"WebPage\",\"@id\":\"https:\\\/\\\/redfoxlotto.com\\\/cs\\\/loterie\\\/lotto-america\\\/\",\"url\":\"https:\\\/\\\/redfoxlotto.com\\\/cs\\\/loterie\\\/lotto-america\\\/\",\"name\":\"Koupit Lotto America vstupenky online\",\"isPartOf\":{\"@id\":\"https:\\\/\\\/redfoxlotto.com\\\/cs\\\/#website\"},\"primaryImageOfPage\":{\"@id\":\"https:\\\/\\\/redfoxlotto.com\\\/cs\\\/loterie\\\/lotto-america\\\/#primaryimage\"},\"image\":{\"@id\":\"https:\\\/\\\/redfoxlotto.com\\\/cs\\\/loterie\\\/lotto-america\\\/#primaryimage\"},\"thumbnailUrl\":\"https:\\\/\\\/content.redfoxlotto.com\\\/uploads\\\/sites\\\/9\\\/1_ticket_online_buying.jpg\",\"datePublished\":\"2020-08-18T09:10:34+00:00\",\"dateModified\":\"2023-05-15T13:55:00+00:00\",\"description\":\"Pokud chcete vyhr\u00e1t v Lotto America, zakupte si l\u00edstek online hned te\u010f!\",\"breadcrumb\":{\"@id\":\"https:\\\/\\\/redfoxlotto.com\\\/cs\\\/loterie\\\/lotto-america\\\/#breadcrumb\"},\"inLanguage\":\"cs\",\"potentialAction\":[{\"@type\":\"ReadAction\",\"target\":[\"https:\\\/\\\/redfoxlotto.com\\\/cs\\\/loterie\\\/lotto-america\\\/\"]}]},{\"@type\":\"ImageObject\",\"inLanguage\":\"cs\",\"@id\":\"https:\\\/\\\/redfoxlotto.com\\\/cs\\\/loterie\\\/lotto-america\\\/#primaryimage\",\"url\":\"https:\\\/\\\/content.redfoxlotto.com\\\/uploads\\\/sites\\\/9\\\/1_ticket_online_buying.jpg\",\"contentUrl\":\"https:\\\/\\\/content.redfoxlotto.com\\\/uploads\\\/sites\\\/9\\\/1_ticket_online_buying.jpg\"},{\"@type\":\"BreadcrumbList\",\"@id\":\"https:\\\/\\\/redfoxlotto.com\\\/cs\\\/loterie\\\/lotto-america\\\/#breadcrumb\",\"itemListElement\":[{\"@type\":\"ListItem\",\"position\":1,\"name\":\"Home\",\"item\":\"https:\\\/\\\/redfoxlotto.com\\\/cs\\\/\"},{\"@type\":\"ListItem\",\"position\":2,\"name\":\"Jak\u00fdm zp\u016fsobem zakoupit online loterijn\u00ed tikety \u2013 kupn\u00ed proces\",\"item\":\"https:\\\/\\\/redfoxlotto.com\\\/cs\\\/loterie\\\/\"},{\"@type\":\"ListItem\",\"position\":3,\"name\":\"O spole\u010dnosti Lotto America\"}]},{\"@type\":\"WebSite\",\"@id\":\"https:\\\/\\\/redfoxlotto.com\\\/cs\\\/#website\",\"url\":\"https:\\\/\\\/redfoxlotto.com\\\/cs\\\/\",\"name\":\"Get Tickets for the World\u2019s largest jackpots\",\"description\":\"Participate in worldwide lottery jackpots from any country\",\"publisher\":{\"@id\":\"https:\\\/\\\/redfoxlotto.com\\\/cs\\\/#organization\"},\"potentialAction\":[{\"@type\":\"SearchAction\",\"target\":{\"@type\":\"EntryPoint\",\"urlTemplate\":\"https:\\\/\\\/redfoxlotto.com\\\/cs\\\/?s={search_term_string}\"},\"query-input\":{\"@type\":\"PropertyValueSpecification\",\"valueRequired\":true,\"valueName\":\"search_term_string\"}}],\"inLanguage\":\"cs\"},{\"@type\":\"Organization\",\"@id\":\"https:\\\/\\\/redfoxlotto.com\\\/cs\\\/#organization\",\"name\":\"Get Tickets for the World\u2019s largest jackpots\",\"url\":\"https:\\\/\\\/redfoxlotto.com\\\/cs\\\/\",\"logo\":{\"@type\":\"ImageObject\",\"inLanguage\":\"cs\",\"@id\":\"https:\\\/\\\/redfoxlotto.com\\\/cs\\\/#\\\/schema\\\/logo\\\/image\\\/\",\"url\":\"https:\\\/\\\/redfoxlotto.com\\\/wp-content\\\/uploads\\\/2023\\\/04\\\/logo.png\",\"contentUrl\":\"https:\\\/\\\/redfoxlotto.com\\\/wp-content\\\/uploads\\\/2023\\\/04\\\/logo.png\",\"width\":269,\"height\":53,\"caption\":\"Get Tickets for the World\u2019s largest jackpots\"},\"image\":{\"@id\":\"https:\\\/\\\/redfoxlotto.com\\\/cs\\\/#\\\/schema\\\/logo\\\/image\\\/\"}}]}<\/script>\n<!-- \/ Yoast SEO plugin. -->","yoast_head_json":{"title":"Koupit Lotto America vstupenky online","description":"Pokud chcete vyhr\u00e1t v Lotto America, zakupte si l\u00edstek online hned te\u010f!","robots":{"index":"index","follow":"follow","max-snippet":"max-snippet:-1","max-image-preview":"max-image-preview:large","max-video-preview":"max-video-preview:-1"},"canonical":"https:\/\/redfoxlotto.com\/cs\/loterie\/lotto-america\/","og_locale":"cs_CZ","og_type":"article","og_title":"Koupit Lotto America vstupenky online","og_description":"Pokud chcete vyhr\u00e1t v Lotto America, zakupte si l\u00edstek online hned te\u010f!","og_url":"https:\/\/redfoxlotto.com\/cs\/loterie\/lotto-america\/","og_site_name":"Get Tickets for the World\u2019s largest jackpots","article_modified_time":"2023-05-15T13:55:00+00:00","og_image":[{"url":"https:\/\/content.redfoxlotto.com\/uploads\/sites\/9\/1_ticket_online_buying.jpg","type":"","width":"","height":""}],"twitter_card":"summary_large_image","twitter_misc":{"Odhadovan\u00e1 doba \u010dten\u00ed":"2 minuty"},"schema":{"@context":"https:\/\/schema.org","@graph":[{"@type":"WebPage","@id":"https:\/\/redfoxlotto.com\/cs\/loterie\/lotto-america\/","url":"https:\/\/redfoxlotto.com\/cs\/loterie\/lotto-america\/","name":"Koupit Lotto America vstupenky online","isPartOf":{"@id":"https:\/\/redfoxlotto.com\/cs\/#website"},"primaryImageOfPage":{"@id":"https:\/\/redfoxlotto.com\/cs\/loterie\/lotto-america\/#primaryimage"},"image":{"@id":"https:\/\/redfoxlotto.com\/cs\/loterie\/lotto-america\/#primaryimage"},"thumbnailUrl":"https:\/\/content.redfoxlotto.com\/uploads\/sites\/9\/1_ticket_online_buying.jpg","datePublished":"2020-08-18T09:10:34+00:00","dateModified":"2023-05-15T13:55:00+00:00","description":"Pokud chcete vyhr\u00e1t v Lotto America, zakupte si l\u00edstek online hned te\u010f!","breadcrumb":{"@id":"https:\/\/redfoxlotto.com\/cs\/loterie\/lotto-america\/#breadcrumb"},"inLanguage":"cs","potentialAction":[{"@type":"ReadAction","target":["https:\/\/redfoxlotto.com\/cs\/loterie\/lotto-america\/"]}]},{"@type":"ImageObject","inLanguage":"cs","@id":"https:\/\/redfoxlotto.com\/cs\/loterie\/lotto-america\/#primaryimage","url":"https:\/\/content.redfoxlotto.com\/uploads\/sites\/9\/1_ticket_online_buying.jpg","contentUrl":"https:\/\/content.redfoxlotto.com\/uploads\/sites\/9\/1_ticket_online_buying.jpg"},{"@type":"BreadcrumbList","@id":"https:\/\/redfoxlotto.com\/cs\/loterie\/lotto-america\/#breadcrumb","itemListElement":[{"@type":"ListItem","position":1,"name":"Home","item":"https:\/\/redfoxlotto.com\/cs\/"},{"@type":"ListItem","position":2,"name":"Jak\u00fdm zp\u016fsobem zakoupit online loterijn\u00ed tikety \u2013 kupn\u00ed proces","item":"https:\/\/redfoxlotto.com\/cs\/loterie\/"},{"@type":"ListItem","position":3,"name":"O spole\u010dnosti Lotto America"}]},{"@type":"WebSite","@id":"https:\/\/redfoxlotto.com\/cs\/#website","url":"https:\/\/redfoxlotto.com\/cs\/","name":"Get Tickets for the World\u2019s largest jackpots","description":"Participate in worldwide lottery jackpots from any country","publisher":{"@id":"https:\/\/redfoxlotto.com\/cs\/#organization"},"potentialAction":[{"@type":"SearchAction","target":{"@type":"EntryPoint","urlTemplate":"https:\/\/redfoxlotto.com\/cs\/?s={search_term_string}"},"query-input":{"@type":"PropertyValueSpecification","valueRequired":true,"valueName":"search_term_string"}}],"inLanguage":"cs"},{"@type":"Organization","@id":"https:\/\/redfoxlotto.com\/cs\/#organization","name":"Get Tickets for the World\u2019s largest jackpots","url":"https:\/\/redfoxlotto.com\/cs\/","logo":{"@type":"ImageObject","inLanguage":"cs","@id":"https:\/\/redfoxlotto.com\/cs\/#\/schema\/logo\/image\/","url":"https:\/\/redfoxlotto.com\/wp-content\/uploads\/2023\/04\/logo.png","contentUrl":"https:\/\/redfoxlotto.com\/wp-content\/uploads\/2023\/04\/logo.png","width":269,"height":53,"caption":"Get Tickets for the World\u2019s largest jackpots"},"image":{"@id":"https:\/\/redfoxlotto.com\/cs\/#\/schema\/logo\/image\/"}}]}},"_links":{"self":[{"href":"https:\/\/redfoxlotto.com\/cs\/wp-json\/wp\/v2\/pages\/14392","targetHints":{"allow":["GET"]}}],"collection":[{"href":"https:\/\/redfoxlotto.com\/cs\/wp-json\/wp\/v2\/pages"}],"about":[{"href":"https:\/\/redfoxlotto.com\/cs\/wp-json\/wp\/v2\/types\/page"}],"author":[{"embeddable":true,"href":"https:\/\/redfoxlotto.com\/cs\/wp-json\/wp\/v2\/users\/1"}],"replies":[{"embeddable":true,"href":"https:\/\/redfoxlotto.com\/cs\/wp-json\/wp\/v2\/comments?post=14392"}],"version-history":[{"count":0,"href":"https:\/\/redfoxlotto.com\/cs\/wp-json\/wp\/v2\/pages\/14392\/revisions"}],"up":[{"embeddable":true,"href":"https:\/\/redfoxlotto.com\/cs\/wp-json\/wp\/v2\/pages\/5766"}],"wp:attachment":[{"href":"https:\/\/redfoxlotto.com\/cs\/wp-json\/wp\/v2\/media?parent=14392"}],"curies":[{"name":"wp","href":"https:\/\/api.w.org\/{rel}","templated":true}]}}